{"id":305804,"date":"2025-12-31T03:49:01","date_gmt":"2025-12-31T03:49:01","guid":{"rendered":"http:\/\/theuncommonshop.ch\/produkt\/305804\/"},"modified":"2026-03-29T19:17:00","modified_gmt":"2026-03-29T17:17:00","slug":"one-piece-magazin-vol-20-inkl-promo-karte-2","status":"publish","type":"product","link":"https:\/\/theuncommonshop.ch\/fr\/product\/one-piece-magazin-vol-20-inkl-promo-karte-2\/","title":{"rendered":"One Piece &#8211; Magazine Vol. 20 (Carte Promo incluse)"},"content":{"rendered":"<p><strong>Inclut la carte Promo correspondante !<\/strong><\/p>\n<p>Ce num\u00e9ro sp\u00e9cial est consacr\u00e9 \u00e0 la collaboration entre le Weekly Shonen Jump et ONE PIECE, c\u00e9l\u00e9brant leur voyage commun de 28 ans. Le num\u00e9ro comprend un cahier au tr\u00e9sor contenant des manuscrits de manga rares et in\u00e9dits. En 128 pages, les lecteurs peuvent explorer l&#8217;histoire de Jump et ONE PIECE, avec une collection de couvertures ant\u00e9rieures, une chronologie de leur histoire commune et des aper\u00e7us de fans \u00e9minents tels que Kend\u014d Kobayashi et Toshiki Masuda.  <\/p>\n<p>Le num\u00e9ro propose \u00e9galement une longue interview d&#8217;Eiichiro Oda sur son parcours avec Jump et son \u00e9volution en tant que dessinateur de manga. Parmi les autres contenus figurent une r\u00e9impression d&#8217;un manga comm\u00e9moratif de Mitsutoshi Shimabukuro et un nouveau manga de Takamasa Bako, qui d\u00e9voilent les coulisses de la s\u00e9rialisation hebdomadaire. <\/p>\n<p>Les rubriques r\u00e9guli\u00e8res comprennent la Collection de notes ONE PIECE EGGHEAD, une encyclop\u00e9die du fruit du d\u00e9mon et un compte-rendu de ONE PIECE Premier Summer 2025. Deux romans spin-off sont \u00e9galement publi\u00e9s en continu : ONE PIECE novel LAW d&#8217;Akihide Sakagami et ONE PIECE novel ZORO de Jun Esaka &#8211; tous deux explorent des intrigues distinctes au sein de l&#8217;univers ONE PIECE. <\/p>\n","protected":false},"excerpt":{"rendered":"<p>Inclut la carte Promo correspondante ! Ce num\u00e9ro sp\u00e9cial est consacr\u00e9 \u00e0 la collaboration entre le Weekly Shonen Jump et<\/p>\n","protected":false},"featured_media":270909,"comment_status":"open","ping_status":"closed","template":"","meta":{"_acf_changed":false},"product_brand":[5100,5118],"product_cat":[9855,9783],"product_tag":[],"class_list":{"0":"post-305804","1":"product","2":"type-product","3":"status-publish","4":"has-post-thumbnail","6":"product_brand-bandai-tcg","7":"product_brand-one-piece-card-game","8":"product_cat-coffrets-et-collections","9":"product_cat-one-piece-fr","11":"first","12":"outofstock","13":"taxable","14":"shipping-taxable","15":"purchasable","16":"product-type-simple"},"acf":[],"yoast_head":"<!-- This site is optimized with the Yoast SEO plugin v27.4 - https:\/\/yoast.com\/product\/yoast-seo-wordpress\/ -->\n<title>Ach\u00e8te One Piece - Magazine Vol. 20 (Carte Promo incluse)<\/title>\n<meta name=\"description\" content=\"Ach\u00e8te One Piece - Magazine Vol. 20 (Carte Promo incluse) en ligne maintenant \u00e0 petit prix! Ton #1 shop pour cartes TCG &amp; Pok\u00e9mon en Suisse \u2713 Livraison gratuite d\u00e8s CHF 29\" \/>\n<meta name=\"robots\" content=\"index, follow, max-snippet:-1, max-image-preview:large, max-video-preview:-1\" \/>\n<link rel=\"canonical\" href=\"https:\/\/theuncommonshop.ch\/fr\/product\/one-piece-magazin-vol-20-inkl-promo-karte-2\/\" \/>\n<meta property=\"og:locale\" content=\"fr_FR\" \/>\n<meta property=\"og:type\" content=\"article\" \/>\n<meta property=\"og:title\" content=\"Ach\u00e8te One Piece - Magazine Vol. 20 (Carte Promo incluse)\" \/>\n<meta property=\"og:description\" content=\"Ach\u00e8te One Piece - Magazine Vol. 20 (Carte Promo incluse) en ligne maintenant \u00e0 petit prix! Ton #1 shop pour cartes TCG &amp; Pok\u00e9mon en Suisse \u2713 Livraison gratuite d\u00e8s CHF 29\" \/>\n<meta property=\"og:url\" content=\"https:\/\/theuncommonshop.ch\/fr\/product\/one-piece-magazin-vol-20-inkl-promo-karte-2\/\" \/>\n<meta property=\"og:site_name\" content=\"The Uncommon Shop\" \/>\n<meta property=\"article:modified_time\" content=\"2026-03-29T17:17:00+00:00\" \/>\n<meta property=\"og:image\" content=\"https:\/\/theuncommonshop.ch\/wp-content\/uploads\/2025\/12\/5354615092.jpg\" \/>\n\t<meta property=\"og:image:width\" content=\"835\" \/>\n\t<meta property=\"og:image:height\" content=\"1200\" \/>\n\t<meta property=\"og:image:type\" content=\"image\/jpeg\" \/>\n<meta name=\"twitter:card\" content=\"summary_large_image\" \/>\n<meta name=\"twitter:label1\" content=\"Prix\" \/>\n\t<meta name=\"twitter:data1\" content=\"&#067;&#072;&#070;&nbsp;139.95\" \/>\n\t<meta name=\"twitter:label2\" content=\"Disponibilit\u00e9\" \/>\n\t<meta name=\"twitter:data2\" content=\"Rupture de stock\" \/>\n<script type=\"application\/ld+json\" class=\"yoast-schema-graph\">{\"@context\":\"https:\\\/\\\/schema.org\",\"@graph\":[{\"@type\":\"WebPage\",\"@id\":\"https:\\\/\\\/theuncommonshop.ch\\\/fr\\\/product\\\/one-piece-magazin-vol-20-inkl-promo-karte-2\\\/\",\"url\":\"https:\\\/\\\/theuncommonshop.ch\\\/fr\\\/product\\\/one-piece-magazin-vol-20-inkl-promo-karte-2\\\/\",\"name\":\"Ach\u00e8te One Piece - Magazine Vol. 20 (Carte Promo incluse)\",\"isPartOf\":{\"@id\":\"https:\\\/\\\/theuncommonshop.ch\\\/fr\\\/#website\"},\"primaryImageOfPage\":{\"@id\":\"https:\\\/\\\/theuncommonshop.ch\\\/fr\\\/product\\\/one-piece-magazin-vol-20-inkl-promo-karte-2\\\/#primaryimage\"},\"image\":{\"@id\":\"https:\\\/\\\/theuncommonshop.ch\\\/fr\\\/product\\\/one-piece-magazin-vol-20-inkl-promo-karte-2\\\/#primaryimage\"},\"thumbnailUrl\":\"https:\\\/\\\/theuncommonshop.ch\\\/wp-content\\\/uploads\\\/2025\\\/12\\\/5354615092.jpg\",\"datePublished\":\"2025-12-31T03:49:01+00:00\",\"dateModified\":\"2026-03-29T17:17:00+00:00\",\"description\":\"Ach\u00e8te One Piece - Magazine Vol. 20 (Carte Promo incluse) en ligne maintenant \u00e0 petit prix! Ton #1 shop pour cartes TCG & Pok\u00e9mon en Suisse \u2713 Livraison gratuite d\u00e8s CHF 29\",\"breadcrumb\":{\"@id\":\"https:\\\/\\\/theuncommonshop.ch\\\/fr\\\/product\\\/one-piece-magazin-vol-20-inkl-promo-karte-2\\\/#breadcrumb\"},\"inLanguage\":\"fr-FR\",\"potentialAction\":[{\"@type\":\"ReadAction\",\"target\":[\"https:\\\/\\\/theuncommonshop.ch\\\/fr\\\/product\\\/one-piece-magazin-vol-20-inkl-promo-karte-2\\\/\"]}]},{\"@type\":\"ImageObject\",\"inLanguage\":\"fr-FR\",\"@id\":\"https:\\\/\\\/theuncommonshop.ch\\\/fr\\\/product\\\/one-piece-magazin-vol-20-inkl-promo-karte-2\\\/#primaryimage\",\"url\":\"https:\\\/\\\/theuncommonshop.ch\\\/wp-content\\\/uploads\\\/2025\\\/12\\\/5354615092.jpg\",\"contentUrl\":\"https:\\\/\\\/theuncommonshop.ch\\\/wp-content\\\/uploads\\\/2025\\\/12\\\/5354615092.jpg\",\"width\":835,\"height\":1200},{\"@type\":\"BreadcrumbList\",\"@id\":\"https:\\\/\\\/theuncommonshop.ch\\\/fr\\\/product\\\/one-piece-magazin-vol-20-inkl-promo-karte-2\\\/#breadcrumb\",\"itemListElement\":[{\"@type\":\"ListItem\",\"position\":1,\"name\":\"Accueil\",\"item\":\"https:\\\/\\\/theuncommonshop.ch\\\/fr\\\/accueil\\\/\"},{\"@type\":\"ListItem\",\"position\":2,\"name\":\"Boutique\",\"item\":\"https:\\\/\\\/theuncommonshop.ch\\\/fr\\\/boutique\\\/\"},{\"@type\":\"ListItem\",\"position\":3,\"name\":\"One Piece\",\"item\":\"https:\\\/\\\/theuncommonshop.ch\\\/fr\\\/categorie-produit\\\/one-piece-fr\\\/\"},{\"@type\":\"ListItem\",\"position\":4,\"name\":\"Coffrets & collections\",\"item\":\"https:\\\/\\\/theuncommonshop.ch\\\/fr\\\/categorie-produit\\\/one-piece-fr\\\/coffrets-et-collections\\\/\"},{\"@type\":\"ListItem\",\"position\":5,\"name\":\"One Piece &#8211; Magazine Vol. 20 (Carte Promo incluse)\"}]},{\"@type\":\"WebSite\",\"@id\":\"https:\\\/\\\/theuncommonshop.ch\\\/fr\\\/#website\",\"url\":\"https:\\\/\\\/theuncommonshop.ch\\\/fr\\\/\",\"name\":\"The Uncommon Shop\",\"description\":\"Magic, Pok\u00e9mon and Yu-gi-oh - The Uncommon Shop\",\"potentialAction\":[{\"@type\":\"SearchAction\",\"target\":{\"@type\":\"EntryPoint\",\"urlTemplate\":\"https:\\\/\\\/theuncommonshop.ch\\\/fr\\\/?s={search_term_string}\"},\"query-input\":{\"@type\":\"PropertyValueSpecification\",\"valueRequired\":true,\"valueName\":\"search_term_string\"}}],\"inLanguage\":\"fr-FR\"}]}<\/script>\n<meta property=\"product:price:amount\" content=\"139.95\" \/>\n<meta property=\"product:price:currency\" content=\"CHF\" \/>\n<meta property=\"og:availability\" content=\"out of stock\" \/>\n<meta property=\"product:availability\" content=\"out of stock\" \/>\n<meta property=\"product:retailer_item_id\" content=\"OP.II.F.MagVol20PromoKarte.JPN\" \/>\n<meta property=\"product:condition\" content=\"new\" \/>\n<!-- \/ Yoast SEO plugin. -->","yoast_head_json":{"title":"Ach\u00e8te One Piece - Magazine Vol. 20 (Carte Promo incluse)","description":"Ach\u00e8te One Piece - Magazine Vol. 20 (Carte Promo incluse) en ligne maintenant \u00e0 petit prix! Ton #1 shop pour cartes TCG & Pok\u00e9mon en Suisse \u2713 Livraison gratuite d\u00e8s CHF 29","robots":{"index":"index","follow":"follow","max-snippet":"max-snippet:-1","max-image-preview":"max-image-preview:large","max-video-preview":"max-video-preview:-1"},"canonical":"https:\/\/theuncommonshop.ch\/fr\/product\/one-piece-magazin-vol-20-inkl-promo-karte-2\/","og_locale":"fr_FR","og_type":"article","og_title":"Ach\u00e8te One Piece - Magazine Vol. 20 (Carte Promo incluse)","og_description":"Ach\u00e8te One Piece - Magazine Vol. 20 (Carte Promo incluse) en ligne maintenant \u00e0 petit prix! Ton #1 shop pour cartes TCG & Pok\u00e9mon en Suisse \u2713 Livraison gratuite d\u00e8s CHF 29","og_url":"https:\/\/theuncommonshop.ch\/fr\/product\/one-piece-magazin-vol-20-inkl-promo-karte-2\/","og_site_name":"The Uncommon Shop","article_modified_time":"2026-03-29T17:17:00+00:00","og_image":[{"width":835,"height":1200,"url":"https:\/\/theuncommonshop.ch\/wp-content\/uploads\/2025\/12\/5354615092.jpg","type":"image\/jpeg"}],"twitter_card":"summary_large_image","twitter_misc":{"Prix":"&#67;&#72;&#70;&nbsp;139.95","Disponibilit\u00e9":"Rupture de stock"},"schema":{"@context":"https:\/\/schema.org","@graph":[{"@type":"WebPage","@id":"https:\/\/theuncommonshop.ch\/fr\/product\/one-piece-magazin-vol-20-inkl-promo-karte-2\/","url":"https:\/\/theuncommonshop.ch\/fr\/product\/one-piece-magazin-vol-20-inkl-promo-karte-2\/","name":"Ach\u00e8te One Piece - Magazine Vol. 20 (Carte Promo incluse)","isPartOf":{"@id":"https:\/\/theuncommonshop.ch\/fr\/#website"},"primaryImageOfPage":{"@id":"https:\/\/theuncommonshop.ch\/fr\/product\/one-piece-magazin-vol-20-inkl-promo-karte-2\/#primaryimage"},"image":{"@id":"https:\/\/theuncommonshop.ch\/fr\/product\/one-piece-magazin-vol-20-inkl-promo-karte-2\/#primaryimage"},"thumbnailUrl":"https:\/\/theuncommonshop.ch\/wp-content\/uploads\/2025\/12\/5354615092.jpg","datePublished":"2025-12-31T03:49:01+00:00","dateModified":"2026-03-29T17:17:00+00:00","description":"Ach\u00e8te One Piece - Magazine Vol. 20 (Carte Promo incluse) en ligne maintenant \u00e0 petit prix! Ton #1 shop pour cartes TCG & Pok\u00e9mon en Suisse \u2713 Livraison gratuite d\u00e8s CHF 29","breadcrumb":{"@id":"https:\/\/theuncommonshop.ch\/fr\/product\/one-piece-magazin-vol-20-inkl-promo-karte-2\/#breadcrumb"},"inLanguage":"fr-FR","potentialAction":[{"@type":"ReadAction","target":["https:\/\/theuncommonshop.ch\/fr\/product\/one-piece-magazin-vol-20-inkl-promo-karte-2\/"]}]},{"@type":"ImageObject","inLanguage":"fr-FR","@id":"https:\/\/theuncommonshop.ch\/fr\/product\/one-piece-magazin-vol-20-inkl-promo-karte-2\/#primaryimage","url":"https:\/\/theuncommonshop.ch\/wp-content\/uploads\/2025\/12\/5354615092.jpg","contentUrl":"https:\/\/theuncommonshop.ch\/wp-content\/uploads\/2025\/12\/5354615092.jpg","width":835,"height":1200},{"@type":"BreadcrumbList","@id":"https:\/\/theuncommonshop.ch\/fr\/product\/one-piece-magazin-vol-20-inkl-promo-karte-2\/#breadcrumb","itemListElement":[{"@type":"ListItem","position":1,"name":"Accueil","item":"https:\/\/theuncommonshop.ch\/fr\/accueil\/"},{"@type":"ListItem","position":2,"name":"Boutique","item":"https:\/\/theuncommonshop.ch\/fr\/boutique\/"},{"@type":"ListItem","position":3,"name":"One Piece","item":"https:\/\/theuncommonshop.ch\/fr\/categorie-produit\/one-piece-fr\/"},{"@type":"ListItem","position":4,"name":"Coffrets & collections","item":"https:\/\/theuncommonshop.ch\/fr\/categorie-produit\/one-piece-fr\/coffrets-et-collections\/"},{"@type":"ListItem","position":5,"name":"One Piece &#8211; Magazine Vol. 20 (Carte Promo incluse)"}]},{"@type":"WebSite","@id":"https:\/\/theuncommonshop.ch\/fr\/#website","url":"https:\/\/theuncommonshop.ch\/fr\/","name":"The Uncommon Shop","description":"Magic, Pok\u00e9mon and Yu-gi-oh - The Uncommon Shop","potentialAction":[{"@type":"SearchAction","target":{"@type":"EntryPoint","urlTemplate":"https:\/\/theuncommonshop.ch\/fr\/?s={search_term_string}"},"query-input":{"@type":"PropertyValueSpecification","valueRequired":true,"valueName":"search_term_string"}}],"inLanguage":"fr-FR"}]},"product_price_amount":"139.95","product_price_currency":"CHF","og_availability":"out of stock","product_availability":"out of stock","product_retailer_item_id":"OP.II.F.MagVol20PromoKarte.JPN","product_condition":"new"},"_links":{"self":[{"href":"https:\/\/theuncommonshop.ch\/fr\/wp-json\/wp\/v2\/product\/305804","targetHints":{"allow":["GET"]}}],"collection":[{"href":"https:\/\/theuncommonshop.ch\/fr\/wp-json\/wp\/v2\/product"}],"about":[{"href":"https:\/\/theuncommonshop.ch\/fr\/wp-json\/wp\/v2\/types\/product"}],"replies":[{"embeddable":true,"href":"https:\/\/theuncommonshop.ch\/fr\/wp-json\/wp\/v2\/comments?post=305804"}],"version-history":[{"count":0,"href":"https:\/\/theuncommonshop.ch\/fr\/wp-json\/wp\/v2\/product\/305804\/revisions"}],"wp:featuredmedia":[{"embeddable":true,"href":"https:\/\/theuncommonshop.ch\/fr\/wp-json\/wp\/v2\/media\/270909"}],"wp:attachment":[{"href":"https:\/\/theuncommonshop.ch\/fr\/wp-json\/wp\/v2\/media?parent=305804"}],"wp:term":[{"taxonomy":"product_brand","embeddable":true,"href":"https:\/\/theuncommonshop.ch\/fr\/wp-json\/wp\/v2\/product_brand?post=305804"},{"taxonomy":"product_cat","embeddable":true,"href":"https:\/\/theuncommonshop.ch\/fr\/wp-json\/wp\/v2\/product_cat?post=305804"},{"taxonomy":"product_tag","embeddable":true,"href":"https:\/\/theuncommonshop.ch\/fr\/wp-json\/wp\/v2\/product_tag?post=305804"}],"curies":[{"name":"wp","href":"https:\/\/api.w.org\/{rel}","templated":true}]}}