{"id":305785,"date":"2025-12-31T03:42:54","date_gmt":"2025-12-31T03:42:54","guid":{"rendered":"http:\/\/theuncommonshop.ch\/produkt\/305785\/"},"modified":"2026-04-01T16:52:10","modified_gmt":"2026-04-01T14:52:10","slug":"one-piece-the-azure-seas-seven-op14-booster-display-5","status":"publish","type":"product","link":"https:\/\/theuncommonshop.ch\/fr\/product\/one-piece-the-azure-seas-seven-op14-booster-display-5\/","title":{"rendered":"One Piece &#8211; The Azure Sea&#8217;s Seven (OP14) &#8211; Booster Display"},"content":{"rendered":"<p>Partez sur les traces des pirates les plus puissants de la Grande Ligne avec le pr\u00e9sentoir One Piece TCG OP14 &#8211; The Azure Sea&#8217;s Seven.<br \/>\nCe set est consacr\u00e9 aux l\u00e9gendaires Sept Samoura\u00efs des Mers et introduit de nouveaux leaders, des m\u00e9canismes de cartes uniques et des illustrations spectaculaires dans le Trading Card Game One Piece.<\/p>\n<p>Chaque Booster Pack offre des artworks exclusifs, des possibilit\u00e9s strat\u00e9giques in\u00e9dites et des cartes rares qui \u00e9l\u00e8vent votre deck \u00e0 un niveau sup\u00e9rieur.<\/p>\n<p>1 pr\u00e9sentoir de 24 Booster Packs<\/p>\n<p>Chaque pack contient 6 cartes.<\/p>\n<p>&nbsp;<\/p>\n<div><\/div>\n","protected":false},"excerpt":{"rendered":"<p>Partez sur les traces des pirates les plus puissants de la Grande Ligne avec le pr\u00e9sentoir One Piece TCG OP14<\/p>\n","protected":false},"featured_media":270738,"comment_status":"open","ping_status":"closed","template":"","meta":{"_acf_changed":false},"product_brand":[5100,5118],"product_cat":[9849,9783],"product_tag":[],"class_list":{"0":"post-305785","1":"product","2":"type-product","3":"status-publish","4":"has-post-thumbnail","6":"product_brand-bandai-tcg","7":"product_brand-one-piece-card-game","8":"product_cat-booster-displays-one-piece-fr","9":"product_cat-one-piece-fr","11":"first","12":"outofstock","13":"taxable","14":"shipping-taxable","15":"purchasable","16":"product-type-variable"},"acf":[],"yoast_head":"<!-- This site is optimized with the Yoast SEO plugin v27.4 - https:\/\/yoast.com\/product\/yoast-seo-wordpress\/ -->\n<title>Ach\u00e8te One Piece - The Azure Sea&#039;s Seven (OP14) - Booster Display<\/title>\n<meta name=\"description\" content=\"Ach\u00e8te One Piece - The Azure Sea&#039;s Seven (OP14) - Booster Display en ligne maintenant \u00e0 petit prix! Ton #1 shop pour cartes TCG &amp; Pok\u00e9mon en Suisse \u2713 Livraison gratuite d\u00e8s CHF 29\" \/>\n<meta name=\"robots\" content=\"index, follow, max-snippet:-1, max-image-preview:large, max-video-preview:-1\" \/>\n<link rel=\"canonical\" href=\"https:\/\/theuncommonshop.ch\/fr\/product\/one-piece-the-azure-seas-seven-op14-booster-display-5\/\" \/>\n<meta property=\"og:locale\" content=\"fr_FR\" \/>\n<meta property=\"og:type\" content=\"article\" \/>\n<meta property=\"og:title\" content=\"Ach\u00e8te One Piece - The Azure Sea&#039;s Seven (OP14) - Booster Display\" \/>\n<meta property=\"og:description\" content=\"Ach\u00e8te One Piece - The Azure Sea&#039;s Seven (OP14) - Booster Display en ligne maintenant \u00e0 petit prix! Ton #1 shop pour cartes TCG &amp; Pok\u00e9mon en Suisse \u2713 Livraison gratuite d\u00e8s CHF 29\" \/>\n<meta property=\"og:url\" content=\"https:\/\/theuncommonshop.ch\/fr\/product\/one-piece-the-azure-seas-seven-op14-booster-display-5\/\" \/>\n<meta property=\"og:site_name\" content=\"The Uncommon Shop\" \/>\n<meta property=\"article:modified_time\" content=\"2026-04-01T14:52:10+00:00\" \/>\n<meta property=\"og:image\" content=\"https:\/\/theuncommonshop.ch\/wp-content\/uploads\/2025\/12\/5353269167.png\" \/>\n\t<meta property=\"og:image:width\" content=\"298\" \/>\n\t<meta property=\"og:image:height\" content=\"462\" \/>\n\t<meta property=\"og:image:type\" content=\"image\/png\" \/>\n<meta name=\"twitter:card\" content=\"summary_large_image\" \/>\n<meta name=\"twitter:label1\" content=\"Disponibilit\u00e9\" \/>\n\t<meta name=\"twitter:data1\" content=\"Rupture de stock\" \/>\n<script type=\"application\/ld+json\" class=\"yoast-schema-graph\">{\"@context\":\"https:\\\/\\\/schema.org\",\"@graph\":[{\"@type\":\"WebPage\",\"@id\":\"https:\\\/\\\/theuncommonshop.ch\\\/fr\\\/product\\\/one-piece-the-azure-seas-seven-op14-booster-display-5\\\/\",\"url\":\"https:\\\/\\\/theuncommonshop.ch\\\/fr\\\/product\\\/one-piece-the-azure-seas-seven-op14-booster-display-5\\\/\",\"name\":\"Ach\u00e8te One Piece - The Azure Sea's Seven (OP14) - Booster Display\",\"isPartOf\":{\"@id\":\"https:\\\/\\\/theuncommonshop.ch\\\/fr\\\/#website\"},\"primaryImageOfPage\":{\"@id\":\"https:\\\/\\\/theuncommonshop.ch\\\/fr\\\/product\\\/one-piece-the-azure-seas-seven-op14-booster-display-5\\\/#primaryimage\"},\"image\":{\"@id\":\"https:\\\/\\\/theuncommonshop.ch\\\/fr\\\/product\\\/one-piece-the-azure-seas-seven-op14-booster-display-5\\\/#primaryimage\"},\"thumbnailUrl\":\"https:\\\/\\\/theuncommonshop.ch\\\/wp-content\\\/uploads\\\/2025\\\/12\\\/5353269167.png\",\"datePublished\":\"2025-12-31T03:42:54+00:00\",\"dateModified\":\"2026-04-01T14:52:10+00:00\",\"description\":\"Ach\u00e8te One Piece - The Azure Sea's Seven (OP14) - Booster Display en ligne maintenant \u00e0 petit prix! Ton #1 shop pour cartes TCG & Pok\u00e9mon en Suisse \u2713 Livraison gratuite d\u00e8s CHF 29\",\"breadcrumb\":{\"@id\":\"https:\\\/\\\/theuncommonshop.ch\\\/fr\\\/product\\\/one-piece-the-azure-seas-seven-op14-booster-display-5\\\/#breadcrumb\"},\"inLanguage\":\"fr-FR\",\"potentialAction\":[{\"@type\":\"ReadAction\",\"target\":[\"https:\\\/\\\/theuncommonshop.ch\\\/fr\\\/product\\\/one-piece-the-azure-seas-seven-op14-booster-display-5\\\/\"]}]},{\"@type\":\"ImageObject\",\"inLanguage\":\"fr-FR\",\"@id\":\"https:\\\/\\\/theuncommonshop.ch\\\/fr\\\/product\\\/one-piece-the-azure-seas-seven-op14-booster-display-5\\\/#primaryimage\",\"url\":\"https:\\\/\\\/theuncommonshop.ch\\\/wp-content\\\/uploads\\\/2025\\\/12\\\/5353269167.png\",\"contentUrl\":\"https:\\\/\\\/theuncommonshop.ch\\\/wp-content\\\/uploads\\\/2025\\\/12\\\/5353269167.png\",\"width\":298,\"height\":462},{\"@type\":\"BreadcrumbList\",\"@id\":\"https:\\\/\\\/theuncommonshop.ch\\\/fr\\\/product\\\/one-piece-the-azure-seas-seven-op14-booster-display-5\\\/#breadcrumb\",\"itemListElement\":[{\"@type\":\"ListItem\",\"position\":1,\"name\":\"Accueil\",\"item\":\"https:\\\/\\\/theuncommonshop.ch\\\/fr\\\/accueil\\\/\"},{\"@type\":\"ListItem\",\"position\":2,\"name\":\"Boutique\",\"item\":\"https:\\\/\\\/theuncommonshop.ch\\\/fr\\\/boutique\\\/\"},{\"@type\":\"ListItem\",\"position\":3,\"name\":\"One Piece\",\"item\":\"https:\\\/\\\/theuncommonshop.ch\\\/fr\\\/categorie-produit\\\/one-piece-fr\\\/\"},{\"@type\":\"ListItem\",\"position\":4,\"name\":\"Booster Displays\",\"item\":\"https:\\\/\\\/theuncommonshop.ch\\\/fr\\\/categorie-produit\\\/one-piece-fr\\\/booster-displays-one-piece-fr\\\/\"},{\"@type\":\"ListItem\",\"position\":5,\"name\":\"One Piece &#8211; The Azure Sea&#8217;s Seven (OP14) &#8211; Booster Display\"}]},{\"@type\":\"WebSite\",\"@id\":\"https:\\\/\\\/theuncommonshop.ch\\\/fr\\\/#website\",\"url\":\"https:\\\/\\\/theuncommonshop.ch\\\/fr\\\/\",\"name\":\"The Uncommon Shop\",\"description\":\"Magic, Pok\u00e9mon and Yu-gi-oh - The Uncommon Shop\",\"potentialAction\":[{\"@type\":\"SearchAction\",\"target\":{\"@type\":\"EntryPoint\",\"urlTemplate\":\"https:\\\/\\\/theuncommonshop.ch\\\/fr\\\/?s={search_term_string}\"},\"query-input\":{\"@type\":\"PropertyValueSpecification\",\"valueRequired\":true,\"valueName\":\"search_term_string\"}}],\"inLanguage\":\"fr-FR\"}]}<\/script>\n<meta property=\"og:availability\" content=\"out of stock\" \/>\n<meta property=\"product:availability\" content=\"out of stock\" \/>\n<meta property=\"product:condition\" content=\"new\" \/>\n<!-- \/ Yoast SEO plugin. -->","yoast_head_json":{"title":"Ach\u00e8te One Piece - The Azure Sea's Seven (OP14) - Booster Display","description":"Ach\u00e8te One Piece - The Azure Sea's Seven (OP14) - Booster Display en ligne maintenant \u00e0 petit prix! Ton #1 shop pour cartes TCG & Pok\u00e9mon en Suisse \u2713 Livraison gratuite d\u00e8s CHF 29","robots":{"index":"index","follow":"follow","max-snippet":"max-snippet:-1","max-image-preview":"max-image-preview:large","max-video-preview":"max-video-preview:-1"},"canonical":"https:\/\/theuncommonshop.ch\/fr\/product\/one-piece-the-azure-seas-seven-op14-booster-display-5\/","og_locale":"fr_FR","og_type":"article","og_title":"Ach\u00e8te One Piece - The Azure Sea's Seven (OP14) - Booster Display","og_description":"Ach\u00e8te One Piece - The Azure Sea's Seven (OP14) - Booster Display en ligne maintenant \u00e0 petit prix! Ton #1 shop pour cartes TCG & Pok\u00e9mon en Suisse \u2713 Livraison gratuite d\u00e8s CHF 29","og_url":"https:\/\/theuncommonshop.ch\/fr\/product\/one-piece-the-azure-seas-seven-op14-booster-display-5\/","og_site_name":"The Uncommon Shop","article_modified_time":"2026-04-01T14:52:10+00:00","og_image":[{"width":298,"height":462,"url":"https:\/\/theuncommonshop.ch\/wp-content\/uploads\/2025\/12\/5353269167.png","type":"image\/png"}],"twitter_card":"summary_large_image","twitter_misc":{"Disponibilit\u00e9":"Rupture de stock"},"schema":{"@context":"https:\/\/schema.org","@graph":[{"@type":"WebPage","@id":"https:\/\/theuncommonshop.ch\/fr\/product\/one-piece-the-azure-seas-seven-op14-booster-display-5\/","url":"https:\/\/theuncommonshop.ch\/fr\/product\/one-piece-the-azure-seas-seven-op14-booster-display-5\/","name":"Ach\u00e8te One Piece - The Azure Sea's Seven (OP14) - Booster Display","isPartOf":{"@id":"https:\/\/theuncommonshop.ch\/fr\/#website"},"primaryImageOfPage":{"@id":"https:\/\/theuncommonshop.ch\/fr\/product\/one-piece-the-azure-seas-seven-op14-booster-display-5\/#primaryimage"},"image":{"@id":"https:\/\/theuncommonshop.ch\/fr\/product\/one-piece-the-azure-seas-seven-op14-booster-display-5\/#primaryimage"},"thumbnailUrl":"https:\/\/theuncommonshop.ch\/wp-content\/uploads\/2025\/12\/5353269167.png","datePublished":"2025-12-31T03:42:54+00:00","dateModified":"2026-04-01T14:52:10+00:00","description":"Ach\u00e8te One Piece - The Azure Sea's Seven (OP14) - Booster Display en ligne maintenant \u00e0 petit prix! Ton #1 shop pour cartes TCG & Pok\u00e9mon en Suisse \u2713 Livraison gratuite d\u00e8s CHF 29","breadcrumb":{"@id":"https:\/\/theuncommonshop.ch\/fr\/product\/one-piece-the-azure-seas-seven-op14-booster-display-5\/#breadcrumb"},"inLanguage":"fr-FR","potentialAction":[{"@type":"ReadAction","target":["https:\/\/theuncommonshop.ch\/fr\/product\/one-piece-the-azure-seas-seven-op14-booster-display-5\/"]}]},{"@type":"ImageObject","inLanguage":"fr-FR","@id":"https:\/\/theuncommonshop.ch\/fr\/product\/one-piece-the-azure-seas-seven-op14-booster-display-5\/#primaryimage","url":"https:\/\/theuncommonshop.ch\/wp-content\/uploads\/2025\/12\/5353269167.png","contentUrl":"https:\/\/theuncommonshop.ch\/wp-content\/uploads\/2025\/12\/5353269167.png","width":298,"height":462},{"@type":"BreadcrumbList","@id":"https:\/\/theuncommonshop.ch\/fr\/product\/one-piece-the-azure-seas-seven-op14-booster-display-5\/#breadcrumb","itemListElement":[{"@type":"ListItem","position":1,"name":"Accueil","item":"https:\/\/theuncommonshop.ch\/fr\/accueil\/"},{"@type":"ListItem","position":2,"name":"Boutique","item":"https:\/\/theuncommonshop.ch\/fr\/boutique\/"},{"@type":"ListItem","position":3,"name":"One Piece","item":"https:\/\/theuncommonshop.ch\/fr\/categorie-produit\/one-piece-fr\/"},{"@type":"ListItem","position":4,"name":"Booster Displays","item":"https:\/\/theuncommonshop.ch\/fr\/categorie-produit\/one-piece-fr\/booster-displays-one-piece-fr\/"},{"@type":"ListItem","position":5,"name":"One Piece &#8211; The Azure Sea&#8217;s Seven (OP14) &#8211; Booster Display"}]},{"@type":"WebSite","@id":"https:\/\/theuncommonshop.ch\/fr\/#website","url":"https:\/\/theuncommonshop.ch\/fr\/","name":"The Uncommon Shop","description":"Magic, Pok\u00e9mon and Yu-gi-oh - The Uncommon Shop","potentialAction":[{"@type":"SearchAction","target":{"@type":"EntryPoint","urlTemplate":"https:\/\/theuncommonshop.ch\/fr\/?s={search_term_string}"},"query-input":{"@type":"PropertyValueSpecification","valueRequired":true,"valueName":"search_term_string"}}],"inLanguage":"fr-FR"}]},"og_availability":"out of stock","product_availability":"out of stock","product_condition":"new"},"_links":{"self":[{"href":"https:\/\/theuncommonshop.ch\/fr\/wp-json\/wp\/v2\/product\/305785","targetHints":{"allow":["GET"]}}],"collection":[{"href":"https:\/\/theuncommonshop.ch\/fr\/wp-json\/wp\/v2\/product"}],"about":[{"href":"https:\/\/theuncommonshop.ch\/fr\/wp-json\/wp\/v2\/types\/product"}],"replies":[{"embeddable":true,"href":"https:\/\/theuncommonshop.ch\/fr\/wp-json\/wp\/v2\/comments?post=305785"}],"version-history":[{"count":0,"href":"https:\/\/theuncommonshop.ch\/fr\/wp-json\/wp\/v2\/product\/305785\/revisions"}],"wp:featuredmedia":[{"embeddable":true,"href":"https:\/\/theuncommonshop.ch\/fr\/wp-json\/wp\/v2\/media\/270738"}],"wp:attachment":[{"href":"https:\/\/theuncommonshop.ch\/fr\/wp-json\/wp\/v2\/media?parent=305785"}],"wp:term":[{"taxonomy":"product_brand","embeddable":true,"href":"https:\/\/theuncommonshop.ch\/fr\/wp-json\/wp\/v2\/product_brand?post=305785"},{"taxonomy":"product_cat","embeddable":true,"href":"https:\/\/theuncommonshop.ch\/fr\/wp-json\/wp\/v2\/product_cat?post=305785"},{"taxonomy":"product_tag","embeddable":true,"href":"https:\/\/theuncommonshop.ch\/fr\/wp-json\/wp\/v2\/product_tag?post=305785"}],"curies":[{"name":"wp","href":"https:\/\/api.w.org\/{rel}","templated":true}]}}