{"id":305686,"date":"2025-12-31T01:26:29","date_gmt":"2025-12-31T01:26:29","guid":{"rendered":"http:\/\/theuncommonshop.ch\/produkt\/305686\/"},"modified":"2026-03-29T19:17:33","modified_gmt":"2026-03-29T17:17:33","slug":"one-piece-seven-warlords-of-the-sea-binder-set-2","status":"publish","type":"product","link":"https:\/\/theuncommonshop.ch\/fr\/product\/one-piece-seven-warlords-of-the-sea-binder-set-2\/","title":{"rendered":"One Piece &#8211; Sept seigneurs de guerre de la mer &#8211; Binder Set"},"content":{"rendered":"<p>Voici un magnifique ensemble de classeurs et de cartes avec les Sept Seigneurs de la Mer !<\/p>\n<p>Obtenez vos favoris pour votre collection !<\/p>\n<p><strong>Contenu :<\/strong><\/p>\n<p>Cartes : 12 (Holo+film textur\u00e9)<\/p>\n<p>9 Pocket Binder : 1<\/p>\n<p>9Pocket pages : 10<\/p>\n","protected":false},"excerpt":{"rendered":"<p>Voici un magnifique ensemble de classeurs et de cartes avec les Sept Seigneurs de la Mer ! Obtenez vos favoris<\/p>\n","protected":false},"featured_media":266378,"comment_status":"open","ping_status":"closed","template":"","meta":{"_acf_changed":false},"product_brand":[5100,5118],"product_cat":[9855,9783],"product_tag":[],"class_list":{"0":"post-305686","1":"product","2":"type-product","3":"status-publish","4":"has-post-thumbnail","6":"product_brand-bandai-tcg","7":"product_brand-one-piece-card-game","8":"product_cat-coffrets-et-collections","9":"product_cat-one-piece-fr","11":"first","12":"outofstock","13":"taxable","14":"shipping-taxable","15":"purchasable","16":"product-type-variable"},"acf":[],"yoast_head":"<!-- This site is optimized with the Yoast SEO plugin v27.4 - https:\/\/yoast.com\/product\/yoast-seo-wordpress\/ -->\n<title>Ach\u00e8te One Piece - Sept seigneurs de guerre de la mer - Binder Set<\/title>\n<meta name=\"description\" content=\"Ach\u00e8te One Piece - Sept seigneurs de guerre de la mer - Binder Set en ligne maintenant \u00e0 petit prix! Ton #1 shop pour cartes TCG &amp; Pok\u00e9mon en Suisse \u2713 Livraison gratuite d\u00e8s CHF 29\" \/>\n<meta name=\"robots\" content=\"index, follow, max-snippet:-1, max-image-preview:large, max-video-preview:-1\" \/>\n<link rel=\"canonical\" href=\"https:\/\/theuncommonshop.ch\/fr\/product\/one-piece-seven-warlords-of-the-sea-binder-set-2\/\" \/>\n<meta property=\"og:locale\" content=\"fr_FR\" \/>\n<meta property=\"og:type\" content=\"article\" \/>\n<meta property=\"og:title\" content=\"Ach\u00e8te One Piece - Sept seigneurs de guerre de la mer - Binder Set\" \/>\n<meta property=\"og:description\" content=\"Ach\u00e8te One Piece - Sept seigneurs de guerre de la mer - Binder Set en ligne maintenant \u00e0 petit prix! Ton #1 shop pour cartes TCG &amp; Pok\u00e9mon en Suisse \u2713 Livraison gratuite d\u00e8s CHF 29\" \/>\n<meta property=\"og:url\" content=\"https:\/\/theuncommonshop.ch\/fr\/product\/one-piece-seven-warlords-of-the-sea-binder-set-2\/\" \/>\n<meta property=\"og:site_name\" content=\"Largest trading card shop in Switzerland\" \/>\n<meta property=\"article:modified_time\" content=\"2026-03-29T17:17:33+00:00\" \/>\n<meta property=\"og:image\" content=\"https:\/\/theuncommonshop.ch\/wp-content\/uploads\/2025\/12\/5218762404.webp\" \/>\n\t<meta property=\"og:image:width\" content=\"790\" \/>\n\t<meta property=\"og:image:height\" content=\"1044\" \/>\n\t<meta property=\"og:image:type\" content=\"image\/webp\" \/>\n<meta name=\"twitter:card\" content=\"summary_large_image\" \/>\n<meta name=\"twitter:label1\" content=\"Disponibilit\u00e9\" \/>\n\t<meta name=\"twitter:data1\" content=\"Rupture de stock\" \/>\n<script type=\"application\/ld+json\" class=\"yoast-schema-graph\">{\"@context\":\"https:\\\/\\\/schema.org\",\"@graph\":[{\"@type\":\"WebPage\",\"@id\":\"https:\\\/\\\/theuncommonshop.ch\\\/fr\\\/product\\\/one-piece-seven-warlords-of-the-sea-binder-set-2\\\/\",\"url\":\"https:\\\/\\\/theuncommonshop.ch\\\/fr\\\/product\\\/one-piece-seven-warlords-of-the-sea-binder-set-2\\\/\",\"name\":\"Ach\u00e8te One Piece - Sept seigneurs de guerre de la mer - Binder Set\",\"isPartOf\":{\"@id\":\"https:\\\/\\\/theuncommonshop.ch\\\/#website\"},\"primaryImageOfPage\":{\"@id\":\"https:\\\/\\\/theuncommonshop.ch\\\/fr\\\/product\\\/one-piece-seven-warlords-of-the-sea-binder-set-2\\\/#primaryimage\"},\"image\":{\"@id\":\"https:\\\/\\\/theuncommonshop.ch\\\/fr\\\/product\\\/one-piece-seven-warlords-of-the-sea-binder-set-2\\\/#primaryimage\"},\"thumbnailUrl\":\"https:\\\/\\\/theuncommonshop.ch\\\/wp-content\\\/uploads\\\/2025\\\/12\\\/5218762404.webp\",\"datePublished\":\"2025-12-31T01:26:29+00:00\",\"dateModified\":\"2026-03-29T17:17:33+00:00\",\"description\":\"Ach\u00e8te One Piece - Sept seigneurs de guerre de la mer - Binder Set en ligne maintenant \u00e0 petit prix! Ton #1 shop pour cartes TCG & Pok\u00e9mon en Suisse \u2713 Livraison gratuite d\u00e8s CHF 29\",\"breadcrumb\":{\"@id\":\"https:\\\/\\\/theuncommonshop.ch\\\/fr\\\/product\\\/one-piece-seven-warlords-of-the-sea-binder-set-2\\\/#breadcrumb\"},\"inLanguage\":\"fr-FR\",\"potentialAction\":[{\"@type\":\"ReadAction\",\"target\":[\"https:\\\/\\\/theuncommonshop.ch\\\/fr\\\/product\\\/one-piece-seven-warlords-of-the-sea-binder-set-2\\\/\"]}]},{\"@type\":\"ImageObject\",\"inLanguage\":\"fr-FR\",\"@id\":\"https:\\\/\\\/theuncommonshop.ch\\\/fr\\\/product\\\/one-piece-seven-warlords-of-the-sea-binder-set-2\\\/#primaryimage\",\"url\":\"https:\\\/\\\/theuncommonshop.ch\\\/wp-content\\\/uploads\\\/2025\\\/12\\\/5218762404.webp\",\"contentUrl\":\"https:\\\/\\\/theuncommonshop.ch\\\/wp-content\\\/uploads\\\/2025\\\/12\\\/5218762404.webp\",\"width\":790,\"height\":1044},{\"@type\":\"BreadcrumbList\",\"@id\":\"https:\\\/\\\/theuncommonshop.ch\\\/fr\\\/product\\\/one-piece-seven-warlords-of-the-sea-binder-set-2\\\/#breadcrumb\",\"itemListElement\":[{\"@type\":\"ListItem\",\"position\":1,\"name\":\"Accueil\",\"item\":\"https:\\\/\\\/theuncommonshop.ch\\\/fr\\\/accueil\\\/\"},{\"@type\":\"ListItem\",\"position\":2,\"name\":\"Boutique\",\"item\":\"https:\\\/\\\/theuncommonshop.ch\\\/fr\\\/boutique\\\/\"},{\"@type\":\"ListItem\",\"position\":3,\"name\":\"One Piece\",\"item\":\"https:\\\/\\\/theuncommonshop.ch\\\/fr\\\/categorie-produit\\\/one-piece-fr\\\/\"},{\"@type\":\"ListItem\",\"position\":4,\"name\":\"Coffrets & collections\",\"item\":\"https:\\\/\\\/theuncommonshop.ch\\\/fr\\\/categorie-produit\\\/one-piece-fr\\\/coffrets-et-collections\\\/\"},{\"@type\":\"ListItem\",\"position\":5,\"name\":\"One Piece &#8211; Sept seigneurs de guerre de la mer &#8211; Binder Set\"}]},{\"@type\":\"WebSite\",\"@id\":\"https:\\\/\\\/theuncommonshop.ch\\\/#website\",\"url\":\"https:\\\/\\\/theuncommonshop.ch\\\/\",\"name\":\"Largest trading card shop in Switzerland\",\"description\":\"Magic, Pok\u00e9mon and Yu-gi-oh - The Uncommon Shop\",\"potentialAction\":[{\"@type\":\"SearchAction\",\"target\":{\"@type\":\"EntryPoint\",\"urlTemplate\":\"https:\\\/\\\/theuncommonshop.ch\\\/?s={search_term_string}\"},\"query-input\":{\"@type\":\"PropertyValueSpecification\",\"valueRequired\":true,\"valueName\":\"search_term_string\"}}],\"inLanguage\":\"fr-FR\"}]}<\/script>\n<meta property=\"og:availability\" content=\"out of stock\" \/>\n<meta property=\"product:availability\" content=\"out of stock\" \/>\n<meta property=\"product:condition\" content=\"new\" \/>\n<!-- \/ Yoast SEO plugin. -->","yoast_head_json":{"title":"Ach\u00e8te One Piece - Sept seigneurs de guerre de la mer - Binder Set","description":"Ach\u00e8te One Piece - Sept seigneurs de guerre de la mer - Binder Set en ligne maintenant \u00e0 petit prix! Ton #1 shop pour cartes TCG & Pok\u00e9mon en Suisse \u2713 Livraison gratuite d\u00e8s CHF 29","robots":{"index":"index","follow":"follow","max-snippet":"max-snippet:-1","max-image-preview":"max-image-preview:large","max-video-preview":"max-video-preview:-1"},"canonical":"https:\/\/theuncommonshop.ch\/fr\/product\/one-piece-seven-warlords-of-the-sea-binder-set-2\/","og_locale":"fr_FR","og_type":"article","og_title":"Ach\u00e8te One Piece - Sept seigneurs de guerre de la mer - Binder Set","og_description":"Ach\u00e8te One Piece - Sept seigneurs de guerre de la mer - Binder Set en ligne maintenant \u00e0 petit prix! Ton #1 shop pour cartes TCG & Pok\u00e9mon en Suisse \u2713 Livraison gratuite d\u00e8s CHF 29","og_url":"https:\/\/theuncommonshop.ch\/fr\/product\/one-piece-seven-warlords-of-the-sea-binder-set-2\/","og_site_name":"Largest trading card shop in Switzerland","article_modified_time":"2026-03-29T17:17:33+00:00","og_image":[{"width":790,"height":1044,"url":"https:\/\/theuncommonshop.ch\/wp-content\/uploads\/2025\/12\/5218762404.webp","type":"image\/webp"}],"twitter_card":"summary_large_image","twitter_misc":{"Disponibilit\u00e9":"Rupture de stock"},"schema":{"@context":"https:\/\/schema.org","@graph":[{"@type":"WebPage","@id":"https:\/\/theuncommonshop.ch\/fr\/product\/one-piece-seven-warlords-of-the-sea-binder-set-2\/","url":"https:\/\/theuncommonshop.ch\/fr\/product\/one-piece-seven-warlords-of-the-sea-binder-set-2\/","name":"Ach\u00e8te One Piece - Sept seigneurs de guerre de la mer - Binder Set","isPartOf":{"@id":"https:\/\/theuncommonshop.ch\/#website"},"primaryImageOfPage":{"@id":"https:\/\/theuncommonshop.ch\/fr\/product\/one-piece-seven-warlords-of-the-sea-binder-set-2\/#primaryimage"},"image":{"@id":"https:\/\/theuncommonshop.ch\/fr\/product\/one-piece-seven-warlords-of-the-sea-binder-set-2\/#primaryimage"},"thumbnailUrl":"https:\/\/theuncommonshop.ch\/wp-content\/uploads\/2025\/12\/5218762404.webp","datePublished":"2025-12-31T01:26:29+00:00","dateModified":"2026-03-29T17:17:33+00:00","description":"Ach\u00e8te One Piece - Sept seigneurs de guerre de la mer - Binder Set en ligne maintenant \u00e0 petit prix! Ton #1 shop pour cartes TCG & Pok\u00e9mon en Suisse \u2713 Livraison gratuite d\u00e8s CHF 29","breadcrumb":{"@id":"https:\/\/theuncommonshop.ch\/fr\/product\/one-piece-seven-warlords-of-the-sea-binder-set-2\/#breadcrumb"},"inLanguage":"fr-FR","potentialAction":[{"@type":"ReadAction","target":["https:\/\/theuncommonshop.ch\/fr\/product\/one-piece-seven-warlords-of-the-sea-binder-set-2\/"]}]},{"@type":"ImageObject","inLanguage":"fr-FR","@id":"https:\/\/theuncommonshop.ch\/fr\/product\/one-piece-seven-warlords-of-the-sea-binder-set-2\/#primaryimage","url":"https:\/\/theuncommonshop.ch\/wp-content\/uploads\/2025\/12\/5218762404.webp","contentUrl":"https:\/\/theuncommonshop.ch\/wp-content\/uploads\/2025\/12\/5218762404.webp","width":790,"height":1044},{"@type":"BreadcrumbList","@id":"https:\/\/theuncommonshop.ch\/fr\/product\/one-piece-seven-warlords-of-the-sea-binder-set-2\/#breadcrumb","itemListElement":[{"@type":"ListItem","position":1,"name":"Accueil","item":"https:\/\/theuncommonshop.ch\/fr\/accueil\/"},{"@type":"ListItem","position":2,"name":"Boutique","item":"https:\/\/theuncommonshop.ch\/fr\/boutique\/"},{"@type":"ListItem","position":3,"name":"One Piece","item":"https:\/\/theuncommonshop.ch\/fr\/categorie-produit\/one-piece-fr\/"},{"@type":"ListItem","position":4,"name":"Coffrets & collections","item":"https:\/\/theuncommonshop.ch\/fr\/categorie-produit\/one-piece-fr\/coffrets-et-collections\/"},{"@type":"ListItem","position":5,"name":"One Piece &#8211; Sept seigneurs de guerre de la mer &#8211; Binder Set"}]},{"@type":"WebSite","@id":"https:\/\/theuncommonshop.ch\/#website","url":"https:\/\/theuncommonshop.ch\/","name":"Largest trading card shop in Switzerland","description":"Magic, Pok\u00e9mon and Yu-gi-oh - The Uncommon Shop","potentialAction":[{"@type":"SearchAction","target":{"@type":"EntryPoint","urlTemplate":"https:\/\/theuncommonshop.ch\/?s={search_term_string}"},"query-input":{"@type":"PropertyValueSpecification","valueRequired":true,"valueName":"search_term_string"}}],"inLanguage":"fr-FR"}]},"og_availability":"out of stock","product_availability":"out of stock","product_condition":"new"},"_links":{"self":[{"href":"https:\/\/theuncommonshop.ch\/fr\/wp-json\/wp\/v2\/product\/305686","targetHints":{"allow":["GET"]}}],"collection":[{"href":"https:\/\/theuncommonshop.ch\/fr\/wp-json\/wp\/v2\/product"}],"about":[{"href":"https:\/\/theuncommonshop.ch\/fr\/wp-json\/wp\/v2\/types\/product"}],"replies":[{"embeddable":true,"href":"https:\/\/theuncommonshop.ch\/fr\/wp-json\/wp\/v2\/comments?post=305686"}],"version-history":[{"count":2,"href":"https:\/\/theuncommonshop.ch\/fr\/wp-json\/wp\/v2\/product\/305686\/revisions"}],"predecessor-version":[{"id":361097,"href":"https:\/\/theuncommonshop.ch\/fr\/wp-json\/wp\/v2\/product\/305686\/revisions\/361097"}],"wp:featuredmedia":[{"embeddable":true,"href":"https:\/\/theuncommonshop.ch\/fr\/wp-json\/wp\/v2\/media\/266378"}],"wp:attachment":[{"href":"https:\/\/theuncommonshop.ch\/fr\/wp-json\/wp\/v2\/media?parent=305686"}],"wp:term":[{"taxonomy":"product_brand","embeddable":true,"href":"https:\/\/theuncommonshop.ch\/fr\/wp-json\/wp\/v2\/product_brand?post=305686"},{"taxonomy":"product_cat","embeddable":true,"href":"https:\/\/theuncommonshop.ch\/fr\/wp-json\/wp\/v2\/product_cat?post=305686"},{"taxonomy":"product_tag","embeddable":true,"href":"https:\/\/theuncommonshop.ch\/fr\/wp-json\/wp\/v2\/product_tag?post=305686"}],"curies":[{"name":"wp","href":"https:\/\/api.w.org\/{rel}","templated":true}]}}