{"id":305608,"date":"2025-12-30T23:51:51","date_gmt":"2025-12-30T23:51:51","guid":{"rendered":"http:\/\/theuncommonshop.ch\/produkt\/305608\/"},"modified":"2026-03-29T19:18:22","modified_gmt":"2026-03-29T17:18:22","slug":"mighty-jaxx-hidden-dissectibles-one-piece-series-3-chopper-2","status":"publish","type":"product","link":"https:\/\/theuncommonshop.ch\/fr\/product\/mighty-jaxx-hidden-dissectibles-one-piece-series-3-chopper-2\/","title":{"rendered":"Mighty Jaxx &#8211; Hidden Dissectibles &#8211; One Piece Series 3 &#8211; Chopper"},"content":{"rendered":"<p>Mighty Jaxx est fier de pr\u00e9senter la troisi\u00e8me s\u00e9rie de One Piece Hidden Dissectibles &#8211; cette fois-ci, Tony Tony Chopper est \u00e0 l&#8217;honneur !<\/p>\n<p>Chaque paquet contient une figurine choisie au hasard. Il y a 6 figurines ordinaires \u00e0 collectionner et 1 figurine ultra-rare. <\/p>\n<p>Tous les points de transformation de Chopper sont pr\u00e9sents, du Brain Point au rare Walk Point (Winter Edition).<\/p>\n<p>Con\u00e7ue par le c\u00e9l\u00e8bre sculpteur Jason Freeny, chaque figurine de cette s\u00e9rie se distingue par son style artistique diss\u00e9qu\u00e9 caract\u00e9ristique, qui met en valeur les d\u00e9tails complexes et les m\u00e9canismes internes de chaque personnage.<\/p>\n<p>Les figurines Mystery Box de Mighty Jaxx mesurent environ 10 cm, sont fabriqu\u00e9es en vinyle r\u00e9sistant et sont fournies avec des socles de figurines et des fiches de personnages.<\/p>\n","protected":false},"excerpt":{"rendered":"<p>Mighty Jaxx est fier de pr\u00e9senter la troisi\u00e8me s\u00e9rie de One Piece Hidden Dissectibles &#8211; cette fois-ci, Tony Tony Chopper<\/p>\n","protected":false},"featured_media":263284,"comment_status":"open","ping_status":"closed","template":"","meta":{"_acf_changed":false},"product_brand":[5499,5164,5136],"product_cat":[9911,9913,9921,10297],"product_tag":[],"class_list":{"0":"post-305608","1":"product","2":"type-product","3":"status-publish","4":"has-post-thumbnail","6":"product_brand-mighty-jaxx-2","7":"product_brand-mighty-jaxx","8":"product_brand-toei-animation","9":"product_cat-collectibles-fr","10":"product_cat-figurines-danime","11":"product_cat-figurines-one-piece","12":"product_cat-peluches-et-figurines-one-piece","14":"first","15":"outofstock","16":"taxable","17":"shipping-taxable","18":"purchasable","19":"product-type-simple"},"acf":[],"yoast_head":"<!-- This site is optimized with the Yoast SEO plugin v27.4 - https:\/\/yoast.com\/product\/yoast-seo-wordpress\/ -->\n<title>Ach\u00e8te Mighty Jaxx - Hidden Dissectibles - One Piece Series 3 - Chopper<\/title>\n<meta name=\"description\" content=\"Ach\u00e8te Mighty Jaxx - Hidden Dissectibles - One Piece Series 3 - Chopper en ligne maintenant \u00e0 petit prix! Ton #1 shop pour cartes TCG &amp; Pok\u00e9mon en Suisse \u2713 Livraison gratuite d\u00e8s CHF 29\" \/>\n<meta name=\"robots\" content=\"index, follow, max-snippet:-1, max-image-preview:large, max-video-preview:-1\" \/>\n<link rel=\"canonical\" href=\"https:\/\/theuncommonshop.ch\/fr\/product\/mighty-jaxx-hidden-dissectibles-one-piece-series-3-chopper-2\/\" \/>\n<meta property=\"og:locale\" content=\"fr_FR\" \/>\n<meta property=\"og:type\" content=\"article\" \/>\n<meta property=\"og:title\" content=\"Ach\u00e8te Mighty Jaxx - Hidden Dissectibles - One Piece Series 3 - Chopper\" \/>\n<meta property=\"og:description\" content=\"Ach\u00e8te Mighty Jaxx - Hidden Dissectibles - One Piece Series 3 - Chopper en ligne maintenant \u00e0 petit prix! Ton #1 shop pour cartes TCG &amp; Pok\u00e9mon en Suisse \u2713 Livraison gratuite d\u00e8s CHF 29\" \/>\n<meta property=\"og:url\" content=\"https:\/\/theuncommonshop.ch\/fr\/product\/mighty-jaxx-hidden-dissectibles-one-piece-series-3-chopper-2\/\" \/>\n<meta property=\"og:site_name\" content=\"The Uncommon Shop\" \/>\n<meta property=\"article:modified_time\" content=\"2026-03-29T17:18:22+00:00\" \/>\n<meta property=\"og:image\" content=\"https:\/\/theuncommonshop.ch\/wp-content\/uploads\/2025\/12\/5109744907.webp\" \/>\n\t<meta property=\"og:image:width\" content=\"500\" \/>\n\t<meta property=\"og:image:height\" content=\"500\" \/>\n\t<meta property=\"og:image:type\" content=\"image\/webp\" \/>\n<meta name=\"twitter:card\" content=\"summary_large_image\" \/>\n<meta name=\"twitter:label1\" content=\"Prix\" \/>\n\t<meta name=\"twitter:data1\" content=\"&#067;&#072;&#070;&nbsp;21.95\" \/>\n\t<meta name=\"twitter:label2\" content=\"Disponibilit\u00e9\" \/>\n\t<meta name=\"twitter:data2\" content=\"Rupture de stock\" \/>\n<script type=\"application\/ld+json\" class=\"yoast-schema-graph\">{\"@context\":\"https:\\\/\\\/schema.org\",\"@graph\":[{\"@type\":\"WebPage\",\"@id\":\"https:\\\/\\\/theuncommonshop.ch\\\/fr\\\/product\\\/mighty-jaxx-hidden-dissectibles-one-piece-series-3-chopper-2\\\/\",\"url\":\"https:\\\/\\\/theuncommonshop.ch\\\/fr\\\/product\\\/mighty-jaxx-hidden-dissectibles-one-piece-series-3-chopper-2\\\/\",\"name\":\"Ach\u00e8te Mighty Jaxx - Hidden Dissectibles - One Piece Series 3 - Chopper\",\"isPartOf\":{\"@id\":\"https:\\\/\\\/theuncommonshop.ch\\\/fr\\\/#website\"},\"primaryImageOfPage\":{\"@id\":\"https:\\\/\\\/theuncommonshop.ch\\\/fr\\\/product\\\/mighty-jaxx-hidden-dissectibles-one-piece-series-3-chopper-2\\\/#primaryimage\"},\"image\":{\"@id\":\"https:\\\/\\\/theuncommonshop.ch\\\/fr\\\/product\\\/mighty-jaxx-hidden-dissectibles-one-piece-series-3-chopper-2\\\/#primaryimage\"},\"thumbnailUrl\":\"https:\\\/\\\/theuncommonshop.ch\\\/wp-content\\\/uploads\\\/2025\\\/12\\\/5109744907.webp\",\"datePublished\":\"2025-12-30T23:51:51+00:00\",\"dateModified\":\"2026-03-29T17:18:22+00:00\",\"description\":\"Ach\u00e8te Mighty Jaxx - Hidden Dissectibles - One Piece Series 3 - Chopper en ligne maintenant \u00e0 petit prix! Ton #1 shop pour cartes TCG & Pok\u00e9mon en Suisse \u2713 Livraison gratuite d\u00e8s CHF 29\",\"breadcrumb\":{\"@id\":\"https:\\\/\\\/theuncommonshop.ch\\\/fr\\\/product\\\/mighty-jaxx-hidden-dissectibles-one-piece-series-3-chopper-2\\\/#breadcrumb\"},\"inLanguage\":\"fr-FR\",\"potentialAction\":[{\"@type\":\"ReadAction\",\"target\":[\"https:\\\/\\\/theuncommonshop.ch\\\/fr\\\/product\\\/mighty-jaxx-hidden-dissectibles-one-piece-series-3-chopper-2\\\/\"]}]},{\"@type\":\"ImageObject\",\"inLanguage\":\"fr-FR\",\"@id\":\"https:\\\/\\\/theuncommonshop.ch\\\/fr\\\/product\\\/mighty-jaxx-hidden-dissectibles-one-piece-series-3-chopper-2\\\/#primaryimage\",\"url\":\"https:\\\/\\\/theuncommonshop.ch\\\/wp-content\\\/uploads\\\/2025\\\/12\\\/5109744907.webp\",\"contentUrl\":\"https:\\\/\\\/theuncommonshop.ch\\\/wp-content\\\/uploads\\\/2025\\\/12\\\/5109744907.webp\",\"width\":500,\"height\":500},{\"@type\":\"BreadcrumbList\",\"@id\":\"https:\\\/\\\/theuncommonshop.ch\\\/fr\\\/product\\\/mighty-jaxx-hidden-dissectibles-one-piece-series-3-chopper-2\\\/#breadcrumb\",\"itemListElement\":[{\"@type\":\"ListItem\",\"position\":1,\"name\":\"Accueil\",\"item\":\"https:\\\/\\\/theuncommonshop.ch\\\/fr\\\/accueil\\\/\"},{\"@type\":\"ListItem\",\"position\":2,\"name\":\"Boutique\",\"item\":\"https:\\\/\\\/theuncommonshop.ch\\\/fr\\\/boutique\\\/\"},{\"@type\":\"ListItem\",\"position\":3,\"name\":\"Collectibles\",\"item\":\"https:\\\/\\\/theuncommonshop.ch\\\/fr\\\/categorie-produit\\\/collectibles-fr\\\/\"},{\"@type\":\"ListItem\",\"position\":4,\"name\":\"Figurines d'anime\",\"item\":\"https:\\\/\\\/theuncommonshop.ch\\\/fr\\\/categorie-produit\\\/collectibles-fr\\\/figurines-danime\\\/\"},{\"@type\":\"ListItem\",\"position\":5,\"name\":\"Figurines One Piece\",\"item\":\"https:\\\/\\\/theuncommonshop.ch\\\/fr\\\/categorie-produit\\\/collectibles-fr\\\/figurines-danime\\\/figurines-one-piece\\\/\"},{\"@type\":\"ListItem\",\"position\":6,\"name\":\"Mighty Jaxx &#8211; Hidden Dissectibles &#8211; One Piece Series 3 &#8211; Chopper\"}]},{\"@type\":\"WebSite\",\"@id\":\"https:\\\/\\\/theuncommonshop.ch\\\/fr\\\/#website\",\"url\":\"https:\\\/\\\/theuncommonshop.ch\\\/fr\\\/\",\"name\":\"The Uncommon Shop\",\"description\":\"Magic, Pok\u00e9mon and Yu-gi-oh - The Uncommon Shop\",\"potentialAction\":[{\"@type\":\"SearchAction\",\"target\":{\"@type\":\"EntryPoint\",\"urlTemplate\":\"https:\\\/\\\/theuncommonshop.ch\\\/fr\\\/?s={search_term_string}\"},\"query-input\":{\"@type\":\"PropertyValueSpecification\",\"valueRequired\":true,\"valueName\":\"search_term_string\"}}],\"inLanguage\":\"fr-FR\"}]}<\/script>\n<meta property=\"product:price:amount\" content=\"21.95\" \/>\n<meta property=\"product:price:currency\" content=\"CHF\" \/>\n<meta property=\"og:availability\" content=\"out of stock\" \/>\n<meta property=\"product:availability\" content=\"out of stock\" \/>\n<meta property=\"product:retailer_item_id\" content=\"SHOP.MJOPChopper\" \/>\n<meta property=\"product:condition\" content=\"new\" \/>\n<!-- \/ Yoast SEO plugin. -->","yoast_head_json":{"title":"Ach\u00e8te Mighty Jaxx - Hidden Dissectibles - One Piece Series 3 - Chopper","description":"Ach\u00e8te Mighty Jaxx - Hidden Dissectibles - One Piece Series 3 - Chopper en ligne maintenant \u00e0 petit prix! Ton #1 shop pour cartes TCG & Pok\u00e9mon en Suisse \u2713 Livraison gratuite d\u00e8s CHF 29","robots":{"index":"index","follow":"follow","max-snippet":"max-snippet:-1","max-image-preview":"max-image-preview:large","max-video-preview":"max-video-preview:-1"},"canonical":"https:\/\/theuncommonshop.ch\/fr\/product\/mighty-jaxx-hidden-dissectibles-one-piece-series-3-chopper-2\/","og_locale":"fr_FR","og_type":"article","og_title":"Ach\u00e8te Mighty Jaxx - Hidden Dissectibles - One Piece Series 3 - Chopper","og_description":"Ach\u00e8te Mighty Jaxx - Hidden Dissectibles - One Piece Series 3 - Chopper en ligne maintenant \u00e0 petit prix! Ton #1 shop pour cartes TCG & Pok\u00e9mon en Suisse \u2713 Livraison gratuite d\u00e8s CHF 29","og_url":"https:\/\/theuncommonshop.ch\/fr\/product\/mighty-jaxx-hidden-dissectibles-one-piece-series-3-chopper-2\/","og_site_name":"The Uncommon Shop","article_modified_time":"2026-03-29T17:18:22+00:00","og_image":[{"width":500,"height":500,"url":"https:\/\/theuncommonshop.ch\/wp-content\/uploads\/2025\/12\/5109744907.webp","type":"image\/webp"}],"twitter_card":"summary_large_image","twitter_misc":{"Prix":"&#67;&#72;&#70;&nbsp;21.95","Disponibilit\u00e9":"Rupture de stock"},"schema":{"@context":"https:\/\/schema.org","@graph":[{"@type":"WebPage","@id":"https:\/\/theuncommonshop.ch\/fr\/product\/mighty-jaxx-hidden-dissectibles-one-piece-series-3-chopper-2\/","url":"https:\/\/theuncommonshop.ch\/fr\/product\/mighty-jaxx-hidden-dissectibles-one-piece-series-3-chopper-2\/","name":"Ach\u00e8te Mighty Jaxx - Hidden Dissectibles - One Piece Series 3 - Chopper","isPartOf":{"@id":"https:\/\/theuncommonshop.ch\/fr\/#website"},"primaryImageOfPage":{"@id":"https:\/\/theuncommonshop.ch\/fr\/product\/mighty-jaxx-hidden-dissectibles-one-piece-series-3-chopper-2\/#primaryimage"},"image":{"@id":"https:\/\/theuncommonshop.ch\/fr\/product\/mighty-jaxx-hidden-dissectibles-one-piece-series-3-chopper-2\/#primaryimage"},"thumbnailUrl":"https:\/\/theuncommonshop.ch\/wp-content\/uploads\/2025\/12\/5109744907.webp","datePublished":"2025-12-30T23:51:51+00:00","dateModified":"2026-03-29T17:18:22+00:00","description":"Ach\u00e8te Mighty Jaxx - Hidden Dissectibles - One Piece Series 3 - Chopper en ligne maintenant \u00e0 petit prix! Ton #1 shop pour cartes TCG & Pok\u00e9mon en Suisse \u2713 Livraison gratuite d\u00e8s CHF 29","breadcrumb":{"@id":"https:\/\/theuncommonshop.ch\/fr\/product\/mighty-jaxx-hidden-dissectibles-one-piece-series-3-chopper-2\/#breadcrumb"},"inLanguage":"fr-FR","potentialAction":[{"@type":"ReadAction","target":["https:\/\/theuncommonshop.ch\/fr\/product\/mighty-jaxx-hidden-dissectibles-one-piece-series-3-chopper-2\/"]}]},{"@type":"ImageObject","inLanguage":"fr-FR","@id":"https:\/\/theuncommonshop.ch\/fr\/product\/mighty-jaxx-hidden-dissectibles-one-piece-series-3-chopper-2\/#primaryimage","url":"https:\/\/theuncommonshop.ch\/wp-content\/uploads\/2025\/12\/5109744907.webp","contentUrl":"https:\/\/theuncommonshop.ch\/wp-content\/uploads\/2025\/12\/5109744907.webp","width":500,"height":500},{"@type":"BreadcrumbList","@id":"https:\/\/theuncommonshop.ch\/fr\/product\/mighty-jaxx-hidden-dissectibles-one-piece-series-3-chopper-2\/#breadcrumb","itemListElement":[{"@type":"ListItem","position":1,"name":"Accueil","item":"https:\/\/theuncommonshop.ch\/fr\/accueil\/"},{"@type":"ListItem","position":2,"name":"Boutique","item":"https:\/\/theuncommonshop.ch\/fr\/boutique\/"},{"@type":"ListItem","position":3,"name":"Collectibles","item":"https:\/\/theuncommonshop.ch\/fr\/categorie-produit\/collectibles-fr\/"},{"@type":"ListItem","position":4,"name":"Figurines d'anime","item":"https:\/\/theuncommonshop.ch\/fr\/categorie-produit\/collectibles-fr\/figurines-danime\/"},{"@type":"ListItem","position":5,"name":"Figurines One Piece","item":"https:\/\/theuncommonshop.ch\/fr\/categorie-produit\/collectibles-fr\/figurines-danime\/figurines-one-piece\/"},{"@type":"ListItem","position":6,"name":"Mighty Jaxx &#8211; Hidden Dissectibles &#8211; One Piece Series 3 &#8211; Chopper"}]},{"@type":"WebSite","@id":"https:\/\/theuncommonshop.ch\/fr\/#website","url":"https:\/\/theuncommonshop.ch\/fr\/","name":"The Uncommon Shop","description":"Magic, Pok\u00e9mon and Yu-gi-oh - The Uncommon Shop","potentialAction":[{"@type":"SearchAction","target":{"@type":"EntryPoint","urlTemplate":"https:\/\/theuncommonshop.ch\/fr\/?s={search_term_string}"},"query-input":{"@type":"PropertyValueSpecification","valueRequired":true,"valueName":"search_term_string"}}],"inLanguage":"fr-FR"}]},"product_price_amount":"21.95","product_price_currency":"CHF","og_availability":"out of stock","product_availability":"out of stock","product_retailer_item_id":"SHOP.MJOPChopper","product_condition":"new"},"_links":{"self":[{"href":"https:\/\/theuncommonshop.ch\/fr\/wp-json\/wp\/v2\/product\/305608","targetHints":{"allow":["GET"]}}],"collection":[{"href":"https:\/\/theuncommonshop.ch\/fr\/wp-json\/wp\/v2\/product"}],"about":[{"href":"https:\/\/theuncommonshop.ch\/fr\/wp-json\/wp\/v2\/types\/product"}],"replies":[{"embeddable":true,"href":"https:\/\/theuncommonshop.ch\/fr\/wp-json\/wp\/v2\/comments?post=305608"}],"version-history":[{"count":0,"href":"https:\/\/theuncommonshop.ch\/fr\/wp-json\/wp\/v2\/product\/305608\/revisions"}],"wp:featuredmedia":[{"embeddable":true,"href":"https:\/\/theuncommonshop.ch\/fr\/wp-json\/wp\/v2\/media\/263284"}],"wp:attachment":[{"href":"https:\/\/theuncommonshop.ch\/fr\/wp-json\/wp\/v2\/media?parent=305608"}],"wp:term":[{"taxonomy":"product_brand","embeddable":true,"href":"https:\/\/theuncommonshop.ch\/fr\/wp-json\/wp\/v2\/product_brand?post=305608"},{"taxonomy":"product_cat","embeddable":true,"href":"https:\/\/theuncommonshop.ch\/fr\/wp-json\/wp\/v2\/product_cat?post=305608"},{"taxonomy":"product_tag","embeddable":true,"href":"https:\/\/theuncommonshop.ch\/fr\/wp-json\/wp\/v2\/product_tag?post=305608"}],"curies":[{"name":"wp","href":"https:\/\/api.w.org\/{rel}","templated":true}]}}