{"id":304733,"date":"2025-06-04T04:25:13","date_gmt":"2025-06-04T04:25:13","guid":{"rendered":"http:\/\/theuncommonshop.ch\/produkt\/304733\/"},"modified":"2026-03-28T14:01:40","modified_gmt":"2026-03-28T13:01:40","slug":"disney-lorcana-aufstieg-der-flutgestalten-starter-deck-bernstein-sapphier-en-2","status":"publish","type":"product","link":"https:\/\/theuncommonshop.ch\/fr\/product\/disney-lorcana-aufstieg-der-flutgestalten-starter-deck-bernstein-sapphier-en-2\/","title":{"rendered":"Disney Lorcana &#8211; La mont\u00e9e des Flutgestalten &#8211; Starter Deck &#8211; Bernstein &amp; Sapphier &#8211; EN"},"content":{"rendered":"<p>&#8220;Disney Lorcana : La Mont\u00e9e des Floodgestalten&#8221; vous plonge dans les origines encr\u00e9es des Floodgestalt-Glimmer &#8211; des personnages Disney transform\u00e9s par une myst\u00e9rieuse inondation d&#8217;encre. Luminari et Glimmer voyagent ensemble \u00e0 l&#8217;\u00e9cart du Grand Illuminarium, qui a \u00e9t\u00e9 endommag\u00e9 par une inondation d&#8217;encre magique. Les six encres (am\u00e9thyste, ambre, rubis, saphir, \u00e9meraude et acier) ont \u00e9t\u00e9 lib\u00e9r\u00e9es par le d\u00e9luge et m\u00e9lang\u00e9es entre elles. D\u00e8s que des micas de forme l\u00e9gendaire ou de forme de r\u00eave rencontraient cette encre m\u00e9lang\u00e9e, une force les transformait en micas de forme de mar\u00e9e. L&#8217;encre magique s&#8217;\u00e9coulait de l&#8217;Illuminarium, emportant avec elle de pr\u00e9cieuses l\u00e9gendes, dont le puissant trident du roi Triton de Disney.    <\/p>\n<p>&#8220;Disney Lorcana : La Mont\u00e9e des Flutgestalten&#8221; contient plus de 200 nouvelles cartes avec de toutes nouvelles illustrations. Les personnages pr\u00e9f\u00e9r\u00e9s comme Winnie l&#8217;Ourson et Tiana de Disney apparaissent pour la premi\u00e8re fois dans le Disney Lorcana TCG, avec d&#8217;autres nouvelles histoires Disney, dont &#8220;Le Livre de la Jungle&#8221; de Disney, &#8220;Blanche-Neige et les Sept Nains&#8221;, &#8220;Basil, le grand d\u00e9tective souris&#8221;, &#8220;Pinocchio&#8221;, &#8220;Zoomania&#8221; et &#8220;Raya et le dernier dragon&#8221;. Toutes les cartes de ce Deck Set peuvent \u00eatre jou\u00e9es avec les cartes du Deck Set &#8220;Das Erste Kapitel&#8221; et peuvent \u00eatre utilis\u00e9es pour mettre \u00e0 jour les Decks TCG Disney Lorcana existants.  <\/p>\n<p>Disney Lorcana : L&#8217;Ascension des Flutgestalten introduit \u00e9galement une nouvelle comp\u00e9tence : Robuste. La capacit\u00e9 Robuste indique combien de d\u00e9g\u00e2ts suppl\u00e9mentaires les personnages peuvent supporter. Par exemple, Robuste +2 pour un personnage signifierait que tous les d\u00e9g\u00e2ts qui lui sont inflig\u00e9s sont r\u00e9duits de 2.  <\/p>\n","protected":false},"excerpt":{"rendered":"<p>&#8220;Disney Lorcana : La Mont\u00e9e des Floodgestalten&#8221; vous plonge dans les origines encr\u00e9es des Floodgestalt-Glimmer &#8211; des personnages Disney transform\u00e9s<\/p>\n","protected":false},"featured_media":101284,"comment_status":"open","ping_status":"closed","template":"","meta":{"_acf_changed":false},"product_brand":[5082,5080],"product_cat":[9785,10045,9957,9781,10051],"product_tag":[],"class_list":{"0":"post-304733","1":"product","2":"type-product","3":"status-publish","4":"has-post-thumbnail","6":"product_brand-disney","7":"product_brand-disney-lorcana","8":"product_cat-autres-cartes-a-collectionner","9":"product_cat-decks-lorcana-fr","10":"product_cat-lascension-des-floodborn","11":"product_cat-lorcana","12":"product_cat-produits-par-lots-lorcana","14":"first","15":"instock","16":"taxable","17":"shipping-taxable","18":"purchasable","19":"product-type-variable"},"acf":[],"yoast_head":"<!-- This site is optimized with the Yoast SEO plugin v27.4 - https:\/\/yoast.com\/product\/yoast-seo-wordpress\/ -->\n<title>Ach\u00e8te Disney Lorcana - La mont\u00e9e des Flutgestalten - Starter Deck - Bernstein &amp; Sapphier - EN<\/title>\n<meta name=\"description\" content=\"Ach\u00e8te Disney Lorcana - La mont\u00e9e des Flutgestalten - Starter Deck - Bernstein &amp; Sapphier - EN en ligne maintenant \u00e0 petit prix! Ton #1 shop pour cartes TCG &amp; Pok\u00e9mon en Suisse \u2713 Livraison gratuite d\u00e8s CHF 29\" \/>\n<meta name=\"robots\" content=\"index, follow, max-snippet:-1, max-image-preview:large, max-video-preview:-1\" \/>\n<link rel=\"canonical\" href=\"https:\/\/theuncommonshop.ch\/fr\/product\/disney-lorcana-aufstieg-der-flutgestalten-starter-deck-bernstein-sapphier-en-2\/\" \/>\n<meta property=\"og:locale\" content=\"fr_FR\" \/>\n<meta property=\"og:type\" content=\"article\" \/>\n<meta property=\"og:title\" content=\"Ach\u00e8te Disney Lorcana - La mont\u00e9e des Flutgestalten - Starter Deck - Bernstein &amp; Sapphier - EN\" \/>\n<meta property=\"og:description\" content=\"Ach\u00e8te Disney Lorcana - La mont\u00e9e des Flutgestalten - Starter Deck - Bernstein &amp; Sapphier - EN en ligne maintenant \u00e0 petit prix! Ton #1 shop pour cartes TCG &amp; Pok\u00e9mon en Suisse \u2713 Livraison gratuite d\u00e8s CHF 29\" \/>\n<meta property=\"og:url\" content=\"https:\/\/theuncommonshop.ch\/fr\/product\/disney-lorcana-aufstieg-der-flutgestalten-starter-deck-bernstein-sapphier-en-2\/\" \/>\n<meta property=\"og:site_name\" content=\"Largest trading card shop in Switzerland\" \/>\n<meta property=\"article:modified_time\" content=\"2026-03-28T13:01:40+00:00\" \/>\n<meta property=\"og:image\" content=\"https:\/\/theuncommonshop.ch\/wp-content\/uploads\/2025\/06\/3864831045.jpg\" \/>\n\t<meta property=\"og:image:width\" content=\"299\" \/>\n\t<meta property=\"og:image:height\" content=\"509\" \/>\n\t<meta property=\"og:image:type\" content=\"image\/jpeg\" \/>\n<meta name=\"twitter:card\" content=\"summary_large_image\" \/>\n<meta name=\"twitter:label1\" content=\"Disponibilit\u00e9\" \/>\n\t<meta name=\"twitter:data1\" content=\"En stock\" \/>\n<script type=\"application\/ld+json\" class=\"yoast-schema-graph\">{\"@context\":\"https:\\\/\\\/schema.org\",\"@graph\":[{\"@type\":\"WebPage\",\"@id\":\"https:\\\/\\\/theuncommonshop.ch\\\/fr\\\/product\\\/disney-lorcana-aufstieg-der-flutgestalten-starter-deck-bernstein-sapphier-en-2\\\/\",\"url\":\"https:\\\/\\\/theuncommonshop.ch\\\/fr\\\/product\\\/disney-lorcana-aufstieg-der-flutgestalten-starter-deck-bernstein-sapphier-en-2\\\/\",\"name\":\"Ach\u00e8te Disney Lorcana - La mont\u00e9e des Flutgestalten - Starter Deck - Bernstein &amp; Sapphier - EN\",\"isPartOf\":{\"@id\":\"https:\\\/\\\/theuncommonshop.ch\\\/#website\"},\"primaryImageOfPage\":{\"@id\":\"https:\\\/\\\/theuncommonshop.ch\\\/fr\\\/product\\\/disney-lorcana-aufstieg-der-flutgestalten-starter-deck-bernstein-sapphier-en-2\\\/#primaryimage\"},\"image\":{\"@id\":\"https:\\\/\\\/theuncommonshop.ch\\\/fr\\\/product\\\/disney-lorcana-aufstieg-der-flutgestalten-starter-deck-bernstein-sapphier-en-2\\\/#primaryimage\"},\"thumbnailUrl\":\"https:\\\/\\\/theuncommonshop.ch\\\/wp-content\\\/uploads\\\/2025\\\/06\\\/3864831045.jpg\",\"datePublished\":\"2025-06-04T04:25:13+00:00\",\"dateModified\":\"2026-03-28T13:01:40+00:00\",\"description\":\"Ach\u00e8te Disney Lorcana - La mont\u00e9e des Flutgestalten - Starter Deck - Bernstein &amp; Sapphier - EN en ligne maintenant \u00e0 petit prix! Ton #1 shop pour cartes TCG & Pok\u00e9mon en Suisse \u2713 Livraison gratuite d\u00e8s CHF 29\",\"breadcrumb\":{\"@id\":\"https:\\\/\\\/theuncommonshop.ch\\\/fr\\\/product\\\/disney-lorcana-aufstieg-der-flutgestalten-starter-deck-bernstein-sapphier-en-2\\\/#breadcrumb\"},\"inLanguage\":\"fr-FR\",\"potentialAction\":[{\"@type\":\"ReadAction\",\"target\":[\"https:\\\/\\\/theuncommonshop.ch\\\/fr\\\/product\\\/disney-lorcana-aufstieg-der-flutgestalten-starter-deck-bernstein-sapphier-en-2\\\/\"]}]},{\"@type\":\"ImageObject\",\"inLanguage\":\"fr-FR\",\"@id\":\"https:\\\/\\\/theuncommonshop.ch\\\/fr\\\/product\\\/disney-lorcana-aufstieg-der-flutgestalten-starter-deck-bernstein-sapphier-en-2\\\/#primaryimage\",\"url\":\"https:\\\/\\\/theuncommonshop.ch\\\/wp-content\\\/uploads\\\/2025\\\/06\\\/3864831045.jpg\",\"contentUrl\":\"https:\\\/\\\/theuncommonshop.ch\\\/wp-content\\\/uploads\\\/2025\\\/06\\\/3864831045.jpg\",\"width\":299,\"height\":509},{\"@type\":\"BreadcrumbList\",\"@id\":\"https:\\\/\\\/theuncommonshop.ch\\\/fr\\\/product\\\/disney-lorcana-aufstieg-der-flutgestalten-starter-deck-bernstein-sapphier-en-2\\\/#breadcrumb\",\"itemListElement\":[{\"@type\":\"ListItem\",\"position\":1,\"name\":\"Accueil\",\"item\":\"https:\\\/\\\/theuncommonshop.ch\\\/fr\\\/accueil\\\/\"},{\"@type\":\"ListItem\",\"position\":2,\"name\":\"Boutique\",\"item\":\"https:\\\/\\\/theuncommonshop.ch\\\/fr\\\/boutique\\\/\"},{\"@type\":\"ListItem\",\"position\":3,\"name\":\"Autres cartes \u00e0 collectionner\",\"item\":\"https:\\\/\\\/theuncommonshop.ch\\\/fr\\\/categorie-produit\\\/autres-cartes-a-collectionner\\\/\"},{\"@type\":\"ListItem\",\"position\":4,\"name\":\"Lorcana\",\"item\":\"https:\\\/\\\/theuncommonshop.ch\\\/fr\\\/categorie-produit\\\/autres-cartes-a-collectionner\\\/lorcana\\\/\"},{\"@type\":\"ListItem\",\"position\":5,\"name\":\"Produits par lots\",\"item\":\"https:\\\/\\\/theuncommonshop.ch\\\/fr\\\/categorie-produit\\\/autres-cartes-a-collectionner\\\/lorcana\\\/produits-par-lots-lorcana\\\/\"},{\"@type\":\"ListItem\",\"position\":6,\"name\":\"L'Ascension des Floodborn\",\"item\":\"https:\\\/\\\/theuncommonshop.ch\\\/fr\\\/categorie-produit\\\/autres-cartes-a-collectionner\\\/lorcana\\\/produits-par-lots-lorcana\\\/lascension-des-floodborn\\\/\"},{\"@type\":\"ListItem\",\"position\":7,\"name\":\"Disney Lorcana &#8211; La mont\u00e9e des Flutgestalten &#8211; Starter Deck &#8211; Bernstein &amp; Sapphier &#8211; EN\"}]},{\"@type\":\"WebSite\",\"@id\":\"https:\\\/\\\/theuncommonshop.ch\\\/#website\",\"url\":\"https:\\\/\\\/theuncommonshop.ch\\\/\",\"name\":\"Largest trading card shop in Switzerland\",\"description\":\"Magic, Pok\u00e9mon and Yu-gi-oh - The Uncommon Shop\",\"potentialAction\":[{\"@type\":\"SearchAction\",\"target\":{\"@type\":\"EntryPoint\",\"urlTemplate\":\"https:\\\/\\\/theuncommonshop.ch\\\/?s={search_term_string}\"},\"query-input\":{\"@type\":\"PropertyValueSpecification\",\"valueRequired\":true,\"valueName\":\"search_term_string\"}}],\"inLanguage\":\"fr-FR\"}]}<\/script>\n<meta property=\"og:availability\" content=\"instock\" \/>\n<meta property=\"product:availability\" content=\"instock\" \/>\n<meta property=\"product:retailer_item_id\" content=\"LO.I.F.StarterB&amp;SSetII.EN\" \/>\n<meta property=\"product:condition\" content=\"new\" \/>\n<!-- \/ Yoast SEO plugin. -->","yoast_head_json":{"title":"Ach\u00e8te Disney Lorcana - La mont\u00e9e des Flutgestalten - Starter Deck - Bernstein &amp; Sapphier - EN","description":"Ach\u00e8te Disney Lorcana - La mont\u00e9e des Flutgestalten - Starter Deck - Bernstein &amp; Sapphier - EN en ligne maintenant \u00e0 petit prix! Ton #1 shop pour cartes TCG & Pok\u00e9mon en Suisse \u2713 Livraison gratuite d\u00e8s CHF 29","robots":{"index":"index","follow":"follow","max-snippet":"max-snippet:-1","max-image-preview":"max-image-preview:large","max-video-preview":"max-video-preview:-1"},"canonical":"https:\/\/theuncommonshop.ch\/fr\/product\/disney-lorcana-aufstieg-der-flutgestalten-starter-deck-bernstein-sapphier-en-2\/","og_locale":"fr_FR","og_type":"article","og_title":"Ach\u00e8te Disney Lorcana - La mont\u00e9e des Flutgestalten - Starter Deck - Bernstein &amp; Sapphier - EN","og_description":"Ach\u00e8te Disney Lorcana - La mont\u00e9e des Flutgestalten - Starter Deck - Bernstein &amp; Sapphier - EN en ligne maintenant \u00e0 petit prix! Ton #1 shop pour cartes TCG & Pok\u00e9mon en Suisse \u2713 Livraison gratuite d\u00e8s CHF 29","og_url":"https:\/\/theuncommonshop.ch\/fr\/product\/disney-lorcana-aufstieg-der-flutgestalten-starter-deck-bernstein-sapphier-en-2\/","og_site_name":"Largest trading card shop in Switzerland","article_modified_time":"2026-03-28T13:01:40+00:00","og_image":[{"width":299,"height":509,"url":"https:\/\/theuncommonshop.ch\/wp-content\/uploads\/2025\/06\/3864831045.jpg","type":"image\/jpeg"}],"twitter_card":"summary_large_image","twitter_misc":{"Disponibilit\u00e9":"En stock"},"schema":{"@context":"https:\/\/schema.org","@graph":[{"@type":"WebPage","@id":"https:\/\/theuncommonshop.ch\/fr\/product\/disney-lorcana-aufstieg-der-flutgestalten-starter-deck-bernstein-sapphier-en-2\/","url":"https:\/\/theuncommonshop.ch\/fr\/product\/disney-lorcana-aufstieg-der-flutgestalten-starter-deck-bernstein-sapphier-en-2\/","name":"Ach\u00e8te Disney Lorcana - La mont\u00e9e des Flutgestalten - Starter Deck - Bernstein &amp; Sapphier - EN","isPartOf":{"@id":"https:\/\/theuncommonshop.ch\/#website"},"primaryImageOfPage":{"@id":"https:\/\/theuncommonshop.ch\/fr\/product\/disney-lorcana-aufstieg-der-flutgestalten-starter-deck-bernstein-sapphier-en-2\/#primaryimage"},"image":{"@id":"https:\/\/theuncommonshop.ch\/fr\/product\/disney-lorcana-aufstieg-der-flutgestalten-starter-deck-bernstein-sapphier-en-2\/#primaryimage"},"thumbnailUrl":"https:\/\/theuncommonshop.ch\/wp-content\/uploads\/2025\/06\/3864831045.jpg","datePublished":"2025-06-04T04:25:13+00:00","dateModified":"2026-03-28T13:01:40+00:00","description":"Ach\u00e8te Disney Lorcana - La mont\u00e9e des Flutgestalten - Starter Deck - Bernstein &amp; Sapphier - EN en ligne maintenant \u00e0 petit prix! Ton #1 shop pour cartes TCG & Pok\u00e9mon en Suisse \u2713 Livraison gratuite d\u00e8s CHF 29","breadcrumb":{"@id":"https:\/\/theuncommonshop.ch\/fr\/product\/disney-lorcana-aufstieg-der-flutgestalten-starter-deck-bernstein-sapphier-en-2\/#breadcrumb"},"inLanguage":"fr-FR","potentialAction":[{"@type":"ReadAction","target":["https:\/\/theuncommonshop.ch\/fr\/product\/disney-lorcana-aufstieg-der-flutgestalten-starter-deck-bernstein-sapphier-en-2\/"]}]},{"@type":"ImageObject","inLanguage":"fr-FR","@id":"https:\/\/theuncommonshop.ch\/fr\/product\/disney-lorcana-aufstieg-der-flutgestalten-starter-deck-bernstein-sapphier-en-2\/#primaryimage","url":"https:\/\/theuncommonshop.ch\/wp-content\/uploads\/2025\/06\/3864831045.jpg","contentUrl":"https:\/\/theuncommonshop.ch\/wp-content\/uploads\/2025\/06\/3864831045.jpg","width":299,"height":509},{"@type":"BreadcrumbList","@id":"https:\/\/theuncommonshop.ch\/fr\/product\/disney-lorcana-aufstieg-der-flutgestalten-starter-deck-bernstein-sapphier-en-2\/#breadcrumb","itemListElement":[{"@type":"ListItem","position":1,"name":"Accueil","item":"https:\/\/theuncommonshop.ch\/fr\/accueil\/"},{"@type":"ListItem","position":2,"name":"Boutique","item":"https:\/\/theuncommonshop.ch\/fr\/boutique\/"},{"@type":"ListItem","position":3,"name":"Autres cartes \u00e0 collectionner","item":"https:\/\/theuncommonshop.ch\/fr\/categorie-produit\/autres-cartes-a-collectionner\/"},{"@type":"ListItem","position":4,"name":"Lorcana","item":"https:\/\/theuncommonshop.ch\/fr\/categorie-produit\/autres-cartes-a-collectionner\/lorcana\/"},{"@type":"ListItem","position":5,"name":"Produits par lots","item":"https:\/\/theuncommonshop.ch\/fr\/categorie-produit\/autres-cartes-a-collectionner\/lorcana\/produits-par-lots-lorcana\/"},{"@type":"ListItem","position":6,"name":"L'Ascension des Floodborn","item":"https:\/\/theuncommonshop.ch\/fr\/categorie-produit\/autres-cartes-a-collectionner\/lorcana\/produits-par-lots-lorcana\/lascension-des-floodborn\/"},{"@type":"ListItem","position":7,"name":"Disney Lorcana &#8211; La mont\u00e9e des Flutgestalten &#8211; Starter Deck &#8211; Bernstein &amp; Sapphier &#8211; EN"}]},{"@type":"WebSite","@id":"https:\/\/theuncommonshop.ch\/#website","url":"https:\/\/theuncommonshop.ch\/","name":"Largest trading card shop in Switzerland","description":"Magic, Pok\u00e9mon and Yu-gi-oh - The Uncommon Shop","potentialAction":[{"@type":"SearchAction","target":{"@type":"EntryPoint","urlTemplate":"https:\/\/theuncommonshop.ch\/?s={search_term_string}"},"query-input":{"@type":"PropertyValueSpecification","valueRequired":true,"valueName":"search_term_string"}}],"inLanguage":"fr-FR"}]},"og_availability":"instock","product_availability":"instock","product_retailer_item_id":"LO.I.F.StarterB&SSetII.EN","product_condition":"new"},"_links":{"self":[{"href":"https:\/\/theuncommonshop.ch\/fr\/wp-json\/wp\/v2\/product\/304733","targetHints":{"allow":["GET"]}}],"collection":[{"href":"https:\/\/theuncommonshop.ch\/fr\/wp-json\/wp\/v2\/product"}],"about":[{"href":"https:\/\/theuncommonshop.ch\/fr\/wp-json\/wp\/v2\/types\/product"}],"replies":[{"embeddable":true,"href":"https:\/\/theuncommonshop.ch\/fr\/wp-json\/wp\/v2\/comments?post=304733"}],"version-history":[{"count":2,"href":"https:\/\/theuncommonshop.ch\/fr\/wp-json\/wp\/v2\/product\/304733\/revisions"}],"predecessor-version":[{"id":353260,"href":"https:\/\/theuncommonshop.ch\/fr\/wp-json\/wp\/v2\/product\/304733\/revisions\/353260"}],"wp:featuredmedia":[{"embeddable":true,"href":"https:\/\/theuncommonshop.ch\/fr\/wp-json\/wp\/v2\/media\/101284"}],"wp:attachment":[{"href":"https:\/\/theuncommonshop.ch\/fr\/wp-json\/wp\/v2\/media?parent=304733"}],"wp:term":[{"taxonomy":"product_brand","embeddable":true,"href":"https:\/\/theuncommonshop.ch\/fr\/wp-json\/wp\/v2\/product_brand?post=304733"},{"taxonomy":"product_cat","embeddable":true,"href":"https:\/\/theuncommonshop.ch\/fr\/wp-json\/wp\/v2\/product_cat?post=304733"},{"taxonomy":"product_tag","embeddable":true,"href":"https:\/\/theuncommonshop.ch\/fr\/wp-json\/wp\/v2\/product_tag?post=304733"}],"curies":[{"name":"wp","href":"https:\/\/api.w.org\/{rel}","templated":true}]}}