{"id":304546,"date":"2025-06-12T14:43:28","date_gmt":"2025-06-12T14:43:28","guid":{"rendered":"http:\/\/theuncommonshop.ch\/produkt\/304546\/"},"modified":"2026-03-28T13:47:12","modified_gmt":"2026-03-28T12:47:12","slug":"disney-lorcana-himmelsleuchten-starter-deck-amethyst-rubin-2","status":"publish","type":"product","link":"https:\/\/theuncommonshop.ch\/fr\/product\/disney-lorcana-himmelsleuchten-starter-deck-amethyst-rubin-2\/","title":{"rendered":"Disney Lorcana &#8211; Himmelsleuchten &#8211; Starter Deck &#8211; Am\u00e9thyste et Rubis"},"content":{"rendered":"<p>La grande f\u00eate vient de commencer &#8211; et vous y \u00eates invit\u00e9 ! Vous vous retrouverez avec les autres Luminari et Glimmers pr\u00e8s du Grand Illuminarium pour jouer \u00e0 des jeux, profiter de la nourriture et de la musique, danser et bien plus encore. <\/p>\n<p>La liste des invit\u00e9s comprend de nouveaux visages comme Randale-Ralph et ses camarades pixellis\u00e9s de l&#8217;Arcade de Litwak, mais aussi Elsa, Anna et Olaf, qui reviennent tout juste de leur derni\u00e8re aventure dans la For\u00eat enchant\u00e9e. C&#8217;est un \u00e9v\u00e9nement qui restera \u00e0 jamais grav\u00e9 dans la m\u00e9moire des Tintenlande. <\/p>\n<p>Commencez la f\u00eate avec les deux decks de d\u00e9marrage pr\u00eats \u00e0 jouer ! Jouez soit le deck avec une combinaison de mica am\u00e9thyste mystique et de mica rubis audacieux, soit le deck avec des mica \u00e9meraude habiles combin\u00e9s \u00e0 des mica acier r\u00e9sistants.  C&#8217;est une f\u00eate &#8211; pourquoi ne pas essayer les deux ponts ?<\/p>\n","protected":false},"excerpt":{"rendered":"<p>La grande f\u00eate vient de commencer &#8211; et vous y \u00eates invit\u00e9 ! Vous vous retrouverez avec les autres Luminari<\/p>\n","protected":false},"featured_media":29089,"comment_status":"open","ping_status":"closed","template":"","meta":{"_acf_changed":false},"product_brand":[5082,5080],"product_cat":[9785,9963,10045,9781,10051],"product_tag":[],"class_list":{"0":"post-304546","1":"product","2":"type-product","3":"status-publish","4":"has-post-thumbnail","6":"product_brand-disney","7":"product_brand-disney-lorcana","8":"product_cat-autres-cartes-a-collectionner","9":"product_cat-ciel-scintillant","10":"product_cat-decks-lorcana-fr","11":"product_cat-lorcana","12":"product_cat-produits-par-lots-lorcana","14":"first","15":"instock","16":"sale","17":"taxable","18":"shipping-taxable","19":"purchasable","20":"product-type-variable"},"acf":[],"yoast_head":"<!-- This site is optimized with the Yoast SEO plugin v27.4 - https:\/\/yoast.com\/product\/yoast-seo-wordpress\/ -->\n<title>Ach\u00e8te Disney Lorcana - Himmelsleuchten - Starter Deck - Am\u00e9thyste et Rubis<\/title>\n<meta name=\"description\" content=\"Ach\u00e8te Disney Lorcana - Himmelsleuchten - Starter Deck - Am\u00e9thyste et Rubis en ligne maintenant \u00e0 petit prix! Ton #1 shop pour cartes TCG &amp; Pok\u00e9mon en Suisse \u2713 Livraison gratuite d\u00e8s CHF 29\" \/>\n<meta name=\"robots\" content=\"index, follow, max-snippet:-1, max-image-preview:large, max-video-preview:-1\" \/>\n<link rel=\"canonical\" href=\"https:\/\/theuncommonshop.ch\/fr\/product\/disney-lorcana-himmelsleuchten-starter-deck-amethyst-rubin-2\/\" \/>\n<meta property=\"og:locale\" content=\"fr_FR\" \/>\n<meta property=\"og:type\" content=\"article\" \/>\n<meta property=\"og:title\" content=\"Ach\u00e8te Disney Lorcana - Himmelsleuchten - Starter Deck - Am\u00e9thyste et Rubis\" \/>\n<meta property=\"og:description\" content=\"Ach\u00e8te Disney Lorcana - Himmelsleuchten - Starter Deck - Am\u00e9thyste et Rubis en ligne maintenant \u00e0 petit prix! Ton #1 shop pour cartes TCG &amp; Pok\u00e9mon en Suisse \u2713 Livraison gratuite d\u00e8s CHF 29\" \/>\n<meta property=\"og:url\" content=\"https:\/\/theuncommonshop.ch\/fr\/product\/disney-lorcana-himmelsleuchten-starter-deck-amethyst-rubin-2\/\" \/>\n<meta property=\"og:site_name\" content=\"Largest trading card shop in Switzerland\" \/>\n<meta property=\"article:modified_time\" content=\"2026-03-28T12:47:12+00:00\" \/>\n<meta property=\"og:image\" content=\"https:\/\/theuncommonshop.ch\/wp-content\/uploads\/2025\/05\/4401293510.jpg\" \/>\n\t<meta property=\"og:image:width\" content=\"900\" \/>\n\t<meta property=\"og:image:height\" content=\"900\" \/>\n\t<meta property=\"og:image:type\" content=\"image\/jpeg\" \/>\n<meta name=\"twitter:card\" content=\"summary_large_image\" \/>\n<meta name=\"twitter:label1\" content=\"Disponibilit\u00e9\" \/>\n\t<meta name=\"twitter:data1\" content=\"En stock\" \/>\n<script type=\"application\/ld+json\" class=\"yoast-schema-graph\">{\"@context\":\"https:\\\/\\\/schema.org\",\"@graph\":[{\"@type\":\"WebPage\",\"@id\":\"https:\\\/\\\/theuncommonshop.ch\\\/fr\\\/product\\\/disney-lorcana-himmelsleuchten-starter-deck-amethyst-rubin-2\\\/\",\"url\":\"https:\\\/\\\/theuncommonshop.ch\\\/fr\\\/product\\\/disney-lorcana-himmelsleuchten-starter-deck-amethyst-rubin-2\\\/\",\"name\":\"Ach\u00e8te Disney Lorcana - Himmelsleuchten - Starter Deck - Am\u00e9thyste et Rubis\",\"isPartOf\":{\"@id\":\"https:\\\/\\\/theuncommonshop.ch\\\/#website\"},\"primaryImageOfPage\":{\"@id\":\"https:\\\/\\\/theuncommonshop.ch\\\/fr\\\/product\\\/disney-lorcana-himmelsleuchten-starter-deck-amethyst-rubin-2\\\/#primaryimage\"},\"image\":{\"@id\":\"https:\\\/\\\/theuncommonshop.ch\\\/fr\\\/product\\\/disney-lorcana-himmelsleuchten-starter-deck-amethyst-rubin-2\\\/#primaryimage\"},\"thumbnailUrl\":\"https:\\\/\\\/theuncommonshop.ch\\\/wp-content\\\/uploads\\\/2025\\\/05\\\/4401293510.jpg\",\"datePublished\":\"2025-06-12T14:43:28+00:00\",\"dateModified\":\"2026-03-28T12:47:12+00:00\",\"description\":\"Ach\u00e8te Disney Lorcana - Himmelsleuchten - Starter Deck - Am\u00e9thyste et Rubis en ligne maintenant \u00e0 petit prix! Ton #1 shop pour cartes TCG & Pok\u00e9mon en Suisse \u2713 Livraison gratuite d\u00e8s CHF 29\",\"breadcrumb\":{\"@id\":\"https:\\\/\\\/theuncommonshop.ch\\\/fr\\\/product\\\/disney-lorcana-himmelsleuchten-starter-deck-amethyst-rubin-2\\\/#breadcrumb\"},\"inLanguage\":\"fr-FR\",\"potentialAction\":[{\"@type\":\"ReadAction\",\"target\":[\"https:\\\/\\\/theuncommonshop.ch\\\/fr\\\/product\\\/disney-lorcana-himmelsleuchten-starter-deck-amethyst-rubin-2\\\/\"]}]},{\"@type\":\"ImageObject\",\"inLanguage\":\"fr-FR\",\"@id\":\"https:\\\/\\\/theuncommonshop.ch\\\/fr\\\/product\\\/disney-lorcana-himmelsleuchten-starter-deck-amethyst-rubin-2\\\/#primaryimage\",\"url\":\"https:\\\/\\\/theuncommonshop.ch\\\/wp-content\\\/uploads\\\/2025\\\/05\\\/4401293510.jpg\",\"contentUrl\":\"https:\\\/\\\/theuncommonshop.ch\\\/wp-content\\\/uploads\\\/2025\\\/05\\\/4401293510.jpg\",\"width\":900,\"height\":900,\"caption\":\"[MISSING_ORIG: 4401293510] [ECWID_RESTORED: 2026-03-29 12:24:42]\"},{\"@type\":\"BreadcrumbList\",\"@id\":\"https:\\\/\\\/theuncommonshop.ch\\\/fr\\\/product\\\/disney-lorcana-himmelsleuchten-starter-deck-amethyst-rubin-2\\\/#breadcrumb\",\"itemListElement\":[{\"@type\":\"ListItem\",\"position\":1,\"name\":\"Accueil\",\"item\":\"https:\\\/\\\/theuncommonshop.ch\\\/fr\\\/accueil\\\/\"},{\"@type\":\"ListItem\",\"position\":2,\"name\":\"Boutique\",\"item\":\"https:\\\/\\\/theuncommonshop.ch\\\/fr\\\/boutique\\\/\"},{\"@type\":\"ListItem\",\"position\":3,\"name\":\"Autres cartes \u00e0 collectionner\",\"item\":\"https:\\\/\\\/theuncommonshop.ch\\\/fr\\\/categorie-produit\\\/autres-cartes-a-collectionner\\\/\"},{\"@type\":\"ListItem\",\"position\":4,\"name\":\"Lorcana\",\"item\":\"https:\\\/\\\/theuncommonshop.ch\\\/fr\\\/categorie-produit\\\/autres-cartes-a-collectionner\\\/lorcana\\\/\"},{\"@type\":\"ListItem\",\"position\":5,\"name\":\"Produits par lots\",\"item\":\"https:\\\/\\\/theuncommonshop.ch\\\/fr\\\/categorie-produit\\\/autres-cartes-a-collectionner\\\/lorcana\\\/produits-par-lots-lorcana\\\/\"},{\"@type\":\"ListItem\",\"position\":6,\"name\":\"Ciel Scintillant\",\"item\":\"https:\\\/\\\/theuncommonshop.ch\\\/fr\\\/categorie-produit\\\/autres-cartes-a-collectionner\\\/lorcana\\\/produits-par-lots-lorcana\\\/ciel-scintillant\\\/\"},{\"@type\":\"ListItem\",\"position\":7,\"name\":\"Disney Lorcana &#8211; Himmelsleuchten &#8211; Starter Deck &#8211; Am\u00e9thyste et Rubis\"}]},{\"@type\":\"WebSite\",\"@id\":\"https:\\\/\\\/theuncommonshop.ch\\\/#website\",\"url\":\"https:\\\/\\\/theuncommonshop.ch\\\/\",\"name\":\"Largest trading card shop in Switzerland\",\"description\":\"Magic, Pok\u00e9mon and Yu-gi-oh - The Uncommon Shop\",\"potentialAction\":[{\"@type\":\"SearchAction\",\"target\":{\"@type\":\"EntryPoint\",\"urlTemplate\":\"https:\\\/\\\/theuncommonshop.ch\\\/?s={search_term_string}\"},\"query-input\":{\"@type\":\"PropertyValueSpecification\",\"valueRequired\":true,\"valueName\":\"search_term_string\"}}],\"inLanguage\":\"fr-FR\"}]}<\/script>\n<meta property=\"og:availability\" content=\"instock\" \/>\n<meta property=\"product:availability\" content=\"instock\" \/>\n<meta property=\"product:retailer_item_id\" content=\"LO.II.D.HimmLeuchDeckAR.DE\" \/>\n<meta property=\"product:condition\" content=\"new\" \/>\n<!-- \/ Yoast SEO plugin. -->","yoast_head_json":{"title":"Ach\u00e8te Disney Lorcana - Himmelsleuchten - Starter Deck - Am\u00e9thyste et Rubis","description":"Ach\u00e8te Disney Lorcana - Himmelsleuchten - Starter Deck - Am\u00e9thyste et Rubis en ligne maintenant \u00e0 petit prix! Ton #1 shop pour cartes TCG & Pok\u00e9mon en Suisse \u2713 Livraison gratuite d\u00e8s CHF 29","robots":{"index":"index","follow":"follow","max-snippet":"max-snippet:-1","max-image-preview":"max-image-preview:large","max-video-preview":"max-video-preview:-1"},"canonical":"https:\/\/theuncommonshop.ch\/fr\/product\/disney-lorcana-himmelsleuchten-starter-deck-amethyst-rubin-2\/","og_locale":"fr_FR","og_type":"article","og_title":"Ach\u00e8te Disney Lorcana - Himmelsleuchten - Starter Deck - Am\u00e9thyste et Rubis","og_description":"Ach\u00e8te Disney Lorcana - Himmelsleuchten - Starter Deck - Am\u00e9thyste et Rubis en ligne maintenant \u00e0 petit prix! Ton #1 shop pour cartes TCG & Pok\u00e9mon en Suisse \u2713 Livraison gratuite d\u00e8s CHF 29","og_url":"https:\/\/theuncommonshop.ch\/fr\/product\/disney-lorcana-himmelsleuchten-starter-deck-amethyst-rubin-2\/","og_site_name":"Largest trading card shop in Switzerland","article_modified_time":"2026-03-28T12:47:12+00:00","og_image":[{"width":900,"height":900,"url":"https:\/\/theuncommonshop.ch\/wp-content\/uploads\/2025\/05\/4401293510.jpg","type":"image\/jpeg"}],"twitter_card":"summary_large_image","twitter_misc":{"Disponibilit\u00e9":"En stock"},"schema":{"@context":"https:\/\/schema.org","@graph":[{"@type":"WebPage","@id":"https:\/\/theuncommonshop.ch\/fr\/product\/disney-lorcana-himmelsleuchten-starter-deck-amethyst-rubin-2\/","url":"https:\/\/theuncommonshop.ch\/fr\/product\/disney-lorcana-himmelsleuchten-starter-deck-amethyst-rubin-2\/","name":"Ach\u00e8te Disney Lorcana - Himmelsleuchten - Starter Deck - Am\u00e9thyste et Rubis","isPartOf":{"@id":"https:\/\/theuncommonshop.ch\/#website"},"primaryImageOfPage":{"@id":"https:\/\/theuncommonshop.ch\/fr\/product\/disney-lorcana-himmelsleuchten-starter-deck-amethyst-rubin-2\/#primaryimage"},"image":{"@id":"https:\/\/theuncommonshop.ch\/fr\/product\/disney-lorcana-himmelsleuchten-starter-deck-amethyst-rubin-2\/#primaryimage"},"thumbnailUrl":"https:\/\/theuncommonshop.ch\/wp-content\/uploads\/2025\/05\/4401293510.jpg","datePublished":"2025-06-12T14:43:28+00:00","dateModified":"2026-03-28T12:47:12+00:00","description":"Ach\u00e8te Disney Lorcana - Himmelsleuchten - Starter Deck - Am\u00e9thyste et Rubis en ligne maintenant \u00e0 petit prix! Ton #1 shop pour cartes TCG & Pok\u00e9mon en Suisse \u2713 Livraison gratuite d\u00e8s CHF 29","breadcrumb":{"@id":"https:\/\/theuncommonshop.ch\/fr\/product\/disney-lorcana-himmelsleuchten-starter-deck-amethyst-rubin-2\/#breadcrumb"},"inLanguage":"fr-FR","potentialAction":[{"@type":"ReadAction","target":["https:\/\/theuncommonshop.ch\/fr\/product\/disney-lorcana-himmelsleuchten-starter-deck-amethyst-rubin-2\/"]}]},{"@type":"ImageObject","inLanguage":"fr-FR","@id":"https:\/\/theuncommonshop.ch\/fr\/product\/disney-lorcana-himmelsleuchten-starter-deck-amethyst-rubin-2\/#primaryimage","url":"https:\/\/theuncommonshop.ch\/wp-content\/uploads\/2025\/05\/4401293510.jpg","contentUrl":"https:\/\/theuncommonshop.ch\/wp-content\/uploads\/2025\/05\/4401293510.jpg","width":900,"height":900,"caption":"[MISSING_ORIG: 4401293510] [ECWID_RESTORED: 2026-03-29 12:24:42]"},{"@type":"BreadcrumbList","@id":"https:\/\/theuncommonshop.ch\/fr\/product\/disney-lorcana-himmelsleuchten-starter-deck-amethyst-rubin-2\/#breadcrumb","itemListElement":[{"@type":"ListItem","position":1,"name":"Accueil","item":"https:\/\/theuncommonshop.ch\/fr\/accueil\/"},{"@type":"ListItem","position":2,"name":"Boutique","item":"https:\/\/theuncommonshop.ch\/fr\/boutique\/"},{"@type":"ListItem","position":3,"name":"Autres cartes \u00e0 collectionner","item":"https:\/\/theuncommonshop.ch\/fr\/categorie-produit\/autres-cartes-a-collectionner\/"},{"@type":"ListItem","position":4,"name":"Lorcana","item":"https:\/\/theuncommonshop.ch\/fr\/categorie-produit\/autres-cartes-a-collectionner\/lorcana\/"},{"@type":"ListItem","position":5,"name":"Produits par lots","item":"https:\/\/theuncommonshop.ch\/fr\/categorie-produit\/autres-cartes-a-collectionner\/lorcana\/produits-par-lots-lorcana\/"},{"@type":"ListItem","position":6,"name":"Ciel Scintillant","item":"https:\/\/theuncommonshop.ch\/fr\/categorie-produit\/autres-cartes-a-collectionner\/lorcana\/produits-par-lots-lorcana\/ciel-scintillant\/"},{"@type":"ListItem","position":7,"name":"Disney Lorcana &#8211; Himmelsleuchten &#8211; Starter Deck &#8211; Am\u00e9thyste et Rubis"}]},{"@type":"WebSite","@id":"https:\/\/theuncommonshop.ch\/#website","url":"https:\/\/theuncommonshop.ch\/","name":"Largest trading card shop in Switzerland","description":"Magic, Pok\u00e9mon and Yu-gi-oh - The Uncommon Shop","potentialAction":[{"@type":"SearchAction","target":{"@type":"EntryPoint","urlTemplate":"https:\/\/theuncommonshop.ch\/?s={search_term_string}"},"query-input":{"@type":"PropertyValueSpecification","valueRequired":true,"valueName":"search_term_string"}}],"inLanguage":"fr-FR"}]},"og_availability":"instock","product_availability":"instock","product_retailer_item_id":"LO.II.D.HimmLeuchDeckAR.DE","product_condition":"new"},"_links":{"self":[{"href":"https:\/\/theuncommonshop.ch\/fr\/wp-json\/wp\/v2\/product\/304546","targetHints":{"allow":["GET"]}}],"collection":[{"href":"https:\/\/theuncommonshop.ch\/fr\/wp-json\/wp\/v2\/product"}],"about":[{"href":"https:\/\/theuncommonshop.ch\/fr\/wp-json\/wp\/v2\/types\/product"}],"replies":[{"embeddable":true,"href":"https:\/\/theuncommonshop.ch\/fr\/wp-json\/wp\/v2\/comments?post=304546"}],"version-history":[{"count":2,"href":"https:\/\/theuncommonshop.ch\/fr\/wp-json\/wp\/v2\/product\/304546\/revisions"}],"predecessor-version":[{"id":353177,"href":"https:\/\/theuncommonshop.ch\/fr\/wp-json\/wp\/v2\/product\/304546\/revisions\/353177"}],"wp:featuredmedia":[{"embeddable":true,"href":"https:\/\/theuncommonshop.ch\/fr\/wp-json\/wp\/v2\/media\/29089"}],"wp:attachment":[{"href":"https:\/\/theuncommonshop.ch\/fr\/wp-json\/wp\/v2\/media?parent=304546"}],"wp:term":[{"taxonomy":"product_brand","embeddable":true,"href":"https:\/\/theuncommonshop.ch\/fr\/wp-json\/wp\/v2\/product_brand?post=304546"},{"taxonomy":"product_cat","embeddable":true,"href":"https:\/\/theuncommonshop.ch\/fr\/wp-json\/wp\/v2\/product_cat?post=304546"},{"taxonomy":"product_tag","embeddable":true,"href":"https:\/\/theuncommonshop.ch\/fr\/wp-json\/wp\/v2\/product_tag?post=304546"}],"curies":[{"name":"wp","href":"https:\/\/api.w.org\/{rel}","templated":true}]}}