{"id":304449,"date":"2025-12-31T12:14:49","date_gmt":"2025-12-31T11:14:49","guid":{"rendered":"http:\/\/theuncommonshop.ch\/produkt\/304449\/"},"modified":"2026-03-28T21:10:55","modified_gmt":"2026-03-28T20:10:55","slug":"disney-lorcana-winterspell-starterset-fuer-sammler-stitch-edition-3","status":"publish","type":"product","link":"https:\/\/theuncommonshop.ch\/fr\/product\/disney-lorcana-winterspell-starterset-fuer-sammler-stitch-edition-3\/","title":{"rendered":"Disney Lorcana &#8211; Winterspell &#8211; Kit de d\u00e9marrage pour collectionneur &#8211; Stitch Edition"},"content":{"rendered":"<p>Avec DISNEY LORCANA : WINTERZauber &#8211; STARTERSET FOR COLLECTIONNAIRES &#8211; STITCH EDITION, vous recevrez un pack soigneusement pr\u00e9par\u00e9 qui vous permettra de constituer ou d&#8217;agrandir votre collection personnelle. Le set combine la magie de l&#8217;hiver avec un fort accent sur le plaisir de collectionner et vous pr\u00e9sente un th\u00e8me Stitch exclusif qui ravira \u00e0 coup s\u00fbr les fans. <\/p>\n<p>Au centre, l&#8217;album color\u00e9 Stitch &#8211; Rockstar peut contenir jusqu&#8217;\u00e0 80 cartes et garder vos nouveaux tr\u00e9sors en s\u00e9curit\u00e9. Vous recevrez \u00e9galement quatre Booster Packs du set &#8220;Winterzauber&#8221; avec un total de 48 cartes &#8211; parfait pour d\u00e9couvrir de nouveaux mica, essayer des id\u00e9es de deck ou simplement profiter du plaisir de collectionner. <\/p>\n<p>La carte promotionnelle Stitch &#8211; Snowboarder insouciant, avec sa finition mica exceptionnelle, est une pi\u00e8ce ma\u00eetresse de l&#8217;ensemble. Elle ajoute une touche impressionnante \u00e0 votre collection et fait de ce set un must pour les collectionneurs, les d\u00e9butants du TCG et les fans de l&#8217;alien chaotique pr\u00e9f\u00e9r\u00e9. <\/p>\n<p>Le Guide du Collectionneur inclus est une introduction compacte qui vous aidera \u00e0 structurer votre collection et \u00e0 exploiter pleinement le potentiel de vos cartes. Un kit de d\u00e9marrage r\u00e9ussi pour des aventures hivernales magiques ! <\/p>\n<p>Commencez votre collection et laissez Stitch vous accompagner joyeusement tout au long de la saison glaciale !<\/p>\n<h5>Contenu du jeu<\/h5>\n<ul>\n<li>4 Booster Packs Winterzauber avec 12 cartes de jeu al\u00e9atoires chacun<\/li>\n<li>1 Stitch &#8211; Album Rockstar (peut contenir jusqu&#8217;\u00e0 80 cartes)<\/li>\n<li>1 carte promotionnelle Foil &#8220;Stitch &#8211; Snowboarder insouciant&#8221;.<\/li>\n<li>1 guide du collectionneur<\/li>\n<\/ul>\n","protected":false},"excerpt":{"rendered":"<p>Avec DISNEY LORCANA : WINTERZauber &#8211; STARTERSET FOR COLLECTIONNAIRES &#8211; STITCH EDITION, vous recevrez un pack soigneusement pr\u00e9par\u00e9 qui vous<\/p>\n","protected":false},"featured_media":276471,"comment_status":"open","ping_status":"closed","template":"","meta":{"_acf_changed":false},"product_brand":[5082,5080],"product_cat":[9785,10047,10295,9781,10051],"product_tag":[],"class_list":{"0":"post-304449","1":"product","2":"type-product","3":"status-publish","4":"has-post-thumbnail","6":"product_brand-disney","7":"product_brand-disney-lorcana","8":"product_cat-autres-cartes-a-collectionner","9":"product_cat-coffret-cadeau","10":"product_cat-givresort","11":"product_cat-lorcana","12":"product_cat-produits-par-lots-lorcana","14":"first","15":"instock","16":"taxable","17":"shipping-taxable","18":"purchasable","19":"product-type-variable"},"acf":[],"yoast_head":"<!-- This site is optimized with the Yoast SEO plugin v27.4 - https:\/\/yoast.com\/product\/yoast-seo-wordpress\/ -->\n<title>Ach\u00e8te Disney Lorcana - Winterspell - Kit de d\u00e9marrage pour collectionneur - Stitch Edition<\/title>\n<meta name=\"description\" content=\"Ach\u00e8te Disney Lorcana - Winterspell - Kit de d\u00e9marrage pour collectionneur - Stitch Edition en ligne maintenant \u00e0 petit prix! Ton #1 shop pour cartes TCG &amp; Pok\u00e9mon en Suisse \u2713 Livraison gratuite d\u00e8s CHF 29\" \/>\n<meta name=\"robots\" content=\"index, follow, max-snippet:-1, max-image-preview:large, max-video-preview:-1\" \/>\n<link rel=\"canonical\" href=\"https:\/\/theuncommonshop.ch\/fr\/product\/disney-lorcana-winterspell-starterset-fuer-sammler-stitch-edition-3\/\" \/>\n<meta property=\"og:locale\" content=\"fr_FR\" \/>\n<meta property=\"og:type\" content=\"article\" \/>\n<meta property=\"og:title\" content=\"Ach\u00e8te Disney Lorcana - Winterspell - Kit de d\u00e9marrage pour collectionneur - Stitch Edition\" \/>\n<meta property=\"og:description\" content=\"Ach\u00e8te Disney Lorcana - Winterspell - Kit de d\u00e9marrage pour collectionneur - Stitch Edition en ligne maintenant \u00e0 petit prix! Ton #1 shop pour cartes TCG &amp; Pok\u00e9mon en Suisse \u2713 Livraison gratuite d\u00e8s CHF 29\" \/>\n<meta property=\"og:url\" content=\"https:\/\/theuncommonshop.ch\/fr\/product\/disney-lorcana-winterspell-starterset-fuer-sammler-stitch-edition-3\/\" \/>\n<meta property=\"og:site_name\" content=\"The Uncommon Shop\" \/>\n<meta property=\"article:modified_time\" content=\"2026-03-28T20:10:55+00:00\" \/>\n<meta property=\"og:image\" content=\"https:\/\/theuncommonshop.ch\/wp-content\/uploads\/2025\/12\/5444985453-scaled.jpg\" \/>\n\t<meta property=\"og:image:width\" content=\"2092\" \/>\n\t<meta property=\"og:image:height\" content=\"2560\" \/>\n\t<meta property=\"og:image:type\" content=\"image\/jpeg\" \/>\n<meta name=\"twitter:card\" content=\"summary_large_image\" \/>\n<meta name=\"twitter:label1\" content=\"Disponibilit\u00e9\" \/>\n\t<meta name=\"twitter:data1\" content=\"En stock\" \/>\n<script type=\"application\/ld+json\" class=\"yoast-schema-graph\">{\"@context\":\"https:\\\/\\\/schema.org\",\"@graph\":[{\"@type\":\"WebPage\",\"@id\":\"https:\\\/\\\/theuncommonshop.ch\\\/fr\\\/product\\\/disney-lorcana-winterspell-starterset-fuer-sammler-stitch-edition-3\\\/\",\"url\":\"https:\\\/\\\/theuncommonshop.ch\\\/fr\\\/product\\\/disney-lorcana-winterspell-starterset-fuer-sammler-stitch-edition-3\\\/\",\"name\":\"Ach\u00e8te Disney Lorcana - Winterspell - Kit de d\u00e9marrage pour collectionneur - Stitch Edition\",\"isPartOf\":{\"@id\":\"https:\\\/\\\/theuncommonshop.ch\\\/fr\\\/#website\"},\"primaryImageOfPage\":{\"@id\":\"https:\\\/\\\/theuncommonshop.ch\\\/fr\\\/product\\\/disney-lorcana-winterspell-starterset-fuer-sammler-stitch-edition-3\\\/#primaryimage\"},\"image\":{\"@id\":\"https:\\\/\\\/theuncommonshop.ch\\\/fr\\\/product\\\/disney-lorcana-winterspell-starterset-fuer-sammler-stitch-edition-3\\\/#primaryimage\"},\"thumbnailUrl\":\"https:\\\/\\\/theuncommonshop.ch\\\/wp-content\\\/uploads\\\/2025\\\/12\\\/5444985453-scaled.jpg\",\"datePublished\":\"2025-12-31T11:14:49+00:00\",\"dateModified\":\"2026-03-28T20:10:55+00:00\",\"description\":\"Ach\u00e8te Disney Lorcana - Winterspell - Kit de d\u00e9marrage pour collectionneur - Stitch Edition en ligne maintenant \u00e0 petit prix! Ton #1 shop pour cartes TCG & Pok\u00e9mon en Suisse \u2713 Livraison gratuite d\u00e8s CHF 29\",\"breadcrumb\":{\"@id\":\"https:\\\/\\\/theuncommonshop.ch\\\/fr\\\/product\\\/disney-lorcana-winterspell-starterset-fuer-sammler-stitch-edition-3\\\/#breadcrumb\"},\"inLanguage\":\"fr-FR\",\"potentialAction\":[{\"@type\":\"ReadAction\",\"target\":[\"https:\\\/\\\/theuncommonshop.ch\\\/fr\\\/product\\\/disney-lorcana-winterspell-starterset-fuer-sammler-stitch-edition-3\\\/\"]}]},{\"@type\":\"ImageObject\",\"inLanguage\":\"fr-FR\",\"@id\":\"https:\\\/\\\/theuncommonshop.ch\\\/fr\\\/product\\\/disney-lorcana-winterspell-starterset-fuer-sammler-stitch-edition-3\\\/#primaryimage\",\"url\":\"https:\\\/\\\/theuncommonshop.ch\\\/wp-content\\\/uploads\\\/2025\\\/12\\\/5444985453-scaled.jpg\",\"contentUrl\":\"https:\\\/\\\/theuncommonshop.ch\\\/wp-content\\\/uploads\\\/2025\\\/12\\\/5444985453-scaled.jpg\",\"width\":2092,\"height\":2560},{\"@type\":\"BreadcrumbList\",\"@id\":\"https:\\\/\\\/theuncommonshop.ch\\\/fr\\\/product\\\/disney-lorcana-winterspell-starterset-fuer-sammler-stitch-edition-3\\\/#breadcrumb\",\"itemListElement\":[{\"@type\":\"ListItem\",\"position\":1,\"name\":\"Accueil\",\"item\":\"https:\\\/\\\/theuncommonshop.ch\\\/fr\\\/accueil\\\/\"},{\"@type\":\"ListItem\",\"position\":2,\"name\":\"Boutique\",\"item\":\"https:\\\/\\\/theuncommonshop.ch\\\/fr\\\/boutique\\\/\"},{\"@type\":\"ListItem\",\"position\":3,\"name\":\"Autres cartes \u00e0 collectionner\",\"item\":\"https:\\\/\\\/theuncommonshop.ch\\\/fr\\\/categorie-produit\\\/autres-cartes-a-collectionner\\\/\"},{\"@type\":\"ListItem\",\"position\":4,\"name\":\"Lorcana\",\"item\":\"https:\\\/\\\/theuncommonshop.ch\\\/fr\\\/categorie-produit\\\/autres-cartes-a-collectionner\\\/lorcana\\\/\"},{\"@type\":\"ListItem\",\"position\":5,\"name\":\"Produits par lots\",\"item\":\"https:\\\/\\\/theuncommonshop.ch\\\/fr\\\/categorie-produit\\\/autres-cartes-a-collectionner\\\/lorcana\\\/produits-par-lots-lorcana\\\/\"},{\"@type\":\"ListItem\",\"position\":6,\"name\":\"Givresort\",\"item\":\"https:\\\/\\\/theuncommonshop.ch\\\/fr\\\/categorie-produit\\\/autres-cartes-a-collectionner\\\/lorcana\\\/produits-par-lots-lorcana\\\/givresort\\\/\"},{\"@type\":\"ListItem\",\"position\":7,\"name\":\"Disney Lorcana &#8211; Winterspell &#8211; Kit de d\u00e9marrage pour collectionneur &#8211; Stitch Edition\"}]},{\"@type\":\"WebSite\",\"@id\":\"https:\\\/\\\/theuncommonshop.ch\\\/fr\\\/#website\",\"url\":\"https:\\\/\\\/theuncommonshop.ch\\\/fr\\\/\",\"name\":\"The Uncommon Shop\",\"description\":\"Magic, Pok\u00e9mon and Yu-gi-oh - The Uncommon Shop\",\"potentialAction\":[{\"@type\":\"SearchAction\",\"target\":{\"@type\":\"EntryPoint\",\"urlTemplate\":\"https:\\\/\\\/theuncommonshop.ch\\\/fr\\\/?s={search_term_string}\"},\"query-input\":{\"@type\":\"PropertyValueSpecification\",\"valueRequired\":true,\"valueName\":\"search_term_string\"}}],\"inLanguage\":\"fr-FR\"}]}<\/script>\n<meta property=\"og:availability\" content=\"instock\" \/>\n<meta property=\"product:availability\" content=\"instock\" \/>\n<meta property=\"product:condition\" content=\"new\" \/>\n<!-- \/ Yoast SEO plugin. -->","yoast_head_json":{"title":"Ach\u00e8te Disney Lorcana - Winterspell - Kit de d\u00e9marrage pour collectionneur - Stitch Edition","description":"Ach\u00e8te Disney Lorcana - Winterspell - Kit de d\u00e9marrage pour collectionneur - Stitch Edition en ligne maintenant \u00e0 petit prix! Ton #1 shop pour cartes TCG & Pok\u00e9mon en Suisse \u2713 Livraison gratuite d\u00e8s CHF 29","robots":{"index":"index","follow":"follow","max-snippet":"max-snippet:-1","max-image-preview":"max-image-preview:large","max-video-preview":"max-video-preview:-1"},"canonical":"https:\/\/theuncommonshop.ch\/fr\/product\/disney-lorcana-winterspell-starterset-fuer-sammler-stitch-edition-3\/","og_locale":"fr_FR","og_type":"article","og_title":"Ach\u00e8te Disney Lorcana - Winterspell - Kit de d\u00e9marrage pour collectionneur - Stitch Edition","og_description":"Ach\u00e8te Disney Lorcana - Winterspell - Kit de d\u00e9marrage pour collectionneur - Stitch Edition en ligne maintenant \u00e0 petit prix! Ton #1 shop pour cartes TCG & Pok\u00e9mon en Suisse \u2713 Livraison gratuite d\u00e8s CHF 29","og_url":"https:\/\/theuncommonshop.ch\/fr\/product\/disney-lorcana-winterspell-starterset-fuer-sammler-stitch-edition-3\/","og_site_name":"The Uncommon Shop","article_modified_time":"2026-03-28T20:10:55+00:00","og_image":[{"width":2092,"height":2560,"url":"https:\/\/theuncommonshop.ch\/wp-content\/uploads\/2025\/12\/5444985453-scaled.jpg","type":"image\/jpeg"}],"twitter_card":"summary_large_image","twitter_misc":{"Disponibilit\u00e9":"En stock"},"schema":{"@context":"https:\/\/schema.org","@graph":[{"@type":"WebPage","@id":"https:\/\/theuncommonshop.ch\/fr\/product\/disney-lorcana-winterspell-starterset-fuer-sammler-stitch-edition-3\/","url":"https:\/\/theuncommonshop.ch\/fr\/product\/disney-lorcana-winterspell-starterset-fuer-sammler-stitch-edition-3\/","name":"Ach\u00e8te Disney Lorcana - Winterspell - Kit de d\u00e9marrage pour collectionneur - Stitch Edition","isPartOf":{"@id":"https:\/\/theuncommonshop.ch\/fr\/#website"},"primaryImageOfPage":{"@id":"https:\/\/theuncommonshop.ch\/fr\/product\/disney-lorcana-winterspell-starterset-fuer-sammler-stitch-edition-3\/#primaryimage"},"image":{"@id":"https:\/\/theuncommonshop.ch\/fr\/product\/disney-lorcana-winterspell-starterset-fuer-sammler-stitch-edition-3\/#primaryimage"},"thumbnailUrl":"https:\/\/theuncommonshop.ch\/wp-content\/uploads\/2025\/12\/5444985453-scaled.jpg","datePublished":"2025-12-31T11:14:49+00:00","dateModified":"2026-03-28T20:10:55+00:00","description":"Ach\u00e8te Disney Lorcana - Winterspell - Kit de d\u00e9marrage pour collectionneur - Stitch Edition en ligne maintenant \u00e0 petit prix! Ton #1 shop pour cartes TCG & Pok\u00e9mon en Suisse \u2713 Livraison gratuite d\u00e8s CHF 29","breadcrumb":{"@id":"https:\/\/theuncommonshop.ch\/fr\/product\/disney-lorcana-winterspell-starterset-fuer-sammler-stitch-edition-3\/#breadcrumb"},"inLanguage":"fr-FR","potentialAction":[{"@type":"ReadAction","target":["https:\/\/theuncommonshop.ch\/fr\/product\/disney-lorcana-winterspell-starterset-fuer-sammler-stitch-edition-3\/"]}]},{"@type":"ImageObject","inLanguage":"fr-FR","@id":"https:\/\/theuncommonshop.ch\/fr\/product\/disney-lorcana-winterspell-starterset-fuer-sammler-stitch-edition-3\/#primaryimage","url":"https:\/\/theuncommonshop.ch\/wp-content\/uploads\/2025\/12\/5444985453-scaled.jpg","contentUrl":"https:\/\/theuncommonshop.ch\/wp-content\/uploads\/2025\/12\/5444985453-scaled.jpg","width":2092,"height":2560},{"@type":"BreadcrumbList","@id":"https:\/\/theuncommonshop.ch\/fr\/product\/disney-lorcana-winterspell-starterset-fuer-sammler-stitch-edition-3\/#breadcrumb","itemListElement":[{"@type":"ListItem","position":1,"name":"Accueil","item":"https:\/\/theuncommonshop.ch\/fr\/accueil\/"},{"@type":"ListItem","position":2,"name":"Boutique","item":"https:\/\/theuncommonshop.ch\/fr\/boutique\/"},{"@type":"ListItem","position":3,"name":"Autres cartes \u00e0 collectionner","item":"https:\/\/theuncommonshop.ch\/fr\/categorie-produit\/autres-cartes-a-collectionner\/"},{"@type":"ListItem","position":4,"name":"Lorcana","item":"https:\/\/theuncommonshop.ch\/fr\/categorie-produit\/autres-cartes-a-collectionner\/lorcana\/"},{"@type":"ListItem","position":5,"name":"Produits par lots","item":"https:\/\/theuncommonshop.ch\/fr\/categorie-produit\/autres-cartes-a-collectionner\/lorcana\/produits-par-lots-lorcana\/"},{"@type":"ListItem","position":6,"name":"Givresort","item":"https:\/\/theuncommonshop.ch\/fr\/categorie-produit\/autres-cartes-a-collectionner\/lorcana\/produits-par-lots-lorcana\/givresort\/"},{"@type":"ListItem","position":7,"name":"Disney Lorcana &#8211; Winterspell &#8211; Kit de d\u00e9marrage pour collectionneur &#8211; Stitch Edition"}]},{"@type":"WebSite","@id":"https:\/\/theuncommonshop.ch\/fr\/#website","url":"https:\/\/theuncommonshop.ch\/fr\/","name":"The Uncommon Shop","description":"Magic, Pok\u00e9mon and Yu-gi-oh - The Uncommon Shop","potentialAction":[{"@type":"SearchAction","target":{"@type":"EntryPoint","urlTemplate":"https:\/\/theuncommonshop.ch\/fr\/?s={search_term_string}"},"query-input":{"@type":"PropertyValueSpecification","valueRequired":true,"valueName":"search_term_string"}}],"inLanguage":"fr-FR"}]},"og_availability":"instock","product_availability":"instock","product_condition":"new"},"_links":{"self":[{"href":"https:\/\/theuncommonshop.ch\/fr\/wp-json\/wp\/v2\/product\/304449","targetHints":{"allow":["GET"]}}],"collection":[{"href":"https:\/\/theuncommonshop.ch\/fr\/wp-json\/wp\/v2\/product"}],"about":[{"href":"https:\/\/theuncommonshop.ch\/fr\/wp-json\/wp\/v2\/types\/product"}],"replies":[{"embeddable":true,"href":"https:\/\/theuncommonshop.ch\/fr\/wp-json\/wp\/v2\/comments?post=304449"}],"version-history":[{"count":0,"href":"https:\/\/theuncommonshop.ch\/fr\/wp-json\/wp\/v2\/product\/304449\/revisions"}],"wp:featuredmedia":[{"embeddable":true,"href":"https:\/\/theuncommonshop.ch\/fr\/wp-json\/wp\/v2\/media\/276471"}],"wp:attachment":[{"href":"https:\/\/theuncommonshop.ch\/fr\/wp-json\/wp\/v2\/media?parent=304449"}],"wp:term":[{"taxonomy":"product_brand","embeddable":true,"href":"https:\/\/theuncommonshop.ch\/fr\/wp-json\/wp\/v2\/product_brand?post=304449"},{"taxonomy":"product_cat","embeddable":true,"href":"https:\/\/theuncommonshop.ch\/fr\/wp-json\/wp\/v2\/product_cat?post=304449"},{"taxonomy":"product_tag","embeddable":true,"href":"https:\/\/theuncommonshop.ch\/fr\/wp-json\/wp\/v2\/product_tag?post=304449"}],"curies":[{"name":"wp","href":"https:\/\/api.w.org\/{rel}","templated":true}]}}