{"id":304356,"date":"2025-12-31T01:28:47","date_gmt":"2025-12-31T01:28:47","guid":{"rendered":"http:\/\/theuncommonshop.ch\/produkt\/304356\/"},"modified":"2026-03-08T13:45:45","modified_gmt":"2026-03-08T12:45:45","slug":"lorcana-the-uncommon-shop-adventskalender-booster-only-2025-2","status":"publish","type":"product","link":"https:\/\/theuncommonshop.ch\/fr\/product\/lorcana-the-uncommon-shop-adventskalender-booster-only-2025-2\/","title":{"rendered":"Lorcana &#8211; The Uncommon Shop &#8211; Adventskalender (Booster Only) 2025"},"content":{"rendered":"<div><strong>Le dernier jour de commande est le 26.11.2025 afin que nous puissions garantir une livraison dans les d\u00e9lais.<\/strong><\/div>\n<p><strong>D\u00e9lai de traitement apr\u00e8s la commande : 2-3 jours ouvrables.<\/strong><\/p>\n<p><strong>Le calendrier de l&#8217;Avent Lorcana 2025 de The Uncommon Shop  <\/strong><\/p>\n<p>Pr\u00e9parez-vous \u00e0 vivre la p\u00e9riode de No\u00ebl la plus magique de tous les temps ! Le calendrier de l&#8217;Avent <em>The Uncommon Shop<\/em> vous r\u00e9serve 24 surprises magiques ! Oubliez les calendriers au chocolat ennuyeux, ici c&#8217;est 24 jours de pure magie <em>Lorcana <\/em>!  <\/p>\n<p>&nbsp;<\/p>\n<p><strong>Les tailles suivantes sont disponibles :<\/strong><\/p>\n<p><strong>150 CHF<\/strong><\/p>\n<p>Choisissez le montant qui correspond \u00e0 votre budget et profitez de l&#8217;Avent dans la langue de votre choix, en fran\u00e7ais, en anglais ou en allemand.<\/p>\n<p><strong>Ce qui vous attend<\/strong><\/p>\n<ul>\n<li>24 Boosters <em>Lorcana<\/em> s\u00e9lectionn\u00e9s de mani\u00e8re vari\u00e9e Fen\u00eatre de l&#8217;Avent<\/li>\n<li>Un calendrier de l&#8217;Avent dont la valeur d\u00e9passe \u00e0 coup s\u00fbr le prix d&#8217;achat !<\/li>\n<\/ul>\n","protected":false},"excerpt":{"rendered":"<p>Le dernier jour de commande est le 26.11.2025 afin que nous puissions garantir une livraison dans les d\u00e9lais. D\u00e9lai de<\/p>\n","protected":false},"featured_media":266430,"comment_status":"open","ping_status":"closed","template":"","meta":{"_acf_changed":false},"product_brand":[5080,5180],"product_cat":[9785,10299,9781],"product_tag":[],"class_list":{"0":"post-304356","1":"product","2":"type-product","3":"status-publish","4":"has-post-thumbnail","6":"product_brand-disney-lorcana","7":"product_brand-the-uncommon-shop","8":"product_cat-autres-cartes-a-collectionner","9":"product_cat-boites-diverses","10":"product_cat-lorcana","12":"first","13":"instock","14":"taxable","15":"shipping-taxable","16":"purchasable","17":"product-type-variable"},"acf":[],"yoast_head":"<!-- This site is optimized with the Yoast SEO plugin v27.4 - https:\/\/yoast.com\/product\/yoast-seo-wordpress\/ -->\n<title>Ach\u00e8te Lorcana - The Uncommon Shop - Adventskalender (Booster Only) 2025<\/title>\n<meta name=\"description\" content=\"Ach\u00e8te Lorcana - The Uncommon Shop - Adventskalender (Booster Only) 2025 en ligne maintenant \u00e0 petit prix! Ton #1 shop pour cartes TCG &amp; Pok\u00e9mon en Suisse \u2713 Livraison gratuite d\u00e8s CHF 29\" \/>\n<meta name=\"robots\" content=\"index, follow, max-snippet:-1, max-image-preview:large, max-video-preview:-1\" \/>\n<link rel=\"canonical\" href=\"https:\/\/theuncommonshop.ch\/fr\/product\/lorcana-the-uncommon-shop-adventskalender-booster-only-2025-2\/\" \/>\n<meta property=\"og:locale\" content=\"fr_FR\" \/>\n<meta property=\"og:type\" content=\"article\" \/>\n<meta property=\"og:title\" content=\"Ach\u00e8te Lorcana - The Uncommon Shop - Adventskalender (Booster Only) 2025\" \/>\n<meta property=\"og:description\" content=\"Ach\u00e8te Lorcana - The Uncommon Shop - Adventskalender (Booster Only) 2025 en ligne maintenant \u00e0 petit prix! Ton #1 shop pour cartes TCG &amp; Pok\u00e9mon en Suisse \u2713 Livraison gratuite d\u00e8s CHF 29\" \/>\n<meta property=\"og:url\" content=\"https:\/\/theuncommonshop.ch\/fr\/product\/lorcana-the-uncommon-shop-adventskalender-booster-only-2025-2\/\" \/>\n<meta property=\"og:site_name\" content=\"The Uncommon Shop\" \/>\n<meta property=\"article:modified_time\" content=\"2026-03-08T12:45:45+00:00\" \/>\n<meta property=\"og:image\" content=\"https:\/\/theuncommonshop.ch\/wp-content\/uploads\/2025\/12\/5227590520.webp\" \/>\n\t<meta property=\"og:image:width\" content=\"1262\" \/>\n\t<meta property=\"og:image:height\" content=\"1212\" \/>\n\t<meta property=\"og:image:type\" content=\"image\/webp\" \/>\n<meta name=\"twitter:card\" content=\"summary_large_image\" \/>\n<meta name=\"twitter:label1\" content=\"Disponibilit\u00e9\" \/>\n\t<meta name=\"twitter:data1\" content=\"En stock\" \/>\n<script type=\"application\/ld+json\" class=\"yoast-schema-graph\">{\"@context\":\"https:\\\/\\\/schema.org\",\"@graph\":[{\"@type\":\"WebPage\",\"@id\":\"https:\\\/\\\/theuncommonshop.ch\\\/fr\\\/product\\\/lorcana-the-uncommon-shop-adventskalender-booster-only-2025-2\\\/\",\"url\":\"https:\\\/\\\/theuncommonshop.ch\\\/fr\\\/product\\\/lorcana-the-uncommon-shop-adventskalender-booster-only-2025-2\\\/\",\"name\":\"Ach\u00e8te Lorcana - The Uncommon Shop - Adventskalender (Booster Only) 2025\",\"isPartOf\":{\"@id\":\"https:\\\/\\\/theuncommonshop.ch\\\/fr\\\/#website\"},\"primaryImageOfPage\":{\"@id\":\"https:\\\/\\\/theuncommonshop.ch\\\/fr\\\/product\\\/lorcana-the-uncommon-shop-adventskalender-booster-only-2025-2\\\/#primaryimage\"},\"image\":{\"@id\":\"https:\\\/\\\/theuncommonshop.ch\\\/fr\\\/product\\\/lorcana-the-uncommon-shop-adventskalender-booster-only-2025-2\\\/#primaryimage\"},\"thumbnailUrl\":\"https:\\\/\\\/theuncommonshop.ch\\\/wp-content\\\/uploads\\\/2025\\\/12\\\/5227590520.webp\",\"datePublished\":\"2025-12-31T01:28:47+00:00\",\"dateModified\":\"2026-03-08T12:45:45+00:00\",\"description\":\"Ach\u00e8te Lorcana - The Uncommon Shop - Adventskalender (Booster Only) 2025 en ligne maintenant \u00e0 petit prix! Ton #1 shop pour cartes TCG & Pok\u00e9mon en Suisse \u2713 Livraison gratuite d\u00e8s CHF 29\",\"breadcrumb\":{\"@id\":\"https:\\\/\\\/theuncommonshop.ch\\\/fr\\\/product\\\/lorcana-the-uncommon-shop-adventskalender-booster-only-2025-2\\\/#breadcrumb\"},\"inLanguage\":\"fr-FR\",\"potentialAction\":[{\"@type\":\"ReadAction\",\"target\":[\"https:\\\/\\\/theuncommonshop.ch\\\/fr\\\/product\\\/lorcana-the-uncommon-shop-adventskalender-booster-only-2025-2\\\/\"]}]},{\"@type\":\"ImageObject\",\"inLanguage\":\"fr-FR\",\"@id\":\"https:\\\/\\\/theuncommonshop.ch\\\/fr\\\/product\\\/lorcana-the-uncommon-shop-adventskalender-booster-only-2025-2\\\/#primaryimage\",\"url\":\"https:\\\/\\\/theuncommonshop.ch\\\/wp-content\\\/uploads\\\/2025\\\/12\\\/5227590520.webp\",\"contentUrl\":\"https:\\\/\\\/theuncommonshop.ch\\\/wp-content\\\/uploads\\\/2025\\\/12\\\/5227590520.webp\",\"width\":1262,\"height\":1212},{\"@type\":\"BreadcrumbList\",\"@id\":\"https:\\\/\\\/theuncommonshop.ch\\\/fr\\\/product\\\/lorcana-the-uncommon-shop-adventskalender-booster-only-2025-2\\\/#breadcrumb\",\"itemListElement\":[{\"@type\":\"ListItem\",\"position\":1,\"name\":\"Accueil\",\"item\":\"https:\\\/\\\/theuncommonshop.ch\\\/fr\\\/accueil\\\/\"},{\"@type\":\"ListItem\",\"position\":2,\"name\":\"Boutique\",\"item\":\"https:\\\/\\\/theuncommonshop.ch\\\/fr\\\/boutique\\\/\"},{\"@type\":\"ListItem\",\"position\":3,\"name\":\"Autres cartes \u00e0 collectionner\",\"item\":\"https:\\\/\\\/theuncommonshop.ch\\\/fr\\\/categorie-produit\\\/autres-cartes-a-collectionner\\\/\"},{\"@type\":\"ListItem\",\"position\":4,\"name\":\"Lorcana\",\"item\":\"https:\\\/\\\/theuncommonshop.ch\\\/fr\\\/categorie-produit\\\/autres-cartes-a-collectionner\\\/lorcana\\\/\"},{\"@type\":\"ListItem\",\"position\":5,\"name\":\"Bo\u00eetes diverses\",\"item\":\"https:\\\/\\\/theuncommonshop.ch\\\/fr\\\/categorie-produit\\\/autres-cartes-a-collectionner\\\/lorcana\\\/boites-diverses\\\/\"},{\"@type\":\"ListItem\",\"position\":6,\"name\":\"Lorcana &#8211; The Uncommon Shop &#8211; Adventskalender (Booster Only) 2025\"}]},{\"@type\":\"WebSite\",\"@id\":\"https:\\\/\\\/theuncommonshop.ch\\\/fr\\\/#website\",\"url\":\"https:\\\/\\\/theuncommonshop.ch\\\/fr\\\/\",\"name\":\"The Uncommon Shop\",\"description\":\"Magic, Pok\u00e9mon and Yu-gi-oh - The Uncommon Shop\",\"potentialAction\":[{\"@type\":\"SearchAction\",\"target\":{\"@type\":\"EntryPoint\",\"urlTemplate\":\"https:\\\/\\\/theuncommonshop.ch\\\/fr\\\/?s={search_term_string}\"},\"query-input\":{\"@type\":\"PropertyValueSpecification\",\"valueRequired\":true,\"valueName\":\"search_term_string\"}}],\"inLanguage\":\"fr-FR\"}]}<\/script>\n<meta property=\"og:availability\" content=\"instock\" \/>\n<meta property=\"product:availability\" content=\"instock\" \/>\n<meta property=\"product:retailer_item_id\" content=\"LorcanaAdventAufsFaltKale25\" \/>\n<meta property=\"product:condition\" content=\"new\" \/>\n<!-- \/ Yoast SEO plugin. -->","yoast_head_json":{"title":"Ach\u00e8te Lorcana - The Uncommon Shop - Adventskalender (Booster Only) 2025","description":"Ach\u00e8te Lorcana - The Uncommon Shop - Adventskalender (Booster Only) 2025 en ligne maintenant \u00e0 petit prix! Ton #1 shop pour cartes TCG & Pok\u00e9mon en Suisse \u2713 Livraison gratuite d\u00e8s CHF 29","robots":{"index":"index","follow":"follow","max-snippet":"max-snippet:-1","max-image-preview":"max-image-preview:large","max-video-preview":"max-video-preview:-1"},"canonical":"https:\/\/theuncommonshop.ch\/fr\/product\/lorcana-the-uncommon-shop-adventskalender-booster-only-2025-2\/","og_locale":"fr_FR","og_type":"article","og_title":"Ach\u00e8te Lorcana - The Uncommon Shop - Adventskalender (Booster Only) 2025","og_description":"Ach\u00e8te Lorcana - The Uncommon Shop - Adventskalender (Booster Only) 2025 en ligne maintenant \u00e0 petit prix! Ton #1 shop pour cartes TCG & Pok\u00e9mon en Suisse \u2713 Livraison gratuite d\u00e8s CHF 29","og_url":"https:\/\/theuncommonshop.ch\/fr\/product\/lorcana-the-uncommon-shop-adventskalender-booster-only-2025-2\/","og_site_name":"The Uncommon Shop","article_modified_time":"2026-03-08T12:45:45+00:00","og_image":[{"width":1262,"height":1212,"url":"https:\/\/theuncommonshop.ch\/wp-content\/uploads\/2025\/12\/5227590520.webp","type":"image\/webp"}],"twitter_card":"summary_large_image","twitter_misc":{"Disponibilit\u00e9":"En stock"},"schema":{"@context":"https:\/\/schema.org","@graph":[{"@type":"WebPage","@id":"https:\/\/theuncommonshop.ch\/fr\/product\/lorcana-the-uncommon-shop-adventskalender-booster-only-2025-2\/","url":"https:\/\/theuncommonshop.ch\/fr\/product\/lorcana-the-uncommon-shop-adventskalender-booster-only-2025-2\/","name":"Ach\u00e8te Lorcana - The Uncommon Shop - Adventskalender (Booster Only) 2025","isPartOf":{"@id":"https:\/\/theuncommonshop.ch\/fr\/#website"},"primaryImageOfPage":{"@id":"https:\/\/theuncommonshop.ch\/fr\/product\/lorcana-the-uncommon-shop-adventskalender-booster-only-2025-2\/#primaryimage"},"image":{"@id":"https:\/\/theuncommonshop.ch\/fr\/product\/lorcana-the-uncommon-shop-adventskalender-booster-only-2025-2\/#primaryimage"},"thumbnailUrl":"https:\/\/theuncommonshop.ch\/wp-content\/uploads\/2025\/12\/5227590520.webp","datePublished":"2025-12-31T01:28:47+00:00","dateModified":"2026-03-08T12:45:45+00:00","description":"Ach\u00e8te Lorcana - The Uncommon Shop - Adventskalender (Booster Only) 2025 en ligne maintenant \u00e0 petit prix! Ton #1 shop pour cartes TCG & Pok\u00e9mon en Suisse \u2713 Livraison gratuite d\u00e8s CHF 29","breadcrumb":{"@id":"https:\/\/theuncommonshop.ch\/fr\/product\/lorcana-the-uncommon-shop-adventskalender-booster-only-2025-2\/#breadcrumb"},"inLanguage":"fr-FR","potentialAction":[{"@type":"ReadAction","target":["https:\/\/theuncommonshop.ch\/fr\/product\/lorcana-the-uncommon-shop-adventskalender-booster-only-2025-2\/"]}]},{"@type":"ImageObject","inLanguage":"fr-FR","@id":"https:\/\/theuncommonshop.ch\/fr\/product\/lorcana-the-uncommon-shop-adventskalender-booster-only-2025-2\/#primaryimage","url":"https:\/\/theuncommonshop.ch\/wp-content\/uploads\/2025\/12\/5227590520.webp","contentUrl":"https:\/\/theuncommonshop.ch\/wp-content\/uploads\/2025\/12\/5227590520.webp","width":1262,"height":1212},{"@type":"BreadcrumbList","@id":"https:\/\/theuncommonshop.ch\/fr\/product\/lorcana-the-uncommon-shop-adventskalender-booster-only-2025-2\/#breadcrumb","itemListElement":[{"@type":"ListItem","position":1,"name":"Accueil","item":"https:\/\/theuncommonshop.ch\/fr\/accueil\/"},{"@type":"ListItem","position":2,"name":"Boutique","item":"https:\/\/theuncommonshop.ch\/fr\/boutique\/"},{"@type":"ListItem","position":3,"name":"Autres cartes \u00e0 collectionner","item":"https:\/\/theuncommonshop.ch\/fr\/categorie-produit\/autres-cartes-a-collectionner\/"},{"@type":"ListItem","position":4,"name":"Lorcana","item":"https:\/\/theuncommonshop.ch\/fr\/categorie-produit\/autres-cartes-a-collectionner\/lorcana\/"},{"@type":"ListItem","position":5,"name":"Bo\u00eetes diverses","item":"https:\/\/theuncommonshop.ch\/fr\/categorie-produit\/autres-cartes-a-collectionner\/lorcana\/boites-diverses\/"},{"@type":"ListItem","position":6,"name":"Lorcana &#8211; The Uncommon Shop &#8211; Adventskalender (Booster Only) 2025"}]},{"@type":"WebSite","@id":"https:\/\/theuncommonshop.ch\/fr\/#website","url":"https:\/\/theuncommonshop.ch\/fr\/","name":"The Uncommon Shop","description":"Magic, Pok\u00e9mon and Yu-gi-oh - The Uncommon Shop","potentialAction":[{"@type":"SearchAction","target":{"@type":"EntryPoint","urlTemplate":"https:\/\/theuncommonshop.ch\/fr\/?s={search_term_string}"},"query-input":{"@type":"PropertyValueSpecification","valueRequired":true,"valueName":"search_term_string"}}],"inLanguage":"fr-FR"}]},"og_availability":"instock","product_availability":"instock","product_retailer_item_id":"LorcanaAdventAufsFaltKale25","product_condition":"new"},"_links":{"self":[{"href":"https:\/\/theuncommonshop.ch\/fr\/wp-json\/wp\/v2\/product\/304356","targetHints":{"allow":["GET"]}}],"collection":[{"href":"https:\/\/theuncommonshop.ch\/fr\/wp-json\/wp\/v2\/product"}],"about":[{"href":"https:\/\/theuncommonshop.ch\/fr\/wp-json\/wp\/v2\/types\/product"}],"replies":[{"embeddable":true,"href":"https:\/\/theuncommonshop.ch\/fr\/wp-json\/wp\/v2\/comments?post=304356"}],"version-history":[{"count":0,"href":"https:\/\/theuncommonshop.ch\/fr\/wp-json\/wp\/v2\/product\/304356\/revisions"}],"wp:featuredmedia":[{"embeddable":true,"href":"https:\/\/theuncommonshop.ch\/fr\/wp-json\/wp\/v2\/media\/266430"}],"wp:attachment":[{"href":"https:\/\/theuncommonshop.ch\/fr\/wp-json\/wp\/v2\/media?parent=304356"}],"wp:term":[{"taxonomy":"product_brand","embeddable":true,"href":"https:\/\/theuncommonshop.ch\/fr\/wp-json\/wp\/v2\/product_brand?post=304356"},{"taxonomy":"product_cat","embeddable":true,"href":"https:\/\/theuncommonshop.ch\/fr\/wp-json\/wp\/v2\/product_cat?post=304356"},{"taxonomy":"product_tag","embeddable":true,"href":"https:\/\/theuncommonshop.ch\/fr\/wp-json\/wp\/v2\/product_tag?post=304356"}],"curies":[{"name":"wp","href":"https:\/\/api.w.org\/{rel}","templated":true}]}}