{"id":304223,"date":"2025-12-31T12:13:02","date_gmt":"2025-12-31T12:13:02","guid":{"rendered":"http:\/\/theuncommonshop.ch\/produkt\/304223\/"},"modified":"2026-03-28T21:04:32","modified_gmt":"2026-03-28T20:04:32","slug":"disney-lorcana-dagobert-duck-gift-box-3","status":"publish","type":"product","link":"https:\/\/theuncommonshop.ch\/fr\/product\/disney-lorcana-dagobert-duck-gift-box-3\/","title":{"rendered":"Disney Lorcana &#8211; Oncle Picsou &#8211; Gift Box"},"content":{"rendered":"<p>Le Coffret Cadeau DISNEY LORCANA &#8211; DAGOBERT apporte une touche d&#8217;exclusivit\u00e9 \u00e0 votre collection : une carte promotionnelle sp\u00e9ciale Foil avec une toute nouvelle illustration qui ravira les fans, les collectionneurs et les joueurs du TCG. Combin\u00e9 avec plusieurs Boosters de diff\u00e9rents sets Lorcana, vous obtenez un pack polyvalent, parfait pour enrichir vos decks et votre collection. <\/p>\n<p>Le c\u0153ur de la bo\u00eete est un porte-cartes solide avec un design th\u00e9matique qui prot\u00e8ge jusqu&#8217;\u00e0 250 cartes sleev\u00e9es. Compl\u00e9t\u00e9e par trois s\u00e9parateurs de cartes pratiques, elle vous permet de structurer clairement votre collection et de la garder parfaitement organis\u00e9e. Le m\u00e9lange de Promo exclusive, d&#8217;accessoires utiles et de Boosters fait de cette bo\u00eete cadeau un tr\u00e9sor pr\u00e9cieux pour les nouveaux Luminari et les plus exp\u00e9riment\u00e9s.  <\/p>\n<p>Que vous l&#8217;offriez en cadeau ou qu&#8217;il s&#8217;agisse d&#8217;une extension luxueuse de votre propre collection, ce coffret vous offre de multiples possibilit\u00e9s de d\u00e9couvrir de nouvelles strat\u00e9gies et de ranger vos cartes pr\u00e9f\u00e9r\u00e9es avec style.<\/p>\n<p>Obtenez le CADEAU CADEAU et plongez encore plus loin dans l&#8217;aventure Lorcana !<\/p>\n<h5>Contenu du jeu<\/h5>\n<ul>\n<li>1 carte promotionnelle Foil<\/li>\n<li>1 bo\u00eete de cartes pouvant contenir jusqu&#8217;\u00e0 250 cartes enlev\u00e9es<\/li>\n<li>5 Booster Packs contenant chacun 12 cartes de jeu al\u00e9atoires<\/li>\n<li>3 s\u00e9parateurs de cartes<\/li>\n<\/ul>\n","protected":false},"excerpt":{"rendered":"<p>Le Coffret Cadeau DISNEY LORCANA &#8211; DAGOBERT apporte une touche d&#8217;exclusivit\u00e9 \u00e0 votre collection : une carte promotionnelle sp\u00e9ciale Foil<\/p>\n","protected":false},"featured_media":276415,"comment_status":"open","ping_status":"closed","template":"","meta":{"_acf_changed":false},"product_brand":[5082,5080],"product_cat":[9785,10047,9781],"product_tag":[],"class_list":{"0":"post-304223","1":"product","2":"type-product","3":"status-publish","4":"has-post-thumbnail","6":"product_brand-disney","7":"product_brand-disney-lorcana","8":"product_cat-autres-cartes-a-collectionner","9":"product_cat-coffret-cadeau","10":"product_cat-lorcana","12":"first","13":"instock","14":"sale","15":"taxable","16":"shipping-taxable","17":"purchasable","18":"product-type-variable"},"acf":[],"yoast_head":"<!-- This site is optimized with the Yoast SEO plugin v27.4 - https:\/\/yoast.com\/product\/yoast-seo-wordpress\/ -->\n<title>Ach\u00e8te Disney Lorcana - Oncle Picsou - Gift Box<\/title>\n<meta name=\"description\" content=\"Ach\u00e8te Disney Lorcana - Oncle Picsou - Gift Box en ligne maintenant \u00e0 petit prix! Ton #1 shop pour cartes TCG &amp; Pok\u00e9mon en Suisse \u2713 Livraison gratuite d\u00e8s CHF 29\" \/>\n<meta name=\"robots\" content=\"index, follow, max-snippet:-1, max-image-preview:large, max-video-preview:-1\" \/>\n<link rel=\"canonical\" href=\"https:\/\/theuncommonshop.ch\/fr\/product\/disney-lorcana-dagobert-duck-gift-box-3\/\" \/>\n<meta property=\"og:locale\" content=\"fr_FR\" \/>\n<meta property=\"og:type\" content=\"article\" \/>\n<meta property=\"og:title\" content=\"Ach\u00e8te Disney Lorcana - Oncle Picsou - Gift Box\" \/>\n<meta property=\"og:description\" content=\"Ach\u00e8te Disney Lorcana - Oncle Picsou - Gift Box en ligne maintenant \u00e0 petit prix! Ton #1 shop pour cartes TCG &amp; Pok\u00e9mon en Suisse \u2713 Livraison gratuite d\u00e8s CHF 29\" \/>\n<meta property=\"og:url\" content=\"https:\/\/theuncommonshop.ch\/fr\/product\/disney-lorcana-dagobert-duck-gift-box-3\/\" \/>\n<meta property=\"og:site_name\" content=\"The Uncommon Shop\" \/>\n<meta property=\"article:modified_time\" content=\"2026-03-28T20:04:32+00:00\" \/>\n<meta property=\"og:image\" content=\"https:\/\/theuncommonshop.ch\/wp-content\/uploads\/2025\/12\/5444674992.jpg\" \/>\n\t<meta property=\"og:image:width\" content=\"1024\" \/>\n\t<meta property=\"og:image:height\" content=\"1464\" \/>\n\t<meta property=\"og:image:type\" content=\"image\/jpeg\" \/>\n<meta name=\"twitter:card\" content=\"summary_large_image\" \/>\n<meta name=\"twitter:label1\" content=\"Disponibilit\u00e9\" \/>\n\t<meta name=\"twitter:data1\" content=\"En stock\" \/>\n<script type=\"application\/ld+json\" class=\"yoast-schema-graph\">{\"@context\":\"https:\\\/\\\/schema.org\",\"@graph\":[{\"@type\":\"WebPage\",\"@id\":\"https:\\\/\\\/theuncommonshop.ch\\\/fr\\\/product\\\/disney-lorcana-dagobert-duck-gift-box-3\\\/\",\"url\":\"https:\\\/\\\/theuncommonshop.ch\\\/fr\\\/product\\\/disney-lorcana-dagobert-duck-gift-box-3\\\/\",\"name\":\"Ach\u00e8te Disney Lorcana - Oncle Picsou - Gift Box\",\"isPartOf\":{\"@id\":\"https:\\\/\\\/theuncommonshop.ch\\\/fr\\\/#website\"},\"primaryImageOfPage\":{\"@id\":\"https:\\\/\\\/theuncommonshop.ch\\\/fr\\\/product\\\/disney-lorcana-dagobert-duck-gift-box-3\\\/#primaryimage\"},\"image\":{\"@id\":\"https:\\\/\\\/theuncommonshop.ch\\\/fr\\\/product\\\/disney-lorcana-dagobert-duck-gift-box-3\\\/#primaryimage\"},\"thumbnailUrl\":\"https:\\\/\\\/theuncommonshop.ch\\\/wp-content\\\/uploads\\\/2025\\\/12\\\/5444674992.jpg\",\"datePublished\":\"2025-12-31T12:13:02+00:00\",\"dateModified\":\"2026-03-28T20:04:32+00:00\",\"description\":\"Ach\u00e8te Disney Lorcana - Oncle Picsou - Gift Box en ligne maintenant \u00e0 petit prix! Ton #1 shop pour cartes TCG & Pok\u00e9mon en Suisse \u2713 Livraison gratuite d\u00e8s CHF 29\",\"breadcrumb\":{\"@id\":\"https:\\\/\\\/theuncommonshop.ch\\\/fr\\\/product\\\/disney-lorcana-dagobert-duck-gift-box-3\\\/#breadcrumb\"},\"inLanguage\":\"fr-FR\",\"potentialAction\":[{\"@type\":\"ReadAction\",\"target\":[\"https:\\\/\\\/theuncommonshop.ch\\\/fr\\\/product\\\/disney-lorcana-dagobert-duck-gift-box-3\\\/\"]}]},{\"@type\":\"ImageObject\",\"inLanguage\":\"fr-FR\",\"@id\":\"https:\\\/\\\/theuncommonshop.ch\\\/fr\\\/product\\\/disney-lorcana-dagobert-duck-gift-box-3\\\/#primaryimage\",\"url\":\"https:\\\/\\\/theuncommonshop.ch\\\/wp-content\\\/uploads\\\/2025\\\/12\\\/5444674992.jpg\",\"contentUrl\":\"https:\\\/\\\/theuncommonshop.ch\\\/wp-content\\\/uploads\\\/2025\\\/12\\\/5444674992.jpg\",\"width\":1024,\"height\":1464},{\"@type\":\"BreadcrumbList\",\"@id\":\"https:\\\/\\\/theuncommonshop.ch\\\/fr\\\/product\\\/disney-lorcana-dagobert-duck-gift-box-3\\\/#breadcrumb\",\"itemListElement\":[{\"@type\":\"ListItem\",\"position\":1,\"name\":\"Accueil\",\"item\":\"https:\\\/\\\/theuncommonshop.ch\\\/fr\\\/accueil\\\/\"},{\"@type\":\"ListItem\",\"position\":2,\"name\":\"Boutique\",\"item\":\"https:\\\/\\\/theuncommonshop.ch\\\/fr\\\/boutique\\\/\"},{\"@type\":\"ListItem\",\"position\":3,\"name\":\"Autres cartes \u00e0 collectionner\",\"item\":\"https:\\\/\\\/theuncommonshop.ch\\\/fr\\\/categorie-produit\\\/autres-cartes-a-collectionner\\\/\"},{\"@type\":\"ListItem\",\"position\":4,\"name\":\"Lorcana\",\"item\":\"https:\\\/\\\/theuncommonshop.ch\\\/fr\\\/categorie-produit\\\/autres-cartes-a-collectionner\\\/lorcana\\\/\"},{\"@type\":\"ListItem\",\"position\":5,\"name\":\"Coffret cadeau\",\"item\":\"https:\\\/\\\/theuncommonshop.ch\\\/fr\\\/categorie-produit\\\/autres-cartes-a-collectionner\\\/lorcana\\\/coffret-cadeau\\\/\"},{\"@type\":\"ListItem\",\"position\":6,\"name\":\"Disney Lorcana &#8211; Oncle Picsou &#8211; Gift Box\"}]},{\"@type\":\"WebSite\",\"@id\":\"https:\\\/\\\/theuncommonshop.ch\\\/fr\\\/#website\",\"url\":\"https:\\\/\\\/theuncommonshop.ch\\\/fr\\\/\",\"name\":\"The Uncommon Shop\",\"description\":\"Magic, Pok\u00e9mon and Yu-gi-oh - The Uncommon Shop\",\"potentialAction\":[{\"@type\":\"SearchAction\",\"target\":{\"@type\":\"EntryPoint\",\"urlTemplate\":\"https:\\\/\\\/theuncommonshop.ch\\\/fr\\\/?s={search_term_string}\"},\"query-input\":{\"@type\":\"PropertyValueSpecification\",\"valueRequired\":true,\"valueName\":\"search_term_string\"}}],\"inLanguage\":\"fr-FR\"}]}<\/script>\n<meta property=\"og:availability\" content=\"instock\" \/>\n<meta property=\"product:availability\" content=\"instock\" \/>\n<meta property=\"product:condition\" content=\"new\" \/>\n<!-- \/ Yoast SEO plugin. -->","yoast_head_json":{"title":"Ach\u00e8te Disney Lorcana - Oncle Picsou - Gift Box","description":"Ach\u00e8te Disney Lorcana - Oncle Picsou - Gift Box en ligne maintenant \u00e0 petit prix! Ton #1 shop pour cartes TCG & Pok\u00e9mon en Suisse \u2713 Livraison gratuite d\u00e8s CHF 29","robots":{"index":"index","follow":"follow","max-snippet":"max-snippet:-1","max-image-preview":"max-image-preview:large","max-video-preview":"max-video-preview:-1"},"canonical":"https:\/\/theuncommonshop.ch\/fr\/product\/disney-lorcana-dagobert-duck-gift-box-3\/","og_locale":"fr_FR","og_type":"article","og_title":"Ach\u00e8te Disney Lorcana - Oncle Picsou - Gift Box","og_description":"Ach\u00e8te Disney Lorcana - Oncle Picsou - Gift Box en ligne maintenant \u00e0 petit prix! Ton #1 shop pour cartes TCG & Pok\u00e9mon en Suisse \u2713 Livraison gratuite d\u00e8s CHF 29","og_url":"https:\/\/theuncommonshop.ch\/fr\/product\/disney-lorcana-dagobert-duck-gift-box-3\/","og_site_name":"The Uncommon Shop","article_modified_time":"2026-03-28T20:04:32+00:00","og_image":[{"width":1024,"height":1464,"url":"https:\/\/theuncommonshop.ch\/wp-content\/uploads\/2025\/12\/5444674992.jpg","type":"image\/jpeg"}],"twitter_card":"summary_large_image","twitter_misc":{"Disponibilit\u00e9":"En stock"},"schema":{"@context":"https:\/\/schema.org","@graph":[{"@type":"WebPage","@id":"https:\/\/theuncommonshop.ch\/fr\/product\/disney-lorcana-dagobert-duck-gift-box-3\/","url":"https:\/\/theuncommonshop.ch\/fr\/product\/disney-lorcana-dagobert-duck-gift-box-3\/","name":"Ach\u00e8te Disney Lorcana - Oncle Picsou - Gift Box","isPartOf":{"@id":"https:\/\/theuncommonshop.ch\/fr\/#website"},"primaryImageOfPage":{"@id":"https:\/\/theuncommonshop.ch\/fr\/product\/disney-lorcana-dagobert-duck-gift-box-3\/#primaryimage"},"image":{"@id":"https:\/\/theuncommonshop.ch\/fr\/product\/disney-lorcana-dagobert-duck-gift-box-3\/#primaryimage"},"thumbnailUrl":"https:\/\/theuncommonshop.ch\/wp-content\/uploads\/2025\/12\/5444674992.jpg","datePublished":"2025-12-31T12:13:02+00:00","dateModified":"2026-03-28T20:04:32+00:00","description":"Ach\u00e8te Disney Lorcana - Oncle Picsou - Gift Box en ligne maintenant \u00e0 petit prix! Ton #1 shop pour cartes TCG & Pok\u00e9mon en Suisse \u2713 Livraison gratuite d\u00e8s CHF 29","breadcrumb":{"@id":"https:\/\/theuncommonshop.ch\/fr\/product\/disney-lorcana-dagobert-duck-gift-box-3\/#breadcrumb"},"inLanguage":"fr-FR","potentialAction":[{"@type":"ReadAction","target":["https:\/\/theuncommonshop.ch\/fr\/product\/disney-lorcana-dagobert-duck-gift-box-3\/"]}]},{"@type":"ImageObject","inLanguage":"fr-FR","@id":"https:\/\/theuncommonshop.ch\/fr\/product\/disney-lorcana-dagobert-duck-gift-box-3\/#primaryimage","url":"https:\/\/theuncommonshop.ch\/wp-content\/uploads\/2025\/12\/5444674992.jpg","contentUrl":"https:\/\/theuncommonshop.ch\/wp-content\/uploads\/2025\/12\/5444674992.jpg","width":1024,"height":1464},{"@type":"BreadcrumbList","@id":"https:\/\/theuncommonshop.ch\/fr\/product\/disney-lorcana-dagobert-duck-gift-box-3\/#breadcrumb","itemListElement":[{"@type":"ListItem","position":1,"name":"Accueil","item":"https:\/\/theuncommonshop.ch\/fr\/accueil\/"},{"@type":"ListItem","position":2,"name":"Boutique","item":"https:\/\/theuncommonshop.ch\/fr\/boutique\/"},{"@type":"ListItem","position":3,"name":"Autres cartes \u00e0 collectionner","item":"https:\/\/theuncommonshop.ch\/fr\/categorie-produit\/autres-cartes-a-collectionner\/"},{"@type":"ListItem","position":4,"name":"Lorcana","item":"https:\/\/theuncommonshop.ch\/fr\/categorie-produit\/autres-cartes-a-collectionner\/lorcana\/"},{"@type":"ListItem","position":5,"name":"Coffret cadeau","item":"https:\/\/theuncommonshop.ch\/fr\/categorie-produit\/autres-cartes-a-collectionner\/lorcana\/coffret-cadeau\/"},{"@type":"ListItem","position":6,"name":"Disney Lorcana &#8211; Oncle Picsou &#8211; Gift Box"}]},{"@type":"WebSite","@id":"https:\/\/theuncommonshop.ch\/fr\/#website","url":"https:\/\/theuncommonshop.ch\/fr\/","name":"The Uncommon Shop","description":"Magic, Pok\u00e9mon and Yu-gi-oh - The Uncommon Shop","potentialAction":[{"@type":"SearchAction","target":{"@type":"EntryPoint","urlTemplate":"https:\/\/theuncommonshop.ch\/fr\/?s={search_term_string}"},"query-input":{"@type":"PropertyValueSpecification","valueRequired":true,"valueName":"search_term_string"}}],"inLanguage":"fr-FR"}]},"og_availability":"instock","product_availability":"instock","product_condition":"new"},"_links":{"self":[{"href":"https:\/\/theuncommonshop.ch\/fr\/wp-json\/wp\/v2\/product\/304223","targetHints":{"allow":["GET"]}}],"collection":[{"href":"https:\/\/theuncommonshop.ch\/fr\/wp-json\/wp\/v2\/product"}],"about":[{"href":"https:\/\/theuncommonshop.ch\/fr\/wp-json\/wp\/v2\/types\/product"}],"replies":[{"embeddable":true,"href":"https:\/\/theuncommonshop.ch\/fr\/wp-json\/wp\/v2\/comments?post=304223"}],"version-history":[{"count":0,"href":"https:\/\/theuncommonshop.ch\/fr\/wp-json\/wp\/v2\/product\/304223\/revisions"}],"wp:featuredmedia":[{"embeddable":true,"href":"https:\/\/theuncommonshop.ch\/fr\/wp-json\/wp\/v2\/media\/276415"}],"wp:attachment":[{"href":"https:\/\/theuncommonshop.ch\/fr\/wp-json\/wp\/v2\/media?parent=304223"}],"wp:term":[{"taxonomy":"product_brand","embeddable":true,"href":"https:\/\/theuncommonshop.ch\/fr\/wp-json\/wp\/v2\/product_brand?post=304223"},{"taxonomy":"product_cat","embeddable":true,"href":"https:\/\/theuncommonshop.ch\/fr\/wp-json\/wp\/v2\/product_cat?post=304223"},{"taxonomy":"product_tag","embeddable":true,"href":"https:\/\/theuncommonshop.ch\/fr\/wp-json\/wp\/v2\/product_tag?post=304223"}],"curies":[{"name":"wp","href":"https:\/\/api.w.org\/{rel}","templated":true}]}}