{"id":304096,"date":"2025-12-31T12:12:15","date_gmt":"2025-12-31T12:12:15","guid":{"rendered":"http:\/\/theuncommonshop.ch\/produkt\/304096\/"},"modified":"2026-03-28T12:29:14","modified_gmt":"2026-03-28T11:29:14","slug":"disney-lorcana-winterspell-illumineers-trove-2","status":"publish","type":"product","link":"https:\/\/theuncommonshop.ch\/fr\/product\/disney-lorcana-winterspell-illumineers-trove-2\/","title":{"rendered":"Disney Lorcana &#8211; Winterspell &#8211; Illumineer&#8217;s Trove"},"content":{"rendered":"<p>Tr\u00e9sor ultime pour les collectionneurs et les joueurs, le troph\u00e9e Illumineers contient une bo\u00eete de rangement avec six s\u00e9parateurs de cartes qui vous permettront de ranger vos cartes Disney Lorcana TCG en toute s\u00e9curit\u00e9 et de les classer par couleur d&#8217;encre.<\/p>\n<p>Le troph\u00e9e Illumineers contient huit Booster Packs et aide \u00e0 garder un \u0153il sur les d\u00e9g\u00e2ts inflig\u00e9s aux personnages et aux lieux gr\u00e2ce \u00e0 six cubes aux tourbillons gla\u00e7ants. Avec le compteur de tours, les joueurs n&#8217;ont jamais \u00e0 se demander \u00e0 quel point ils sont proches d&#8217;une \u00e9toile de l&#8217;histoire, car il leur permet de suivre facilement leur progression vers la victoire ! <\/p>\n<p>Chaque joueur a besoin d&#8217;un jeu de 60 cartes Disney Lorcana TCG pour jouer.<\/p>\n<p>Le troph\u00e9e Illumineers contient :<\/p>\n<p>&#8211; (1) Bo\u00eete de rangement<\/p>\n<p>&#8211; (6) S\u00e9parateur de cartes<\/p>\n<p>&#8211; (8) Booster packs de 12 cartes suppl\u00e9mentaires<\/p>\n<p>&#8211; (6) Cubes de d\u00e9g\u00e2ts<\/p>\n<p>&#8211; (1) Disque de comptage Lore<\/p>\n","protected":false},"excerpt":{"rendered":"<p>Tr\u00e9sor ultime pour les collectionneurs et les joueurs, le troph\u00e9e Illumineers contient une bo\u00eete de rangement avec six s\u00e9parateurs de<\/p>\n","protected":false},"featured_media":297686,"comment_status":"open","ping_status":"closed","template":"","meta":{"_acf_changed":false},"product_brand":[5082,5080],"product_cat":[10295,9781,10051,10043],"product_tag":[],"class_list":{"0":"post-304096","1":"product","2":"type-product","3":"status-publish","4":"has-post-thumbnail","6":"product_brand-disney","7":"product_brand-disney-lorcana","8":"product_cat-givresort","9":"product_cat-lorcana","10":"product_cat-produits-par-lots-lorcana","11":"product_cat-tresor-des-illumineurs","13":"first","14":"instock","15":"sale","16":"taxable","17":"shipping-taxable","18":"purchasable","19":"product-type-variable"},"acf":[],"yoast_head":"<!-- This site is optimized with the Yoast SEO plugin v27.4 - https:\/\/yoast.com\/product\/yoast-seo-wordpress\/ -->\n<title>Ach\u00e8te Disney Lorcana - Winterspell - Illumineer&#039;s Trove<\/title>\n<meta name=\"description\" content=\"Ach\u00e8te Disney Lorcana - Winterspell - Illumineer&#039;s Trove en ligne maintenant \u00e0 petit prix! Ton #1 shop pour cartes TCG &amp; Pok\u00e9mon en Suisse \u2713 Livraison gratuite d\u00e8s CHF 29\" \/>\n<meta name=\"robots\" content=\"index, follow, max-snippet:-1, max-image-preview:large, max-video-preview:-1\" \/>\n<link rel=\"canonical\" href=\"https:\/\/theuncommonshop.ch\/fr\/product\/disney-lorcana-winterspell-illumineers-trove-2\/\" \/>\n<meta property=\"og:locale\" content=\"fr_FR\" \/>\n<meta property=\"og:type\" content=\"article\" \/>\n<meta property=\"og:title\" content=\"Ach\u00e8te Disney Lorcana - Winterspell - Illumineer&#039;s Trove\" \/>\n<meta property=\"og:description\" content=\"Ach\u00e8te Disney Lorcana - Winterspell - Illumineer&#039;s Trove en ligne maintenant \u00e0 petit prix! Ton #1 shop pour cartes TCG &amp; Pok\u00e9mon en Suisse \u2713 Livraison gratuite d\u00e8s CHF 29\" \/>\n<meta property=\"og:url\" content=\"https:\/\/theuncommonshop.ch\/fr\/product\/disney-lorcana-winterspell-illumineers-trove-2\/\" \/>\n<meta property=\"og:site_name\" content=\"Largest trading card shop in Switzerland\" \/>\n<meta property=\"article:modified_time\" content=\"2026-03-28T11:29:14+00:00\" \/>\n<meta property=\"og:image\" content=\"https:\/\/theuncommonshop.ch\/wp-content\/uploads\/2025\/12\/Disney_Lorcana_-_Winterspell_-_Trove-buy.png\" \/>\n\t<meta property=\"og:image:width\" content=\"501\" \/>\n\t<meta property=\"og:image:height\" content=\"498\" \/>\n\t<meta property=\"og:image:type\" content=\"image\/png\" \/>\n<meta name=\"twitter:card\" content=\"summary_large_image\" \/>\n<meta name=\"twitter:label1\" content=\"Disponibilit\u00e9\" \/>\n\t<meta name=\"twitter:data1\" content=\"En stock\" \/>\n<script type=\"application\/ld+json\" class=\"yoast-schema-graph\">{\"@context\":\"https:\\\/\\\/schema.org\",\"@graph\":[{\"@type\":\"WebPage\",\"@id\":\"https:\\\/\\\/theuncommonshop.ch\\\/fr\\\/product\\\/disney-lorcana-winterspell-illumineers-trove-2\\\/\",\"url\":\"https:\\\/\\\/theuncommonshop.ch\\\/fr\\\/product\\\/disney-lorcana-winterspell-illumineers-trove-2\\\/\",\"name\":\"Ach\u00e8te Disney Lorcana - Winterspell - Illumineer's Trove\",\"isPartOf\":{\"@id\":\"https:\\\/\\\/theuncommonshop.ch\\\/fr\\\/#website\"},\"primaryImageOfPage\":{\"@id\":\"https:\\\/\\\/theuncommonshop.ch\\\/fr\\\/product\\\/disney-lorcana-winterspell-illumineers-trove-2\\\/#primaryimage\"},\"image\":{\"@id\":\"https:\\\/\\\/theuncommonshop.ch\\\/fr\\\/product\\\/disney-lorcana-winterspell-illumineers-trove-2\\\/#primaryimage\"},\"thumbnailUrl\":\"https:\\\/\\\/theuncommonshop.ch\\\/wp-content\\\/uploads\\\/2025\\\/12\\\/Disney_Lorcana_-_Winterspell_-_Trove-buy.png\",\"datePublished\":\"2025-12-31T12:12:15+00:00\",\"dateModified\":\"2026-03-28T11:29:14+00:00\",\"description\":\"Ach\u00e8te Disney Lorcana - Winterspell - Illumineer's Trove en ligne maintenant \u00e0 petit prix! Ton #1 shop pour cartes TCG & Pok\u00e9mon en Suisse \u2713 Livraison gratuite d\u00e8s CHF 29\",\"breadcrumb\":{\"@id\":\"https:\\\/\\\/theuncommonshop.ch\\\/fr\\\/product\\\/disney-lorcana-winterspell-illumineers-trove-2\\\/#breadcrumb\"},\"inLanguage\":\"fr-FR\",\"potentialAction\":[{\"@type\":\"ReadAction\",\"target\":[\"https:\\\/\\\/theuncommonshop.ch\\\/fr\\\/product\\\/disney-lorcana-winterspell-illumineers-trove-2\\\/\"]}]},{\"@type\":\"ImageObject\",\"inLanguage\":\"fr-FR\",\"@id\":\"https:\\\/\\\/theuncommonshop.ch\\\/fr\\\/product\\\/disney-lorcana-winterspell-illumineers-trove-2\\\/#primaryimage\",\"url\":\"https:\\\/\\\/theuncommonshop.ch\\\/wp-content\\\/uploads\\\/2025\\\/12\\\/Disney_Lorcana_-_Winterspell_-_Trove-buy.png\",\"contentUrl\":\"https:\\\/\\\/theuncommonshop.ch\\\/wp-content\\\/uploads\\\/2025\\\/12\\\/Disney_Lorcana_-_Winterspell_-_Trove-buy.png\",\"width\":501,\"height\":498},{\"@type\":\"BreadcrumbList\",\"@id\":\"https:\\\/\\\/theuncommonshop.ch\\\/fr\\\/product\\\/disney-lorcana-winterspell-illumineers-trove-2\\\/#breadcrumb\",\"itemListElement\":[{\"@type\":\"ListItem\",\"position\":1,\"name\":\"Accueil\",\"item\":\"https:\\\/\\\/theuncommonshop.ch\\\/fr\\\/accueil\\\/\"},{\"@type\":\"ListItem\",\"position\":2,\"name\":\"Boutique\",\"item\":\"https:\\\/\\\/theuncommonshop.ch\\\/fr\\\/boutique\\\/\"},{\"@type\":\"ListItem\",\"position\":3,\"name\":\"Autres cartes \u00e0 collectionner\",\"item\":\"https:\\\/\\\/theuncommonshop.ch\\\/fr\\\/categorie-produit\\\/autres-cartes-a-collectionner\\\/\"},{\"@type\":\"ListItem\",\"position\":4,\"name\":\"Lorcana\",\"item\":\"https:\\\/\\\/theuncommonshop.ch\\\/fr\\\/categorie-produit\\\/autres-cartes-a-collectionner\\\/lorcana\\\/\"},{\"@type\":\"ListItem\",\"position\":5,\"name\":\"Produits par lots\",\"item\":\"https:\\\/\\\/theuncommonshop.ch\\\/fr\\\/categorie-produit\\\/autres-cartes-a-collectionner\\\/lorcana\\\/produits-par-lots-lorcana\\\/\"},{\"@type\":\"ListItem\",\"position\":6,\"name\":\"Givresort\",\"item\":\"https:\\\/\\\/theuncommonshop.ch\\\/fr\\\/categorie-produit\\\/autres-cartes-a-collectionner\\\/lorcana\\\/produits-par-lots-lorcana\\\/givresort\\\/\"},{\"@type\":\"ListItem\",\"position\":7,\"name\":\"Disney Lorcana &#8211; Winterspell &#8211; Illumineer&#8217;s Trove\"}]},{\"@type\":\"WebSite\",\"@id\":\"https:\\\/\\\/theuncommonshop.ch\\\/fr\\\/#website\",\"url\":\"https:\\\/\\\/theuncommonshop.ch\\\/fr\\\/\",\"name\":\"Largest trading card shop in Switzerland\",\"description\":\"Magic, Pok\u00e9mon and Yu-gi-oh - The Uncommon Shop\",\"potentialAction\":[{\"@type\":\"SearchAction\",\"target\":{\"@type\":\"EntryPoint\",\"urlTemplate\":\"https:\\\/\\\/theuncommonshop.ch\\\/fr\\\/?s={search_term_string}\"},\"query-input\":{\"@type\":\"PropertyValueSpecification\",\"valueRequired\":true,\"valueName\":\"search_term_string\"}}],\"inLanguage\":\"fr-FR\"}]}<\/script>\n<meta property=\"og:availability\" content=\"instock\" \/>\n<meta property=\"product:availability\" content=\"instock\" \/>\n<meta property=\"product:condition\" content=\"new\" \/>\n<!-- \/ Yoast SEO plugin. -->","yoast_head_json":{"title":"Ach\u00e8te Disney Lorcana - Winterspell - Illumineer's Trove","description":"Ach\u00e8te Disney Lorcana - Winterspell - Illumineer's Trove en ligne maintenant \u00e0 petit prix! Ton #1 shop pour cartes TCG & Pok\u00e9mon en Suisse \u2713 Livraison gratuite d\u00e8s CHF 29","robots":{"index":"index","follow":"follow","max-snippet":"max-snippet:-1","max-image-preview":"max-image-preview:large","max-video-preview":"max-video-preview:-1"},"canonical":"https:\/\/theuncommonshop.ch\/fr\/product\/disney-lorcana-winterspell-illumineers-trove-2\/","og_locale":"fr_FR","og_type":"article","og_title":"Ach\u00e8te Disney Lorcana - Winterspell - Illumineer's Trove","og_description":"Ach\u00e8te Disney Lorcana - Winterspell - Illumineer's Trove en ligne maintenant \u00e0 petit prix! Ton #1 shop pour cartes TCG & Pok\u00e9mon en Suisse \u2713 Livraison gratuite d\u00e8s CHF 29","og_url":"https:\/\/theuncommonshop.ch\/fr\/product\/disney-lorcana-winterspell-illumineers-trove-2\/","og_site_name":"Largest trading card shop in Switzerland","article_modified_time":"2026-03-28T11:29:14+00:00","og_image":[{"width":501,"height":498,"url":"https:\/\/theuncommonshop.ch\/wp-content\/uploads\/2025\/12\/Disney_Lorcana_-_Winterspell_-_Trove-buy.png","type":"image\/png"}],"twitter_card":"summary_large_image","twitter_misc":{"Disponibilit\u00e9":"En stock"},"schema":{"@context":"https:\/\/schema.org","@graph":[{"@type":"WebPage","@id":"https:\/\/theuncommonshop.ch\/fr\/product\/disney-lorcana-winterspell-illumineers-trove-2\/","url":"https:\/\/theuncommonshop.ch\/fr\/product\/disney-lorcana-winterspell-illumineers-trove-2\/","name":"Ach\u00e8te Disney Lorcana - Winterspell - Illumineer's Trove","isPartOf":{"@id":"https:\/\/theuncommonshop.ch\/fr\/#website"},"primaryImageOfPage":{"@id":"https:\/\/theuncommonshop.ch\/fr\/product\/disney-lorcana-winterspell-illumineers-trove-2\/#primaryimage"},"image":{"@id":"https:\/\/theuncommonshop.ch\/fr\/product\/disney-lorcana-winterspell-illumineers-trove-2\/#primaryimage"},"thumbnailUrl":"https:\/\/theuncommonshop.ch\/wp-content\/uploads\/2025\/12\/Disney_Lorcana_-_Winterspell_-_Trove-buy.png","datePublished":"2025-12-31T12:12:15+00:00","dateModified":"2026-03-28T11:29:14+00:00","description":"Ach\u00e8te Disney Lorcana - Winterspell - Illumineer's Trove en ligne maintenant \u00e0 petit prix! Ton #1 shop pour cartes TCG & Pok\u00e9mon en Suisse \u2713 Livraison gratuite d\u00e8s CHF 29","breadcrumb":{"@id":"https:\/\/theuncommonshop.ch\/fr\/product\/disney-lorcana-winterspell-illumineers-trove-2\/#breadcrumb"},"inLanguage":"fr-FR","potentialAction":[{"@type":"ReadAction","target":["https:\/\/theuncommonshop.ch\/fr\/product\/disney-lorcana-winterspell-illumineers-trove-2\/"]}]},{"@type":"ImageObject","inLanguage":"fr-FR","@id":"https:\/\/theuncommonshop.ch\/fr\/product\/disney-lorcana-winterspell-illumineers-trove-2\/#primaryimage","url":"https:\/\/theuncommonshop.ch\/wp-content\/uploads\/2025\/12\/Disney_Lorcana_-_Winterspell_-_Trove-buy.png","contentUrl":"https:\/\/theuncommonshop.ch\/wp-content\/uploads\/2025\/12\/Disney_Lorcana_-_Winterspell_-_Trove-buy.png","width":501,"height":498},{"@type":"BreadcrumbList","@id":"https:\/\/theuncommonshop.ch\/fr\/product\/disney-lorcana-winterspell-illumineers-trove-2\/#breadcrumb","itemListElement":[{"@type":"ListItem","position":1,"name":"Accueil","item":"https:\/\/theuncommonshop.ch\/fr\/accueil\/"},{"@type":"ListItem","position":2,"name":"Boutique","item":"https:\/\/theuncommonshop.ch\/fr\/boutique\/"},{"@type":"ListItem","position":3,"name":"Autres cartes \u00e0 collectionner","item":"https:\/\/theuncommonshop.ch\/fr\/categorie-produit\/autres-cartes-a-collectionner\/"},{"@type":"ListItem","position":4,"name":"Lorcana","item":"https:\/\/theuncommonshop.ch\/fr\/categorie-produit\/autres-cartes-a-collectionner\/lorcana\/"},{"@type":"ListItem","position":5,"name":"Produits par lots","item":"https:\/\/theuncommonshop.ch\/fr\/categorie-produit\/autres-cartes-a-collectionner\/lorcana\/produits-par-lots-lorcana\/"},{"@type":"ListItem","position":6,"name":"Givresort","item":"https:\/\/theuncommonshop.ch\/fr\/categorie-produit\/autres-cartes-a-collectionner\/lorcana\/produits-par-lots-lorcana\/givresort\/"},{"@type":"ListItem","position":7,"name":"Disney Lorcana &#8211; Winterspell &#8211; Illumineer&#8217;s Trove"}]},{"@type":"WebSite","@id":"https:\/\/theuncommonshop.ch\/fr\/#website","url":"https:\/\/theuncommonshop.ch\/fr\/","name":"Largest trading card shop in Switzerland","description":"Magic, Pok\u00e9mon and Yu-gi-oh - The Uncommon Shop","potentialAction":[{"@type":"SearchAction","target":{"@type":"EntryPoint","urlTemplate":"https:\/\/theuncommonshop.ch\/fr\/?s={search_term_string}"},"query-input":{"@type":"PropertyValueSpecification","valueRequired":true,"valueName":"search_term_string"}}],"inLanguage":"fr-FR"}]},"og_availability":"instock","product_availability":"instock","product_condition":"new"},"_links":{"self":[{"href":"https:\/\/theuncommonshop.ch\/fr\/wp-json\/wp\/v2\/product\/304096","targetHints":{"allow":["GET"]}}],"collection":[{"href":"https:\/\/theuncommonshop.ch\/fr\/wp-json\/wp\/v2\/product"}],"about":[{"href":"https:\/\/theuncommonshop.ch\/fr\/wp-json\/wp\/v2\/types\/product"}],"replies":[{"embeddable":true,"href":"https:\/\/theuncommonshop.ch\/fr\/wp-json\/wp\/v2\/comments?post=304096"}],"version-history":[{"count":1,"href":"https:\/\/theuncommonshop.ch\/fr\/wp-json\/wp\/v2\/product\/304096\/revisions"}],"predecessor-version":[{"id":304102,"href":"https:\/\/theuncommonshop.ch\/fr\/wp-json\/wp\/v2\/product\/304096\/revisions\/304102"}],"wp:featuredmedia":[{"embeddable":true,"href":"https:\/\/theuncommonshop.ch\/fr\/wp-json\/wp\/v2\/media\/297686"}],"wp:attachment":[{"href":"https:\/\/theuncommonshop.ch\/fr\/wp-json\/wp\/v2\/media?parent=304096"}],"wp:term":[{"taxonomy":"product_brand","embeddable":true,"href":"https:\/\/theuncommonshop.ch\/fr\/wp-json\/wp\/v2\/product_brand?post=304096"},{"taxonomy":"product_cat","embeddable":true,"href":"https:\/\/theuncommonshop.ch\/fr\/wp-json\/wp\/v2\/product_cat?post=304096"},{"taxonomy":"product_tag","embeddable":true,"href":"https:\/\/theuncommonshop.ch\/fr\/wp-json\/wp\/v2\/product_tag?post=304096"}],"curies":[{"name":"wp","href":"https:\/\/api.w.org\/{rel}","templated":true}]}}