{"id":304024,"date":"2026-01-20T12:33:05","date_gmt":"2026-01-20T12:33:05","guid":{"rendered":"http:\/\/theuncommonshop.ch\/produkt\/304024\/"},"modified":"2026-03-29T19:03:16","modified_gmt":"2026-03-29T17:03:16","slug":"disney-lorcana-deck-box-azurite-sea-3","status":"publish","type":"product","link":"https:\/\/theuncommonshop.ch\/fr\/product\/disney-lorcana-deck-box-azurite-sea-3\/","title":{"rendered":"Disney Lorcana &#8211; Bo\u00eete de pont Azurite Sea"},"content":{"rendered":"<p>Dans Disney Lorcana, vous incarnez Luminari et utilisez six encres magiques pour donner vie aux mica des personnages Disney.<\/p>\n<p>Disney Lorcana est un jeu de cartes \u00e0 collectionner de Ravensburger avec une m\u00e9canique de jeu unique qui met en sc\u00e8ne des personnages Disney populaires dans un tout nouvel univers original et revisit\u00e9.<\/p>\n<p>Chaque deckbox peut contenir jusqu&#8217;\u00e0 80 cartes (prot\u00e8ge-cartes inclus).<\/p>\n<table class=\"table-data-sheet ecwid-description-table\">\n<tbody>\n<tr style=\"background-color: initial; font-size: 1em;\"><\/tr>\n<\/tbody>\n<\/table>\n","protected":false},"excerpt":{"rendered":"<p>Dans Disney Lorcana, vous incarnez Luminari et utilisez six encres magiques pour donner vie aux mica des personnages Disney. Disney<\/p>\n","protected":false},"featured_media":119511,"comment_status":"open","ping_status":"closed","template":"","meta":{"_acf_changed":false},"product_brand":[5082,5080],"product_cat":[10049,9859,10255,9781,9979,9867,10259],"product_tag":[],"class_list":{"0":"post-304024","1":"product","2":"type-product","3":"status-publish","4":"has-post-thumbnail","6":"product_brand-disney","7":"product_brand-disney-lorcana","8":"product_cat-accessoires-pour-cartes-lorcana","9":"product_cat-accessoires-tcg","10":"product_cat-boites-de-rangement-lorcana","11":"product_cat-lorcana","12":"product_cat-petites-boites-de-rangement","13":"product_cat-rangement","14":"product_cat-tout","16":"first","17":"instock","18":"sale","19":"taxable","20":"shipping-taxable","21":"purchasable","22":"product-type-variable"},"acf":[],"yoast_head":"<!-- This site is optimized with the Yoast SEO plugin v27.4 - https:\/\/yoast.com\/product\/yoast-seo-wordpress\/ -->\n<title>Ach\u00e8te Disney Lorcana - Bo\u00eete de pont Azurite Sea<\/title>\n<meta name=\"description\" content=\"Ach\u00e8te Disney Lorcana - Bo\u00eete de pont Azurite Sea en ligne maintenant \u00e0 petit prix! Ton #1 shop pour cartes TCG &amp; Pok\u00e9mon en Suisse \u2713 Livraison gratuite d\u00e8s CHF 29\" \/>\n<meta name=\"robots\" content=\"index, follow, max-snippet:-1, max-image-preview:large, max-video-preview:-1\" \/>\n<link rel=\"canonical\" href=\"https:\/\/theuncommonshop.ch\/fr\/product\/disney-lorcana-deck-box-azurite-sea-3\/\" \/>\n<meta property=\"og:locale\" content=\"fr_FR\" \/>\n<meta property=\"og:type\" content=\"article\" \/>\n<meta property=\"og:title\" content=\"Ach\u00e8te Disney Lorcana - Bo\u00eete de pont Azurite Sea\" \/>\n<meta property=\"og:description\" content=\"Ach\u00e8te Disney Lorcana - Bo\u00eete de pont Azurite Sea en ligne maintenant \u00e0 petit prix! Ton #1 shop pour cartes TCG &amp; Pok\u00e9mon en Suisse \u2713 Livraison gratuite d\u00e8s CHF 29\" \/>\n<meta property=\"og:url\" content=\"https:\/\/theuncommonshop.ch\/fr\/product\/disney-lorcana-deck-box-azurite-sea-3\/\" \/>\n<meta property=\"og:site_name\" content=\"Largest trading card shop in Switzerland\" \/>\n<meta property=\"article:modified_time\" content=\"2026-03-29T17:03:16+00:00\" \/>\n<meta property=\"og:image\" content=\"https:\/\/theuncommonshop.ch\/wp-content\/uploads\/2025\/06\/4671203633.webp\" \/>\n\t<meta property=\"og:image:width\" content=\"302\" \/>\n\t<meta property=\"og:image:height\" content=\"445\" \/>\n\t<meta property=\"og:image:type\" content=\"image\/webp\" \/>\n<meta name=\"twitter:card\" content=\"summary_large_image\" \/>\n<meta name=\"twitter:label1\" content=\"Disponibilit\u00e9\" \/>\n\t<meta name=\"twitter:data1\" content=\"En stock\" \/>\n<script type=\"application\/ld+json\" class=\"yoast-schema-graph\">{\"@context\":\"https:\\\/\\\/schema.org\",\"@graph\":[{\"@type\":\"WebPage\",\"@id\":\"https:\\\/\\\/theuncommonshop.ch\\\/fr\\\/product\\\/disney-lorcana-deck-box-azurite-sea-3\\\/\",\"url\":\"https:\\\/\\\/theuncommonshop.ch\\\/fr\\\/product\\\/disney-lorcana-deck-box-azurite-sea-3\\\/\",\"name\":\"Ach\u00e8te Disney Lorcana - Bo\u00eete de pont Azurite Sea\",\"isPartOf\":{\"@id\":\"https:\\\/\\\/theuncommonshop.ch\\\/#website\"},\"primaryImageOfPage\":{\"@id\":\"https:\\\/\\\/theuncommonshop.ch\\\/fr\\\/product\\\/disney-lorcana-deck-box-azurite-sea-3\\\/#primaryimage\"},\"image\":{\"@id\":\"https:\\\/\\\/theuncommonshop.ch\\\/fr\\\/product\\\/disney-lorcana-deck-box-azurite-sea-3\\\/#primaryimage\"},\"thumbnailUrl\":\"https:\\\/\\\/theuncommonshop.ch\\\/wp-content\\\/uploads\\\/2025\\\/06\\\/4671203633.webp\",\"datePublished\":\"2026-01-20T12:33:05+00:00\",\"dateModified\":\"2026-03-29T17:03:16+00:00\",\"description\":\"Ach\u00e8te Disney Lorcana - Bo\u00eete de pont Azurite Sea en ligne maintenant \u00e0 petit prix! Ton #1 shop pour cartes TCG & Pok\u00e9mon en Suisse \u2713 Livraison gratuite d\u00e8s CHF 29\",\"breadcrumb\":{\"@id\":\"https:\\\/\\\/theuncommonshop.ch\\\/fr\\\/product\\\/disney-lorcana-deck-box-azurite-sea-3\\\/#breadcrumb\"},\"inLanguage\":\"fr-FR\",\"potentialAction\":[{\"@type\":\"ReadAction\",\"target\":[\"https:\\\/\\\/theuncommonshop.ch\\\/fr\\\/product\\\/disney-lorcana-deck-box-azurite-sea-3\\\/\"]}]},{\"@type\":\"ImageObject\",\"inLanguage\":\"fr-FR\",\"@id\":\"https:\\\/\\\/theuncommonshop.ch\\\/fr\\\/product\\\/disney-lorcana-deck-box-azurite-sea-3\\\/#primaryimage\",\"url\":\"https:\\\/\\\/theuncommonshop.ch\\\/wp-content\\\/uploads\\\/2025\\\/06\\\/4671203633.webp\",\"contentUrl\":\"https:\\\/\\\/theuncommonshop.ch\\\/wp-content\\\/uploads\\\/2025\\\/06\\\/4671203633.webp\",\"width\":302,\"height\":445},{\"@type\":\"BreadcrumbList\",\"@id\":\"https:\\\/\\\/theuncommonshop.ch\\\/fr\\\/product\\\/disney-lorcana-deck-box-azurite-sea-3\\\/#breadcrumb\",\"itemListElement\":[{\"@type\":\"ListItem\",\"position\":1,\"name\":\"Accueil\",\"item\":\"https:\\\/\\\/theuncommonshop.ch\\\/fr\\\/accueil\\\/\"},{\"@type\":\"ListItem\",\"position\":2,\"name\":\"Boutique\",\"item\":\"https:\\\/\\\/theuncommonshop.ch\\\/fr\\\/boutique\\\/\"},{\"@type\":\"ListItem\",\"position\":3,\"name\":\"Accessoires TCG\",\"item\":\"https:\\\/\\\/theuncommonshop.ch\\\/fr\\\/categorie-produit\\\/accessoires-tcg\\\/\"},{\"@type\":\"ListItem\",\"position\":4,\"name\":\"Rangement\",\"item\":\"https:\\\/\\\/theuncommonshop.ch\\\/fr\\\/categorie-produit\\\/accessoires-tcg\\\/rangement\\\/\"},{\"@type\":\"ListItem\",\"position\":5,\"name\":\"Petites bo\u00eetes de rangement\",\"item\":\"https:\\\/\\\/theuncommonshop.ch\\\/fr\\\/categorie-produit\\\/accessoires-tcg\\\/rangement\\\/petites-boites-de-rangement\\\/\"},{\"@type\":\"ListItem\",\"position\":6,\"name\":\"Disney Lorcana &#8211; Bo\u00eete de pont Azurite Sea\"}]},{\"@type\":\"WebSite\",\"@id\":\"https:\\\/\\\/theuncommonshop.ch\\\/#website\",\"url\":\"https:\\\/\\\/theuncommonshop.ch\\\/\",\"name\":\"Largest trading card shop in Switzerland\",\"description\":\"Magic, Pok\u00e9mon and Yu-gi-oh - The Uncommon Shop\",\"potentialAction\":[{\"@type\":\"SearchAction\",\"target\":{\"@type\":\"EntryPoint\",\"urlTemplate\":\"https:\\\/\\\/theuncommonshop.ch\\\/?s={search_term_string}\"},\"query-input\":{\"@type\":\"PropertyValueSpecification\",\"valueRequired\":true,\"valueName\":\"search_term_string\"}}],\"inLanguage\":\"fr-FR\"}]}<\/script>\n<meta property=\"og:availability\" content=\"instock\" \/>\n<meta property=\"product:availability\" content=\"instock\" \/>\n<meta property=\"product:condition\" content=\"new\" \/>\n<!-- \/ Yoast SEO plugin. -->","yoast_head_json":{"title":"Ach\u00e8te Disney Lorcana - Bo\u00eete de pont Azurite Sea","description":"Ach\u00e8te Disney Lorcana - Bo\u00eete de pont Azurite Sea en ligne maintenant \u00e0 petit prix! Ton #1 shop pour cartes TCG & Pok\u00e9mon en Suisse \u2713 Livraison gratuite d\u00e8s CHF 29","robots":{"index":"index","follow":"follow","max-snippet":"max-snippet:-1","max-image-preview":"max-image-preview:large","max-video-preview":"max-video-preview:-1"},"canonical":"https:\/\/theuncommonshop.ch\/fr\/product\/disney-lorcana-deck-box-azurite-sea-3\/","og_locale":"fr_FR","og_type":"article","og_title":"Ach\u00e8te Disney Lorcana - Bo\u00eete de pont Azurite Sea","og_description":"Ach\u00e8te Disney Lorcana - Bo\u00eete de pont Azurite Sea en ligne maintenant \u00e0 petit prix! Ton #1 shop pour cartes TCG & Pok\u00e9mon en Suisse \u2713 Livraison gratuite d\u00e8s CHF 29","og_url":"https:\/\/theuncommonshop.ch\/fr\/product\/disney-lorcana-deck-box-azurite-sea-3\/","og_site_name":"Largest trading card shop in Switzerland","article_modified_time":"2026-03-29T17:03:16+00:00","og_image":[{"width":302,"height":445,"url":"https:\/\/theuncommonshop.ch\/wp-content\/uploads\/2025\/06\/4671203633.webp","type":"image\/webp"}],"twitter_card":"summary_large_image","twitter_misc":{"Disponibilit\u00e9":"En stock"},"schema":{"@context":"https:\/\/schema.org","@graph":[{"@type":"WebPage","@id":"https:\/\/theuncommonshop.ch\/fr\/product\/disney-lorcana-deck-box-azurite-sea-3\/","url":"https:\/\/theuncommonshop.ch\/fr\/product\/disney-lorcana-deck-box-azurite-sea-3\/","name":"Ach\u00e8te Disney Lorcana - Bo\u00eete de pont Azurite Sea","isPartOf":{"@id":"https:\/\/theuncommonshop.ch\/#website"},"primaryImageOfPage":{"@id":"https:\/\/theuncommonshop.ch\/fr\/product\/disney-lorcana-deck-box-azurite-sea-3\/#primaryimage"},"image":{"@id":"https:\/\/theuncommonshop.ch\/fr\/product\/disney-lorcana-deck-box-azurite-sea-3\/#primaryimage"},"thumbnailUrl":"https:\/\/theuncommonshop.ch\/wp-content\/uploads\/2025\/06\/4671203633.webp","datePublished":"2026-01-20T12:33:05+00:00","dateModified":"2026-03-29T17:03:16+00:00","description":"Ach\u00e8te Disney Lorcana - Bo\u00eete de pont Azurite Sea en ligne maintenant \u00e0 petit prix! Ton #1 shop pour cartes TCG & Pok\u00e9mon en Suisse \u2713 Livraison gratuite d\u00e8s CHF 29","breadcrumb":{"@id":"https:\/\/theuncommonshop.ch\/fr\/product\/disney-lorcana-deck-box-azurite-sea-3\/#breadcrumb"},"inLanguage":"fr-FR","potentialAction":[{"@type":"ReadAction","target":["https:\/\/theuncommonshop.ch\/fr\/product\/disney-lorcana-deck-box-azurite-sea-3\/"]}]},{"@type":"ImageObject","inLanguage":"fr-FR","@id":"https:\/\/theuncommonshop.ch\/fr\/product\/disney-lorcana-deck-box-azurite-sea-3\/#primaryimage","url":"https:\/\/theuncommonshop.ch\/wp-content\/uploads\/2025\/06\/4671203633.webp","contentUrl":"https:\/\/theuncommonshop.ch\/wp-content\/uploads\/2025\/06\/4671203633.webp","width":302,"height":445},{"@type":"BreadcrumbList","@id":"https:\/\/theuncommonshop.ch\/fr\/product\/disney-lorcana-deck-box-azurite-sea-3\/#breadcrumb","itemListElement":[{"@type":"ListItem","position":1,"name":"Accueil","item":"https:\/\/theuncommonshop.ch\/fr\/accueil\/"},{"@type":"ListItem","position":2,"name":"Boutique","item":"https:\/\/theuncommonshop.ch\/fr\/boutique\/"},{"@type":"ListItem","position":3,"name":"Accessoires TCG","item":"https:\/\/theuncommonshop.ch\/fr\/categorie-produit\/accessoires-tcg\/"},{"@type":"ListItem","position":4,"name":"Rangement","item":"https:\/\/theuncommonshop.ch\/fr\/categorie-produit\/accessoires-tcg\/rangement\/"},{"@type":"ListItem","position":5,"name":"Petites bo\u00eetes de rangement","item":"https:\/\/theuncommonshop.ch\/fr\/categorie-produit\/accessoires-tcg\/rangement\/petites-boites-de-rangement\/"},{"@type":"ListItem","position":6,"name":"Disney Lorcana &#8211; Bo\u00eete de pont Azurite Sea"}]},{"@type":"WebSite","@id":"https:\/\/theuncommonshop.ch\/#website","url":"https:\/\/theuncommonshop.ch\/","name":"Largest trading card shop in Switzerland","description":"Magic, Pok\u00e9mon and Yu-gi-oh - The Uncommon Shop","potentialAction":[{"@type":"SearchAction","target":{"@type":"EntryPoint","urlTemplate":"https:\/\/theuncommonshop.ch\/?s={search_term_string}"},"query-input":{"@type":"PropertyValueSpecification","valueRequired":true,"valueName":"search_term_string"}}],"inLanguage":"fr-FR"}]},"og_availability":"instock","product_availability":"instock","product_condition":"new"},"_links":{"self":[{"href":"https:\/\/theuncommonshop.ch\/fr\/wp-json\/wp\/v2\/product\/304024","targetHints":{"allow":["GET"]}}],"collection":[{"href":"https:\/\/theuncommonshop.ch\/fr\/wp-json\/wp\/v2\/product"}],"about":[{"href":"https:\/\/theuncommonshop.ch\/fr\/wp-json\/wp\/v2\/types\/product"}],"replies":[{"embeddable":true,"href":"https:\/\/theuncommonshop.ch\/fr\/wp-json\/wp\/v2\/comments?post=304024"}],"version-history":[{"count":2,"href":"https:\/\/theuncommonshop.ch\/fr\/wp-json\/wp\/v2\/product\/304024\/revisions"}],"predecessor-version":[{"id":361059,"href":"https:\/\/theuncommonshop.ch\/fr\/wp-json\/wp\/v2\/product\/304024\/revisions\/361059"}],"wp:featuredmedia":[{"embeddable":true,"href":"https:\/\/theuncommonshop.ch\/fr\/wp-json\/wp\/v2\/media\/119511"}],"wp:attachment":[{"href":"https:\/\/theuncommonshop.ch\/fr\/wp-json\/wp\/v2\/media?parent=304024"}],"wp:term":[{"taxonomy":"product_brand","embeddable":true,"href":"https:\/\/theuncommonshop.ch\/fr\/wp-json\/wp\/v2\/product_brand?post=304024"},{"taxonomy":"product_cat","embeddable":true,"href":"https:\/\/theuncommonshop.ch\/fr\/wp-json\/wp\/v2\/product_cat?post=304024"},{"taxonomy":"product_tag","embeddable":true,"href":"https:\/\/theuncommonshop.ch\/fr\/wp-json\/wp\/v2\/product_tag?post=304024"}],"curies":[{"name":"wp","href":"https:\/\/api.w.org\/{rel}","templated":true}]}}