{"id":303893,"date":"2026-03-01T21:12:44","date_gmt":"2026-03-01T20:12:44","guid":{"rendered":"http:\/\/theuncommonshop.ch\/produkt\/303893\/"},"modified":"2026-03-08T10:21:02","modified_gmt":"2026-03-08T09:21:02","slug":"bandai-banpresto-dragon-ball-solid-edge-works-super-saiyan-3-gotenks","status":"publish","type":"product","link":"https:\/\/theuncommonshop.ch\/fr\/product\/bandai-banpresto-dragon-ball-solid-edge-works-super-saiyan-3-gotenks\/","title":{"rendered":"Bandai &#8211; Banpresto &#8211; Dragon Ball &#8211; Solid Edge Works &#8211; Super Saiyan 3 Gotenks"},"content":{"rendered":"<p>&#8220;Ta-da ! La Faucheuse de la Justice est arriv\u00e9e&#8221; ! Fusion termin\u00e9e ! Le combattant le plus exub\u00e9rant (et le plus cool) de l&#8217;univers est venu sauver la situation ! Issue du l\u00e9gendaire Anime Dragon Ball Z, la fusion de Goten et Trunks sous le nom de Super Saiyan 3 Gotenks arrive dans la s\u00e9rie Solid Edge Works. Cette s\u00e9rie se caract\u00e9rise par une mod\u00e9lisation pointue et une pr\u00e9sence &#8220;solide&#8221;, capturant parfaitement l&#8217;\u00e9nergie intense des combattants de la s\u00e9rie Z. Gotenks est mod\u00e9lis\u00e9 dans sa forme ultime de Super Saiyan 3, avec ses cheveux dor\u00e9s massifs et ondulants caract\u00e9ristiques et l&#8217;absence de sourcils qui symbolisent la force brute. Il se tient dans une pose classique et assur\u00e9e, les mains sur les hanches et la bouche grande ouverte, comme s&#8217;il lan\u00e7ait un cri de guerre (ou peut-\u00eatre se vantait-il simplement de son nouveau mouvement). Il porte l&#8217;embl\u00e9matique tenue de fusion des m\u00e9tamorphes : un gilet bleu fonc\u00e9 avec un rembourrage jaune, une \u00e9charpe bleu-vert et un pantalon blanc et large. Petite par la taille, mais \u00e9norme par la force, cette figurine est un v\u00e9ritable accroche-regard sur n&#8217;importe quelle \u00e9tag\u00e8re ! Mat\u00e9riau : PVC \/ ABS Hauteur (approx.) : 14 cm | 5,5 pouces Ne le faites pas attendre (sinon la fusion s&#8217;affaiblit) ! Ajoutez la figurine Solid Edge Works Gotenks de Bandai Dragon Ball Z \u00e0 votre panier et d\u00e9cha\u00eenez la Super Ghost Kamikaze Attack sur votre collection !          <\/p>\n","protected":false},"excerpt":{"rendered":"<p>&#8220;Ta-da ! La Faucheuse de la Justice est arriv\u00e9e&#8221; ! Fusion termin\u00e9e ! Le combattant le plus exub\u00e9rant (et le<\/p>\n","protected":false},"featured_media":302027,"comment_status":"open","ping_status":"closed","template":"","meta":{"_acf_changed":false},"product_brand":[5144],"product_cat":[9911,9913,9923],"product_tag":[],"class_list":{"0":"post-303893","1":"product","2":"type-product","3":"status-publish","4":"has-post-thumbnail","6":"product_brand-bandai","7":"product_cat-collectibles-fr","8":"product_cat-figurines-danime","9":"product_cat-figurines-dragon-ball","11":"first","12":"instock","13":"taxable","14":"shipping-taxable","15":"purchasable","16":"product-type-simple"},"acf":[],"yoast_head":"<!-- This site is optimized with the Yoast SEO plugin v27.4 - https:\/\/yoast.com\/product\/yoast-seo-wordpress\/ -->\n<title>Ach\u00e8te Bandai - Banpresto - Dragon Ball - Solid Edge Works - Super Saiyan 3 Gotenks<\/title>\n<meta name=\"description\" content=\"Ach\u00e8te Bandai - Banpresto - Dragon Ball - Solid Edge Works - Super Saiyan 3 Gotenks en ligne maintenant \u00e0 petit prix! Ton #1 shop pour cartes TCG &amp; Pok\u00e9mon en Suisse \u2713 Livraison gratuite d\u00e8s CHF 29\" \/>\n<meta name=\"robots\" content=\"index, follow, max-snippet:-1, max-image-preview:large, max-video-preview:-1\" \/>\n<link rel=\"canonical\" href=\"https:\/\/theuncommonshop.ch\/fr\/product\/bandai-banpresto-dragon-ball-solid-edge-works-super-saiyan-3-gotenks\/\" \/>\n<meta property=\"og:locale\" content=\"fr_FR\" \/>\n<meta property=\"og:type\" content=\"article\" \/>\n<meta property=\"og:title\" content=\"Ach\u00e8te Bandai - Banpresto - Dragon Ball - Solid Edge Works - Super Saiyan 3 Gotenks\" \/>\n<meta property=\"og:description\" content=\"Ach\u00e8te Bandai - Banpresto - Dragon Ball - Solid Edge Works - Super Saiyan 3 Gotenks en ligne maintenant \u00e0 petit prix! Ton #1 shop pour cartes TCG &amp; Pok\u00e9mon en Suisse \u2713 Livraison gratuite d\u00e8s CHF 29\" \/>\n<meta property=\"og:url\" content=\"https:\/\/theuncommonshop.ch\/fr\/product\/bandai-banpresto-dragon-ball-solid-edge-works-super-saiyan-3-gotenks\/\" \/>\n<meta property=\"og:site_name\" content=\"The Uncommon Shop\" \/>\n<meta property=\"article:modified_time\" content=\"2026-03-08T09:21:02+00:00\" \/>\n<meta property=\"og:image\" content=\"https:\/\/theuncommonshop.ch\/wp-content\/uploads\/2026\/03\/N1-1.jpg\" \/>\n\t<meta property=\"og:image:width\" content=\"1000\" \/>\n\t<meta property=\"og:image:height\" content=\"1000\" \/>\n\t<meta property=\"og:image:type\" content=\"image\/jpeg\" \/>\n<meta name=\"twitter:card\" content=\"summary_large_image\" \/>\n<meta name=\"twitter:label1\" content=\"Prix\" \/>\n\t<meta name=\"twitter:data1\" content=\"&#067;&#072;&#070;&nbsp;34.95\" \/>\n\t<meta name=\"twitter:label2\" content=\"Disponibilit\u00e9\" \/>\n\t<meta name=\"twitter:data2\" content=\"En stock\" \/>\n<script type=\"application\/ld+json\" class=\"yoast-schema-graph\">{\"@context\":\"https:\\\/\\\/schema.org\",\"@graph\":[{\"@type\":\"WebPage\",\"@id\":\"https:\\\/\\\/theuncommonshop.ch\\\/fr\\\/product\\\/bandai-banpresto-dragon-ball-solid-edge-works-super-saiyan-3-gotenks\\\/\",\"url\":\"https:\\\/\\\/theuncommonshop.ch\\\/fr\\\/product\\\/bandai-banpresto-dragon-ball-solid-edge-works-super-saiyan-3-gotenks\\\/\",\"name\":\"Ach\u00e8te Bandai - Banpresto - Dragon Ball - Solid Edge Works - Super Saiyan 3 Gotenks\",\"isPartOf\":{\"@id\":\"https:\\\/\\\/theuncommonshop.ch\\\/fr\\\/#website\"},\"primaryImageOfPage\":{\"@id\":\"https:\\\/\\\/theuncommonshop.ch\\\/fr\\\/product\\\/bandai-banpresto-dragon-ball-solid-edge-works-super-saiyan-3-gotenks\\\/#primaryimage\"},\"image\":{\"@id\":\"https:\\\/\\\/theuncommonshop.ch\\\/fr\\\/product\\\/bandai-banpresto-dragon-ball-solid-edge-works-super-saiyan-3-gotenks\\\/#primaryimage\"},\"thumbnailUrl\":\"https:\\\/\\\/theuncommonshop.ch\\\/wp-content\\\/uploads\\\/2026\\\/03\\\/N1-1.jpg\",\"datePublished\":\"2026-03-01T20:12:44+00:00\",\"dateModified\":\"2026-03-08T09:21:02+00:00\",\"description\":\"Ach\u00e8te Bandai - Banpresto - Dragon Ball - Solid Edge Works - Super Saiyan 3 Gotenks en ligne maintenant \u00e0 petit prix! Ton #1 shop pour cartes TCG & Pok\u00e9mon en Suisse \u2713 Livraison gratuite d\u00e8s CHF 29\",\"breadcrumb\":{\"@id\":\"https:\\\/\\\/theuncommonshop.ch\\\/fr\\\/product\\\/bandai-banpresto-dragon-ball-solid-edge-works-super-saiyan-3-gotenks\\\/#breadcrumb\"},\"inLanguage\":\"fr-FR\",\"potentialAction\":[{\"@type\":\"ReadAction\",\"target\":[\"https:\\\/\\\/theuncommonshop.ch\\\/fr\\\/product\\\/bandai-banpresto-dragon-ball-solid-edge-works-super-saiyan-3-gotenks\\\/\"]}]},{\"@type\":\"ImageObject\",\"inLanguage\":\"fr-FR\",\"@id\":\"https:\\\/\\\/theuncommonshop.ch\\\/fr\\\/product\\\/bandai-banpresto-dragon-ball-solid-edge-works-super-saiyan-3-gotenks\\\/#primaryimage\",\"url\":\"https:\\\/\\\/theuncommonshop.ch\\\/wp-content\\\/uploads\\\/2026\\\/03\\\/N1-1.jpg\",\"contentUrl\":\"https:\\\/\\\/theuncommonshop.ch\\\/wp-content\\\/uploads\\\/2026\\\/03\\\/N1-1.jpg\",\"width\":1000,\"height\":1000},{\"@type\":\"BreadcrumbList\",\"@id\":\"https:\\\/\\\/theuncommonshop.ch\\\/fr\\\/product\\\/bandai-banpresto-dragon-ball-solid-edge-works-super-saiyan-3-gotenks\\\/#breadcrumb\",\"itemListElement\":[{\"@type\":\"ListItem\",\"position\":1,\"name\":\"Accueil\",\"item\":\"https:\\\/\\\/theuncommonshop.ch\\\/fr\\\/accueil\\\/\"},{\"@type\":\"ListItem\",\"position\":2,\"name\":\"Boutique\",\"item\":\"https:\\\/\\\/theuncommonshop.ch\\\/fr\\\/boutique\\\/\"},{\"@type\":\"ListItem\",\"position\":3,\"name\":\"Collectibles\",\"item\":\"https:\\\/\\\/theuncommonshop.ch\\\/fr\\\/categorie-produit\\\/collectibles-fr\\\/\"},{\"@type\":\"ListItem\",\"position\":4,\"name\":\"Figurines d'anime\",\"item\":\"https:\\\/\\\/theuncommonshop.ch\\\/fr\\\/categorie-produit\\\/collectibles-fr\\\/figurines-danime\\\/\"},{\"@type\":\"ListItem\",\"position\":5,\"name\":\"Figurines Dragon Ball\",\"item\":\"https:\\\/\\\/theuncommonshop.ch\\\/fr\\\/categorie-produit\\\/collectibles-fr\\\/figurines-danime\\\/figurines-dragon-ball\\\/\"},{\"@type\":\"ListItem\",\"position\":6,\"name\":\"Bandai &#8211; Banpresto &#8211; Dragon Ball &#8211; Solid Edge Works &#8211; Super Saiyan 3 Gotenks\"}]},{\"@type\":\"WebSite\",\"@id\":\"https:\\\/\\\/theuncommonshop.ch\\\/fr\\\/#website\",\"url\":\"https:\\\/\\\/theuncommonshop.ch\\\/fr\\\/\",\"name\":\"The Uncommon Shop\",\"description\":\"Magic, Pok\u00e9mon and Yu-gi-oh - The Uncommon Shop\",\"potentialAction\":[{\"@type\":\"SearchAction\",\"target\":{\"@type\":\"EntryPoint\",\"urlTemplate\":\"https:\\\/\\\/theuncommonshop.ch\\\/fr\\\/?s={search_term_string}\"},\"query-input\":{\"@type\":\"PropertyValueSpecification\",\"valueRequired\":true,\"valueName\":\"search_term_string\"}}],\"inLanguage\":\"fr-FR\"}]}<\/script>\n<meta property=\"product:price:amount\" content=\"34.95\" \/>\n<meta property=\"product:price:currency\" content=\"CHF\" \/>\n<meta property=\"og:availability\" content=\"instock\" \/>\n<meta property=\"product:availability\" content=\"instock\" \/>\n<meta property=\"product:retailer_item_id\" content=\"66761\" \/>\n<meta property=\"product:condition\" content=\"new\" \/>\n<!-- \/ Yoast SEO plugin. -->","yoast_head_json":{"title":"Ach\u00e8te Bandai - Banpresto - Dragon Ball - Solid Edge Works - Super Saiyan 3 Gotenks","description":"Ach\u00e8te Bandai - Banpresto - Dragon Ball - Solid Edge Works - Super Saiyan 3 Gotenks en ligne maintenant \u00e0 petit prix! Ton #1 shop pour cartes TCG & Pok\u00e9mon en Suisse \u2713 Livraison gratuite d\u00e8s CHF 29","robots":{"index":"index","follow":"follow","max-snippet":"max-snippet:-1","max-image-preview":"max-image-preview:large","max-video-preview":"max-video-preview:-1"},"canonical":"https:\/\/theuncommonshop.ch\/fr\/product\/bandai-banpresto-dragon-ball-solid-edge-works-super-saiyan-3-gotenks\/","og_locale":"fr_FR","og_type":"article","og_title":"Ach\u00e8te Bandai - Banpresto - Dragon Ball - Solid Edge Works - Super Saiyan 3 Gotenks","og_description":"Ach\u00e8te Bandai - Banpresto - Dragon Ball - Solid Edge Works - Super Saiyan 3 Gotenks en ligne maintenant \u00e0 petit prix! Ton #1 shop pour cartes TCG & Pok\u00e9mon en Suisse \u2713 Livraison gratuite d\u00e8s CHF 29","og_url":"https:\/\/theuncommonshop.ch\/fr\/product\/bandai-banpresto-dragon-ball-solid-edge-works-super-saiyan-3-gotenks\/","og_site_name":"The Uncommon Shop","article_modified_time":"2026-03-08T09:21:02+00:00","og_image":[{"width":1000,"height":1000,"url":"https:\/\/theuncommonshop.ch\/wp-content\/uploads\/2026\/03\/N1-1.jpg","type":"image\/jpeg"}],"twitter_card":"summary_large_image","twitter_misc":{"Prix":"&#67;&#72;&#70;&nbsp;34.95","Disponibilit\u00e9":"En stock"},"schema":{"@context":"https:\/\/schema.org","@graph":[{"@type":"WebPage","@id":"https:\/\/theuncommonshop.ch\/fr\/product\/bandai-banpresto-dragon-ball-solid-edge-works-super-saiyan-3-gotenks\/","url":"https:\/\/theuncommonshop.ch\/fr\/product\/bandai-banpresto-dragon-ball-solid-edge-works-super-saiyan-3-gotenks\/","name":"Ach\u00e8te Bandai - Banpresto - Dragon Ball - Solid Edge Works - Super Saiyan 3 Gotenks","isPartOf":{"@id":"https:\/\/theuncommonshop.ch\/fr\/#website"},"primaryImageOfPage":{"@id":"https:\/\/theuncommonshop.ch\/fr\/product\/bandai-banpresto-dragon-ball-solid-edge-works-super-saiyan-3-gotenks\/#primaryimage"},"image":{"@id":"https:\/\/theuncommonshop.ch\/fr\/product\/bandai-banpresto-dragon-ball-solid-edge-works-super-saiyan-3-gotenks\/#primaryimage"},"thumbnailUrl":"https:\/\/theuncommonshop.ch\/wp-content\/uploads\/2026\/03\/N1-1.jpg","datePublished":"2026-03-01T20:12:44+00:00","dateModified":"2026-03-08T09:21:02+00:00","description":"Ach\u00e8te Bandai - Banpresto - Dragon Ball - Solid Edge Works - Super Saiyan 3 Gotenks en ligne maintenant \u00e0 petit prix! Ton #1 shop pour cartes TCG & Pok\u00e9mon en Suisse \u2713 Livraison gratuite d\u00e8s CHF 29","breadcrumb":{"@id":"https:\/\/theuncommonshop.ch\/fr\/product\/bandai-banpresto-dragon-ball-solid-edge-works-super-saiyan-3-gotenks\/#breadcrumb"},"inLanguage":"fr-FR","potentialAction":[{"@type":"ReadAction","target":["https:\/\/theuncommonshop.ch\/fr\/product\/bandai-banpresto-dragon-ball-solid-edge-works-super-saiyan-3-gotenks\/"]}]},{"@type":"ImageObject","inLanguage":"fr-FR","@id":"https:\/\/theuncommonshop.ch\/fr\/product\/bandai-banpresto-dragon-ball-solid-edge-works-super-saiyan-3-gotenks\/#primaryimage","url":"https:\/\/theuncommonshop.ch\/wp-content\/uploads\/2026\/03\/N1-1.jpg","contentUrl":"https:\/\/theuncommonshop.ch\/wp-content\/uploads\/2026\/03\/N1-1.jpg","width":1000,"height":1000},{"@type":"BreadcrumbList","@id":"https:\/\/theuncommonshop.ch\/fr\/product\/bandai-banpresto-dragon-ball-solid-edge-works-super-saiyan-3-gotenks\/#breadcrumb","itemListElement":[{"@type":"ListItem","position":1,"name":"Accueil","item":"https:\/\/theuncommonshop.ch\/fr\/accueil\/"},{"@type":"ListItem","position":2,"name":"Boutique","item":"https:\/\/theuncommonshop.ch\/fr\/boutique\/"},{"@type":"ListItem","position":3,"name":"Collectibles","item":"https:\/\/theuncommonshop.ch\/fr\/categorie-produit\/collectibles-fr\/"},{"@type":"ListItem","position":4,"name":"Figurines d'anime","item":"https:\/\/theuncommonshop.ch\/fr\/categorie-produit\/collectibles-fr\/figurines-danime\/"},{"@type":"ListItem","position":5,"name":"Figurines Dragon Ball","item":"https:\/\/theuncommonshop.ch\/fr\/categorie-produit\/collectibles-fr\/figurines-danime\/figurines-dragon-ball\/"},{"@type":"ListItem","position":6,"name":"Bandai &#8211; Banpresto &#8211; Dragon Ball &#8211; Solid Edge Works &#8211; Super Saiyan 3 Gotenks"}]},{"@type":"WebSite","@id":"https:\/\/theuncommonshop.ch\/fr\/#website","url":"https:\/\/theuncommonshop.ch\/fr\/","name":"The Uncommon Shop","description":"Magic, Pok\u00e9mon and Yu-gi-oh - The Uncommon Shop","potentialAction":[{"@type":"SearchAction","target":{"@type":"EntryPoint","urlTemplate":"https:\/\/theuncommonshop.ch\/fr\/?s={search_term_string}"},"query-input":{"@type":"PropertyValueSpecification","valueRequired":true,"valueName":"search_term_string"}}],"inLanguage":"fr-FR"}]},"product_price_amount":"34.95","product_price_currency":"CHF","og_availability":"instock","product_availability":"instock","product_retailer_item_id":"66761","product_condition":"new"},"_links":{"self":[{"href":"https:\/\/theuncommonshop.ch\/fr\/wp-json\/wp\/v2\/product\/303893","targetHints":{"allow":["GET"]}}],"collection":[{"href":"https:\/\/theuncommonshop.ch\/fr\/wp-json\/wp\/v2\/product"}],"about":[{"href":"https:\/\/theuncommonshop.ch\/fr\/wp-json\/wp\/v2\/types\/product"}],"replies":[{"embeddable":true,"href":"https:\/\/theuncommonshop.ch\/fr\/wp-json\/wp\/v2\/comments?post=303893"}],"version-history":[{"count":0,"href":"https:\/\/theuncommonshop.ch\/fr\/wp-json\/wp\/v2\/product\/303893\/revisions"}],"wp:featuredmedia":[{"embeddable":true,"href":"https:\/\/theuncommonshop.ch\/fr\/wp-json\/wp\/v2\/media\/302027"}],"wp:attachment":[{"href":"https:\/\/theuncommonshop.ch\/fr\/wp-json\/wp\/v2\/media?parent=303893"}],"wp:term":[{"taxonomy":"product_brand","embeddable":true,"href":"https:\/\/theuncommonshop.ch\/fr\/wp-json\/wp\/v2\/product_brand?post=303893"},{"taxonomy":"product_cat","embeddable":true,"href":"https:\/\/theuncommonshop.ch\/fr\/wp-json\/wp\/v2\/product_cat?post=303893"},{"taxonomy":"product_tag","embeddable":true,"href":"https:\/\/theuncommonshop.ch\/fr\/wp-json\/wp\/v2\/product_tag?post=303893"}],"curies":[{"name":"wp","href":"https:\/\/api.w.org\/{rel}","templated":true}]}}