{"id":303891,"date":"2026-03-01T21:10:20","date_gmt":"2026-03-01T20:10:20","guid":{"rendered":"http:\/\/theuncommonshop.ch\/produkt\/303891\/"},"modified":"2026-03-08T10:21:07","modified_gmt":"2026-03-08T09:21:07","slug":"bandai-banpresto-naruto-shippuden-memorable-saga-itachi-uchiha-special-edition","status":"publish","type":"product","link":"https:\/\/theuncommonshop.ch\/fr\/product\/bandai-banpresto-naruto-shippuden-memorable-saga-itachi-uchiha-special-edition\/","title":{"rendered":"Bandai &#8211; Banpresto &#8211; Naruto Shippuden &#8211; Memorable Saga &#8211; Itachi Uchiha Special Edition"},"content":{"rendered":"<p>&#8220;Stupide petit fr\u00e8re&#8230; si tu veux me tuer, d\u00e9teste-moi, abhorre-moi&#8221;. La trag\u00e9die de cette nuit est fig\u00e9e \u00e0 jamais. Itachi Uchiha observe tout depuis l&#8217;ombre, baign\u00e9 dans la lumi\u00e8re de la lune. Issu du l\u00e9gendaire Anime Naruto Shippuden, Itachi Uchiha revient dans la s\u00e9rie sp\u00e9ciale Memorable Saga de Bandai Banpresto. Cette s\u00e9rie est unique en raison de sa pr\u00e9sentation en diorama qui ne capture pas seulement un personnage, mais toute une ambiance et un moment. Cette figurine reproduit la sc\u00e8ne saisissante de la nuit de la chute du clan Uchiha. Itachi est repr\u00e9sent\u00e9 dans son uniforme de l&#8217;ANBU Black Ops, assis tranquillement sur un pyl\u00f4ne \u00e9lectrique et regardant vers le bas avec son sharingan actif. La figurine dispose d&#8217;un \u00e9poustouflant grand fond lunaire qui l&#8217;encadre parfaitement et cr\u00e9e un look silhouett\u00e9 et cin\u00e9matographique sur votre \u00e9tag\u00e8re. Le socle imite les nuages stylis\u00e9s et la fum\u00e9e du Village de Feuilles Cach\u00e9es, ajoutant de la profondeur \u00e0 la repr\u00e9sentation. Il ne s&#8217;agit pas seulement d&#8217;un personnage, mais d&#8217;un morceau d&#8217;histoire de l&#8217;Anime qui capture la tristesse et la d\u00e9termination de l&#8217;antih\u00e9ros le plus complexe de la s\u00e9rie. Mat\u00e9riau : PVC \/ ABS Hauteur (approx.) : 13 cm (5,1 pouces) Empruntez le chemin des ombres. Ajoutez la figurine Bandai Naruto Shippuden Itachi Memorable Saga \u00e0 votre panier et laissez-vous guider par le clair de lune.           <\/p>\n","protected":false},"excerpt":{"rendered":"<p>&#8220;Stupide petit fr\u00e8re&#8230; si tu veux me tuer, d\u00e9teste-moi, abhorre-moi&#8221;. La trag\u00e9die de cette nuit est fig\u00e9e \u00e0 jamais. Itachi<\/p>\n","protected":false},"featured_media":302021,"comment_status":"open","ping_status":"closed","template":"","meta":{"_acf_changed":false},"product_brand":[5144],"product_cat":[9911,9913],"product_tag":[],"class_list":{"0":"post-303891","1":"product","2":"type-product","3":"status-publish","4":"has-post-thumbnail","6":"product_brand-bandai","7":"product_cat-collectibles-fr","8":"product_cat-figurines-danime","10":"first","11":"outofstock","12":"taxable","13":"shipping-taxable","14":"purchasable","15":"product-type-simple"},"acf":[],"yoast_head":"<!-- This site is optimized with the Yoast SEO plugin v27.4 - https:\/\/yoast.com\/product\/yoast-seo-wordpress\/ -->\n<title>Ach\u00e8te Bandai - Banpresto - Naruto Shippuden - Memorable Saga - Itachi Uchiha Special Edition<\/title>\n<meta name=\"description\" content=\"Ach\u00e8te Bandai - Banpresto - Naruto Shippuden - Memorable Saga - Itachi Uchiha Special Edition en ligne maintenant \u00e0 petit prix! Ton #1 shop pour cartes TCG &amp; Pok\u00e9mon en Suisse \u2713 Livraison gratuite d\u00e8s CHF 29\" \/>\n<meta name=\"robots\" content=\"index, follow, max-snippet:-1, max-image-preview:large, max-video-preview:-1\" \/>\n<link rel=\"canonical\" href=\"https:\/\/theuncommonshop.ch\/fr\/product\/bandai-banpresto-naruto-shippuden-memorable-saga-itachi-uchiha-special-edition\/\" \/>\n<meta property=\"og:locale\" content=\"fr_FR\" \/>\n<meta property=\"og:type\" content=\"article\" \/>\n<meta property=\"og:title\" content=\"Ach\u00e8te Bandai - Banpresto - Naruto Shippuden - Memorable Saga - Itachi Uchiha Special Edition\" \/>\n<meta property=\"og:description\" content=\"Ach\u00e8te Bandai - Banpresto - Naruto Shippuden - Memorable Saga - Itachi Uchiha Special Edition en ligne maintenant \u00e0 petit prix! Ton #1 shop pour cartes TCG &amp; Pok\u00e9mon en Suisse \u2713 Livraison gratuite d\u00e8s CHF 29\" \/>\n<meta property=\"og:url\" content=\"https:\/\/theuncommonshop.ch\/fr\/product\/bandai-banpresto-naruto-shippuden-memorable-saga-itachi-uchiha-special-edition\/\" \/>\n<meta property=\"og:site_name\" content=\"The Uncommon Shop\" \/>\n<meta property=\"article:modified_time\" content=\"2026-03-08T09:21:07+00:00\" \/>\n<meta property=\"og:image\" content=\"https:\/\/theuncommonshop.ch\/wp-content\/uploads\/2026\/03\/M1-1.jpg\" \/>\n\t<meta property=\"og:image:width\" content=\"1000\" \/>\n\t<meta property=\"og:image:height\" content=\"1000\" \/>\n\t<meta property=\"og:image:type\" content=\"image\/jpeg\" \/>\n<meta name=\"twitter:card\" content=\"summary_large_image\" \/>\n<meta name=\"twitter:label1\" content=\"Prix\" \/>\n\t<meta name=\"twitter:data1\" content=\"&#067;&#072;&#070;&nbsp;34.95\" \/>\n\t<meta name=\"twitter:label2\" content=\"Disponibilit\u00e9\" \/>\n\t<meta name=\"twitter:data2\" content=\"Rupture de stock\" \/>\n<script type=\"application\/ld+json\" class=\"yoast-schema-graph\">{\"@context\":\"https:\\\/\\\/schema.org\",\"@graph\":[{\"@type\":\"WebPage\",\"@id\":\"https:\\\/\\\/theuncommonshop.ch\\\/fr\\\/product\\\/bandai-banpresto-naruto-shippuden-memorable-saga-itachi-uchiha-special-edition\\\/\",\"url\":\"https:\\\/\\\/theuncommonshop.ch\\\/fr\\\/product\\\/bandai-banpresto-naruto-shippuden-memorable-saga-itachi-uchiha-special-edition\\\/\",\"name\":\"Ach\u00e8te Bandai - Banpresto - Naruto Shippuden - Memorable Saga - Itachi Uchiha Special Edition\",\"isPartOf\":{\"@id\":\"https:\\\/\\\/theuncommonshop.ch\\\/fr\\\/#website\"},\"primaryImageOfPage\":{\"@id\":\"https:\\\/\\\/theuncommonshop.ch\\\/fr\\\/product\\\/bandai-banpresto-naruto-shippuden-memorable-saga-itachi-uchiha-special-edition\\\/#primaryimage\"},\"image\":{\"@id\":\"https:\\\/\\\/theuncommonshop.ch\\\/fr\\\/product\\\/bandai-banpresto-naruto-shippuden-memorable-saga-itachi-uchiha-special-edition\\\/#primaryimage\"},\"thumbnailUrl\":\"https:\\\/\\\/theuncommonshop.ch\\\/wp-content\\\/uploads\\\/2026\\\/03\\\/M1-1.jpg\",\"datePublished\":\"2026-03-01T20:10:20+00:00\",\"dateModified\":\"2026-03-08T09:21:07+00:00\",\"description\":\"Ach\u00e8te Bandai - Banpresto - Naruto Shippuden - Memorable Saga - Itachi Uchiha Special Edition en ligne maintenant \u00e0 petit prix! Ton #1 shop pour cartes TCG & Pok\u00e9mon en Suisse \u2713 Livraison gratuite d\u00e8s CHF 29\",\"breadcrumb\":{\"@id\":\"https:\\\/\\\/theuncommonshop.ch\\\/fr\\\/product\\\/bandai-banpresto-naruto-shippuden-memorable-saga-itachi-uchiha-special-edition\\\/#breadcrumb\"},\"inLanguage\":\"fr-FR\",\"potentialAction\":[{\"@type\":\"ReadAction\",\"target\":[\"https:\\\/\\\/theuncommonshop.ch\\\/fr\\\/product\\\/bandai-banpresto-naruto-shippuden-memorable-saga-itachi-uchiha-special-edition\\\/\"]}]},{\"@type\":\"ImageObject\",\"inLanguage\":\"fr-FR\",\"@id\":\"https:\\\/\\\/theuncommonshop.ch\\\/fr\\\/product\\\/bandai-banpresto-naruto-shippuden-memorable-saga-itachi-uchiha-special-edition\\\/#primaryimage\",\"url\":\"https:\\\/\\\/theuncommonshop.ch\\\/wp-content\\\/uploads\\\/2026\\\/03\\\/M1-1.jpg\",\"contentUrl\":\"https:\\\/\\\/theuncommonshop.ch\\\/wp-content\\\/uploads\\\/2026\\\/03\\\/M1-1.jpg\",\"width\":1000,\"height\":1000},{\"@type\":\"BreadcrumbList\",\"@id\":\"https:\\\/\\\/theuncommonshop.ch\\\/fr\\\/product\\\/bandai-banpresto-naruto-shippuden-memorable-saga-itachi-uchiha-special-edition\\\/#breadcrumb\",\"itemListElement\":[{\"@type\":\"ListItem\",\"position\":1,\"name\":\"Accueil\",\"item\":\"https:\\\/\\\/theuncommonshop.ch\\\/fr\\\/accueil\\\/\"},{\"@type\":\"ListItem\",\"position\":2,\"name\":\"Boutique\",\"item\":\"https:\\\/\\\/theuncommonshop.ch\\\/fr\\\/boutique\\\/\"},{\"@type\":\"ListItem\",\"position\":3,\"name\":\"Collectibles\",\"item\":\"https:\\\/\\\/theuncommonshop.ch\\\/fr\\\/categorie-produit\\\/collectibles-fr\\\/\"},{\"@type\":\"ListItem\",\"position\":4,\"name\":\"Figurines d'anime\",\"item\":\"https:\\\/\\\/theuncommonshop.ch\\\/fr\\\/categorie-produit\\\/collectibles-fr\\\/figurines-danime\\\/\"},{\"@type\":\"ListItem\",\"position\":5,\"name\":\"Bandai &#8211; Banpresto &#8211; Naruto Shippuden &#8211; Memorable Saga &#8211; Itachi Uchiha Special Edition\"}]},{\"@type\":\"WebSite\",\"@id\":\"https:\\\/\\\/theuncommonshop.ch\\\/fr\\\/#website\",\"url\":\"https:\\\/\\\/theuncommonshop.ch\\\/fr\\\/\",\"name\":\"The Uncommon Shop\",\"description\":\"Magic, Pok\u00e9mon and Yu-gi-oh - The Uncommon Shop\",\"potentialAction\":[{\"@type\":\"SearchAction\",\"target\":{\"@type\":\"EntryPoint\",\"urlTemplate\":\"https:\\\/\\\/theuncommonshop.ch\\\/fr\\\/?s={search_term_string}\"},\"query-input\":{\"@type\":\"PropertyValueSpecification\",\"valueRequired\":true,\"valueName\":\"search_term_string\"}}],\"inLanguage\":\"fr-FR\"}]}<\/script>\n<meta property=\"product:price:amount\" content=\"34.95\" \/>\n<meta property=\"product:price:currency\" content=\"CHF\" \/>\n<meta property=\"og:availability\" content=\"out of stock\" \/>\n<meta property=\"product:availability\" content=\"out of stock\" \/>\n<meta property=\"product:retailer_item_id\" content=\"66760\" \/>\n<meta property=\"product:condition\" content=\"new\" \/>\n<!-- \/ Yoast SEO plugin. -->","yoast_head_json":{"title":"Ach\u00e8te Bandai - Banpresto - Naruto Shippuden - Memorable Saga - Itachi Uchiha Special Edition","description":"Ach\u00e8te Bandai - Banpresto - Naruto Shippuden - Memorable Saga - Itachi Uchiha Special Edition en ligne maintenant \u00e0 petit prix! Ton #1 shop pour cartes TCG & Pok\u00e9mon en Suisse \u2713 Livraison gratuite d\u00e8s CHF 29","robots":{"index":"index","follow":"follow","max-snippet":"max-snippet:-1","max-image-preview":"max-image-preview:large","max-video-preview":"max-video-preview:-1"},"canonical":"https:\/\/theuncommonshop.ch\/fr\/product\/bandai-banpresto-naruto-shippuden-memorable-saga-itachi-uchiha-special-edition\/","og_locale":"fr_FR","og_type":"article","og_title":"Ach\u00e8te Bandai - Banpresto - Naruto Shippuden - Memorable Saga - Itachi Uchiha Special Edition","og_description":"Ach\u00e8te Bandai - Banpresto - Naruto Shippuden - Memorable Saga - Itachi Uchiha Special Edition en ligne maintenant \u00e0 petit prix! Ton #1 shop pour cartes TCG & Pok\u00e9mon en Suisse \u2713 Livraison gratuite d\u00e8s CHF 29","og_url":"https:\/\/theuncommonshop.ch\/fr\/product\/bandai-banpresto-naruto-shippuden-memorable-saga-itachi-uchiha-special-edition\/","og_site_name":"The Uncommon Shop","article_modified_time":"2026-03-08T09:21:07+00:00","og_image":[{"width":1000,"height":1000,"url":"https:\/\/theuncommonshop.ch\/wp-content\/uploads\/2026\/03\/M1-1.jpg","type":"image\/jpeg"}],"twitter_card":"summary_large_image","twitter_misc":{"Prix":"&#67;&#72;&#70;&nbsp;34.95","Disponibilit\u00e9":"Rupture de stock"},"schema":{"@context":"https:\/\/schema.org","@graph":[{"@type":"WebPage","@id":"https:\/\/theuncommonshop.ch\/fr\/product\/bandai-banpresto-naruto-shippuden-memorable-saga-itachi-uchiha-special-edition\/","url":"https:\/\/theuncommonshop.ch\/fr\/product\/bandai-banpresto-naruto-shippuden-memorable-saga-itachi-uchiha-special-edition\/","name":"Ach\u00e8te Bandai - Banpresto - Naruto Shippuden - Memorable Saga - Itachi Uchiha Special Edition","isPartOf":{"@id":"https:\/\/theuncommonshop.ch\/fr\/#website"},"primaryImageOfPage":{"@id":"https:\/\/theuncommonshop.ch\/fr\/product\/bandai-banpresto-naruto-shippuden-memorable-saga-itachi-uchiha-special-edition\/#primaryimage"},"image":{"@id":"https:\/\/theuncommonshop.ch\/fr\/product\/bandai-banpresto-naruto-shippuden-memorable-saga-itachi-uchiha-special-edition\/#primaryimage"},"thumbnailUrl":"https:\/\/theuncommonshop.ch\/wp-content\/uploads\/2026\/03\/M1-1.jpg","datePublished":"2026-03-01T20:10:20+00:00","dateModified":"2026-03-08T09:21:07+00:00","description":"Ach\u00e8te Bandai - Banpresto - Naruto Shippuden - Memorable Saga - Itachi Uchiha Special Edition en ligne maintenant \u00e0 petit prix! Ton #1 shop pour cartes TCG & Pok\u00e9mon en Suisse \u2713 Livraison gratuite d\u00e8s CHF 29","breadcrumb":{"@id":"https:\/\/theuncommonshop.ch\/fr\/product\/bandai-banpresto-naruto-shippuden-memorable-saga-itachi-uchiha-special-edition\/#breadcrumb"},"inLanguage":"fr-FR","potentialAction":[{"@type":"ReadAction","target":["https:\/\/theuncommonshop.ch\/fr\/product\/bandai-banpresto-naruto-shippuden-memorable-saga-itachi-uchiha-special-edition\/"]}]},{"@type":"ImageObject","inLanguage":"fr-FR","@id":"https:\/\/theuncommonshop.ch\/fr\/product\/bandai-banpresto-naruto-shippuden-memorable-saga-itachi-uchiha-special-edition\/#primaryimage","url":"https:\/\/theuncommonshop.ch\/wp-content\/uploads\/2026\/03\/M1-1.jpg","contentUrl":"https:\/\/theuncommonshop.ch\/wp-content\/uploads\/2026\/03\/M1-1.jpg","width":1000,"height":1000},{"@type":"BreadcrumbList","@id":"https:\/\/theuncommonshop.ch\/fr\/product\/bandai-banpresto-naruto-shippuden-memorable-saga-itachi-uchiha-special-edition\/#breadcrumb","itemListElement":[{"@type":"ListItem","position":1,"name":"Accueil","item":"https:\/\/theuncommonshop.ch\/fr\/accueil\/"},{"@type":"ListItem","position":2,"name":"Boutique","item":"https:\/\/theuncommonshop.ch\/fr\/boutique\/"},{"@type":"ListItem","position":3,"name":"Collectibles","item":"https:\/\/theuncommonshop.ch\/fr\/categorie-produit\/collectibles-fr\/"},{"@type":"ListItem","position":4,"name":"Figurines d'anime","item":"https:\/\/theuncommonshop.ch\/fr\/categorie-produit\/collectibles-fr\/figurines-danime\/"},{"@type":"ListItem","position":5,"name":"Bandai &#8211; Banpresto &#8211; Naruto Shippuden &#8211; Memorable Saga &#8211; Itachi Uchiha Special Edition"}]},{"@type":"WebSite","@id":"https:\/\/theuncommonshop.ch\/fr\/#website","url":"https:\/\/theuncommonshop.ch\/fr\/","name":"The Uncommon Shop","description":"Magic, Pok\u00e9mon and Yu-gi-oh - The Uncommon Shop","potentialAction":[{"@type":"SearchAction","target":{"@type":"EntryPoint","urlTemplate":"https:\/\/theuncommonshop.ch\/fr\/?s={search_term_string}"},"query-input":{"@type":"PropertyValueSpecification","valueRequired":true,"valueName":"search_term_string"}}],"inLanguage":"fr-FR"}]},"product_price_amount":"34.95","product_price_currency":"CHF","og_availability":"out of stock","product_availability":"out of stock","product_retailer_item_id":"66760","product_condition":"new"},"_links":{"self":[{"href":"https:\/\/theuncommonshop.ch\/fr\/wp-json\/wp\/v2\/product\/303891","targetHints":{"allow":["GET"]}}],"collection":[{"href":"https:\/\/theuncommonshop.ch\/fr\/wp-json\/wp\/v2\/product"}],"about":[{"href":"https:\/\/theuncommonshop.ch\/fr\/wp-json\/wp\/v2\/types\/product"}],"replies":[{"embeddable":true,"href":"https:\/\/theuncommonshop.ch\/fr\/wp-json\/wp\/v2\/comments?post=303891"}],"version-history":[{"count":0,"href":"https:\/\/theuncommonshop.ch\/fr\/wp-json\/wp\/v2\/product\/303891\/revisions"}],"wp:featuredmedia":[{"embeddable":true,"href":"https:\/\/theuncommonshop.ch\/fr\/wp-json\/wp\/v2\/media\/302021"}],"wp:attachment":[{"href":"https:\/\/theuncommonshop.ch\/fr\/wp-json\/wp\/v2\/media?parent=303891"}],"wp:term":[{"taxonomy":"product_brand","embeddable":true,"href":"https:\/\/theuncommonshop.ch\/fr\/wp-json\/wp\/v2\/product_brand?post=303891"},{"taxonomy":"product_cat","embeddable":true,"href":"https:\/\/theuncommonshop.ch\/fr\/wp-json\/wp\/v2\/product_cat?post=303891"},{"taxonomy":"product_tag","embeddable":true,"href":"https:\/\/theuncommonshop.ch\/fr\/wp-json\/wp\/v2\/product_tag?post=303891"}],"curies":[{"name":"wp","href":"https:\/\/api.w.org\/{rel}","templated":true}]}}