{"id":303862,"date":"2026-03-01T21:17:37","date_gmt":"2026-03-01T20:17:37","guid":{"rendered":"http:\/\/theuncommonshop.ch\/produkt\/303862\/"},"modified":"2026-03-08T10:20:51","modified_gmt":"2026-03-08T09:20:51","slug":"bandai-banpresto-one-piece-the-shukko-nico-robin-egghead-version","status":"publish","type":"product","link":"https:\/\/theuncommonshop.ch\/fr\/product\/bandai-banpresto-one-piece-the-shukko-nico-robin-egghead-version\/","title":{"rendered":"Bandai &#8211; Banpresto &#8211; One Piece &#8211; The Shukko &#8211; Nico Robin Egghead Version"},"content":{"rendered":"<p>&#8220;Dans le futur&#8230; Je me demande quelle histoire sommeille ici&#8221; ? L&#8217;arch\u00e9ologue au chapeau de paille entre dans le monde de la science-fiction d&#8217;Egghead Island ! Issue du dernier arc narratif du ph\u00e9nom\u00e8ne mondial One Piece, Nico Robin rejoint la s\u00e9rie de figurines &#8220;The Shukko&#8221; (D\u00e9part) de Bandai Banpresto. Cette s\u00e9rie montre les chapeaux de paille dans leurs derni\u00e8res tenues, debout et pr\u00eats pour leur prochain voyage. Robin a troqu\u00e9 son \u00e9l\u00e9gance florale habituelle contre un look audacieux et futuriste qui correspond \u00e0 l&#8217;esth\u00e9tique de &#8220;l&#8217;\u00eele du futur&#8221;. Elle porte sa tenue officielle de l&#8217;arc Egghead : une \u00e9l\u00e9gante veste courte en cuir noir, un bas de style bikini fonc\u00e9 et des chaussettes \u00e0 talons orange vif tr\u00e8s voyantes. Le look est compl\u00e9t\u00e9 par des bottes noires massives de style m\u00e9cha, des gants violets et le casque de communication jaune caract\u00e9ristique avec une antenne \u00e0 l&#8217;oreille. Avec ses cheveux flottant librement et son regard s\u00fbr de lui et intelligent, ce personnage capture parfaitement l&#8217;adaptation de Robin \u00e0 l&#8217;\u00eele du futur du Dr Vegapunk. Mat\u00e9riau : PVC \/ ABS Hauteur (approx.) : 17 cm | 6,7 pouces Assurez-vous de conna\u00eetre le Void Century ! Ajoutez la figurine de Bandai One Piece The Shukko Nico Robin Egghead \u00e0 votre panier et ajoutez le futur \u00e0 votre collection !         <\/p>\n","protected":false},"excerpt":{"rendered":"<p>&#8220;Dans le futur&#8230; Je me demande quelle histoire sommeille ici&#8221; ? L&#8217;arch\u00e9ologue au chapeau de paille entre dans le monde<\/p>\n","protected":false},"featured_media":302038,"comment_status":"open","ping_status":"closed","template":"","meta":{"_acf_changed":false},"product_brand":[5144],"product_cat":[9911,9913,9921],"product_tag":[],"class_list":{"0":"post-303862","1":"product","2":"type-product","3":"status-publish","4":"has-post-thumbnail","6":"product_brand-bandai","7":"product_cat-collectibles-fr","8":"product_cat-figurines-danime","9":"product_cat-figurines-one-piece","11":"first","12":"instock","13":"taxable","14":"shipping-taxable","15":"purchasable","16":"product-type-simple"},"acf":[],"yoast_head":"<!-- This site is optimized with the Yoast SEO plugin v27.4 - https:\/\/yoast.com\/product\/yoast-seo-wordpress\/ -->\n<title>Ach\u00e8te Bandai - Banpresto - One Piece - The Shukko - Nico Robin Egghead Version<\/title>\n<meta name=\"description\" content=\"Ach\u00e8te Bandai - Banpresto - One Piece - The Shukko - Nico Robin Egghead Version en ligne maintenant \u00e0 petit prix! Ton #1 shop pour cartes TCG &amp; Pok\u00e9mon en Suisse \u2713 Livraison gratuite d\u00e8s CHF 29\" \/>\n<meta name=\"robots\" content=\"index, follow, max-snippet:-1, max-image-preview:large, max-video-preview:-1\" \/>\n<link rel=\"canonical\" href=\"https:\/\/theuncommonshop.ch\/fr\/product\/bandai-banpresto-one-piece-the-shukko-nico-robin-egghead-version\/\" \/>\n<meta property=\"og:locale\" content=\"fr_FR\" \/>\n<meta property=\"og:type\" content=\"article\" \/>\n<meta property=\"og:title\" content=\"Ach\u00e8te Bandai - Banpresto - One Piece - The Shukko - Nico Robin Egghead Version\" \/>\n<meta property=\"og:description\" content=\"Ach\u00e8te Bandai - Banpresto - One Piece - The Shukko - Nico Robin Egghead Version en ligne maintenant \u00e0 petit prix! Ton #1 shop pour cartes TCG &amp; Pok\u00e9mon en Suisse \u2713 Livraison gratuite d\u00e8s CHF 29\" \/>\n<meta property=\"og:url\" content=\"https:\/\/theuncommonshop.ch\/fr\/product\/bandai-banpresto-one-piece-the-shukko-nico-robin-egghead-version\/\" \/>\n<meta property=\"og:site_name\" content=\"Largest trading card shop in Switzerland\" \/>\n<meta property=\"article:modified_time\" content=\"2026-03-08T09:20:51+00:00\" \/>\n<meta property=\"og:image\" content=\"https:\/\/theuncommonshop.ch\/wp-content\/uploads\/2026\/03\/P1-1.jpg\" \/>\n\t<meta property=\"og:image:width\" content=\"1000\" \/>\n\t<meta property=\"og:image:height\" content=\"1000\" \/>\n\t<meta property=\"og:image:type\" content=\"image\/jpeg\" \/>\n<meta name=\"twitter:card\" content=\"summary_large_image\" \/>\n<meta name=\"twitter:label1\" content=\"Prix\" \/>\n\t<meta name=\"twitter:data1\" content=\"&#067;&#072;&#070;&nbsp;39.95\" \/>\n\t<meta name=\"twitter:label2\" content=\"Disponibilit\u00e9\" \/>\n\t<meta name=\"twitter:data2\" content=\"En stock\" \/>\n<script type=\"application\/ld+json\" class=\"yoast-schema-graph\">{\"@context\":\"https:\\\/\\\/schema.org\",\"@graph\":[{\"@type\":\"WebPage\",\"@id\":\"https:\\\/\\\/theuncommonshop.ch\\\/fr\\\/product\\\/bandai-banpresto-one-piece-the-shukko-nico-robin-egghead-version\\\/\",\"url\":\"https:\\\/\\\/theuncommonshop.ch\\\/fr\\\/product\\\/bandai-banpresto-one-piece-the-shukko-nico-robin-egghead-version\\\/\",\"name\":\"Ach\u00e8te Bandai - Banpresto - One Piece - The Shukko - Nico Robin Egghead Version\",\"isPartOf\":{\"@id\":\"https:\\\/\\\/theuncommonshop.ch\\\/#website\"},\"primaryImageOfPage\":{\"@id\":\"https:\\\/\\\/theuncommonshop.ch\\\/fr\\\/product\\\/bandai-banpresto-one-piece-the-shukko-nico-robin-egghead-version\\\/#primaryimage\"},\"image\":{\"@id\":\"https:\\\/\\\/theuncommonshop.ch\\\/fr\\\/product\\\/bandai-banpresto-one-piece-the-shukko-nico-robin-egghead-version\\\/#primaryimage\"},\"thumbnailUrl\":\"https:\\\/\\\/theuncommonshop.ch\\\/wp-content\\\/uploads\\\/2026\\\/03\\\/P1-1.jpg\",\"datePublished\":\"2026-03-01T20:17:37+00:00\",\"dateModified\":\"2026-03-08T09:20:51+00:00\",\"description\":\"Ach\u00e8te Bandai - Banpresto - One Piece - The Shukko - Nico Robin Egghead Version en ligne maintenant \u00e0 petit prix! Ton #1 shop pour cartes TCG & Pok\u00e9mon en Suisse \u2713 Livraison gratuite d\u00e8s CHF 29\",\"breadcrumb\":{\"@id\":\"https:\\\/\\\/theuncommonshop.ch\\\/fr\\\/product\\\/bandai-banpresto-one-piece-the-shukko-nico-robin-egghead-version\\\/#breadcrumb\"},\"inLanguage\":\"fr-FR\",\"potentialAction\":[{\"@type\":\"ReadAction\",\"target\":[\"https:\\\/\\\/theuncommonshop.ch\\\/fr\\\/product\\\/bandai-banpresto-one-piece-the-shukko-nico-robin-egghead-version\\\/\"]}]},{\"@type\":\"ImageObject\",\"inLanguage\":\"fr-FR\",\"@id\":\"https:\\\/\\\/theuncommonshop.ch\\\/fr\\\/product\\\/bandai-banpresto-one-piece-the-shukko-nico-robin-egghead-version\\\/#primaryimage\",\"url\":\"https:\\\/\\\/theuncommonshop.ch\\\/wp-content\\\/uploads\\\/2026\\\/03\\\/P1-1.jpg\",\"contentUrl\":\"https:\\\/\\\/theuncommonshop.ch\\\/wp-content\\\/uploads\\\/2026\\\/03\\\/P1-1.jpg\",\"width\":1000,\"height\":1000},{\"@type\":\"BreadcrumbList\",\"@id\":\"https:\\\/\\\/theuncommonshop.ch\\\/fr\\\/product\\\/bandai-banpresto-one-piece-the-shukko-nico-robin-egghead-version\\\/#breadcrumb\",\"itemListElement\":[{\"@type\":\"ListItem\",\"position\":1,\"name\":\"Accueil\",\"item\":\"https:\\\/\\\/theuncommonshop.ch\\\/fr\\\/accueil\\\/\"},{\"@type\":\"ListItem\",\"position\":2,\"name\":\"Boutique\",\"item\":\"https:\\\/\\\/theuncommonshop.ch\\\/fr\\\/boutique\\\/\"},{\"@type\":\"ListItem\",\"position\":3,\"name\":\"Collectibles\",\"item\":\"https:\\\/\\\/theuncommonshop.ch\\\/fr\\\/categorie-produit\\\/collectibles-fr\\\/\"},{\"@type\":\"ListItem\",\"position\":4,\"name\":\"Figurines d'anime\",\"item\":\"https:\\\/\\\/theuncommonshop.ch\\\/fr\\\/categorie-produit\\\/collectibles-fr\\\/figurines-danime\\\/\"},{\"@type\":\"ListItem\",\"position\":5,\"name\":\"Figurines One Piece\",\"item\":\"https:\\\/\\\/theuncommonshop.ch\\\/fr\\\/categorie-produit\\\/collectibles-fr\\\/figurines-danime\\\/figurines-one-piece\\\/\"},{\"@type\":\"ListItem\",\"position\":6,\"name\":\"Bandai &#8211; Banpresto &#8211; One Piece &#8211; The Shukko &#8211; Nico Robin Egghead Version\"}]},{\"@type\":\"WebSite\",\"@id\":\"https:\\\/\\\/theuncommonshop.ch\\\/#website\",\"url\":\"https:\\\/\\\/theuncommonshop.ch\\\/\",\"name\":\"Largest trading card shop in Switzerland\",\"description\":\"Magic, Pok\u00e9mon and Yu-gi-oh - The Uncommon Shop\",\"potentialAction\":[{\"@type\":\"SearchAction\",\"target\":{\"@type\":\"EntryPoint\",\"urlTemplate\":\"https:\\\/\\\/theuncommonshop.ch\\\/?s={search_term_string}\"},\"query-input\":{\"@type\":\"PropertyValueSpecification\",\"valueRequired\":true,\"valueName\":\"search_term_string\"}}],\"inLanguage\":\"fr-FR\"}]}<\/script>\n<meta property=\"product:price:amount\" content=\"39.95\" \/>\n<meta property=\"product:price:currency\" content=\"CHF\" \/>\n<meta property=\"og:availability\" content=\"instock\" \/>\n<meta property=\"product:availability\" content=\"instock\" \/>\n<meta property=\"product:retailer_item_id\" content=\"66763\" \/>\n<meta property=\"product:condition\" content=\"new\" \/>\n<!-- \/ Yoast SEO plugin. -->","yoast_head_json":{"title":"Ach\u00e8te Bandai - Banpresto - One Piece - The Shukko - Nico Robin Egghead Version","description":"Ach\u00e8te Bandai - Banpresto - One Piece - The Shukko - Nico Robin Egghead Version en ligne maintenant \u00e0 petit prix! Ton #1 shop pour cartes TCG & Pok\u00e9mon en Suisse \u2713 Livraison gratuite d\u00e8s CHF 29","robots":{"index":"index","follow":"follow","max-snippet":"max-snippet:-1","max-image-preview":"max-image-preview:large","max-video-preview":"max-video-preview:-1"},"canonical":"https:\/\/theuncommonshop.ch\/fr\/product\/bandai-banpresto-one-piece-the-shukko-nico-robin-egghead-version\/","og_locale":"fr_FR","og_type":"article","og_title":"Ach\u00e8te Bandai - Banpresto - One Piece - The Shukko - Nico Robin Egghead Version","og_description":"Ach\u00e8te Bandai - Banpresto - One Piece - The Shukko - Nico Robin Egghead Version en ligne maintenant \u00e0 petit prix! Ton #1 shop pour cartes TCG & Pok\u00e9mon en Suisse \u2713 Livraison gratuite d\u00e8s CHF 29","og_url":"https:\/\/theuncommonshop.ch\/fr\/product\/bandai-banpresto-one-piece-the-shukko-nico-robin-egghead-version\/","og_site_name":"Largest trading card shop in Switzerland","article_modified_time":"2026-03-08T09:20:51+00:00","og_image":[{"width":1000,"height":1000,"url":"https:\/\/theuncommonshop.ch\/wp-content\/uploads\/2026\/03\/P1-1.jpg","type":"image\/jpeg"}],"twitter_card":"summary_large_image","twitter_misc":{"Prix":"&#67;&#72;&#70;&nbsp;39.95","Disponibilit\u00e9":"En stock"},"schema":{"@context":"https:\/\/schema.org","@graph":[{"@type":"WebPage","@id":"https:\/\/theuncommonshop.ch\/fr\/product\/bandai-banpresto-one-piece-the-shukko-nico-robin-egghead-version\/","url":"https:\/\/theuncommonshop.ch\/fr\/product\/bandai-banpresto-one-piece-the-shukko-nico-robin-egghead-version\/","name":"Ach\u00e8te Bandai - Banpresto - One Piece - The Shukko - Nico Robin Egghead Version","isPartOf":{"@id":"https:\/\/theuncommonshop.ch\/#website"},"primaryImageOfPage":{"@id":"https:\/\/theuncommonshop.ch\/fr\/product\/bandai-banpresto-one-piece-the-shukko-nico-robin-egghead-version\/#primaryimage"},"image":{"@id":"https:\/\/theuncommonshop.ch\/fr\/product\/bandai-banpresto-one-piece-the-shukko-nico-robin-egghead-version\/#primaryimage"},"thumbnailUrl":"https:\/\/theuncommonshop.ch\/wp-content\/uploads\/2026\/03\/P1-1.jpg","datePublished":"2026-03-01T20:17:37+00:00","dateModified":"2026-03-08T09:20:51+00:00","description":"Ach\u00e8te Bandai - Banpresto - One Piece - The Shukko - Nico Robin Egghead Version en ligne maintenant \u00e0 petit prix! Ton #1 shop pour cartes TCG & Pok\u00e9mon en Suisse \u2713 Livraison gratuite d\u00e8s CHF 29","breadcrumb":{"@id":"https:\/\/theuncommonshop.ch\/fr\/product\/bandai-banpresto-one-piece-the-shukko-nico-robin-egghead-version\/#breadcrumb"},"inLanguage":"fr-FR","potentialAction":[{"@type":"ReadAction","target":["https:\/\/theuncommonshop.ch\/fr\/product\/bandai-banpresto-one-piece-the-shukko-nico-robin-egghead-version\/"]}]},{"@type":"ImageObject","inLanguage":"fr-FR","@id":"https:\/\/theuncommonshop.ch\/fr\/product\/bandai-banpresto-one-piece-the-shukko-nico-robin-egghead-version\/#primaryimage","url":"https:\/\/theuncommonshop.ch\/wp-content\/uploads\/2026\/03\/P1-1.jpg","contentUrl":"https:\/\/theuncommonshop.ch\/wp-content\/uploads\/2026\/03\/P1-1.jpg","width":1000,"height":1000},{"@type":"BreadcrumbList","@id":"https:\/\/theuncommonshop.ch\/fr\/product\/bandai-banpresto-one-piece-the-shukko-nico-robin-egghead-version\/#breadcrumb","itemListElement":[{"@type":"ListItem","position":1,"name":"Accueil","item":"https:\/\/theuncommonshop.ch\/fr\/accueil\/"},{"@type":"ListItem","position":2,"name":"Boutique","item":"https:\/\/theuncommonshop.ch\/fr\/boutique\/"},{"@type":"ListItem","position":3,"name":"Collectibles","item":"https:\/\/theuncommonshop.ch\/fr\/categorie-produit\/collectibles-fr\/"},{"@type":"ListItem","position":4,"name":"Figurines d'anime","item":"https:\/\/theuncommonshop.ch\/fr\/categorie-produit\/collectibles-fr\/figurines-danime\/"},{"@type":"ListItem","position":5,"name":"Figurines One Piece","item":"https:\/\/theuncommonshop.ch\/fr\/categorie-produit\/collectibles-fr\/figurines-danime\/figurines-one-piece\/"},{"@type":"ListItem","position":6,"name":"Bandai &#8211; Banpresto &#8211; One Piece &#8211; The Shukko &#8211; Nico Robin Egghead Version"}]},{"@type":"WebSite","@id":"https:\/\/theuncommonshop.ch\/#website","url":"https:\/\/theuncommonshop.ch\/","name":"Largest trading card shop in Switzerland","description":"Magic, Pok\u00e9mon and Yu-gi-oh - The Uncommon Shop","potentialAction":[{"@type":"SearchAction","target":{"@type":"EntryPoint","urlTemplate":"https:\/\/theuncommonshop.ch\/?s={search_term_string}"},"query-input":{"@type":"PropertyValueSpecification","valueRequired":true,"valueName":"search_term_string"}}],"inLanguage":"fr-FR"}]},"product_price_amount":"39.95","product_price_currency":"CHF","og_availability":"instock","product_availability":"instock","product_retailer_item_id":"66763","product_condition":"new"},"_links":{"self":[{"href":"https:\/\/theuncommonshop.ch\/fr\/wp-json\/wp\/v2\/product\/303862","targetHints":{"allow":["GET"]}}],"collection":[{"href":"https:\/\/theuncommonshop.ch\/fr\/wp-json\/wp\/v2\/product"}],"about":[{"href":"https:\/\/theuncommonshop.ch\/fr\/wp-json\/wp\/v2\/types\/product"}],"replies":[{"embeddable":true,"href":"https:\/\/theuncommonshop.ch\/fr\/wp-json\/wp\/v2\/comments?post=303862"}],"version-history":[{"count":5,"href":"https:\/\/theuncommonshop.ch\/fr\/wp-json\/wp\/v2\/product\/303862\/revisions"}],"predecessor-version":[{"id":303933,"href":"https:\/\/theuncommonshop.ch\/fr\/wp-json\/wp\/v2\/product\/303862\/revisions\/303933"}],"wp:featuredmedia":[{"embeddable":true,"href":"https:\/\/theuncommonshop.ch\/fr\/wp-json\/wp\/v2\/media\/302038"}],"wp:attachment":[{"href":"https:\/\/theuncommonshop.ch\/fr\/wp-json\/wp\/v2\/media?parent=303862"}],"wp:term":[{"taxonomy":"product_brand","embeddable":true,"href":"https:\/\/theuncommonshop.ch\/fr\/wp-json\/wp\/v2\/product_brand?post=303862"},{"taxonomy":"product_cat","embeddable":true,"href":"https:\/\/theuncommonshop.ch\/fr\/wp-json\/wp\/v2\/product_cat?post=303862"},{"taxonomy":"product_tag","embeddable":true,"href":"https:\/\/theuncommonshop.ch\/fr\/wp-json\/wp\/v2\/product_tag?post=303862"}],"curies":[{"name":"wp","href":"https:\/\/api.w.org\/{rel}","templated":true}]}}