{"id":303843,"date":"2026-03-01T21:23:26","date_gmt":"2026-03-01T20:23:26","guid":{"rendered":"http:\/\/theuncommonshop.ch\/produkt\/303843\/"},"modified":"2026-03-08T10:20:40","modified_gmt":"2026-03-08T09:20:40","slug":"bandai-banpresto-one-piece-king-of-artist-monkey-d-luffy-wano-special-version","status":"publish","type":"product","link":"https:\/\/theuncommonshop.ch\/fr\/product\/bandai-banpresto-one-piece-king-of-artist-monkey-d-luffy-wano-special-version\/","title":{"rendered":"Bandai &#8211; Banpresto &#8211; One Piece &#8211; King of Artist &#8211; Monkey D. Luffy Wano Special Version"},"content":{"rendered":"<p>&#8220;Je vais devenir le roi des pirates !&#8221; L&#8217;attaque sur Onigashima s&#8217;intensifie ! Luffy entre sur le champ de bataille dans une \u00e9dition sp\u00e9ciale \u00e9poustouflante ! Issue de la c\u00e9l\u00e8bre s\u00e9rie King of Artist de Bandai Banpresto &#8211; connue pour sa mod\u00e9lisation magistrale et son attention aux d\u00e9tails anatomiques &#8211; cette \u00e9dition sp\u00e9ciale de Monkey D. Luffy du Land of Wano. Il ne s&#8217;agit pas d&#8217;une figurine ordinaire, mais de la Special Ver. avec une peinture m\u00e9tallis\u00e9e et nacr\u00e9e de haute qualit\u00e9 qui fait briller le futur roi des pirates. Luffy est repr\u00e9sent\u00e9 dans un accroupissement sauvage, pr\u00eat \u00e0 combattre, v\u00eatu de son kimono rouge de style Wano (ouvert \u00e0 gauche pour laisser appara\u00eetre sa cicatrice) et d&#8217;un manteau de capitaine noir flottant drap\u00e9 sur ses \u00e9paules. L&#8217;aspect &#8220;sp\u00e9cial&#8221; appara\u00eet imm\u00e9diatement dans la peinture m\u00e9tallique et dor\u00e9e de son short et la teinte m\u00e9tallique et violette chatoyante de son \u00e9charpe, qui donnent au personnage une touche luxueuse et haut de gamme. L&#8217;expression de son visage est intense, une main est tendue vers l&#8217;avant, probablement pour lib\u00e9rer un puissant haki. C&#8217;est le fleuron ultime pour les collectionneurs qui veulent que leur capitaine se distingue des autres membres de l&#8217;\u00e9quipage. Mat\u00e9riau : PVC \/ ABS Hauteur (approx.) : 19 cm Tout le monde sur le pont ! Ajoutez la figurine Bandai One Piece King of Artist Luffy Special Ver. \u00e0 votre panier et laissez le capitaine mener votre collection jusqu&#8217;au One Piece !            <\/p>\n","protected":false},"excerpt":{"rendered":"<p>&#8220;Je vais devenir le roi des pirates !&#8221; L&#8217;attaque sur Onigashima s&#8217;intensifie ! Luffy entre sur le champ de bataille<\/p>\n","protected":false},"featured_media":302048,"comment_status":"open","ping_status":"closed","template":"","meta":{"_acf_changed":false},"product_brand":[5144],"product_cat":[9911,9913,9921],"product_tag":[],"class_list":{"0":"post-303843","1":"product","2":"type-product","3":"status-publish","4":"has-post-thumbnail","6":"product_brand-bandai","7":"product_cat-collectibles-fr","8":"product_cat-figurines-danime","9":"product_cat-figurines-one-piece","11":"first","12":"instock","13":"taxable","14":"shipping-taxable","15":"purchasable","16":"product-type-simple"},"acf":[],"yoast_head":"<!-- This site is optimized with the Yoast SEO plugin v27.4 - https:\/\/yoast.com\/product\/yoast-seo-wordpress\/ -->\n<title>Ach\u00e8te Bandai - Banpresto - One Piece - King of Artist - Monkey D. Luffy Wano Special Version<\/title>\n<meta name=\"description\" content=\"Ach\u00e8te Bandai - Banpresto - One Piece - King of Artist - Monkey D. Luffy Wano Special Version en ligne maintenant \u00e0 petit prix! Ton #1 shop pour cartes TCG &amp; Pok\u00e9mon en Suisse \u2713 Livraison gratuite d\u00e8s CHF 29\" \/>\n<meta name=\"robots\" content=\"index, follow, max-snippet:-1, max-image-preview:large, max-video-preview:-1\" \/>\n<link rel=\"canonical\" href=\"https:\/\/theuncommonshop.ch\/fr\/product\/bandai-banpresto-one-piece-king-of-artist-monkey-d-luffy-wano-special-version\/\" \/>\n<meta property=\"og:locale\" content=\"fr_FR\" \/>\n<meta property=\"og:type\" content=\"article\" \/>\n<meta property=\"og:title\" content=\"Ach\u00e8te Bandai - Banpresto - One Piece - King of Artist - Monkey D. Luffy Wano Special Version\" \/>\n<meta property=\"og:description\" content=\"Ach\u00e8te Bandai - Banpresto - One Piece - King of Artist - Monkey D. Luffy Wano Special Version en ligne maintenant \u00e0 petit prix! Ton #1 shop pour cartes TCG &amp; Pok\u00e9mon en Suisse \u2713 Livraison gratuite d\u00e8s CHF 29\" \/>\n<meta property=\"og:url\" content=\"https:\/\/theuncommonshop.ch\/fr\/product\/bandai-banpresto-one-piece-king-of-artist-monkey-d-luffy-wano-special-version\/\" \/>\n<meta property=\"og:site_name\" content=\"The Uncommon Shop\" \/>\n<meta property=\"article:modified_time\" content=\"2026-03-08T09:20:40+00:00\" \/>\n<meta property=\"og:image\" content=\"https:\/\/theuncommonshop.ch\/wp-content\/uploads\/2026\/03\/R1-1.jpg\" \/>\n\t<meta property=\"og:image:width\" content=\"1000\" \/>\n\t<meta property=\"og:image:height\" content=\"1000\" \/>\n\t<meta property=\"og:image:type\" content=\"image\/jpeg\" \/>\n<meta name=\"twitter:card\" content=\"summary_large_image\" \/>\n<meta name=\"twitter:label1\" content=\"Prix\" \/>\n\t<meta name=\"twitter:data1\" content=\"&#067;&#072;&#070;&nbsp;39.95\" \/>\n\t<meta name=\"twitter:label2\" content=\"Disponibilit\u00e9\" \/>\n\t<meta name=\"twitter:data2\" content=\"En stock\" \/>\n<script type=\"application\/ld+json\" class=\"yoast-schema-graph\">{\"@context\":\"https:\\\/\\\/schema.org\",\"@graph\":[{\"@type\":\"WebPage\",\"@id\":\"https:\\\/\\\/theuncommonshop.ch\\\/fr\\\/product\\\/bandai-banpresto-one-piece-king-of-artist-monkey-d-luffy-wano-special-version\\\/\",\"url\":\"https:\\\/\\\/theuncommonshop.ch\\\/fr\\\/product\\\/bandai-banpresto-one-piece-king-of-artist-monkey-d-luffy-wano-special-version\\\/\",\"name\":\"Ach\u00e8te Bandai - Banpresto - One Piece - King of Artist - Monkey D. Luffy Wano Special Version\",\"isPartOf\":{\"@id\":\"https:\\\/\\\/theuncommonshop.ch\\\/fr\\\/#website\"},\"primaryImageOfPage\":{\"@id\":\"https:\\\/\\\/theuncommonshop.ch\\\/fr\\\/product\\\/bandai-banpresto-one-piece-king-of-artist-monkey-d-luffy-wano-special-version\\\/#primaryimage\"},\"image\":{\"@id\":\"https:\\\/\\\/theuncommonshop.ch\\\/fr\\\/product\\\/bandai-banpresto-one-piece-king-of-artist-monkey-d-luffy-wano-special-version\\\/#primaryimage\"},\"thumbnailUrl\":\"https:\\\/\\\/theuncommonshop.ch\\\/wp-content\\\/uploads\\\/2026\\\/03\\\/R1-1.jpg\",\"datePublished\":\"2026-03-01T20:23:26+00:00\",\"dateModified\":\"2026-03-08T09:20:40+00:00\",\"description\":\"Ach\u00e8te Bandai - Banpresto - One Piece - King of Artist - Monkey D. Luffy Wano Special Version en ligne maintenant \u00e0 petit prix! Ton #1 shop pour cartes TCG & Pok\u00e9mon en Suisse \u2713 Livraison gratuite d\u00e8s CHF 29\",\"breadcrumb\":{\"@id\":\"https:\\\/\\\/theuncommonshop.ch\\\/fr\\\/product\\\/bandai-banpresto-one-piece-king-of-artist-monkey-d-luffy-wano-special-version\\\/#breadcrumb\"},\"inLanguage\":\"fr-FR\",\"potentialAction\":[{\"@type\":\"ReadAction\",\"target\":[\"https:\\\/\\\/theuncommonshop.ch\\\/fr\\\/product\\\/bandai-banpresto-one-piece-king-of-artist-monkey-d-luffy-wano-special-version\\\/\"]}]},{\"@type\":\"ImageObject\",\"inLanguage\":\"fr-FR\",\"@id\":\"https:\\\/\\\/theuncommonshop.ch\\\/fr\\\/product\\\/bandai-banpresto-one-piece-king-of-artist-monkey-d-luffy-wano-special-version\\\/#primaryimage\",\"url\":\"https:\\\/\\\/theuncommonshop.ch\\\/wp-content\\\/uploads\\\/2026\\\/03\\\/R1-1.jpg\",\"contentUrl\":\"https:\\\/\\\/theuncommonshop.ch\\\/wp-content\\\/uploads\\\/2026\\\/03\\\/R1-1.jpg\",\"width\":1000,\"height\":1000},{\"@type\":\"BreadcrumbList\",\"@id\":\"https:\\\/\\\/theuncommonshop.ch\\\/fr\\\/product\\\/bandai-banpresto-one-piece-king-of-artist-monkey-d-luffy-wano-special-version\\\/#breadcrumb\",\"itemListElement\":[{\"@type\":\"ListItem\",\"position\":1,\"name\":\"Accueil\",\"item\":\"https:\\\/\\\/theuncommonshop.ch\\\/fr\\\/accueil\\\/\"},{\"@type\":\"ListItem\",\"position\":2,\"name\":\"Boutique\",\"item\":\"https:\\\/\\\/theuncommonshop.ch\\\/fr\\\/boutique\\\/\"},{\"@type\":\"ListItem\",\"position\":3,\"name\":\"Collectibles\",\"item\":\"https:\\\/\\\/theuncommonshop.ch\\\/fr\\\/categorie-produit\\\/collectibles-fr\\\/\"},{\"@type\":\"ListItem\",\"position\":4,\"name\":\"Figurines d'anime\",\"item\":\"https:\\\/\\\/theuncommonshop.ch\\\/fr\\\/categorie-produit\\\/collectibles-fr\\\/figurines-danime\\\/\"},{\"@type\":\"ListItem\",\"position\":5,\"name\":\"Figurines One Piece\",\"item\":\"https:\\\/\\\/theuncommonshop.ch\\\/fr\\\/categorie-produit\\\/collectibles-fr\\\/figurines-danime\\\/figurines-one-piece\\\/\"},{\"@type\":\"ListItem\",\"position\":6,\"name\":\"Bandai &#8211; Banpresto &#8211; One Piece &#8211; King of Artist &#8211; Monkey D. Luffy Wano Special Version\"}]},{\"@type\":\"WebSite\",\"@id\":\"https:\\\/\\\/theuncommonshop.ch\\\/fr\\\/#website\",\"url\":\"https:\\\/\\\/theuncommonshop.ch\\\/fr\\\/\",\"name\":\"The Uncommon Shop\",\"description\":\"Magic, Pok\u00e9mon and Yu-gi-oh - The Uncommon Shop\",\"potentialAction\":[{\"@type\":\"SearchAction\",\"target\":{\"@type\":\"EntryPoint\",\"urlTemplate\":\"https:\\\/\\\/theuncommonshop.ch\\\/fr\\\/?s={search_term_string}\"},\"query-input\":{\"@type\":\"PropertyValueSpecification\",\"valueRequired\":true,\"valueName\":\"search_term_string\"}}],\"inLanguage\":\"fr-FR\"}]}<\/script>\n<meta property=\"product:price:amount\" content=\"39.95\" \/>\n<meta property=\"product:price:currency\" content=\"CHF\" \/>\n<meta property=\"og:availability\" content=\"instock\" \/>\n<meta property=\"product:availability\" content=\"instock\" \/>\n<meta property=\"product:retailer_item_id\" content=\"66765\" \/>\n<meta property=\"product:condition\" content=\"new\" \/>\n<!-- \/ Yoast SEO plugin. -->","yoast_head_json":{"title":"Ach\u00e8te Bandai - Banpresto - One Piece - King of Artist - Monkey D. Luffy Wano Special Version","description":"Ach\u00e8te Bandai - Banpresto - One Piece - King of Artist - Monkey D. Luffy Wano Special Version en ligne maintenant \u00e0 petit prix! Ton #1 shop pour cartes TCG & Pok\u00e9mon en Suisse \u2713 Livraison gratuite d\u00e8s CHF 29","robots":{"index":"index","follow":"follow","max-snippet":"max-snippet:-1","max-image-preview":"max-image-preview:large","max-video-preview":"max-video-preview:-1"},"canonical":"https:\/\/theuncommonshop.ch\/fr\/product\/bandai-banpresto-one-piece-king-of-artist-monkey-d-luffy-wano-special-version\/","og_locale":"fr_FR","og_type":"article","og_title":"Ach\u00e8te Bandai - Banpresto - One Piece - King of Artist - Monkey D. Luffy Wano Special Version","og_description":"Ach\u00e8te Bandai - Banpresto - One Piece - King of Artist - Monkey D. Luffy Wano Special Version en ligne maintenant \u00e0 petit prix! Ton #1 shop pour cartes TCG & Pok\u00e9mon en Suisse \u2713 Livraison gratuite d\u00e8s CHF 29","og_url":"https:\/\/theuncommonshop.ch\/fr\/product\/bandai-banpresto-one-piece-king-of-artist-monkey-d-luffy-wano-special-version\/","og_site_name":"The Uncommon Shop","article_modified_time":"2026-03-08T09:20:40+00:00","og_image":[{"width":1000,"height":1000,"url":"https:\/\/theuncommonshop.ch\/wp-content\/uploads\/2026\/03\/R1-1.jpg","type":"image\/jpeg"}],"twitter_card":"summary_large_image","twitter_misc":{"Prix":"&#67;&#72;&#70;&nbsp;39.95","Disponibilit\u00e9":"En stock"},"schema":{"@context":"https:\/\/schema.org","@graph":[{"@type":"WebPage","@id":"https:\/\/theuncommonshop.ch\/fr\/product\/bandai-banpresto-one-piece-king-of-artist-monkey-d-luffy-wano-special-version\/","url":"https:\/\/theuncommonshop.ch\/fr\/product\/bandai-banpresto-one-piece-king-of-artist-monkey-d-luffy-wano-special-version\/","name":"Ach\u00e8te Bandai - Banpresto - One Piece - King of Artist - Monkey D. Luffy Wano Special Version","isPartOf":{"@id":"https:\/\/theuncommonshop.ch\/fr\/#website"},"primaryImageOfPage":{"@id":"https:\/\/theuncommonshop.ch\/fr\/product\/bandai-banpresto-one-piece-king-of-artist-monkey-d-luffy-wano-special-version\/#primaryimage"},"image":{"@id":"https:\/\/theuncommonshop.ch\/fr\/product\/bandai-banpresto-one-piece-king-of-artist-monkey-d-luffy-wano-special-version\/#primaryimage"},"thumbnailUrl":"https:\/\/theuncommonshop.ch\/wp-content\/uploads\/2026\/03\/R1-1.jpg","datePublished":"2026-03-01T20:23:26+00:00","dateModified":"2026-03-08T09:20:40+00:00","description":"Ach\u00e8te Bandai - Banpresto - One Piece - King of Artist - Monkey D. Luffy Wano Special Version en ligne maintenant \u00e0 petit prix! Ton #1 shop pour cartes TCG & Pok\u00e9mon en Suisse \u2713 Livraison gratuite d\u00e8s CHF 29","breadcrumb":{"@id":"https:\/\/theuncommonshop.ch\/fr\/product\/bandai-banpresto-one-piece-king-of-artist-monkey-d-luffy-wano-special-version\/#breadcrumb"},"inLanguage":"fr-FR","potentialAction":[{"@type":"ReadAction","target":["https:\/\/theuncommonshop.ch\/fr\/product\/bandai-banpresto-one-piece-king-of-artist-monkey-d-luffy-wano-special-version\/"]}]},{"@type":"ImageObject","inLanguage":"fr-FR","@id":"https:\/\/theuncommonshop.ch\/fr\/product\/bandai-banpresto-one-piece-king-of-artist-monkey-d-luffy-wano-special-version\/#primaryimage","url":"https:\/\/theuncommonshop.ch\/wp-content\/uploads\/2026\/03\/R1-1.jpg","contentUrl":"https:\/\/theuncommonshop.ch\/wp-content\/uploads\/2026\/03\/R1-1.jpg","width":1000,"height":1000},{"@type":"BreadcrumbList","@id":"https:\/\/theuncommonshop.ch\/fr\/product\/bandai-banpresto-one-piece-king-of-artist-monkey-d-luffy-wano-special-version\/#breadcrumb","itemListElement":[{"@type":"ListItem","position":1,"name":"Accueil","item":"https:\/\/theuncommonshop.ch\/fr\/accueil\/"},{"@type":"ListItem","position":2,"name":"Boutique","item":"https:\/\/theuncommonshop.ch\/fr\/boutique\/"},{"@type":"ListItem","position":3,"name":"Collectibles","item":"https:\/\/theuncommonshop.ch\/fr\/categorie-produit\/collectibles-fr\/"},{"@type":"ListItem","position":4,"name":"Figurines d'anime","item":"https:\/\/theuncommonshop.ch\/fr\/categorie-produit\/collectibles-fr\/figurines-danime\/"},{"@type":"ListItem","position":5,"name":"Figurines One Piece","item":"https:\/\/theuncommonshop.ch\/fr\/categorie-produit\/collectibles-fr\/figurines-danime\/figurines-one-piece\/"},{"@type":"ListItem","position":6,"name":"Bandai &#8211; Banpresto &#8211; One Piece &#8211; King of Artist &#8211; Monkey D. Luffy Wano Special Version"}]},{"@type":"WebSite","@id":"https:\/\/theuncommonshop.ch\/fr\/#website","url":"https:\/\/theuncommonshop.ch\/fr\/","name":"The Uncommon Shop","description":"Magic, Pok\u00e9mon and Yu-gi-oh - The Uncommon Shop","potentialAction":[{"@type":"SearchAction","target":{"@type":"EntryPoint","urlTemplate":"https:\/\/theuncommonshop.ch\/fr\/?s={search_term_string}"},"query-input":{"@type":"PropertyValueSpecification","valueRequired":true,"valueName":"search_term_string"}}],"inLanguage":"fr-FR"}]},"product_price_amount":"39.95","product_price_currency":"CHF","og_availability":"instock","product_availability":"instock","product_retailer_item_id":"66765","product_condition":"new"},"_links":{"self":[{"href":"https:\/\/theuncommonshop.ch\/fr\/wp-json\/wp\/v2\/product\/303843","targetHints":{"allow":["GET"]}}],"collection":[{"href":"https:\/\/theuncommonshop.ch\/fr\/wp-json\/wp\/v2\/product"}],"about":[{"href":"https:\/\/theuncommonshop.ch\/fr\/wp-json\/wp\/v2\/types\/product"}],"replies":[{"embeddable":true,"href":"https:\/\/theuncommonshop.ch\/fr\/wp-json\/wp\/v2\/comments?post=303843"}],"version-history":[{"count":0,"href":"https:\/\/theuncommonshop.ch\/fr\/wp-json\/wp\/v2\/product\/303843\/revisions"}],"wp:featuredmedia":[{"embeddable":true,"href":"https:\/\/theuncommonshop.ch\/fr\/wp-json\/wp\/v2\/media\/302048"}],"wp:attachment":[{"href":"https:\/\/theuncommonshop.ch\/fr\/wp-json\/wp\/v2\/media?parent=303843"}],"wp:term":[{"taxonomy":"product_brand","embeddable":true,"href":"https:\/\/theuncommonshop.ch\/fr\/wp-json\/wp\/v2\/product_brand?post=303843"},{"taxonomy":"product_cat","embeddable":true,"href":"https:\/\/theuncommonshop.ch\/fr\/wp-json\/wp\/v2\/product_cat?post=303843"},{"taxonomy":"product_tag","embeddable":true,"href":"https:\/\/theuncommonshop.ch\/fr\/wp-json\/wp\/v2\/product_tag?post=303843"}],"curies":[{"name":"wp","href":"https:\/\/api.w.org\/{rel}","templated":true}]}}