{"id":303784,"date":"2026-03-06T15:35:52","date_gmt":"2026-03-06T14:35:52","guid":{"rendered":"http:\/\/theuncommonshop.ch\/produkt\/303784\/"},"modified":"2026-05-12T13:28:47","modified_gmt":"2026-05-12T11:28:47","slug":"disney-lorcana-wilds-unknown-illumineers-trove","status":"publish","type":"product","link":"https:\/\/theuncommonshop.ch\/fr\/product\/disney-lorcana-wilds-unknown-illumineers-trove\/","title":{"rendered":"Disney Lorcana &#8211; Wilds Unknown &#8211; Illumineer&#8217;s Trove"},"content":{"rendered":"<p>D\u00e9couvrez de nouveaux horizons avec le TCG Disney Lorcana Wilds Unknown &#8211; Illumineer&#8217;s Trove. Ce set premium marque la premi\u00e8re apparition des franchises Pixar dans Disney Lorcana et comprend des personnages populaires de Toy Story et des Incroyables. Il \u00e9tend le jeu \u00e0 de nouvelles strat\u00e9gies et possibilit\u00e9s.  <\/p>\n<p>L&#8217;Illumineer&#8217;s Trove est le choix id\u00e9al pour organiser votre deck, enrichir votre collection et vous pr\u00e9parer aux comp\u00e9titions. Con\u00e7u \u00e0 la fois pour les joueurs actifs et les collectionneurs, il combine des solutions de rangement pratiques avec un contenu de Boosters passionnant. <\/p>\n<p>Le compteur de lore fourni, con\u00e7u comme un bouton rotatif pratique, vous permet de suivre facilement votre progression vers la victoire.<\/p>\n<p><strong>Chaque Illumineer&#8217;s Trove contient :<\/strong><\/p>\n<ul>\n<li>1 bo\u00eete de rangement<\/li>\n<li>8 Booster Packs<\/li>\n<li>6 intercalaires pour cartes<\/li>\n<li>6 cubes de d\u00e9g\u00e2ts<\/li>\n<li>1 compteur Lore<\/li>\n<\/ul>\n","protected":false},"excerpt":{"rendered":"<p>D\u00e9couvrez de nouveaux horizons avec le TCG Disney Lorcana Wilds Unknown &#8211; Illumineer&#8217;s Trove. Ce set premium marque la premi\u00e8re<\/p>\n","protected":false},"featured_media":303370,"comment_status":"open","ping_status":"closed","template":"","meta":{"_acf_changed":false},"product_brand":[5082,5080],"product_cat":[9785,10627,9781,10051,10043],"product_tag":[],"class_list":{"0":"post-303784","1":"product","2":"type-product","3":"status-publish","4":"has-post-thumbnail","6":"product_brand-disney","7":"product_brand-disney-lorcana","8":"product_cat-autres-cartes-a-collectionner","9":"product_cat-wilds-unknown-fr","10":"product_cat-lorcana","11":"product_cat-produits-par-lots-lorcana","12":"product_cat-tresor-des-illumineurs","14":"first","15":"instock","16":"taxable","17":"shipping-taxable","18":"purchasable","19":"product-type-variable"},"acf":[],"yoast_head":"<!-- This site is optimized with the Yoast SEO plugin v27.5 - https:\/\/yoast.com\/product\/yoast-seo-wordpress\/ -->\n<title>Ach\u00e8te Disney Lorcana - Wilds Unknown - Illumineer&#039;s Trove<\/title>\n<meta name=\"description\" content=\"Ach\u00e8te Disney Lorcana - Wilds Unknown - Illumineer&#039;s Trove en ligne maintenant \u00e0 petit prix! Ton #1 shop pour cartes TCG &amp; Pok\u00e9mon en Suisse \u2713 Livraison gratuite d\u00e8s CHF 29\" \/>\n<meta name=\"robots\" content=\"index, follow, max-snippet:-1, max-image-preview:large, max-video-preview:-1\" \/>\n<link rel=\"canonical\" href=\"https:\/\/theuncommonshop.ch\/fr\/product\/disney-lorcana-wilds-unknown-illumineers-trove\/\" \/>\n<meta property=\"og:locale\" content=\"fr_FR\" \/>\n<meta property=\"og:type\" content=\"article\" \/>\n<meta property=\"og:title\" content=\"Ach\u00e8te Disney Lorcana - Wilds Unknown - Illumineer&#039;s Trove\" \/>\n<meta property=\"og:description\" content=\"Ach\u00e8te Disney Lorcana - Wilds Unknown - Illumineer&#039;s Trove en ligne maintenant \u00e0 petit prix! Ton #1 shop pour cartes TCG &amp; Pok\u00e9mon en Suisse \u2713 Livraison gratuite d\u00e8s CHF 29\" \/>\n<meta property=\"og:url\" content=\"https:\/\/theuncommonshop.ch\/fr\/product\/disney-lorcana-wilds-unknown-illumineers-trove\/\" \/>\n<meta property=\"og:site_name\" content=\"The Uncommon Shop\" \/>\n<meta property=\"article:modified_time\" content=\"2026-05-12T11:28:47+00:00\" \/>\n<meta property=\"og:image\" content=\"https:\/\/theuncommonshop.ch\/wp-content\/uploads\/2026\/03\/TROVE.jpg\" \/>\n\t<meta property=\"og:image:width\" content=\"900\" \/>\n\t<meta property=\"og:image:height\" content=\"900\" \/>\n\t<meta property=\"og:image:type\" content=\"image\/jpeg\" \/>\n<meta name=\"twitter:card\" content=\"summary_large_image\" \/>\n<meta name=\"twitter:label1\" content=\"Disponibilit\u00e9\" \/>\n\t<meta name=\"twitter:data1\" content=\"En stock\" \/>\n<script type=\"application\/ld+json\" class=\"yoast-schema-graph\">{\"@context\":\"https:\\\/\\\/schema.org\",\"@graph\":[{\"@type\":\"WebPage\",\"@id\":\"https:\\\/\\\/theuncommonshop.ch\\\/fr\\\/product\\\/disney-lorcana-wilds-unknown-illumineers-trove\\\/\",\"url\":\"https:\\\/\\\/theuncommonshop.ch\\\/fr\\\/product\\\/disney-lorcana-wilds-unknown-illumineers-trove\\\/\",\"name\":\"Ach\u00e8te Disney Lorcana - Wilds Unknown - Illumineer's Trove\",\"isPartOf\":{\"@id\":\"https:\\\/\\\/theuncommonshop.ch\\\/fr\\\/#website\"},\"primaryImageOfPage\":{\"@id\":\"https:\\\/\\\/theuncommonshop.ch\\\/fr\\\/product\\\/disney-lorcana-wilds-unknown-illumineers-trove\\\/#primaryimage\"},\"image\":{\"@id\":\"https:\\\/\\\/theuncommonshop.ch\\\/fr\\\/product\\\/disney-lorcana-wilds-unknown-illumineers-trove\\\/#primaryimage\"},\"thumbnailUrl\":\"https:\\\/\\\/theuncommonshop.ch\\\/wp-content\\\/uploads\\\/2026\\\/03\\\/TROVE.jpg\",\"datePublished\":\"2026-03-06T14:35:52+00:00\",\"dateModified\":\"2026-05-12T11:28:47+00:00\",\"description\":\"Ach\u00e8te Disney Lorcana - Wilds Unknown - Illumineer's Trove en ligne maintenant \u00e0 petit prix! Ton #1 shop pour cartes TCG & Pok\u00e9mon en Suisse \u2713 Livraison gratuite d\u00e8s CHF 29\",\"breadcrumb\":{\"@id\":\"https:\\\/\\\/theuncommonshop.ch\\\/fr\\\/product\\\/disney-lorcana-wilds-unknown-illumineers-trove\\\/#breadcrumb\"},\"inLanguage\":\"fr-FR\",\"potentialAction\":[{\"@type\":\"ReadAction\",\"target\":[\"https:\\\/\\\/theuncommonshop.ch\\\/fr\\\/product\\\/disney-lorcana-wilds-unknown-illumineers-trove\\\/\"]}]},{\"@type\":\"ImageObject\",\"inLanguage\":\"fr-FR\",\"@id\":\"https:\\\/\\\/theuncommonshop.ch\\\/fr\\\/product\\\/disney-lorcana-wilds-unknown-illumineers-trove\\\/#primaryimage\",\"url\":\"https:\\\/\\\/theuncommonshop.ch\\\/wp-content\\\/uploads\\\/2026\\\/03\\\/TROVE.jpg\",\"contentUrl\":\"https:\\\/\\\/theuncommonshop.ch\\\/wp-content\\\/uploads\\\/2026\\\/03\\\/TROVE.jpg\",\"width\":900,\"height\":900},{\"@type\":\"BreadcrumbList\",\"@id\":\"https:\\\/\\\/theuncommonshop.ch\\\/fr\\\/product\\\/disney-lorcana-wilds-unknown-illumineers-trove\\\/#breadcrumb\",\"itemListElement\":[{\"@type\":\"ListItem\",\"position\":1,\"name\":\"Accueil\",\"item\":\"https:\\\/\\\/theuncommonshop.ch\\\/fr\\\/accueil\\\/\"},{\"@type\":\"ListItem\",\"position\":2,\"name\":\"Boutique\",\"item\":\"https:\\\/\\\/theuncommonshop.ch\\\/fr\\\/boutique\\\/\"},{\"@type\":\"ListItem\",\"position\":3,\"name\":\"Autres cartes \u00e0 collectionner\",\"item\":\"https:\\\/\\\/theuncommonshop.ch\\\/fr\\\/categorie-produit\\\/autres-cartes-a-collectionner\\\/\"},{\"@type\":\"ListItem\",\"position\":4,\"name\":\"Lorcana\",\"item\":\"https:\\\/\\\/theuncommonshop.ch\\\/fr\\\/categorie-produit\\\/autres-cartes-a-collectionner\\\/lorcana\\\/\"},{\"@type\":\"ListItem\",\"position\":5,\"name\":\"Produits par lots\",\"item\":\"https:\\\/\\\/theuncommonshop.ch\\\/fr\\\/categorie-produit\\\/autres-cartes-a-collectionner\\\/lorcana\\\/produits-par-lots-lorcana\\\/\"},{\"@type\":\"ListItem\",\"position\":6,\"name\":\"Contr\u00e9es Inconnues\",\"item\":\"https:\\\/\\\/theuncommonshop.ch\\\/fr\\\/categorie-produit\\\/autres-cartes-a-collectionner\\\/lorcana\\\/produits-par-lots-lorcana\\\/wilds-unknown-fr\\\/\"},{\"@type\":\"ListItem\",\"position\":7,\"name\":\"Disney Lorcana &#8211; Wilds Unknown &#8211; Illumineer&#8217;s Trove\"}]},{\"@type\":\"WebSite\",\"@id\":\"https:\\\/\\\/theuncommonshop.ch\\\/fr\\\/#website\",\"url\":\"https:\\\/\\\/theuncommonshop.ch\\\/fr\\\/\",\"name\":\"The Uncommon Shop\",\"description\":\"Magic, Pok\u00e9mon and Yu-gi-oh - The Uncommon Shop\",\"potentialAction\":[{\"@type\":\"SearchAction\",\"target\":{\"@type\":\"EntryPoint\",\"urlTemplate\":\"https:\\\/\\\/theuncommonshop.ch\\\/fr\\\/?s={search_term_string}\"},\"query-input\":{\"@type\":\"PropertyValueSpecification\",\"valueRequired\":true,\"valueName\":\"search_term_string\"}}],\"inLanguage\":\"fr-FR\"}]}<\/script>\n<meta property=\"og:availability\" content=\"instock\" \/>\n<meta property=\"product:availability\" content=\"instock\" \/>\n<meta property=\"product:condition\" content=\"new\" \/>\n<!-- \/ Yoast SEO plugin. -->","yoast_head_json":{"title":"Ach\u00e8te Disney Lorcana - Wilds Unknown - Illumineer's Trove","description":"Ach\u00e8te Disney Lorcana - Wilds Unknown - Illumineer's Trove en ligne maintenant \u00e0 petit prix! Ton #1 shop pour cartes TCG & Pok\u00e9mon en Suisse \u2713 Livraison gratuite d\u00e8s CHF 29","robots":{"index":"index","follow":"follow","max-snippet":"max-snippet:-1","max-image-preview":"max-image-preview:large","max-video-preview":"max-video-preview:-1"},"canonical":"https:\/\/theuncommonshop.ch\/fr\/product\/disney-lorcana-wilds-unknown-illumineers-trove\/","og_locale":"fr_FR","og_type":"article","og_title":"Ach\u00e8te Disney Lorcana - Wilds Unknown - Illumineer's Trove","og_description":"Ach\u00e8te Disney Lorcana - Wilds Unknown - Illumineer's Trove en ligne maintenant \u00e0 petit prix! Ton #1 shop pour cartes TCG & Pok\u00e9mon en Suisse \u2713 Livraison gratuite d\u00e8s CHF 29","og_url":"https:\/\/theuncommonshop.ch\/fr\/product\/disney-lorcana-wilds-unknown-illumineers-trove\/","og_site_name":"The Uncommon Shop","article_modified_time":"2026-05-12T11:28:47+00:00","og_image":[{"width":900,"height":900,"url":"https:\/\/theuncommonshop.ch\/wp-content\/uploads\/2026\/03\/TROVE.jpg","type":"image\/jpeg"}],"twitter_card":"summary_large_image","twitter_misc":{"Disponibilit\u00e9":"En stock"},"schema":{"@context":"https:\/\/schema.org","@graph":[{"@type":"WebPage","@id":"https:\/\/theuncommonshop.ch\/fr\/product\/disney-lorcana-wilds-unknown-illumineers-trove\/","url":"https:\/\/theuncommonshop.ch\/fr\/product\/disney-lorcana-wilds-unknown-illumineers-trove\/","name":"Ach\u00e8te Disney Lorcana - Wilds Unknown - Illumineer's Trove","isPartOf":{"@id":"https:\/\/theuncommonshop.ch\/fr\/#website"},"primaryImageOfPage":{"@id":"https:\/\/theuncommonshop.ch\/fr\/product\/disney-lorcana-wilds-unknown-illumineers-trove\/#primaryimage"},"image":{"@id":"https:\/\/theuncommonshop.ch\/fr\/product\/disney-lorcana-wilds-unknown-illumineers-trove\/#primaryimage"},"thumbnailUrl":"https:\/\/theuncommonshop.ch\/wp-content\/uploads\/2026\/03\/TROVE.jpg","datePublished":"2026-03-06T14:35:52+00:00","dateModified":"2026-05-12T11:28:47+00:00","description":"Ach\u00e8te Disney Lorcana - Wilds Unknown - Illumineer's Trove en ligne maintenant \u00e0 petit prix! Ton #1 shop pour cartes TCG & Pok\u00e9mon en Suisse \u2713 Livraison gratuite d\u00e8s CHF 29","breadcrumb":{"@id":"https:\/\/theuncommonshop.ch\/fr\/product\/disney-lorcana-wilds-unknown-illumineers-trove\/#breadcrumb"},"inLanguage":"fr-FR","potentialAction":[{"@type":"ReadAction","target":["https:\/\/theuncommonshop.ch\/fr\/product\/disney-lorcana-wilds-unknown-illumineers-trove\/"]}]},{"@type":"ImageObject","inLanguage":"fr-FR","@id":"https:\/\/theuncommonshop.ch\/fr\/product\/disney-lorcana-wilds-unknown-illumineers-trove\/#primaryimage","url":"https:\/\/theuncommonshop.ch\/wp-content\/uploads\/2026\/03\/TROVE.jpg","contentUrl":"https:\/\/theuncommonshop.ch\/wp-content\/uploads\/2026\/03\/TROVE.jpg","width":900,"height":900},{"@type":"BreadcrumbList","@id":"https:\/\/theuncommonshop.ch\/fr\/product\/disney-lorcana-wilds-unknown-illumineers-trove\/#breadcrumb","itemListElement":[{"@type":"ListItem","position":1,"name":"Accueil","item":"https:\/\/theuncommonshop.ch\/fr\/accueil\/"},{"@type":"ListItem","position":2,"name":"Boutique","item":"https:\/\/theuncommonshop.ch\/fr\/boutique\/"},{"@type":"ListItem","position":3,"name":"Autres cartes \u00e0 collectionner","item":"https:\/\/theuncommonshop.ch\/fr\/categorie-produit\/autres-cartes-a-collectionner\/"},{"@type":"ListItem","position":4,"name":"Lorcana","item":"https:\/\/theuncommonshop.ch\/fr\/categorie-produit\/autres-cartes-a-collectionner\/lorcana\/"},{"@type":"ListItem","position":5,"name":"Produits par lots","item":"https:\/\/theuncommonshop.ch\/fr\/categorie-produit\/autres-cartes-a-collectionner\/lorcana\/produits-par-lots-lorcana\/"},{"@type":"ListItem","position":6,"name":"Contr\u00e9es Inconnues","item":"https:\/\/theuncommonshop.ch\/fr\/categorie-produit\/autres-cartes-a-collectionner\/lorcana\/produits-par-lots-lorcana\/wilds-unknown-fr\/"},{"@type":"ListItem","position":7,"name":"Disney Lorcana &#8211; Wilds Unknown &#8211; Illumineer&#8217;s Trove"}]},{"@type":"WebSite","@id":"https:\/\/theuncommonshop.ch\/fr\/#website","url":"https:\/\/theuncommonshop.ch\/fr\/","name":"The Uncommon Shop","description":"Magic, Pok\u00e9mon and Yu-gi-oh - The Uncommon Shop","potentialAction":[{"@type":"SearchAction","target":{"@type":"EntryPoint","urlTemplate":"https:\/\/theuncommonshop.ch\/fr\/?s={search_term_string}"},"query-input":{"@type":"PropertyValueSpecification","valueRequired":true,"valueName":"search_term_string"}}],"inLanguage":"fr-FR"}]},"og_availability":"instock","product_availability":"instock","product_condition":"new"},"_links":{"self":[{"href":"https:\/\/theuncommonshop.ch\/fr\/wp-json\/wp\/v2\/product\/303784","targetHints":{"allow":["GET"]}}],"collection":[{"href":"https:\/\/theuncommonshop.ch\/fr\/wp-json\/wp\/v2\/product"}],"about":[{"href":"https:\/\/theuncommonshop.ch\/fr\/wp-json\/wp\/v2\/types\/product"}],"replies":[{"embeddable":true,"href":"https:\/\/theuncommonshop.ch\/fr\/wp-json\/wp\/v2\/comments?post=303784"}],"version-history":[{"count":0,"href":"https:\/\/theuncommonshop.ch\/fr\/wp-json\/wp\/v2\/product\/303784\/revisions"}],"wp:featuredmedia":[{"embeddable":true,"href":"https:\/\/theuncommonshop.ch\/fr\/wp-json\/wp\/v2\/media\/303370"}],"wp:attachment":[{"href":"https:\/\/theuncommonshop.ch\/fr\/wp-json\/wp\/v2\/media?parent=303784"}],"wp:term":[{"taxonomy":"product_brand","embeddable":true,"href":"https:\/\/theuncommonshop.ch\/fr\/wp-json\/wp\/v2\/product_brand?post=303784"},{"taxonomy":"product_cat","embeddable":true,"href":"https:\/\/theuncommonshop.ch\/fr\/wp-json\/wp\/v2\/product_cat?post=303784"},{"taxonomy":"product_tag","embeddable":true,"href":"https:\/\/theuncommonshop.ch\/fr\/wp-json\/wp\/v2\/product_tag?post=303784"}],"curies":[{"name":"wp","href":"https:\/\/api.w.org\/{rel}","templated":true}]}}