{"id":331741,"date":"2024-11-08T12:51:18","date_gmt":"2024-11-08T11:51:18","guid":{"rendered":"http:\/\/theuncommonshop.ch\/informations-sur-lexpedition\/"},"modified":"2026-03-09T12:57:52","modified_gmt":"2026-03-09T11:57:52","slug":"informations-sur-lexpedition","status":"publish","type":"page","link":"https:\/\/theuncommonshop.ch\/fr\/informations-sur-lexpedition\/","title":{"rendered":"Informations sur l&#8217;exp\u00e9dition"},"content":{"rendered":"\t\t<div data-elementor-type=\"wp-page\" data-elementor-id=\"331741\" class=\"elementor elementor-331741 elementor-2969\" data-elementor-post-type=\"page\">\n\t\t\t\t<div class=\"wd-negative-gap elementor-element elementor-element-6eaa25bd e-flex e-con-boxed e-con e-parent\" data-id=\"6eaa25bd\" data-element_type=\"container\" data-e-type=\"container\">\n\t\t\t\t\t<div class=\"e-con-inner\">\n\t\t\t\t<div class=\"elementor-element elementor-element-63d31ba6 elementor-widget elementor-widget-heading\" data-id=\"63d31ba6\" data-element_type=\"widget\" data-e-type=\"widget\" data-widget_type=\"heading.default\">\n\t\t\t\t<div class=\"elementor-widget-container\">\n\t\t\t\t\t<h1 class=\"elementor-heading-title elementor-size-default\"><span class=\"accent\">Command\u00e9 avant 16:00<\/span>, re\u00e7u demain !<\/h1>\t\t\t\t<\/div>\n\t\t\t\t<\/div>\n\t\t\t\t<div class=\"elementor-element elementor-element-71fe27a8 text-center elementor-widget__width-initial color-scheme-inherit elementor-widget elementor-widget-text-editor\" data-id=\"71fe27a8\" data-element_type=\"widget\" data-e-type=\"widget\" data-widget_type=\"text-editor.default\">\n\t\t\t\t<div class=\"elementor-widget-container\">\n\t\t\t\t\t\t\t\t\t<p>Livraison gratuite \u00e0 partir de 79 CHF dans toute la Suisse !<\/p>\t\t\t\t\t\t\t\t<\/div>\n\t\t\t\t<\/div>\n\t\t\t\t\t<\/div>\n\t\t\t\t<\/div>\n\t\t<div class=\"wd-negative-gap elementor-element elementor-element-6d17fd6c wd-section-stretch e-flex e-con-boxed e-con e-parent\" data-id=\"6d17fd6c\" data-element_type=\"container\" data-e-type=\"container\" data-settings=\"{&quot;background_background&quot;:&quot;classic&quot;}\">\n\t\t\t\t\t<div class=\"e-con-inner\">\n\t\t<div class=\"elementor-element elementor-element-6c685976 e-con-full e-flex e-con e-child\" data-id=\"6c685976\" data-element_type=\"container\" data-e-type=\"container\">\n\t\t\t\t<div class=\"elementor-element elementor-element-be2a4e4 elementor-widget elementor-widget-heading\" data-id=\"be2a4e4\" data-element_type=\"widget\" data-e-type=\"widget\" data-widget_type=\"heading.default\">\n\t\t\t\t<div class=\"elementor-widget-container\">\n\t\t\t\t\t<h2 class=\"elementor-heading-title elementor-size-default\">Livraison gratuite avec A-Priority<\/h2>\t\t\t\t<\/div>\n\t\t\t\t<\/div>\n\t\t\t\t<div class=\"elementor-element elementor-element-130fe229 color-scheme-inherit text-left elementor-widget elementor-widget-text-editor\" data-id=\"130fe229\" data-element_type=\"widget\" data-e-type=\"widget\" data-widget_type=\"text-editor.default\">\n\t\t\t\t<div class=\"elementor-widget-container\">\n\t\t\t\t\t\t\t\t\t<p>A partir d&#8217;un montant d&#8217;achat de CHF 79, nous vous envoyons gratuitement votre commande \u00e0 domicile dans toute la Suisse !<\/p><p>Veuillez noter que la Poste distribue les lettres du lundi au samedi et les colis uniquement du lundi au vendredi. Une livraison le samedi peut \u00eatre ajout\u00e9e moyennant des frais suppl\u00e9mentaires. Les articles en pr\u00e9commande sont livr\u00e9s \u00e0 votre domicile \u00e0 la date de sortie.    <\/p>\t\t\t\t\t\t\t\t<\/div>\n\t\t\t\t<\/div>\n\t\t\t\t<\/div>\n\t\t<div class=\"elementor-element elementor-element-48fe4ec2 e-con-full e-flex e-con e-child\" data-id=\"48fe4ec2\" data-element_type=\"container\" data-e-type=\"container\">\n\t\t\t\t<div class=\"elementor-element elementor-element-1dba9e35 elementor-widget elementor-widget-image\" data-id=\"1dba9e35\" data-element_type=\"widget\" data-e-type=\"widget\" data-widget_type=\"image.default\">\n\t\t\t\t<div class=\"elementor-widget-container\">\n\t\t\t\t\t\t\t\t\t\t\t\t\t\t\t<img decoding=\"async\" width=\"360\" height=\"360\" src=\"https:\/\/theuncommonshop.ch\/wp-content\/uploads\/2025\/05\/Kostenloser-Versand-im-uncomon-shop.jpg\" class=\"attachment-large size-large wp-image-17187\" alt=\"\" srcset=\"https:\/\/theuncommonshop.ch\/wp-content\/uploads\/2025\/05\/Kostenloser-Versand-im-uncomon-shop.jpg 360w, https:\/\/theuncommonshop.ch\/wp-content\/uploads\/2025\/05\/Kostenloser-Versand-im-uncomon-shop-150x150.jpg 150w, https:\/\/theuncommonshop.ch\/wp-content\/uploads\/2025\/05\/Kostenloser-Versand-im-uncomon-shop-300x300.jpg 300w\" sizes=\"(max-width: 360px) 100vw, 360px\" \/>\t\t\t\t\t\t\t\t\t\t\t\t\t\t\t<\/div>\n\t\t\t\t<\/div>\n\t\t\t\t<\/div>\n\t\t\t\t\t<\/div>\n\t\t\t\t<\/div>\n\t\t<div class=\"wd-negative-gap elementor-element elementor-element-3128f7cc wd-section-stretch e-flex e-con-boxed e-con e-parent\" data-id=\"3128f7cc\" data-element_type=\"container\" data-e-type=\"container\" data-settings=\"{&quot;background_background&quot;:&quot;classic&quot;}\">\n\t\t\t\t\t<div class=\"e-con-inner\">\n\t\t<div class=\"elementor-element elementor-element-24de6427 e-con-full e-flex e-con e-child\" data-id=\"24de6427\" data-element_type=\"container\" data-e-type=\"container\">\n\t\t\t\t<div class=\"elementor-element elementor-element-6973a6be elementor-widget elementor-widget-heading\" data-id=\"6973a6be\" data-element_type=\"widget\" data-e-type=\"widget\" data-widget_type=\"heading.default\">\n\t\t\t\t<div class=\"elementor-widget-container\">\n\t\t\t\t\t<h2 class=\"elementor-heading-title elementor-size-default\">Emballage durable<\/h2>\t\t\t\t<\/div>\n\t\t\t\t<\/div>\n\t\t\t\t<div class=\"elementor-element elementor-element-1b01bdfa color-scheme-inherit text-left elementor-widget elementor-widget-text-editor\" data-id=\"1b01bdfa\" data-element_type=\"widget\" data-e-type=\"widget\" data-widget_type=\"text-editor.default\">\n\t\t\t\t<div class=\"elementor-widget-container\">\n\t\t\t\t\t\t\t\t\t<p>Nous sommes soucieux de la durabilit\u00e9 de nos emballages et de nos impressions. La plupart de nos cartons d&#8217;exp\u00e9dition sont en carton recycl\u00e9, tout comme notre papier d&#8217;impression. Pour \u00e9conomiser davantage de papier, nous utilisons d\u00e9sormais une imprimante d&#8217;\u00e9tiquettes durable qui permet d&#8217;\u00e9conomiser l&#8217;impression de la facture sur papier et du mat\u00e9riel d&#8217;exp\u00e9dition (pochette de documents, \u00e9tiquette et bon de livraison).    <\/p>\t\t\t\t\t\t\t\t<\/div>\n\t\t\t\t<\/div>\n\t\t\t\t<\/div>\n\t\t<div class=\"elementor-element elementor-element-4e945074 e-con-full e-flex e-con e-child\" data-id=\"4e945074\" data-element_type=\"container\" data-e-type=\"container\">\n\t\t\t\t<div class=\"elementor-element elementor-element-15b4e866 elementor-widget elementor-widget-image\" data-id=\"15b4e866\" data-element_type=\"widget\" data-e-type=\"widget\" data-widget_type=\"image.default\">\n\t\t\t\t<div class=\"elementor-widget-container\">\n\t\t\t\t\t\t\t\t\t\t\t\t\t\t\t<img decoding=\"async\" width=\"512\" height=\"512\" src=\"https:\/\/theuncommonshop.ch\/wp-content\/uploads\/2025\/05\/6982216.png\" class=\"attachment-large size-large wp-image-17213\" alt=\"\" srcset=\"https:\/\/theuncommonshop.ch\/wp-content\/uploads\/2025\/05\/6982216.png 512w, https:\/\/theuncommonshop.ch\/wp-content\/uploads\/2025\/05\/6982216-430x430.png 430w, https:\/\/theuncommonshop.ch\/wp-content\/uploads\/2025\/05\/6982216-150x150.png 150w, https:\/\/theuncommonshop.ch\/wp-content\/uploads\/2025\/05\/6982216-300x300.png 300w\" sizes=\"(max-width: 512px) 100vw, 512px\" \/>\t\t\t\t\t\t\t\t\t\t\t\t\t\t\t<\/div>\n\t\t\t\t<\/div>\n\t\t\t\t<\/div>\n\t\t\t\t\t<\/div>\n\t\t\t\t<\/div>\n\t\t<div class=\"wd-negative-gap elementor-element elementor-element-5f02064 wd-section-stretch e-flex e-con-boxed e-con e-parent\" data-id=\"5f02064\" data-element_type=\"container\" data-e-type=\"container\" data-settings=\"{&quot;background_background&quot;:&quot;classic&quot;}\">\n\t\t\t\t\t<div class=\"e-con-inner\">\n\t\t<div class=\"elementor-element elementor-element-6e6b7d9 e-con-full e-flex e-con e-child\" data-id=\"6e6b7d9\" data-element_type=\"container\" data-e-type=\"container\">\n\t\t<div class=\"elementor-element elementor-element-51a31571 e-con-full e-flex e-con e-child\" data-id=\"51a31571\" data-element_type=\"container\" data-e-type=\"container\">\n\t\t\t\t<div class=\"elementor-element elementor-element-3928f9cb elementor-widget elementor-widget-heading\" data-id=\"3928f9cb\" data-element_type=\"widget\" data-e-type=\"widget\" data-widget_type=\"heading.default\">\n\t\t\t\t<div class=\"elementor-widget-container\">\n\t\t\t\t\t<h2 class=\"elementor-heading-title elementor-size-default\">Envoi rapide par la Poste suisse<\/h2>\t\t\t\t<\/div>\n\t\t\t\t<\/div>\n\t\t\t\t<div class=\"elementor-element elementor-element-3cd8fd37 color-scheme-inherit text-left elementor-widget elementor-widget-text-editor\" data-id=\"3cd8fd37\" data-element_type=\"widget\" data-e-type=\"widget\" data-widget_type=\"text-editor.default\">\n\t\t\t\t<div class=\"elementor-widget-container\">\n\t\t\t\t\t\t\t\t\t<p>Afin de garantir un niveau de qualit\u00e9 \u00e9lev\u00e9, nous exp\u00e9dions en Suisse exclusivement par la Poste suisse. Pour les pays europ\u00e9ens, nous utilisons le service de transport UPS.   <\/p><p>Nos livraisons sont effectu\u00e9es contre paiement anticip\u00e9 et en Suisse et dans la Principaut\u00e9 de Liechtenstein. Nous ne facturons pas de frais d&#8217;emballage ou de transfert de frais via TWINT, Paypal et carte de cr\u00e9dit. <\/p>\t\t\t\t\t\t\t\t<\/div>\n\t\t\t\t<\/div>\n\t\t\t\t<\/div>\n\t\t<div class=\"elementor-element elementor-element-33c8f8dc e-con-full e-flex e-con e-child\" data-id=\"33c8f8dc\" data-element_type=\"container\" data-e-type=\"container\">\n\t\t\t\t<div class=\"elementor-element elementor-element-ed466cb elementor-widget elementor-widget-image\" data-id=\"ed466cb\" data-element_type=\"widget\" data-e-type=\"widget\" data-widget_type=\"image.default\">\n\t\t\t\t<div class=\"elementor-widget-container\">\n\t\t\t\t\t\t\t\t\t\t\t\t\t\t\t<img decoding=\"async\" width=\"1024\" height=\"354\" src=\"https:\/\/theuncommonshop.ch\/wp-content\/uploads\/2025\/05\/Schweizerische_Post_Logo.svg.png\" class=\"attachment-large size-large wp-image-17218\" alt=\"\" srcset=\"https:\/\/theuncommonshop.ch\/wp-content\/uploads\/2025\/05\/Schweizerische_Post_Logo.svg.png 1024w, https:\/\/theuncommonshop.ch\/wp-content\/uploads\/2025\/05\/Schweizerische_Post_Logo.svg-430x149.png 430w, https:\/\/theuncommonshop.ch\/wp-content\/uploads\/2025\/05\/Schweizerische_Post_Logo.svg-150x52.png 150w, https:\/\/theuncommonshop.ch\/wp-content\/uploads\/2025\/05\/Schweizerische_Post_Logo.svg-700x242.png 700w, https:\/\/theuncommonshop.ch\/wp-content\/uploads\/2025\/05\/Schweizerische_Post_Logo.svg-400x138.png 400w, https:\/\/theuncommonshop.ch\/wp-content\/uploads\/2025\/05\/Schweizerische_Post_Logo.svg-768x266.png 768w\" sizes=\"(max-width: 1024px) 100vw, 1024px\" \/>\t\t\t\t\t\t\t\t\t\t\t\t\t\t\t<\/div>\n\t\t\t\t<\/div>\n\t\t\t\t<\/div>\n\t\t\t\t<\/div>\n\t\t<div class=\"elementor-element elementor-element-455acdab e-con-full e-flex e-con e-child\" data-id=\"455acdab\" data-element_type=\"container\" data-e-type=\"container\">\n\t\t\t\t<div class=\"elementor-element elementor-element-161c8d7c template-accordion elementor-widget elementor-widget-wd_accordion\" data-id=\"161c8d7c\" data-element_type=\"widget\" data-e-type=\"widget\" data-widget_type=\"wd_accordion.default\">\n\t\t\t\t<div class=\"elementor-widget-container\">\n\t\t\t\t\t\n\t\t<div class=\"wd-accordion wd-style-shadow wd-titles-left wd-opener-pos-right wd-opener-style-plus\" data-state=\"all_closed\">\n\t\t\t\t\t\t\t\n\t\t\t\t<div class=\"wd-accordion-item\">\n\t\t\t\t\t<div class=\"wd-accordion-title wd-role-btn\" data-accordion-index=\"0\" tabindex=\"0\">\n\t\t\t\t\t\t<div class=\"wd-accordion-title-text\">\n\t\t\t\t\t\t\t\t\t\t\t\t\t\t<span>\n\t\t\t\t\t\t\t\tLettre &amp; colis en dessous de CHF 79  \t\t\t\t\t\t\t<\/span>\n\t\t\t\t\t\t<\/div>\n\t\t\t\t\t\t<span class=\"wd-accordion-opener\"><\/span>\n\t\t\t\t\t<\/div>\n\n\t\t\t\t\t<div class=\"wd-accordion-content wd-entry-content\" data-accordion-index=\"0\">\n\t\t\t\t\t\t\t\t\t\t\t\t\t\n\t\t\t\t\t\t\t<p>Nous facturons un forfait de CHF 1.95 - 2.95 pour une lettre et de 4.95 pour les colis d'une valeur inf\u00e9rieure \u00e0 CHF 79.<\/p>\n\t\t\t\t\t\t\t\t\t\t\t\t\t\t\t\t\t\t<\/div>\n\t\t\t\t<\/div>\n\t\t\t\t\t<\/div>\n\t\t\t\t\t\t<\/div>\n\t\t\t\t<\/div>\n\t\t\t\t<\/div>\n\t\t\t\t\t<\/div>\n\t\t\t\t<\/div>\n\t\t\t\t<\/div>\n\t\t","protected":false},"excerpt":{"rendered":"<p>Command\u00e9 avant 16:00, re\u00e7u demain ! Livraison gratuite \u00e0 partir de 79 CHF dans toute la Suisse ! Livraison gratuite<\/p>\n","protected":false},"author":2,"featured_media":0,"parent":0,"menu_order":0,"comment_status":"closed","ping_status":"closed","template":"elementor_header_footer","meta":{"_acf_changed":false,"footnotes":""},"class_list":["post-331741","page","type-page","status-publish","hentry"],"acf":[],"yoast_head":"<!-- This site is optimized with the Yoast SEO plugin v27.4 - https:\/\/yoast.com\/product\/yoast-seo-wordpress\/ -->\n<title>Informations sur l&#039;exp\u00e9dition | The Uncommon Shop<\/title>\n<meta name=\"description\" content=\"Hier findest du alles zum Thema Informations sur l&#039;exp\u00e9dition. Dein #1 TCG &amp; Pok\u00e9mon Karten Shop der Schweiz \u2713 Gratis Versand ab CHF 29\" \/>\n<meta name=\"robots\" content=\"index, follow, max-snippet:-1, max-image-preview:large, max-video-preview:-1\" \/>\n<link rel=\"canonical\" href=\"https:\/\/theuncommonshop.ch\/fr\/informations-sur-lexpedition\/\" \/>\n<meta property=\"og:locale\" content=\"fr_FR\" \/>\n<meta property=\"og:type\" content=\"article\" \/>\n<meta property=\"og:title\" content=\"Informations sur l&#039;exp\u00e9dition | The Uncommon Shop\" \/>\n<meta property=\"og:description\" content=\"Hier findest du alles zum Thema Informations sur l&#039;exp\u00e9dition. Dein #1 TCG &amp; Pok\u00e9mon Karten Shop der Schweiz \u2713 Gratis Versand ab CHF 29\" \/>\n<meta property=\"og:url\" content=\"https:\/\/theuncommonshop.ch\/fr\/informations-sur-lexpedition\/\" \/>\n<meta property=\"og:site_name\" content=\"Largest trading card shop in Switzerland\" \/>\n<meta property=\"article:modified_time\" content=\"2026-03-09T11:57:52+00:00\" \/>\n<meta property=\"og:image\" content=\"http:\/\/theuncommonshop.ch\/wp-content\/uploads\/2025\/05\/Kostenloser-Versand-im-uncomon-shop.jpg\" \/>\n<meta name=\"twitter:card\" content=\"summary_large_image\" \/>\n<meta name=\"twitter:label1\" content=\"Dur\u00e9e de lecture estim\u00e9e\" \/>\n\t<meta name=\"twitter:data1\" content=\"1 minute\" \/>\n<script type=\"application\/ld+json\" class=\"yoast-schema-graph\">{\"@context\":\"https:\\\/\\\/schema.org\",\"@graph\":[{\"@type\":\"WebPage\",\"@id\":\"https:\\\/\\\/theuncommonshop.ch\\\/fr\\\/informations-sur-lexpedition\\\/\",\"url\":\"https:\\\/\\\/theuncommonshop.ch\\\/fr\\\/informations-sur-lexpedition\\\/\",\"name\":\"Informations sur l'exp\u00e9dition | The Uncommon Shop\",\"isPartOf\":{\"@id\":\"https:\\\/\\\/theuncommonshop.ch\\\/#website\"},\"primaryImageOfPage\":{\"@id\":\"https:\\\/\\\/theuncommonshop.ch\\\/fr\\\/informations-sur-lexpedition\\\/#primaryimage\"},\"image\":{\"@id\":\"https:\\\/\\\/theuncommonshop.ch\\\/fr\\\/informations-sur-lexpedition\\\/#primaryimage\"},\"thumbnailUrl\":\"http:\\\/\\\/theuncommonshop.ch\\\/wp-content\\\/uploads\\\/2025\\\/05\\\/Kostenloser-Versand-im-uncomon-shop.jpg\",\"datePublished\":\"2024-11-08T11:51:18+00:00\",\"dateModified\":\"2026-03-09T11:57:52+00:00\",\"description\":\"Hier findest du alles zum Thema Informations sur l'exp\u00e9dition. Dein #1 TCG & Pok\u00e9mon Karten Shop der Schweiz \u2713 Gratis Versand ab CHF 29\",\"breadcrumb\":{\"@id\":\"https:\\\/\\\/theuncommonshop.ch\\\/fr\\\/informations-sur-lexpedition\\\/#breadcrumb\"},\"inLanguage\":\"fr-FR\",\"potentialAction\":[{\"@type\":\"ReadAction\",\"target\":[\"https:\\\/\\\/theuncommonshop.ch\\\/fr\\\/informations-sur-lexpedition\\\/\"]}]},{\"@type\":\"ImageObject\",\"inLanguage\":\"fr-FR\",\"@id\":\"https:\\\/\\\/theuncommonshop.ch\\\/fr\\\/informations-sur-lexpedition\\\/#primaryimage\",\"url\":\"http:\\\/\\\/theuncommonshop.ch\\\/wp-content\\\/uploads\\\/2025\\\/05\\\/Kostenloser-Versand-im-uncomon-shop.jpg\",\"contentUrl\":\"http:\\\/\\\/theuncommonshop.ch\\\/wp-content\\\/uploads\\\/2025\\\/05\\\/Kostenloser-Versand-im-uncomon-shop.jpg\"},{\"@type\":\"BreadcrumbList\",\"@id\":\"https:\\\/\\\/theuncommonshop.ch\\\/fr\\\/informations-sur-lexpedition\\\/#breadcrumb\",\"itemListElement\":[{\"@type\":\"ListItem\",\"position\":1,\"name\":\"Accueil\",\"item\":\"https:\\\/\\\/theuncommonshop.ch\\\/fr\\\/accueil\\\/\"},{\"@type\":\"ListItem\",\"position\":2,\"name\":\"Informations sur l&#8217;exp\u00e9dition\"}]},{\"@type\":\"WebSite\",\"@id\":\"https:\\\/\\\/theuncommonshop.ch\\\/#website\",\"url\":\"https:\\\/\\\/theuncommonshop.ch\\\/\",\"name\":\"Largest trading card shop in Switzerland\",\"description\":\"Magic, Pok\u00e9mon and Yu-gi-oh - The Uncommon Shop\",\"potentialAction\":[{\"@type\":\"SearchAction\",\"target\":{\"@type\":\"EntryPoint\",\"urlTemplate\":\"https:\\\/\\\/theuncommonshop.ch\\\/?s={search_term_string}\"},\"query-input\":{\"@type\":\"PropertyValueSpecification\",\"valueRequired\":true,\"valueName\":\"search_term_string\"}}],\"inLanguage\":\"fr-FR\"}]}<\/script>\n<!-- \/ Yoast SEO plugin. -->","yoast_head_json":{"title":"Informations sur l'exp\u00e9dition | The Uncommon Shop","description":"Hier findest du alles zum Thema Informations sur l'exp\u00e9dition. Dein #1 TCG & Pok\u00e9mon Karten Shop der Schweiz \u2713 Gratis Versand ab CHF 29","robots":{"index":"index","follow":"follow","max-snippet":"max-snippet:-1","max-image-preview":"max-image-preview:large","max-video-preview":"max-video-preview:-1"},"canonical":"https:\/\/theuncommonshop.ch\/fr\/informations-sur-lexpedition\/","og_locale":"fr_FR","og_type":"article","og_title":"Informations sur l'exp\u00e9dition | The Uncommon Shop","og_description":"Hier findest du alles zum Thema Informations sur l'exp\u00e9dition. Dein #1 TCG & Pok\u00e9mon Karten Shop der Schweiz \u2713 Gratis Versand ab CHF 29","og_url":"https:\/\/theuncommonshop.ch\/fr\/informations-sur-lexpedition\/","og_site_name":"Largest trading card shop in Switzerland","article_modified_time":"2026-03-09T11:57:52+00:00","og_image":[{"url":"http:\/\/theuncommonshop.ch\/wp-content\/uploads\/2025\/05\/Kostenloser-Versand-im-uncomon-shop.jpg","type":"","width":"","height":""}],"twitter_card":"summary_large_image","twitter_misc":{"Dur\u00e9e de lecture estim\u00e9e":"1 minute"},"schema":{"@context":"https:\/\/schema.org","@graph":[{"@type":"WebPage","@id":"https:\/\/theuncommonshop.ch\/fr\/informations-sur-lexpedition\/","url":"https:\/\/theuncommonshop.ch\/fr\/informations-sur-lexpedition\/","name":"Informations sur l'exp\u00e9dition | The Uncommon Shop","isPartOf":{"@id":"https:\/\/theuncommonshop.ch\/#website"},"primaryImageOfPage":{"@id":"https:\/\/theuncommonshop.ch\/fr\/informations-sur-lexpedition\/#primaryimage"},"image":{"@id":"https:\/\/theuncommonshop.ch\/fr\/informations-sur-lexpedition\/#primaryimage"},"thumbnailUrl":"http:\/\/theuncommonshop.ch\/wp-content\/uploads\/2025\/05\/Kostenloser-Versand-im-uncomon-shop.jpg","datePublished":"2024-11-08T11:51:18+00:00","dateModified":"2026-03-09T11:57:52+00:00","description":"Hier findest du alles zum Thema Informations sur l'exp\u00e9dition. Dein #1 TCG & Pok\u00e9mon Karten Shop der Schweiz \u2713 Gratis Versand ab CHF 29","breadcrumb":{"@id":"https:\/\/theuncommonshop.ch\/fr\/informations-sur-lexpedition\/#breadcrumb"},"inLanguage":"fr-FR","potentialAction":[{"@type":"ReadAction","target":["https:\/\/theuncommonshop.ch\/fr\/informations-sur-lexpedition\/"]}]},{"@type":"ImageObject","inLanguage":"fr-FR","@id":"https:\/\/theuncommonshop.ch\/fr\/informations-sur-lexpedition\/#primaryimage","url":"http:\/\/theuncommonshop.ch\/wp-content\/uploads\/2025\/05\/Kostenloser-Versand-im-uncomon-shop.jpg","contentUrl":"http:\/\/theuncommonshop.ch\/wp-content\/uploads\/2025\/05\/Kostenloser-Versand-im-uncomon-shop.jpg"},{"@type":"BreadcrumbList","@id":"https:\/\/theuncommonshop.ch\/fr\/informations-sur-lexpedition\/#breadcrumb","itemListElement":[{"@type":"ListItem","position":1,"name":"Accueil","item":"https:\/\/theuncommonshop.ch\/fr\/accueil\/"},{"@type":"ListItem","position":2,"name":"Informations sur l&#8217;exp\u00e9dition"}]},{"@type":"WebSite","@id":"https:\/\/theuncommonshop.ch\/#website","url":"https:\/\/theuncommonshop.ch\/","name":"Largest trading card shop in Switzerland","description":"Magic, Pok\u00e9mon and Yu-gi-oh - The Uncommon Shop","potentialAction":[{"@type":"SearchAction","target":{"@type":"EntryPoint","urlTemplate":"https:\/\/theuncommonshop.ch\/?s={search_term_string}"},"query-input":{"@type":"PropertyValueSpecification","valueRequired":true,"valueName":"search_term_string"}}],"inLanguage":"fr-FR"}]}},"_links":{"self":[{"href":"https:\/\/theuncommonshop.ch\/fr\/wp-json\/wp\/v2\/pages\/331741","targetHints":{"allow":["GET"]}}],"collection":[{"href":"https:\/\/theuncommonshop.ch\/fr\/wp-json\/wp\/v2\/pages"}],"about":[{"href":"https:\/\/theuncommonshop.ch\/fr\/wp-json\/wp\/v2\/types\/page"}],"author":[{"embeddable":true,"href":"https:\/\/theuncommonshop.ch\/fr\/wp-json\/wp\/v2\/users\/2"}],"replies":[{"embeddable":true,"href":"https:\/\/theuncommonshop.ch\/fr\/wp-json\/wp\/v2\/comments?post=331741"}],"version-history":[{"count":1,"href":"https:\/\/theuncommonshop.ch\/fr\/wp-json\/wp\/v2\/pages\/331741\/revisions"}],"predecessor-version":[{"id":331742,"href":"https:\/\/theuncommonshop.ch\/fr\/wp-json\/wp\/v2\/pages\/331741\/revisions\/331742"}],"wp:attachment":[{"href":"https:\/\/theuncommonshop.ch\/fr\/wp-json\/wp\/v2\/media?parent=331741"}],"curies":[{"name":"wp","href":"https:\/\/api.w.org\/{rel}","templated":true}]}}