{"id":331727,"date":"2024-11-08T12:36:07","date_gmt":"2024-11-08T11:36:07","guid":{"rendered":"http:\/\/theuncommonshop.ch\/mentions-legales\/"},"modified":"2026-03-09T12:57:19","modified_gmt":"2026-03-09T11:57:19","slug":"mentions-legales","status":"publish","type":"page","link":"https:\/\/theuncommonshop.ch\/fr\/mentions-legales\/","title":{"rendered":"Mentions l\u00e9gales"},"content":{"rendered":"\t\t<div data-elementor-type=\"wp-page\" data-elementor-id=\"331727\" class=\"elementor elementor-331727 elementor-2961\" data-elementor-post-type=\"page\">\n\t\t\t\t<div class=\"wd-negative-gap elementor-element elementor-element-421e37d1 e-flex e-con-boxed e-con e-parent\" data-id=\"421e37d1\" data-element_type=\"container\" data-e-type=\"container\">\n\t\t\t\t\t<div class=\"e-con-inner\">\n\t\t\t\t<div class=\"elementor-element elementor-element-70e33c98 color-scheme-inherit text-left elementor-widget elementor-widget-text-editor\" data-id=\"70e33c98\" data-element_type=\"widget\" data-e-type=\"widget\" data-widget_type=\"text-editor.default\">\n\t\t\t\t<div class=\"elementor-widget-container\">\n\t\t\t\t\t\t\t\t\t<p>The Uncommon Shop GmbH<\/p><p>Propri\u00e9taire : P. Stalder<\/p><p>16, rue de la Gare<\/p><p>8590 Romanshorn<\/p><p>Suisse<\/p><p>Tel : +41 (0)71 571 08 05 (13:00 &#8211; 16:30)<\/p><p><a href=\"mailto:info@theuncommonshop.ch\">info@theuncommonshop.ch<\/a><\/p><p>CHE-346.239.843 TVA<\/p><p><strong>Coordonn\u00e9es bancaires :  <\/strong><\/p><p><em>Banque Raiffeisen Gossau-Niederwil<\/em><\/p><p><em>Herisauerstrasse 25<\/em><\/p><p><em>9200 Gossau<\/em><\/p><p>CH04 8080 8005 8274 7126 3<\/p><p>Num\u00e9ro de clearing : 80808<br>BIC\/Swift : RAIFCH22XXX<\/p>\t\t\t\t\t\t\t\t<\/div>\n\t\t\t\t<\/div>\n\t\t\t\t\t<\/div>\n\t\t\t\t<\/div>\n\t\t\t\t<\/div>\n\t\t","protected":false},"excerpt":{"rendered":"<p>The Uncommon Shop GmbH Propri\u00e9taire : P. Stalder 16, rue de la Gare 8590 Romanshorn Suisse Tel : +41 (0)71<\/p>\n","protected":false},"author":2,"featured_media":0,"parent":0,"menu_order":0,"comment_status":"closed","ping_status":"closed","template":"elementor_header_footer","meta":{"_acf_changed":false,"footnotes":""},"class_list":["post-331727","page","type-page","status-publish","hentry"],"acf":[],"yoast_head":"<!-- This site is optimized with the Yoast SEO plugin v27.4 - https:\/\/yoast.com\/product\/yoast-seo-wordpress\/ -->\n<title>Mentions l\u00e9gales | The Uncommon Shop<\/title>\n<meta name=\"description\" content=\"Hier findest du alles zum Thema Mentions l\u00e9gales. Dein #1 TCG &amp; Pok\u00e9mon Karten Shop der Schweiz \u2713 Gratis Versand ab CHF 29\" \/>\n<meta name=\"robots\" content=\"index, follow, max-snippet:-1, max-image-preview:large, max-video-preview:-1\" \/>\n<link rel=\"canonical\" href=\"https:\/\/theuncommonshop.ch\/fr\/mentions-legales\/\" \/>\n<meta property=\"og:locale\" content=\"fr_FR\" \/>\n<meta property=\"og:type\" content=\"article\" \/>\n<meta property=\"og:title\" content=\"Mentions l\u00e9gales | The Uncommon Shop\" \/>\n<meta property=\"og:description\" content=\"Hier findest du alles zum Thema Mentions l\u00e9gales. Dein #1 TCG &amp; Pok\u00e9mon Karten Shop der Schweiz \u2713 Gratis Versand ab CHF 29\" \/>\n<meta property=\"og:url\" content=\"https:\/\/theuncommonshop.ch\/fr\/mentions-legales\/\" \/>\n<meta property=\"og:site_name\" content=\"Largest trading card shop in Switzerland\" \/>\n<meta property=\"article:modified_time\" content=\"2026-03-09T11:57:19+00:00\" \/>\n<meta name=\"twitter:card\" content=\"summary_large_image\" \/>\n<script type=\"application\/ld+json\" class=\"yoast-schema-graph\">{\"@context\":\"https:\\\/\\\/schema.org\",\"@graph\":[{\"@type\":\"WebPage\",\"@id\":\"https:\\\/\\\/theuncommonshop.ch\\\/fr\\\/mentions-legales\\\/\",\"url\":\"https:\\\/\\\/theuncommonshop.ch\\\/fr\\\/mentions-legales\\\/\",\"name\":\"Mentions l\u00e9gales | The Uncommon Shop\",\"isPartOf\":{\"@id\":\"https:\\\/\\\/theuncommonshop.ch\\\/#website\"},\"datePublished\":\"2024-11-08T11:36:07+00:00\",\"dateModified\":\"2026-03-09T11:57:19+00:00\",\"description\":\"Hier findest du alles zum Thema Mentions l\u00e9gales. Dein #1 TCG & Pok\u00e9mon Karten Shop der Schweiz \u2713 Gratis Versand ab CHF 29\",\"breadcrumb\":{\"@id\":\"https:\\\/\\\/theuncommonshop.ch\\\/fr\\\/mentions-legales\\\/#breadcrumb\"},\"inLanguage\":\"fr-FR\",\"potentialAction\":[{\"@type\":\"ReadAction\",\"target\":[\"https:\\\/\\\/theuncommonshop.ch\\\/fr\\\/mentions-legales\\\/\"]}]},{\"@type\":\"BreadcrumbList\",\"@id\":\"https:\\\/\\\/theuncommonshop.ch\\\/fr\\\/mentions-legales\\\/#breadcrumb\",\"itemListElement\":[{\"@type\":\"ListItem\",\"position\":1,\"name\":\"Accueil\",\"item\":\"https:\\\/\\\/theuncommonshop.ch\\\/fr\\\/accueil\\\/\"},{\"@type\":\"ListItem\",\"position\":2,\"name\":\"Mentions l\u00e9gales\"}]},{\"@type\":\"WebSite\",\"@id\":\"https:\\\/\\\/theuncommonshop.ch\\\/#website\",\"url\":\"https:\\\/\\\/theuncommonshop.ch\\\/\",\"name\":\"Largest trading card shop in Switzerland\",\"description\":\"Magic, Pok\u00e9mon and Yu-gi-oh - The Uncommon Shop\",\"potentialAction\":[{\"@type\":\"SearchAction\",\"target\":{\"@type\":\"EntryPoint\",\"urlTemplate\":\"https:\\\/\\\/theuncommonshop.ch\\\/?s={search_term_string}\"},\"query-input\":{\"@type\":\"PropertyValueSpecification\",\"valueRequired\":true,\"valueName\":\"search_term_string\"}}],\"inLanguage\":\"fr-FR\"}]}<\/script>\n<!-- \/ Yoast SEO plugin. -->","yoast_head_json":{"title":"Mentions l\u00e9gales | The Uncommon Shop","description":"Hier findest du alles zum Thema Mentions l\u00e9gales. Dein #1 TCG & Pok\u00e9mon Karten Shop der Schweiz \u2713 Gratis Versand ab CHF 29","robots":{"index":"index","follow":"follow","max-snippet":"max-snippet:-1","max-image-preview":"max-image-preview:large","max-video-preview":"max-video-preview:-1"},"canonical":"https:\/\/theuncommonshop.ch\/fr\/mentions-legales\/","og_locale":"fr_FR","og_type":"article","og_title":"Mentions l\u00e9gales | The Uncommon Shop","og_description":"Hier findest du alles zum Thema Mentions l\u00e9gales. Dein #1 TCG & Pok\u00e9mon Karten Shop der Schweiz \u2713 Gratis Versand ab CHF 29","og_url":"https:\/\/theuncommonshop.ch\/fr\/mentions-legales\/","og_site_name":"Largest trading card shop in Switzerland","article_modified_time":"2026-03-09T11:57:19+00:00","twitter_card":"summary_large_image","schema":{"@context":"https:\/\/schema.org","@graph":[{"@type":"WebPage","@id":"https:\/\/theuncommonshop.ch\/fr\/mentions-legales\/","url":"https:\/\/theuncommonshop.ch\/fr\/mentions-legales\/","name":"Mentions l\u00e9gales | The Uncommon Shop","isPartOf":{"@id":"https:\/\/theuncommonshop.ch\/#website"},"datePublished":"2024-11-08T11:36:07+00:00","dateModified":"2026-03-09T11:57:19+00:00","description":"Hier findest du alles zum Thema Mentions l\u00e9gales. Dein #1 TCG & Pok\u00e9mon Karten Shop der Schweiz \u2713 Gratis Versand ab CHF 29","breadcrumb":{"@id":"https:\/\/theuncommonshop.ch\/fr\/mentions-legales\/#breadcrumb"},"inLanguage":"fr-FR","potentialAction":[{"@type":"ReadAction","target":["https:\/\/theuncommonshop.ch\/fr\/mentions-legales\/"]}]},{"@type":"BreadcrumbList","@id":"https:\/\/theuncommonshop.ch\/fr\/mentions-legales\/#breadcrumb","itemListElement":[{"@type":"ListItem","position":1,"name":"Accueil","item":"https:\/\/theuncommonshop.ch\/fr\/accueil\/"},{"@type":"ListItem","position":2,"name":"Mentions l\u00e9gales"}]},{"@type":"WebSite","@id":"https:\/\/theuncommonshop.ch\/#website","url":"https:\/\/theuncommonshop.ch\/","name":"Largest trading card shop in Switzerland","description":"Magic, Pok\u00e9mon and Yu-gi-oh - The Uncommon Shop","potentialAction":[{"@type":"SearchAction","target":{"@type":"EntryPoint","urlTemplate":"https:\/\/theuncommonshop.ch\/?s={search_term_string}"},"query-input":{"@type":"PropertyValueSpecification","valueRequired":true,"valueName":"search_term_string"}}],"inLanguage":"fr-FR"}]}},"_links":{"self":[{"href":"https:\/\/theuncommonshop.ch\/fr\/wp-json\/wp\/v2\/pages\/331727","targetHints":{"allow":["GET"]}}],"collection":[{"href":"https:\/\/theuncommonshop.ch\/fr\/wp-json\/wp\/v2\/pages"}],"about":[{"href":"https:\/\/theuncommonshop.ch\/fr\/wp-json\/wp\/v2\/types\/page"}],"author":[{"embeddable":true,"href":"https:\/\/theuncommonshop.ch\/fr\/wp-json\/wp\/v2\/users\/2"}],"replies":[{"embeddable":true,"href":"https:\/\/theuncommonshop.ch\/fr\/wp-json\/wp\/v2\/comments?post=331727"}],"version-history":[{"count":1,"href":"https:\/\/theuncommonshop.ch\/fr\/wp-json\/wp\/v2\/pages\/331727\/revisions"}],"predecessor-version":[{"id":331729,"href":"https:\/\/theuncommonshop.ch\/fr\/wp-json\/wp\/v2\/pages\/331727\/revisions\/331729"}],"wp:attachment":[{"href":"https:\/\/theuncommonshop.ch\/fr\/wp-json\/wp\/v2\/media?parent=331727"}],"curies":[{"name":"wp","href":"https:\/\/api.w.org\/{rel}","templated":true}]}}