{"id":331724,"date":"2025-05-08T13:21:45","date_gmt":"2025-05-08T11:21:45","guid":{"rendered":"http:\/\/theuncommonshop.ch\/vendre-des-cartes\/"},"modified":"2026-03-09T12:57:22","modified_gmt":"2026-03-09T11:57:22","slug":"vendre-des-cartes","status":"publish","type":"page","link":"https:\/\/theuncommonshop.ch\/fr\/vendre-des-cartes\/","title":{"rendered":"Vendre des cartes"},"content":{"rendered":"\t\t<div data-elementor-type=\"wp-page\" data-elementor-id=\"331724\" class=\"elementor elementor-331724 elementor-17300\" data-elementor-post-type=\"page\">\n\t\t\t\t<div class=\"wd-negative-gap elementor-element elementor-element-249292c5 e-flex e-con-boxed e-con e-parent\" data-id=\"249292c5\" data-element_type=\"container\" data-e-type=\"container\">\n\t\t\t\t\t<div class=\"e-con-inner\">\n\t\t\t\t<div class=\"elementor-element elementor-element-638123e elementor-widget elementor-widget-heading\" data-id=\"638123e\" data-element_type=\"widget\" data-e-type=\"widget\" data-widget_type=\"heading.default\">\n\t\t\t\t<div class=\"elementor-widget-container\">\n\t\t\t\t\t<h1 class=\"elementor-heading-title elementor-size-default\"><span class=\"accent\">Vendez<\/span> vos billets - Nous <span class=\"accent\">achetons !<\/span><\/h1>\t\t\t\t<\/div>\n\t\t\t\t<\/div>\n\t\t\t\t<div class=\"elementor-element elementor-element-6d81da21 text-center elementor-widget__width-initial color-scheme-inherit elementor-widget elementor-widget-text-editor\" data-id=\"6d81da21\" data-element_type=\"widget\" data-e-type=\"widget\" data-widget_type=\"text-editor.default\">\n\t\t\t\t<div class=\"elementor-widget-container\">\n\t\t\t\t\t\t\t\t\t<p>Vous souhaitez vendre vos cartes Pok\u00e9mon (ou m\u00eame des produits Sealed) ?<br data-start=\"405\" data-end=\"408\"><strong data-start=\"408\" data-end=\"429\">The Uncommon Shop<\/strong> est toujours \u00e0 la recherche d&#8217;objets de collection passionnants et de fins de s\u00e9rie dans le monde des Trading Card Games.<\/p>\t\t\t\t\t\t\t\t<\/div>\n\t\t\t\t<\/div>\n\t\t\t\t\t<\/div>\n\t\t\t\t<\/div>\n\t\t<div class=\"wd-negative-gap elementor-element elementor-element-6cc3e63e e-flex e-con-boxed e-con e-parent\" data-id=\"6cc3e63e\" data-element_type=\"container\" data-e-type=\"container\">\n\t\t\t\t\t<div class=\"e-con-inner\">\n\t\t\t\t<div class=\"elementor-element elementor-element-276d104 elementor-widget__width-inherit color-scheme-inherit text-left elementor-widget elementor-widget-text-editor\" data-id=\"276d104\" data-element_type=\"widget\" data-e-type=\"widget\" data-widget_type=\"text-editor.default\">\n\t\t\t\t<div class=\"elementor-widget-container\">\n\t\t\t\t\t\t\t\t\t<p data-start=\"309\" data-end=\"536\">  Nous nous engageons \u00e0 <strong data-start=\"553\" data-end=\"621\">pratiquer des prix justes, un traitement rapide et une communication transparente<\/strong> &#8211; comme vous le savez.<\/p><hr data-start=\"654\" data-end=\"657\"><h3 data-start=\"659\" data-end=\"683\"> <\/h3><h3 data-start=\"659\" data-end=\"683\">Qu&#8217;achetons-nous ?<\/h3><p data-start=\"733\" data-end=\"836\">&#8211; <strong data-start=\"733\" data-end=\"761\"> Cartes individuelles de Pok\u00e9mon<\/strong>, en particulier : EX, GX, V, VMAX, VSTAR, Radiant, Secret Rares, Full Arts, etc.<\/p><p data-start=\"839\" data-end=\"944\">&#8211; <strong data-start=\"839\" data-end=\"879\"> Produits scell\u00e9s originaux<\/strong> de divers TCG (Boosterboxes, Tins, Elite Trainer Boxes, etc.)<\/p><h6 data-start=\"946\" data-end=\"966\"><strong><em>*Veuillez noter que  <\/em><em>Les cartes doivent \u00eatre dans un \u00e9tat allant d&#8217;Excellent \u00e0 Near Mint. Nous n&#8217;achetons pas de cartes tr\u00e8s endommag\u00e9es. <\/em><\/strong><\/h6><hr data-start=\"1161\" data-end=\"1164\"><h3 data-start=\"1166\" data-end=\"1200\"> <\/h3><h3 data-start=\"1166\" data-end=\"1200\">Comment se d\u00e9roule la d\u00e9termination du prix ?<\/h3><p data-start=\"1202\" data-end=\"1493\">Nos prix d&#8217;achat sont bas\u00e9s sur la valeur du march\u00e9 et se situent g\u00e9n\u00e9ralement <strong data-start=\"1280\" data-end=\"1292\">autour de 70 %<\/strong> &#8211; en fonction de l&#8217;\u00e9tat, de la demande et du set.<br data-start=\"1335\" data-end=\"1338\">Dans certains cas, nous payons jusqu&#8217;\u00e0 <strong data-start=\"1377\" data-end=\"1385\">80 %<\/strong>, voire seulement <strong data-start=\"1430\" data-end=\"1438\">60 %<\/strong> pour les cartes moins demand\u00e9es.<br data-start=\"1439\" data-end=\"1442\">Notre objectif : <strong data-start=\"1454\" data-end=\"1493\">une solution \u00e9quitable pour les deux parties.<\/strong><\/p>\t\t\t\t\t\t\t\t<\/div>\n\t\t\t\t<\/div>\n\t\t\t\t<div class=\"elementor-element elementor-element-7338ab46 e-transform elementor-widget elementor-widget-image\" data-id=\"7338ab46\" data-element_type=\"widget\" data-e-type=\"widget\" data-settings=\"{&quot;_transform_flipX_effect&quot;:&quot;transform&quot;}\" data-widget_type=\"image.default\">\n\t\t\t\t<div class=\"elementor-widget-container\">\n\t\t\t\t\t\t\t\t\t\t\t\t\t\t\t<img decoding=\"async\" width=\"1536\" height=\"1536\" src=\"https:\/\/theuncommonshop.ch\/wp-content\/uploads\/2025\/12\/pokemon-collection-buying-uncomon-shop-1536x1536.jpg\" class=\"attachment-1536x1536 size-1536x1536 wp-image-252493\" alt=\"\" srcset=\"https:\/\/theuncommonshop.ch\/wp-content\/uploads\/2025\/12\/pokemon-collection-buying-uncomon-shop-1536x1536.jpg 1536w, https:\/\/theuncommonshop.ch\/wp-content\/uploads\/2025\/12\/pokemon-collection-buying-uncomon-shop-430x430.jpg 430w, https:\/\/theuncommonshop.ch\/wp-content\/uploads\/2025\/12\/pokemon-collection-buying-uncomon-shop-150x150.jpg 150w, https:\/\/theuncommonshop.ch\/wp-content\/uploads\/2025\/12\/pokemon-collection-buying-uncomon-shop-700x700.jpg 700w, https:\/\/theuncommonshop.ch\/wp-content\/uploads\/2025\/12\/pokemon-collection-buying-uncomon-shop-300x300.jpg 300w, https:\/\/theuncommonshop.ch\/wp-content\/uploads\/2025\/12\/pokemon-collection-buying-uncomon-shop-800x800.jpg 800w, https:\/\/theuncommonshop.ch\/wp-content\/uploads\/2025\/12\/pokemon-collection-buying-uncomon-shop-768x768.jpg 768w, https:\/\/theuncommonshop.ch\/wp-content\/uploads\/2025\/12\/pokemon-collection-buying-uncomon-shop-2048x2048.jpg 2048w\" sizes=\"(max-width: 1536px) 100vw, 1536px\" \/>\t\t\t\t\t\t\t\t\t\t\t\t\t\t\t<\/div>\n\t\t\t\t<\/div>\n\t\t\t\t<div class=\"elementor-element elementor-element-5fbeca70 color-scheme-inherit text-left elementor-widget elementor-widget-text-editor\" data-id=\"5fbeca70\" data-element_type=\"widget\" data-e-type=\"widget\" data-widget_type=\"text-editor.default\">\n\t\t\t\t<div class=\"elementor-widget-container\">\n\t\t\t\t\t\t\t\t\t<h3 data-start=\"1500\" data-end=\"1535\">C&#8217;est ainsi que fonctionne la vente :<\/h3><p data-start=\"1540\" data-end=\"1635\"><strong data-start=\"1540\" data-end=\"1571\">Contactez-nous par e-mail \u00e0<\/strong>:<br data-start=\"1572\" data-end=\"1575\"><a class=\"cursor-pointer\" rel=\"noopener\" data-start=\"1578\" data-end=\"1635\">info@theuncommonshop.ch<\/a><\/p><p data-start=\"1662\" data-end=\"1740\"><em>Une br\u00e8ve description (par exemple &#8220;Pok\u00e9mon Cartes individuelles de 151 &amp; Paldean Fates&#8221;)<\/em><\/p><p data-start=\"1746\" data-end=\"1773\"><em>Photos des cartes\/produits -&gt; En option : une liste Excel\/texte des cartes incluses<\/em><\/p><p data-start=\"1746\" data-end=\"1773\"> <\/p><p data-start=\"1839\" data-end=\"2053\">Nous examinons votre demande et vous r\u00e9pondons g\u00e9n\u00e9ralement dans un d\u00e9lai <strong>de 3 \u00e0 7 jours ouvrables<\/strong> avec un devis.<\/p><hr data-start=\"2055\" data-end=\"2058\"><h3 data-start=\"2060\" data-end=\"2087\"> <\/h3><h3 data-start=\"2060\" data-end=\"2087\">Remise  <\/h3><p data-start=\"2089\" data-end=\"2147\">Si le prix estim\u00e9 convient, il y a deux possibilit\u00e9s :<\/p><p data-start=\"2151\" data-end=\"2213\"><em><strong data-start=\"2151\" data-end=\"2162\">&#8211; <\/strong><span style=\"text-decoration: underline;\"><strong data-start=\"2151\" data-end=\"2162\">Sur place<\/strong><\/span> chez nous \u00e0 <strong>Romanshorn<\/strong> (le plus rapide et le plus s\u00fbr)<\/em><\/p><p data-start=\"2216\" data-end=\"2295\"><em><strong data-start=\"2216\" data-end=\"2231\">&#8211; <\/strong><span style=\"text-decoration: underline;\"><strong data-start=\"2216\" data-end=\"2231\">Par courrier<\/strong><\/span>: Envoyez vos cartes par colis ou par lettre recommand\u00e9e \u00e0 <\/em><em>The Uncommon Shop GmbH, Bahnhofstrasse 16, 8590 Romanshorn (nous d\u00e9clinons toute responsabilit\u00e9 en cas de perte par la poste).<\/em><\/p><h3 data-start=\"2060\" data-end=\"2087\"> <\/h3><h3 data-start=\"2060\" data-end=\"2087\">Examen plus pr\u00e9cis &amp; paiement<\/h3><p data-start=\"2297\" data-end=\"2497\">Nous examinons votre collection en d\u00e9tail et \u00e9valuons sa valeur exacte. La v\u00e9rification prend en g\u00e9n\u00e9ral 1 \u00e0 2 semaines. Si vous \u00eates d&#8217;accord avec le prix que nous avons estim\u00e9, nous vous transf\u00e9rons le montant sur le moyen de paiement de votre choix, <strong data-start=\"2386\" data-end=\"2413\">rapidement et de mani\u00e8re fiable<\/strong>.<br data-start=\"2414\" data-end=\"2417\">Il est \u00e9galement possible de <strong data-start=\"2441\" data-end=\"2488\">faire un \u00e9change contre des produits de notre gamme<\/strong>.    <\/p><p data-start=\"2297\" data-end=\"2497\">Il est dans notre int\u00e9r\u00eat de vous offrir des cr\u00e9dits de magasin. <strong>Si vous choisissez d&#8217;acheter des cr\u00e9dits de magasin<\/strong> dans notre boutique, nous vous offrons <strong>jusqu&#8217;\u00e0 +10% d&#8217;argent suppl\u00e9mentaire pour votre collection ! <\/strong> <\/p>\t\t\t\t\t\t\t\t<\/div>\n\t\t\t\t<\/div>\n\t\t\t\t\t<\/div>\n\t\t\t\t<\/div>\n\t\t\t\t<\/div>\n\t\t","protected":false},"excerpt":{"rendered":"<p>Vendez vos billets &#8211; Nous achetons ! Vous souhaitez vendre vos cartes Pok\u00e9mon (ou m\u00eame des produits Sealed) ?The Uncommon<\/p>\n","protected":false},"author":26,"featured_media":0,"parent":0,"menu_order":0,"comment_status":"closed","ping_status":"closed","template":"elementor_header_footer","meta":{"_acf_changed":false,"footnotes":""},"class_list":["post-331724","page","type-page","status-publish","hentry"],"acf":[],"yoast_head":"<!-- This site is optimized with the Yoast SEO plugin v27.4 - https:\/\/yoast.com\/product\/yoast-seo-wordpress\/ -->\n<title>Vendre des cartes | The Uncommon Shop<\/title>\n<meta name=\"description\" content=\"Hier findest du alles zum Thema Vendre des cartes. Dein #1 TCG &amp; Pok\u00e9mon Karten Shop der Schweiz \u2713 Gratis Versand ab CHF 29\" \/>\n<meta name=\"robots\" content=\"index, follow, max-snippet:-1, max-image-preview:large, max-video-preview:-1\" \/>\n<link rel=\"canonical\" href=\"https:\/\/theuncommonshop.ch\/fr\/vendre-des-cartes\/\" \/>\n<meta property=\"og:locale\" content=\"fr_FR\" \/>\n<meta property=\"og:type\" content=\"article\" \/>\n<meta property=\"og:title\" content=\"Vendre des cartes | The Uncommon Shop\" \/>\n<meta property=\"og:description\" content=\"Hier findest du alles zum Thema Vendre des cartes. Dein #1 TCG &amp; Pok\u00e9mon Karten Shop der Schweiz \u2713 Gratis Versand ab CHF 29\" \/>\n<meta property=\"og:url\" content=\"https:\/\/theuncommonshop.ch\/fr\/vendre-des-cartes\/\" \/>\n<meta property=\"og:site_name\" content=\"Largest trading card shop in Switzerland\" \/>\n<meta property=\"article:modified_time\" content=\"2026-03-09T11:57:22+00:00\" \/>\n<meta property=\"og:image\" content=\"http:\/\/theuncommonshop.ch\/wp-content\/uploads\/2025\/12\/pokemon-collection-buying-uncomon-shop-1536x1536.jpg\" \/>\n<meta name=\"twitter:card\" content=\"summary_large_image\" \/>\n<meta name=\"twitter:label1\" content=\"Dur\u00e9e de lecture estim\u00e9e\" \/>\n\t<meta name=\"twitter:data1\" content=\"2 minutes\" \/>\n<script type=\"application\/ld+json\" class=\"yoast-schema-graph\">{\"@context\":\"https:\\\/\\\/schema.org\",\"@graph\":[{\"@type\":\"WebPage\",\"@id\":\"https:\\\/\\\/theuncommonshop.ch\\\/fr\\\/vendre-des-cartes\\\/\",\"url\":\"https:\\\/\\\/theuncommonshop.ch\\\/fr\\\/vendre-des-cartes\\\/\",\"name\":\"Vendre des cartes | The Uncommon Shop\",\"isPartOf\":{\"@id\":\"https:\\\/\\\/theuncommonshop.ch\\\/#website\"},\"primaryImageOfPage\":{\"@id\":\"https:\\\/\\\/theuncommonshop.ch\\\/fr\\\/vendre-des-cartes\\\/#primaryimage\"},\"image\":{\"@id\":\"https:\\\/\\\/theuncommonshop.ch\\\/fr\\\/vendre-des-cartes\\\/#primaryimage\"},\"thumbnailUrl\":\"http:\\\/\\\/theuncommonshop.ch\\\/wp-content\\\/uploads\\\/2025\\\/12\\\/pokemon-collection-buying-uncomon-shop-1536x1536.jpg\",\"datePublished\":\"2025-05-08T11:21:45+00:00\",\"dateModified\":\"2026-03-09T11:57:22+00:00\",\"description\":\"Hier findest du alles zum Thema Vendre des cartes. Dein #1 TCG & Pok\u00e9mon Karten Shop der Schweiz \u2713 Gratis Versand ab CHF 29\",\"breadcrumb\":{\"@id\":\"https:\\\/\\\/theuncommonshop.ch\\\/fr\\\/vendre-des-cartes\\\/#breadcrumb\"},\"inLanguage\":\"fr-FR\",\"potentialAction\":[{\"@type\":\"ReadAction\",\"target\":[\"https:\\\/\\\/theuncommonshop.ch\\\/fr\\\/vendre-des-cartes\\\/\"]}]},{\"@type\":\"ImageObject\",\"inLanguage\":\"fr-FR\",\"@id\":\"https:\\\/\\\/theuncommonshop.ch\\\/fr\\\/vendre-des-cartes\\\/#primaryimage\",\"url\":\"http:\\\/\\\/theuncommonshop.ch\\\/wp-content\\\/uploads\\\/2025\\\/12\\\/pokemon-collection-buying-uncomon-shop-1536x1536.jpg\",\"contentUrl\":\"http:\\\/\\\/theuncommonshop.ch\\\/wp-content\\\/uploads\\\/2025\\\/12\\\/pokemon-collection-buying-uncomon-shop-1536x1536.jpg\"},{\"@type\":\"BreadcrumbList\",\"@id\":\"https:\\\/\\\/theuncommonshop.ch\\\/fr\\\/vendre-des-cartes\\\/#breadcrumb\",\"itemListElement\":[{\"@type\":\"ListItem\",\"position\":1,\"name\":\"Accueil\",\"item\":\"https:\\\/\\\/theuncommonshop.ch\\\/fr\\\/accueil\\\/\"},{\"@type\":\"ListItem\",\"position\":2,\"name\":\"Vendre des cartes\"}]},{\"@type\":\"WebSite\",\"@id\":\"https:\\\/\\\/theuncommonshop.ch\\\/#website\",\"url\":\"https:\\\/\\\/theuncommonshop.ch\\\/\",\"name\":\"Largest trading card shop in Switzerland\",\"description\":\"Magic, Pok\u00e9mon and Yu-gi-oh - The Uncommon Shop\",\"potentialAction\":[{\"@type\":\"SearchAction\",\"target\":{\"@type\":\"EntryPoint\",\"urlTemplate\":\"https:\\\/\\\/theuncommonshop.ch\\\/?s={search_term_string}\"},\"query-input\":{\"@type\":\"PropertyValueSpecification\",\"valueRequired\":true,\"valueName\":\"search_term_string\"}}],\"inLanguage\":\"fr-FR\"}]}<\/script>\n<!-- \/ Yoast SEO plugin. -->","yoast_head_json":{"title":"Vendre des cartes | The Uncommon Shop","description":"Hier findest du alles zum Thema Vendre des cartes. Dein #1 TCG & Pok\u00e9mon Karten Shop der Schweiz \u2713 Gratis Versand ab CHF 29","robots":{"index":"index","follow":"follow","max-snippet":"max-snippet:-1","max-image-preview":"max-image-preview:large","max-video-preview":"max-video-preview:-1"},"canonical":"https:\/\/theuncommonshop.ch\/fr\/vendre-des-cartes\/","og_locale":"fr_FR","og_type":"article","og_title":"Vendre des cartes | The Uncommon Shop","og_description":"Hier findest du alles zum Thema Vendre des cartes. Dein #1 TCG & Pok\u00e9mon Karten Shop der Schweiz \u2713 Gratis Versand ab CHF 29","og_url":"https:\/\/theuncommonshop.ch\/fr\/vendre-des-cartes\/","og_site_name":"Largest trading card shop in Switzerland","article_modified_time":"2026-03-09T11:57:22+00:00","og_image":[{"url":"http:\/\/theuncommonshop.ch\/wp-content\/uploads\/2025\/12\/pokemon-collection-buying-uncomon-shop-1536x1536.jpg","type":"","width":"","height":""}],"twitter_card":"summary_large_image","twitter_misc":{"Dur\u00e9e de lecture estim\u00e9e":"2 minutes"},"schema":{"@context":"https:\/\/schema.org","@graph":[{"@type":"WebPage","@id":"https:\/\/theuncommonshop.ch\/fr\/vendre-des-cartes\/","url":"https:\/\/theuncommonshop.ch\/fr\/vendre-des-cartes\/","name":"Vendre des cartes | The Uncommon Shop","isPartOf":{"@id":"https:\/\/theuncommonshop.ch\/#website"},"primaryImageOfPage":{"@id":"https:\/\/theuncommonshop.ch\/fr\/vendre-des-cartes\/#primaryimage"},"image":{"@id":"https:\/\/theuncommonshop.ch\/fr\/vendre-des-cartes\/#primaryimage"},"thumbnailUrl":"http:\/\/theuncommonshop.ch\/wp-content\/uploads\/2025\/12\/pokemon-collection-buying-uncomon-shop-1536x1536.jpg","datePublished":"2025-05-08T11:21:45+00:00","dateModified":"2026-03-09T11:57:22+00:00","description":"Hier findest du alles zum Thema Vendre des cartes. Dein #1 TCG & Pok\u00e9mon Karten Shop der Schweiz \u2713 Gratis Versand ab CHF 29","breadcrumb":{"@id":"https:\/\/theuncommonshop.ch\/fr\/vendre-des-cartes\/#breadcrumb"},"inLanguage":"fr-FR","potentialAction":[{"@type":"ReadAction","target":["https:\/\/theuncommonshop.ch\/fr\/vendre-des-cartes\/"]}]},{"@type":"ImageObject","inLanguage":"fr-FR","@id":"https:\/\/theuncommonshop.ch\/fr\/vendre-des-cartes\/#primaryimage","url":"http:\/\/theuncommonshop.ch\/wp-content\/uploads\/2025\/12\/pokemon-collection-buying-uncomon-shop-1536x1536.jpg","contentUrl":"http:\/\/theuncommonshop.ch\/wp-content\/uploads\/2025\/12\/pokemon-collection-buying-uncomon-shop-1536x1536.jpg"},{"@type":"BreadcrumbList","@id":"https:\/\/theuncommonshop.ch\/fr\/vendre-des-cartes\/#breadcrumb","itemListElement":[{"@type":"ListItem","position":1,"name":"Accueil","item":"https:\/\/theuncommonshop.ch\/fr\/accueil\/"},{"@type":"ListItem","position":2,"name":"Vendre des cartes"}]},{"@type":"WebSite","@id":"https:\/\/theuncommonshop.ch\/#website","url":"https:\/\/theuncommonshop.ch\/","name":"Largest trading card shop in Switzerland","description":"Magic, Pok\u00e9mon and Yu-gi-oh - The Uncommon Shop","potentialAction":[{"@type":"SearchAction","target":{"@type":"EntryPoint","urlTemplate":"https:\/\/theuncommonshop.ch\/?s={search_term_string}"},"query-input":{"@type":"PropertyValueSpecification","valueRequired":true,"valueName":"search_term_string"}}],"inLanguage":"fr-FR"}]}},"_links":{"self":[{"href":"https:\/\/theuncommonshop.ch\/fr\/wp-json\/wp\/v2\/pages\/331724","targetHints":{"allow":["GET"]}}],"collection":[{"href":"https:\/\/theuncommonshop.ch\/fr\/wp-json\/wp\/v2\/pages"}],"about":[{"href":"https:\/\/theuncommonshop.ch\/fr\/wp-json\/wp\/v2\/types\/page"}],"author":[{"embeddable":true,"href":"https:\/\/theuncommonshop.ch\/fr\/wp-json\/wp\/v2\/users\/26"}],"replies":[{"embeddable":true,"href":"https:\/\/theuncommonshop.ch\/fr\/wp-json\/wp\/v2\/comments?post=331724"}],"version-history":[{"count":1,"href":"https:\/\/theuncommonshop.ch\/fr\/wp-json\/wp\/v2\/pages\/331724\/revisions"}],"predecessor-version":[{"id":331726,"href":"https:\/\/theuncommonshop.ch\/fr\/wp-json\/wp\/v2\/pages\/331724\/revisions\/331726"}],"wp:attachment":[{"href":"https:\/\/theuncommonshop.ch\/fr\/wp-json\/wp\/v2\/media?parent=331724"}],"curies":[{"name":"wp","href":"https:\/\/api.w.org\/{rel}","templated":true}]}}