{"id":331714,"date":"2024-11-08T13:18:51","date_gmt":"2024-11-08T12:18:51","guid":{"rendered":"http:\/\/theuncommonshop.ch\/protection-acheteurs-tout-pour-votre-securite\/"},"modified":"2026-03-09T12:57:22","modified_gmt":"2026-03-09T11:57:22","slug":"protection-acheteurs-tout-pour-votre-securite","status":"publish","type":"page","link":"https:\/\/theuncommonshop.ch\/fr\/protection-acheteurs-tout-pour-votre-securite\/","title":{"rendered":"Protection acheteurs &#8211; Tout pour votre s\u00e9curit\u00e9 !"},"content":{"rendered":"\t\t<div data-elementor-type=\"wp-page\" data-elementor-id=\"331714\" class=\"elementor elementor-331714 elementor-2988\" data-elementor-post-type=\"page\">\n\t\t\t\t<div class=\"wd-negative-gap elementor-element elementor-element-564be88b e-flex e-con-boxed e-con e-parent\" data-id=\"564be88b\" data-element_type=\"container\" data-e-type=\"container\">\n\t\t\t\t\t<div class=\"e-con-inner\">\n\t\t\t\t<div class=\"elementor-element elementor-element-4d57a771 elementor-widget elementor-widget-heading\" data-id=\"4d57a771\" data-element_type=\"widget\" data-e-type=\"widget\" data-widget_type=\"heading.default\">\n\t\t\t\t<div class=\"elementor-widget-container\">\n\t\t\t\t\t<h1 class=\"elementor-heading-title elementor-size-default\"><span class=\"accent\">Protection des acheteurs - <\/span> Tout pour votre s\u00e9curit\u00e9<\/h1>\t\t\t\t<\/div>\n\t\t\t\t<\/div>\n\t\t\t\t\t<\/div>\n\t\t\t\t<\/div>\n\t\t<div class=\"wd-negative-gap elementor-element elementor-element-7fe8fbe wd-section-stretch e-flex e-con-boxed e-con e-parent\" data-id=\"7fe8fbe\" data-element_type=\"container\" data-e-type=\"container\" data-settings=\"{&quot;background_background&quot;:&quot;classic&quot;}\">\n\t\t\t\t\t<div class=\"e-con-inner\">\n\t\t<div class=\"elementor-element elementor-element-3e66932 e-con-full e-flex e-con e-child\" data-id=\"3e66932\" data-element_type=\"container\" data-e-type=\"container\">\n\t\t\t\t<div class=\"elementor-element elementor-element-f5dbd36 elementor-widget elementor-widget-heading\" data-id=\"f5dbd36\" data-element_type=\"widget\" data-e-type=\"widget\" data-widget_type=\"heading.default\">\n\t\t\t\t<div class=\"elementor-widget-container\">\n\t\t\t\t\t<h2 class=\"elementor-heading-title elementor-size-default\">1. la Protection acheteurs Trusted Shops chez nous dans toute la boutique<\/h2>\t\t\t\t<\/div>\n\t\t\t\t<\/div>\n\t\t\t\t<div class=\"elementor-element elementor-element-4ea1c50 color-scheme-inherit text-left elementor-widget elementor-widget-text-editor\" data-id=\"4ea1c50\" data-element_type=\"widget\" data-e-type=\"widget\" data-widget_type=\"text-editor.default\">\n\t\t\t\t<div class=\"elementor-widget-container\">\n\t\t\t\t\t\t\t\t\t<p><strong>Gratuit<\/strong><\/p><ul><li>Protection acheteurs jusqu&#8217;\u00e0 4.000,00 Fr. par achat dans notre boutique en ligne <\/li><li>Vous couvre en cas de non-livraison, non-remboursement, perte de colis<\/li><li>Si vous rencontrez des probl\u00e8mes avec vos commandes, il vous suffit de nous le faire savoir &#8211; nous nous en occuperons pour vous !<\/li><li>Si le probl\u00e8me ne peut pas \u00eatre r\u00e9solu, nous vous remboursons le prix d&#8217;achat jusqu&#8217;\u00e0 <strong>4.000,00 Fr.*.<\/strong><\/li><\/ul>\t\t\t\t\t\t\t\t<\/div>\n\t\t\t\t<\/div>\n\t\t\t\t<\/div>\n\t\t<div class=\"elementor-element elementor-element-6b4cfba e-con-full e-flex e-con e-child\" data-id=\"6b4cfba\" data-element_type=\"container\" data-e-type=\"container\">\n\t\t\t\t<div class=\"elementor-element elementor-element-1cb4b27 elementor-widget elementor-widget-image\" data-id=\"1cb4b27\" data-element_type=\"widget\" data-e-type=\"widget\" data-widget_type=\"image.default\">\n\t\t\t\t<div class=\"elementor-widget-container\">\n\t\t\t\t\t\t\t\t\t\t\t\t\t\t\t<img decoding=\"async\" width=\"600\" height=\"400\" src=\"https:\/\/theuncommonshop.ch\/wp-content\/uploads\/2025\/05\/GS-und-KSP_freigestellt.png\" class=\"attachment-large size-large wp-image-17170\" alt=\"\" srcset=\"https:\/\/theuncommonshop.ch\/wp-content\/uploads\/2025\/05\/GS-und-KSP_freigestellt.png 600w, https:\/\/theuncommonshop.ch\/wp-content\/uploads\/2025\/05\/GS-und-KSP_freigestellt-430x287.png 430w, https:\/\/theuncommonshop.ch\/wp-content\/uploads\/2025\/05\/GS-und-KSP_freigestellt-150x100.png 150w, https:\/\/theuncommonshop.ch\/wp-content\/uploads\/2025\/05\/GS-und-KSP_freigestellt-400x267.png 400w\" sizes=\"(max-width: 600px) 100vw, 600px\" \/>\t\t\t\t\t\t\t\t\t\t\t\t\t\t\t<\/div>\n\t\t\t\t<\/div>\n\t\t\t\t<\/div>\n\t\t\t\t\t<\/div>\n\t\t\t\t<\/div>\n\t\t<div class=\"elementor-element elementor-element-14e7c295 e-con-full e-flex e-con e-parent\" data-id=\"14e7c295\" data-element_type=\"container\" data-e-type=\"container\">\n\t\t<div class=\"elementor-element elementor-element-38600371 e-con-full e-flex e-con e-child\" data-id=\"38600371\" data-element_type=\"container\" data-e-type=\"container\">\n\t\t\t\t<\/div>\n\t\t\t\t<\/div>\n\t\t<div class=\"elementor-element elementor-element-6ed115d2 e-flex e-con-boxed e-con e-parent\" data-id=\"6ed115d2\" data-element_type=\"container\" data-e-type=\"container\">\n\t\t\t\t\t<div class=\"e-con-inner\">\n\t\t\t\t<div class=\"elementor-element elementor-element-5c2c961a color-scheme-inherit text-left elementor-widget elementor-widget-text-editor\" data-id=\"5c2c961a\" data-element_type=\"widget\" data-e-type=\"widget\" data-widget_type=\"text-editor.default\">\n\t\t\t\t<div class=\"elementor-widget-container\">\n\t\t\t\t\t\t\t\t\t<p> <\/p><h1>2. dans quels cas la Protection acheteurs me prot\u00e8ge-t-elle ?<\/h1><div class=\"content-before-cards\"><p>La Protection acheteurs offre une protection compl\u00e8te pour vos commandes en ligne pass\u00e9es aupr\u00e8s de boutiques certifi\u00e9es. Elle vous prot\u00e8ge en tant qu&#8217;acheteur* contre les pertes financi\u00e8res. Dans les situations suivantes, vous pouvez compter sur la Protection acheteurs, sans condition :  <\/p><\/div><div class=\"row pb-2\"><div class=\"col-12 col-lg-4\"><p><img decoding=\"async\" src=\"https:\/\/www.trustedshops.ch\/wp-content\/uploads\/2020\/11\/illustration-order-not-arrived.svg\" alt=\"\"><\/p><div class=\"col-12 col-lg-4\"><h3>Votre commande n&#8217;est pas arriv\u00e9e.<\/h3><p>Le colis a \u00e9t\u00e9 perdu pendant le transport, a \u00e9t\u00e9 pr\u00e9tendument d\u00e9pos\u00e9 chez les voisins ou a disparu d&#8217;une autre mani\u00e8re.<\/p><\/div><div class=\"col-12 col-lg-4\"><div><p><img decoding=\"async\" src=\"https:\/\/www.trustedshops.de\/wp-content\/uploads\/2020\/11\/illustration-refund-not-made.svg\" alt=\"\"><\/p><h3>Vous n&#8217;avez pas re\u00e7u de remboursement<\/h3><p>Vous avez annul\u00e9 votre commande et l&#8217;avez renvoy\u00e9e, mais le remboursement de la boutique n&#8217;a pas \u00e9t\u00e9 effectu\u00e9<\/p><\/div><\/div><div class=\"col-12 col-lg-4\"><div><p><img decoding=\"async\" src=\"https:\/\/www.trustedshops.de\/wp-content\/uploads\/2020\/11\/illustration-shop-insolvent.svg\" alt=\"\"><\/p><h3>La boutique en ligne a d\u00e9pos\u00e9 le bilan.<\/h3><p>Apr\u00e8s votre commande, la boutique en ligne a d\u00e9pos\u00e9 le bilan ou n&#8217;est plus disponible pour une autre raison et vous n&#8217;avez pas re\u00e7u les marchandises ou le remboursement.<\/p><\/div><\/div><\/div><\/div>\t\t\t\t\t\t\t\t<\/div>\n\t\t\t\t<\/div>\n\t\t\t\t\t<\/div>\n\t\t\t\t<\/div>\n\t\t<div class=\"wd-negative-gap elementor-element elementor-element-1009fa74 wd-section-stretch e-flex e-con-boxed e-con e-parent\" data-id=\"1009fa74\" data-element_type=\"container\" data-e-type=\"container\" data-settings=\"{&quot;background_background&quot;:&quot;classic&quot;}\">\n\t\t\t\t\t<div class=\"e-con-inner\">\n\t\t<div class=\"elementor-element elementor-element-62f2122f e-con-full e-flex e-con e-child\" data-id=\"62f2122f\" data-element_type=\"container\" data-e-type=\"container\">\n\t\t\t\t<div class=\"elementor-element elementor-element-3ee64dd1 elementor-widget elementor-widget-heading\" data-id=\"3ee64dd1\" data-element_type=\"widget\" data-e-type=\"widget\" data-widget_type=\"heading.default\">\n\t\t\t\t<div class=\"elementor-widget-container\">\n\t\t\t\t\t<h2 class=\"elementor-heading-title elementor-size-default\">3. comment utiliser la Protection acheteurs ?<\/h2>\t\t\t\t<\/div>\n\t\t\t\t<\/div>\n\t\t\t\t<div class=\"elementor-element elementor-element-4122b9d0 color-scheme-inherit text-left elementor-widget elementor-widget-text-editor\" data-id=\"4122b9d0\" data-element_type=\"widget\" data-e-type=\"widget\" data-widget_type=\"text-editor.default\">\n\t\t\t\t<div class=\"elementor-widget-container\">\n\t\t\t\t\t\t\t\t\t<h5>&nbsp;<strong>Pour utiliser la Protection acheteurs Trusted Shops, rien de plus simple&nbsp;<\/strong><\/h5>\n<p>Apr\u00e8s chaque achat dans une boutique en ligne portant le label de qualit\u00e9 Trusted Shops, vous pouvez d\u00e9cider, apr\u00e8s avoir pass\u00e9 commande, si vous souhaitez s\u00e9curiser votre achat avec la Protection acheteurs de Trusted Shops. La Protection acheteurs prot\u00e8ge vos achats jusqu&#8217;\u00e0 une valeur maximale de 4.000 francs suisses. <\/p>\n<p>Si vous \u00eates d\u00e9j\u00e0 inscrit chez nous avec votre adresse e-mail, notre syst\u00e8me le reconna\u00eet et r\u00e9pertorie tous les achats effectu\u00e9s via cet e-mail dans votre tableau de bord personnel Mon Trusted Shops.<\/p>\n<p>Vous pouvez \u00e9galement vous inscrire directement d\u00e8s <strong>maintenant <\/strong>et s\u00e9curiser automatiquement vos achats de mani\u00e8re permanente.<\/p>\t\t\t\t\t\t\t\t<\/div>\n\t\t\t\t<\/div>\n\t\t\t\t<\/div>\n\t\t<div class=\"elementor-element elementor-element-3852c514 e-con-full e-flex e-con e-child\" data-id=\"3852c514\" data-element_type=\"container\" data-e-type=\"container\">\n\t\t\t\t<div class=\"elementor-element elementor-element-1203d475 elementor-widget elementor-widget-image\" data-id=\"1203d475\" data-element_type=\"widget\" data-e-type=\"widget\" data-widget_type=\"image.default\">\n\t\t\t\t<div class=\"elementor-widget-container\">\n\t\t\t\t\t\t\t\t\t\t\t\t\t\t\t<img decoding=\"async\" width=\"1136\" height=\"613\" src=\"https:\/\/theuncommonshop.ch\/wp-content\/uploads\/2025\/05\/warenkorb-absichern-mit-trusted-shops-im-uncommon-shop.jpg\" class=\"attachment-large size-large wp-image-17165\" alt=\"\" srcset=\"https:\/\/theuncommonshop.ch\/wp-content\/uploads\/2025\/05\/warenkorb-absichern-mit-trusted-shops-im-uncommon-shop.jpg 1136w, https:\/\/theuncommonshop.ch\/wp-content\/uploads\/2025\/05\/warenkorb-absichern-mit-trusted-shops-im-uncommon-shop-430x232.jpg 430w, https:\/\/theuncommonshop.ch\/wp-content\/uploads\/2025\/05\/warenkorb-absichern-mit-trusted-shops-im-uncommon-shop-150x81.jpg 150w, https:\/\/theuncommonshop.ch\/wp-content\/uploads\/2025\/05\/warenkorb-absichern-mit-trusted-shops-im-uncommon-shop-700x378.jpg 700w, https:\/\/theuncommonshop.ch\/wp-content\/uploads\/2025\/05\/warenkorb-absichern-mit-trusted-shops-im-uncommon-shop-400x216.jpg 400w, https:\/\/theuncommonshop.ch\/wp-content\/uploads\/2025\/05\/warenkorb-absichern-mit-trusted-shops-im-uncommon-shop-768x414.jpg 768w\" sizes=\"(max-width: 1136px) 100vw, 1136px\" \/>\t\t\t\t\t\t\t\t\t\t\t\t\t\t\t<\/div>\n\t\t\t\t<\/div>\n\t\t\t\t<\/div>\n\t\t\t\t\t<\/div>\n\t\t\t\t<\/div>\n\t\t<div class=\"elementor-element elementor-element-3f80bcb e-con-full e-flex e-con e-parent\" data-id=\"3f80bcb\" data-element_type=\"container\" data-e-type=\"container\">\n\t\t<div class=\"elementor-element elementor-element-d61ddde e-con-full e-flex e-con e-child\" data-id=\"d61ddde\" data-element_type=\"container\" data-e-type=\"container\">\n\t\t\t\t<\/div>\n\t\t\t\t<\/div>\n\t\t<div class=\"elementor-element elementor-element-8389732 e-con-full e-flex e-con e-parent\" data-id=\"8389732\" data-element_type=\"container\" data-e-type=\"container\">\n\t\t<div class=\"elementor-element elementor-element-b2be37a e-con-full e-flex e-con e-child\" data-id=\"b2be37a\" data-element_type=\"container\" data-e-type=\"container\">\n\t\t\t\t<\/div>\n\t\t\t\t<\/div>\n\t\t<div class=\"wd-negative-gap elementor-element elementor-element-305a071 wd-section-stretch e-flex e-con-boxed e-con e-parent\" data-id=\"305a071\" data-element_type=\"container\" data-e-type=\"container\" data-settings=\"{&quot;background_background&quot;:&quot;classic&quot;}\">\n\t\t\t\t\t<div class=\"e-con-inner\">\n\t\t<div class=\"elementor-element elementor-element-bc3501e e-con-full e-flex e-con e-child\" data-id=\"bc3501e\" data-element_type=\"container\" data-e-type=\"container\">\n\t\t\t\t<div class=\"elementor-element elementor-element-175624d elementor-widget elementor-widget-heading\" data-id=\"175624d\" data-element_type=\"widget\" data-e-type=\"widget\" data-widget_type=\"heading.default\">\n\t\t\t\t<div class=\"elementor-widget-container\">\n\t\t\t\t\t<h2 class=\"elementor-heading-title elementor-size-default\">Nous avons \u00e9t\u00e9 r\u00e9compens\u00e9s<\/h2>\t\t\t\t<\/div>\n\t\t\t\t<\/div>\n\t\t\t\t<div class=\"elementor-element elementor-element-8261bd9 color-scheme-inherit text-left elementor-widget elementor-widget-text-editor\" data-id=\"8261bd9\" data-element_type=\"widget\" data-e-type=\"widget\" data-widget_type=\"text-editor.default\">\n\t\t\t\t<div class=\"elementor-widget-container\">\n\t\t\t\t\t\t\t\t\t<p>Nous avons re\u00e7u l&#8217;Excellent Shop Award pour 5 ans.<\/p><p>Ce prix n&#8217;est d\u00e9cern\u00e9 qu&#8217;aux boutiques certifi\u00e9es depuis 5 ans et qui respectent les crit\u00e8res de qualit\u00e9 stricts de Trusted Shops &#8211; offrant ainsi une excellente exp\u00e9rience client !<\/p><p>Cela nous rend tr\u00e8s fiers et nous motive fortement \u00e0 continuer \u00e0 tout donner pour une exp\u00e9rience d&#8217;achat parfaite et pour la chose la plus importante que nous ayons : des clients satisfaits !<\/p><p>Un grand merci \u00e0 nos clients et un grand bravo \u00e0 notre \u00e9quipe pour cette performance !<\/p>\t\t\t\t\t\t\t\t<\/div>\n\t\t\t\t<\/div>\n\t\t\t\t<\/div>\n\t\t<div class=\"elementor-element elementor-element-ae185b7 e-con-full e-flex e-con e-child\" data-id=\"ae185b7\" data-element_type=\"container\" data-e-type=\"container\">\n\t\t\t\t<div class=\"elementor-element elementor-element-a54a7af elementor-widget elementor-widget-image\" data-id=\"a54a7af\" data-element_type=\"widget\" data-e-type=\"widget\" data-widget_type=\"image.default\">\n\t\t\t\t<div class=\"elementor-widget-container\">\n\t\t\t\t\t\t\t\t\t\t\t\t\t\t\t<img decoding=\"async\" width=\"1080\" height=\"698\" src=\"https:\/\/theuncommonshop.ch\/wp-content\/uploads\/2026\/03\/SM-1_1-Excellent_Shop_Award-5-Blank-1.jpg\" class=\"attachment-large size-large wp-image-331717\" alt=\"\" srcset=\"https:\/\/theuncommonshop.ch\/wp-content\/uploads\/2026\/03\/SM-1_1-Excellent_Shop_Award-5-Blank-1.jpg 1080w, https:\/\/theuncommonshop.ch\/wp-content\/uploads\/2026\/03\/SM-1_1-Excellent_Shop_Award-5-Blank-1-430x278.jpg 430w, https:\/\/theuncommonshop.ch\/wp-content\/uploads\/2026\/03\/SM-1_1-Excellent_Shop_Award-5-Blank-1-150x97.jpg 150w, https:\/\/theuncommonshop.ch\/wp-content\/uploads\/2026\/03\/SM-1_1-Excellent_Shop_Award-5-Blank-1-700x452.jpg 700w, https:\/\/theuncommonshop.ch\/wp-content\/uploads\/2026\/03\/SM-1_1-Excellent_Shop_Award-5-Blank-1-400x259.jpg 400w, https:\/\/theuncommonshop.ch\/wp-content\/uploads\/2026\/03\/SM-1_1-Excellent_Shop_Award-5-Blank-1-768x496.jpg 768w\" sizes=\"(max-width: 1080px) 100vw, 1080px\" \/>\t\t\t\t\t\t\t\t\t\t\t\t\t\t\t<\/div>\n\t\t\t\t<\/div>\n\t\t\t\t<\/div>\n\t\t\t\t\t<\/div>\n\t\t\t\t<\/div>\n\t\t\t\t<\/div>\n\t\t","protected":false},"excerpt":{"rendered":"<p>Protection des acheteurs &#8211; Tout pour votre s\u00e9curit\u00e9 1. la Protection acheteurs Trusted Shops chez nous dans toute la boutique<\/p>\n","protected":false},"author":2,"featured_media":0,"parent":0,"menu_order":0,"comment_status":"closed","ping_status":"closed","template":"elementor_header_footer","meta":{"_acf_changed":false,"footnotes":""},"class_list":["post-331714","page","type-page","status-publish","hentry"],"acf":[],"yoast_head":"<!-- This site is optimized with the Yoast SEO plugin v27.4 - https:\/\/yoast.com\/product\/yoast-seo-wordpress\/ -->\n<title>Protection acheteurs - Tout pour votre s\u00e9curit\u00e9 ! | The Uncommon Shop<\/title>\n<meta name=\"description\" content=\"Hier findest du alles zum Thema Protection acheteurs - Tout pour votre s\u00e9curit\u00e9 !. Dein #1 TCG &amp; Pok\u00e9mon Karten Shop der Schweiz \u2713 Gratis Versand ab CHF 29\" \/>\n<meta name=\"robots\" content=\"index, follow, max-snippet:-1, max-image-preview:large, max-video-preview:-1\" \/>\n<link rel=\"canonical\" href=\"https:\/\/theuncommonshop.ch\/fr\/protection-acheteurs-tout-pour-votre-securite\/\" \/>\n<meta property=\"og:locale\" content=\"fr_FR\" \/>\n<meta property=\"og:type\" content=\"article\" \/>\n<meta property=\"og:title\" content=\"Protection acheteurs - Tout pour votre s\u00e9curit\u00e9 ! | The Uncommon Shop\" \/>\n<meta property=\"og:description\" content=\"Hier findest du alles zum Thema Protection acheteurs - Tout pour votre s\u00e9curit\u00e9 !. Dein #1 TCG &amp; Pok\u00e9mon Karten Shop der Schweiz \u2713 Gratis Versand ab CHF 29\" \/>\n<meta property=\"og:url\" content=\"https:\/\/theuncommonshop.ch\/fr\/protection-acheteurs-tout-pour-votre-securite\/\" \/>\n<meta property=\"og:site_name\" content=\"Largest trading card shop in Switzerland\" \/>\n<meta property=\"article:modified_time\" content=\"2026-03-09T11:57:22+00:00\" \/>\n<meta property=\"og:image\" content=\"http:\/\/theuncommonshop.ch\/wp-content\/uploads\/2025\/05\/GS-und-KSP_freigestellt.png\" \/>\n<meta name=\"twitter:card\" content=\"summary_large_image\" \/>\n<meta name=\"twitter:label1\" content=\"Dur\u00e9e de lecture estim\u00e9e\" \/>\n\t<meta name=\"twitter:data1\" content=\"2 minutes\" \/>\n<script type=\"application\/ld+json\" class=\"yoast-schema-graph\">{\"@context\":\"https:\\\/\\\/schema.org\",\"@graph\":[{\"@type\":\"WebPage\",\"@id\":\"https:\\\/\\\/theuncommonshop.ch\\\/fr\\\/protection-acheteurs-tout-pour-votre-securite\\\/\",\"url\":\"https:\\\/\\\/theuncommonshop.ch\\\/fr\\\/protection-acheteurs-tout-pour-votre-securite\\\/\",\"name\":\"Protection acheteurs - Tout pour votre s\u00e9curit\u00e9 ! | The Uncommon Shop\",\"isPartOf\":{\"@id\":\"https:\\\/\\\/theuncommonshop.ch\\\/#website\"},\"primaryImageOfPage\":{\"@id\":\"https:\\\/\\\/theuncommonshop.ch\\\/fr\\\/protection-acheteurs-tout-pour-votre-securite\\\/#primaryimage\"},\"image\":{\"@id\":\"https:\\\/\\\/theuncommonshop.ch\\\/fr\\\/protection-acheteurs-tout-pour-votre-securite\\\/#primaryimage\"},\"thumbnailUrl\":\"http:\\\/\\\/theuncommonshop.ch\\\/wp-content\\\/uploads\\\/2025\\\/05\\\/GS-und-KSP_freigestellt.png\",\"datePublished\":\"2024-11-08T12:18:51+00:00\",\"dateModified\":\"2026-03-09T11:57:22+00:00\",\"description\":\"Hier findest du alles zum Thema Protection acheteurs - Tout pour votre s\u00e9curit\u00e9 !. Dein #1 TCG & Pok\u00e9mon Karten Shop der Schweiz \u2713 Gratis Versand ab CHF 29\",\"breadcrumb\":{\"@id\":\"https:\\\/\\\/theuncommonshop.ch\\\/fr\\\/protection-acheteurs-tout-pour-votre-securite\\\/#breadcrumb\"},\"inLanguage\":\"fr-FR\",\"potentialAction\":[{\"@type\":\"ReadAction\",\"target\":[\"https:\\\/\\\/theuncommonshop.ch\\\/fr\\\/protection-acheteurs-tout-pour-votre-securite\\\/\"]}]},{\"@type\":\"ImageObject\",\"inLanguage\":\"fr-FR\",\"@id\":\"https:\\\/\\\/theuncommonshop.ch\\\/fr\\\/protection-acheteurs-tout-pour-votre-securite\\\/#primaryimage\",\"url\":\"http:\\\/\\\/theuncommonshop.ch\\\/wp-content\\\/uploads\\\/2025\\\/05\\\/GS-und-KSP_freigestellt.png\",\"contentUrl\":\"http:\\\/\\\/theuncommonshop.ch\\\/wp-content\\\/uploads\\\/2025\\\/05\\\/GS-und-KSP_freigestellt.png\"},{\"@type\":\"BreadcrumbList\",\"@id\":\"https:\\\/\\\/theuncommonshop.ch\\\/fr\\\/protection-acheteurs-tout-pour-votre-securite\\\/#breadcrumb\",\"itemListElement\":[{\"@type\":\"ListItem\",\"position\":1,\"name\":\"Accueil\",\"item\":\"https:\\\/\\\/theuncommonshop.ch\\\/fr\\\/accueil\\\/\"},{\"@type\":\"ListItem\",\"position\":2,\"name\":\"Protection acheteurs &#8211; Tout pour votre s\u00e9curit\u00e9 !\"}]},{\"@type\":\"WebSite\",\"@id\":\"https:\\\/\\\/theuncommonshop.ch\\\/#website\",\"url\":\"https:\\\/\\\/theuncommonshop.ch\\\/\",\"name\":\"Largest trading card shop in Switzerland\",\"description\":\"Magic, Pok\u00e9mon and Yu-gi-oh - The Uncommon Shop\",\"potentialAction\":[{\"@type\":\"SearchAction\",\"target\":{\"@type\":\"EntryPoint\",\"urlTemplate\":\"https:\\\/\\\/theuncommonshop.ch\\\/?s={search_term_string}\"},\"query-input\":{\"@type\":\"PropertyValueSpecification\",\"valueRequired\":true,\"valueName\":\"search_term_string\"}}],\"inLanguage\":\"fr-FR\"}]}<\/script>\n<!-- \/ Yoast SEO plugin. -->","yoast_head_json":{"title":"Protection acheteurs - Tout pour votre s\u00e9curit\u00e9 ! | The Uncommon Shop","description":"Hier findest du alles zum Thema Protection acheteurs - Tout pour votre s\u00e9curit\u00e9 !. Dein #1 TCG & Pok\u00e9mon Karten Shop der Schweiz \u2713 Gratis Versand ab CHF 29","robots":{"index":"index","follow":"follow","max-snippet":"max-snippet:-1","max-image-preview":"max-image-preview:large","max-video-preview":"max-video-preview:-1"},"canonical":"https:\/\/theuncommonshop.ch\/fr\/protection-acheteurs-tout-pour-votre-securite\/","og_locale":"fr_FR","og_type":"article","og_title":"Protection acheteurs - Tout pour votre s\u00e9curit\u00e9 ! | The Uncommon Shop","og_description":"Hier findest du alles zum Thema Protection acheteurs - Tout pour votre s\u00e9curit\u00e9 !. Dein #1 TCG & Pok\u00e9mon Karten Shop der Schweiz \u2713 Gratis Versand ab CHF 29","og_url":"https:\/\/theuncommonshop.ch\/fr\/protection-acheteurs-tout-pour-votre-securite\/","og_site_name":"Largest trading card shop in Switzerland","article_modified_time":"2026-03-09T11:57:22+00:00","og_image":[{"url":"http:\/\/theuncommonshop.ch\/wp-content\/uploads\/2025\/05\/GS-und-KSP_freigestellt.png","type":"","width":"","height":""}],"twitter_card":"summary_large_image","twitter_misc":{"Dur\u00e9e de lecture estim\u00e9e":"2 minutes"},"schema":{"@context":"https:\/\/schema.org","@graph":[{"@type":"WebPage","@id":"https:\/\/theuncommonshop.ch\/fr\/protection-acheteurs-tout-pour-votre-securite\/","url":"https:\/\/theuncommonshop.ch\/fr\/protection-acheteurs-tout-pour-votre-securite\/","name":"Protection acheteurs - Tout pour votre s\u00e9curit\u00e9 ! | The Uncommon Shop","isPartOf":{"@id":"https:\/\/theuncommonshop.ch\/#website"},"primaryImageOfPage":{"@id":"https:\/\/theuncommonshop.ch\/fr\/protection-acheteurs-tout-pour-votre-securite\/#primaryimage"},"image":{"@id":"https:\/\/theuncommonshop.ch\/fr\/protection-acheteurs-tout-pour-votre-securite\/#primaryimage"},"thumbnailUrl":"http:\/\/theuncommonshop.ch\/wp-content\/uploads\/2025\/05\/GS-und-KSP_freigestellt.png","datePublished":"2024-11-08T12:18:51+00:00","dateModified":"2026-03-09T11:57:22+00:00","description":"Hier findest du alles zum Thema Protection acheteurs - Tout pour votre s\u00e9curit\u00e9 !. Dein #1 TCG & Pok\u00e9mon Karten Shop der Schweiz \u2713 Gratis Versand ab CHF 29","breadcrumb":{"@id":"https:\/\/theuncommonshop.ch\/fr\/protection-acheteurs-tout-pour-votre-securite\/#breadcrumb"},"inLanguage":"fr-FR","potentialAction":[{"@type":"ReadAction","target":["https:\/\/theuncommonshop.ch\/fr\/protection-acheteurs-tout-pour-votre-securite\/"]}]},{"@type":"ImageObject","inLanguage":"fr-FR","@id":"https:\/\/theuncommonshop.ch\/fr\/protection-acheteurs-tout-pour-votre-securite\/#primaryimage","url":"http:\/\/theuncommonshop.ch\/wp-content\/uploads\/2025\/05\/GS-und-KSP_freigestellt.png","contentUrl":"http:\/\/theuncommonshop.ch\/wp-content\/uploads\/2025\/05\/GS-und-KSP_freigestellt.png"},{"@type":"BreadcrumbList","@id":"https:\/\/theuncommonshop.ch\/fr\/protection-acheteurs-tout-pour-votre-securite\/#breadcrumb","itemListElement":[{"@type":"ListItem","position":1,"name":"Accueil","item":"https:\/\/theuncommonshop.ch\/fr\/accueil\/"},{"@type":"ListItem","position":2,"name":"Protection acheteurs &#8211; Tout pour votre s\u00e9curit\u00e9 !"}]},{"@type":"WebSite","@id":"https:\/\/theuncommonshop.ch\/#website","url":"https:\/\/theuncommonshop.ch\/","name":"Largest trading card shop in Switzerland","description":"Magic, Pok\u00e9mon and Yu-gi-oh - The Uncommon Shop","potentialAction":[{"@type":"SearchAction","target":{"@type":"EntryPoint","urlTemplate":"https:\/\/theuncommonshop.ch\/?s={search_term_string}"},"query-input":{"@type":"PropertyValueSpecification","valueRequired":true,"valueName":"search_term_string"}}],"inLanguage":"fr-FR"}]}},"_links":{"self":[{"href":"https:\/\/theuncommonshop.ch\/fr\/wp-json\/wp\/v2\/pages\/331714","targetHints":{"allow":["GET"]}}],"collection":[{"href":"https:\/\/theuncommonshop.ch\/fr\/wp-json\/wp\/v2\/pages"}],"about":[{"href":"https:\/\/theuncommonshop.ch\/fr\/wp-json\/wp\/v2\/types\/page"}],"author":[{"embeddable":true,"href":"https:\/\/theuncommonshop.ch\/fr\/wp-json\/wp\/v2\/users\/2"}],"replies":[{"embeddable":true,"href":"https:\/\/theuncommonshop.ch\/fr\/wp-json\/wp\/v2\/comments?post=331714"}],"version-history":[{"count":1,"href":"https:\/\/theuncommonshop.ch\/fr\/wp-json\/wp\/v2\/pages\/331714\/revisions"}],"predecessor-version":[{"id":331718,"href":"https:\/\/theuncommonshop.ch\/fr\/wp-json\/wp\/v2\/pages\/331714\/revisions\/331718"}],"wp:attachment":[{"href":"https:\/\/theuncommonshop.ch\/fr\/wp-json\/wp\/v2\/media?parent=331714"}],"curies":[{"name":"wp","href":"https:\/\/api.w.org\/{rel}","templated":true}]}}