{"id":331711,"date":"2024-11-08T12:42:06","date_gmt":"2024-11-08T11:42:06","guid":{"rendered":"http:\/\/theuncommonshop.ch\/conditions-generales-de-vente\/"},"modified":"2026-04-16T09:49:49","modified_gmt":"2026-04-16T07:49:49","slug":"conditions-generales-de-vente","status":"publish","type":"page","link":"https:\/\/theuncommonshop.ch\/fr\/conditions-generales-de-vente\/","title":{"rendered":"CONDITIONS G\u00c9N\u00c9RALES DE VENTE"},"content":{"rendered":"\t\t<div data-elementor-type=\"wp-page\" data-elementor-id=\"331711\" class=\"elementor elementor-331711 elementor-2964\" data-elementor-post-type=\"page\">\n\t\t\t\t<div class=\"wd-negative-gap elementor-element elementor-element-4cc9799f e-flex e-con-boxed e-con e-parent\" data-id=\"4cc9799f\" data-element_type=\"container\" data-e-type=\"container\">\n\t\t\t\t\t<div class=\"e-con-inner\">\n\t\t\t\t<div class=\"elementor-element elementor-element-1af66763 color-scheme-inherit text-left elementor-widget elementor-widget-text-editor\" data-id=\"1af66763\" data-element_type=\"widget\" data-e-type=\"widget\" data-widget_type=\"text-editor.default\">\n\t\t\t\t<div class=\"elementor-widget-container\">\n\t\t\t\t\t\t\t\t\t<p><strong><em>Valable uniquement en allemand.  <\/em><\/strong><strong><em>Nous ne sommes pas responsables des traductions incorrectes !<\/em><\/strong><\/p>\n<ol class=\"wp-block-list\">\n<li>Nos conditions g\u00e9n\u00e9rales de vente s\u2019appliquent \u00e0 toutes nos transactions de vente portant sur des produits et services propos\u00e9s par The Uncommon Shop GmbH&nbsp;. Nous vendons exclusivement \u00e0 des consommateurs au sens de l\u2019article 13 du BGB (ci-apr\u00e8s \u00e9galement d\u00e9nomm\u00e9s \u00ab client(s) \u00bb). Toute d\u00e9rogation aux pr\u00e9sentes conditions g\u00e9n\u00e9rales n\u2019est valable que si elle est confirm\u00e9e par \u00e9crit par nos soins.  <\/li>\n<li>Chaque client est uniquement autoris\u00e9 \u00e0 poss\u00e9der ou \u00e0 cr\u00e9er un seul compte client.&nbsp;<\/li>\n<li>Les prix indiqu\u00e9s sur le site &#8220;The Uncommon Shop&#8221; sont des prix bruts (c&#8217;est-\u00e0-dire, TVA incluse), mais les \u00e9ventuels frais d&#8217;emballage et de transport ne sont pas inclus.<\/li>\n<li>La pr\u00e9sentation des produits sur le site &#8220;The Uncommon Shop&#8221; n&#8217;est pas une offre juridiquement contraignante, mais constitue uniquement un catalogue en ligne sans engagement de notre gamme de produits. En cliquant sur le bouton &#8220;Acheter&#8221;, le client passe une commande ferme des marchandises contenues dans son panier. Nous confirmons imm\u00e9diatement la r\u00e9ception de la commande. Le texte du contrat est enregistr\u00e9 et les donn\u00e9es de la commande ainsi que les CGV sont envoy\u00e9es au client par e-mail.    Si le prix indiqu\u00e9 est manifestement erron\u00e9, nous nous r\u00e9servons le droit d\u2019annuler la commande et de ne pas proc\u00e9der \u00e0 la livraison.&nbsp;<\/li>\n<li>Nous nous r\u00e9servons le droit de ne pas fournir la prestation command\u00e9e s&#8217;il s&#8217;av\u00e8re, apr\u00e8s la conclusion du contrat, que la marchandise ou la quantit\u00e9 command\u00e9e n&#8217;est pas disponible. Dans ce cas, le client en est imm\u00e9diatement inform\u00e9. Les \u00e9ventuelles prestations financi\u00e8res d\u00e9j\u00e0 fournies seront rembours\u00e9es imm\u00e9diatement. Toute autre r\u00e9clamation \u00e0 notre encontre est exclue.   <\/li>\n<li>Si l\u2019article est en stock, le d\u00e9lai de livraison varie en fonction du mode d\u2019exp\u00e9dition choisi. Vous trouverez de plus amples informations sous le bouton \u00ab\u00bb.&lt;1&gt; Nous utilisons La Poste suisse pour la livraison. <\/li>\n<li>Les frais de livraison correspondent aux co\u00fbts indiqu\u00e9s sur la page \u00ab <a href=\"https:\/\/theuncommonshop.ch\/pages\/versand\">Livraison<\/a> \u00bb.&nbsp;<\/li>\n<li>La marchandise reste la propri\u00e9t\u00e9 de The Uncommon Shop GmbH&nbsp; jusqu\u2019au paiement int\u00e9gral.<\/li>\n<li><strong>Droit de r\u00e9tractation l\u00e9gal<\/strong><\/li>\n<\/ol>\n<p><strong>9.1 Droit de r\u00e9tractation<\/strong><\/p>\n<p><strong>Si le client est un consommateur au sens de l&#8217;article 13 du Code civil allemand (BGB), il a le droit de se r\u00e9tracter du pr\u00e9sent contrat dans un d\u00e9lai de sept jours sans avoir \u00e0 justifier de motifs. Le d\u00e9lai de 7 jours commence \u00e0 courir \u00e0 partir du jour o\u00f9 le client a pass\u00e9 sa commande chez nous. En r\u00e8gle g\u00e9n\u00e9rale, nous accordons \u00e9galement, \u00e0 titre de geste commercial, une annulation de la commande apr\u00e8s les sept jours, mais seulement \u00e0 hauteur de 90% du prix d&#8217;achat. L&#8217;annulation apr\u00e8s les sept jours est optionnelle et nous nous r\u00e9servons le droit de l&#8217;annuler \u00e9galement. Pour exercer son droit de r\u00e9tractation, le client doit nous informer<em>(The Uncommon Shop GmbH, Bahnhofstrasse 16, 8590 Romanshorn, t\u00e9l\u00e9phone : 0041 71 571 08 05, e-mail : info@theuncommonshop.ch)<\/em> de sa d\u00e9cision de se r\u00e9tracter du pr\u00e9sent contrat au moyen d&#8217;une d\u00e9claration d\u00e9nu\u00e9e d&#8217;ambigu\u00eft\u00e9, par exemple par courrier ou par e-mail. Pour que le d\u00e9lai de r\u00e9tractation soit respect\u00e9, il suffit que le client envoie la communication relative \u00e0 l&#8217;exercice du droit de r\u00e9tractation avant l&#8217;expiration du d\u00e9lai de r\u00e9tractation.      <\/strong><\/p>\n<p><strong>9.2 Cons\u00e9quences de la r\u00e9tractation<\/strong><\/p>\n<p><strong>Si le client se r\u00e9tracte du pr\u00e9sent contrat dans un d\u00e9lai de 7 jours, nous devons lui rembourser tous les paiements re\u00e7us de lui, y compris les frais de livraison (\u00e0 l&#8217;exception des frais suppl\u00e9mentaires d\u00e9coulant du fait que le client a choisi un mode de livraison autre que le mode de livraison standard le moins co\u00fbteux que nous proposons), sans d\u00e9lai et au plus tard dans les quatorze jours \u00e0 compter de la date \u00e0 laquelle nous avons \u00e9t\u00e9 inform\u00e9s de la r\u00e9tractation du pr\u00e9sent contrat. Apr\u00e8s ces 7 jours, nous nous r\u00e9servons le droit de ne rembourser que 90% du prix d&#8217;achat. Pour ce remboursement, nous utilisons le m\u00eame moyen de paiement que celui utilis\u00e9 par le client pour la transaction initiale, sauf accord expr\u00e8s contraire ; en aucun cas le client ne sera factur\u00e9 pour ce remboursement. Nous pouvons refuser le remboursement jusqu&#8217;\u00e0 ce que nous ayons r\u00e9cup\u00e9r\u00e9 les marchandises ou jusqu&#8217;\u00e0 ce que le client ait fourni la preuve que les marchandises ont \u00e9t\u00e9 renvoy\u00e9es, la date retenue \u00e9tant la plus proche.   <\/strong><\/p>\n<p><strong>Le client doit nous renvoyer ou nous remettre la marchandise sans retard excessif et, en tout \u00e9tat de cause, au plus tard sept jours \u00e0 compter du jour o\u00f9 il nous informe de sa d\u00e9cision de r\u00e9tractation du pr\u00e9sent contrat. Le d\u00e9lai est respect\u00e9 si le client renvoie la marchandise avant l&#8217;expiration du d\u00e9lai de sept jours. Les frais de renvoi de la marchandise sont \u00e0 notre charge.  <\/strong><\/p>\n<p><strong>Le client n&#8217;est tenu d&#8217;assumer la responsabilit\u00e9 d&#8217;une \u00e9ventuelle d\u00e9pr\u00e9ciation de la marchandise que si cette d\u00e9pr\u00e9ciation est due \u00e0 une manipulation de la marchandise non n\u00e9cessaire pour en v\u00e9rifier la nature, les caract\u00e9ristiques et le fonctionnement.<\/strong><\/p>\n<p><strong>9.3 Exclusion du droit de r\u00e9tractation<\/strong><\/p>\n<p><strong>Le droit de r\u00e9tractation ne s&#8217;applique pas aux<\/strong><\/p>\n<ul class=\"wp-block-list\">\n<li><strong>Livraison de biens qui ne sont pas pr\u00e9fabriqu\u00e9s et pour la fabrication desquels un choix ou une d\u00e9termination individuelle par le consommateur est d\u00e9terminante ou qui sont clairement adapt\u00e9s aux besoins personnels du consommateur,<\/strong><\/li>\n<li><strong>A partir du 8\u00e8me jour suivant la r\u00e9ception de la commande.<\/strong><\/li>\n<li><strong>Livraison de biens scell\u00e9s qui ne peuvent pas \u00eatre retourn\u00e9s pour des raisons de protection de la sant\u00e9 ou d&#8217;hygi\u00e8ne, si leur sceau a \u00e9t\u00e9 retir\u00e9 apr\u00e8s la livraison,<\/strong><\/li>\n<li><strong>fourniture d&#8217;enregistrements audio ou vid\u00e9o ou de logiciels informatiques dans un emballage scell\u00e9, si le sceau a \u00e9t\u00e9 retir\u00e9 apr\u00e8s la livraison<\/strong><\/li>\n<li><strong>Fourniture de journaux, de p\u00e9riodiques ou de magazines, \u00e0 l&#8217;exception des contrats d&#8217;abonnement.<\/strong><\/li>\n<\/ul>\n<ol class=\"wp-block-list\" start=\"10\">\n<li>Nous traitons les donn\u00e9es des clients de mani\u00e8re confidentielle et ne les transmettons pas \u00e0 des tiers (voir \u00e9galement la d\u00e9claration de confidentialit\u00e9 ci-dessous).<\/li>\n<li>En cas de d\u00e9faut, les droits de garantie l\u00e9gaux s&#8217;appliquent. Toutefois, les d\u00e9fauts ou d\u00e9t\u00e9riorations des marchandises r\u00e9sultant d&#8217;une manipulation ou d&#8217;une utilisation fautive ou inappropri\u00e9e des marchandises par le client sont exclus de la garantie. En outre, l&#8217;usure due \u00e0 une utilisation normale est \u00e9galement exclue de la garantie.  <\/li>\n<li>Nous ne sommes responsables des dommages autres que ceux r\u00e9sultant d&#8217;une atteinte \u00e0 la vie, \u00e0 l&#8217;int\u00e9grit\u00e9 physique ou \u00e0 la sant\u00e9 que dans la mesure o\u00f9 ils r\u00e9sultent d&#8217;une action intentionnelle ou d&#8217;une n\u00e9gligence grave ou d&#8217;une violation fautive d&#8217;une obligation contractuelle essentielle par nous ou par l&#8217;un de nos auxiliaires d&#8217;ex\u00e9cution (par exemple le service de livraison). Toute autre responsabilit\u00e9 en mati\u00e8re de dommages et int\u00e9r\u00eats est exclue. Les dispositions de la loi sur la responsabilit\u00e9 du fait des produits restent inchang\u00e9es. Si une obligation contractuelle essentielle est viol\u00e9e par n\u00e9gligence, notre responsabilit\u00e9 est limit\u00e9e aux dommages pr\u00e9visibles.   <\/li>\n<li>Les billets individuels ne sont pas remboursables.&nbsp;<\/li>\n<li>Achat sur facture avec option de paiement \u00e9chelonn\u00e9 (POWERPAY) Achat sur facture avec option de paiement \u00e9chelonn\u00e9 (POWERPAY)<br>MF Group \/ POWERPAY propose, en tant que prestataire de services de paiement externe, le mode de paiement &#8220;Achat sur facture&#8221;. La facture individuelle vous permet de r\u00e9gler facilement vos achats en ligne<br>par facture. Si vous renoncez \u00e0 payer dans les d\u00e9lais impartis, vous recevrez ult\u00e9rieurement, le mois suivant, une facture mensuelle avec<br>r\u00e9capitulatif de la commande.<br>Lors de la conclusion du contrat de vente, POWERPAY prend en charge la cr\u00e9ance de facturation qui en r\u00e9sulte et traite les modalit\u00e9s de paiement correspondantes. En cas d&#8217;achat sur facture<br>, vous acceptez, en plus de nos CGV, les CGV de POWERPAY. (powerpay.ch\/fr\/agb).    <\/li>\n<\/ol>\n<ol class=\"wp-block-list\" start=\"15\">\n<li>Le for juridique est \u00e0 Romanshorn (TG), Suisse.&nbsp; La relation juridique est r\u00e9gie par le droit mat\u00e9riel suisse, en particulier par le Code des obligations suisse, \u00e0 l\u2019exclusion de la Convention des Nations Unies sur les contrats de vente internationale de marchandises (CVIM) ainsi que des r\u00e8gles de droit international priv\u00e9. Nonobstant ce choix de droit, les consommateurs ayant leur r\u00e9sidence habituelle dans un \u00c9tat membre de l\u2019Union europ\u00e9enne au moment de la conclusion du contrat peuvent se pr\u00e9valoir des dispositions imp\u00e9ratives de protection des consommateurs de leur \u00c9tat de r\u00e9sidence.  <em>  Il en va de m\u00eame pour le lieu de juridiction.<\/em><\/li>\n<\/ol>\n<p>The Uncommon Shop GmbH<\/p>\t\t\t\t\t\t\t\t<\/div>\n\t\t\t\t<\/div>\n\t\t\t\t\t<\/div>\n\t\t\t\t<\/div>\n\t\t\t\t<\/div>\n\t\t","protected":false},"excerpt":{"rendered":"<p>Valable uniquement en allemand. Nous ne sommes pas responsables des traductions incorrectes ! Nos conditions g\u00e9n\u00e9rales de vente s\u2019appliquent \u00e0<\/p>\n","protected":false},"author":2,"featured_media":0,"parent":0,"menu_order":0,"comment_status":"closed","ping_status":"closed","template":"elementor_header_footer","meta":{"_acf_changed":false,"footnotes":""},"class_list":["post-331711","page","type-page","status-publish","hentry"],"acf":[],"yoast_head":"<!-- This site is optimized with the Yoast SEO plugin v27.4 - https:\/\/yoast.com\/product\/yoast-seo-wordpress\/ -->\n<title>CONDITIONS G\u00c9N\u00c9RALES DE VENTE | The Uncommon Shop<\/title>\n<meta name=\"description\" content=\"Hier findest du alles zum Thema CONDITIONS G\u00c9N\u00c9RALES DE VENTE. Dein #1 TCG &amp; Pok\u00e9mon Karten Shop der Schweiz \u2713 Gratis Versand ab CHF 29\" \/>\n<meta name=\"robots\" content=\"index, follow, max-snippet:-1, max-image-preview:large, max-video-preview:-1\" \/>\n<link rel=\"canonical\" href=\"https:\/\/theuncommonshop.ch\/fr\/conditions-generales-de-vente\/\" \/>\n<meta property=\"og:locale\" content=\"fr_FR\" \/>\n<meta property=\"og:type\" content=\"article\" \/>\n<meta property=\"og:title\" content=\"CONDITIONS G\u00c9N\u00c9RALES DE VENTE | The Uncommon Shop\" \/>\n<meta property=\"og:description\" content=\"Hier findest du alles zum Thema CONDITIONS G\u00c9N\u00c9RALES DE VENTE. Dein #1 TCG &amp; Pok\u00e9mon Karten Shop der Schweiz \u2713 Gratis Versand ab CHF 29\" \/>\n<meta property=\"og:url\" content=\"https:\/\/theuncommonshop.ch\/fr\/conditions-generales-de-vente\/\" \/>\n<meta property=\"og:site_name\" content=\"Largest trading card shop in Switzerland\" \/>\n<meta property=\"article:modified_time\" content=\"2026-04-16T07:49:49+00:00\" \/>\n<meta name=\"twitter:card\" content=\"summary_large_image\" \/>\n<meta name=\"twitter:label1\" content=\"Dur\u00e9e de lecture estim\u00e9e\" \/>\n\t<meta name=\"twitter:data1\" content=\"7 minutes\" \/>\n<script type=\"application\/ld+json\" class=\"yoast-schema-graph\">{\"@context\":\"https:\\\/\\\/schema.org\",\"@graph\":[{\"@type\":\"WebPage\",\"@id\":\"https:\\\/\\\/theuncommonshop.ch\\\/fr\\\/conditions-generales-de-vente\\\/\",\"url\":\"https:\\\/\\\/theuncommonshop.ch\\\/fr\\\/conditions-generales-de-vente\\\/\",\"name\":\"CONDITIONS G\u00c9N\u00c9RALES DE VENTE | The Uncommon Shop\",\"isPartOf\":{\"@id\":\"https:\\\/\\\/theuncommonshop.ch\\\/#website\"},\"datePublished\":\"2024-11-08T11:42:06+00:00\",\"dateModified\":\"2026-04-16T07:49:49+00:00\",\"description\":\"Hier findest du alles zum Thema CONDITIONS G\u00c9N\u00c9RALES DE VENTE. Dein #1 TCG & Pok\u00e9mon Karten Shop der Schweiz \u2713 Gratis Versand ab CHF 29\",\"breadcrumb\":{\"@id\":\"https:\\\/\\\/theuncommonshop.ch\\\/fr\\\/conditions-generales-de-vente\\\/#breadcrumb\"},\"inLanguage\":\"fr-FR\",\"potentialAction\":[{\"@type\":\"ReadAction\",\"target\":[\"https:\\\/\\\/theuncommonshop.ch\\\/fr\\\/conditions-generales-de-vente\\\/\"]}]},{\"@type\":\"BreadcrumbList\",\"@id\":\"https:\\\/\\\/theuncommonshop.ch\\\/fr\\\/conditions-generales-de-vente\\\/#breadcrumb\",\"itemListElement\":[{\"@type\":\"ListItem\",\"position\":1,\"name\":\"Accueil\",\"item\":\"https:\\\/\\\/theuncommonshop.ch\\\/fr\\\/accueil\\\/\"},{\"@type\":\"ListItem\",\"position\":2,\"name\":\"CONDITIONS G\u00c9N\u00c9RALES DE VENTE\"}]},{\"@type\":\"WebSite\",\"@id\":\"https:\\\/\\\/theuncommonshop.ch\\\/#website\",\"url\":\"https:\\\/\\\/theuncommonshop.ch\\\/\",\"name\":\"Largest trading card shop in Switzerland\",\"description\":\"Magic, Pok\u00e9mon and Yu-gi-oh - The Uncommon Shop\",\"potentialAction\":[{\"@type\":\"SearchAction\",\"target\":{\"@type\":\"EntryPoint\",\"urlTemplate\":\"https:\\\/\\\/theuncommonshop.ch\\\/?s={search_term_string}\"},\"query-input\":{\"@type\":\"PropertyValueSpecification\",\"valueRequired\":true,\"valueName\":\"search_term_string\"}}],\"inLanguage\":\"fr-FR\"}]}<\/script>\n<!-- \/ Yoast SEO plugin. -->","yoast_head_json":{"title":"CONDITIONS G\u00c9N\u00c9RALES DE VENTE | The Uncommon Shop","description":"Hier findest du alles zum Thema CONDITIONS G\u00c9N\u00c9RALES DE VENTE. Dein #1 TCG & Pok\u00e9mon Karten Shop der Schweiz \u2713 Gratis Versand ab CHF 29","robots":{"index":"index","follow":"follow","max-snippet":"max-snippet:-1","max-image-preview":"max-image-preview:large","max-video-preview":"max-video-preview:-1"},"canonical":"https:\/\/theuncommonshop.ch\/fr\/conditions-generales-de-vente\/","og_locale":"fr_FR","og_type":"article","og_title":"CONDITIONS G\u00c9N\u00c9RALES DE VENTE | The Uncommon Shop","og_description":"Hier findest du alles zum Thema CONDITIONS G\u00c9N\u00c9RALES DE VENTE. Dein #1 TCG & Pok\u00e9mon Karten Shop der Schweiz \u2713 Gratis Versand ab CHF 29","og_url":"https:\/\/theuncommonshop.ch\/fr\/conditions-generales-de-vente\/","og_site_name":"Largest trading card shop in Switzerland","article_modified_time":"2026-04-16T07:49:49+00:00","twitter_card":"summary_large_image","twitter_misc":{"Dur\u00e9e de lecture estim\u00e9e":"7 minutes"},"schema":{"@context":"https:\/\/schema.org","@graph":[{"@type":"WebPage","@id":"https:\/\/theuncommonshop.ch\/fr\/conditions-generales-de-vente\/","url":"https:\/\/theuncommonshop.ch\/fr\/conditions-generales-de-vente\/","name":"CONDITIONS G\u00c9N\u00c9RALES DE VENTE | The Uncommon Shop","isPartOf":{"@id":"https:\/\/theuncommonshop.ch\/#website"},"datePublished":"2024-11-08T11:42:06+00:00","dateModified":"2026-04-16T07:49:49+00:00","description":"Hier findest du alles zum Thema CONDITIONS G\u00c9N\u00c9RALES DE VENTE. Dein #1 TCG & Pok\u00e9mon Karten Shop der Schweiz \u2713 Gratis Versand ab CHF 29","breadcrumb":{"@id":"https:\/\/theuncommonshop.ch\/fr\/conditions-generales-de-vente\/#breadcrumb"},"inLanguage":"fr-FR","potentialAction":[{"@type":"ReadAction","target":["https:\/\/theuncommonshop.ch\/fr\/conditions-generales-de-vente\/"]}]},{"@type":"BreadcrumbList","@id":"https:\/\/theuncommonshop.ch\/fr\/conditions-generales-de-vente\/#breadcrumb","itemListElement":[{"@type":"ListItem","position":1,"name":"Accueil","item":"https:\/\/theuncommonshop.ch\/fr\/accueil\/"},{"@type":"ListItem","position":2,"name":"CONDITIONS G\u00c9N\u00c9RALES DE VENTE"}]},{"@type":"WebSite","@id":"https:\/\/theuncommonshop.ch\/#website","url":"https:\/\/theuncommonshop.ch\/","name":"Largest trading card shop in Switzerland","description":"Magic, Pok\u00e9mon and Yu-gi-oh - The Uncommon Shop","potentialAction":[{"@type":"SearchAction","target":{"@type":"EntryPoint","urlTemplate":"https:\/\/theuncommonshop.ch\/?s={search_term_string}"},"query-input":{"@type":"PropertyValueSpecification","valueRequired":true,"valueName":"search_term_string"}}],"inLanguage":"fr-FR"}]}},"_links":{"self":[{"href":"https:\/\/theuncommonshop.ch\/fr\/wp-json\/wp\/v2\/pages\/331711","targetHints":{"allow":["GET"]}}],"collection":[{"href":"https:\/\/theuncommonshop.ch\/fr\/wp-json\/wp\/v2\/pages"}],"about":[{"href":"https:\/\/theuncommonshop.ch\/fr\/wp-json\/wp\/v2\/types\/page"}],"author":[{"embeddable":true,"href":"https:\/\/theuncommonshop.ch\/fr\/wp-json\/wp\/v2\/users\/2"}],"replies":[{"embeddable":true,"href":"https:\/\/theuncommonshop.ch\/fr\/wp-json\/wp\/v2\/comments?post=331711"}],"version-history":[{"count":2,"href":"https:\/\/theuncommonshop.ch\/fr\/wp-json\/wp\/v2\/pages\/331711\/revisions"}],"predecessor-version":[{"id":369261,"href":"https:\/\/theuncommonshop.ch\/fr\/wp-json\/wp\/v2\/pages\/331711\/revisions\/369261"}],"wp:attachment":[{"href":"https:\/\/theuncommonshop.ch\/fr\/wp-json\/wp\/v2\/media?parent=331711"}],"curies":[{"name":"wp","href":"https:\/\/api.w.org\/{rel}","templated":true}]}}