{"id":331664,"date":"2025-05-08T14:21:45","date_gmt":"2025-05-08T12:21:45","guid":{"rendered":"http:\/\/theuncommonshop.ch\/sites-heures-douverture\/"},"modified":"2026-03-09T12:50:56","modified_gmt":"2026-03-09T11:50:56","slug":"sites-heures-douverture","status":"publish","type":"page","link":"https:\/\/theuncommonshop.ch\/fr\/sites-heures-douverture\/","title":{"rendered":"Sites &amp; heures d&#8217;ouverture"},"content":{"rendered":"\t\t<div data-elementor-type=\"wp-page\" data-elementor-id=\"331664\" class=\"elementor elementor-331664 elementor-17342\" data-elementor-post-type=\"page\">\n\t\t\t\t<div class=\"wd-negative-gap elementor-element elementor-element-608a41b e-flex e-con-boxed e-con e-parent\" data-id=\"608a41b\" data-element_type=\"container\" data-e-type=\"container\">\n\t\t\t\t\t<div class=\"e-con-inner\">\n\t\t\t\t<div class=\"elementor-element elementor-element-1570400c elementor-widget elementor-widget-heading\" data-id=\"1570400c\" data-element_type=\"widget\" data-e-type=\"widget\" data-widget_type=\"heading.default\">\n\t\t\t\t<div class=\"elementor-widget-container\">\n\t\t\t\t\t<h1 class=\"elementor-heading-title elementor-size-default\"><span class=\"accent\">Sites &amp; <\/span> heures d'ouverture<\/h1>\t\t\t\t<\/div>\n\t\t\t\t<\/div>\n\t\t\t\t\t<\/div>\n\t\t\t\t<\/div>\n\t\t<div class=\"elementor-element elementor-element-bb5539f e-flex e-con-boxed e-con e-parent\" data-id=\"bb5539f\" data-element_type=\"container\" data-e-type=\"container\">\n\t\t\t\t\t<div class=\"e-con-inner\">\n\t\t<div class=\"elementor-element elementor-element-7808e25 e-con-full e-flex e-con e-child\" data-id=\"7808e25\" data-element_type=\"container\" data-e-type=\"container\">\n\t\t\t\t<div class=\"elementor-element elementor-element-273c40c elementor-widget elementor-widget-wd_infobox\" data-id=\"273c40c\" data-element_type=\"widget\" data-e-type=\"widget\" data-widget_type=\"wd_infobox.default\">\n\t\t\t\t<div class=\"elementor-widget-container\">\n\t\t\t\t\t\t\t<div class=\"info-box-wrapper\">\n\t\t\t<div class=\"wd-info-box text-center box-icon-align-top box-style-base color-scheme-\">\n\t\t\t\t\n\t\t\t\t<div class=\"info-box-content\">\n\t\t\t\t\t\n\t\t\t\t\t\t\t\t\t\t\t<h4\t\t\t\t\t\tclass=\"info-box-title title box-title-style-default wd-fontsize-m\" data-elementor-setting-key=\"title\">\n\t\t\t\t\t\t\t\tSite principal - Romanshorn\t\t\t\t\t\t<\/h4>\n\t\t\t\t\t\n\t\t\t\t\t<div class=\"info-box-inner reset-last-child\"data-elementor-setting-key=\"content\"><div style=\"text-align: center;\">\n<div style=\"text-align: center;\">The Uncommon Shop GmbH<\/div>\n<div style=\"text-align: center;\">Alleestrasse 25<\/div>\n<div style=\"text-align: center;\">8590 Romanshorn<\/div>\n<div style=\"text-align: center;\"> <\/div>\n<div>\n<div style=\"text-align: center;\">Lundi : ferm\u00e9<\/div>\n<div style=\"text-align: center;\">Mardi : ferm\u00e9<\/div>\n<div style=\"text-align: center;\">  Mercredi : 11:00 - 18.00  <\/div>\n<div style=\"text-align: center;\">  Jeudi : 11:00 - 18.00  <\/div>\n<div style=\"text-align: center;\">  Vendredi : 11:00 - 18.00  <\/div>\n<div style=\"text-align: center;\">Samedi : 11:00 - 18:00<\/div>\n<\/div>\n<\/div>\n<\/div>\n\n\t\t\t\t\t\t\t\t\t<\/div>\n\n\t\t\t\t\t\t\t<\/div>\n\t\t<\/div>\n\t\t\t\t\t\t<\/div>\n\t\t\t\t<\/div>\n\t\t\t\t<\/div>\n\t\t\t\t<div class=\"elementor-element elementor-element-b98f1af elementor-widget__width-initial elementor-widget-mobile__width-inherit elementor-widget elementor-widget-wd_infobox\" data-id=\"b98f1af\" data-element_type=\"widget\" data-e-type=\"widget\" data-widget_type=\"wd_infobox.default\">\n\t\t\t\t<div class=\"elementor-widget-container\">\n\t\t\t\t\t\t\t<div class=\"info-box-wrapper\">\n\t\t\t<div class=\"wd-info-box text-center box-icon-align-top box-style-base color-scheme-\">\n\t\t\t\t\n\t\t\t\t<div class=\"info-box-content\">\n\t\t\t\t\t\n\t\t\t\t\t\t\t\t\t\t\t<h4\t\t\t\t\t\tclass=\"info-box-title title box-title-style-default wd-fontsize-m\" data-elementor-setting-key=\"title\">\n\t\t\t\t\t\t\t\tEmplacement - Schaffhouse\t\t\t\t\t\t<\/h4>\n\t\t\t\t\t\n\t\t\t\t\t<div class=\"info-box-inner reset-last-child\"data-elementor-setting-key=\"content\"><div style=\"text-align: center;\">\n<p>   <span style=\"font-size: 16px;\">The Uncommon Shop GmbH<br \/><\/span>Beckenstube 2<br \/>8200 Schaffhausen<\/p>\n<div style=\"text-align: center;\"> <\/div>\n<div>\n<div style=\"text-align: center;\">Lundi : ferm\u00e9<\/div>\n<div style=\"text-align: center;\">Mardi : ferm\u00e9<\/div>\n<div style=\"text-align: center;\">  Mercredi : 14:00 - 20.00<\/div>\n<div style=\"text-align: center;\">  Jeudi : 16:00 - 20.00<\/div>\n<div style=\"text-align: center;\">  Vendredi : 14:00 - 20.00<\/div>\n<div style=\"text-align: center;\">Samedi : 11:00 - 17:00<\/div>\n<\/div>\n<\/div>\n<\/div>\n\n\t\t\t\t\t\t\t\t\t<\/div>\n\n\t\t\t\t\t\t\t<\/div>\n\t\t<\/div>\n\t\t\t\t\t\t<\/div>\n\t\t\t\t<\/div>\n\t\t\t\t\t<\/div>\n\t\t\t\t<\/div>\n\t\t<div class=\"wd-negative-gap elementor-element elementor-element-42631c25 e-flex e-con-boxed e-con e-parent\" data-id=\"42631c25\" data-element_type=\"container\" data-e-type=\"container\">\n\t\t\t\t\t<div class=\"e-con-inner\">\n\t\t\t\t<div class=\"elementor-element elementor-element-59d4b57e elementor-arrows-position-outside elementor-pagination-position-outside elementor-widget elementor-widget-image-carousel\" data-id=\"59d4b57e\" data-element_type=\"widget\" data-e-type=\"widget\" data-settings=\"{&quot;slides_to_show&quot;:&quot;3&quot;,&quot;slides_to_scroll&quot;:&quot;1&quot;,&quot;slides_to_show_mobile&quot;:&quot;1&quot;,&quot;navigation&quot;:&quot;both&quot;,&quot;autoplay&quot;:&quot;yes&quot;,&quot;pause_on_hover&quot;:&quot;yes&quot;,&quot;pause_on_interaction&quot;:&quot;yes&quot;,&quot;autoplay_speed&quot;:5000,&quot;infinite&quot;:&quot;yes&quot;,&quot;speed&quot;:500,&quot;image_spacing_custom&quot;:{&quot;unit&quot;:&quot;px&quot;,&quot;size&quot;:20,&quot;sizes&quot;:[]},&quot;image_spacing_custom_laptop&quot;:{&quot;unit&quot;:&quot;px&quot;,&quot;size&quot;:&quot;&quot;,&quot;sizes&quot;:[]},&quot;image_spacing_custom_tablet&quot;:{&quot;unit&quot;:&quot;px&quot;,&quot;size&quot;:&quot;&quot;,&quot;sizes&quot;:[]}}\" data-widget_type=\"image-carousel.default\">\n\t\t\t\t<div class=\"elementor-widget-container\">\n\t\t\t\t\t\t\t<div class=\"elementor-image-carousel-wrapper swiper\" role=\"region\" aria-roledescription=\"carousel\" aria-label=\"Bild Karussell\" dir=\"ltr\">\n\t\t\t<div class=\"elementor-image-carousel swiper-wrapper\" aria-live=\"off\">\n\t\t\t\t\t\t\t\t<div class=\"swiper-slide\" role=\"group\" aria-roledescription=\"slide\" aria-label=\"1 sur 4\"><figure class=\"swiper-slide-inner\"><img decoding=\"async\" class=\"swiper-slide-image\" src=\"https:\/\/theuncommonshop.ch\/wp-content\/uploads\/2025\/09\/DSC09173.jpg\" alt=\"Surface de jeu RH Int\u00e9rieur\" \/><\/figure><\/div><div class=\"swiper-slide\" role=\"group\" aria-roledescription=\"slide\" aria-label=\"2 sur 4\"><figure class=\"swiper-slide-inner\"><img decoding=\"async\" class=\"swiper-slide-image\" src=\"https:\/\/theuncommonshop.ch\/wp-content\/uploads\/2025\/09\/DSC09189.jpg\" alt=\"Surface de jeu RH int\u00e9rieure\" \/><\/figure><\/div><div class=\"swiper-slide\" role=\"group\" aria-roledescription=\"slide\" aria-label=\"3 sur 4\"><figure class=\"swiper-slide-inner\"><img decoding=\"async\" class=\"swiper-slide-image\" src=\"https:\/\/theuncommonshop.ch\/wp-content\/uploads\/2025\/09\/DSC09253.jpg\" alt=\"Romanshorn - Magasin\" \/><\/figure><\/div><div class=\"swiper-slide\" role=\"group\" aria-roledescription=\"slide\" aria-label=\"4 sur 4\"><figure class=\"swiper-slide-inner\"><img decoding=\"async\" class=\"swiper-slide-image\" src=\"https:\/\/theuncommonshop.ch\/wp-content\/uploads\/2025\/09\/DSC09444.jpg\" alt=\"DSC09444\" \/><\/figure><\/div>\t\t\t<\/div>\n\t\t\t\t\t\t\t\t\t\t\t\t<div class=\"elementor-swiper-button elementor-swiper-button-prev\" role=\"button\" tabindex=\"0\">\n\t\t\t\t\t\t<svg aria-hidden=\"true\" class=\"e-font-icon-svg e-eicon-chevron-left\" viewBox=\"0 0 1000 1000\" xmlns=\"http:\/\/www.w3.org\/2000\/svg\"><path d=\"M646 125C629 125 613 133 604 142L308 442C296 454 292 471 292 487 292 504 296 521 308 533L604 854C617 867 629 875 646 875 663 875 679 871 692 858 704 846 713 829 713 812 713 796 708 779 692 767L438 487 692 225C700 217 708 204 708 187 708 171 704 154 692 142 675 129 663 125 646 125Z\"><\/path><\/svg>\t\t\t\t\t<\/div>\n\t\t\t\t\t<div class=\"elementor-swiper-button elementor-swiper-button-next\" role=\"button\" tabindex=\"0\">\n\t\t\t\t\t\t<svg aria-hidden=\"true\" class=\"e-font-icon-svg e-eicon-chevron-right\" viewBox=\"0 0 1000 1000\" xmlns=\"http:\/\/www.w3.org\/2000\/svg\"><path d=\"M696 533C708 521 713 504 713 487 713 471 708 454 696 446L400 146C388 133 375 125 354 125 338 125 325 129 313 142 300 154 292 171 292 187 292 204 296 221 308 233L563 492 304 771C292 783 288 800 288 817 288 833 296 850 308 863 321 871 338 875 354 875 371 875 388 867 400 854L696 533Z\"><\/path><\/svg>\t\t\t\t\t<\/div>\n\t\t\t\t\n\t\t\t\t\t\t\t\t\t<div class=\"swiper-pagination\"><\/div>\n\t\t\t\t\t\t\t\t\t<\/div>\n\t\t\t\t\t\t<\/div>\n\t\t\t\t<\/div>\n\t\t\t\t\t<\/div>\n\t\t\t\t<\/div>\n\t\t<div class=\"wd-negative-gap elementor-element elementor-element-275691f1 wd-section-stretch e-flex e-con-boxed e-con e-parent\" data-id=\"275691f1\" data-element_type=\"container\" data-e-type=\"container\" data-settings=\"{&quot;background_background&quot;:&quot;classic&quot;}\">\n\t\t\t\t\t<div class=\"e-con-inner\">\n\t\t<div class=\"elementor-element elementor-element-36bb027a e-con-full e-flex e-con e-child\" data-id=\"36bb027a\" data-element_type=\"container\" data-e-type=\"container\">\n\t\t\t\t<div class=\"elementor-element elementor-element-6b7218a0 elementor-widget elementor-widget-heading\" data-id=\"6b7218a0\" data-element_type=\"widget\" data-e-type=\"widget\" data-widget_type=\"heading.default\">\n\t\t\t\t<div class=\"elementor-widget-container\">\n\t\t\t\t\t<h2 class=\"elementor-heading-title elementor-size-default\">Site principal - Romanshorn<\/h2>\t\t\t\t<\/div>\n\t\t\t\t<\/div>\n\t\t\t\t<div class=\"elementor-element elementor-element-74091dab color-scheme-inherit text-left elementor-widget elementor-widget-text-editor\" data-id=\"74091dab\" data-element_type=\"widget\" data-e-type=\"widget\" data-widget_type=\"text-editor.default\">\n\t\t\t\t<div class=\"elementor-widget-container\">\n\t\t\t\t\t\t\t\t\t<p data-start=\"150\" data-end=\"445\">Directement sur la Bahnhofstrasse \u00e0 Romanshorn, vous trouverez notre site principal, le plus grand magasin de cartes \u00e0 collectionner de Suisse ! Vous y trouverez les derni\u00e8res cartes Pok\u00e9mon, Yu-Gi-Oh !, Magic et One Piece &amp; Lorcana, des produits passionnants pour les collectionneurs et les joueurs, ainsi que les conseils avis\u00e9s de notre \u00e9quipe de passionn\u00e9s.<\/p><p data-start=\"447\" data-end=\"739\">Romanshorn n&#8217;est pas seulement notre magasin phare, c&#8217;est aussi le c\u0153ur de notre entreprise : <strong data-start=\"543\" data-end=\"570\">l&#8217;entrep\u00f4t, les bureaux et l&#8217;exp\u00e9dition<\/strong> se trouvent \u00e9galement ici. Toute notre \u00e9quipe travaille sur place &#8211; nous garantissons ainsi un service rapide et personnalis\u00e9 ainsi qu&#8217;une qualit\u00e9 optimale pour chaque commande. <\/p><p data-start=\"741\" data-end=\"808\">Venez nous rendre visite et plongez dans le monde des TCG directement au bord du lac de Constance !<\/p><p data-start=\"741\" data-end=\"808\">The Uncomomn Shop GmbH, Alleestrasse 25, 8590 Romanshorn<\/p>\t\t\t\t\t\t\t\t<\/div>\n\t\t\t\t<\/div>\n\t\t\t\t<\/div>\n\t\t<div class=\"elementor-element elementor-element-574639b8 e-con-full e-flex e-con e-child\" data-id=\"574639b8\" data-element_type=\"container\" data-e-type=\"container\">\n\t\t\t\t<div class=\"elementor-element elementor-element-47cd9034 elementor-widget elementor-widget-image\" data-id=\"47cd9034\" data-element_type=\"widget\" data-e-type=\"widget\" data-widget_type=\"image.default\">\n\t\t\t\t<div class=\"elementor-widget-container\">\n\t\t\t\t\t\t\t\t\t\t\t\t\t\t\t<img decoding=\"async\" width=\"1200\" height=\"800\" src=\"https:\/\/theuncommonshop.ch\/wp-content\/uploads\/2025\/09\/DSC09135-1200x800.jpg\" class=\"attachment-large size-large wp-image-249805\" alt=\"\" srcset=\"https:\/\/theuncommonshop.ch\/wp-content\/uploads\/2025\/09\/DSC09135-1200x800.jpg 1200w, https:\/\/theuncommonshop.ch\/wp-content\/uploads\/2025\/09\/DSC09135-430x287.jpg 430w, https:\/\/theuncommonshop.ch\/wp-content\/uploads\/2025\/09\/DSC09135-150x100.jpg 150w, https:\/\/theuncommonshop.ch\/wp-content\/uploads\/2025\/09\/DSC09135-700x467.jpg 700w, https:\/\/theuncommonshop.ch\/wp-content\/uploads\/2025\/09\/DSC09135-400x267.jpg 400w, https:\/\/theuncommonshop.ch\/wp-content\/uploads\/2025\/09\/DSC09135-768x512.jpg 768w, https:\/\/theuncommonshop.ch\/wp-content\/uploads\/2025\/09\/DSC09135-1536x1024.jpg 1536w, https:\/\/theuncommonshop.ch\/wp-content\/uploads\/2025\/09\/DSC09135-2048x1366.jpg 2048w\" sizes=\"(max-width: 1200px) 100vw, 1200px\" \/>\t\t\t\t\t\t\t\t\t\t\t\t\t\t\t<\/div>\n\t\t\t\t<\/div>\n\t\t\t\t<\/div>\n\t\t\t\t\t<\/div>\n\t\t\t\t<\/div>\n\t\t<div class=\"wd-negative-gap elementor-element elementor-element-1893f9b1 wd-section-stretch e-flex e-con-boxed e-con e-parent\" data-id=\"1893f9b1\" data-element_type=\"container\" data-e-type=\"container\" data-settings=\"{&quot;background_background&quot;:&quot;classic&quot;}\">\n\t\t\t\t\t<div class=\"e-con-inner\">\n\t\t<div class=\"elementor-element elementor-element-4d0427e9 e-con-full e-flex e-con e-child\" data-id=\"4d0427e9\" data-element_type=\"container\" data-e-type=\"container\">\n\t\t\t\t<div class=\"elementor-element elementor-element-423e0345 elementor-widget elementor-widget-heading\" data-id=\"423e0345\" data-element_type=\"widget\" data-e-type=\"widget\" data-widget_type=\"heading.default\">\n\t\t\t\t<div class=\"elementor-widget-container\">\n\t\t\t\t\t<h2 class=\"elementor-heading-title elementor-size-default\">Emplacement - Schaffhouse<\/h2>\t\t\t\t<\/div>\n\t\t\t\t<\/div>\n\t\t\t\t<div class=\"elementor-element elementor-element-74e2f6bb color-scheme-inherit text-left elementor-widget elementor-widget-text-editor\" data-id=\"74e2f6bb\" data-element_type=\"widget\" data-e-type=\"widget\" data-widget_type=\"text-editor.default\">\n\t\t\t\t<div class=\"elementor-widget-container\">\n\t\t\t\t\t\t\t\t\t<p data-start=\"161\" data-end=\"402\">Notre nouveau site \u00e0 Schaffhouse est ouvert pour vous depuis <strong data-start=\"207\" data-end=\"224\">novembre 2024<\/strong>, <strong data-start=\"245\" data-end=\"265\">petit mais costaud !<\/strong> Situ\u00e9 au c\u0153ur des chutes du Rhin, le magasin propose tout ce qui fait battre le c\u0153ur des TCG : Pok\u00e9mon, Yu-Gi-Oh !, Magic et bien plus encore.<\/p><p data-start=\"404\" data-end=\"697\">Id\u00e9al pour une courte visite, parfaitement combinable avec une visite touristique des imposantes chutes du Rhin &#8211; ce qui fait de notre boutique de Schaffhouse un v\u00e9ritable tuyau pour les collectionneurs, les joueurs et les excursionnistes \u00e0 la fois. Passez nous voir et d\u00e9couvrez notre assortiment tri\u00e9 sur le volet dans un endroit unique ! <\/p><p>The Uncommon Shop GmbH, Beckenstube 2, 8200 Schaffhouse<\/p>\t\t\t\t\t\t\t\t<\/div>\n\t\t\t\t<\/div>\n\t\t\t\t<\/div>\n\t\t<div class=\"elementor-element elementor-element-5e6e75f6 e-con-full e-flex e-con e-child\" data-id=\"5e6e75f6\" data-element_type=\"container\" data-e-type=\"container\">\n\t\t\t\t<div class=\"elementor-element elementor-element-6d1cae28 elementor-widget elementor-widget-image\" data-id=\"6d1cae28\" data-element_type=\"widget\" data-e-type=\"widget\" data-widget_type=\"image.default\">\n\t\t\t\t<div class=\"elementor-widget-container\">\n\t\t\t\t\t\t\t\t\t\t\t\t\t\t\t<img decoding=\"async\" width=\"1067\" height=\"800\" src=\"https:\/\/theuncommonshop.ch\/wp-content\/uploads\/2025\/09\/unnamed-1067x800.jpg\" class=\"attachment-large size-large wp-image-249877\" alt=\"\" srcset=\"https:\/\/theuncommonshop.ch\/wp-content\/uploads\/2025\/09\/unnamed-1067x800.jpg 1067w, https:\/\/theuncommonshop.ch\/wp-content\/uploads\/2025\/09\/unnamed-430x323.jpg 430w, https:\/\/theuncommonshop.ch\/wp-content\/uploads\/2025\/09\/unnamed-150x113.jpg 150w, https:\/\/theuncommonshop.ch\/wp-content\/uploads\/2025\/09\/unnamed-700x525.jpg 700w, https:\/\/theuncommonshop.ch\/wp-content\/uploads\/2025\/09\/unnamed-400x300.jpg 400w, https:\/\/theuncommonshop.ch\/wp-content\/uploads\/2025\/09\/unnamed-768x576.jpg 768w, https:\/\/theuncommonshop.ch\/wp-content\/uploads\/2025\/09\/unnamed-1536x1152.jpg 1536w, https:\/\/theuncommonshop.ch\/wp-content\/uploads\/2025\/09\/unnamed.jpg 1600w\" sizes=\"(max-width: 1067px) 100vw, 1067px\" \/>\t\t\t\t\t\t\t\t\t\t\t\t\t\t\t<\/div>\n\t\t\t\t<\/div>\n\t\t\t\t<\/div>\n\t\t\t\t\t<\/div>\n\t\t\t\t<\/div>\n\t\t\t\t<\/div>\n\t\t","protected":false},"excerpt":{"rendered":"<p>Sites &amp; heures d&#8217;ouverture Site principal &#8211; Romanshorn The Uncommon Shop GmbH Alleestrasse 25 8590 Romanshorn Lundi : ferm\u00e9 Mardi<\/p>\n","protected":false},"author":26,"featured_media":0,"parent":0,"menu_order":0,"comment_status":"closed","ping_status":"closed","template":"elementor_header_footer","meta":{"_acf_changed":false,"footnotes":""},"class_list":["post-331664","page","type-page","status-publish","hentry"],"acf":[],"yoast_head":"<!-- This site is optimized with the Yoast SEO plugin v27.4 - https:\/\/yoast.com\/product\/yoast-seo-wordpress\/ -->\n<title>Sites &amp; heures d&#039;ouverture | The Uncommon Shop<\/title>\n<meta name=\"description\" content=\"Hier findest du alles zum Thema Sites &amp; heures d&#039;ouverture. Dein #1 TCG &amp; Pok\u00e9mon Karten Shop der Schweiz \u2713 Gratis Versand ab CHF 29\" \/>\n<meta name=\"robots\" content=\"index, follow, max-snippet:-1, max-image-preview:large, max-video-preview:-1\" \/>\n<link rel=\"canonical\" href=\"https:\/\/theuncommonshop.ch\/fr\/sites-heures-douverture\/\" \/>\n<meta property=\"og:locale\" content=\"fr_FR\" \/>\n<meta property=\"og:type\" content=\"article\" \/>\n<meta property=\"og:title\" content=\"Sites &amp; heures d&#039;ouverture | The Uncommon Shop\" \/>\n<meta property=\"og:description\" content=\"Hier findest du alles zum Thema Sites &amp; heures d&#039;ouverture. Dein #1 TCG &amp; Pok\u00e9mon Karten Shop der Schweiz \u2713 Gratis Versand ab CHF 29\" \/>\n<meta property=\"og:url\" content=\"https:\/\/theuncommonshop.ch\/fr\/sites-heures-douverture\/\" \/>\n<meta property=\"og:site_name\" content=\"Largest trading card shop in Switzerland\" \/>\n<meta property=\"article:modified_time\" content=\"2026-03-09T11:50:56+00:00\" \/>\n<meta property=\"og:image\" content=\"http:\/\/theuncommonshop.ch\/wp-content\/uploads\/2025\/09\/DSC09173.jpg\" \/>\n<meta name=\"twitter:card\" content=\"summary_large_image\" \/>\n<meta name=\"twitter:label1\" content=\"Dur\u00e9e de lecture estim\u00e9e\" \/>\n\t<meta name=\"twitter:data1\" content=\"1 minute\" \/>\n<script type=\"application\/ld+json\" class=\"yoast-schema-graph\">{\"@context\":\"https:\\\/\\\/schema.org\",\"@graph\":[{\"@type\":\"WebPage\",\"@id\":\"https:\\\/\\\/theuncommonshop.ch\\\/fr\\\/sites-heures-douverture\\\/\",\"url\":\"https:\\\/\\\/theuncommonshop.ch\\\/fr\\\/sites-heures-douverture\\\/\",\"name\":\"Sites &amp; heures d'ouverture | The Uncommon Shop\",\"isPartOf\":{\"@id\":\"https:\\\/\\\/theuncommonshop.ch\\\/#website\"},\"primaryImageOfPage\":{\"@id\":\"https:\\\/\\\/theuncommonshop.ch\\\/fr\\\/sites-heures-douverture\\\/#primaryimage\"},\"image\":{\"@id\":\"https:\\\/\\\/theuncommonshop.ch\\\/fr\\\/sites-heures-douverture\\\/#primaryimage\"},\"thumbnailUrl\":\"http:\\\/\\\/theuncommonshop.ch\\\/wp-content\\\/uploads\\\/2025\\\/09\\\/DSC09173.jpg\",\"datePublished\":\"2025-05-08T12:21:45+00:00\",\"dateModified\":\"2026-03-09T11:50:56+00:00\",\"description\":\"Hier findest du alles zum Thema Sites &amp; heures d'ouverture. Dein #1 TCG & Pok\u00e9mon Karten Shop der Schweiz \u2713 Gratis Versand ab CHF 29\",\"breadcrumb\":{\"@id\":\"https:\\\/\\\/theuncommonshop.ch\\\/fr\\\/sites-heures-douverture\\\/#breadcrumb\"},\"inLanguage\":\"fr-FR\",\"potentialAction\":[{\"@type\":\"ReadAction\",\"target\":[\"https:\\\/\\\/theuncommonshop.ch\\\/fr\\\/sites-heures-douverture\\\/\"]}]},{\"@type\":\"ImageObject\",\"inLanguage\":\"fr-FR\",\"@id\":\"https:\\\/\\\/theuncommonshop.ch\\\/fr\\\/sites-heures-douverture\\\/#primaryimage\",\"url\":\"http:\\\/\\\/theuncommonshop.ch\\\/wp-content\\\/uploads\\\/2025\\\/09\\\/DSC09173.jpg\",\"contentUrl\":\"http:\\\/\\\/theuncommonshop.ch\\\/wp-content\\\/uploads\\\/2025\\\/09\\\/DSC09173.jpg\"},{\"@type\":\"BreadcrumbList\",\"@id\":\"https:\\\/\\\/theuncommonshop.ch\\\/fr\\\/sites-heures-douverture\\\/#breadcrumb\",\"itemListElement\":[{\"@type\":\"ListItem\",\"position\":1,\"name\":\"Accueil\",\"item\":\"https:\\\/\\\/theuncommonshop.ch\\\/fr\\\/accueil\\\/\"},{\"@type\":\"ListItem\",\"position\":2,\"name\":\"Sites &amp; heures d&#8217;ouverture\"}]},{\"@type\":\"WebSite\",\"@id\":\"https:\\\/\\\/theuncommonshop.ch\\\/#website\",\"url\":\"https:\\\/\\\/theuncommonshop.ch\\\/\",\"name\":\"Largest trading card shop in Switzerland\",\"description\":\"Magic, Pok\u00e9mon and Yu-gi-oh - The Uncommon Shop\",\"potentialAction\":[{\"@type\":\"SearchAction\",\"target\":{\"@type\":\"EntryPoint\",\"urlTemplate\":\"https:\\\/\\\/theuncommonshop.ch\\\/?s={search_term_string}\"},\"query-input\":{\"@type\":\"PropertyValueSpecification\",\"valueRequired\":true,\"valueName\":\"search_term_string\"}}],\"inLanguage\":\"fr-FR\"}]}<\/script>\n<!-- \/ Yoast SEO plugin. -->","yoast_head_json":{"title":"Sites &amp; heures d'ouverture | The Uncommon Shop","description":"Hier findest du alles zum Thema Sites &amp; heures d'ouverture. Dein #1 TCG & Pok\u00e9mon Karten Shop der Schweiz \u2713 Gratis Versand ab CHF 29","robots":{"index":"index","follow":"follow","max-snippet":"max-snippet:-1","max-image-preview":"max-image-preview:large","max-video-preview":"max-video-preview:-1"},"canonical":"https:\/\/theuncommonshop.ch\/fr\/sites-heures-douverture\/","og_locale":"fr_FR","og_type":"article","og_title":"Sites &amp; heures d'ouverture | The Uncommon Shop","og_description":"Hier findest du alles zum Thema Sites &amp; heures d'ouverture. Dein #1 TCG & Pok\u00e9mon Karten Shop der Schweiz \u2713 Gratis Versand ab CHF 29","og_url":"https:\/\/theuncommonshop.ch\/fr\/sites-heures-douverture\/","og_site_name":"Largest trading card shop in Switzerland","article_modified_time":"2026-03-09T11:50:56+00:00","og_image":[{"url":"http:\/\/theuncommonshop.ch\/wp-content\/uploads\/2025\/09\/DSC09173.jpg","type":"","width":"","height":""}],"twitter_card":"summary_large_image","twitter_misc":{"Dur\u00e9e de lecture estim\u00e9e":"1 minute"},"schema":{"@context":"https:\/\/schema.org","@graph":[{"@type":"WebPage","@id":"https:\/\/theuncommonshop.ch\/fr\/sites-heures-douverture\/","url":"https:\/\/theuncommonshop.ch\/fr\/sites-heures-douverture\/","name":"Sites &amp; heures d'ouverture | The Uncommon Shop","isPartOf":{"@id":"https:\/\/theuncommonshop.ch\/#website"},"primaryImageOfPage":{"@id":"https:\/\/theuncommonshop.ch\/fr\/sites-heures-douverture\/#primaryimage"},"image":{"@id":"https:\/\/theuncommonshop.ch\/fr\/sites-heures-douverture\/#primaryimage"},"thumbnailUrl":"http:\/\/theuncommonshop.ch\/wp-content\/uploads\/2025\/09\/DSC09173.jpg","datePublished":"2025-05-08T12:21:45+00:00","dateModified":"2026-03-09T11:50:56+00:00","description":"Hier findest du alles zum Thema Sites &amp; heures d'ouverture. Dein #1 TCG & Pok\u00e9mon Karten Shop der Schweiz \u2713 Gratis Versand ab CHF 29","breadcrumb":{"@id":"https:\/\/theuncommonshop.ch\/fr\/sites-heures-douverture\/#breadcrumb"},"inLanguage":"fr-FR","potentialAction":[{"@type":"ReadAction","target":["https:\/\/theuncommonshop.ch\/fr\/sites-heures-douverture\/"]}]},{"@type":"ImageObject","inLanguage":"fr-FR","@id":"https:\/\/theuncommonshop.ch\/fr\/sites-heures-douverture\/#primaryimage","url":"http:\/\/theuncommonshop.ch\/wp-content\/uploads\/2025\/09\/DSC09173.jpg","contentUrl":"http:\/\/theuncommonshop.ch\/wp-content\/uploads\/2025\/09\/DSC09173.jpg"},{"@type":"BreadcrumbList","@id":"https:\/\/theuncommonshop.ch\/fr\/sites-heures-douverture\/#breadcrumb","itemListElement":[{"@type":"ListItem","position":1,"name":"Accueil","item":"https:\/\/theuncommonshop.ch\/fr\/accueil\/"},{"@type":"ListItem","position":2,"name":"Sites &amp; heures d&#8217;ouverture"}]},{"@type":"WebSite","@id":"https:\/\/theuncommonshop.ch\/#website","url":"https:\/\/theuncommonshop.ch\/","name":"Largest trading card shop in Switzerland","description":"Magic, Pok\u00e9mon and Yu-gi-oh - The Uncommon Shop","potentialAction":[{"@type":"SearchAction","target":{"@type":"EntryPoint","urlTemplate":"https:\/\/theuncommonshop.ch\/?s={search_term_string}"},"query-input":{"@type":"PropertyValueSpecification","valueRequired":true,"valueName":"search_term_string"}}],"inLanguage":"fr-FR"}]}},"_links":{"self":[{"href":"https:\/\/theuncommonshop.ch\/fr\/wp-json\/wp\/v2\/pages\/331664","targetHints":{"allow":["GET"]}}],"collection":[{"href":"https:\/\/theuncommonshop.ch\/fr\/wp-json\/wp\/v2\/pages"}],"about":[{"href":"https:\/\/theuncommonshop.ch\/fr\/wp-json\/wp\/v2\/types\/page"}],"author":[{"embeddable":true,"href":"https:\/\/theuncommonshop.ch\/fr\/wp-json\/wp\/v2\/users\/26"}],"replies":[{"embeddable":true,"href":"https:\/\/theuncommonshop.ch\/fr\/wp-json\/wp\/v2\/comments?post=331664"}],"version-history":[{"count":1,"href":"https:\/\/theuncommonshop.ch\/fr\/wp-json\/wp\/v2\/pages\/331664\/revisions"}],"predecessor-version":[{"id":331665,"href":"https:\/\/theuncommonshop.ch\/fr\/wp-json\/wp\/v2\/pages\/331664\/revisions\/331665"}],"wp:attachment":[{"href":"https:\/\/theuncommonshop.ch\/fr\/wp-json\/wp\/v2\/media?parent=331664"}],"curies":[{"name":"wp","href":"https:\/\/api.w.org\/{rel}","templated":true}]}}