{"id":331660,"date":"2025-05-31T20:48:27","date_gmt":"2025-05-31T18:48:27","guid":{"rendered":"http:\/\/theuncommonshop.ch\/deals\/"},"modified":"2026-03-09T12:50:40","modified_gmt":"2026-03-09T11:50:40","slug":"deals","status":"publish","type":"page","link":"https:\/\/theuncommonshop.ch\/fr\/deals\/","title":{"rendered":"Deals"},"content":{"rendered":"\t\t<div data-elementor-type=\"wp-page\" data-elementor-id=\"331660\" class=\"elementor elementor-331660 elementor-36489\" data-elementor-post-type=\"page\">\n\t\t\t\t<div class=\"wd-negative-gap elementor-element elementor-element-2a3859e9 e-flex e-con-boxed e-con e-parent\" data-id=\"2a3859e9\" data-element_type=\"container\" data-e-type=\"container\">\n\t\t\t\t\t<div class=\"e-con-inner\">\n\t\t\t\t<div class=\"elementor-element elementor-element-314e2727 elementor-widget elementor-widget-heading\" data-id=\"314e2727\" data-element_type=\"widget\" data-e-type=\"widget\" data-widget_type=\"heading.default\">\n\t\t\t\t<div class=\"elementor-widget-container\">\n\t\t\t\t\t<h1 class=\"elementor-heading-title elementor-size-default\"><span class=\"accent\">Super Sale <\/span> - Pour une dur\u00e9e limit\u00e9e seulement !<\/h1>\t\t\t\t<\/div>\n\t\t\t\t<\/div>\n\t\t\t\t<div class=\"elementor-element elementor-element-350c9050 color-scheme-inherit text-left elementor-widget elementor-widget-text-editor\" data-id=\"350c9050\" data-element_type=\"widget\" data-e-type=\"widget\" data-widget_type=\"text-editor.default\">\n\t\t\t\t<div class=\"elementor-widget-container\">\n\t\t\t\t\t\t\t\t\t<p data-start=\"151\" data-end=\"402\">R\u00e9guli\u00e8rement, nous vous <strong data-start=\"195\" data-end=\"208\">proposons des offres<\/strong> exclusives dans le monde des <strong data-start=\"233\" data-end=\"255\">Trading Card Games<\/strong>!<br data-start=\"256\" data-end=\"259\">Que ce soit <strong data-start=\"262\" data-end=\"273\">pour Pok\u00e9mon<\/strong>, <strong data-start=\"275\" data-end=\"299\">Magic : The Gathering<\/strong>, <strong data-start=\"301\" data-end=\"312\">Lorcana<\/strong>, <strong data-start=\"314\" data-end=\"327\" data-is-only-node=\"\">One Piece<\/strong> ou d&#8217;autres TCG, nous r\u00e9duisons <strong data-start=\"383\" data-end=\"401\">fortement le prix de<\/strong> certains produits !<\/p><p data-start=\"404\" data-end=\"471\"><strong data-start=\"407\" data-end=\"471\">Jusqu&#8217;\u00e0 \u00e9puisement des stocks &#8211; achetez d\u00e8s maintenant et \u00e9conomisez !<\/strong><\/p>\t\t\t\t\t\t\t\t<\/div>\n\t\t\t\t<\/div>\n\t\t\t\t\t<\/div>\n\t\t\t\t<\/div>\n\t\t<div class=\"wd-negative-gap elementor-element elementor-element-297a91b e-flex e-con-boxed e-con e-parent\" data-id=\"297a91b\" data-element_type=\"container\" data-e-type=\"container\">\n\t\t\t\t\t<div class=\"e-con-inner\">\n\t\t\t\t<div class=\"elementor-element elementor-element-6de2d82 elementor-widget elementor-widget-trading_cards_slider\" data-id=\"6de2d82\" data-element_type=\"widget\" data-e-type=\"widget\" data-widget_type=\"trading_cards_slider.default\">\n\t\t\t\t<div class=\"elementor-widget-container\">\n\t\t\t\t\t<h2 class=\"slider-title\">Super Sale<\/h2><div id=\"trading-cards-widget-6de2d82\" \n                   class=\"trading-cards-widget-placeholder\" \n                   style=\"min-height: 500px;\" \n                   data-settings=\"{&quot;title&quot;:&quot;Super Sale&quot;,&quot;product_filter&quot;:&quot;deals&quot;,&quot;display_type&quot;:&quot;grid&quot;,&quot;grid_columns&quot;:&quot;6&quot;,&quot;show_sidebar&quot;:&quot;no&quot;,&quot;categories&quot;:null,&quot;min_discount_percentage&quot;:5,&quot;posts_per_page&quot;:12,&quot;current_language&quot;:&quot;fr&quot;,&quot;enable_load_more&quot;:&quot;yes&quot;,&quot;load_more_type&quot;:&quot;infinite&quot;,&quot;load_more_button_text&quot;:&quot;Load More&quot;,&quot;load_more_per_page&quot;:12}\"><\/div>\t\t\t\t<\/div>\n\t\t\t\t<\/div>\n\t\t\t\t\t<\/div>\n\t\t\t\t<\/div>\n\t\t\t\t<\/div>\n\t\t","protected":false},"excerpt":{"rendered":"<p>Super Sale &#8211; Pour une dur\u00e9e limit\u00e9e seulement ! R\u00e9guli\u00e8rement, nous vous proposons des offres exclusives dans le monde des<\/p>\n","protected":false},"author":2,"featured_media":0,"parent":0,"menu_order":0,"comment_status":"closed","ping_status":"closed","template":"elementor_header_footer","meta":{"_acf_changed":false,"footnotes":""},"class_list":["post-331660","page","type-page","status-publish","hentry"],"acf":[],"yoast_head":"<!-- This site is optimized with the Yoast SEO plugin v27.4 - https:\/\/yoast.com\/product\/yoast-seo-wordpress\/ -->\n<title>Deals | The Uncommon Shop<\/title>\n<meta name=\"description\" content=\"Hier findest du alles zum Thema Deals. Dein #1 TCG &amp; Pok\u00e9mon Karten Shop der Schweiz \u2713 Gratis Versand ab CHF 29\" \/>\n<meta name=\"robots\" content=\"index, follow, max-snippet:-1, max-image-preview:large, max-video-preview:-1\" \/>\n<link rel=\"canonical\" href=\"https:\/\/theuncommonshop.ch\/fr\/deals\/\" \/>\n<meta property=\"og:locale\" content=\"fr_FR\" \/>\n<meta property=\"og:type\" content=\"article\" \/>\n<meta property=\"og:title\" content=\"Deals | The Uncommon Shop\" \/>\n<meta property=\"og:description\" content=\"Hier findest du alles zum Thema Deals. Dein #1 TCG &amp; Pok\u00e9mon Karten Shop der Schweiz \u2713 Gratis Versand ab CHF 29\" \/>\n<meta property=\"og:url\" content=\"https:\/\/theuncommonshop.ch\/fr\/deals\/\" \/>\n<meta property=\"og:site_name\" content=\"Largest trading card shop in Switzerland\" \/>\n<meta property=\"article:modified_time\" content=\"2026-03-09T11:50:40+00:00\" \/>\n<meta name=\"twitter:card\" content=\"summary_large_image\" \/>\n<script type=\"application\/ld+json\" class=\"yoast-schema-graph\">{\"@context\":\"https:\\\/\\\/schema.org\",\"@graph\":[{\"@type\":\"WebPage\",\"@id\":\"https:\\\/\\\/theuncommonshop.ch\\\/fr\\\/deals\\\/\",\"url\":\"https:\\\/\\\/theuncommonshop.ch\\\/fr\\\/deals\\\/\",\"name\":\"Deals | The Uncommon Shop\",\"isPartOf\":{\"@id\":\"https:\\\/\\\/theuncommonshop.ch\\\/#website\"},\"datePublished\":\"2025-05-31T18:48:27+00:00\",\"dateModified\":\"2026-03-09T11:50:40+00:00\",\"description\":\"Hier findest du alles zum Thema Deals. Dein #1 TCG & Pok\u00e9mon Karten Shop der Schweiz \u2713 Gratis Versand ab CHF 29\",\"breadcrumb\":{\"@id\":\"https:\\\/\\\/theuncommonshop.ch\\\/fr\\\/deals\\\/#breadcrumb\"},\"inLanguage\":\"fr-FR\",\"potentialAction\":[{\"@type\":\"ReadAction\",\"target\":[\"https:\\\/\\\/theuncommonshop.ch\\\/fr\\\/deals\\\/\"]}]},{\"@type\":\"BreadcrumbList\",\"@id\":\"https:\\\/\\\/theuncommonshop.ch\\\/fr\\\/deals\\\/#breadcrumb\",\"itemListElement\":[{\"@type\":\"ListItem\",\"position\":1,\"name\":\"Accueil\",\"item\":\"https:\\\/\\\/theuncommonshop.ch\\\/fr\\\/accueil\\\/\"},{\"@type\":\"ListItem\",\"position\":2,\"name\":\"Deals\"}]},{\"@type\":\"WebSite\",\"@id\":\"https:\\\/\\\/theuncommonshop.ch\\\/#website\",\"url\":\"https:\\\/\\\/theuncommonshop.ch\\\/\",\"name\":\"Largest trading card shop in Switzerland\",\"description\":\"Magic, Pok\u00e9mon and Yu-gi-oh - The Uncommon Shop\",\"potentialAction\":[{\"@type\":\"SearchAction\",\"target\":{\"@type\":\"EntryPoint\",\"urlTemplate\":\"https:\\\/\\\/theuncommonshop.ch\\\/?s={search_term_string}\"},\"query-input\":{\"@type\":\"PropertyValueSpecification\",\"valueRequired\":true,\"valueName\":\"search_term_string\"}}],\"inLanguage\":\"fr-FR\"}]}<\/script>\n<!-- \/ Yoast SEO plugin. -->","yoast_head_json":{"title":"Deals | The Uncommon Shop","description":"Hier findest du alles zum Thema Deals. Dein #1 TCG & Pok\u00e9mon Karten Shop der Schweiz \u2713 Gratis Versand ab CHF 29","robots":{"index":"index","follow":"follow","max-snippet":"max-snippet:-1","max-image-preview":"max-image-preview:large","max-video-preview":"max-video-preview:-1"},"canonical":"https:\/\/theuncommonshop.ch\/fr\/deals\/","og_locale":"fr_FR","og_type":"article","og_title":"Deals | The Uncommon Shop","og_description":"Hier findest du alles zum Thema Deals. Dein #1 TCG & Pok\u00e9mon Karten Shop der Schweiz \u2713 Gratis Versand ab CHF 29","og_url":"https:\/\/theuncommonshop.ch\/fr\/deals\/","og_site_name":"Largest trading card shop in Switzerland","article_modified_time":"2026-03-09T11:50:40+00:00","twitter_card":"summary_large_image","schema":{"@context":"https:\/\/schema.org","@graph":[{"@type":"WebPage","@id":"https:\/\/theuncommonshop.ch\/fr\/deals\/","url":"https:\/\/theuncommonshop.ch\/fr\/deals\/","name":"Deals | The Uncommon Shop","isPartOf":{"@id":"https:\/\/theuncommonshop.ch\/#website"},"datePublished":"2025-05-31T18:48:27+00:00","dateModified":"2026-03-09T11:50:40+00:00","description":"Hier findest du alles zum Thema Deals. Dein #1 TCG & Pok\u00e9mon Karten Shop der Schweiz \u2713 Gratis Versand ab CHF 29","breadcrumb":{"@id":"https:\/\/theuncommonshop.ch\/fr\/deals\/#breadcrumb"},"inLanguage":"fr-FR","potentialAction":[{"@type":"ReadAction","target":["https:\/\/theuncommonshop.ch\/fr\/deals\/"]}]},{"@type":"BreadcrumbList","@id":"https:\/\/theuncommonshop.ch\/fr\/deals\/#breadcrumb","itemListElement":[{"@type":"ListItem","position":1,"name":"Accueil","item":"https:\/\/theuncommonshop.ch\/fr\/accueil\/"},{"@type":"ListItem","position":2,"name":"Deals"}]},{"@type":"WebSite","@id":"https:\/\/theuncommonshop.ch\/#website","url":"https:\/\/theuncommonshop.ch\/","name":"Largest trading card shop in Switzerland","description":"Magic, Pok\u00e9mon and Yu-gi-oh - The Uncommon Shop","potentialAction":[{"@type":"SearchAction","target":{"@type":"EntryPoint","urlTemplate":"https:\/\/theuncommonshop.ch\/?s={search_term_string}"},"query-input":{"@type":"PropertyValueSpecification","valueRequired":true,"valueName":"search_term_string"}}],"inLanguage":"fr-FR"}]}},"_links":{"self":[{"href":"https:\/\/theuncommonshop.ch\/fr\/wp-json\/wp\/v2\/pages\/331660","targetHints":{"allow":["GET"]}}],"collection":[{"href":"https:\/\/theuncommonshop.ch\/fr\/wp-json\/wp\/v2\/pages"}],"about":[{"href":"https:\/\/theuncommonshop.ch\/fr\/wp-json\/wp\/v2\/types\/page"}],"author":[{"embeddable":true,"href":"https:\/\/theuncommonshop.ch\/fr\/wp-json\/wp\/v2\/users\/2"}],"replies":[{"embeddable":true,"href":"https:\/\/theuncommonshop.ch\/fr\/wp-json\/wp\/v2\/comments?post=331660"}],"version-history":[{"count":1,"href":"https:\/\/theuncommonshop.ch\/fr\/wp-json\/wp\/v2\/pages\/331660\/revisions"}],"predecessor-version":[{"id":331661,"href":"https:\/\/theuncommonshop.ch\/fr\/wp-json\/wp\/v2\/pages\/331660\/revisions\/331661"}],"wp:attachment":[{"href":"https:\/\/theuncommonshop.ch\/fr\/wp-json\/wp\/v2\/media?parent=331660"}],"curies":[{"name":"wp","href":"https:\/\/api.w.org\/{rel}","templated":true}]}}