{"id":331652,"date":"2026-01-07T17:15:49","date_gmt":"2026-01-07T16:15:49","guid":{"rendered":"http:\/\/theuncommonshop.ch\/livestream-produits\/"},"modified":"2026-03-09T12:50:42","modified_gmt":"2026-03-09T11:50:42","slug":"livestream-produits","status":"publish","type":"page","link":"https:\/\/theuncommonshop.ch\/fr\/livestream-produits\/","title":{"rendered":"Livestream Produits"},"content":{"rendered":"\t\t<div data-elementor-type=\"wp-page\" data-elementor-id=\"331652\" class=\"elementor elementor-331652 elementor-281582\" data-elementor-post-type=\"page\">\n\t\t\t\t<div class=\"wd-negative-gap elementor-element elementor-element-f600b2c e-flex e-con-boxed e-con e-parent\" data-id=\"f600b2c\" data-element_type=\"container\" data-e-type=\"container\">\n\t\t\t\t\t<div class=\"e-con-inner\">\n\t\t<div class=\"elementor-element elementor-element-8281a7e e-con-full e-flex e-con e-child\" data-id=\"8281a7e\" data-element_type=\"container\" data-e-type=\"container\">\n\t\t\t\t<div class=\"elementor-element elementor-element-405c568 elementor-widget elementor-widget-heading\" data-id=\"405c568\" data-element_type=\"widget\" data-e-type=\"widget\" data-widget_type=\"heading.default\">\n\t\t\t\t<div class=\"elementor-widget-container\">\n\t\t\t\t\t<h1 class=\"elementor-heading-title elementor-size-default\"><span class=\"accent\">Livestream Produits\n <\/span> - Pour une dur\u00e9e limit\u00e9e seulement !<\/h1>\t\t\t\t<\/div>\n\t\t\t\t<\/div>\n\t\t\t\t<div class=\"elementor-element elementor-element-eba8805 color-scheme-inherit text-left elementor-widget elementor-widget-text-editor\" data-id=\"eba8805\" data-element_type=\"widget\" data-e-type=\"widget\" data-widget_type=\"text-editor.default\">\n\t\t\t\t<div class=\"elementor-widget-container\">\n\t\t\t\t\t\t\t\t\t<p><a href=\"https:\/\/www.twitch.tv\/theuncommonshop\" target=\"_blank\" rel=\"noopener\">Lien Livestream<\/a><\/p>\n<p>Vous trouverez ici tous les produits li\u00e9s au Livestream ! <strong>Tous les vendredis \u00e0 partir de 19h00,<\/strong> nous <strong>diffusons en streaming<\/strong> et ouvrons les produits que vous avez achet\u00e9s. Profitez des conditions pr\u00e9f\u00e9rentielles sur tous les produits de cette cat\u00e9gorie ! <\/p>\n<p>La langue du flux est <strong>le suisse allemand.<\/strong><\/p>\t\t\t\t\t\t\t\t<\/div>\n\t\t\t\t<\/div>\n\t\t<div class=\"elementor-element elementor-element-9a49dca e-con-full e-flex e-con e-child\" data-id=\"9a49dca\" data-element_type=\"container\" data-e-type=\"container\">\n\t\t\t\t<div class=\"elementor-element elementor-element-3ea9f50 elementor-widget elementor-widget-trading_cards_slider\" data-id=\"3ea9f50\" data-element_type=\"widget\" data-e-type=\"widget\" data-widget_type=\"trading_cards_slider.default\">\n\t\t\t\t<div class=\"elementor-widget-container\">\n\t\t\t\t\t<h2 class=\"slider-title\">Livestream Produits<\/h2><div id=\"trading-cards-widget-3ea9f50\" \n                   class=\"trading-cards-widget-placeholder\" \n                   style=\"min-height: 500px;\" \n                   data-settings=\"{&quot;title&quot;:&quot;Livestream Produits&quot;,&quot;product_filter&quot;:&quot;featured&quot;,&quot;display_type&quot;:&quot;grid&quot;,&quot;grid_columns&quot;:&quot;5&quot;,&quot;show_sidebar&quot;:&quot;&quot;,&quot;categories&quot;:null,&quot;min_discount_percentage&quot;:5,&quot;posts_per_page&quot;:12,&quot;current_language&quot;:&quot;fr&quot;,&quot;enable_load_more&quot;:&quot;no&quot;,&quot;load_more_type&quot;:&quot;button&quot;,&quot;load_more_button_text&quot;:&quot;Load More&quot;,&quot;load_more_per_page&quot;:12}\"><\/div>\t\t\t\t<\/div>\n\t\t\t\t<\/div>\n\t\t\t\t<\/div>\n\t\t\t\t<\/div>\n\t\t\t\t\t<\/div>\n\t\t\t\t<\/div>\n\t\t\t\t<\/div>\n\t\t","protected":false},"excerpt":{"rendered":"<p>Livestream Produits &#8211; Pour une dur\u00e9e limit\u00e9e seulement ! Lien Livestream Vous trouverez ici tous les produits li\u00e9s au Livestream<\/p>\n","protected":false},"author":26,"featured_media":281647,"parent":0,"menu_order":0,"comment_status":"closed","ping_status":"closed","template":"","meta":{"_acf_changed":false,"footnotes":""},"class_list":["post-331652","page","type-page","status-publish","has-post-thumbnail","hentry"],"acf":[],"yoast_head":"<!-- This site is optimized with the Yoast SEO plugin v27.4 - https:\/\/yoast.com\/product\/yoast-seo-wordpress\/ -->\n<title>TCG Livestream Produits - Largest trading card shop in Switzerland<\/title>\n<meta name=\"description\" content=\"Tous les produits autour du th\u00e8me Livestream ! Tous les vendredis \u00e0 partir de 19h00, nous sommes en direct sur Twitch ! Nous ouvrons les produits que vous avez achet\u00e9s.\" \/>\n<meta name=\"robots\" content=\"index, follow, max-snippet:-1, max-image-preview:large, max-video-preview:-1\" \/>\n<link rel=\"canonical\" href=\"https:\/\/theuncommonshop.ch\/fr\/livestream-produits\/\" \/>\n<meta property=\"og:locale\" content=\"fr_FR\" \/>\n<meta property=\"og:type\" content=\"article\" \/>\n<meta property=\"og:title\" content=\"TCG Livestream Produits - Largest trading card shop in Switzerland\" \/>\n<meta property=\"og:description\" content=\"Tous les produits autour du th\u00e8me Livestream ! Tous les vendredis \u00e0 partir de 19h00, nous sommes en direct sur Twitch ! Nous ouvrons les produits que vous avez achet\u00e9s.\" \/>\n<meta property=\"og:url\" content=\"https:\/\/theuncommonshop.ch\/fr\/livestream-produits\/\" \/>\n<meta property=\"og:site_name\" content=\"Largest trading card shop in Switzerland\" \/>\n<meta property=\"article:modified_time\" content=\"2026-03-09T11:50:42+00:00\" \/>\n<meta property=\"og:image\" content=\"https:\/\/theuncommonshop.ch\/wp-content\/uploads\/2026\/01\/Livestream-Banner-1000-x-1000-px.jpg\" \/>\n\t<meta property=\"og:image:width\" content=\"1000\" \/>\n\t<meta property=\"og:image:height\" content=\"1000\" \/>\n\t<meta property=\"og:image:type\" content=\"image\/jpeg\" \/>\n<meta name=\"twitter:card\" content=\"summary_large_image\" \/>\n<script type=\"application\/ld+json\" class=\"yoast-schema-graph\">{\"@context\":\"https:\\\/\\\/schema.org\",\"@graph\":[{\"@type\":\"WebPage\",\"@id\":\"https:\\\/\\\/theuncommonshop.ch\\\/fr\\\/livestream-produits\\\/\",\"url\":\"https:\\\/\\\/theuncommonshop.ch\\\/fr\\\/livestream-produits\\\/\",\"name\":\"TCG Livestream Produits - Largest trading card shop in Switzerland\",\"isPartOf\":{\"@id\":\"https:\\\/\\\/theuncommonshop.ch\\\/#website\"},\"primaryImageOfPage\":{\"@id\":\"https:\\\/\\\/theuncommonshop.ch\\\/fr\\\/livestream-produits\\\/#primaryimage\"},\"image\":{\"@id\":\"https:\\\/\\\/theuncommonshop.ch\\\/fr\\\/livestream-produits\\\/#primaryimage\"},\"thumbnailUrl\":\"https:\\\/\\\/theuncommonshop.ch\\\/wp-content\\\/uploads\\\/2026\\\/01\\\/Livestream-Banner-1000-x-1000-px.jpg\",\"datePublished\":\"2026-01-07T16:15:49+00:00\",\"dateModified\":\"2026-03-09T11:50:42+00:00\",\"description\":\"Tous les produits autour du th\u00e8me Livestream ! Tous les vendredis \u00e0 partir de 19h00, nous sommes en direct sur Twitch ! Nous ouvrons les produits que vous avez achet\u00e9s.\",\"breadcrumb\":{\"@id\":\"https:\\\/\\\/theuncommonshop.ch\\\/fr\\\/livestream-produits\\\/#breadcrumb\"},\"inLanguage\":\"fr-FR\",\"potentialAction\":[{\"@type\":\"ReadAction\",\"target\":[\"https:\\\/\\\/theuncommonshop.ch\\\/fr\\\/livestream-produits\\\/\"]}]},{\"@type\":\"ImageObject\",\"inLanguage\":\"fr-FR\",\"@id\":\"https:\\\/\\\/theuncommonshop.ch\\\/fr\\\/livestream-produits\\\/#primaryimage\",\"url\":\"https:\\\/\\\/theuncommonshop.ch\\\/wp-content\\\/uploads\\\/2026\\\/01\\\/Livestream-Banner-1000-x-1000-px.jpg\",\"contentUrl\":\"https:\\\/\\\/theuncommonshop.ch\\\/wp-content\\\/uploads\\\/2026\\\/01\\\/Livestream-Banner-1000-x-1000-px.jpg\",\"width\":1000,\"height\":1000,\"caption\":\"TCG Livestream jeden Freitag Abend\"},{\"@type\":\"BreadcrumbList\",\"@id\":\"https:\\\/\\\/theuncommonshop.ch\\\/fr\\\/livestream-produits\\\/#breadcrumb\",\"itemListElement\":[{\"@type\":\"ListItem\",\"position\":1,\"name\":\"Accueil\",\"item\":\"https:\\\/\\\/theuncommonshop.ch\\\/fr\\\/accueil\\\/\"},{\"@type\":\"ListItem\",\"position\":2,\"name\":\"Livestream Produits\"}]},{\"@type\":\"WebSite\",\"@id\":\"https:\\\/\\\/theuncommonshop.ch\\\/#website\",\"url\":\"https:\\\/\\\/theuncommonshop.ch\\\/\",\"name\":\"Largest trading card shop in Switzerland\",\"description\":\"Magic, Pok\u00e9mon and Yu-gi-oh - The Uncommon Shop\",\"potentialAction\":[{\"@type\":\"SearchAction\",\"target\":{\"@type\":\"EntryPoint\",\"urlTemplate\":\"https:\\\/\\\/theuncommonshop.ch\\\/?s={search_term_string}\"},\"query-input\":{\"@type\":\"PropertyValueSpecification\",\"valueRequired\":true,\"valueName\":\"search_term_string\"}}],\"inLanguage\":\"fr-FR\"}]}<\/script>\n<!-- \/ Yoast SEO plugin. -->","yoast_head_json":{"title":"TCG Livestream Produits - Largest trading card shop in Switzerland","description":"Tous les produits autour du th\u00e8me Livestream ! Tous les vendredis \u00e0 partir de 19h00, nous sommes en direct sur Twitch ! Nous ouvrons les produits que vous avez achet\u00e9s.","robots":{"index":"index","follow":"follow","max-snippet":"max-snippet:-1","max-image-preview":"max-image-preview:large","max-video-preview":"max-video-preview:-1"},"canonical":"https:\/\/theuncommonshop.ch\/fr\/livestream-produits\/","og_locale":"fr_FR","og_type":"article","og_title":"TCG Livestream Produits - Largest trading card shop in Switzerland","og_description":"Tous les produits autour du th\u00e8me Livestream ! Tous les vendredis \u00e0 partir de 19h00, nous sommes en direct sur Twitch ! Nous ouvrons les produits que vous avez achet\u00e9s.","og_url":"https:\/\/theuncommonshop.ch\/fr\/livestream-produits\/","og_site_name":"Largest trading card shop in Switzerland","article_modified_time":"2026-03-09T11:50:42+00:00","og_image":[{"width":1000,"height":1000,"url":"https:\/\/theuncommonshop.ch\/wp-content\/uploads\/2026\/01\/Livestream-Banner-1000-x-1000-px.jpg","type":"image\/jpeg"}],"twitter_card":"summary_large_image","schema":{"@context":"https:\/\/schema.org","@graph":[{"@type":"WebPage","@id":"https:\/\/theuncommonshop.ch\/fr\/livestream-produits\/","url":"https:\/\/theuncommonshop.ch\/fr\/livestream-produits\/","name":"TCG Livestream Produits - Largest trading card shop in Switzerland","isPartOf":{"@id":"https:\/\/theuncommonshop.ch\/#website"},"primaryImageOfPage":{"@id":"https:\/\/theuncommonshop.ch\/fr\/livestream-produits\/#primaryimage"},"image":{"@id":"https:\/\/theuncommonshop.ch\/fr\/livestream-produits\/#primaryimage"},"thumbnailUrl":"https:\/\/theuncommonshop.ch\/wp-content\/uploads\/2026\/01\/Livestream-Banner-1000-x-1000-px.jpg","datePublished":"2026-01-07T16:15:49+00:00","dateModified":"2026-03-09T11:50:42+00:00","description":"Tous les produits autour du th\u00e8me Livestream ! Tous les vendredis \u00e0 partir de 19h00, nous sommes en direct sur Twitch ! Nous ouvrons les produits que vous avez achet\u00e9s.","breadcrumb":{"@id":"https:\/\/theuncommonshop.ch\/fr\/livestream-produits\/#breadcrumb"},"inLanguage":"fr-FR","potentialAction":[{"@type":"ReadAction","target":["https:\/\/theuncommonshop.ch\/fr\/livestream-produits\/"]}]},{"@type":"ImageObject","inLanguage":"fr-FR","@id":"https:\/\/theuncommonshop.ch\/fr\/livestream-produits\/#primaryimage","url":"https:\/\/theuncommonshop.ch\/wp-content\/uploads\/2026\/01\/Livestream-Banner-1000-x-1000-px.jpg","contentUrl":"https:\/\/theuncommonshop.ch\/wp-content\/uploads\/2026\/01\/Livestream-Banner-1000-x-1000-px.jpg","width":1000,"height":1000,"caption":"TCG Livestream jeden Freitag Abend"},{"@type":"BreadcrumbList","@id":"https:\/\/theuncommonshop.ch\/fr\/livestream-produits\/#breadcrumb","itemListElement":[{"@type":"ListItem","position":1,"name":"Accueil","item":"https:\/\/theuncommonshop.ch\/fr\/accueil\/"},{"@type":"ListItem","position":2,"name":"Livestream Produits"}]},{"@type":"WebSite","@id":"https:\/\/theuncommonshop.ch\/#website","url":"https:\/\/theuncommonshop.ch\/","name":"Largest trading card shop in Switzerland","description":"Magic, Pok\u00e9mon and Yu-gi-oh - The Uncommon Shop","potentialAction":[{"@type":"SearchAction","target":{"@type":"EntryPoint","urlTemplate":"https:\/\/theuncommonshop.ch\/?s={search_term_string}"},"query-input":{"@type":"PropertyValueSpecification","valueRequired":true,"valueName":"search_term_string"}}],"inLanguage":"fr-FR"}]}},"_links":{"self":[{"href":"https:\/\/theuncommonshop.ch\/fr\/wp-json\/wp\/v2\/pages\/331652","targetHints":{"allow":["GET"]}}],"collection":[{"href":"https:\/\/theuncommonshop.ch\/fr\/wp-json\/wp\/v2\/pages"}],"about":[{"href":"https:\/\/theuncommonshop.ch\/fr\/wp-json\/wp\/v2\/types\/page"}],"author":[{"embeddable":true,"href":"https:\/\/theuncommonshop.ch\/fr\/wp-json\/wp\/v2\/users\/26"}],"replies":[{"embeddable":true,"href":"https:\/\/theuncommonshop.ch\/fr\/wp-json\/wp\/v2\/comments?post=331652"}],"version-history":[{"count":1,"href":"https:\/\/theuncommonshop.ch\/fr\/wp-json\/wp\/v2\/pages\/331652\/revisions"}],"predecessor-version":[{"id":331653,"href":"https:\/\/theuncommonshop.ch\/fr\/wp-json\/wp\/v2\/pages\/331652\/revisions\/331653"}],"wp:featuredmedia":[{"embeddable":true,"href":"https:\/\/theuncommonshop.ch\/fr\/wp-json\/wp\/v2\/media\/281647"}],"wp:attachment":[{"href":"https:\/\/theuncommonshop.ch\/fr\/wp-json\/wp\/v2\/media?parent=331652"}],"curies":[{"name":"wp","href":"https:\/\/api.w.org\/{rel}","templated":true}]}}