{"id":371458,"date":"2026-04-28T00:08:06","date_gmt":"2026-04-27T22:08:06","guid":{"rendered":"https:\/\/theuncommonshop.ch\/product\/pokemon-xy-roaring-skies-xy06-booster-display\/"},"modified":"2026-04-28T00:08:06","modified_gmt":"2026-04-27T22:08:06","slug":"pokemon-xy-roaring-skies-xy06-booster-display","status":"publish","type":"product","link":"https:\/\/theuncommonshop.ch\/en\/product\/pokemon-xy-roaring-skies-xy06-booster-display\/","title":{"rendered":"Pok\u00e9mon &#8211; XY &#8211; Roaring Skies (XY06) &#8211; Booster Display"},"content":{"rendered":"<p>Get ready to soar to unimagined heights! The <i data-path-to-node=\"10\" data-index-in-node=\"76\">Pok\u00e9mon TCG: XY &#8211; Roaring Skies <\/i>expansion takes you to the stratospheric expanses of the Pok\u00e9mon world, where mighty dragons and powerful Mega Developments rule the arenas. <\/p>\n<p data-path-to-node=\"13\"><b data-path-to-node=\"13\" data-index-in-node=\"0\">The highlights of the extension at a glance:<\/b><\/p>\n<ul>\n<li data-path-to-node=\"14,0,0\"><b data-path-to-node=\"14,0,0\" data-index-in-node=\"0\">Over 100 cards:<\/b> Expand your collection with beautiful artwork, powerful Pok\u00e9mon-EX and stunning full-art cards.<\/li>\n<li data-path-to-node=\"14,1,0\"><b data-path-to-node=\"14,1,0\" data-index-in-node=\"0\">Strategic Boosters:<\/b> The set introduced game-changing cards such as <i data-path-to-node=\"14,1,0\" data-index-in-node=\"69\">Double Dragon Energy<\/i> and <i data-path-to-node=\"14,1,0\" data-index-in-node=\"96\">Mega Turbo<\/i>.<\/li>\n<li data-path-to-node=\"14,2,0\"><b data-path-to-node=\"14,2,0\" data-index-in-node=\"0\">Eternal Gifts (Ancient Traits):<\/b> Discover Pok\u00e9mon with special ancient abilities that bring the card&#8217;s artwork into focus in unique ways.<\/li>\n<\/ul>\n<p data-path-to-node=\"14,2,0\"><b data-path-to-node=\"5\" data-index-in-node=\"0\">Contents of the Booster Display:<\/b><\/p>\n<ul>\n<li data-path-to-node=\"6,0,0\"><b data-path-to-node=\"6,0,0\" data-index-in-node=\"0\">36 originally packed booster packs<\/b> of the <i data-path-to-node=\"6,0,0\" data-index-in-node=\"50\">XY &#8211; Roaring Skies<\/i> expansion<\/li>\n<li data-path-to-node=\"6,1,0\"><b data-path-to-node=\"6,1,0\" data-index-in-node=\"0\">10 cards per Booster<\/b>, including guaranteed 1 rare card (Rare or higher) and 1 reverse holo card<\/li>\n<li data-path-to-node=\"6,2,0\"><b data-path-to-node=\"6,2,0\" data-index-in-node=\"0\">1 code card<\/b> per Packs for the digital Pok\u00e9mon TCG Online \/ Live<\/li>\n<li><strong>Price including Acryl Case!<\/strong><\/li>\n<\/ul>\n","protected":false},"excerpt":{"rendered":"<p>Get ready to soar to unimagined heights! The Pok\u00e9mon TCG: XY &#8211; Roaring Skies expansion takes you to the stratospheric<\/p>\n","protected":false},"featured_media":371454,"comment_status":"open","ping_status":"closed","template":"","meta":{"_acf_changed":false},"product_brand":[5115,5073],"product_cat":[10052,9804,9822,9776,9820,10076],"product_tag":[],"class_list":{"0":"post-371458","1":"product","2":"type-product","3":"status-publish","4":"has-post-thumbnail","6":"product_brand-pokemon","7":"product_brand-the-pokemon-company","8":"product_cat-booster-displays-international-en","9":"product_cat-booster-displays-pokemon-en","10":"product_cat-investments","11":"product_cat-pokemon-en","12":"product_cat-products-by-sets","13":"product_cat-xy-and-older","15":"first","16":"instock","17":"taxable","18":"shipping-taxable","19":"purchasable","20":"product-type-variable"},"acf":[],"yoast_head":"<!-- This site is optimized with the Yoast SEO plugin v27.4 - https:\/\/yoast.com\/product\/yoast-seo-wordpress\/ -->\n<title>Buy Pok\u00e9mon - XY - Roaring Skies (XY06) - Booster Display<\/title>\n<meta name=\"description\" content=\"Shop Pok\u00e9mon - XY - Roaring Skies (XY06) - Booster Display online at great prices now! Your #1 TCG &amp; Pok\u00e9mon card shop in Switzerland \u2713 Free shipping from CHF 29\" \/>\n<meta name=\"robots\" content=\"index, follow, max-snippet:-1, max-image-preview:large, max-video-preview:-1\" \/>\n<link rel=\"canonical\" href=\"https:\/\/theuncommonshop.ch\/en\/product\/pokemon-xy-roaring-skies-xy06-booster-display\/\" \/>\n<meta property=\"og:locale\" content=\"en_US\" \/>\n<meta property=\"og:type\" content=\"article\" \/>\n<meta property=\"og:title\" content=\"Buy Pok\u00e9mon - XY - Roaring Skies (XY06) - Booster Display\" \/>\n<meta property=\"og:description\" content=\"Shop Pok\u00e9mon - XY - Roaring Skies (XY06) - Booster Display online at great prices now! Your #1 TCG &amp; Pok\u00e9mon card shop in Switzerland \u2713 Free shipping from CHF 29\" \/>\n<meta property=\"og:url\" content=\"https:\/\/theuncommonshop.ch\/en\/product\/pokemon-xy-roaring-skies-xy06-booster-display\/\" \/>\n<meta property=\"og:site_name\" content=\"The Uncommon Shop\" \/>\n<meta name=\"twitter:card\" content=\"summary_large_image\" \/>\n<meta name=\"twitter:label1\" content=\"Availability\" \/>\n\t<meta name=\"twitter:data1\" content=\"In stock\" \/>\n<script type=\"application\/ld+json\" class=\"yoast-schema-graph\">{\"@context\":\"https:\\\/\\\/schema.org\",\"@graph\":[{\"@type\":\"WebPage\",\"@id\":\"https:\\\/\\\/theuncommonshop.ch\\\/en\\\/product\\\/pokemon-xy-roaring-skies-xy06-booster-display\\\/\",\"url\":\"https:\\\/\\\/theuncommonshop.ch\\\/en\\\/product\\\/pokemon-xy-roaring-skies-xy06-booster-display\\\/\",\"name\":\"Buy Pok\u00e9mon - XY - Roaring Skies (XY06) - Booster Display\",\"isPartOf\":{\"@id\":\"https:\\\/\\\/theuncommonshop.ch\\\/en\\\/#website\"},\"primaryImageOfPage\":{\"@id\":\"https:\\\/\\\/theuncommonshop.ch\\\/en\\\/product\\\/pokemon-xy-roaring-skies-xy06-booster-display\\\/#primaryimage\"},\"image\":{\"@id\":\"https:\\\/\\\/theuncommonshop.ch\\\/en\\\/product\\\/pokemon-xy-roaring-skies-xy06-booster-display\\\/#primaryimage\"},\"thumbnailUrl\":\"https:\\\/\\\/theuncommonshop.ch\\\/wp-content\\\/uploads\\\/2026\\\/04\\\/mp-bcd7c833-tProduct_mainImage.avif\",\"datePublished\":\"2026-04-27T22:08:06+00:00\",\"description\":\"Shop Pok\u00e9mon - XY - Roaring Skies (XY06) - Booster Display online at great prices now! Your #1 TCG & Pok\u00e9mon card shop in Switzerland \u2713 Free shipping from CHF 29\",\"breadcrumb\":{\"@id\":\"https:\\\/\\\/theuncommonshop.ch\\\/en\\\/product\\\/pokemon-xy-roaring-skies-xy06-booster-display\\\/#breadcrumb\"},\"inLanguage\":\"en-US\",\"potentialAction\":[{\"@type\":\"ReadAction\",\"target\":[\"https:\\\/\\\/theuncommonshop.ch\\\/en\\\/product\\\/pokemon-xy-roaring-skies-xy06-booster-display\\\/\"]}]},{\"@type\":\"ImageObject\",\"inLanguage\":\"en-US\",\"@id\":\"https:\\\/\\\/theuncommonshop.ch\\\/en\\\/product\\\/pokemon-xy-roaring-skies-xy06-booster-display\\\/#primaryimage\",\"url\":\"https:\\\/\\\/theuncommonshop.ch\\\/wp-content\\\/uploads\\\/2026\\\/04\\\/mp-bcd7c833-tProduct_mainImage.avif\",\"contentUrl\":\"https:\\\/\\\/theuncommonshop.ch\\\/wp-content\\\/uploads\\\/2026\\\/04\\\/mp-bcd7c833-tProduct_mainImage.avif\",\"width\":920,\"height\":920,\"caption\":\"mp bcd7c833 tProduct mainImage\"},{\"@type\":\"BreadcrumbList\",\"@id\":\"https:\\\/\\\/theuncommonshop.ch\\\/en\\\/product\\\/pokemon-xy-roaring-skies-xy06-booster-display\\\/#breadcrumb\",\"itemListElement\":[{\"@type\":\"ListItem\",\"position\":1,\"name\":\"Home\",\"item\":\"https:\\\/\\\/theuncommonshop.ch\\\/en\\\/home\\\/\"},{\"@type\":\"ListItem\",\"position\":2,\"name\":\"Store\",\"item\":\"https:\\\/\\\/theuncommonshop.ch\\\/en\\\/store\\\/\"},{\"@type\":\"ListItem\",\"position\":3,\"name\":\"Pok\u00e9mon &#8211; XY &#8211; Roaring Skies (XY06) &#8211; Booster Display\"}]},{\"@type\":\"WebSite\",\"@id\":\"https:\\\/\\\/theuncommonshop.ch\\\/en\\\/#website\",\"url\":\"https:\\\/\\\/theuncommonshop.ch\\\/en\\\/\",\"name\":\"The Uncommon Shop\",\"description\":\"Magic, Pok\u00e9mon and Yu-gi-oh - The Uncommon Shop\",\"potentialAction\":[{\"@type\":\"SearchAction\",\"target\":{\"@type\":\"EntryPoint\",\"urlTemplate\":\"https:\\\/\\\/theuncommonshop.ch\\\/en\\\/?s={search_term_string}\"},\"query-input\":{\"@type\":\"PropertyValueSpecification\",\"valueRequired\":true,\"valueName\":\"search_term_string\"}}],\"inLanguage\":\"en-US\"}]}<\/script>\n<meta property=\"og:availability\" content=\"instock\" \/>\n<meta property=\"product:availability\" content=\"instock\" \/>\n<meta property=\"product:condition\" content=\"new\" \/>\n<!-- \/ Yoast SEO plugin. -->","yoast_head_json":{"title":"Buy Pok\u00e9mon - XY - Roaring Skies (XY06) - Booster Display","description":"Shop Pok\u00e9mon - XY - Roaring Skies (XY06) - Booster Display online at great prices now! Your #1 TCG & Pok\u00e9mon card shop in Switzerland \u2713 Free shipping from CHF 29","robots":{"index":"index","follow":"follow","max-snippet":"max-snippet:-1","max-image-preview":"max-image-preview:large","max-video-preview":"max-video-preview:-1"},"canonical":"https:\/\/theuncommonshop.ch\/en\/product\/pokemon-xy-roaring-skies-xy06-booster-display\/","og_locale":"en_US","og_type":"article","og_title":"Buy Pok\u00e9mon - XY - Roaring Skies (XY06) - Booster Display","og_description":"Shop Pok\u00e9mon - XY - Roaring Skies (XY06) - Booster Display online at great prices now! Your #1 TCG & Pok\u00e9mon card shop in Switzerland \u2713 Free shipping from CHF 29","og_url":"https:\/\/theuncommonshop.ch\/en\/product\/pokemon-xy-roaring-skies-xy06-booster-display\/","og_site_name":"The Uncommon Shop","twitter_card":"summary_large_image","twitter_misc":{"Availability":"In stock"},"schema":{"@context":"https:\/\/schema.org","@graph":[{"@type":"WebPage","@id":"https:\/\/theuncommonshop.ch\/en\/product\/pokemon-xy-roaring-skies-xy06-booster-display\/","url":"https:\/\/theuncommonshop.ch\/en\/product\/pokemon-xy-roaring-skies-xy06-booster-display\/","name":"Buy Pok\u00e9mon - XY - Roaring Skies (XY06) - Booster Display","isPartOf":{"@id":"https:\/\/theuncommonshop.ch\/en\/#website"},"primaryImageOfPage":{"@id":"https:\/\/theuncommonshop.ch\/en\/product\/pokemon-xy-roaring-skies-xy06-booster-display\/#primaryimage"},"image":{"@id":"https:\/\/theuncommonshop.ch\/en\/product\/pokemon-xy-roaring-skies-xy06-booster-display\/#primaryimage"},"thumbnailUrl":"https:\/\/theuncommonshop.ch\/wp-content\/uploads\/2026\/04\/mp-bcd7c833-tProduct_mainImage.avif","datePublished":"2026-04-27T22:08:06+00:00","description":"Shop Pok\u00e9mon - XY - Roaring Skies (XY06) - Booster Display online at great prices now! Your #1 TCG & Pok\u00e9mon card shop in Switzerland \u2713 Free shipping from CHF 29","breadcrumb":{"@id":"https:\/\/theuncommonshop.ch\/en\/product\/pokemon-xy-roaring-skies-xy06-booster-display\/#breadcrumb"},"inLanguage":"en-US","potentialAction":[{"@type":"ReadAction","target":["https:\/\/theuncommonshop.ch\/en\/product\/pokemon-xy-roaring-skies-xy06-booster-display\/"]}]},{"@type":"ImageObject","inLanguage":"en-US","@id":"https:\/\/theuncommonshop.ch\/en\/product\/pokemon-xy-roaring-skies-xy06-booster-display\/#primaryimage","url":"https:\/\/theuncommonshop.ch\/wp-content\/uploads\/2026\/04\/mp-bcd7c833-tProduct_mainImage.avif","contentUrl":"https:\/\/theuncommonshop.ch\/wp-content\/uploads\/2026\/04\/mp-bcd7c833-tProduct_mainImage.avif","width":920,"height":920,"caption":"mp bcd7c833 tProduct mainImage"},{"@type":"BreadcrumbList","@id":"https:\/\/theuncommonshop.ch\/en\/product\/pokemon-xy-roaring-skies-xy06-booster-display\/#breadcrumb","itemListElement":[{"@type":"ListItem","position":1,"name":"Home","item":"https:\/\/theuncommonshop.ch\/en\/home\/"},{"@type":"ListItem","position":2,"name":"Store","item":"https:\/\/theuncommonshop.ch\/en\/store\/"},{"@type":"ListItem","position":3,"name":"Pok\u00e9mon &#8211; XY &#8211; Roaring Skies (XY06) &#8211; Booster Display"}]},{"@type":"WebSite","@id":"https:\/\/theuncommonshop.ch\/en\/#website","url":"https:\/\/theuncommonshop.ch\/en\/","name":"The Uncommon Shop","description":"Magic, Pok\u00e9mon and Yu-gi-oh - The Uncommon Shop","potentialAction":[{"@type":"SearchAction","target":{"@type":"EntryPoint","urlTemplate":"https:\/\/theuncommonshop.ch\/en\/?s={search_term_string}"},"query-input":{"@type":"PropertyValueSpecification","valueRequired":true,"valueName":"search_term_string"}}],"inLanguage":"en-US"}]},"og_availability":"instock","product_availability":"instock","product_condition":"new"},"_links":{"self":[{"href":"https:\/\/theuncommonshop.ch\/en\/wp-json\/wp\/v2\/product\/371458","targetHints":{"allow":["GET"]}}],"collection":[{"href":"https:\/\/theuncommonshop.ch\/en\/wp-json\/wp\/v2\/product"}],"about":[{"href":"https:\/\/theuncommonshop.ch\/en\/wp-json\/wp\/v2\/types\/product"}],"replies":[{"embeddable":true,"href":"https:\/\/theuncommonshop.ch\/en\/wp-json\/wp\/v2\/comments?post=371458"}],"version-history":[{"count":0,"href":"https:\/\/theuncommonshop.ch\/en\/wp-json\/wp\/v2\/product\/371458\/revisions"}],"wp:featuredmedia":[{"embeddable":true,"href":"https:\/\/theuncommonshop.ch\/en\/wp-json\/wp\/v2\/media\/371454"}],"wp:attachment":[{"href":"https:\/\/theuncommonshop.ch\/en\/wp-json\/wp\/v2\/media?parent=371458"}],"wp:term":[{"taxonomy":"product_brand","embeddable":true,"href":"https:\/\/theuncommonshop.ch\/en\/wp-json\/wp\/v2\/product_brand?post=371458"},{"taxonomy":"product_cat","embeddable":true,"href":"https:\/\/theuncommonshop.ch\/en\/wp-json\/wp\/v2\/product_cat?post=371458"},{"taxonomy":"product_tag","embeddable":true,"href":"https:\/\/theuncommonshop.ch\/en\/wp-json\/wp\/v2\/product_tag?post=371458"}],"curies":[{"name":"wp","href":"https:\/\/api.w.org\/{rel}","templated":true}]}}