{"id":371393,"date":"2026-04-27T23:11:56","date_gmt":"2026-04-27T21:11:56","guid":{"rendered":"https:\/\/theuncommonshop.ch\/?post_type=product&#038;p=371393"},"modified":"2026-04-27T23:30:18","modified_gmt":"2026-04-27T21:30:18","slug":"pokemon-sword-shield-evolving-skies-swsh07-elite-trainer-box-kopie","status":"publish","type":"product","link":"https:\/\/theuncommonshop.ch\/en\/product\/pokemon-sword-shield-evolving-skies-swsh07-elite-trainer-box-kopie\/","title":{"rendered":"Pok\u00e9mon &#8211; Sword &amp; Shield &#8211; Evolving Skies (SWSH07) &#8211; Elite Trainer Box &#8211; Pok\u00e9mon Center Edition"},"content":{"rendered":"<p data-path-to-node=\"2\">Unlike the regular ETBs that can be found in retail stores everywhere, these exclusive boxes are only sold directly through the official Pok\u00e9mon Center. They are characterized by a slightly modified packaging design, more booster packs and exclusive collector&#8217;s gifts. <\/p>\n<p data-path-to-node=\"2\"><strong>Price includes acrylic box for the Elite Trainer Box!<\/strong><\/p>\n<h4 data-path-to-node=\"8\"><b data-path-to-node=\"8\" data-index-in-node=\"0\">Contents of the Pok\u00e9mon Center ETB:<\/b><\/h4>\n<ul data-path-to-node=\"10\">\n<li>\n<p data-path-to-node=\"10,0,0\"><b data-path-to-node=\"10,0,0\" data-index-in-node=\"0\">10 Pok\u00e9mon TCG booster packs<\/b> of the <i data-path-to-node=\"10,0,0\" data-index-in-node=\"44\">Sword &amp; Shield &#8211; Evolving Skies<\/i> expansion<\/p>\n<\/li>\n<li>\n<p data-path-to-node=\"10,1,0\"><b data-path-to-node=\"10,1,0\" data-index-in-node=\"0\">1 exclusive collector&#8217;s pin<\/b> with the motif of Evoli (Eevee)<\/p>\n<\/li>\n<li>\n<p data-path-to-node=\"10,2,0\"><b data-path-to-node=\"10,2,0\" data-index-in-node=\"0\">1 exclusive, metallic Pok\u00e9mon coin<\/b> with the Evoli evolutions depicted on the box<\/p>\n<\/li>\n<li>\n<p data-path-to-node=\"10,3,0\"><b data-path-to-node=\"10,3,0\" data-index-in-node=\"0\">65 matt card sleeves<\/b> in the matching Eeveelution design of the respective box<\/p>\n<\/li>\n<li>\n<p data-path-to-node=\"10,4,0\"><b data-path-to-node=\"10,4,0\" data-index-in-node=\"0\">45 basic energy cards<\/b><\/p>\n<\/li>\n<li>\n<p data-path-to-node=\"10,5,0\"><b data-path-to-node=\"10,5,0\" data-index-in-node=\"0\">1 Player&#8217;s Handbook<\/b> for the Evolving Skies expansion<\/p>\n<\/li>\n<li>\n<p data-path-to-node=\"10,6,0\"><b data-path-to-node=\"10,6,0\" data-index-in-node=\"0\">1 Pok\u00e9mon TCG rulebook<\/b><\/p>\n<\/li>\n<li>\n<p data-path-to-node=\"10,7,0\"><b data-path-to-node=\"10,7,0\" data-index-in-node=\"0\">6 damage marker dice<\/b><\/p>\n<\/li>\n<li>\n<p data-path-to-node=\"10,8,0\"><b data-path-to-node=\"10,8,0\" data-index-in-node=\"0\">1 competition-legal coin toss dice<\/b><\/p>\n<\/li>\n<li>\n<p data-path-to-node=\"10,9,0\"><b data-path-to-node=\"10,9,0\" data-index-in-node=\"0\">2 acrylic condition markers<\/b><\/p>\n<\/li>\n<li>\n<p data-path-to-node=\"10,10,0\"><b data-path-to-node=\"10,10,0\" data-index-in-node=\"0\">1 sturdy collection box<\/b> for storage, including <b data-path-to-node=\"10,10,0\" data-index-in-node=\"48\">4 card dividers<\/b> in matching design<\/p>\n<\/li>\n<li>\n<p data-path-to-node=\"10,11,0\"><b data-path-to-node=\"10,11,0\" data-index-in-node=\"0\">1 code card<\/b> for the Pok\u00e9mon Trading Cards Online \/ Live<\/p>\n<\/li>\n<\/ul>\n","protected":false},"excerpt":{"rendered":"<p>Unlike the regular ETBs that can be found in retail stores everywhere, these exclusive boxes are only sold directly through<\/p>\n","protected":false},"featured_media":371405,"comment_status":"open","ping_status":"closed","template":"","meta":{"_acf_changed":false},"product_brand":[5115,5073],"product_cat":[9808,9822,9776,9820,10072,10126],"product_tag":[],"class_list":{"0":"post-371393","1":"product","2":"type-product","3":"status-publish","4":"has-post-thumbnail","6":"product_brand-pokemon","7":"product_brand-the-pokemon-company","8":"product_cat-elite-trainer-boxes","9":"product_cat-investments","10":"product_cat-pokemon-en","11":"product_cat-products-by-sets","12":"product_cat-sword-and-shield","13":"product_cat-swsh07-evolving-skies-en","15":"first","16":"instock","17":"taxable","18":"shipping-taxable","19":"purchasable","20":"product-type-variable"},"acf":[],"yoast_head":"<!-- This site is optimized with the Yoast SEO plugin v27.4 - https:\/\/yoast.com\/product\/yoast-seo-wordpress\/ -->\n<title>Buy Pok\u00e9mon - Sword &amp; Shield - Evolving Skies (SWSH07) - Elite Trainer Box - Pok\u00e9mon Center Edition<\/title>\n<meta name=\"description\" content=\"Shop Pok\u00e9mon - Sword &amp; Shield - Evolving Skies (SWSH07) - Elite Trainer Box - Pok\u00e9mon Center Edition online at great prices now! Your #1 TCG &amp; Pok\u00e9mon card shop in Switzerland \u2713 Free shipping from CHF 29\" \/>\n<meta name=\"robots\" content=\"index, follow, max-snippet:-1, max-image-preview:large, max-video-preview:-1\" \/>\n<link rel=\"canonical\" href=\"https:\/\/theuncommonshop.ch\/en\/product\/pokemon-sword-shield-evolving-skies-swsh07-elite-trainer-box-kopie\/\" \/>\n<meta property=\"og:locale\" content=\"en_US\" \/>\n<meta property=\"og:type\" content=\"article\" \/>\n<meta property=\"og:title\" content=\"Buy Pok\u00e9mon - Sword &amp; Shield - Evolving Skies (SWSH07) - Elite Trainer Box - Pok\u00e9mon Center Edition\" \/>\n<meta property=\"og:description\" content=\"Shop Pok\u00e9mon - Sword &amp; Shield - Evolving Skies (SWSH07) - Elite Trainer Box - Pok\u00e9mon Center Edition online at great prices now! Your #1 TCG &amp; Pok\u00e9mon card shop in Switzerland \u2713 Free shipping from CHF 29\" \/>\n<meta property=\"og:url\" content=\"https:\/\/theuncommonshop.ch\/en\/product\/pokemon-sword-shield-evolving-skies-swsh07-elite-trainer-box-kopie\/\" \/>\n<meta property=\"og:site_name\" content=\"The Uncommon Shop\" \/>\n<meta property=\"article:modified_time\" content=\"2026-04-27T21:30:18+00:00\" \/>\n<meta property=\"og:image\" content=\"https:\/\/theuncommonshop.ch\/wp-content\/uploads\/2026\/04\/EVO11.jpg\" \/>\n\t<meta property=\"og:image:width\" content=\"720\" \/>\n\t<meta property=\"og:image:height\" content=\"669\" \/>\n\t<meta property=\"og:image:type\" content=\"image\/jpeg\" \/>\n<meta name=\"twitter:card\" content=\"summary_large_image\" \/>\n<meta name=\"twitter:label1\" content=\"Availability\" \/>\n\t<meta name=\"twitter:data1\" content=\"In stock\" \/>\n<script type=\"application\/ld+json\" class=\"yoast-schema-graph\">{\"@context\":\"https:\\\/\\\/schema.org\",\"@graph\":[{\"@type\":\"WebPage\",\"@id\":\"https:\\\/\\\/theuncommonshop.ch\\\/en\\\/product\\\/pokemon-sword-shield-evolving-skies-swsh07-elite-trainer-box-kopie\\\/\",\"url\":\"https:\\\/\\\/theuncommonshop.ch\\\/en\\\/product\\\/pokemon-sword-shield-evolving-skies-swsh07-elite-trainer-box-kopie\\\/\",\"name\":\"Buy Pok\u00e9mon - Sword &amp; Shield - Evolving Skies (SWSH07) - Elite Trainer Box - Pok\u00e9mon Center Edition\",\"isPartOf\":{\"@id\":\"https:\\\/\\\/theuncommonshop.ch\\\/en\\\/#website\"},\"primaryImageOfPage\":{\"@id\":\"https:\\\/\\\/theuncommonshop.ch\\\/en\\\/product\\\/pokemon-sword-shield-evolving-skies-swsh07-elite-trainer-box-kopie\\\/#primaryimage\"},\"image\":{\"@id\":\"https:\\\/\\\/theuncommonshop.ch\\\/en\\\/product\\\/pokemon-sword-shield-evolving-skies-swsh07-elite-trainer-box-kopie\\\/#primaryimage\"},\"thumbnailUrl\":\"https:\\\/\\\/theuncommonshop.ch\\\/wp-content\\\/uploads\\\/2026\\\/04\\\/EVO11.jpg\",\"datePublished\":\"2026-04-27T21:11:56+00:00\",\"dateModified\":\"2026-04-27T21:30:18+00:00\",\"description\":\"Shop Pok\u00e9mon - Sword &amp; Shield - Evolving Skies (SWSH07) - Elite Trainer Box - Pok\u00e9mon Center Edition online at great prices now! Your #1 TCG & Pok\u00e9mon card shop in Switzerland \u2713 Free shipping from CHF 29\",\"breadcrumb\":{\"@id\":\"https:\\\/\\\/theuncommonshop.ch\\\/en\\\/product\\\/pokemon-sword-shield-evolving-skies-swsh07-elite-trainer-box-kopie\\\/#breadcrumb\"},\"inLanguage\":\"en-US\",\"potentialAction\":[{\"@type\":\"ReadAction\",\"target\":[\"https:\\\/\\\/theuncommonshop.ch\\\/en\\\/product\\\/pokemon-sword-shield-evolving-skies-swsh07-elite-trainer-box-kopie\\\/\"]}]},{\"@type\":\"ImageObject\",\"inLanguage\":\"en-US\",\"@id\":\"https:\\\/\\\/theuncommonshop.ch\\\/en\\\/product\\\/pokemon-sword-shield-evolving-skies-swsh07-elite-trainer-box-kopie\\\/#primaryimage\",\"url\":\"https:\\\/\\\/theuncommonshop.ch\\\/wp-content\\\/uploads\\\/2026\\\/04\\\/EVO11.jpg\",\"contentUrl\":\"https:\\\/\\\/theuncommonshop.ch\\\/wp-content\\\/uploads\\\/2026\\\/04\\\/EVO11.jpg\",\"width\":720,\"height\":669,\"caption\":\"EVO11\"},{\"@type\":\"BreadcrumbList\",\"@id\":\"https:\\\/\\\/theuncommonshop.ch\\\/en\\\/product\\\/pokemon-sword-shield-evolving-skies-swsh07-elite-trainer-box-kopie\\\/#breadcrumb\",\"itemListElement\":[{\"@type\":\"ListItem\",\"position\":1,\"name\":\"Home\",\"item\":\"https:\\\/\\\/theuncommonshop.ch\\\/en\\\/home\\\/\"},{\"@type\":\"ListItem\",\"position\":2,\"name\":\"Store\",\"item\":\"https:\\\/\\\/theuncommonshop.ch\\\/en\\\/store\\\/\"},{\"@type\":\"ListItem\",\"position\":3,\"name\":\"Pok\u00e9mon\",\"item\":\"https:\\\/\\\/theuncommonshop.ch\\\/en\\\/product-category\\\/pokemon-en\\\/\"},{\"@type\":\"ListItem\",\"position\":4,\"name\":\"Products by Sets\",\"item\":\"https:\\\/\\\/theuncommonshop.ch\\\/en\\\/product-category\\\/pokemon-en\\\/products-by-sets\\\/\"},{\"@type\":\"ListItem\",\"position\":5,\"name\":\"Sword & Shield\",\"item\":\"https:\\\/\\\/theuncommonshop.ch\\\/en\\\/product-category\\\/pokemon-en\\\/products-by-sets\\\/sword-and-shield\\\/\"},{\"@type\":\"ListItem\",\"position\":6,\"name\":\"SWSH07 Evolving Skies\",\"item\":\"https:\\\/\\\/theuncommonshop.ch\\\/en\\\/product-category\\\/pokemon-en\\\/products-by-sets\\\/sword-and-shield\\\/swsh07-evolving-skies-en\\\/\"},{\"@type\":\"ListItem\",\"position\":7,\"name\":\"Pok\u00e9mon &#8211; Sword &amp; Shield &#8211; Evolving Skies (SWSH07) &#8211; Elite Trainer Box &#8211; Pok\u00e9mon Center Edition\"}]},{\"@type\":\"WebSite\",\"@id\":\"https:\\\/\\\/theuncommonshop.ch\\\/en\\\/#website\",\"url\":\"https:\\\/\\\/theuncommonshop.ch\\\/en\\\/\",\"name\":\"The Uncommon Shop\",\"description\":\"Magic, Pok\u00e9mon and Yu-gi-oh - The Uncommon Shop\",\"potentialAction\":[{\"@type\":\"SearchAction\",\"target\":{\"@type\":\"EntryPoint\",\"urlTemplate\":\"https:\\\/\\\/theuncommonshop.ch\\\/en\\\/?s={search_term_string}\"},\"query-input\":{\"@type\":\"PropertyValueSpecification\",\"valueRequired\":true,\"valueName\":\"search_term_string\"}}],\"inLanguage\":\"en-US\"}]}<\/script>\n<meta property=\"og:availability\" content=\"instock\" \/>\n<meta property=\"product:availability\" content=\"instock\" \/>\n<meta property=\"product:condition\" content=\"new\" \/>\n<!-- \/ Yoast SEO plugin. -->","yoast_head_json":{"title":"Buy Pok\u00e9mon - Sword &amp; Shield - Evolving Skies (SWSH07) - Elite Trainer Box - Pok\u00e9mon Center Edition","description":"Shop Pok\u00e9mon - Sword &amp; Shield - Evolving Skies (SWSH07) - Elite Trainer Box - Pok\u00e9mon Center Edition online at great prices now! Your #1 TCG & Pok\u00e9mon card shop in Switzerland \u2713 Free shipping from CHF 29","robots":{"index":"index","follow":"follow","max-snippet":"max-snippet:-1","max-image-preview":"max-image-preview:large","max-video-preview":"max-video-preview:-1"},"canonical":"https:\/\/theuncommonshop.ch\/en\/product\/pokemon-sword-shield-evolving-skies-swsh07-elite-trainer-box-kopie\/","og_locale":"en_US","og_type":"article","og_title":"Buy Pok\u00e9mon - Sword &amp; Shield - Evolving Skies (SWSH07) - Elite Trainer Box - Pok\u00e9mon Center Edition","og_description":"Shop Pok\u00e9mon - Sword &amp; Shield - Evolving Skies (SWSH07) - Elite Trainer Box - Pok\u00e9mon Center Edition online at great prices now! Your #1 TCG & Pok\u00e9mon card shop in Switzerland \u2713 Free shipping from CHF 29","og_url":"https:\/\/theuncommonshop.ch\/en\/product\/pokemon-sword-shield-evolving-skies-swsh07-elite-trainer-box-kopie\/","og_site_name":"The Uncommon Shop","article_modified_time":"2026-04-27T21:30:18+00:00","og_image":[{"width":720,"height":669,"url":"https:\/\/theuncommonshop.ch\/wp-content\/uploads\/2026\/04\/EVO11.jpg","type":"image\/jpeg"}],"twitter_card":"summary_large_image","twitter_misc":{"Availability":"In stock"},"schema":{"@context":"https:\/\/schema.org","@graph":[{"@type":"WebPage","@id":"https:\/\/theuncommonshop.ch\/en\/product\/pokemon-sword-shield-evolving-skies-swsh07-elite-trainer-box-kopie\/","url":"https:\/\/theuncommonshop.ch\/en\/product\/pokemon-sword-shield-evolving-skies-swsh07-elite-trainer-box-kopie\/","name":"Buy Pok\u00e9mon - Sword &amp; Shield - Evolving Skies (SWSH07) - Elite Trainer Box - Pok\u00e9mon Center Edition","isPartOf":{"@id":"https:\/\/theuncommonshop.ch\/en\/#website"},"primaryImageOfPage":{"@id":"https:\/\/theuncommonshop.ch\/en\/product\/pokemon-sword-shield-evolving-skies-swsh07-elite-trainer-box-kopie\/#primaryimage"},"image":{"@id":"https:\/\/theuncommonshop.ch\/en\/product\/pokemon-sword-shield-evolving-skies-swsh07-elite-trainer-box-kopie\/#primaryimage"},"thumbnailUrl":"https:\/\/theuncommonshop.ch\/wp-content\/uploads\/2026\/04\/EVO11.jpg","datePublished":"2026-04-27T21:11:56+00:00","dateModified":"2026-04-27T21:30:18+00:00","description":"Shop Pok\u00e9mon - Sword &amp; Shield - Evolving Skies (SWSH07) - Elite Trainer Box - Pok\u00e9mon Center Edition online at great prices now! Your #1 TCG & Pok\u00e9mon card shop in Switzerland \u2713 Free shipping from CHF 29","breadcrumb":{"@id":"https:\/\/theuncommonshop.ch\/en\/product\/pokemon-sword-shield-evolving-skies-swsh07-elite-trainer-box-kopie\/#breadcrumb"},"inLanguage":"en-US","potentialAction":[{"@type":"ReadAction","target":["https:\/\/theuncommonshop.ch\/en\/product\/pokemon-sword-shield-evolving-skies-swsh07-elite-trainer-box-kopie\/"]}]},{"@type":"ImageObject","inLanguage":"en-US","@id":"https:\/\/theuncommonshop.ch\/en\/product\/pokemon-sword-shield-evolving-skies-swsh07-elite-trainer-box-kopie\/#primaryimage","url":"https:\/\/theuncommonshop.ch\/wp-content\/uploads\/2026\/04\/EVO11.jpg","contentUrl":"https:\/\/theuncommonshop.ch\/wp-content\/uploads\/2026\/04\/EVO11.jpg","width":720,"height":669,"caption":"EVO11"},{"@type":"BreadcrumbList","@id":"https:\/\/theuncommonshop.ch\/en\/product\/pokemon-sword-shield-evolving-skies-swsh07-elite-trainer-box-kopie\/#breadcrumb","itemListElement":[{"@type":"ListItem","position":1,"name":"Home","item":"https:\/\/theuncommonshop.ch\/en\/home\/"},{"@type":"ListItem","position":2,"name":"Store","item":"https:\/\/theuncommonshop.ch\/en\/store\/"},{"@type":"ListItem","position":3,"name":"Pok\u00e9mon","item":"https:\/\/theuncommonshop.ch\/en\/product-category\/pokemon-en\/"},{"@type":"ListItem","position":4,"name":"Products by Sets","item":"https:\/\/theuncommonshop.ch\/en\/product-category\/pokemon-en\/products-by-sets\/"},{"@type":"ListItem","position":5,"name":"Sword & Shield","item":"https:\/\/theuncommonshop.ch\/en\/product-category\/pokemon-en\/products-by-sets\/sword-and-shield\/"},{"@type":"ListItem","position":6,"name":"SWSH07 Evolving Skies","item":"https:\/\/theuncommonshop.ch\/en\/product-category\/pokemon-en\/products-by-sets\/sword-and-shield\/swsh07-evolving-skies-en\/"},{"@type":"ListItem","position":7,"name":"Pok\u00e9mon &#8211; Sword &amp; Shield &#8211; Evolving Skies (SWSH07) &#8211; Elite Trainer Box &#8211; Pok\u00e9mon Center Edition"}]},{"@type":"WebSite","@id":"https:\/\/theuncommonshop.ch\/en\/#website","url":"https:\/\/theuncommonshop.ch\/en\/","name":"The Uncommon Shop","description":"Magic, Pok\u00e9mon and Yu-gi-oh - The Uncommon Shop","potentialAction":[{"@type":"SearchAction","target":{"@type":"EntryPoint","urlTemplate":"https:\/\/theuncommonshop.ch\/en\/?s={search_term_string}"},"query-input":{"@type":"PropertyValueSpecification","valueRequired":true,"valueName":"search_term_string"}}],"inLanguage":"en-US"}]},"og_availability":"instock","product_availability":"instock","product_condition":"new"},"_links":{"self":[{"href":"https:\/\/theuncommonshop.ch\/en\/wp-json\/wp\/v2\/product\/371393","targetHints":{"allow":["GET"]}}],"collection":[{"href":"https:\/\/theuncommonshop.ch\/en\/wp-json\/wp\/v2\/product"}],"about":[{"href":"https:\/\/theuncommonshop.ch\/en\/wp-json\/wp\/v2\/types\/product"}],"replies":[{"embeddable":true,"href":"https:\/\/theuncommonshop.ch\/en\/wp-json\/wp\/v2\/comments?post=371393"}],"version-history":[{"count":2,"href":"https:\/\/theuncommonshop.ch\/en\/wp-json\/wp\/v2\/product\/371393\/revisions"}],"predecessor-version":[{"id":371430,"href":"https:\/\/theuncommonshop.ch\/en\/wp-json\/wp\/v2\/product\/371393\/revisions\/371430"}],"wp:featuredmedia":[{"embeddable":true,"href":"https:\/\/theuncommonshop.ch\/en\/wp-json\/wp\/v2\/media\/371405"}],"wp:attachment":[{"href":"https:\/\/theuncommonshop.ch\/en\/wp-json\/wp\/v2\/media?parent=371393"}],"wp:term":[{"taxonomy":"product_brand","embeddable":true,"href":"https:\/\/theuncommonshop.ch\/en\/wp-json\/wp\/v2\/product_brand?post=371393"},{"taxonomy":"product_cat","embeddable":true,"href":"https:\/\/theuncommonshop.ch\/en\/wp-json\/wp\/v2\/product_cat?post=371393"},{"taxonomy":"product_tag","embeddable":true,"href":"https:\/\/theuncommonshop.ch\/en\/wp-json\/wp\/v2\/product_tag?post=371393"}],"curies":[{"name":"wp","href":"https:\/\/api.w.org\/{rel}","templated":true}]}}