{"id":370563,"date":"2026-04-22T03:00:42","date_gmt":"2026-04-22T01:00:42","guid":{"rendered":"https:\/\/theuncommonshop.ch\/product\/protecc-acryl-case-pokemon-pokemon-center-special-box\/"},"modified":"2026-04-22T03:00:42","modified_gmt":"2026-04-22T01:00:42","slug":"protecc-acryl-case-pokemon-pokemon-center-special-box","status":"publish","type":"product","link":"https:\/\/theuncommonshop.ch\/en\/product\/protecc-acryl-case-pokemon-pokemon-center-special-box\/","title":{"rendered":"Protecc &#8211; Acryl Case &#8211; Pok\u00e9mon &#8211; Pok\u00e9mon Center Special Box"},"content":{"rendered":"<p>Discover the perfect combination of stylish presentation and protection for your <strong>Pok\u00e9mon &#8211; Pok\u00e9mon Center Special Box<\/strong> with the high-quality, magnetic and crystal-clear acrylic case from Protecc.<\/p>\n<p>Thanks to the strong magnets, mounting is effortless and secure, while your collection shines in all its glory. No fiddly screwing, with Protecc you can easily display and protect your collection in all its glory. <\/p>\n<p><strong>Properties:<\/strong><\/p>\n<ul>\n<li>Strong magnets for attachment and dust protection<\/li>\n<li>Crystal clear transparency<\/li>\n<li>Long-term value retention<\/li>\n<li>Easy insertion and removal<\/li>\n<li>UV protection for vibrant colors<\/li>\n<li>Aesthetic design<\/li>\n<\/ul>\n","protected":false},"excerpt":{"rendered":"<p>Discover the perfect combination of stylish presentation and protection for your Pok\u00e9mon &#8211; Pok\u00e9mon Center Special Box with the high-quality,<\/p>\n","protected":false},"featured_media":370560,"comment_status":"open","ping_status":"closed","template":"","meta":{"_acf_changed":false},"product_brand":[5121],"product_cat":[10258,9882,9880,9866,9858],"product_tag":[],"class_list":{"0":"post-370563","1":"product","2":"type-product","3":"status-publish","4":"has-post-thumbnail","6":"product_brand-protecc","7":"product_cat-everything","8":"product_cat-other-accessories","9":"product_cat-protecc-en","10":"product_cat-storage","11":"product_cat-tcg-accessories","13":"first","14":"instock","15":"taxable","16":"shipping-taxable","17":"purchasable","18":"product-type-simple"},"acf":[],"yoast_head":"<!-- This site is optimized with the Yoast SEO plugin v27.4 - https:\/\/yoast.com\/product\/yoast-seo-wordpress\/ -->\n<title>Buy Protecc - Acryl Case - Pok\u00e9mon - Pok\u00e9mon Center Special Box<\/title>\n<meta name=\"description\" content=\"Shop Protecc - Acryl Case - Pok\u00e9mon - Pok\u00e9mon Center Special Box online at great prices now! Your #1 TCG &amp; Pok\u00e9mon card shop in Switzerland \u2713 Free shipping from CHF 29\" \/>\n<meta name=\"robots\" content=\"index, follow, max-snippet:-1, max-image-preview:large, max-video-preview:-1\" \/>\n<link rel=\"canonical\" href=\"https:\/\/theuncommonshop.ch\/en\/product\/protecc-acryl-case-pokemon-pokemon-center-special-box\/\" \/>\n<meta property=\"og:locale\" content=\"en_US\" \/>\n<meta property=\"og:type\" content=\"article\" \/>\n<meta property=\"og:title\" content=\"Buy Protecc - Acryl Case - Pok\u00e9mon - Pok\u00e9mon Center Special Box\" \/>\n<meta property=\"og:description\" content=\"Shop Protecc - Acryl Case - Pok\u00e9mon - Pok\u00e9mon Center Special Box online at great prices now! Your #1 TCG &amp; Pok\u00e9mon card shop in Switzerland \u2713 Free shipping from CHF 29\" \/>\n<meta property=\"og:url\" content=\"https:\/\/theuncommonshop.ch\/en\/product\/protecc-acryl-case-pokemon-pokemon-center-special-box\/\" \/>\n<meta property=\"og:site_name\" content=\"The Uncommon Shop\" \/>\n<meta property=\"og:image\" content=\"https:\/\/theuncommonshop.ch\/wp-content\/uploads\/2026\/04\/Design-ohne-Titel-8.jpg\" \/>\n\t<meta property=\"og:image:width\" content=\"1500\" \/>\n\t<meta property=\"og:image:height\" content=\"1500\" \/>\n\t<meta property=\"og:image:type\" content=\"image\/jpeg\" \/>\n<meta name=\"twitter:card\" content=\"summary_large_image\" \/>\n<meta name=\"twitter:label1\" content=\"Price\" \/>\n\t<meta name=\"twitter:data1\" content=\"&#067;&#072;&#070;&nbsp;49.95\" \/>\n\t<meta name=\"twitter:label2\" content=\"Availability\" \/>\n\t<meta name=\"twitter:data2\" content=\"In stock\" \/>\n<script type=\"application\/ld+json\" class=\"yoast-schema-graph\">{\"@context\":\"https:\\\/\\\/schema.org\",\"@graph\":[{\"@type\":\"WebPage\",\"@id\":\"https:\\\/\\\/theuncommonshop.ch\\\/en\\\/product\\\/protecc-acryl-case-pokemon-pokemon-center-special-box\\\/\",\"url\":\"https:\\\/\\\/theuncommonshop.ch\\\/en\\\/product\\\/protecc-acryl-case-pokemon-pokemon-center-special-box\\\/\",\"name\":\"Buy Protecc - Acryl Case - Pok\u00e9mon - Pok\u00e9mon Center Special Box\",\"isPartOf\":{\"@id\":\"https:\\\/\\\/theuncommonshop.ch\\\/en\\\/#website\"},\"primaryImageOfPage\":{\"@id\":\"https:\\\/\\\/theuncommonshop.ch\\\/en\\\/product\\\/protecc-acryl-case-pokemon-pokemon-center-special-box\\\/#primaryimage\"},\"image\":{\"@id\":\"https:\\\/\\\/theuncommonshop.ch\\\/en\\\/product\\\/protecc-acryl-case-pokemon-pokemon-center-special-box\\\/#primaryimage\"},\"thumbnailUrl\":\"https:\\\/\\\/theuncommonshop.ch\\\/wp-content\\\/uploads\\\/2026\\\/04\\\/Design-ohne-Titel-8.jpg\",\"datePublished\":\"2026-04-22T01:00:42+00:00\",\"description\":\"Shop Protecc - Acryl Case - Pok\u00e9mon - Pok\u00e9mon Center Special Box online at great prices now! Your #1 TCG & Pok\u00e9mon card shop in Switzerland \u2713 Free shipping from CHF 29\",\"breadcrumb\":{\"@id\":\"https:\\\/\\\/theuncommonshop.ch\\\/en\\\/product\\\/protecc-acryl-case-pokemon-pokemon-center-special-box\\\/#breadcrumb\"},\"inLanguage\":\"en-US\",\"potentialAction\":[{\"@type\":\"ReadAction\",\"target\":[\"https:\\\/\\\/theuncommonshop.ch\\\/en\\\/product\\\/protecc-acryl-case-pokemon-pokemon-center-special-box\\\/\"]}]},{\"@type\":\"ImageObject\",\"inLanguage\":\"en-US\",\"@id\":\"https:\\\/\\\/theuncommonshop.ch\\\/en\\\/product\\\/protecc-acryl-case-pokemon-pokemon-center-special-box\\\/#primaryimage\",\"url\":\"https:\\\/\\\/theuncommonshop.ch\\\/wp-content\\\/uploads\\\/2026\\\/04\\\/Design-ohne-Titel-8.jpg\",\"contentUrl\":\"https:\\\/\\\/theuncommonshop.ch\\\/wp-content\\\/uploads\\\/2026\\\/04\\\/Design-ohne-Titel-8.jpg\",\"width\":1500,\"height\":1500,\"caption\":\"Design without title (8)\"},{\"@type\":\"BreadcrumbList\",\"@id\":\"https:\\\/\\\/theuncommonshop.ch\\\/en\\\/product\\\/protecc-acryl-case-pokemon-pokemon-center-special-box\\\/#breadcrumb\",\"itemListElement\":[{\"@type\":\"ListItem\",\"position\":1,\"name\":\"Home\",\"item\":\"https:\\\/\\\/theuncommonshop.ch\\\/en\\\/home\\\/\"},{\"@type\":\"ListItem\",\"position\":2,\"name\":\"Store\",\"item\":\"https:\\\/\\\/theuncommonshop.ch\\\/en\\\/store\\\/\"},{\"@type\":\"ListItem\",\"position\":3,\"name\":\"Protecc &#8211; Acryl Case &#8211; Pok\u00e9mon &#8211; Pok\u00e9mon Center Special Box\"}]},{\"@type\":\"WebSite\",\"@id\":\"https:\\\/\\\/theuncommonshop.ch\\\/en\\\/#website\",\"url\":\"https:\\\/\\\/theuncommonshop.ch\\\/en\\\/\",\"name\":\"The Uncommon Shop\",\"description\":\"Magic, Pok\u00e9mon and Yu-gi-oh - The Uncommon Shop\",\"potentialAction\":[{\"@type\":\"SearchAction\",\"target\":{\"@type\":\"EntryPoint\",\"urlTemplate\":\"https:\\\/\\\/theuncommonshop.ch\\\/en\\\/?s={search_term_string}\"},\"query-input\":{\"@type\":\"PropertyValueSpecification\",\"valueRequired\":true,\"valueName\":\"search_term_string\"}}],\"inLanguage\":\"en-US\"}]}<\/script>\n<meta property=\"product:price:amount\" content=\"49.95\" \/>\n<meta property=\"product:price:currency\" content=\"CHF\" \/>\n<meta property=\"og:availability\" content=\"instock\" \/>\n<meta property=\"product:availability\" content=\"instock\" \/>\n<meta property=\"product:retailer_item_id\" content=\"ProteccPokemonPokeCenterSpecialBoxAcrylCase\" \/>\n<meta property=\"product:condition\" content=\"new\" \/>\n<!-- \/ Yoast SEO plugin. -->","yoast_head_json":{"title":"Buy Protecc - Acryl Case - Pok\u00e9mon - Pok\u00e9mon Center Special Box","description":"Shop Protecc - Acryl Case - Pok\u00e9mon - Pok\u00e9mon Center Special Box online at great prices now! Your #1 TCG & Pok\u00e9mon card shop in Switzerland \u2713 Free shipping from CHF 29","robots":{"index":"index","follow":"follow","max-snippet":"max-snippet:-1","max-image-preview":"max-image-preview:large","max-video-preview":"max-video-preview:-1"},"canonical":"https:\/\/theuncommonshop.ch\/en\/product\/protecc-acryl-case-pokemon-pokemon-center-special-box\/","og_locale":"en_US","og_type":"article","og_title":"Buy Protecc - Acryl Case - Pok\u00e9mon - Pok\u00e9mon Center Special Box","og_description":"Shop Protecc - Acryl Case - Pok\u00e9mon - Pok\u00e9mon Center Special Box online at great prices now! Your #1 TCG & Pok\u00e9mon card shop in Switzerland \u2713 Free shipping from CHF 29","og_url":"https:\/\/theuncommonshop.ch\/en\/product\/protecc-acryl-case-pokemon-pokemon-center-special-box\/","og_site_name":"The Uncommon Shop","og_image":[{"width":1500,"height":1500,"url":"https:\/\/theuncommonshop.ch\/wp-content\/uploads\/2026\/04\/Design-ohne-Titel-8.jpg","type":"image\/jpeg"}],"twitter_card":"summary_large_image","twitter_misc":{"Price":"&#67;&#72;&#70;&nbsp;49.95","Availability":"In stock"},"schema":{"@context":"https:\/\/schema.org","@graph":[{"@type":"WebPage","@id":"https:\/\/theuncommonshop.ch\/en\/product\/protecc-acryl-case-pokemon-pokemon-center-special-box\/","url":"https:\/\/theuncommonshop.ch\/en\/product\/protecc-acryl-case-pokemon-pokemon-center-special-box\/","name":"Buy Protecc - Acryl Case - Pok\u00e9mon - Pok\u00e9mon Center Special Box","isPartOf":{"@id":"https:\/\/theuncommonshop.ch\/en\/#website"},"primaryImageOfPage":{"@id":"https:\/\/theuncommonshop.ch\/en\/product\/protecc-acryl-case-pokemon-pokemon-center-special-box\/#primaryimage"},"image":{"@id":"https:\/\/theuncommonshop.ch\/en\/product\/protecc-acryl-case-pokemon-pokemon-center-special-box\/#primaryimage"},"thumbnailUrl":"https:\/\/theuncommonshop.ch\/wp-content\/uploads\/2026\/04\/Design-ohne-Titel-8.jpg","datePublished":"2026-04-22T01:00:42+00:00","description":"Shop Protecc - Acryl Case - Pok\u00e9mon - Pok\u00e9mon Center Special Box online at great prices now! Your #1 TCG & Pok\u00e9mon card shop in Switzerland \u2713 Free shipping from CHF 29","breadcrumb":{"@id":"https:\/\/theuncommonshop.ch\/en\/product\/protecc-acryl-case-pokemon-pokemon-center-special-box\/#breadcrumb"},"inLanguage":"en-US","potentialAction":[{"@type":"ReadAction","target":["https:\/\/theuncommonshop.ch\/en\/product\/protecc-acryl-case-pokemon-pokemon-center-special-box\/"]}]},{"@type":"ImageObject","inLanguage":"en-US","@id":"https:\/\/theuncommonshop.ch\/en\/product\/protecc-acryl-case-pokemon-pokemon-center-special-box\/#primaryimage","url":"https:\/\/theuncommonshop.ch\/wp-content\/uploads\/2026\/04\/Design-ohne-Titel-8.jpg","contentUrl":"https:\/\/theuncommonshop.ch\/wp-content\/uploads\/2026\/04\/Design-ohne-Titel-8.jpg","width":1500,"height":1500,"caption":"Design without title (8)"},{"@type":"BreadcrumbList","@id":"https:\/\/theuncommonshop.ch\/en\/product\/protecc-acryl-case-pokemon-pokemon-center-special-box\/#breadcrumb","itemListElement":[{"@type":"ListItem","position":1,"name":"Home","item":"https:\/\/theuncommonshop.ch\/en\/home\/"},{"@type":"ListItem","position":2,"name":"Store","item":"https:\/\/theuncommonshop.ch\/en\/store\/"},{"@type":"ListItem","position":3,"name":"Protecc &#8211; Acryl Case &#8211; Pok\u00e9mon &#8211; Pok\u00e9mon Center Special Box"}]},{"@type":"WebSite","@id":"https:\/\/theuncommonshop.ch\/en\/#website","url":"https:\/\/theuncommonshop.ch\/en\/","name":"The Uncommon Shop","description":"Magic, Pok\u00e9mon and Yu-gi-oh - The Uncommon Shop","potentialAction":[{"@type":"SearchAction","target":{"@type":"EntryPoint","urlTemplate":"https:\/\/theuncommonshop.ch\/en\/?s={search_term_string}"},"query-input":{"@type":"PropertyValueSpecification","valueRequired":true,"valueName":"search_term_string"}}],"inLanguage":"en-US"}]},"product_price_amount":"49.95","product_price_currency":"CHF","og_availability":"instock","product_availability":"instock","product_retailer_item_id":"ProteccPokemonPokeCenterSpecialBoxAcrylCase","product_condition":"new"},"_links":{"self":[{"href":"https:\/\/theuncommonshop.ch\/en\/wp-json\/wp\/v2\/product\/370563","targetHints":{"allow":["GET"]}}],"collection":[{"href":"https:\/\/theuncommonshop.ch\/en\/wp-json\/wp\/v2\/product"}],"about":[{"href":"https:\/\/theuncommonshop.ch\/en\/wp-json\/wp\/v2\/types\/product"}],"replies":[{"embeddable":true,"href":"https:\/\/theuncommonshop.ch\/en\/wp-json\/wp\/v2\/comments?post=370563"}],"version-history":[{"count":0,"href":"https:\/\/theuncommonshop.ch\/en\/wp-json\/wp\/v2\/product\/370563\/revisions"}],"wp:featuredmedia":[{"embeddable":true,"href":"https:\/\/theuncommonshop.ch\/en\/wp-json\/wp\/v2\/media\/370560"}],"wp:attachment":[{"href":"https:\/\/theuncommonshop.ch\/en\/wp-json\/wp\/v2\/media?parent=370563"}],"wp:term":[{"taxonomy":"product_brand","embeddable":true,"href":"https:\/\/theuncommonshop.ch\/en\/wp-json\/wp\/v2\/product_brand?post=370563"},{"taxonomy":"product_cat","embeddable":true,"href":"https:\/\/theuncommonshop.ch\/en\/wp-json\/wp\/v2\/product_cat?post=370563"},{"taxonomy":"product_tag","embeddable":true,"href":"https:\/\/theuncommonshop.ch\/en\/wp-json\/wp\/v2\/product_tag?post=370563"}],"curies":[{"name":"wp","href":"https:\/\/api.w.org\/{rel}","templated":true}]}}