{"id":370507,"date":"2026-04-22T01:20:04","date_gmt":"2026-04-21T23:20:04","guid":{"rendered":"https:\/\/theuncommonshop.ch\/product\/protecc-acryl-case-pokemon-ultra-premium-collection\/"},"modified":"2026-04-22T01:20:04","modified_gmt":"2026-04-21T23:20:04","slug":"protecc-acryl-case-pokemon-ultra-premium-collection","status":"publish","type":"product","link":"https:\/\/theuncommonshop.ch\/en\/product\/protecc-acryl-case-pokemon-ultra-premium-collection\/","title":{"rendered":"Protecc &#8211; Acryl Case &#8211; Pok\u00e9mon Ultra Premium Collection"},"content":{"rendered":"<p>Discover the perfect combination of stylish presentation and protection for your Pok\u00e9mon Ultra Premium Collection (UPC) with the high-quality, magnetic and crystal-clear acrylic case from Protecc.<\/p>\n<p>Thanks to the strong magnets, mounting is effortless and secure, while your collection shines in all its glory. No fiddly screwing, with Protecc you can easily display and protect your collection in all its glory. <\/p>\n<p><strong>Properties:<\/strong><\/p>\n<ul>\n<li>Strong magnets for attachment and dust protection<\/li>\n<li>Crystal clear transparency<\/li>\n<li>Long-term value retention<\/li>\n<li>Easy insertion and removal<\/li>\n<li>UV protection for vibrant colors<\/li>\n<li>Aesthetic design<\/li>\n<\/ul>\n","protected":false},"excerpt":{"rendered":"<p>Discover the perfect combination of stylish presentation and protection for your Pok\u00e9mon Ultra Premium Collection (UPC) with the high-quality, magnetic<\/p>\n","protected":false},"featured_media":370502,"comment_status":"open","ping_status":"closed","template":"","meta":{"_acf_changed":false},"product_brand":[5121],"product_cat":[10258,9882,9880,9866,9858],"product_tag":[],"class_list":{"0":"post-370507","1":"product","2":"type-product","3":"status-publish","4":"has-post-thumbnail","6":"product_brand-protecc","7":"product_cat-everything","8":"product_cat-other-accessories","9":"product_cat-protecc-en","10":"product_cat-storage","11":"product_cat-tcg-accessories","13":"first","14":"instock","15":"taxable","16":"shipping-taxable","17":"purchasable","18":"product-type-simple"},"acf":[],"yoast_head":"<!-- This site is optimized with the Yoast SEO plugin v27.4 - https:\/\/yoast.com\/product\/yoast-seo-wordpress\/ -->\n<title>Buy Protecc - Acryl Case - Pok\u00e9mon Ultra Premium Collection<\/title>\n<meta name=\"description\" content=\"Shop Protecc - Acryl Case - Pok\u00e9mon Ultra Premium Collection online at great prices now! Your #1 TCG &amp; Pok\u00e9mon card shop in Switzerland \u2713 Free shipping from CHF 29\" \/>\n<meta name=\"robots\" content=\"index, follow, max-snippet:-1, max-image-preview:large, max-video-preview:-1\" \/>\n<link rel=\"canonical\" href=\"https:\/\/theuncommonshop.ch\/en\/product\/protecc-acryl-case-pokemon-ultra-premium-collection\/\" \/>\n<meta property=\"og:locale\" content=\"en_US\" \/>\n<meta property=\"og:type\" content=\"article\" \/>\n<meta property=\"og:title\" content=\"Buy Protecc - Acryl Case - Pok\u00e9mon Ultra Premium Collection\" \/>\n<meta property=\"og:description\" content=\"Shop Protecc - Acryl Case - Pok\u00e9mon Ultra Premium Collection online at great prices now! Your #1 TCG &amp; Pok\u00e9mon card shop in Switzerland \u2713 Free shipping from CHF 29\" \/>\n<meta property=\"og:url\" content=\"https:\/\/theuncommonshop.ch\/en\/product\/protecc-acryl-case-pokemon-ultra-premium-collection\/\" \/>\n<meta property=\"og:site_name\" content=\"Largest trading card shop in Switzerland\" \/>\n<meta property=\"og:image\" content=\"https:\/\/theuncommonshop.ch\/wp-content\/uploads\/2026\/04\/Design-ohne-Titel-2-1.jpg\" \/>\n\t<meta property=\"og:image:width\" content=\"1500\" \/>\n\t<meta property=\"og:image:height\" content=\"1500\" \/>\n\t<meta property=\"og:image:type\" content=\"image\/jpeg\" \/>\n<meta name=\"twitter:card\" content=\"summary_large_image\" \/>\n<meta name=\"twitter:label1\" content=\"Price\" \/>\n\t<meta name=\"twitter:data1\" content=\"&#067;&#072;&#070;&nbsp;39.95\" \/>\n\t<meta name=\"twitter:label2\" content=\"Availability\" \/>\n\t<meta name=\"twitter:data2\" content=\"In stock\" \/>\n<script type=\"application\/ld+json\" class=\"yoast-schema-graph\">{\"@context\":\"https:\\\/\\\/schema.org\",\"@graph\":[{\"@type\":\"WebPage\",\"@id\":\"https:\\\/\\\/theuncommonshop.ch\\\/en\\\/product\\\/protecc-acryl-case-pokemon-ultra-premium-collection\\\/\",\"url\":\"https:\\\/\\\/theuncommonshop.ch\\\/en\\\/product\\\/protecc-acryl-case-pokemon-ultra-premium-collection\\\/\",\"name\":\"Buy Protecc - Acryl Case - Pok\u00e9mon Ultra Premium Collection\",\"isPartOf\":{\"@id\":\"https:\\\/\\\/theuncommonshop.ch\\\/#website\"},\"primaryImageOfPage\":{\"@id\":\"https:\\\/\\\/theuncommonshop.ch\\\/en\\\/product\\\/protecc-acryl-case-pokemon-ultra-premium-collection\\\/#primaryimage\"},\"image\":{\"@id\":\"https:\\\/\\\/theuncommonshop.ch\\\/en\\\/product\\\/protecc-acryl-case-pokemon-ultra-premium-collection\\\/#primaryimage\"},\"thumbnailUrl\":\"https:\\\/\\\/theuncommonshop.ch\\\/wp-content\\\/uploads\\\/2026\\\/04\\\/Design-ohne-Titel-2-1.jpg\",\"datePublished\":\"2026-04-21T23:20:04+00:00\",\"description\":\"Shop Protecc - Acryl Case - Pok\u00e9mon Ultra Premium Collection online at great prices now! Your #1 TCG & Pok\u00e9mon card shop in Switzerland \u2713 Free shipping from CHF 29\",\"breadcrumb\":{\"@id\":\"https:\\\/\\\/theuncommonshop.ch\\\/en\\\/product\\\/protecc-acryl-case-pokemon-ultra-premium-collection\\\/#breadcrumb\"},\"inLanguage\":\"en-US\",\"potentialAction\":[{\"@type\":\"ReadAction\",\"target\":[\"https:\\\/\\\/theuncommonshop.ch\\\/en\\\/product\\\/protecc-acryl-case-pokemon-ultra-premium-collection\\\/\"]}]},{\"@type\":\"ImageObject\",\"inLanguage\":\"en-US\",\"@id\":\"https:\\\/\\\/theuncommonshop.ch\\\/en\\\/product\\\/protecc-acryl-case-pokemon-ultra-premium-collection\\\/#primaryimage\",\"url\":\"https:\\\/\\\/theuncommonshop.ch\\\/wp-content\\\/uploads\\\/2026\\\/04\\\/Design-ohne-Titel-2-1.jpg\",\"contentUrl\":\"https:\\\/\\\/theuncommonshop.ch\\\/wp-content\\\/uploads\\\/2026\\\/04\\\/Design-ohne-Titel-2-1.jpg\",\"width\":1500,\"height\":1500,\"caption\":\"Design without title (2)\"},{\"@type\":\"BreadcrumbList\",\"@id\":\"https:\\\/\\\/theuncommonshop.ch\\\/en\\\/product\\\/protecc-acryl-case-pokemon-ultra-premium-collection\\\/#breadcrumb\",\"itemListElement\":[{\"@type\":\"ListItem\",\"position\":1,\"name\":\"Home\",\"item\":\"https:\\\/\\\/theuncommonshop.ch\\\/en\\\/home\\\/\"},{\"@type\":\"ListItem\",\"position\":2,\"name\":\"Store\",\"item\":\"https:\\\/\\\/theuncommonshop.ch\\\/en\\\/store\\\/\"},{\"@type\":\"ListItem\",\"position\":3,\"name\":\"TCG Accessories\",\"item\":\"https:\\\/\\\/theuncommonshop.ch\\\/en\\\/product-category\\\/tcg-accessories\\\/\"},{\"@type\":\"ListItem\",\"position\":4,\"name\":\"Storage\",\"item\":\"https:\\\/\\\/theuncommonshop.ch\\\/en\\\/product-category\\\/tcg-accessories\\\/storage\\\/\"},{\"@type\":\"ListItem\",\"position\":5,\"name\":\"Everything\",\"item\":\"https:\\\/\\\/theuncommonshop.ch\\\/en\\\/product-category\\\/tcg-accessories\\\/storage\\\/everything\\\/\"},{\"@type\":\"ListItem\",\"position\":6,\"name\":\"Protecc &#8211; Acryl Case &#8211; Pok\u00e9mon Ultra Premium Collection\"}]},{\"@type\":\"WebSite\",\"@id\":\"https:\\\/\\\/theuncommonshop.ch\\\/#website\",\"url\":\"https:\\\/\\\/theuncommonshop.ch\\\/\",\"name\":\"Largest trading card shop in Switzerland\",\"description\":\"Magic, Pok\u00e9mon and Yu-gi-oh - The Uncommon Shop\",\"potentialAction\":[{\"@type\":\"SearchAction\",\"target\":{\"@type\":\"EntryPoint\",\"urlTemplate\":\"https:\\\/\\\/theuncommonshop.ch\\\/?s={search_term_string}\"},\"query-input\":{\"@type\":\"PropertyValueSpecification\",\"valueRequired\":true,\"valueName\":\"search_term_string\"}}],\"inLanguage\":\"en-US\"}]}<\/script>\n<meta property=\"product:price:amount\" content=\"39.95\" \/>\n<meta property=\"product:price:currency\" content=\"CHF\" \/>\n<meta property=\"og:availability\" content=\"instock\" \/>\n<meta property=\"product:availability\" content=\"instock\" \/>\n<meta property=\"product:retailer_item_id\" content=\"ProteccFortressPokemonUPC\" \/>\n<meta property=\"product:condition\" content=\"new\" \/>\n<!-- \/ Yoast SEO plugin. -->","yoast_head_json":{"title":"Buy Protecc - Acryl Case - Pok\u00e9mon Ultra Premium Collection","description":"Shop Protecc - Acryl Case - Pok\u00e9mon Ultra Premium Collection online at great prices now! Your #1 TCG & Pok\u00e9mon card shop in Switzerland \u2713 Free shipping from CHF 29","robots":{"index":"index","follow":"follow","max-snippet":"max-snippet:-1","max-image-preview":"max-image-preview:large","max-video-preview":"max-video-preview:-1"},"canonical":"https:\/\/theuncommonshop.ch\/en\/product\/protecc-acryl-case-pokemon-ultra-premium-collection\/","og_locale":"en_US","og_type":"article","og_title":"Buy Protecc - Acryl Case - Pok\u00e9mon Ultra Premium Collection","og_description":"Shop Protecc - Acryl Case - Pok\u00e9mon Ultra Premium Collection online at great prices now! Your #1 TCG & Pok\u00e9mon card shop in Switzerland \u2713 Free shipping from CHF 29","og_url":"https:\/\/theuncommonshop.ch\/en\/product\/protecc-acryl-case-pokemon-ultra-premium-collection\/","og_site_name":"Largest trading card shop in Switzerland","og_image":[{"width":1500,"height":1500,"url":"https:\/\/theuncommonshop.ch\/wp-content\/uploads\/2026\/04\/Design-ohne-Titel-2-1.jpg","type":"image\/jpeg"}],"twitter_card":"summary_large_image","twitter_misc":{"Price":"&#67;&#72;&#70;&nbsp;39.95","Availability":"In stock"},"schema":{"@context":"https:\/\/schema.org","@graph":[{"@type":"WebPage","@id":"https:\/\/theuncommonshop.ch\/en\/product\/protecc-acryl-case-pokemon-ultra-premium-collection\/","url":"https:\/\/theuncommonshop.ch\/en\/product\/protecc-acryl-case-pokemon-ultra-premium-collection\/","name":"Buy Protecc - Acryl Case - Pok\u00e9mon Ultra Premium Collection","isPartOf":{"@id":"https:\/\/theuncommonshop.ch\/#website"},"primaryImageOfPage":{"@id":"https:\/\/theuncommonshop.ch\/en\/product\/protecc-acryl-case-pokemon-ultra-premium-collection\/#primaryimage"},"image":{"@id":"https:\/\/theuncommonshop.ch\/en\/product\/protecc-acryl-case-pokemon-ultra-premium-collection\/#primaryimage"},"thumbnailUrl":"https:\/\/theuncommonshop.ch\/wp-content\/uploads\/2026\/04\/Design-ohne-Titel-2-1.jpg","datePublished":"2026-04-21T23:20:04+00:00","description":"Shop Protecc - Acryl Case - Pok\u00e9mon Ultra Premium Collection online at great prices now! Your #1 TCG & Pok\u00e9mon card shop in Switzerland \u2713 Free shipping from CHF 29","breadcrumb":{"@id":"https:\/\/theuncommonshop.ch\/en\/product\/protecc-acryl-case-pokemon-ultra-premium-collection\/#breadcrumb"},"inLanguage":"en-US","potentialAction":[{"@type":"ReadAction","target":["https:\/\/theuncommonshop.ch\/en\/product\/protecc-acryl-case-pokemon-ultra-premium-collection\/"]}]},{"@type":"ImageObject","inLanguage":"en-US","@id":"https:\/\/theuncommonshop.ch\/en\/product\/protecc-acryl-case-pokemon-ultra-premium-collection\/#primaryimage","url":"https:\/\/theuncommonshop.ch\/wp-content\/uploads\/2026\/04\/Design-ohne-Titel-2-1.jpg","contentUrl":"https:\/\/theuncommonshop.ch\/wp-content\/uploads\/2026\/04\/Design-ohne-Titel-2-1.jpg","width":1500,"height":1500,"caption":"Design without title (2)"},{"@type":"BreadcrumbList","@id":"https:\/\/theuncommonshop.ch\/en\/product\/protecc-acryl-case-pokemon-ultra-premium-collection\/#breadcrumb","itemListElement":[{"@type":"ListItem","position":1,"name":"Home","item":"https:\/\/theuncommonshop.ch\/en\/home\/"},{"@type":"ListItem","position":2,"name":"Store","item":"https:\/\/theuncommonshop.ch\/en\/store\/"},{"@type":"ListItem","position":3,"name":"TCG Accessories","item":"https:\/\/theuncommonshop.ch\/en\/product-category\/tcg-accessories\/"},{"@type":"ListItem","position":4,"name":"Storage","item":"https:\/\/theuncommonshop.ch\/en\/product-category\/tcg-accessories\/storage\/"},{"@type":"ListItem","position":5,"name":"Everything","item":"https:\/\/theuncommonshop.ch\/en\/product-category\/tcg-accessories\/storage\/everything\/"},{"@type":"ListItem","position":6,"name":"Protecc &#8211; Acryl Case &#8211; Pok\u00e9mon Ultra Premium Collection"}]},{"@type":"WebSite","@id":"https:\/\/theuncommonshop.ch\/#website","url":"https:\/\/theuncommonshop.ch\/","name":"Largest trading card shop in Switzerland","description":"Magic, Pok\u00e9mon and Yu-gi-oh - The Uncommon Shop","potentialAction":[{"@type":"SearchAction","target":{"@type":"EntryPoint","urlTemplate":"https:\/\/theuncommonshop.ch\/?s={search_term_string}"},"query-input":{"@type":"PropertyValueSpecification","valueRequired":true,"valueName":"search_term_string"}}],"inLanguage":"en-US"}]},"product_price_amount":"39.95","product_price_currency":"CHF","og_availability":"instock","product_availability":"instock","product_retailer_item_id":"ProteccFortressPokemonUPC","product_condition":"new"},"_links":{"self":[{"href":"https:\/\/theuncommonshop.ch\/en\/wp-json\/wp\/v2\/product\/370507","targetHints":{"allow":["GET"]}}],"collection":[{"href":"https:\/\/theuncommonshop.ch\/en\/wp-json\/wp\/v2\/product"}],"about":[{"href":"https:\/\/theuncommonshop.ch\/en\/wp-json\/wp\/v2\/types\/product"}],"replies":[{"embeddable":true,"href":"https:\/\/theuncommonshop.ch\/en\/wp-json\/wp\/v2\/comments?post=370507"}],"version-history":[{"count":0,"href":"https:\/\/theuncommonshop.ch\/en\/wp-json\/wp\/v2\/product\/370507\/revisions"}],"wp:featuredmedia":[{"embeddable":true,"href":"https:\/\/theuncommonshop.ch\/en\/wp-json\/wp\/v2\/media\/370502"}],"wp:attachment":[{"href":"https:\/\/theuncommonshop.ch\/en\/wp-json\/wp\/v2\/media?parent=370507"}],"wp:term":[{"taxonomy":"product_brand","embeddable":true,"href":"https:\/\/theuncommonshop.ch\/en\/wp-json\/wp\/v2\/product_brand?post=370507"},{"taxonomy":"product_cat","embeddable":true,"href":"https:\/\/theuncommonshop.ch\/en\/wp-json\/wp\/v2\/product_cat?post=370507"},{"taxonomy":"product_tag","embeddable":true,"href":"https:\/\/theuncommonshop.ch\/en\/wp-json\/wp\/v2\/product_tag?post=370507"}],"curies":[{"name":"wp","href":"https:\/\/api.w.org\/{rel}","templated":true}]}}