{"id":370030,"date":"2026-04-18T21:56:33","date_gmt":"2026-04-18T19:56:33","guid":{"rendered":"https:\/\/theuncommonshop.ch\/?post_type=product&#038;p=370030"},"modified":"2026-04-18T22:02:09","modified_gmt":"2026-04-18T20:02:09","slug":"pokemon-the-first-adventures-part-2-kopie","status":"publish","type":"product","link":"https:\/\/theuncommonshop.ch\/en\/product\/pokemon-the-first-adventures-part-2-kopie\/","title":{"rendered":"Pok\u00e9mon &#8211; The First Adventures &#8211; Part 3"},"content":{"rendered":"<p>The battle with the board of Team Rocket in the main building of Silph Co. in Saffronia City, the duel with Giovanni in the arena of Vertania City and finally the final showdown against the worst rival and best friend: Blue. POK\u00e9MON &#8211; THE <em class=\"element-background-basic-colors marker\" data-color=\"04b\">FIRST<\/em> ADVENTURES is heading towards its spectacular climax. Be there and cheer on Red!  <\/p>\n<ul>\n<li><strong>Author:<\/strong> Hidenori Kusaka<\/li>\n<li><strong>Artist:<\/strong> Mato<\/li>\n<\/ul>\n","protected":false},"excerpt":{"rendered":"<p>The battle with the board of Team Rocket in the main building of Silph Co. in Saffronia City, the duel<\/p>\n","protected":false},"featured_media":370033,"comment_status":"open","ping_status":"closed","template":"","meta":{"_acf_changed":false},"product_brand":[5125,5115],"product_cat":[9884,9886],"product_tag":[],"class_list":{"0":"post-370030","1":"product","2":"type-product","3":"status-publish","4":"has-post-thumbnail","6":"product_brand-panini","7":"product_brand-pokemon","8":"product_cat-manga","9":"product_cat-pokemon-en-2","11":"first","12":"outofstock","13":"taxable","14":"shipping-taxable","15":"purchasable","16":"product-type-simple"},"acf":[],"yoast_head":"<!-- This site is optimized with the Yoast SEO plugin v27.4 - https:\/\/yoast.com\/product\/yoast-seo-wordpress\/ -->\n<title>Buy Pok\u00e9mon - The First Adventures - Part 3<\/title>\n<meta name=\"description\" content=\"Shop Pok\u00e9mon - The First Adventures - Part 3 online at great prices now! Your #1 TCG &amp; Pok\u00e9mon card shop in Switzerland \u2713 Free shipping from CHF 29\" \/>\n<meta name=\"robots\" content=\"index, follow, max-snippet:-1, max-image-preview:large, max-video-preview:-1\" \/>\n<link rel=\"canonical\" href=\"https:\/\/theuncommonshop.ch\/en\/product\/pokemon-the-first-adventures-part-2-kopie\/\" \/>\n<meta property=\"og:locale\" content=\"en_US\" \/>\n<meta property=\"og:type\" content=\"article\" \/>\n<meta property=\"og:title\" content=\"Buy Pok\u00e9mon - The First Adventures - Part 3\" \/>\n<meta property=\"og:description\" content=\"Shop Pok\u00e9mon - The First Adventures - Part 3 online at great prices now! Your #1 TCG &amp; Pok\u00e9mon card shop in Switzerland \u2713 Free shipping from CHF 29\" \/>\n<meta property=\"og:url\" content=\"https:\/\/theuncommonshop.ch\/en\/product\/pokemon-the-first-adventures-part-2-kopie\/\" \/>\n<meta property=\"og:site_name\" content=\"Largest trading card shop in Switzerland\" \/>\n<meta property=\"article:modified_time\" content=\"2026-04-18T20:02:09+00:00\" \/>\n<meta property=\"og:image\" content=\"https:\/\/theuncommonshop.ch\/wp-content\/uploads\/2026\/04\/PokemonBand3.jpeg\" \/>\n\t<meta property=\"og:image:width\" content=\"468\" \/>\n\t<meta property=\"og:image:height\" content=\"648\" \/>\n\t<meta property=\"og:image:type\" content=\"image\/jpeg\" \/>\n<meta name=\"twitter:card\" content=\"summary_large_image\" \/>\n<meta name=\"twitter:label1\" content=\"Price\" \/>\n\t<meta name=\"twitter:data1\" content=\"&#067;&#072;&#070;&nbsp;12.95\" \/>\n\t<meta name=\"twitter:label2\" content=\"Availability\" \/>\n\t<meta name=\"twitter:data2\" content=\"Out of stock\" \/>\n<script type=\"application\/ld+json\" class=\"yoast-schema-graph\">{\"@context\":\"https:\\\/\\\/schema.org\",\"@graph\":[{\"@type\":\"WebPage\",\"@id\":\"https:\\\/\\\/theuncommonshop.ch\\\/en\\\/product\\\/pokemon-the-first-adventures-part-2-kopie\\\/\",\"url\":\"https:\\\/\\\/theuncommonshop.ch\\\/en\\\/product\\\/pokemon-the-first-adventures-part-2-kopie\\\/\",\"name\":\"Buy Pok\u00e9mon - The First Adventures - Part 3\",\"isPartOf\":{\"@id\":\"https:\\\/\\\/theuncommonshop.ch\\\/#website\"},\"primaryImageOfPage\":{\"@id\":\"https:\\\/\\\/theuncommonshop.ch\\\/en\\\/product\\\/pokemon-the-first-adventures-part-2-kopie\\\/#primaryimage\"},\"image\":{\"@id\":\"https:\\\/\\\/theuncommonshop.ch\\\/en\\\/product\\\/pokemon-the-first-adventures-part-2-kopie\\\/#primaryimage\"},\"thumbnailUrl\":\"https:\\\/\\\/theuncommonshop.ch\\\/wp-content\\\/uploads\\\/2026\\\/04\\\/PokemonBand3.jpeg\",\"datePublished\":\"2026-04-18T19:56:33+00:00\",\"dateModified\":\"2026-04-18T20:02:09+00:00\",\"description\":\"Shop Pok\u00e9mon - The First Adventures - Part 3 online at great prices now! Your #1 TCG & Pok\u00e9mon card shop in Switzerland \u2713 Free shipping from CHF 29\",\"breadcrumb\":{\"@id\":\"https:\\\/\\\/theuncommonshop.ch\\\/en\\\/product\\\/pokemon-the-first-adventures-part-2-kopie\\\/#breadcrumb\"},\"inLanguage\":\"en-US\",\"potentialAction\":[{\"@type\":\"ReadAction\",\"target\":[\"https:\\\/\\\/theuncommonshop.ch\\\/en\\\/product\\\/pokemon-the-first-adventures-part-2-kopie\\\/\"]}]},{\"@type\":\"ImageObject\",\"inLanguage\":\"en-US\",\"@id\":\"https:\\\/\\\/theuncommonshop.ch\\\/en\\\/product\\\/pokemon-the-first-adventures-part-2-kopie\\\/#primaryimage\",\"url\":\"https:\\\/\\\/theuncommonshop.ch\\\/wp-content\\\/uploads\\\/2026\\\/04\\\/PokemonBand3.jpeg\",\"contentUrl\":\"https:\\\/\\\/theuncommonshop.ch\\\/wp-content\\\/uploads\\\/2026\\\/04\\\/PokemonBand3.jpeg\",\"width\":468,\"height\":648,\"caption\":\"PokemonBand3\"},{\"@type\":\"BreadcrumbList\",\"@id\":\"https:\\\/\\\/theuncommonshop.ch\\\/en\\\/product\\\/pokemon-the-first-adventures-part-2-kopie\\\/#breadcrumb\",\"itemListElement\":[{\"@type\":\"ListItem\",\"position\":1,\"name\":\"Home\",\"item\":\"https:\\\/\\\/theuncommonshop.ch\\\/en\\\/home\\\/\"},{\"@type\":\"ListItem\",\"position\":2,\"name\":\"Store\",\"item\":\"https:\\\/\\\/theuncommonshop.ch\\\/en\\\/store\\\/\"},{\"@type\":\"ListItem\",\"position\":3,\"name\":\"Manga\",\"item\":\"https:\\\/\\\/theuncommonshop.ch\\\/produktkategorie\\\/mangas\\\/\"},{\"@type\":\"ListItem\",\"position\":4,\"name\":\"Pok\u00e9mon &#8211; The First Adventures &#8211; Part 3\"}]},{\"@type\":\"WebSite\",\"@id\":\"https:\\\/\\\/theuncommonshop.ch\\\/#website\",\"url\":\"https:\\\/\\\/theuncommonshop.ch\\\/\",\"name\":\"Largest trading card shop in Switzerland\",\"description\":\"Magic, Pok\u00e9mon and Yu-gi-oh - The Uncommon Shop\",\"potentialAction\":[{\"@type\":\"SearchAction\",\"target\":{\"@type\":\"EntryPoint\",\"urlTemplate\":\"https:\\\/\\\/theuncommonshop.ch\\\/?s={search_term_string}\"},\"query-input\":{\"@type\":\"PropertyValueSpecification\",\"valueRequired\":true,\"valueName\":\"search_term_string\"}}],\"inLanguage\":\"en-US\"}]}<\/script>\n<meta property=\"product:price:amount\" content=\"12.95\" \/>\n<meta property=\"product:price:currency\" content=\"CHF\" \/>\n<meta property=\"og:availability\" content=\"out of stock\" \/>\n<meta property=\"product:availability\" content=\"out of stock\" \/>\n<meta property=\"product:retailer_item_id\" content=\"PokemonBand3Manga\" \/>\n<meta property=\"product:condition\" content=\"new\" \/>\n<!-- \/ Yoast SEO plugin. -->","yoast_head_json":{"title":"Buy Pok\u00e9mon - The First Adventures - Part 3","description":"Shop Pok\u00e9mon - The First Adventures - Part 3 online at great prices now! Your #1 TCG & Pok\u00e9mon card shop in Switzerland \u2713 Free shipping from CHF 29","robots":{"index":"index","follow":"follow","max-snippet":"max-snippet:-1","max-image-preview":"max-image-preview:large","max-video-preview":"max-video-preview:-1"},"canonical":"https:\/\/theuncommonshop.ch\/en\/product\/pokemon-the-first-adventures-part-2-kopie\/","og_locale":"en_US","og_type":"article","og_title":"Buy Pok\u00e9mon - The First Adventures - Part 3","og_description":"Shop Pok\u00e9mon - The First Adventures - Part 3 online at great prices now! Your #1 TCG & Pok\u00e9mon card shop in Switzerland \u2713 Free shipping from CHF 29","og_url":"https:\/\/theuncommonshop.ch\/en\/product\/pokemon-the-first-adventures-part-2-kopie\/","og_site_name":"Largest trading card shop in Switzerland","article_modified_time":"2026-04-18T20:02:09+00:00","og_image":[{"width":468,"height":648,"url":"https:\/\/theuncommonshop.ch\/wp-content\/uploads\/2026\/04\/PokemonBand3.jpeg","type":"image\/jpeg"}],"twitter_card":"summary_large_image","twitter_misc":{"Price":"&#67;&#72;&#70;&nbsp;12.95","Availability":"Out of stock"},"schema":{"@context":"https:\/\/schema.org","@graph":[{"@type":"WebPage","@id":"https:\/\/theuncommonshop.ch\/en\/product\/pokemon-the-first-adventures-part-2-kopie\/","url":"https:\/\/theuncommonshop.ch\/en\/product\/pokemon-the-first-adventures-part-2-kopie\/","name":"Buy Pok\u00e9mon - The First Adventures - Part 3","isPartOf":{"@id":"https:\/\/theuncommonshop.ch\/#website"},"primaryImageOfPage":{"@id":"https:\/\/theuncommonshop.ch\/en\/product\/pokemon-the-first-adventures-part-2-kopie\/#primaryimage"},"image":{"@id":"https:\/\/theuncommonshop.ch\/en\/product\/pokemon-the-first-adventures-part-2-kopie\/#primaryimage"},"thumbnailUrl":"https:\/\/theuncommonshop.ch\/wp-content\/uploads\/2026\/04\/PokemonBand3.jpeg","datePublished":"2026-04-18T19:56:33+00:00","dateModified":"2026-04-18T20:02:09+00:00","description":"Shop Pok\u00e9mon - The First Adventures - Part 3 online at great prices now! Your #1 TCG & Pok\u00e9mon card shop in Switzerland \u2713 Free shipping from CHF 29","breadcrumb":{"@id":"https:\/\/theuncommonshop.ch\/en\/product\/pokemon-the-first-adventures-part-2-kopie\/#breadcrumb"},"inLanguage":"en-US","potentialAction":[{"@type":"ReadAction","target":["https:\/\/theuncommonshop.ch\/en\/product\/pokemon-the-first-adventures-part-2-kopie\/"]}]},{"@type":"ImageObject","inLanguage":"en-US","@id":"https:\/\/theuncommonshop.ch\/en\/product\/pokemon-the-first-adventures-part-2-kopie\/#primaryimage","url":"https:\/\/theuncommonshop.ch\/wp-content\/uploads\/2026\/04\/PokemonBand3.jpeg","contentUrl":"https:\/\/theuncommonshop.ch\/wp-content\/uploads\/2026\/04\/PokemonBand3.jpeg","width":468,"height":648,"caption":"PokemonBand3"},{"@type":"BreadcrumbList","@id":"https:\/\/theuncommonshop.ch\/en\/product\/pokemon-the-first-adventures-part-2-kopie\/#breadcrumb","itemListElement":[{"@type":"ListItem","position":1,"name":"Home","item":"https:\/\/theuncommonshop.ch\/en\/home\/"},{"@type":"ListItem","position":2,"name":"Store","item":"https:\/\/theuncommonshop.ch\/en\/store\/"},{"@type":"ListItem","position":3,"name":"Manga","item":"https:\/\/theuncommonshop.ch\/produktkategorie\/mangas\/"},{"@type":"ListItem","position":4,"name":"Pok\u00e9mon &#8211; The First Adventures &#8211; Part 3"}]},{"@type":"WebSite","@id":"https:\/\/theuncommonshop.ch\/#website","url":"https:\/\/theuncommonshop.ch\/","name":"Largest trading card shop in Switzerland","description":"Magic, Pok\u00e9mon and Yu-gi-oh - The Uncommon Shop","potentialAction":[{"@type":"SearchAction","target":{"@type":"EntryPoint","urlTemplate":"https:\/\/theuncommonshop.ch\/?s={search_term_string}"},"query-input":{"@type":"PropertyValueSpecification","valueRequired":true,"valueName":"search_term_string"}}],"inLanguage":"en-US"}]},"product_price_amount":"12.95","product_price_currency":"CHF","og_availability":"out of stock","product_availability":"out of stock","product_retailer_item_id":"PokemonBand3Manga","product_condition":"new"},"_links":{"self":[{"href":"https:\/\/theuncommonshop.ch\/en\/wp-json\/wp\/v2\/product\/370030","targetHints":{"allow":["GET"]}}],"collection":[{"href":"https:\/\/theuncommonshop.ch\/en\/wp-json\/wp\/v2\/product"}],"about":[{"href":"https:\/\/theuncommonshop.ch\/en\/wp-json\/wp\/v2\/types\/product"}],"replies":[{"embeddable":true,"href":"https:\/\/theuncommonshop.ch\/en\/wp-json\/wp\/v2\/comments?post=370030"}],"version-history":[{"count":2,"href":"https:\/\/theuncommonshop.ch\/en\/wp-json\/wp\/v2\/product\/370030\/revisions"}],"predecessor-version":[{"id":370047,"href":"https:\/\/theuncommonshop.ch\/en\/wp-json\/wp\/v2\/product\/370030\/revisions\/370047"}],"wp:featuredmedia":[{"embeddable":true,"href":"https:\/\/theuncommonshop.ch\/en\/wp-json\/wp\/v2\/media\/370033"}],"wp:attachment":[{"href":"https:\/\/theuncommonshop.ch\/en\/wp-json\/wp\/v2\/media?parent=370030"}],"wp:term":[{"taxonomy":"product_brand","embeddable":true,"href":"https:\/\/theuncommonshop.ch\/en\/wp-json\/wp\/v2\/product_brand?post=370030"},{"taxonomy":"product_cat","embeddable":true,"href":"https:\/\/theuncommonshop.ch\/en\/wp-json\/wp\/v2\/product_cat?post=370030"},{"taxonomy":"product_tag","embeddable":true,"href":"https:\/\/theuncommonshop.ch\/en\/wp-json\/wp\/v2\/product_tag?post=370030"}],"curies":[{"name":"wp","href":"https:\/\/api.w.org\/{rel}","templated":true}]}}