{"id":370010,"date":"2026-04-18T21:49:06","date_gmt":"2026-04-18T19:49:06","guid":{"rendered":"https:\/\/theuncommonshop.ch\/?post_type=product&#038;p=370010"},"modified":"2026-04-18T21:53:45","modified_gmt":"2026-04-18T19:53:45","slug":"pokemon-the-first-adventures-part-1-kopie","status":"publish","type":"product","link":"https:\/\/theuncommonshop.ch\/en\/product\/pokemon-the-first-adventures-part-1-kopie\/","title":{"rendered":"Pok\u00e9mon &#8211; The First Adventures &#8211; Part 2"},"content":{"rendered":"<p>Red&#8217;s journey enters its decisive phase! The boy from Alabastia, who set out to become the ultimate Pok\u00e9mon trainer, is having the adventure of his life. Along the way, he not only encounters <em class=\"element-background-basic-colors marker\" data-color=\"04b\">numerous<\/em> Pok\u00e9mon, but also makes the acquaintance of the mysterious Blue. The sinister figures of Team Rocket seem to have a score to settle with her&#8230;   <\/p>\n<ul>\n<li><strong>Author:<\/strong> Hidenori Kusaka<\/li>\n<li><strong>Artist:<\/strong> Mato<\/li>\n<\/ul>\n","protected":false},"excerpt":{"rendered":"<p>Red&#8217;s journey enters its decisive phase! The boy from Alabastia, who set out to become the ultimate Pok\u00e9mon trainer, is<\/p>\n","protected":false},"featured_media":370013,"comment_status":"open","ping_status":"closed","template":"","meta":{"_acf_changed":false},"product_brand":[5125,5115],"product_cat":[9884,9886],"product_tag":[],"class_list":{"0":"post-370010","1":"product","2":"type-product","3":"status-publish","4":"has-post-thumbnail","6":"product_brand-panini","7":"product_brand-pokemon","8":"product_cat-manga","9":"product_cat-pokemon-en-2","11":"first","12":"outofstock","13":"taxable","14":"shipping-taxable","15":"purchasable","16":"product-type-simple"},"acf":[],"yoast_head":"<!-- This site is optimized with the Yoast SEO plugin v27.4 - https:\/\/yoast.com\/product\/yoast-seo-wordpress\/ -->\n<title>Buy Pok\u00e9mon - The First Adventures - Part 2<\/title>\n<meta name=\"description\" content=\"Shop Pok\u00e9mon - The First Adventures - Part 2 online at great prices now! Your #1 TCG &amp; Pok\u00e9mon card shop in Switzerland \u2713 Free shipping from CHF 29\" \/>\n<meta name=\"robots\" content=\"index, follow, max-snippet:-1, max-image-preview:large, max-video-preview:-1\" \/>\n<link rel=\"canonical\" href=\"https:\/\/theuncommonshop.ch\/en\/product\/pokemon-the-first-adventures-part-1-kopie\/\" \/>\n<meta property=\"og:locale\" content=\"en_US\" \/>\n<meta property=\"og:type\" content=\"article\" \/>\n<meta property=\"og:title\" content=\"Buy Pok\u00e9mon - The First Adventures - Part 2\" \/>\n<meta property=\"og:description\" content=\"Shop Pok\u00e9mon - The First Adventures - Part 2 online at great prices now! Your #1 TCG &amp; Pok\u00e9mon card shop in Switzerland \u2713 Free shipping from CHF 29\" \/>\n<meta property=\"og:url\" content=\"https:\/\/theuncommonshop.ch\/en\/product\/pokemon-the-first-adventures-part-1-kopie\/\" \/>\n<meta property=\"og:site_name\" content=\"Largest trading card shop in Switzerland\" \/>\n<meta property=\"article:modified_time\" content=\"2026-04-18T19:53:45+00:00\" \/>\n<meta property=\"og:image\" content=\"https:\/\/theuncommonshop.ch\/wp-content\/uploads\/2026\/04\/PokemonBand2.jpeg\" \/>\n\t<meta property=\"og:image:width\" content=\"468\" \/>\n\t<meta property=\"og:image:height\" content=\"648\" \/>\n\t<meta property=\"og:image:type\" content=\"image\/jpeg\" \/>\n<meta name=\"twitter:card\" content=\"summary_large_image\" \/>\n<meta name=\"twitter:label1\" content=\"Price\" \/>\n\t<meta name=\"twitter:data1\" content=\"&#067;&#072;&#070;&nbsp;11.95\" \/>\n\t<meta name=\"twitter:label2\" content=\"Availability\" \/>\n\t<meta name=\"twitter:data2\" content=\"Out of stock\" \/>\n<script type=\"application\/ld+json\" class=\"yoast-schema-graph\">{\"@context\":\"https:\\\/\\\/schema.org\",\"@graph\":[{\"@type\":\"WebPage\",\"@id\":\"https:\\\/\\\/theuncommonshop.ch\\\/en\\\/product\\\/pokemon-the-first-adventures-part-1-kopie\\\/\",\"url\":\"https:\\\/\\\/theuncommonshop.ch\\\/en\\\/product\\\/pokemon-the-first-adventures-part-1-kopie\\\/\",\"name\":\"Buy Pok\u00e9mon - The First Adventures - Part 2\",\"isPartOf\":{\"@id\":\"https:\\\/\\\/theuncommonshop.ch\\\/#website\"},\"primaryImageOfPage\":{\"@id\":\"https:\\\/\\\/theuncommonshop.ch\\\/en\\\/product\\\/pokemon-the-first-adventures-part-1-kopie\\\/#primaryimage\"},\"image\":{\"@id\":\"https:\\\/\\\/theuncommonshop.ch\\\/en\\\/product\\\/pokemon-the-first-adventures-part-1-kopie\\\/#primaryimage\"},\"thumbnailUrl\":\"https:\\\/\\\/theuncommonshop.ch\\\/wp-content\\\/uploads\\\/2026\\\/04\\\/PokemonBand2.jpeg\",\"datePublished\":\"2026-04-18T19:49:06+00:00\",\"dateModified\":\"2026-04-18T19:53:45+00:00\",\"description\":\"Shop Pok\u00e9mon - The First Adventures - Part 2 online at great prices now! Your #1 TCG & Pok\u00e9mon card shop in Switzerland \u2713 Free shipping from CHF 29\",\"breadcrumb\":{\"@id\":\"https:\\\/\\\/theuncommonshop.ch\\\/en\\\/product\\\/pokemon-the-first-adventures-part-1-kopie\\\/#breadcrumb\"},\"inLanguage\":\"en-US\",\"potentialAction\":[{\"@type\":\"ReadAction\",\"target\":[\"https:\\\/\\\/theuncommonshop.ch\\\/en\\\/product\\\/pokemon-the-first-adventures-part-1-kopie\\\/\"]}]},{\"@type\":\"ImageObject\",\"inLanguage\":\"en-US\",\"@id\":\"https:\\\/\\\/theuncommonshop.ch\\\/en\\\/product\\\/pokemon-the-first-adventures-part-1-kopie\\\/#primaryimage\",\"url\":\"https:\\\/\\\/theuncommonshop.ch\\\/wp-content\\\/uploads\\\/2026\\\/04\\\/PokemonBand2.jpeg\",\"contentUrl\":\"https:\\\/\\\/theuncommonshop.ch\\\/wp-content\\\/uploads\\\/2026\\\/04\\\/PokemonBand2.jpeg\",\"width\":468,\"height\":648,\"caption\":\"PokemonBand2\"},{\"@type\":\"BreadcrumbList\",\"@id\":\"https:\\\/\\\/theuncommonshop.ch\\\/en\\\/product\\\/pokemon-the-first-adventures-part-1-kopie\\\/#breadcrumb\",\"itemListElement\":[{\"@type\":\"ListItem\",\"position\":1,\"name\":\"Home\",\"item\":\"https:\\\/\\\/theuncommonshop.ch\\\/en\\\/home\\\/\"},{\"@type\":\"ListItem\",\"position\":2,\"name\":\"Store\",\"item\":\"https:\\\/\\\/theuncommonshop.ch\\\/en\\\/store\\\/\"},{\"@type\":\"ListItem\",\"position\":3,\"name\":\"Manga\",\"item\":\"https:\\\/\\\/theuncommonshop.ch\\\/produktkategorie\\\/mangas\\\/\"},{\"@type\":\"ListItem\",\"position\":4,\"name\":\"Pok\u00e9mon &#8211; The First Adventures &#8211; Part 2\"}]},{\"@type\":\"WebSite\",\"@id\":\"https:\\\/\\\/theuncommonshop.ch\\\/#website\",\"url\":\"https:\\\/\\\/theuncommonshop.ch\\\/\",\"name\":\"Largest trading card shop in Switzerland\",\"description\":\"Magic, Pok\u00e9mon and Yu-gi-oh - The Uncommon Shop\",\"potentialAction\":[{\"@type\":\"SearchAction\",\"target\":{\"@type\":\"EntryPoint\",\"urlTemplate\":\"https:\\\/\\\/theuncommonshop.ch\\\/?s={search_term_string}\"},\"query-input\":{\"@type\":\"PropertyValueSpecification\",\"valueRequired\":true,\"valueName\":\"search_term_string\"}}],\"inLanguage\":\"en-US\"}]}<\/script>\n<meta property=\"product:price:amount\" content=\"11.95\" \/>\n<meta property=\"product:price:currency\" content=\"CHF\" \/>\n<meta property=\"og:availability\" content=\"out of stock\" \/>\n<meta property=\"product:availability\" content=\"out of stock\" \/>\n<meta property=\"product:retailer_item_id\" content=\"PokemonBand2Manga\" \/>\n<meta property=\"product:condition\" content=\"new\" \/>\n<!-- \/ Yoast SEO plugin. -->","yoast_head_json":{"title":"Buy Pok\u00e9mon - The First Adventures - Part 2","description":"Shop Pok\u00e9mon - The First Adventures - Part 2 online at great prices now! Your #1 TCG & Pok\u00e9mon card shop in Switzerland \u2713 Free shipping from CHF 29","robots":{"index":"index","follow":"follow","max-snippet":"max-snippet:-1","max-image-preview":"max-image-preview:large","max-video-preview":"max-video-preview:-1"},"canonical":"https:\/\/theuncommonshop.ch\/en\/product\/pokemon-the-first-adventures-part-1-kopie\/","og_locale":"en_US","og_type":"article","og_title":"Buy Pok\u00e9mon - The First Adventures - Part 2","og_description":"Shop Pok\u00e9mon - The First Adventures - Part 2 online at great prices now! Your #1 TCG & Pok\u00e9mon card shop in Switzerland \u2713 Free shipping from CHF 29","og_url":"https:\/\/theuncommonshop.ch\/en\/product\/pokemon-the-first-adventures-part-1-kopie\/","og_site_name":"Largest trading card shop in Switzerland","article_modified_time":"2026-04-18T19:53:45+00:00","og_image":[{"width":468,"height":648,"url":"https:\/\/theuncommonshop.ch\/wp-content\/uploads\/2026\/04\/PokemonBand2.jpeg","type":"image\/jpeg"}],"twitter_card":"summary_large_image","twitter_misc":{"Price":"&#67;&#72;&#70;&nbsp;11.95","Availability":"Out of stock"},"schema":{"@context":"https:\/\/schema.org","@graph":[{"@type":"WebPage","@id":"https:\/\/theuncommonshop.ch\/en\/product\/pokemon-the-first-adventures-part-1-kopie\/","url":"https:\/\/theuncommonshop.ch\/en\/product\/pokemon-the-first-adventures-part-1-kopie\/","name":"Buy Pok\u00e9mon - The First Adventures - Part 2","isPartOf":{"@id":"https:\/\/theuncommonshop.ch\/#website"},"primaryImageOfPage":{"@id":"https:\/\/theuncommonshop.ch\/en\/product\/pokemon-the-first-adventures-part-1-kopie\/#primaryimage"},"image":{"@id":"https:\/\/theuncommonshop.ch\/en\/product\/pokemon-the-first-adventures-part-1-kopie\/#primaryimage"},"thumbnailUrl":"https:\/\/theuncommonshop.ch\/wp-content\/uploads\/2026\/04\/PokemonBand2.jpeg","datePublished":"2026-04-18T19:49:06+00:00","dateModified":"2026-04-18T19:53:45+00:00","description":"Shop Pok\u00e9mon - The First Adventures - Part 2 online at great prices now! Your #1 TCG & Pok\u00e9mon card shop in Switzerland \u2713 Free shipping from CHF 29","breadcrumb":{"@id":"https:\/\/theuncommonshop.ch\/en\/product\/pokemon-the-first-adventures-part-1-kopie\/#breadcrumb"},"inLanguage":"en-US","potentialAction":[{"@type":"ReadAction","target":["https:\/\/theuncommonshop.ch\/en\/product\/pokemon-the-first-adventures-part-1-kopie\/"]}]},{"@type":"ImageObject","inLanguage":"en-US","@id":"https:\/\/theuncommonshop.ch\/en\/product\/pokemon-the-first-adventures-part-1-kopie\/#primaryimage","url":"https:\/\/theuncommonshop.ch\/wp-content\/uploads\/2026\/04\/PokemonBand2.jpeg","contentUrl":"https:\/\/theuncommonshop.ch\/wp-content\/uploads\/2026\/04\/PokemonBand2.jpeg","width":468,"height":648,"caption":"PokemonBand2"},{"@type":"BreadcrumbList","@id":"https:\/\/theuncommonshop.ch\/en\/product\/pokemon-the-first-adventures-part-1-kopie\/#breadcrumb","itemListElement":[{"@type":"ListItem","position":1,"name":"Home","item":"https:\/\/theuncommonshop.ch\/en\/home\/"},{"@type":"ListItem","position":2,"name":"Store","item":"https:\/\/theuncommonshop.ch\/en\/store\/"},{"@type":"ListItem","position":3,"name":"Manga","item":"https:\/\/theuncommonshop.ch\/produktkategorie\/mangas\/"},{"@type":"ListItem","position":4,"name":"Pok\u00e9mon &#8211; The First Adventures &#8211; Part 2"}]},{"@type":"WebSite","@id":"https:\/\/theuncommonshop.ch\/#website","url":"https:\/\/theuncommonshop.ch\/","name":"Largest trading card shop in Switzerland","description":"Magic, Pok\u00e9mon and Yu-gi-oh - The Uncommon Shop","potentialAction":[{"@type":"SearchAction","target":{"@type":"EntryPoint","urlTemplate":"https:\/\/theuncommonshop.ch\/?s={search_term_string}"},"query-input":{"@type":"PropertyValueSpecification","valueRequired":true,"valueName":"search_term_string"}}],"inLanguage":"en-US"}]},"product_price_amount":"11.95","product_price_currency":"CHF","og_availability":"out of stock","product_availability":"out of stock","product_retailer_item_id":"PokemonBand2Manga","product_condition":"new"},"_links":{"self":[{"href":"https:\/\/theuncommonshop.ch\/en\/wp-json\/wp\/v2\/product\/370010","targetHints":{"allow":["GET"]}}],"collection":[{"href":"https:\/\/theuncommonshop.ch\/en\/wp-json\/wp\/v2\/product"}],"about":[{"href":"https:\/\/theuncommonshop.ch\/en\/wp-json\/wp\/v2\/types\/product"}],"replies":[{"embeddable":true,"href":"https:\/\/theuncommonshop.ch\/en\/wp-json\/wp\/v2\/comments?post=370010"}],"version-history":[{"count":2,"href":"https:\/\/theuncommonshop.ch\/en\/wp-json\/wp\/v2\/product\/370010\/revisions"}],"predecessor-version":[{"id":370027,"href":"https:\/\/theuncommonshop.ch\/en\/wp-json\/wp\/v2\/product\/370010\/revisions\/370027"}],"wp:featuredmedia":[{"embeddable":true,"href":"https:\/\/theuncommonshop.ch\/en\/wp-json\/wp\/v2\/media\/370013"}],"wp:attachment":[{"href":"https:\/\/theuncommonshop.ch\/en\/wp-json\/wp\/v2\/media?parent=370010"}],"wp:term":[{"taxonomy":"product_brand","embeddable":true,"href":"https:\/\/theuncommonshop.ch\/en\/wp-json\/wp\/v2\/product_brand?post=370010"},{"taxonomy":"product_cat","embeddable":true,"href":"https:\/\/theuncommonshop.ch\/en\/wp-json\/wp\/v2\/product_cat?post=370010"},{"taxonomy":"product_tag","embeddable":true,"href":"https:\/\/theuncommonshop.ch\/en\/wp-json\/wp\/v2\/product_tag?post=370010"}],"curies":[{"name":"wp","href":"https:\/\/api.w.org\/{rel}","templated":true}]}}