{"id":367864,"date":"2026-04-10T03:14:07","date_gmt":"2026-04-10T01:14:07","guid":{"rendered":"https:\/\/theuncommonshop.ch\/product\/pokemon-scarlet-violet-gem-pack-vol-5-cbb5c-booster-pack\/"},"modified":"2026-04-10T03:14:07","modified_gmt":"2026-04-10T01:14:07","slug":"pokemon-scarlet-violet-gem-pack-vol-5-cbb5c-booster-pack","status":"publish","type":"product","link":"https:\/\/theuncommonshop.ch\/en\/product\/pokemon-scarlet-violet-gem-pack-vol-5-cbb5c-booster-pack\/","title":{"rendered":"Pok\u00e9mon &#8211; Scarlet &amp; Violet &#8211; Gem Pack Vol.5 (CBB5C) &#8211; Booster Pack"},"content":{"rendered":"<p>While other sets focus heavily on the video games, the <b data-path-to-node=\"10\" data-index-in-node=\"74\">Gem Pack Vol. 5<\/b> is deeply connected to the recent Anime <b data-path-to-node=\"10\" data-index-in-node=\"119\"><i data-path-to-node=\"10\" data-index-in-node=\"119\">Pok\u00e9mon Horizons: The Series<\/i> (Pok\u00e9mon Horizons)<\/b>. The artwork focuses on emotional and narrative moments between the characters and their partner Pok\u00e9mon. <\/p>\n<p><strong>Contents:<\/strong><\/p>\n<ul>\n<li data-path-to-node=\"5,0,0\">4 cards per booster pack<\/li>\n<\/ul>\n<p data-path-to-node=\"5,2,0\"><b data-path-to-node=\"5,2,0\" data-index-in-node=\"0\">Special feature:<\/b> The cards for the Chinese market are produced in Japan with the usual high print quality.<\/p>\n","protected":false},"excerpt":{"rendered":"<p>While other sets focus heavily on the video games, the Gem Pack Vol. 5 is deeply connected to the recent<\/p>\n","protected":false},"featured_media":367856,"comment_status":"open","ping_status":"closed","template":"","meta":{"_acf_changed":false},"product_brand":[5115,5073],"product_cat":[9806,10332,9776,9830],"product_tag":[],"class_list":{"0":"post-367864","1":"product","2":"type-product","3":"status-publish","4":"has-post-thumbnail","6":"product_brand-pokemon","7":"product_brand-the-pokemon-company","8":"product_cat-booster-packs-pokemon","9":"product_cat-booster-packs-chinese-and-korean","10":"product_cat-pokemon-en","11":"product_cat-pre-order","13":"first","14":"instock","15":"taxable","16":"shipping-taxable","17":"purchasable","18":"product-type-simple"},"acf":[],"yoast_head":"<!-- This site is optimized with the Yoast SEO plugin v27.3 - https:\/\/yoast.com\/product\/yoast-seo-wordpress\/ -->\n<title>Buy Pok\u00e9mon - Scarlet &amp; Violet - Gem Pack Vol.5 (CBB5C) - Booster Pack<\/title>\n<meta name=\"description\" content=\"Shop Pok\u00e9mon - Scarlet &amp; Violet - Gem Pack Vol.5 (CBB5C) - Booster Pack online at great prices now! Your #1 TCG &amp; Pok\u00e9mon card shop in Switzerland \u2713 Free shipping from CHF 29\" \/>\n<meta name=\"robots\" content=\"index, follow, max-snippet:-1, max-image-preview:large, max-video-preview:-1\" \/>\n<link rel=\"canonical\" href=\"https:\/\/theuncommonshop.ch\/en\/product\/pokemon-scarlet-violet-gem-pack-vol-5-cbb5c-booster-pack\/\" \/>\n<meta property=\"og:locale\" content=\"en_US\" \/>\n<meta property=\"og:type\" content=\"article\" \/>\n<meta property=\"og:title\" content=\"Buy Pok\u00e9mon - Scarlet &amp; Violet - Gem Pack Vol.5 (CBB5C) - Booster Pack\" \/>\n<meta property=\"og:description\" content=\"Shop Pok\u00e9mon - Scarlet &amp; Violet - Gem Pack Vol.5 (CBB5C) - Booster Pack online at great prices now! Your #1 TCG &amp; Pok\u00e9mon card shop in Switzerland \u2713 Free shipping from CHF 29\" \/>\n<meta property=\"og:url\" content=\"https:\/\/theuncommonshop.ch\/en\/product\/pokemon-scarlet-violet-gem-pack-vol-5-cbb5c-booster-pack\/\" \/>\n<meta property=\"og:site_name\" content=\"Largest trading card shop in Switzerland\" \/>\n<meta property=\"og:image\" content=\"https:\/\/theuncommonshop.ch\/wp-content\/uploads\/2026\/04\/GemPack5Booster.webp\" \/>\n\t<meta property=\"og:image:width\" content=\"1442\" \/>\n\t<meta property=\"og:image:height\" content=\"2560\" \/>\n\t<meta property=\"og:image:type\" content=\"image\/webp\" \/>\n<meta name=\"twitter:card\" content=\"summary_large_image\" \/>\n<meta name=\"twitter:label1\" content=\"Price\" \/>\n\t<meta name=\"twitter:data1\" content=\"&#067;&#072;&#070;&nbsp;4.95\" \/>\n\t<meta name=\"twitter:label2\" content=\"Availability\" \/>\n\t<meta name=\"twitter:data2\" content=\"In stock\" \/>\n<script type=\"application\/ld+json\" class=\"yoast-schema-graph\">{\"@context\":\"https:\\\/\\\/schema.org\",\"@graph\":[{\"@type\":\"WebPage\",\"@id\":\"https:\\\/\\\/theuncommonshop.ch\\\/en\\\/product\\\/pokemon-scarlet-violet-gem-pack-vol-5-cbb5c-booster-pack\\\/\",\"url\":\"https:\\\/\\\/theuncommonshop.ch\\\/en\\\/product\\\/pokemon-scarlet-violet-gem-pack-vol-5-cbb5c-booster-pack\\\/\",\"name\":\"Buy Pok\u00e9mon - Scarlet &amp; Violet - Gem Pack Vol.5 (CBB5C) - Booster Pack\",\"isPartOf\":{\"@id\":\"https:\\\/\\\/theuncommonshop.ch\\\/en\\\/#website\"},\"primaryImageOfPage\":{\"@id\":\"https:\\\/\\\/theuncommonshop.ch\\\/en\\\/product\\\/pokemon-scarlet-violet-gem-pack-vol-5-cbb5c-booster-pack\\\/#primaryimage\"},\"image\":{\"@id\":\"https:\\\/\\\/theuncommonshop.ch\\\/en\\\/product\\\/pokemon-scarlet-violet-gem-pack-vol-5-cbb5c-booster-pack\\\/#primaryimage\"},\"thumbnailUrl\":\"https:\\\/\\\/theuncommonshop.ch\\\/wp-content\\\/uploads\\\/2026\\\/04\\\/GemPack5Booster.webp\",\"datePublished\":\"2026-04-10T01:14:07+00:00\",\"description\":\"Shop Pok\u00e9mon - Scarlet &amp; Violet - Gem Pack Vol.5 (CBB5C) - Booster Pack online at great prices now! Your #1 TCG & Pok\u00e9mon card shop in Switzerland \u2713 Free shipping from CHF 29\",\"breadcrumb\":{\"@id\":\"https:\\\/\\\/theuncommonshop.ch\\\/en\\\/product\\\/pokemon-scarlet-violet-gem-pack-vol-5-cbb5c-booster-pack\\\/#breadcrumb\"},\"inLanguage\":\"en-US\",\"potentialAction\":[{\"@type\":\"ReadAction\",\"target\":[\"https:\\\/\\\/theuncommonshop.ch\\\/en\\\/product\\\/pokemon-scarlet-violet-gem-pack-vol-5-cbb5c-booster-pack\\\/\"]}]},{\"@type\":\"ImageObject\",\"inLanguage\":\"en-US\",\"@id\":\"https:\\\/\\\/theuncommonshop.ch\\\/en\\\/product\\\/pokemon-scarlet-violet-gem-pack-vol-5-cbb5c-booster-pack\\\/#primaryimage\",\"url\":\"https:\\\/\\\/theuncommonshop.ch\\\/wp-content\\\/uploads\\\/2026\\\/04\\\/GemPack5Booster.webp\",\"contentUrl\":\"https:\\\/\\\/theuncommonshop.ch\\\/wp-content\\\/uploads\\\/2026\\\/04\\\/GemPack5Booster.webp\",\"width\":1442,\"height\":2560,\"caption\":\"GemPack5Booster\"},{\"@type\":\"BreadcrumbList\",\"@id\":\"https:\\\/\\\/theuncommonshop.ch\\\/en\\\/product\\\/pokemon-scarlet-violet-gem-pack-vol-5-cbb5c-booster-pack\\\/#breadcrumb\",\"itemListElement\":[{\"@type\":\"ListItem\",\"position\":1,\"name\":\"Home\",\"item\":\"https:\\\/\\\/theuncommonshop.ch\\\/en\\\/home\\\/\"},{\"@type\":\"ListItem\",\"position\":2,\"name\":\"Store\",\"item\":\"https:\\\/\\\/theuncommonshop.ch\\\/en\\\/store\\\/\"},{\"@type\":\"ListItem\",\"position\":3,\"name\":\"Pok\u00e9mon &#8211; Scarlet &amp; Violet &#8211; Gem Pack Vol.5 (CBB5C) &#8211; Booster Pack\"}]},{\"@type\":\"WebSite\",\"@id\":\"https:\\\/\\\/theuncommonshop.ch\\\/en\\\/#website\",\"url\":\"https:\\\/\\\/theuncommonshop.ch\\\/en\\\/\",\"name\":\"Largest trading card shop in Switzerland\",\"description\":\"Magic, Pok\u00e9mon and Yu-gi-oh - The Uncommon Shop\",\"potentialAction\":[{\"@type\":\"SearchAction\",\"target\":{\"@type\":\"EntryPoint\",\"urlTemplate\":\"https:\\\/\\\/theuncommonshop.ch\\\/en\\\/?s={search_term_string}\"},\"query-input\":{\"@type\":\"PropertyValueSpecification\",\"valueRequired\":true,\"valueName\":\"search_term_string\"}}],\"inLanguage\":\"en-US\"}]}<\/script>\n<meta property=\"product:price:amount\" content=\"4.95\" \/>\n<meta property=\"product:price:currency\" content=\"CHF\" \/>\n<meta property=\"og:availability\" content=\"instock\" \/>\n<meta property=\"product:availability\" content=\"instock\" \/>\n<meta property=\"product:retailer_item_id\" content=\"PRE.PokemonGemPackVol5BoosterPack.CHN\" \/>\n<meta property=\"product:condition\" content=\"new\" \/>\n<!-- \/ Yoast SEO plugin. -->","yoast_head_json":{"title":"Buy Pok\u00e9mon - Scarlet &amp; Violet - Gem Pack Vol.5 (CBB5C) - Booster Pack","description":"Shop Pok\u00e9mon - Scarlet &amp; Violet - Gem Pack Vol.5 (CBB5C) - Booster Pack online at great prices now! Your #1 TCG & Pok\u00e9mon card shop in Switzerland \u2713 Free shipping from CHF 29","robots":{"index":"index","follow":"follow","max-snippet":"max-snippet:-1","max-image-preview":"max-image-preview:large","max-video-preview":"max-video-preview:-1"},"canonical":"https:\/\/theuncommonshop.ch\/en\/product\/pokemon-scarlet-violet-gem-pack-vol-5-cbb5c-booster-pack\/","og_locale":"en_US","og_type":"article","og_title":"Buy Pok\u00e9mon - Scarlet &amp; Violet - Gem Pack Vol.5 (CBB5C) - Booster Pack","og_description":"Shop Pok\u00e9mon - Scarlet &amp; Violet - Gem Pack Vol.5 (CBB5C) - Booster Pack online at great prices now! Your #1 TCG & Pok\u00e9mon card shop in Switzerland \u2713 Free shipping from CHF 29","og_url":"https:\/\/theuncommonshop.ch\/en\/product\/pokemon-scarlet-violet-gem-pack-vol-5-cbb5c-booster-pack\/","og_site_name":"Largest trading card shop in Switzerland","og_image":[{"width":1442,"height":2560,"url":"https:\/\/theuncommonshop.ch\/wp-content\/uploads\/2026\/04\/GemPack5Booster.webp","type":"image\/webp"}],"twitter_card":"summary_large_image","twitter_misc":{"Price":"&#67;&#72;&#70;&nbsp;4.95","Availability":"In stock"},"schema":{"@context":"https:\/\/schema.org","@graph":[{"@type":"WebPage","@id":"https:\/\/theuncommonshop.ch\/en\/product\/pokemon-scarlet-violet-gem-pack-vol-5-cbb5c-booster-pack\/","url":"https:\/\/theuncommonshop.ch\/en\/product\/pokemon-scarlet-violet-gem-pack-vol-5-cbb5c-booster-pack\/","name":"Buy Pok\u00e9mon - Scarlet &amp; Violet - Gem Pack Vol.5 (CBB5C) - Booster Pack","isPartOf":{"@id":"https:\/\/theuncommonshop.ch\/en\/#website"},"primaryImageOfPage":{"@id":"https:\/\/theuncommonshop.ch\/en\/product\/pokemon-scarlet-violet-gem-pack-vol-5-cbb5c-booster-pack\/#primaryimage"},"image":{"@id":"https:\/\/theuncommonshop.ch\/en\/product\/pokemon-scarlet-violet-gem-pack-vol-5-cbb5c-booster-pack\/#primaryimage"},"thumbnailUrl":"https:\/\/theuncommonshop.ch\/wp-content\/uploads\/2026\/04\/GemPack5Booster.webp","datePublished":"2026-04-10T01:14:07+00:00","description":"Shop Pok\u00e9mon - Scarlet &amp; Violet - Gem Pack Vol.5 (CBB5C) - Booster Pack online at great prices now! Your #1 TCG & Pok\u00e9mon card shop in Switzerland \u2713 Free shipping from CHF 29","breadcrumb":{"@id":"https:\/\/theuncommonshop.ch\/en\/product\/pokemon-scarlet-violet-gem-pack-vol-5-cbb5c-booster-pack\/#breadcrumb"},"inLanguage":"en-US","potentialAction":[{"@type":"ReadAction","target":["https:\/\/theuncommonshop.ch\/en\/product\/pokemon-scarlet-violet-gem-pack-vol-5-cbb5c-booster-pack\/"]}]},{"@type":"ImageObject","inLanguage":"en-US","@id":"https:\/\/theuncommonshop.ch\/en\/product\/pokemon-scarlet-violet-gem-pack-vol-5-cbb5c-booster-pack\/#primaryimage","url":"https:\/\/theuncommonshop.ch\/wp-content\/uploads\/2026\/04\/GemPack5Booster.webp","contentUrl":"https:\/\/theuncommonshop.ch\/wp-content\/uploads\/2026\/04\/GemPack5Booster.webp","width":1442,"height":2560,"caption":"GemPack5Booster"},{"@type":"BreadcrumbList","@id":"https:\/\/theuncommonshop.ch\/en\/product\/pokemon-scarlet-violet-gem-pack-vol-5-cbb5c-booster-pack\/#breadcrumb","itemListElement":[{"@type":"ListItem","position":1,"name":"Home","item":"https:\/\/theuncommonshop.ch\/en\/home\/"},{"@type":"ListItem","position":2,"name":"Store","item":"https:\/\/theuncommonshop.ch\/en\/store\/"},{"@type":"ListItem","position":3,"name":"Pok\u00e9mon &#8211; Scarlet &amp; Violet &#8211; Gem Pack Vol.5 (CBB5C) &#8211; Booster Pack"}]},{"@type":"WebSite","@id":"https:\/\/theuncommonshop.ch\/en\/#website","url":"https:\/\/theuncommonshop.ch\/en\/","name":"Largest trading card shop in Switzerland","description":"Magic, Pok\u00e9mon and Yu-gi-oh - The Uncommon Shop","potentialAction":[{"@type":"SearchAction","target":{"@type":"EntryPoint","urlTemplate":"https:\/\/theuncommonshop.ch\/en\/?s={search_term_string}"},"query-input":{"@type":"PropertyValueSpecification","valueRequired":true,"valueName":"search_term_string"}}],"inLanguage":"en-US"}]},"product_price_amount":"4.95","product_price_currency":"CHF","og_availability":"instock","product_availability":"instock","product_retailer_item_id":"PRE.PokemonGemPackVol5BoosterPack.CHN","product_condition":"new"},"_links":{"self":[{"href":"https:\/\/theuncommonshop.ch\/en\/wp-json\/wp\/v2\/product\/367864","targetHints":{"allow":["GET"]}}],"collection":[{"href":"https:\/\/theuncommonshop.ch\/en\/wp-json\/wp\/v2\/product"}],"about":[{"href":"https:\/\/theuncommonshop.ch\/en\/wp-json\/wp\/v2\/types\/product"}],"replies":[{"embeddable":true,"href":"https:\/\/theuncommonshop.ch\/en\/wp-json\/wp\/v2\/comments?post=367864"}],"version-history":[{"count":0,"href":"https:\/\/theuncommonshop.ch\/en\/wp-json\/wp\/v2\/product\/367864\/revisions"}],"wp:featuredmedia":[{"embeddable":true,"href":"https:\/\/theuncommonshop.ch\/en\/wp-json\/wp\/v2\/media\/367856"}],"wp:attachment":[{"href":"https:\/\/theuncommonshop.ch\/en\/wp-json\/wp\/v2\/media?parent=367864"}],"wp:term":[{"taxonomy":"product_brand","embeddable":true,"href":"https:\/\/theuncommonshop.ch\/en\/wp-json\/wp\/v2\/product_brand?post=367864"},{"taxonomy":"product_cat","embeddable":true,"href":"https:\/\/theuncommonshop.ch\/en\/wp-json\/wp\/v2\/product_cat?post=367864"},{"taxonomy":"product_tag","embeddable":true,"href":"https:\/\/theuncommonshop.ch\/en\/wp-json\/wp\/v2\/product_tag?post=367864"}],"curies":[{"name":"wp","href":"https:\/\/api.w.org\/{rel}","templated":true}]}}