{"id":367751,"date":"2026-04-10T02:13:28","date_gmt":"2026-04-10T00:13:28","guid":{"rendered":"https:\/\/theuncommonshop.ch\/product\/pokemon-mega-evolution-lumiose-city-mini-tin\/"},"modified":"2026-04-10T02:13:28","modified_gmt":"2026-04-10T00:13:28","slug":"pokemon-mega-evolution-lumiose-city-mini-tin","status":"publish","type":"product","link":"https:\/\/theuncommonshop.ch\/en\/product\/pokemon-mega-evolution-lumiose-city-mini-tin\/","title":{"rendered":"Pok\u00e9mon &#8211; Mega Evolution &#8211; Lumiose City &#8211; Mini Tin"},"content":{"rendered":"<p>Discover the stylish world of <strong>Lumiose City<\/strong>! This compact collector&#8217;s box combines iconic design with exciting content from the Mega Evolution series. Each Mini Tin contains selected booster packs that can add new highlights to your collection. Ideal for collectors and players who want to strengthen their decks or discover rare cards.  <\/p>\n<p><strong>Contents:<\/strong><\/p>\n<p>&#8211; 2 Pok\u00e9mon Booster Packs<br \/>\n&#8211; 1 sheet of stickers<br \/>\n&#8211; 1 Pok\u00e9mon art card with the motif of this mini box, you can collect all 5 and put them together!<br \/>\n&#8211; 1Code card for Pok\u00e9mon TCG Live<\/p>\n","protected":false},"excerpt":{"rendered":"<p>Discover the stylish world of Lumiose City! This compact collector&#8217;s box combines iconic design with exciting content from the Mega<\/p>\n","protected":false},"featured_media":367708,"comment_status":"open","ping_status":"closed","template":"","meta":{"_acf_changed":false},"product_brand":[5115,5073],"product_cat":[9776,9830,9812],"product_tag":[],"class_list":{"0":"post-367751","1":"product","2":"type-product","3":"status-publish","4":"has-post-thumbnail","6":"product_brand-pokemon","7":"product_brand-the-pokemon-company","8":"product_cat-pokemon-en","9":"product_cat-pre-order","10":"product_cat-tins","12":"first","13":"instock","14":"taxable","15":"shipping-taxable","16":"purchasable","17":"product-type-variable"},"acf":[],"yoast_head":"<!-- This site is optimized with the Yoast SEO plugin v27.3 - https:\/\/yoast.com\/product\/yoast-seo-wordpress\/ -->\n<title>Buy Pok\u00e9mon - Mega Evolution - Lumiose City - Mini Tin<\/title>\n<meta name=\"description\" content=\"Shop Pok\u00e9mon - Mega Evolution - Lumiose City - Mini Tin online at great prices now! Your #1 TCG &amp; Pok\u00e9mon card shop in Switzerland \u2713 Free shipping from CHF 29\" \/>\n<meta name=\"robots\" content=\"index, follow, max-snippet:-1, max-image-preview:large, max-video-preview:-1\" \/>\n<link rel=\"canonical\" href=\"https:\/\/theuncommonshop.ch\/en\/product\/pokemon-mega-evolution-lumiose-city-mini-tin\/\" \/>\n<meta property=\"og:locale\" content=\"en_US\" \/>\n<meta property=\"og:type\" content=\"article\" \/>\n<meta property=\"og:title\" content=\"Buy Pok\u00e9mon - Mega Evolution - Lumiose City - Mini Tin\" \/>\n<meta property=\"og:description\" content=\"Shop Pok\u00e9mon - Mega Evolution - Lumiose City - Mini Tin online at great prices now! Your #1 TCG &amp; Pok\u00e9mon card shop in Switzerland \u2713 Free shipping from CHF 29\" \/>\n<meta property=\"og:url\" content=\"https:\/\/theuncommonshop.ch\/en\/product\/pokemon-mega-evolution-lumiose-city-mini-tin\/\" \/>\n<meta property=\"og:site_name\" content=\"Largest trading card shop in Switzerland\" \/>\n<meta property=\"og:image\" content=\"https:\/\/theuncommonshop.ch\/wp-content\/uploads\/2026\/04\/LomiousCityTinSet-1.webp\" \/>\n\t<meta property=\"og:image:width\" content=\"622\" \/>\n\t<meta property=\"og:image:height\" content=\"800\" \/>\n\t<meta property=\"og:image:type\" content=\"image\/webp\" \/>\n<meta name=\"twitter:card\" content=\"summary_large_image\" \/>\n<meta name=\"twitter:label1\" content=\"Availability\" \/>\n\t<meta name=\"twitter:data1\" content=\"In stock\" \/>\n<script type=\"application\/ld+json\" class=\"yoast-schema-graph\">{\"@context\":\"https:\\\/\\\/schema.org\",\"@graph\":[{\"@type\":\"WebPage\",\"@id\":\"https:\\\/\\\/theuncommonshop.ch\\\/en\\\/product\\\/pokemon-mega-evolution-lumiose-city-mini-tin\\\/\",\"url\":\"https:\\\/\\\/theuncommonshop.ch\\\/en\\\/product\\\/pokemon-mega-evolution-lumiose-city-mini-tin\\\/\",\"name\":\"Buy Pok\u00e9mon - Mega Evolution - Lumiose City - Mini Tin\",\"isPartOf\":{\"@id\":\"https:\\\/\\\/theuncommonshop.ch\\\/en\\\/#website\"},\"primaryImageOfPage\":{\"@id\":\"https:\\\/\\\/theuncommonshop.ch\\\/en\\\/product\\\/pokemon-mega-evolution-lumiose-city-mini-tin\\\/#primaryimage\"},\"image\":{\"@id\":\"https:\\\/\\\/theuncommonshop.ch\\\/en\\\/product\\\/pokemon-mega-evolution-lumiose-city-mini-tin\\\/#primaryimage\"},\"thumbnailUrl\":\"https:\\\/\\\/theuncommonshop.ch\\\/wp-content\\\/uploads\\\/2026\\\/04\\\/LomiousCityTinSet-1.webp\",\"datePublished\":\"2026-04-10T00:13:28+00:00\",\"description\":\"Shop Pok\u00e9mon - Mega Evolution - Lumiose City - Mini Tin online at great prices now! Your #1 TCG & Pok\u00e9mon card shop in Switzerland \u2713 Free shipping from CHF 29\",\"breadcrumb\":{\"@id\":\"https:\\\/\\\/theuncommonshop.ch\\\/en\\\/product\\\/pokemon-mega-evolution-lumiose-city-mini-tin\\\/#breadcrumb\"},\"inLanguage\":\"en-US\",\"potentialAction\":[{\"@type\":\"ReadAction\",\"target\":[\"https:\\\/\\\/theuncommonshop.ch\\\/en\\\/product\\\/pokemon-mega-evolution-lumiose-city-mini-tin\\\/\"]}]},{\"@type\":\"ImageObject\",\"inLanguage\":\"en-US\",\"@id\":\"https:\\\/\\\/theuncommonshop.ch\\\/en\\\/product\\\/pokemon-mega-evolution-lumiose-city-mini-tin\\\/#primaryimage\",\"url\":\"https:\\\/\\\/theuncommonshop.ch\\\/wp-content\\\/uploads\\\/2026\\\/04\\\/LomiousCityTinSet-1.webp\",\"contentUrl\":\"https:\\\/\\\/theuncommonshop.ch\\\/wp-content\\\/uploads\\\/2026\\\/04\\\/LomiousCityTinSet-1.webp\",\"width\":622,\"height\":800,\"caption\":\"LomiousCityTinSet\"},{\"@type\":\"BreadcrumbList\",\"@id\":\"https:\\\/\\\/theuncommonshop.ch\\\/en\\\/product\\\/pokemon-mega-evolution-lumiose-city-mini-tin\\\/#breadcrumb\",\"itemListElement\":[{\"@type\":\"ListItem\",\"position\":1,\"name\":\"Home\",\"item\":\"https:\\\/\\\/theuncommonshop.ch\\\/en\\\/home\\\/\"},{\"@type\":\"ListItem\",\"position\":2,\"name\":\"Store\",\"item\":\"https:\\\/\\\/theuncommonshop.ch\\\/en\\\/store\\\/\"},{\"@type\":\"ListItem\",\"position\":3,\"name\":\"Pok\u00e9mon &#8211; Mega Evolution &#8211; Lumiose City &#8211; Mini Tin\"}]},{\"@type\":\"WebSite\",\"@id\":\"https:\\\/\\\/theuncommonshop.ch\\\/en\\\/#website\",\"url\":\"https:\\\/\\\/theuncommonshop.ch\\\/en\\\/\",\"name\":\"Largest trading card shop in Switzerland\",\"description\":\"Magic, Pok\u00e9mon and Yu-gi-oh - The Uncommon Shop\",\"potentialAction\":[{\"@type\":\"SearchAction\",\"target\":{\"@type\":\"EntryPoint\",\"urlTemplate\":\"https:\\\/\\\/theuncommonshop.ch\\\/en\\\/?s={search_term_string}\"},\"query-input\":{\"@type\":\"PropertyValueSpecification\",\"valueRequired\":true,\"valueName\":\"search_term_string\"}}],\"inLanguage\":\"en-US\"}]}<\/script>\n<meta property=\"og:availability\" content=\"instock\" \/>\n<meta property=\"product:availability\" content=\"instock\" \/>\n<meta property=\"product:condition\" content=\"new\" \/>\n<!-- \/ Yoast SEO plugin. -->","yoast_head_json":{"title":"Buy Pok\u00e9mon - Mega Evolution - Lumiose City - Mini Tin","description":"Shop Pok\u00e9mon - Mega Evolution - Lumiose City - Mini Tin online at great prices now! Your #1 TCG & Pok\u00e9mon card shop in Switzerland \u2713 Free shipping from CHF 29","robots":{"index":"index","follow":"follow","max-snippet":"max-snippet:-1","max-image-preview":"max-image-preview:large","max-video-preview":"max-video-preview:-1"},"canonical":"https:\/\/theuncommonshop.ch\/en\/product\/pokemon-mega-evolution-lumiose-city-mini-tin\/","og_locale":"en_US","og_type":"article","og_title":"Buy Pok\u00e9mon - Mega Evolution - Lumiose City - Mini Tin","og_description":"Shop Pok\u00e9mon - Mega Evolution - Lumiose City - Mini Tin online at great prices now! Your #1 TCG & Pok\u00e9mon card shop in Switzerland \u2713 Free shipping from CHF 29","og_url":"https:\/\/theuncommonshop.ch\/en\/product\/pokemon-mega-evolution-lumiose-city-mini-tin\/","og_site_name":"Largest trading card shop in Switzerland","og_image":[{"width":622,"height":800,"url":"https:\/\/theuncommonshop.ch\/wp-content\/uploads\/2026\/04\/LomiousCityTinSet-1.webp","type":"image\/webp"}],"twitter_card":"summary_large_image","twitter_misc":{"Availability":"In stock"},"schema":{"@context":"https:\/\/schema.org","@graph":[{"@type":"WebPage","@id":"https:\/\/theuncommonshop.ch\/en\/product\/pokemon-mega-evolution-lumiose-city-mini-tin\/","url":"https:\/\/theuncommonshop.ch\/en\/product\/pokemon-mega-evolution-lumiose-city-mini-tin\/","name":"Buy Pok\u00e9mon - Mega Evolution - Lumiose City - Mini Tin","isPartOf":{"@id":"https:\/\/theuncommonshop.ch\/en\/#website"},"primaryImageOfPage":{"@id":"https:\/\/theuncommonshop.ch\/en\/product\/pokemon-mega-evolution-lumiose-city-mini-tin\/#primaryimage"},"image":{"@id":"https:\/\/theuncommonshop.ch\/en\/product\/pokemon-mega-evolution-lumiose-city-mini-tin\/#primaryimage"},"thumbnailUrl":"https:\/\/theuncommonshop.ch\/wp-content\/uploads\/2026\/04\/LomiousCityTinSet-1.webp","datePublished":"2026-04-10T00:13:28+00:00","description":"Shop Pok\u00e9mon - Mega Evolution - Lumiose City - Mini Tin online at great prices now! Your #1 TCG & Pok\u00e9mon card shop in Switzerland \u2713 Free shipping from CHF 29","breadcrumb":{"@id":"https:\/\/theuncommonshop.ch\/en\/product\/pokemon-mega-evolution-lumiose-city-mini-tin\/#breadcrumb"},"inLanguage":"en-US","potentialAction":[{"@type":"ReadAction","target":["https:\/\/theuncommonshop.ch\/en\/product\/pokemon-mega-evolution-lumiose-city-mini-tin\/"]}]},{"@type":"ImageObject","inLanguage":"en-US","@id":"https:\/\/theuncommonshop.ch\/en\/product\/pokemon-mega-evolution-lumiose-city-mini-tin\/#primaryimage","url":"https:\/\/theuncommonshop.ch\/wp-content\/uploads\/2026\/04\/LomiousCityTinSet-1.webp","contentUrl":"https:\/\/theuncommonshop.ch\/wp-content\/uploads\/2026\/04\/LomiousCityTinSet-1.webp","width":622,"height":800,"caption":"LomiousCityTinSet"},{"@type":"BreadcrumbList","@id":"https:\/\/theuncommonshop.ch\/en\/product\/pokemon-mega-evolution-lumiose-city-mini-tin\/#breadcrumb","itemListElement":[{"@type":"ListItem","position":1,"name":"Home","item":"https:\/\/theuncommonshop.ch\/en\/home\/"},{"@type":"ListItem","position":2,"name":"Store","item":"https:\/\/theuncommonshop.ch\/en\/store\/"},{"@type":"ListItem","position":3,"name":"Pok\u00e9mon &#8211; Mega Evolution &#8211; Lumiose City &#8211; Mini Tin"}]},{"@type":"WebSite","@id":"https:\/\/theuncommonshop.ch\/en\/#website","url":"https:\/\/theuncommonshop.ch\/en\/","name":"Largest trading card shop in Switzerland","description":"Magic, Pok\u00e9mon and Yu-gi-oh - The Uncommon Shop","potentialAction":[{"@type":"SearchAction","target":{"@type":"EntryPoint","urlTemplate":"https:\/\/theuncommonshop.ch\/en\/?s={search_term_string}"},"query-input":{"@type":"PropertyValueSpecification","valueRequired":true,"valueName":"search_term_string"}}],"inLanguage":"en-US"}]},"og_availability":"instock","product_availability":"instock","product_condition":"new"},"_links":{"self":[{"href":"https:\/\/theuncommonshop.ch\/en\/wp-json\/wp\/v2\/product\/367751","targetHints":{"allow":["GET"]}}],"collection":[{"href":"https:\/\/theuncommonshop.ch\/en\/wp-json\/wp\/v2\/product"}],"about":[{"href":"https:\/\/theuncommonshop.ch\/en\/wp-json\/wp\/v2\/types\/product"}],"replies":[{"embeddable":true,"href":"https:\/\/theuncommonshop.ch\/en\/wp-json\/wp\/v2\/comments?post=367751"}],"version-history":[{"count":0,"href":"https:\/\/theuncommonshop.ch\/en\/wp-json\/wp\/v2\/product\/367751\/revisions"}],"wp:featuredmedia":[{"embeddable":true,"href":"https:\/\/theuncommonshop.ch\/en\/wp-json\/wp\/v2\/media\/367708"}],"wp:attachment":[{"href":"https:\/\/theuncommonshop.ch\/en\/wp-json\/wp\/v2\/media?parent=367751"}],"wp:term":[{"taxonomy":"product_brand","embeddable":true,"href":"https:\/\/theuncommonshop.ch\/en\/wp-json\/wp\/v2\/product_brand?post=367751"},{"taxonomy":"product_cat","embeddable":true,"href":"https:\/\/theuncommonshop.ch\/en\/wp-json\/wp\/v2\/product_cat?post=367751"},{"taxonomy":"product_tag","embeddable":true,"href":"https:\/\/theuncommonshop.ch\/en\/wp-json\/wp\/v2\/product_tag?post=367751"}],"curies":[{"name":"wp","href":"https:\/\/api.w.org\/{rel}","templated":true}]}}