{"id":367100,"date":"2026-04-07T23:48:18","date_gmt":"2026-04-07T21:48:18","guid":{"rendered":"https:\/\/theuncommonshop.ch\/product\/pokemon-sword-shield-pokemon-go-s10b-booster-display\/"},"modified":"2026-04-07T23:48:18","modified_gmt":"2026-04-07T21:48:18","slug":"pokemon-sword-shield-pokemon-go-s10b-booster-display","status":"publish","type":"product","link":"https:\/\/theuncommonshop.ch\/en\/product\/pokemon-sword-shield-pokemon-go-s10b-booster-display\/","title":{"rendered":"Pok\u00e9mon &#8211; Sword &amp; Shield &#8211; Pok\u00e9mon GO (S10B) &#8211; Booster Display"},"content":{"rendered":"<p data-path-to-node=\"3\">Bring the adventure from the streets straight to your gaming table! Niantic&#8217;s legendary mobile game celebrates its epic entry into the Pok\u00e9mon TCG with the Japanese <b data-path-to-node=\"3\" data-index-in-node=\"88\">Pok\u00e9mon GO Special Set (s10b)<\/b>. This unique set combines popular elements from the app with stunning new artwork.  <\/p>\n<p data-path-to-node=\"4\">The Japanese cards are highly sought after by collectors due to their outstanding print quality, the fantastic holo effect and the exclusive silver edges.<\/p>\n<p data-path-to-node=\"5\"><b data-path-to-node=\"5\" data-index-in-node=\"0\">The absolute highlights of this set:<\/b><\/p>\n<ul data-path-to-node=\"6\">\n<li>\n<p data-path-to-node=\"6,0,0\"><b data-path-to-node=\"6,0,0\" data-index-in-node=\"0\">Mewtu V (Special Art):<\/b> The hunt is on! With a little luck, draw the incredible Mewtu V Alt Art floating above a Pok\u00e9mon GO-style illuminated city &#8211; the absolute chase artwork of this set. <\/p>\n<\/li>\n<li>\n<p data-path-to-node=\"6,1,0\"><b data-path-to-node=\"6,1,0\" data-index-in-node=\"0\">Radiant Pok\u00e9mon:<\/b> Discover the coveted <i data-path-to-node=\"6,1,0\" data-index-in-node=\"43\">Radiant<\/i> (Kagayaku) versions of the Kanto starters Glurak, Turtok and Bisaflor. <\/p>\n<\/li>\n<li>\n<p data-path-to-node=\"6,2,0\"><b data-path-to-node=\"6,2,0\" data-index-in-node=\"0\">The Ditto secret:<\/b> Keep your eyes open! Some ordinary cards hide an incredible secret. If you draw a card with a tiny Ditto symbol, you can peel off the top layer to reveal a holographic Ditto!  <\/p>\n<\/li>\n<li>\n<p data-path-to-node=\"6,3,0\"><b data-path-to-node=\"6,3,0\" data-index-in-node=\"0\">Team Leader:<\/b> Get the full-art trainer cards of Blanche (Team Wisdom), Candela (Team Daring), Spark (Team Intuition) and Professor Willow.<\/p>\n<\/li>\n<\/ul>\n<p data-path-to-node=\"7\"><b data-path-to-node=\"7\" data-index-in-node=\"0\">Contents of an original sealed display:<\/b><\/p>\n<ul data-path-to-node=\"8\">\n<li>\n<p data-path-to-node=\"8,0,0\"><b data-path-to-node=\"8,0,0\" data-index-in-node=\"0\">20 Japanese Booster Packs<\/b> of the <i data-path-to-node=\"8,0,0\" data-index-in-node=\"44\">Pok\u00e9mon GO<\/i> expansion (s10b)<\/p>\n<\/li>\n<li>\n<p data-path-to-node=\"8,1,0\"><b data-path-to-node=\"8,1,0\" data-index-in-node=\"0\">6 cards<\/b> per Booster Pack<\/p>\n<\/li>\n<li>\n<p data-path-to-node=\"8,2,0\"><b data-path-to-node=\"8,2,0\" data-index-in-node=\"0\">Pull Guarantee:<\/b> Each Packs is guaranteed to contain 2 holographic cards!<\/p>\n<\/li>\n<\/ul>\n","protected":false},"excerpt":{"rendered":"<p>Bring the adventure from the streets straight to your gaming table! Niantic&#8217;s legendary mobile game celebrates its epic entry into<\/p>\n","protected":false},"featured_media":367093,"comment_status":"open","ping_status":"closed","template":"","meta":{"_acf_changed":false},"product_brand":[5115,5073],"product_cat":[9804,10054,9776],"product_tag":[],"class_list":{"0":"post-367100","1":"product","2":"type-product","3":"status-publish","4":"has-post-thumbnail","6":"product_brand-pokemon","7":"product_brand-the-pokemon-company","8":"product_cat-booster-displays-pokemon-en","9":"product_cat-booster-displays-japanese","10":"product_cat-pokemon-en","12":"first","13":"outofstock","14":"taxable","15":"shipping-taxable","16":"purchasable","17":"product-type-simple"},"acf":[],"yoast_head":"<!-- This site is optimized with the Yoast SEO plugin v27.3 - https:\/\/yoast.com\/product\/yoast-seo-wordpress\/ -->\n<title>Buy Pok\u00e9mon - Sword &amp; Shield - Pok\u00e9mon GO (S10B) - Booster Display<\/title>\n<meta name=\"description\" content=\"Shop Pok\u00e9mon - Sword &amp; Shield - Pok\u00e9mon GO (S10B) - Booster Display online at great prices now! Your #1 TCG &amp; Pok\u00e9mon card shop in Switzerland \u2713 Free shipping from CHF 29\" \/>\n<meta name=\"robots\" content=\"index, follow, max-snippet:-1, max-image-preview:large, max-video-preview:-1\" \/>\n<link rel=\"canonical\" href=\"https:\/\/theuncommonshop.ch\/en\/product\/pokemon-sword-shield-pokemon-go-s10b-booster-display\/\" \/>\n<meta property=\"og:locale\" content=\"en_US\" \/>\n<meta property=\"og:type\" content=\"article\" \/>\n<meta property=\"og:title\" content=\"Buy Pok\u00e9mon - Sword &amp; Shield - Pok\u00e9mon GO (S10B) - Booster Display\" \/>\n<meta property=\"og:description\" content=\"Shop Pok\u00e9mon - Sword &amp; Shield - Pok\u00e9mon GO (S10B) - Booster Display online at great prices now! Your #1 TCG &amp; Pok\u00e9mon card shop in Switzerland \u2713 Free shipping from CHF 29\" \/>\n<meta property=\"og:url\" content=\"https:\/\/theuncommonshop.ch\/en\/product\/pokemon-sword-shield-pokemon-go-s10b-booster-display\/\" \/>\n<meta property=\"og:site_name\" content=\"Largest trading card shop in Switzerland\" \/>\n<meta name=\"twitter:card\" content=\"summary_large_image\" \/>\n<meta name=\"twitter:label1\" content=\"Price\" \/>\n\t<meta name=\"twitter:data1\" content=\"&#067;&#072;&#070;&nbsp;119.95\" \/>\n\t<meta name=\"twitter:label2\" content=\"Availability\" \/>\n\t<meta name=\"twitter:data2\" content=\"Out of stock\" \/>\n<script type=\"application\/ld+json\" class=\"yoast-schema-graph\">{\"@context\":\"https:\\\/\\\/schema.org\",\"@graph\":[{\"@type\":\"WebPage\",\"@id\":\"https:\\\/\\\/theuncommonshop.ch\\\/en\\\/product\\\/pokemon-sword-shield-pokemon-go-s10b-booster-display\\\/\",\"url\":\"https:\\\/\\\/theuncommonshop.ch\\\/en\\\/product\\\/pokemon-sword-shield-pokemon-go-s10b-booster-display\\\/\",\"name\":\"Buy Pok\u00e9mon - Sword &amp; Shield - Pok\u00e9mon GO (S10B) - Booster Display\",\"isPartOf\":{\"@id\":\"https:\\\/\\\/theuncommonshop.ch\\\/en\\\/#website\"},\"primaryImageOfPage\":{\"@id\":\"https:\\\/\\\/theuncommonshop.ch\\\/en\\\/product\\\/pokemon-sword-shield-pokemon-go-s10b-booster-display\\\/#primaryimage\"},\"image\":{\"@id\":\"https:\\\/\\\/theuncommonshop.ch\\\/en\\\/product\\\/pokemon-sword-shield-pokemon-go-s10b-booster-display\\\/#primaryimage\"},\"thumbnailUrl\":\"https:\\\/\\\/theuncommonshop.ch\\\/wp-content\\\/uploads\\\/2026\\\/04\\\/GO.avif\",\"datePublished\":\"2026-04-07T21:48:18+00:00\",\"description\":\"Shop Pok\u00e9mon - Sword &amp; Shield - Pok\u00e9mon GO (S10B) - Booster Display online at great prices now! Your #1 TCG & Pok\u00e9mon card shop in Switzerland \u2713 Free shipping from CHF 29\",\"breadcrumb\":{\"@id\":\"https:\\\/\\\/theuncommonshop.ch\\\/en\\\/product\\\/pokemon-sword-shield-pokemon-go-s10b-booster-display\\\/#breadcrumb\"},\"inLanguage\":\"en-US\",\"potentialAction\":[{\"@type\":\"ReadAction\",\"target\":[\"https:\\\/\\\/theuncommonshop.ch\\\/en\\\/product\\\/pokemon-sword-shield-pokemon-go-s10b-booster-display\\\/\"]}]},{\"@type\":\"ImageObject\",\"inLanguage\":\"en-US\",\"@id\":\"https:\\\/\\\/theuncommonshop.ch\\\/en\\\/product\\\/pokemon-sword-shield-pokemon-go-s10b-booster-display\\\/#primaryimage\",\"url\":\"https:\\\/\\\/theuncommonshop.ch\\\/wp-content\\\/uploads\\\/2026\\\/04\\\/GO.avif\",\"contentUrl\":\"https:\\\/\\\/theuncommonshop.ch\\\/wp-content\\\/uploads\\\/2026\\\/04\\\/GO.avif\",\"width\":758,\"height\":1500},{\"@type\":\"BreadcrumbList\",\"@id\":\"https:\\\/\\\/theuncommonshop.ch\\\/en\\\/product\\\/pokemon-sword-shield-pokemon-go-s10b-booster-display\\\/#breadcrumb\",\"itemListElement\":[{\"@type\":\"ListItem\",\"position\":1,\"name\":\"Home\",\"item\":\"https:\\\/\\\/theuncommonshop.ch\\\/en\\\/home\\\/\"},{\"@type\":\"ListItem\",\"position\":2,\"name\":\"Store\",\"item\":\"https:\\\/\\\/theuncommonshop.ch\\\/en\\\/store\\\/\"},{\"@type\":\"ListItem\",\"position\":3,\"name\":\"Pok\u00e9mon\",\"item\":\"https:\\\/\\\/theuncommonshop.ch\\\/en\\\/product-category\\\/pokemon-en\\\/\"},{\"@type\":\"ListItem\",\"position\":4,\"name\":\"Booster Displays\",\"item\":\"https:\\\/\\\/theuncommonshop.ch\\\/en\\\/product-category\\\/pokemon-en\\\/booster-displays-pokemon-en\\\/\"},{\"@type\":\"ListItem\",\"position\":5,\"name\":\"Booster Displays (Japanese)\",\"item\":\"https:\\\/\\\/theuncommonshop.ch\\\/en\\\/product-category\\\/pokemon-en\\\/booster-displays-pokemon-en\\\/booster-displays-japanese\\\/\"},{\"@type\":\"ListItem\",\"position\":6,\"name\":\"Pok\u00e9mon &#8211; Sword &amp; Shield &#8211; Pok\u00e9mon GO (S10B) &#8211; Booster Display\"}]},{\"@type\":\"WebSite\",\"@id\":\"https:\\\/\\\/theuncommonshop.ch\\\/en\\\/#website\",\"url\":\"https:\\\/\\\/theuncommonshop.ch\\\/en\\\/\",\"name\":\"Largest trading card shop in Switzerland\",\"description\":\"Magic, Pok\u00e9mon and Yu-gi-oh - The Uncommon Shop\",\"potentialAction\":[{\"@type\":\"SearchAction\",\"target\":{\"@type\":\"EntryPoint\",\"urlTemplate\":\"https:\\\/\\\/theuncommonshop.ch\\\/en\\\/?s={search_term_string}\"},\"query-input\":{\"@type\":\"PropertyValueSpecification\",\"valueRequired\":true,\"valueName\":\"search_term_string\"}}],\"inLanguage\":\"en-US\"}]}<\/script>\n<meta property=\"product:price:amount\" content=\"119.95\" \/>\n<meta property=\"product:price:currency\" content=\"CHF\" \/>\n<meta property=\"og:availability\" content=\"out of stock\" \/>\n<meta property=\"product:availability\" content=\"out of stock\" \/>\n<meta property=\"product:retailer_item_id\" content=\"Pok\u00e9monGoDisplay.JPN\" \/>\n<meta property=\"product:condition\" content=\"new\" \/>\n<!-- \/ Yoast SEO plugin. -->","yoast_head_json":{"title":"Buy Pok\u00e9mon - Sword &amp; Shield - Pok\u00e9mon GO (S10B) - Booster Display","description":"Shop Pok\u00e9mon - Sword &amp; Shield - Pok\u00e9mon GO (S10B) - Booster Display online at great prices now! Your #1 TCG & Pok\u00e9mon card shop in Switzerland \u2713 Free shipping from CHF 29","robots":{"index":"index","follow":"follow","max-snippet":"max-snippet:-1","max-image-preview":"max-image-preview:large","max-video-preview":"max-video-preview:-1"},"canonical":"https:\/\/theuncommonshop.ch\/en\/product\/pokemon-sword-shield-pokemon-go-s10b-booster-display\/","og_locale":"en_US","og_type":"article","og_title":"Buy Pok\u00e9mon - Sword &amp; Shield - Pok\u00e9mon GO (S10B) - Booster Display","og_description":"Shop Pok\u00e9mon - Sword &amp; Shield - Pok\u00e9mon GO (S10B) - Booster Display online at great prices now! Your #1 TCG & Pok\u00e9mon card shop in Switzerland \u2713 Free shipping from CHF 29","og_url":"https:\/\/theuncommonshop.ch\/en\/product\/pokemon-sword-shield-pokemon-go-s10b-booster-display\/","og_site_name":"Largest trading card shop in Switzerland","twitter_card":"summary_large_image","twitter_misc":{"Price":"&#67;&#72;&#70;&nbsp;119.95","Availability":"Out of stock"},"schema":{"@context":"https:\/\/schema.org","@graph":[{"@type":"WebPage","@id":"https:\/\/theuncommonshop.ch\/en\/product\/pokemon-sword-shield-pokemon-go-s10b-booster-display\/","url":"https:\/\/theuncommonshop.ch\/en\/product\/pokemon-sword-shield-pokemon-go-s10b-booster-display\/","name":"Buy Pok\u00e9mon - Sword &amp; Shield - Pok\u00e9mon GO (S10B) - Booster Display","isPartOf":{"@id":"https:\/\/theuncommonshop.ch\/en\/#website"},"primaryImageOfPage":{"@id":"https:\/\/theuncommonshop.ch\/en\/product\/pokemon-sword-shield-pokemon-go-s10b-booster-display\/#primaryimage"},"image":{"@id":"https:\/\/theuncommonshop.ch\/en\/product\/pokemon-sword-shield-pokemon-go-s10b-booster-display\/#primaryimage"},"thumbnailUrl":"https:\/\/theuncommonshop.ch\/wp-content\/uploads\/2026\/04\/GO.avif","datePublished":"2026-04-07T21:48:18+00:00","description":"Shop Pok\u00e9mon - Sword &amp; Shield - Pok\u00e9mon GO (S10B) - Booster Display online at great prices now! Your #1 TCG & Pok\u00e9mon card shop in Switzerland \u2713 Free shipping from CHF 29","breadcrumb":{"@id":"https:\/\/theuncommonshop.ch\/en\/product\/pokemon-sword-shield-pokemon-go-s10b-booster-display\/#breadcrumb"},"inLanguage":"en-US","potentialAction":[{"@type":"ReadAction","target":["https:\/\/theuncommonshop.ch\/en\/product\/pokemon-sword-shield-pokemon-go-s10b-booster-display\/"]}]},{"@type":"ImageObject","inLanguage":"en-US","@id":"https:\/\/theuncommonshop.ch\/en\/product\/pokemon-sword-shield-pokemon-go-s10b-booster-display\/#primaryimage","url":"https:\/\/theuncommonshop.ch\/wp-content\/uploads\/2026\/04\/GO.avif","contentUrl":"https:\/\/theuncommonshop.ch\/wp-content\/uploads\/2026\/04\/GO.avif","width":758,"height":1500},{"@type":"BreadcrumbList","@id":"https:\/\/theuncommonshop.ch\/en\/product\/pokemon-sword-shield-pokemon-go-s10b-booster-display\/#breadcrumb","itemListElement":[{"@type":"ListItem","position":1,"name":"Home","item":"https:\/\/theuncommonshop.ch\/en\/home\/"},{"@type":"ListItem","position":2,"name":"Store","item":"https:\/\/theuncommonshop.ch\/en\/store\/"},{"@type":"ListItem","position":3,"name":"Pok\u00e9mon","item":"https:\/\/theuncommonshop.ch\/en\/product-category\/pokemon-en\/"},{"@type":"ListItem","position":4,"name":"Booster Displays","item":"https:\/\/theuncommonshop.ch\/en\/product-category\/pokemon-en\/booster-displays-pokemon-en\/"},{"@type":"ListItem","position":5,"name":"Booster Displays (Japanese)","item":"https:\/\/theuncommonshop.ch\/en\/product-category\/pokemon-en\/booster-displays-pokemon-en\/booster-displays-japanese\/"},{"@type":"ListItem","position":6,"name":"Pok\u00e9mon &#8211; Sword &amp; Shield &#8211; Pok\u00e9mon GO (S10B) &#8211; Booster Display"}]},{"@type":"WebSite","@id":"https:\/\/theuncommonshop.ch\/en\/#website","url":"https:\/\/theuncommonshop.ch\/en\/","name":"Largest trading card shop in Switzerland","description":"Magic, Pok\u00e9mon and Yu-gi-oh - The Uncommon Shop","potentialAction":[{"@type":"SearchAction","target":{"@type":"EntryPoint","urlTemplate":"https:\/\/theuncommonshop.ch\/en\/?s={search_term_string}"},"query-input":{"@type":"PropertyValueSpecification","valueRequired":true,"valueName":"search_term_string"}}],"inLanguage":"en-US"}]},"product_price_amount":"119.95","product_price_currency":"CHF","og_availability":"out of stock","product_availability":"out of stock","product_retailer_item_id":"Pok\u00e9monGoDisplay.JPN","product_condition":"new"},"_links":{"self":[{"href":"https:\/\/theuncommonshop.ch\/en\/wp-json\/wp\/v2\/product\/367100","targetHints":{"allow":["GET"]}}],"collection":[{"href":"https:\/\/theuncommonshop.ch\/en\/wp-json\/wp\/v2\/product"}],"about":[{"href":"https:\/\/theuncommonshop.ch\/en\/wp-json\/wp\/v2\/types\/product"}],"replies":[{"embeddable":true,"href":"https:\/\/theuncommonshop.ch\/en\/wp-json\/wp\/v2\/comments?post=367100"}],"version-history":[{"count":0,"href":"https:\/\/theuncommonshop.ch\/en\/wp-json\/wp\/v2\/product\/367100\/revisions"}],"wp:featuredmedia":[{"embeddable":true,"href":"https:\/\/theuncommonshop.ch\/en\/wp-json\/wp\/v2\/media\/367093"}],"wp:attachment":[{"href":"https:\/\/theuncommonshop.ch\/en\/wp-json\/wp\/v2\/media?parent=367100"}],"wp:term":[{"taxonomy":"product_brand","embeddable":true,"href":"https:\/\/theuncommonshop.ch\/en\/wp-json\/wp\/v2\/product_brand?post=367100"},{"taxonomy":"product_cat","embeddable":true,"href":"https:\/\/theuncommonshop.ch\/en\/wp-json\/wp\/v2\/product_cat?post=367100"},{"taxonomy":"product_tag","embeddable":true,"href":"https:\/\/theuncommonshop.ch\/en\/wp-json\/wp\/v2\/product_tag?post=367100"}],"curies":[{"name":"wp","href":"https:\/\/api.w.org\/{rel}","templated":true}]}}