{"id":357364,"date":"2026-03-28T20:13:39","date_gmt":"2026-03-28T19:13:39","guid":{"rendered":"http:\/\/theuncommonshop.ch\/produkt\/pokemon-sword-shield-brilliant-stars-swsh09-sleeved-booster-pack\/"},"modified":"2026-04-08T18:23:59","modified_gmt":"2026-04-08T16:23:59","slug":"pokemon-sword-shield-brilliant-stars-swsh09-sleeved-booster-pack","status":"publish","type":"product","link":"https:\/\/theuncommonshop.ch\/en\/product\/pokemon-sword-shield-brilliant-stars-swsh09-sleeved-booster-pack\/","title":{"rendered":"Pok\u00e9mon &#8211; Sword &amp; Shield &#8211; Brilliant Stars (SWSH09) &#8211; Sleeved Booster Pack"},"content":{"rendered":"<h3 data-path-to-node=\"6\">Your highlights in this set:<\/h3>\n<ul data-path-to-node=\"7\">\n<li>\n<p data-path-to-node=\"7,0,0\"><b data-path-to-node=\"7,0,0\" data-index-in-node=\"0\">The birth of the VSTAR Pok\u00e9mon:<\/b> This set introduced the powerful VSTAR mechanic! Discover legendary cards like the meta-bearing <i data-path-to-node=\"7,0,0\" data-index-in-node=\"128\">Arceus VSTAR<\/i> or the highly sought-after <i data-path-to-node=\"7,0,0\" data-index-in-node=\"166\">Glurak VSTAR<\/i>. <\/p>\n<\/li>\n<li>\n<p data-path-to-node=\"7,1,0\"><b data-path-to-node=\"7,1,0\" data-index-in-node=\"0\">The beautiful Trainer Gallery:<\/b> <i data-path-to-node=\"7,1,0\" data-index-in-node=\"51\">Strahlende Sterne<\/i> brought the acclaimed Trainer Gallery to the game &#8211; a special subset of 30 cards featuring Pok\u00e9mon and their iconic Trainers in stunning, full-screen artwork (Full Arts). Hits like Umbreon<i data-path-to-node=\"7,1,0\" data-index-in-node=\"278\"> VMAX<\/i> or <i data-path-to-node=\"7,1,0\" data-index-in-node=\"297\">Zygarde<\/i> are waiting for you here! <\/p>\n<\/li>\n<li>\n<p data-path-to-node=\"7,2,0\"><b data-path-to-node=\"7,2,0\" data-index-in-node=\"0\">Epic Glurak Chase cards:<\/b> This set is an absolute dream for Glurak fans. From the beautiful <i data-path-to-node=\"7,2,0\" data-index-in-node=\"100\">Glurak V Alternate Art<\/i> (Alt Art) to the <i data-path-to-node=\"7,2,0\" data-index-in-node=\"145\">Glurak VSTAR Rainbow Rares<\/i>, there are several top prizes to be drawn here. <\/p>\n<\/li>\n<\/ul>\n<ul>\n<li>\n<p data-path-to-node=\"9,1,0\"><b data-path-to-node=\"9,1,0\" data-index-in-node=\"0\">Number of cards:<\/b> 10 random Pok\u00e9mon cards per Booster + 1 Basic Energy card (or VSTAR token).<\/p>\n<\/li>\n<li>\n<p data-path-to-node=\"9,2,0\"><b data-path-to-node=\"9,2,0\" data-index-in-node=\"0\">Supplement:<\/b> 1 code card for the Pok\u00e9mon Trading Card Game Live.<\/p>\n<\/li>\n<\/ul>\n","protected":false},"excerpt":{"rendered":"<p>Your highlights in this set: The birth of the VSTAR Pok\u00e9mon: This set introduced the powerful VSTAR mechanic! Discover legendary<\/p>\n","protected":false},"featured_media":357278,"comment_status":"open","ping_status":"closed","template":"","meta":{"_acf_changed":false},"product_brand":[5115,5073],"product_cat":[9806,10056,9776,9820,10072,10132],"product_tag":[],"class_list":{"0":"post-357364","1":"product","2":"type-product","3":"status-publish","4":"has-post-thumbnail","6":"product_brand-pokemon","7":"product_brand-the-pokemon-company","8":"product_cat-booster-packs-pokemon","9":"product_cat-booster-packs-international-en","10":"product_cat-pokemon-en","11":"product_cat-products-by-sets","12":"product_cat-sword-and-shield","13":"product_cat-swsh09-brilliant-stars-en","15":"first","16":"instock","17":"taxable","18":"shipping-taxable","19":"purchasable","20":"product-type-simple"},"acf":[],"yoast_head":"<!-- This site is optimized with the Yoast SEO plugin v27.5 - https:\/\/yoast.com\/product\/yoast-seo-wordpress\/ -->\n<title>Buy Pok\u00e9mon - Sword &amp; Shield - Brilliant Stars (SWSH09) - Sleeved Booster Pack<\/title>\n<meta name=\"description\" content=\"Shop Pok\u00e9mon - Sword &amp; Shield - Brilliant Stars (SWSH09) - Sleeved Booster Pack online at great prices now! Your #1 TCG &amp; Pok\u00e9mon card shop in Switzerland \u2713 Free shipping from CHF 29\" \/>\n<meta name=\"robots\" content=\"index, follow, max-snippet:-1, max-image-preview:large, max-video-preview:-1\" \/>\n<link rel=\"canonical\" href=\"https:\/\/theuncommonshop.ch\/en\/product\/pokemon-sword-shield-brilliant-stars-swsh09-sleeved-booster-pack\/\" \/>\n<meta property=\"og:locale\" content=\"en_US\" \/>\n<meta property=\"og:type\" content=\"article\" \/>\n<meta property=\"og:title\" content=\"Buy Pok\u00e9mon - Sword &amp; Shield - Brilliant Stars (SWSH09) - Sleeved Booster Pack\" \/>\n<meta property=\"og:description\" content=\"Shop Pok\u00e9mon - Sword &amp; Shield - Brilliant Stars (SWSH09) - Sleeved Booster Pack online at great prices now! Your #1 TCG &amp; Pok\u00e9mon card shop in Switzerland \u2713 Free shipping from CHF 29\" \/>\n<meta property=\"og:url\" content=\"https:\/\/theuncommonshop.ch\/en\/product\/pokemon-sword-shield-brilliant-stars-swsh09-sleeved-booster-pack\/\" \/>\n<meta property=\"og:site_name\" content=\"The Uncommon Shop\" \/>\n<meta property=\"article:modified_time\" content=\"2026-04-08T16:23:59+00:00\" \/>\n<meta property=\"og:image\" content=\"https:\/\/theuncommonshop.ch\/wp-content\/uploads\/2026\/03\/Brilliant1.webp\" \/>\n\t<meta property=\"og:image:width\" content=\"444\" \/>\n\t<meta property=\"og:image:height\" content=\"800\" \/>\n\t<meta property=\"og:image:type\" content=\"image\/webp\" \/>\n<meta name=\"twitter:card\" content=\"summary_large_image\" \/>\n<meta name=\"twitter:label1\" content=\"Price\" \/>\n\t<meta name=\"twitter:data1\" content=\"&#067;&#072;&#070;&nbsp;13.95\" \/>\n\t<meta name=\"twitter:label2\" content=\"Availability\" \/>\n\t<meta name=\"twitter:data2\" content=\"In stock\" \/>\n<script type=\"application\/ld+json\" class=\"yoast-schema-graph\">{\"@context\":\"https:\\\/\\\/schema.org\",\"@graph\":[{\"@type\":\"WebPage\",\"@id\":\"https:\\\/\\\/theuncommonshop.ch\\\/en\\\/product\\\/pokemon-sword-shield-brilliant-stars-swsh09-sleeved-booster-pack\\\/\",\"url\":\"https:\\\/\\\/theuncommonshop.ch\\\/en\\\/product\\\/pokemon-sword-shield-brilliant-stars-swsh09-sleeved-booster-pack\\\/\",\"name\":\"Buy Pok\u00e9mon - Sword &amp; Shield - Brilliant Stars (SWSH09) - Sleeved Booster Pack\",\"isPartOf\":{\"@id\":\"https:\\\/\\\/theuncommonshop.ch\\\/en\\\/#website\"},\"primaryImageOfPage\":{\"@id\":\"https:\\\/\\\/theuncommonshop.ch\\\/en\\\/product\\\/pokemon-sword-shield-brilliant-stars-swsh09-sleeved-booster-pack\\\/#primaryimage\"},\"image\":{\"@id\":\"https:\\\/\\\/theuncommonshop.ch\\\/en\\\/product\\\/pokemon-sword-shield-brilliant-stars-swsh09-sleeved-booster-pack\\\/#primaryimage\"},\"thumbnailUrl\":\"https:\\\/\\\/theuncommonshop.ch\\\/wp-content\\\/uploads\\\/2026\\\/03\\\/Brilliant1.webp\",\"datePublished\":\"2026-03-28T19:13:39+00:00\",\"dateModified\":\"2026-04-08T16:23:59+00:00\",\"description\":\"Shop Pok\u00e9mon - Sword &amp; Shield - Brilliant Stars (SWSH09) - Sleeved Booster Pack online at great prices now! Your #1 TCG & Pok\u00e9mon card shop in Switzerland \u2713 Free shipping from CHF 29\",\"breadcrumb\":{\"@id\":\"https:\\\/\\\/theuncommonshop.ch\\\/en\\\/product\\\/pokemon-sword-shield-brilliant-stars-swsh09-sleeved-booster-pack\\\/#breadcrumb\"},\"inLanguage\":\"en-US\",\"potentialAction\":[{\"@type\":\"ReadAction\",\"target\":[\"https:\\\/\\\/theuncommonshop.ch\\\/en\\\/product\\\/pokemon-sword-shield-brilliant-stars-swsh09-sleeved-booster-pack\\\/\"]}]},{\"@type\":\"ImageObject\",\"inLanguage\":\"en-US\",\"@id\":\"https:\\\/\\\/theuncommonshop.ch\\\/en\\\/product\\\/pokemon-sword-shield-brilliant-stars-swsh09-sleeved-booster-pack\\\/#primaryimage\",\"url\":\"https:\\\/\\\/theuncommonshop.ch\\\/wp-content\\\/uploads\\\/2026\\\/03\\\/Brilliant1.webp\",\"contentUrl\":\"https:\\\/\\\/theuncommonshop.ch\\\/wp-content\\\/uploads\\\/2026\\\/03\\\/Brilliant1.webp\",\"width\":444,\"height\":800},{\"@type\":\"BreadcrumbList\",\"@id\":\"https:\\\/\\\/theuncommonshop.ch\\\/en\\\/product\\\/pokemon-sword-shield-brilliant-stars-swsh09-sleeved-booster-pack\\\/#breadcrumb\",\"itemListElement\":[{\"@type\":\"ListItem\",\"position\":1,\"name\":\"Home\",\"item\":\"https:\\\/\\\/theuncommonshop.ch\\\/en\\\/home\\\/\"},{\"@type\":\"ListItem\",\"position\":2,\"name\":\"Store\",\"item\":\"https:\\\/\\\/theuncommonshop.ch\\\/en\\\/store\\\/\"},{\"@type\":\"ListItem\",\"position\":3,\"name\":\"Pok\u00e9mon\",\"item\":\"https:\\\/\\\/theuncommonshop.ch\\\/en\\\/product-category\\\/pokemon-en\\\/\"},{\"@type\":\"ListItem\",\"position\":4,\"name\":\"Products by Sets\",\"item\":\"https:\\\/\\\/theuncommonshop.ch\\\/en\\\/product-category\\\/pokemon-en\\\/products-by-sets\\\/\"},{\"@type\":\"ListItem\",\"position\":5,\"name\":\"Sword & Shield\",\"item\":\"https:\\\/\\\/theuncommonshop.ch\\\/en\\\/product-category\\\/pokemon-en\\\/products-by-sets\\\/sword-and-shield\\\/\"},{\"@type\":\"ListItem\",\"position\":6,\"name\":\"SWSH09 Brilliant Stars\",\"item\":\"https:\\\/\\\/theuncommonshop.ch\\\/en\\\/product-category\\\/pokemon-en\\\/products-by-sets\\\/sword-and-shield\\\/swsh09-brilliant-stars-en\\\/\"},{\"@type\":\"ListItem\",\"position\":7,\"name\":\"Pok\u00e9mon &#8211; Sword &amp; Shield &#8211; Brilliant Stars (SWSH09) &#8211; Sleeved Booster Pack\"}]},{\"@type\":\"WebSite\",\"@id\":\"https:\\\/\\\/theuncommonshop.ch\\\/en\\\/#website\",\"url\":\"https:\\\/\\\/theuncommonshop.ch\\\/en\\\/\",\"name\":\"The Uncommon Shop\",\"description\":\"Magic, Pok\u00e9mon and Yu-gi-oh - The Uncommon Shop\",\"potentialAction\":[{\"@type\":\"SearchAction\",\"target\":{\"@type\":\"EntryPoint\",\"urlTemplate\":\"https:\\\/\\\/theuncommonshop.ch\\\/en\\\/?s={search_term_string}\"},\"query-input\":{\"@type\":\"PropertyValueSpecification\",\"valueRequired\":true,\"valueName\":\"search_term_string\"}}],\"inLanguage\":\"en-US\"}]}<\/script>\n<meta property=\"product:price:amount\" content=\"13.95\" \/>\n<meta property=\"product:price:currency\" content=\"CHF\" \/>\n<meta property=\"og:availability\" content=\"instock\" \/>\n<meta property=\"product:availability\" content=\"instock\" \/>\n<meta property=\"product:retailer_item_id\" content=\"Pokemon.BrilliantStars.SleevedBooster.EN\" \/>\n<meta property=\"product:condition\" content=\"new\" \/>\n<!-- \/ Yoast SEO plugin. -->","yoast_head_json":{"title":"Buy Pok\u00e9mon - Sword &amp; Shield - Brilliant Stars (SWSH09) - Sleeved Booster Pack","description":"Shop Pok\u00e9mon - Sword &amp; Shield - Brilliant Stars (SWSH09) - Sleeved Booster Pack online at great prices now! Your #1 TCG & Pok\u00e9mon card shop in Switzerland \u2713 Free shipping from CHF 29","robots":{"index":"index","follow":"follow","max-snippet":"max-snippet:-1","max-image-preview":"max-image-preview:large","max-video-preview":"max-video-preview:-1"},"canonical":"https:\/\/theuncommonshop.ch\/en\/product\/pokemon-sword-shield-brilliant-stars-swsh09-sleeved-booster-pack\/","og_locale":"en_US","og_type":"article","og_title":"Buy Pok\u00e9mon - Sword &amp; Shield - Brilliant Stars (SWSH09) - Sleeved Booster Pack","og_description":"Shop Pok\u00e9mon - Sword &amp; Shield - Brilliant Stars (SWSH09) - Sleeved Booster Pack online at great prices now! Your #1 TCG & Pok\u00e9mon card shop in Switzerland \u2713 Free shipping from CHF 29","og_url":"https:\/\/theuncommonshop.ch\/en\/product\/pokemon-sword-shield-brilliant-stars-swsh09-sleeved-booster-pack\/","og_site_name":"The Uncommon Shop","article_modified_time":"2026-04-08T16:23:59+00:00","og_image":[{"width":444,"height":800,"url":"https:\/\/theuncommonshop.ch\/wp-content\/uploads\/2026\/03\/Brilliant1.webp","type":"image\/webp"}],"twitter_card":"summary_large_image","twitter_misc":{"Price":"&#67;&#72;&#70;&nbsp;13.95","Availability":"In stock"},"schema":{"@context":"https:\/\/schema.org","@graph":[{"@type":"WebPage","@id":"https:\/\/theuncommonshop.ch\/en\/product\/pokemon-sword-shield-brilliant-stars-swsh09-sleeved-booster-pack\/","url":"https:\/\/theuncommonshop.ch\/en\/product\/pokemon-sword-shield-brilliant-stars-swsh09-sleeved-booster-pack\/","name":"Buy Pok\u00e9mon - Sword &amp; Shield - Brilliant Stars (SWSH09) - Sleeved Booster Pack","isPartOf":{"@id":"https:\/\/theuncommonshop.ch\/en\/#website"},"primaryImageOfPage":{"@id":"https:\/\/theuncommonshop.ch\/en\/product\/pokemon-sword-shield-brilliant-stars-swsh09-sleeved-booster-pack\/#primaryimage"},"image":{"@id":"https:\/\/theuncommonshop.ch\/en\/product\/pokemon-sword-shield-brilliant-stars-swsh09-sleeved-booster-pack\/#primaryimage"},"thumbnailUrl":"https:\/\/theuncommonshop.ch\/wp-content\/uploads\/2026\/03\/Brilliant1.webp","datePublished":"2026-03-28T19:13:39+00:00","dateModified":"2026-04-08T16:23:59+00:00","description":"Shop Pok\u00e9mon - Sword &amp; Shield - Brilliant Stars (SWSH09) - Sleeved Booster Pack online at great prices now! Your #1 TCG & Pok\u00e9mon card shop in Switzerland \u2713 Free shipping from CHF 29","breadcrumb":{"@id":"https:\/\/theuncommonshop.ch\/en\/product\/pokemon-sword-shield-brilliant-stars-swsh09-sleeved-booster-pack\/#breadcrumb"},"inLanguage":"en-US","potentialAction":[{"@type":"ReadAction","target":["https:\/\/theuncommonshop.ch\/en\/product\/pokemon-sword-shield-brilliant-stars-swsh09-sleeved-booster-pack\/"]}]},{"@type":"ImageObject","inLanguage":"en-US","@id":"https:\/\/theuncommonshop.ch\/en\/product\/pokemon-sword-shield-brilliant-stars-swsh09-sleeved-booster-pack\/#primaryimage","url":"https:\/\/theuncommonshop.ch\/wp-content\/uploads\/2026\/03\/Brilliant1.webp","contentUrl":"https:\/\/theuncommonshop.ch\/wp-content\/uploads\/2026\/03\/Brilliant1.webp","width":444,"height":800},{"@type":"BreadcrumbList","@id":"https:\/\/theuncommonshop.ch\/en\/product\/pokemon-sword-shield-brilliant-stars-swsh09-sleeved-booster-pack\/#breadcrumb","itemListElement":[{"@type":"ListItem","position":1,"name":"Home","item":"https:\/\/theuncommonshop.ch\/en\/home\/"},{"@type":"ListItem","position":2,"name":"Store","item":"https:\/\/theuncommonshop.ch\/en\/store\/"},{"@type":"ListItem","position":3,"name":"Pok\u00e9mon","item":"https:\/\/theuncommonshop.ch\/en\/product-category\/pokemon-en\/"},{"@type":"ListItem","position":4,"name":"Products by Sets","item":"https:\/\/theuncommonshop.ch\/en\/product-category\/pokemon-en\/products-by-sets\/"},{"@type":"ListItem","position":5,"name":"Sword & Shield","item":"https:\/\/theuncommonshop.ch\/en\/product-category\/pokemon-en\/products-by-sets\/sword-and-shield\/"},{"@type":"ListItem","position":6,"name":"SWSH09 Brilliant Stars","item":"https:\/\/theuncommonshop.ch\/en\/product-category\/pokemon-en\/products-by-sets\/sword-and-shield\/swsh09-brilliant-stars-en\/"},{"@type":"ListItem","position":7,"name":"Pok\u00e9mon &#8211; Sword &amp; Shield &#8211; Brilliant Stars (SWSH09) &#8211; Sleeved Booster Pack"}]},{"@type":"WebSite","@id":"https:\/\/theuncommonshop.ch\/en\/#website","url":"https:\/\/theuncommonshop.ch\/en\/","name":"The Uncommon Shop","description":"Magic, Pok\u00e9mon and Yu-gi-oh - The Uncommon Shop","potentialAction":[{"@type":"SearchAction","target":{"@type":"EntryPoint","urlTemplate":"https:\/\/theuncommonshop.ch\/en\/?s={search_term_string}"},"query-input":{"@type":"PropertyValueSpecification","valueRequired":true,"valueName":"search_term_string"}}],"inLanguage":"en-US"}]},"product_price_amount":"13.95","product_price_currency":"CHF","og_availability":"instock","product_availability":"instock","product_retailer_item_id":"Pokemon.BrilliantStars.SleevedBooster.EN","product_condition":"new"},"_links":{"self":[{"href":"https:\/\/theuncommonshop.ch\/en\/wp-json\/wp\/v2\/product\/357364","targetHints":{"allow":["GET"]}}],"collection":[{"href":"https:\/\/theuncommonshop.ch\/en\/wp-json\/wp\/v2\/product"}],"about":[{"href":"https:\/\/theuncommonshop.ch\/en\/wp-json\/wp\/v2\/types\/product"}],"replies":[{"embeddable":true,"href":"https:\/\/theuncommonshop.ch\/en\/wp-json\/wp\/v2\/comments?post=357364"}],"version-history":[{"count":0,"href":"https:\/\/theuncommonshop.ch\/en\/wp-json\/wp\/v2\/product\/357364\/revisions"}],"wp:featuredmedia":[{"embeddable":true,"href":"https:\/\/theuncommonshop.ch\/en\/wp-json\/wp\/v2\/media\/357278"}],"wp:attachment":[{"href":"https:\/\/theuncommonshop.ch\/en\/wp-json\/wp\/v2\/media?parent=357364"}],"wp:term":[{"taxonomy":"product_brand","embeddable":true,"href":"https:\/\/theuncommonshop.ch\/en\/wp-json\/wp\/v2\/product_brand?post=357364"},{"taxonomy":"product_cat","embeddable":true,"href":"https:\/\/theuncommonshop.ch\/en\/wp-json\/wp\/v2\/product_cat?post=357364"},{"taxonomy":"product_tag","embeddable":true,"href":"https:\/\/theuncommonshop.ch\/en\/wp-json\/wp\/v2\/product_tag?post=357364"}],"curies":[{"name":"wp","href":"https:\/\/api.w.org\/{rel}","templated":true}]}}