{"id":330046,"date":"2025-06-02T22:54:46","date_gmt":"2025-06-02T22:54:46","guid":{"rendered":"http:\/\/theuncommonshop.ch\/produkt\/330046\/"},"modified":"2026-03-28T16:29:56","modified_gmt":"2026-03-28T15:29:56","slug":"pokemon-sun-moon-dragon-majesty-sm7-5-booster-pack-3","status":"publish","type":"product","link":"https:\/\/theuncommonshop.ch\/en\/product\/pokemon-sun-moon-dragon-majesty-sm7-5-booster-pack-3\/","title":{"rendered":"Pok\u00e9mon &#8211; Sun &amp; Moon &#8211; Dragon Majesty (SM7.5) &#8211; Booster Packs"},"content":{"rendered":"<p><strong>Pok\u00e9mon &#8211; Sun &amp; Moon &#8211; Dragon Majesty (SM7.5) &#8211; Booster Packs<\/strong><\/p>\n<p>Prepare for an adventure with the mighty Dragon Pokemon in the latest expansion to the Pokemon Trading Card Game. Featuring stunning art and powerful Dragon Pokemon, this set includes rare and sought-after cards, including legendary dragons and evolved forms. Perfect for collectors and players of all levels looking to upgrade their deck and expand their collection.  <\/p>\n","protected":false},"excerpt":{"rendered":"<p>Pok\u00e9mon &#8211; Sun &amp; Moon &#8211; Dragon Majesty (SM7.5) &#8211; Booster Packs Prepare for an adventure with the mighty Dragon<\/p>\n","protected":false},"featured_media":53371,"comment_status":"open","ping_status":"closed","template":"","meta":{"_acf_changed":false},"product_brand":[5115,5073],"product_cat":[9806,10056],"product_tag":[],"class_list":{"0":"post-330046","1":"product","2":"type-product","3":"status-publish","4":"has-post-thumbnail","6":"product_brand-pokemon","7":"product_brand-the-pokemon-company","8":"product_cat-booster-packs-pokemon","9":"product_cat-booster-packs-international-en","11":"first","12":"outofstock","13":"taxable","14":"shipping-taxable","15":"purchasable","16":"product-type-variable"},"acf":[],"yoast_head":"<!-- This site is optimized with the Yoast SEO plugin v27.4 - https:\/\/yoast.com\/product\/yoast-seo-wordpress\/ -->\n<title>Buy Pok\u00e9mon - Sun &amp; Moon - Dragon Majesty (SM7.5) - Booster Packs<\/title>\n<meta name=\"description\" content=\"Shop Pok\u00e9mon - Sun &amp; Moon - Dragon Majesty (SM7.5) - Booster Packs online at great prices now! Your #1 TCG &amp; Pok\u00e9mon card shop in Switzerland \u2713 Free shipping from CHF 29\" \/>\n<meta name=\"robots\" content=\"index, follow, max-snippet:-1, max-image-preview:large, max-video-preview:-1\" \/>\n<link rel=\"canonical\" href=\"https:\/\/theuncommonshop.ch\/en\/product\/pokemon-sun-moon-dragon-majesty-sm7-5-booster-pack-3\/\" \/>\n<meta property=\"og:locale\" content=\"en_US\" \/>\n<meta property=\"og:type\" content=\"article\" \/>\n<meta property=\"og:title\" content=\"Buy Pok\u00e9mon - Sun &amp; Moon - Dragon Majesty (SM7.5) - Booster Packs\" \/>\n<meta property=\"og:description\" content=\"Shop Pok\u00e9mon - Sun &amp; Moon - Dragon Majesty (SM7.5) - Booster Packs online at great prices now! Your #1 TCG &amp; Pok\u00e9mon card shop in Switzerland \u2713 Free shipping from CHF 29\" \/>\n<meta property=\"og:url\" content=\"https:\/\/theuncommonshop.ch\/en\/product\/pokemon-sun-moon-dragon-majesty-sm7-5-booster-pack-3\/\" \/>\n<meta property=\"og:site_name\" content=\"The Uncommon Shop\" \/>\n<meta property=\"article:modified_time\" content=\"2026-03-28T15:29:56+00:00\" \/>\n<meta property=\"og:image\" content=\"https:\/\/theuncommonshop.ch\/wp-content\/uploads\/2025\/06\/2014308452.jpg\" \/>\n\t<meta property=\"og:image:width\" content=\"455\" \/>\n\t<meta property=\"og:image:height\" content=\"800\" \/>\n\t<meta property=\"og:image:type\" content=\"image\/jpeg\" \/>\n<meta name=\"twitter:card\" content=\"summary_large_image\" \/>\n<meta name=\"twitter:label1\" content=\"Availability\" \/>\n\t<meta name=\"twitter:data1\" content=\"Out of stock\" \/>\n<script type=\"application\/ld+json\" class=\"yoast-schema-graph\">{\"@context\":\"https:\\\/\\\/schema.org\",\"@graph\":[{\"@type\":\"WebPage\",\"@id\":\"https:\\\/\\\/theuncommonshop.ch\\\/en\\\/product\\\/pokemon-sun-moon-dragon-majesty-sm7-5-booster-pack-3\\\/\",\"url\":\"https:\\\/\\\/theuncommonshop.ch\\\/en\\\/product\\\/pokemon-sun-moon-dragon-majesty-sm7-5-booster-pack-3\\\/\",\"name\":\"Buy Pok\u00e9mon - Sun &amp; Moon - Dragon Majesty (SM7.5) - Booster Packs\",\"isPartOf\":{\"@id\":\"https:\\\/\\\/theuncommonshop.ch\\\/en\\\/#website\"},\"primaryImageOfPage\":{\"@id\":\"https:\\\/\\\/theuncommonshop.ch\\\/en\\\/product\\\/pokemon-sun-moon-dragon-majesty-sm7-5-booster-pack-3\\\/#primaryimage\"},\"image\":{\"@id\":\"https:\\\/\\\/theuncommonshop.ch\\\/en\\\/product\\\/pokemon-sun-moon-dragon-majesty-sm7-5-booster-pack-3\\\/#primaryimage\"},\"thumbnailUrl\":\"https:\\\/\\\/theuncommonshop.ch\\\/wp-content\\\/uploads\\\/2025\\\/06\\\/2014308452.jpg\",\"datePublished\":\"2025-06-02T22:54:46+00:00\",\"dateModified\":\"2026-03-28T15:29:56+00:00\",\"description\":\"Shop Pok\u00e9mon - Sun &amp; Moon - Dragon Majesty (SM7.5) - Booster Packs online at great prices now! Your #1 TCG & Pok\u00e9mon card shop in Switzerland \u2713 Free shipping from CHF 29\",\"breadcrumb\":{\"@id\":\"https:\\\/\\\/theuncommonshop.ch\\\/en\\\/product\\\/pokemon-sun-moon-dragon-majesty-sm7-5-booster-pack-3\\\/#breadcrumb\"},\"inLanguage\":\"en-US\",\"potentialAction\":[{\"@type\":\"ReadAction\",\"target\":[\"https:\\\/\\\/theuncommonshop.ch\\\/en\\\/product\\\/pokemon-sun-moon-dragon-majesty-sm7-5-booster-pack-3\\\/\"]}]},{\"@type\":\"ImageObject\",\"inLanguage\":\"en-US\",\"@id\":\"https:\\\/\\\/theuncommonshop.ch\\\/en\\\/product\\\/pokemon-sun-moon-dragon-majesty-sm7-5-booster-pack-3\\\/#primaryimage\",\"url\":\"https:\\\/\\\/theuncommonshop.ch\\\/wp-content\\\/uploads\\\/2025\\\/06\\\/2014308452.jpg\",\"contentUrl\":\"https:\\\/\\\/theuncommonshop.ch\\\/wp-content\\\/uploads\\\/2025\\\/06\\\/2014308452.jpg\",\"width\":455,\"height\":800},{\"@type\":\"BreadcrumbList\",\"@id\":\"https:\\\/\\\/theuncommonshop.ch\\\/en\\\/product\\\/pokemon-sun-moon-dragon-majesty-sm7-5-booster-pack-3\\\/#breadcrumb\",\"itemListElement\":[{\"@type\":\"ListItem\",\"position\":1,\"name\":\"Home\",\"item\":\"https:\\\/\\\/theuncommonshop.ch\\\/en\\\/home\\\/\"},{\"@type\":\"ListItem\",\"position\":2,\"name\":\"Store\",\"item\":\"https:\\\/\\\/theuncommonshop.ch\\\/en\\\/store\\\/\"},{\"@type\":\"ListItem\",\"position\":3,\"name\":\"Pok\u00e9mon\",\"item\":\"https:\\\/\\\/theuncommonshop.ch\\\/en\\\/product-category\\\/pokemon-en\\\/\"},{\"@type\":\"ListItem\",\"position\":4,\"name\":\"Booster Packs\",\"item\":\"https:\\\/\\\/theuncommonshop.ch\\\/en\\\/product-category\\\/pokemon-en\\\/booster-packs-pokemon\\\/\"},{\"@type\":\"ListItem\",\"position\":5,\"name\":\"Booster Packs\",\"item\":\"https:\\\/\\\/theuncommonshop.ch\\\/en\\\/product-category\\\/pokemon-en\\\/booster-packs-pokemon\\\/booster-packs-international-en\\\/\"},{\"@type\":\"ListItem\",\"position\":6,\"name\":\"Pok\u00e9mon &#8211; Sun &amp; Moon &#8211; Dragon Majesty (SM7.5) &#8211; Booster Packs\"}]},{\"@type\":\"WebSite\",\"@id\":\"https:\\\/\\\/theuncommonshop.ch\\\/en\\\/#website\",\"url\":\"https:\\\/\\\/theuncommonshop.ch\\\/en\\\/\",\"name\":\"The Uncommon Shop\",\"description\":\"Magic, Pok\u00e9mon and Yu-gi-oh - The Uncommon Shop\",\"potentialAction\":[{\"@type\":\"SearchAction\",\"target\":{\"@type\":\"EntryPoint\",\"urlTemplate\":\"https:\\\/\\\/theuncommonshop.ch\\\/en\\\/?s={search_term_string}\"},\"query-input\":{\"@type\":\"PropertyValueSpecification\",\"valueRequired\":true,\"valueName\":\"search_term_string\"}}],\"inLanguage\":\"en-US\"}]}<\/script>\n<meta property=\"og:availability\" content=\"out of stock\" \/>\n<meta property=\"product:availability\" content=\"out of stock\" \/>\n<meta property=\"product:retailer_item_id\" content=\"DragonMajestyBoEN\" \/>\n<meta property=\"product:condition\" content=\"new\" \/>\n<!-- \/ Yoast SEO plugin. -->","yoast_head_json":{"title":"Buy Pok\u00e9mon - Sun &amp; Moon - Dragon Majesty (SM7.5) - Booster Packs","description":"Shop Pok\u00e9mon - Sun &amp; Moon - Dragon Majesty (SM7.5) - Booster Packs online at great prices now! Your #1 TCG & Pok\u00e9mon card shop in Switzerland \u2713 Free shipping from CHF 29","robots":{"index":"index","follow":"follow","max-snippet":"max-snippet:-1","max-image-preview":"max-image-preview:large","max-video-preview":"max-video-preview:-1"},"canonical":"https:\/\/theuncommonshop.ch\/en\/product\/pokemon-sun-moon-dragon-majesty-sm7-5-booster-pack-3\/","og_locale":"en_US","og_type":"article","og_title":"Buy Pok\u00e9mon - Sun &amp; Moon - Dragon Majesty (SM7.5) - Booster Packs","og_description":"Shop Pok\u00e9mon - Sun &amp; Moon - Dragon Majesty (SM7.5) - Booster Packs online at great prices now! Your #1 TCG & Pok\u00e9mon card shop in Switzerland \u2713 Free shipping from CHF 29","og_url":"https:\/\/theuncommonshop.ch\/en\/product\/pokemon-sun-moon-dragon-majesty-sm7-5-booster-pack-3\/","og_site_name":"The Uncommon Shop","article_modified_time":"2026-03-28T15:29:56+00:00","og_image":[{"width":455,"height":800,"url":"https:\/\/theuncommonshop.ch\/wp-content\/uploads\/2025\/06\/2014308452.jpg","type":"image\/jpeg"}],"twitter_card":"summary_large_image","twitter_misc":{"Availability":"Out of stock"},"schema":{"@context":"https:\/\/schema.org","@graph":[{"@type":"WebPage","@id":"https:\/\/theuncommonshop.ch\/en\/product\/pokemon-sun-moon-dragon-majesty-sm7-5-booster-pack-3\/","url":"https:\/\/theuncommonshop.ch\/en\/product\/pokemon-sun-moon-dragon-majesty-sm7-5-booster-pack-3\/","name":"Buy Pok\u00e9mon - Sun &amp; Moon - Dragon Majesty (SM7.5) - Booster Packs","isPartOf":{"@id":"https:\/\/theuncommonshop.ch\/en\/#website"},"primaryImageOfPage":{"@id":"https:\/\/theuncommonshop.ch\/en\/product\/pokemon-sun-moon-dragon-majesty-sm7-5-booster-pack-3\/#primaryimage"},"image":{"@id":"https:\/\/theuncommonshop.ch\/en\/product\/pokemon-sun-moon-dragon-majesty-sm7-5-booster-pack-3\/#primaryimage"},"thumbnailUrl":"https:\/\/theuncommonshop.ch\/wp-content\/uploads\/2025\/06\/2014308452.jpg","datePublished":"2025-06-02T22:54:46+00:00","dateModified":"2026-03-28T15:29:56+00:00","description":"Shop Pok\u00e9mon - Sun &amp; Moon - Dragon Majesty (SM7.5) - Booster Packs online at great prices now! Your #1 TCG & Pok\u00e9mon card shop in Switzerland \u2713 Free shipping from CHF 29","breadcrumb":{"@id":"https:\/\/theuncommonshop.ch\/en\/product\/pokemon-sun-moon-dragon-majesty-sm7-5-booster-pack-3\/#breadcrumb"},"inLanguage":"en-US","potentialAction":[{"@type":"ReadAction","target":["https:\/\/theuncommonshop.ch\/en\/product\/pokemon-sun-moon-dragon-majesty-sm7-5-booster-pack-3\/"]}]},{"@type":"ImageObject","inLanguage":"en-US","@id":"https:\/\/theuncommonshop.ch\/en\/product\/pokemon-sun-moon-dragon-majesty-sm7-5-booster-pack-3\/#primaryimage","url":"https:\/\/theuncommonshop.ch\/wp-content\/uploads\/2025\/06\/2014308452.jpg","contentUrl":"https:\/\/theuncommonshop.ch\/wp-content\/uploads\/2025\/06\/2014308452.jpg","width":455,"height":800},{"@type":"BreadcrumbList","@id":"https:\/\/theuncommonshop.ch\/en\/product\/pokemon-sun-moon-dragon-majesty-sm7-5-booster-pack-3\/#breadcrumb","itemListElement":[{"@type":"ListItem","position":1,"name":"Home","item":"https:\/\/theuncommonshop.ch\/en\/home\/"},{"@type":"ListItem","position":2,"name":"Store","item":"https:\/\/theuncommonshop.ch\/en\/store\/"},{"@type":"ListItem","position":3,"name":"Pok\u00e9mon","item":"https:\/\/theuncommonshop.ch\/en\/product-category\/pokemon-en\/"},{"@type":"ListItem","position":4,"name":"Booster Packs","item":"https:\/\/theuncommonshop.ch\/en\/product-category\/pokemon-en\/booster-packs-pokemon\/"},{"@type":"ListItem","position":5,"name":"Booster Packs","item":"https:\/\/theuncommonshop.ch\/en\/product-category\/pokemon-en\/booster-packs-pokemon\/booster-packs-international-en\/"},{"@type":"ListItem","position":6,"name":"Pok\u00e9mon &#8211; Sun &amp; Moon &#8211; Dragon Majesty (SM7.5) &#8211; Booster Packs"}]},{"@type":"WebSite","@id":"https:\/\/theuncommonshop.ch\/en\/#website","url":"https:\/\/theuncommonshop.ch\/en\/","name":"The Uncommon Shop","description":"Magic, Pok\u00e9mon and Yu-gi-oh - The Uncommon Shop","potentialAction":[{"@type":"SearchAction","target":{"@type":"EntryPoint","urlTemplate":"https:\/\/theuncommonshop.ch\/en\/?s={search_term_string}"},"query-input":{"@type":"PropertyValueSpecification","valueRequired":true,"valueName":"search_term_string"}}],"inLanguage":"en-US"}]},"og_availability":"out of stock","product_availability":"out of stock","product_retailer_item_id":"DragonMajestyBoEN","product_condition":"new"},"_links":{"self":[{"href":"https:\/\/theuncommonshop.ch\/en\/wp-json\/wp\/v2\/product\/330046","targetHints":{"allow":["GET"]}}],"collection":[{"href":"https:\/\/theuncommonshop.ch\/en\/wp-json\/wp\/v2\/product"}],"about":[{"href":"https:\/\/theuncommonshop.ch\/en\/wp-json\/wp\/v2\/types\/product"}],"replies":[{"embeddable":true,"href":"https:\/\/theuncommonshop.ch\/en\/wp-json\/wp\/v2\/comments?post=330046"}],"version-history":[{"count":0,"href":"https:\/\/theuncommonshop.ch\/en\/wp-json\/wp\/v2\/product\/330046\/revisions"}],"wp:featuredmedia":[{"embeddable":true,"href":"https:\/\/theuncommonshop.ch\/en\/wp-json\/wp\/v2\/media\/53371"}],"wp:attachment":[{"href":"https:\/\/theuncommonshop.ch\/en\/wp-json\/wp\/v2\/media?parent=330046"}],"wp:term":[{"taxonomy":"product_brand","embeddable":true,"href":"https:\/\/theuncommonshop.ch\/en\/wp-json\/wp\/v2\/product_brand?post=330046"},{"taxonomy":"product_cat","embeddable":true,"href":"https:\/\/theuncommonshop.ch\/en\/wp-json\/wp\/v2\/product_cat?post=330046"},{"taxonomy":"product_tag","embeddable":true,"href":"https:\/\/theuncommonshop.ch\/en\/wp-json\/wp\/v2\/product_tag?post=330046"}],"curies":[{"name":"wp","href":"https:\/\/api.w.org\/{rel}","templated":true}]}}