{"id":329477,"date":"2025-06-03T05:25:13","date_gmt":"2025-06-03T03:25:13","guid":{"rendered":"http:\/\/theuncommonshop.ch\/produkt\/329477\/"},"modified":"2026-03-28T16:52:11","modified_gmt":"2026-03-28T15:52:11","slug":"pokemon-sword-shield-celebrations-swsh7-5-tin-3","status":"publish","type":"product","link":"https:\/\/theuncommonshop.ch\/en\/product\/pokemon-sword-shield-celebrations-swsh7-5-tin-3\/","title":{"rendered":"Pok\u00e9mon &#8211; Sword &amp; Shield &#8211; Celebrations (SWSH7.5) &#8211; Tin"},"content":{"rendered":"<p>To celebrate 25 years of Pok\u00e9mon, The Pok\u00e9mon Company International is releasing the Celebrations collection of the hit Pok\u00e9mon trading card game.<\/p>\n<p>Celebrations spotlights beloved characters from the Pok\u00e9mon franchise and revives popular illustrations and game mechanics from the history of the Pok\u00e9mon trading card game.<\/p>\n<p>Each Celebrations booster pack contains four uniquely designed cards &#8211; all holographic and featuring the 25th Anniversary logo &#8211; with characters from all regions of the Pok\u00e9mon universe, from Pikachu to Zamazenta, plus familiar faces such as Professor Eich.<\/p>\n<p>In addition, Celebrations introduces a special 25-card subset featuring nearly identical copies of iconic cards from the history of the Pok\u00e9mon Trading Card Game, including base-set Glurak, Nachtara*, and Kapu-Fala-GX.<\/p>\n<p>Many Celebrations products include promo cards that combine recently discovered Pok\u00e9mon with popular game mechanics from previous Pok\u00e9mon Trading Card Game sets, such as Bright Pok\u00e9mon, Delta Species (d) Pok\u00e9mon, and Pok\u00e9mon *.<\/p>\n<p><strong>Box contents:<\/strong><\/p>\n<ul>\n<li style=\"list-style-type: none;\">\n<ul>\n<li>1 holographic promo card<\/li>\n<li>4 Celebrations booster packs with four cards each<\/li>\n<li>2 additional Pok\u00e9mon Trading Card Game booster packs<\/li>\n<\/ul>\n<\/li>\n<\/ul>\n","protected":false},"excerpt":{"rendered":"<p>To celebrate 25 years of Pok\u00e9mon, The Pok\u00e9mon Company International is releasing the Celebrations collection of the hit Pok\u00e9mon trading<\/p>\n","protected":false},"featured_media":65775,"comment_status":"open","ping_status":"closed","template":"","meta":{"_acf_changed":false},"product_brand":[5115,5073],"product_cat":[10128,9812],"product_tag":[],"class_list":{"0":"post-329477","1":"product","2":"type-product","3":"status-publish","4":"has-post-thumbnail","6":"product_brand-pokemon","7":"product_brand-the-pokemon-company","8":"product_cat-swsh75-celebrations","9":"product_cat-tins","11":"first","12":"outofstock","13":"taxable","14":"shipping-taxable","15":"purchasable","16":"product-type-variable"},"acf":[],"yoast_head":"<!-- This site is optimized with the Yoast SEO plugin v27.4 - https:\/\/yoast.com\/product\/yoast-seo-wordpress\/ -->\n<title>Buy Pok\u00e9mon - Sword &amp; Shield - Celebrations (SWSH7.5) - Tin<\/title>\n<meta name=\"description\" content=\"Shop Pok\u00e9mon - Sword &amp; Shield - Celebrations (SWSH7.5) - Tin online at great prices now! Your #1 TCG &amp; Pok\u00e9mon card shop in Switzerland \u2713 Free shipping from CHF 29\" \/>\n<meta name=\"robots\" content=\"index, follow, max-snippet:-1, max-image-preview:large, max-video-preview:-1\" \/>\n<link rel=\"canonical\" href=\"https:\/\/theuncommonshop.ch\/en\/product\/pokemon-sword-shield-celebrations-swsh7-5-tin-3\/\" \/>\n<meta property=\"og:locale\" content=\"en_US\" \/>\n<meta property=\"og:type\" content=\"article\" \/>\n<meta property=\"og:title\" content=\"Buy Pok\u00e9mon - Sword &amp; Shield - Celebrations (SWSH7.5) - Tin\" \/>\n<meta property=\"og:description\" content=\"Shop Pok\u00e9mon - Sword &amp; Shield - Celebrations (SWSH7.5) - Tin online at great prices now! Your #1 TCG &amp; Pok\u00e9mon card shop in Switzerland \u2713 Free shipping from CHF 29\" \/>\n<meta property=\"og:url\" content=\"https:\/\/theuncommonshop.ch\/en\/product\/pokemon-sword-shield-celebrations-swsh7-5-tin-3\/\" \/>\n<meta property=\"og:site_name\" content=\"Largest trading card shop in Switzerland\" \/>\n<meta property=\"article:modified_time\" content=\"2026-03-28T15:52:11+00:00\" \/>\n<meta property=\"og:image\" content=\"https:\/\/theuncommonshop.ch\/wp-content\/uploads\/2025\/06\/3872944495.jpg\" \/>\n\t<meta property=\"og:image:width\" content=\"1200\" \/>\n\t<meta property=\"og:image:height\" content=\"1200\" \/>\n\t<meta property=\"og:image:type\" content=\"image\/jpeg\" \/>\n<meta name=\"twitter:card\" content=\"summary_large_image\" \/>\n<meta name=\"twitter:label1\" content=\"Availability\" \/>\n\t<meta name=\"twitter:data1\" content=\"Out of stock\" \/>\n<script type=\"application\/ld+json\" class=\"yoast-schema-graph\">{\"@context\":\"https:\\\/\\\/schema.org\",\"@graph\":[{\"@type\":\"WebPage\",\"@id\":\"https:\\\/\\\/theuncommonshop.ch\\\/en\\\/product\\\/pokemon-sword-shield-celebrations-swsh7-5-tin-3\\\/\",\"url\":\"https:\\\/\\\/theuncommonshop.ch\\\/en\\\/product\\\/pokemon-sword-shield-celebrations-swsh7-5-tin-3\\\/\",\"name\":\"Buy Pok\u00e9mon - Sword &amp; Shield - Celebrations (SWSH7.5) - Tin\",\"isPartOf\":{\"@id\":\"https:\\\/\\\/theuncommonshop.ch\\\/#website\"},\"primaryImageOfPage\":{\"@id\":\"https:\\\/\\\/theuncommonshop.ch\\\/en\\\/product\\\/pokemon-sword-shield-celebrations-swsh7-5-tin-3\\\/#primaryimage\"},\"image\":{\"@id\":\"https:\\\/\\\/theuncommonshop.ch\\\/en\\\/product\\\/pokemon-sword-shield-celebrations-swsh7-5-tin-3\\\/#primaryimage\"},\"thumbnailUrl\":\"https:\\\/\\\/theuncommonshop.ch\\\/wp-content\\\/uploads\\\/2025\\\/06\\\/3872944495.jpg\",\"datePublished\":\"2025-06-03T03:25:13+00:00\",\"dateModified\":\"2026-03-28T15:52:11+00:00\",\"description\":\"Shop Pok\u00e9mon - Sword &amp; Shield - Celebrations (SWSH7.5) - Tin online at great prices now! Your #1 TCG & Pok\u00e9mon card shop in Switzerland \u2713 Free shipping from CHF 29\",\"breadcrumb\":{\"@id\":\"https:\\\/\\\/theuncommonshop.ch\\\/en\\\/product\\\/pokemon-sword-shield-celebrations-swsh7-5-tin-3\\\/#breadcrumb\"},\"inLanguage\":\"en-US\",\"potentialAction\":[{\"@type\":\"ReadAction\",\"target\":[\"https:\\\/\\\/theuncommonshop.ch\\\/en\\\/product\\\/pokemon-sword-shield-celebrations-swsh7-5-tin-3\\\/\"]}]},{\"@type\":\"ImageObject\",\"inLanguage\":\"en-US\",\"@id\":\"https:\\\/\\\/theuncommonshop.ch\\\/en\\\/product\\\/pokemon-sword-shield-celebrations-swsh7-5-tin-3\\\/#primaryimage\",\"url\":\"https:\\\/\\\/theuncommonshop.ch\\\/wp-content\\\/uploads\\\/2025\\\/06\\\/3872944495.jpg\",\"contentUrl\":\"https:\\\/\\\/theuncommonshop.ch\\\/wp-content\\\/uploads\\\/2025\\\/06\\\/3872944495.jpg\",\"width\":1200,\"height\":1200},{\"@type\":\"BreadcrumbList\",\"@id\":\"https:\\\/\\\/theuncommonshop.ch\\\/en\\\/product\\\/pokemon-sword-shield-celebrations-swsh7-5-tin-3\\\/#breadcrumb\",\"itemListElement\":[{\"@type\":\"ListItem\",\"position\":1,\"name\":\"Home\",\"item\":\"https:\\\/\\\/theuncommonshop.ch\\\/en\\\/home\\\/\"},{\"@type\":\"ListItem\",\"position\":2,\"name\":\"Store\",\"item\":\"https:\\\/\\\/theuncommonshop.ch\\\/en\\\/store\\\/\"},{\"@type\":\"ListItem\",\"position\":3,\"name\":\"Pok\u00e9mon\",\"item\":\"https:\\\/\\\/theuncommonshop.ch\\\/en\\\/product-category\\\/pokemon-en\\\/\"},{\"@type\":\"ListItem\",\"position\":4,\"name\":\"Products by Sets\",\"item\":\"https:\\\/\\\/theuncommonshop.ch\\\/en\\\/product-category\\\/pokemon-en\\\/products-by-sets\\\/\"},{\"@type\":\"ListItem\",\"position\":5,\"name\":\"Sword & Shield\",\"item\":\"https:\\\/\\\/theuncommonshop.ch\\\/en\\\/product-category\\\/pokemon-en\\\/products-by-sets\\\/sword-and-shield\\\/\"},{\"@type\":\"ListItem\",\"position\":6,\"name\":\"SWSH7.5 Celebrations\",\"item\":\"https:\\\/\\\/theuncommonshop.ch\\\/en\\\/product-category\\\/pokemon-en\\\/products-by-sets\\\/sword-and-shield\\\/swsh75-celebrations\\\/\"},{\"@type\":\"ListItem\",\"position\":7,\"name\":\"Pok\u00e9mon &#8211; Sword &amp; Shield &#8211; Celebrations (SWSH7.5) &#8211; Tin\"}]},{\"@type\":\"WebSite\",\"@id\":\"https:\\\/\\\/theuncommonshop.ch\\\/#website\",\"url\":\"https:\\\/\\\/theuncommonshop.ch\\\/\",\"name\":\"Largest trading card shop in Switzerland\",\"description\":\"Magic, Pok\u00e9mon and Yu-gi-oh - The Uncommon Shop\",\"potentialAction\":[{\"@type\":\"SearchAction\",\"target\":{\"@type\":\"EntryPoint\",\"urlTemplate\":\"https:\\\/\\\/theuncommonshop.ch\\\/?s={search_term_string}\"},\"query-input\":{\"@type\":\"PropertyValueSpecification\",\"valueRequired\":true,\"valueName\":\"search_term_string\"}}],\"inLanguage\":\"en-US\"}]}<\/script>\n<meta property=\"og:availability\" content=\"out of stock\" \/>\n<meta property=\"product:availability\" content=\"out of stock\" \/>\n<meta property=\"product:retailer_item_id\" content=\"PO.VI.F.CelebTin.EN\" \/>\n<meta property=\"product:condition\" content=\"new\" \/>\n<!-- \/ Yoast SEO plugin. -->","yoast_head_json":{"title":"Buy Pok\u00e9mon - Sword &amp; Shield - Celebrations (SWSH7.5) - Tin","description":"Shop Pok\u00e9mon - Sword &amp; Shield - Celebrations (SWSH7.5) - Tin online at great prices now! Your #1 TCG & Pok\u00e9mon card shop in Switzerland \u2713 Free shipping from CHF 29","robots":{"index":"index","follow":"follow","max-snippet":"max-snippet:-1","max-image-preview":"max-image-preview:large","max-video-preview":"max-video-preview:-1"},"canonical":"https:\/\/theuncommonshop.ch\/en\/product\/pokemon-sword-shield-celebrations-swsh7-5-tin-3\/","og_locale":"en_US","og_type":"article","og_title":"Buy Pok\u00e9mon - Sword &amp; Shield - Celebrations (SWSH7.5) - Tin","og_description":"Shop Pok\u00e9mon - Sword &amp; Shield - Celebrations (SWSH7.5) - Tin online at great prices now! Your #1 TCG & Pok\u00e9mon card shop in Switzerland \u2713 Free shipping from CHF 29","og_url":"https:\/\/theuncommonshop.ch\/en\/product\/pokemon-sword-shield-celebrations-swsh7-5-tin-3\/","og_site_name":"Largest trading card shop in Switzerland","article_modified_time":"2026-03-28T15:52:11+00:00","og_image":[{"width":1200,"height":1200,"url":"https:\/\/theuncommonshop.ch\/wp-content\/uploads\/2025\/06\/3872944495.jpg","type":"image\/jpeg"}],"twitter_card":"summary_large_image","twitter_misc":{"Availability":"Out of stock"},"schema":{"@context":"https:\/\/schema.org","@graph":[{"@type":"WebPage","@id":"https:\/\/theuncommonshop.ch\/en\/product\/pokemon-sword-shield-celebrations-swsh7-5-tin-3\/","url":"https:\/\/theuncommonshop.ch\/en\/product\/pokemon-sword-shield-celebrations-swsh7-5-tin-3\/","name":"Buy Pok\u00e9mon - Sword &amp; Shield - Celebrations (SWSH7.5) - Tin","isPartOf":{"@id":"https:\/\/theuncommonshop.ch\/#website"},"primaryImageOfPage":{"@id":"https:\/\/theuncommonshop.ch\/en\/product\/pokemon-sword-shield-celebrations-swsh7-5-tin-3\/#primaryimage"},"image":{"@id":"https:\/\/theuncommonshop.ch\/en\/product\/pokemon-sword-shield-celebrations-swsh7-5-tin-3\/#primaryimage"},"thumbnailUrl":"https:\/\/theuncommonshop.ch\/wp-content\/uploads\/2025\/06\/3872944495.jpg","datePublished":"2025-06-03T03:25:13+00:00","dateModified":"2026-03-28T15:52:11+00:00","description":"Shop Pok\u00e9mon - Sword &amp; Shield - Celebrations (SWSH7.5) - Tin online at great prices now! Your #1 TCG & Pok\u00e9mon card shop in Switzerland \u2713 Free shipping from CHF 29","breadcrumb":{"@id":"https:\/\/theuncommonshop.ch\/en\/product\/pokemon-sword-shield-celebrations-swsh7-5-tin-3\/#breadcrumb"},"inLanguage":"en-US","potentialAction":[{"@type":"ReadAction","target":["https:\/\/theuncommonshop.ch\/en\/product\/pokemon-sword-shield-celebrations-swsh7-5-tin-3\/"]}]},{"@type":"ImageObject","inLanguage":"en-US","@id":"https:\/\/theuncommonshop.ch\/en\/product\/pokemon-sword-shield-celebrations-swsh7-5-tin-3\/#primaryimage","url":"https:\/\/theuncommonshop.ch\/wp-content\/uploads\/2025\/06\/3872944495.jpg","contentUrl":"https:\/\/theuncommonshop.ch\/wp-content\/uploads\/2025\/06\/3872944495.jpg","width":1200,"height":1200},{"@type":"BreadcrumbList","@id":"https:\/\/theuncommonshop.ch\/en\/product\/pokemon-sword-shield-celebrations-swsh7-5-tin-3\/#breadcrumb","itemListElement":[{"@type":"ListItem","position":1,"name":"Home","item":"https:\/\/theuncommonshop.ch\/en\/home\/"},{"@type":"ListItem","position":2,"name":"Store","item":"https:\/\/theuncommonshop.ch\/en\/store\/"},{"@type":"ListItem","position":3,"name":"Pok\u00e9mon","item":"https:\/\/theuncommonshop.ch\/en\/product-category\/pokemon-en\/"},{"@type":"ListItem","position":4,"name":"Products by Sets","item":"https:\/\/theuncommonshop.ch\/en\/product-category\/pokemon-en\/products-by-sets\/"},{"@type":"ListItem","position":5,"name":"Sword & Shield","item":"https:\/\/theuncommonshop.ch\/en\/product-category\/pokemon-en\/products-by-sets\/sword-and-shield\/"},{"@type":"ListItem","position":6,"name":"SWSH7.5 Celebrations","item":"https:\/\/theuncommonshop.ch\/en\/product-category\/pokemon-en\/products-by-sets\/sword-and-shield\/swsh75-celebrations\/"},{"@type":"ListItem","position":7,"name":"Pok\u00e9mon &#8211; Sword &amp; Shield &#8211; Celebrations (SWSH7.5) &#8211; Tin"}]},{"@type":"WebSite","@id":"https:\/\/theuncommonshop.ch\/#website","url":"https:\/\/theuncommonshop.ch\/","name":"Largest trading card shop in Switzerland","description":"Magic, Pok\u00e9mon and Yu-gi-oh - The Uncommon Shop","potentialAction":[{"@type":"SearchAction","target":{"@type":"EntryPoint","urlTemplate":"https:\/\/theuncommonshop.ch\/?s={search_term_string}"},"query-input":{"@type":"PropertyValueSpecification","valueRequired":true,"valueName":"search_term_string"}}],"inLanguage":"en-US"}]},"og_availability":"out of stock","product_availability":"out of stock","product_retailer_item_id":"PO.VI.F.CelebTin.EN","product_condition":"new"},"_links":{"self":[{"href":"https:\/\/theuncommonshop.ch\/en\/wp-json\/wp\/v2\/product\/329477","targetHints":{"allow":["GET"]}}],"collection":[{"href":"https:\/\/theuncommonshop.ch\/en\/wp-json\/wp\/v2\/product"}],"about":[{"href":"https:\/\/theuncommonshop.ch\/en\/wp-json\/wp\/v2\/types\/product"}],"replies":[{"embeddable":true,"href":"https:\/\/theuncommonshop.ch\/en\/wp-json\/wp\/v2\/comments?post=329477"}],"version-history":[{"count":2,"href":"https:\/\/theuncommonshop.ch\/en\/wp-json\/wp\/v2\/product\/329477\/revisions"}],"predecessor-version":[{"id":355186,"href":"https:\/\/theuncommonshop.ch\/en\/wp-json\/wp\/v2\/product\/329477\/revisions\/355186"}],"wp:featuredmedia":[{"embeddable":true,"href":"https:\/\/theuncommonshop.ch\/en\/wp-json\/wp\/v2\/media\/65775"}],"wp:attachment":[{"href":"https:\/\/theuncommonshop.ch\/en\/wp-json\/wp\/v2\/media?parent=329477"}],"wp:term":[{"taxonomy":"product_brand","embeddable":true,"href":"https:\/\/theuncommonshop.ch\/en\/wp-json\/wp\/v2\/product_brand?post=329477"},{"taxonomy":"product_cat","embeddable":true,"href":"https:\/\/theuncommonshop.ch\/en\/wp-json\/wp\/v2\/product_cat?post=329477"},{"taxonomy":"product_tag","embeddable":true,"href":"https:\/\/theuncommonshop.ch\/en\/wp-json\/wp\/v2\/product_tag?post=329477"}],"curies":[{"name":"wp","href":"https:\/\/api.w.org\/{rel}","templated":true}]}}