{"id":329229,"date":"2025-06-03T03:19:43","date_gmt":"2025-06-03T03:19:43","guid":{"rendered":"http:\/\/theuncommonshop.ch\/produkt\/329229\/"},"modified":"2026-03-31T19:34:35","modified_gmt":"2026-03-31T17:34:35","slug":"weiss-schwarz-bang-dream-extra-booster-display-poppinpartyxroselia-6-packs-en-3","status":"publish","type":"product","link":"https:\/\/theuncommonshop.ch\/en\/product\/weiss-schwarz-bang-dream-extra-booster-display-poppinpartyxroselia-6-packs-en-3\/","title":{"rendered":"Wei\u00df Schwarz &#8211; BanG Dream Extra Booster Display: Poppin&#8217;Party\u00d7Roselia (6 Packs)"},"content":{"rendered":"<div>Expand your deck with our latest release featuring the girls from Poppin&#8217;Party and Roselia!<\/div>\n<div><\/div>\n<div>\u2748Sign card information\u2748<\/div>\n<div><\/div>\n<div>Every pack you buy has a chance of containing a Sign card!<\/div>\n<div>&#8211; Aimi (as Kasumi Toyama)<\/div>\n<div>&#8211; Sae Otsuka (as Tae Hanazono)<\/div>\n<div>&#8211; Rimi Nishimoto (as Rimi Ushigome)<\/div>\n<div>&#8211; Ayaka Ohashi (as Saya Yamabuki)<\/div>\n<div>&#8211; Ayasa Ito (as Arisa Ichigaya)<\/div>\n<div>&#8211; Aina Aiba (as Yukina Minato)<\/div>\n<div>&#8211; Haruka Kudo (as Sayo Hikawa)<\/div>\n<div>&#8211; Yuki Nakashima (as Lisa Imai)<\/div>\n<div>&#8211; Megu Sakuragawa (as Ako Udagawa)<\/div>\n<div>&#8211; Kanon Shizaki (as Rinko Shirokane)<\/div>\n<div><\/div>\n<div>Product specifications<\/div>\n<div>120 types in total: 50 types (Normal) + 50 types (Parallel) + 10 types (OFR) + 10 types (SP)<\/div>\n<div>6 cards per pack<\/div>\n<div>6 packets per display<\/div>\n<div>Each pack contains 2 shiny cards!<\/div>\n<div>30 displays per box<\/div>\n<div>\u203bWei\u00df Schwarz (English Edition) does not include a Gold\/Silver campaign voucher.<\/div>\n","protected":false},"excerpt":{"rendered":"<p>Expand your deck with our latest release featuring the girls from Poppin&#8217;Party and Roselia! \u2748Sign card information\u2748 Every pack you<\/p>\n","protected":false},"featured_media":62130,"comment_status":"open","ping_status":"closed","template":"","meta":{"_acf_changed":false},"product_brand":[5103],"product_cat":[10020,9792],"product_tag":[],"class_list":{"0":"post-329229","1":"product","2":"type-product","3":"status-publish","4":"has-post-thumbnail","6":"product_brand-bushiroad","7":"product_cat-booster-displays-weiss-schwarz","8":"product_cat-weissschwarz","10":"first","11":"outofstock","12":"taxable","13":"shipping-taxable","14":"purchasable","15":"product-type-simple"},"acf":[],"yoast_head":"<!-- This site is optimized with the Yoast SEO plugin v27.4 - https:\/\/yoast.com\/product\/yoast-seo-wordpress\/ -->\n<title>Buy Wei\u00df Schwarz - BanG Dream Extra Booster Display: Poppin&#039;Party\u00d7Roselia (6 Packs)<\/title>\n<meta name=\"description\" content=\"Shop Wei\u00df Schwarz - BanG Dream Extra Booster Display: Poppin&#039;Party\u00d7Roselia (6 Packs) online at great prices now! Your #1 TCG &amp; Pok\u00e9mon card shop in Switzerland \u2713 Free shipping from CHF 29\" \/>\n<meta name=\"robots\" content=\"index, follow, max-snippet:-1, max-image-preview:large, max-video-preview:-1\" \/>\n<link rel=\"canonical\" href=\"https:\/\/theuncommonshop.ch\/en\/product\/weiss-schwarz-bang-dream-extra-booster-display-poppinpartyxroselia-6-packs-en-3\/\" \/>\n<meta property=\"og:locale\" content=\"en_US\" \/>\n<meta property=\"og:type\" content=\"article\" \/>\n<meta property=\"og:title\" content=\"Buy Wei\u00df Schwarz - BanG Dream Extra Booster Display: Poppin&#039;Party\u00d7Roselia (6 Packs)\" \/>\n<meta property=\"og:description\" content=\"Shop Wei\u00df Schwarz - BanG Dream Extra Booster Display: Poppin&#039;Party\u00d7Roselia (6 Packs) online at great prices now! Your #1 TCG &amp; Pok\u00e9mon card shop in Switzerland \u2713 Free shipping from CHF 29\" \/>\n<meta property=\"og:url\" content=\"https:\/\/theuncommonshop.ch\/en\/product\/weiss-schwarz-bang-dream-extra-booster-display-poppinpartyxroselia-6-packs-en-3\/\" \/>\n<meta property=\"og:site_name\" content=\"Largest trading card shop in Switzerland\" \/>\n<meta property=\"article:modified_time\" content=\"2026-03-31T17:34:35+00:00\" \/>\n<meta property=\"og:image\" content=\"https:\/\/theuncommonshop.ch\/wp-content\/uploads\/2025\/06\/4184163446.jpg\" \/>\n\t<meta property=\"og:image:width\" content=\"700\" \/>\n\t<meta property=\"og:image:height\" content=\"700\" \/>\n\t<meta property=\"og:image:type\" content=\"image\/jpeg\" \/>\n<meta name=\"twitter:card\" content=\"summary_large_image\" \/>\n<meta name=\"twitter:label1\" content=\"Price\" \/>\n\t<meta name=\"twitter:data1\" content=\"&#067;&#072;&#070;&nbsp;44.95\" \/>\n\t<meta name=\"twitter:label2\" content=\"Availability\" \/>\n\t<meta name=\"twitter:data2\" content=\"Out of stock\" \/>\n<script type=\"application\/ld+json\" class=\"yoast-schema-graph\">{\"@context\":\"https:\\\/\\\/schema.org\",\"@graph\":[{\"@type\":\"WebPage\",\"@id\":\"https:\\\/\\\/theuncommonshop.ch\\\/en\\\/product\\\/weiss-schwarz-bang-dream-extra-booster-display-poppinpartyxroselia-6-packs-en-3\\\/\",\"url\":\"https:\\\/\\\/theuncommonshop.ch\\\/en\\\/product\\\/weiss-schwarz-bang-dream-extra-booster-display-poppinpartyxroselia-6-packs-en-3\\\/\",\"name\":\"Buy Wei\u00df Schwarz - BanG Dream Extra Booster Display: Poppin'Party\u00d7Roselia (6 Packs)\",\"isPartOf\":{\"@id\":\"https:\\\/\\\/theuncommonshop.ch\\\/#website\"},\"primaryImageOfPage\":{\"@id\":\"https:\\\/\\\/theuncommonshop.ch\\\/en\\\/product\\\/weiss-schwarz-bang-dream-extra-booster-display-poppinpartyxroselia-6-packs-en-3\\\/#primaryimage\"},\"image\":{\"@id\":\"https:\\\/\\\/theuncommonshop.ch\\\/en\\\/product\\\/weiss-schwarz-bang-dream-extra-booster-display-poppinpartyxroselia-6-packs-en-3\\\/#primaryimage\"},\"thumbnailUrl\":\"https:\\\/\\\/theuncommonshop.ch\\\/wp-content\\\/uploads\\\/2025\\\/06\\\/4184163446.jpg\",\"datePublished\":\"2025-06-03T03:19:43+00:00\",\"dateModified\":\"2026-03-31T17:34:35+00:00\",\"description\":\"Shop Wei\u00df Schwarz - BanG Dream Extra Booster Display: Poppin'Party\u00d7Roselia (6 Packs) online at great prices now! Your #1 TCG & Pok\u00e9mon card shop in Switzerland \u2713 Free shipping from CHF 29\",\"breadcrumb\":{\"@id\":\"https:\\\/\\\/theuncommonshop.ch\\\/en\\\/product\\\/weiss-schwarz-bang-dream-extra-booster-display-poppinpartyxroselia-6-packs-en-3\\\/#breadcrumb\"},\"inLanguage\":\"en-US\",\"potentialAction\":[{\"@type\":\"ReadAction\",\"target\":[\"https:\\\/\\\/theuncommonshop.ch\\\/en\\\/product\\\/weiss-schwarz-bang-dream-extra-booster-display-poppinpartyxroselia-6-packs-en-3\\\/\"]}]},{\"@type\":\"ImageObject\",\"inLanguage\":\"en-US\",\"@id\":\"https:\\\/\\\/theuncommonshop.ch\\\/en\\\/product\\\/weiss-schwarz-bang-dream-extra-booster-display-poppinpartyxroselia-6-packs-en-3\\\/#primaryimage\",\"url\":\"https:\\\/\\\/theuncommonshop.ch\\\/wp-content\\\/uploads\\\/2025\\\/06\\\/4184163446.jpg\",\"contentUrl\":\"https:\\\/\\\/theuncommonshop.ch\\\/wp-content\\\/uploads\\\/2025\\\/06\\\/4184163446.jpg\",\"width\":700,\"height\":700},{\"@type\":\"BreadcrumbList\",\"@id\":\"https:\\\/\\\/theuncommonshop.ch\\\/en\\\/product\\\/weiss-schwarz-bang-dream-extra-booster-display-poppinpartyxroselia-6-packs-en-3\\\/#breadcrumb\",\"itemListElement\":[{\"@type\":\"ListItem\",\"position\":1,\"name\":\"Home\",\"item\":\"https:\\\/\\\/theuncommonshop.ch\\\/en\\\/home\\\/\"},{\"@type\":\"ListItem\",\"position\":2,\"name\":\"Store\",\"item\":\"https:\\\/\\\/theuncommonshop.ch\\\/en\\\/store\\\/\"},{\"@type\":\"ListItem\",\"position\":3,\"name\":\"Weitere Sammelkarten\",\"item\":\"https:\\\/\\\/theuncommonshop.ch\\\/produktkategorie\\\/weitere-sammelkarten\\\/\"},{\"@type\":\"ListItem\",\"position\":4,\"name\":\"Weiss\\\/Schwarz\",\"item\":\"https:\\\/\\\/theuncommonshop.ch\\\/produktkategorie\\\/weitere-sammelkarten\\\/weiss-schwarz\\\/\"},{\"@type\":\"ListItem\",\"position\":5,\"name\":\"Booster Displays\",\"item\":\"https:\\\/\\\/theuncommonshop.ch\\\/produktkategorie\\\/weitere-sammelkarten\\\/weiss-schwarz\\\/weissschwarz-booster-displays\\\/\"},{\"@type\":\"ListItem\",\"position\":6,\"name\":\"Wei\u00df Schwarz &#8211; BanG Dream Extra Booster Display: Poppin&#8217;Party\u00d7Roselia (6 Packs)\"}]},{\"@type\":\"WebSite\",\"@id\":\"https:\\\/\\\/theuncommonshop.ch\\\/#website\",\"url\":\"https:\\\/\\\/theuncommonshop.ch\\\/\",\"name\":\"Largest trading card shop in Switzerland\",\"description\":\"Magic, Pok\u00e9mon and Yu-gi-oh - The Uncommon Shop\",\"potentialAction\":[{\"@type\":\"SearchAction\",\"target\":{\"@type\":\"EntryPoint\",\"urlTemplate\":\"https:\\\/\\\/theuncommonshop.ch\\\/?s={search_term_string}\"},\"query-input\":{\"@type\":\"PropertyValueSpecification\",\"valueRequired\":true,\"valueName\":\"search_term_string\"}}],\"inLanguage\":\"en-US\"}]}<\/script>\n<meta property=\"product:price:amount\" content=\"44.95\" \/>\n<meta property=\"product:price:currency\" content=\"CHF\" \/>\n<meta property=\"og:availability\" content=\"out of stock\" \/>\n<meta property=\"product:availability\" content=\"out of stock\" \/>\n<meta property=\"product:retailer_item_id\" content=\"WS.I.D.exRoselia.EN\" \/>\n<meta property=\"product:condition\" content=\"new\" \/>\n<!-- \/ Yoast SEO plugin. -->","yoast_head_json":{"title":"Buy Wei\u00df Schwarz - BanG Dream Extra Booster Display: Poppin'Party\u00d7Roselia (6 Packs)","description":"Shop Wei\u00df Schwarz - BanG Dream Extra Booster Display: Poppin'Party\u00d7Roselia (6 Packs) online at great prices now! Your #1 TCG & Pok\u00e9mon card shop in Switzerland \u2713 Free shipping from CHF 29","robots":{"index":"index","follow":"follow","max-snippet":"max-snippet:-1","max-image-preview":"max-image-preview:large","max-video-preview":"max-video-preview:-1"},"canonical":"https:\/\/theuncommonshop.ch\/en\/product\/weiss-schwarz-bang-dream-extra-booster-display-poppinpartyxroselia-6-packs-en-3\/","og_locale":"en_US","og_type":"article","og_title":"Buy Wei\u00df Schwarz - BanG Dream Extra Booster Display: Poppin'Party\u00d7Roselia (6 Packs)","og_description":"Shop Wei\u00df Schwarz - BanG Dream Extra Booster Display: Poppin'Party\u00d7Roselia (6 Packs) online at great prices now! Your #1 TCG & Pok\u00e9mon card shop in Switzerland \u2713 Free shipping from CHF 29","og_url":"https:\/\/theuncommonshop.ch\/en\/product\/weiss-schwarz-bang-dream-extra-booster-display-poppinpartyxroselia-6-packs-en-3\/","og_site_name":"Largest trading card shop in Switzerland","article_modified_time":"2026-03-31T17:34:35+00:00","og_image":[{"width":700,"height":700,"url":"https:\/\/theuncommonshop.ch\/wp-content\/uploads\/2025\/06\/4184163446.jpg","type":"image\/jpeg"}],"twitter_card":"summary_large_image","twitter_misc":{"Price":"&#67;&#72;&#70;&nbsp;44.95","Availability":"Out of stock"},"schema":{"@context":"https:\/\/schema.org","@graph":[{"@type":"WebPage","@id":"https:\/\/theuncommonshop.ch\/en\/product\/weiss-schwarz-bang-dream-extra-booster-display-poppinpartyxroselia-6-packs-en-3\/","url":"https:\/\/theuncommonshop.ch\/en\/product\/weiss-schwarz-bang-dream-extra-booster-display-poppinpartyxroselia-6-packs-en-3\/","name":"Buy Wei\u00df Schwarz - BanG Dream Extra Booster Display: Poppin'Party\u00d7Roselia (6 Packs)","isPartOf":{"@id":"https:\/\/theuncommonshop.ch\/#website"},"primaryImageOfPage":{"@id":"https:\/\/theuncommonshop.ch\/en\/product\/weiss-schwarz-bang-dream-extra-booster-display-poppinpartyxroselia-6-packs-en-3\/#primaryimage"},"image":{"@id":"https:\/\/theuncommonshop.ch\/en\/product\/weiss-schwarz-bang-dream-extra-booster-display-poppinpartyxroselia-6-packs-en-3\/#primaryimage"},"thumbnailUrl":"https:\/\/theuncommonshop.ch\/wp-content\/uploads\/2025\/06\/4184163446.jpg","datePublished":"2025-06-03T03:19:43+00:00","dateModified":"2026-03-31T17:34:35+00:00","description":"Shop Wei\u00df Schwarz - BanG Dream Extra Booster Display: Poppin'Party\u00d7Roselia (6 Packs) online at great prices now! Your #1 TCG & Pok\u00e9mon card shop in Switzerland \u2713 Free shipping from CHF 29","breadcrumb":{"@id":"https:\/\/theuncommonshop.ch\/en\/product\/weiss-schwarz-bang-dream-extra-booster-display-poppinpartyxroselia-6-packs-en-3\/#breadcrumb"},"inLanguage":"en-US","potentialAction":[{"@type":"ReadAction","target":["https:\/\/theuncommonshop.ch\/en\/product\/weiss-schwarz-bang-dream-extra-booster-display-poppinpartyxroselia-6-packs-en-3\/"]}]},{"@type":"ImageObject","inLanguage":"en-US","@id":"https:\/\/theuncommonshop.ch\/en\/product\/weiss-schwarz-bang-dream-extra-booster-display-poppinpartyxroselia-6-packs-en-3\/#primaryimage","url":"https:\/\/theuncommonshop.ch\/wp-content\/uploads\/2025\/06\/4184163446.jpg","contentUrl":"https:\/\/theuncommonshop.ch\/wp-content\/uploads\/2025\/06\/4184163446.jpg","width":700,"height":700},{"@type":"BreadcrumbList","@id":"https:\/\/theuncommonshop.ch\/en\/product\/weiss-schwarz-bang-dream-extra-booster-display-poppinpartyxroselia-6-packs-en-3\/#breadcrumb","itemListElement":[{"@type":"ListItem","position":1,"name":"Home","item":"https:\/\/theuncommonshop.ch\/en\/home\/"},{"@type":"ListItem","position":2,"name":"Store","item":"https:\/\/theuncommonshop.ch\/en\/store\/"},{"@type":"ListItem","position":3,"name":"Weitere Sammelkarten","item":"https:\/\/theuncommonshop.ch\/produktkategorie\/weitere-sammelkarten\/"},{"@type":"ListItem","position":4,"name":"Weiss\/Schwarz","item":"https:\/\/theuncommonshop.ch\/produktkategorie\/weitere-sammelkarten\/weiss-schwarz\/"},{"@type":"ListItem","position":5,"name":"Booster Displays","item":"https:\/\/theuncommonshop.ch\/produktkategorie\/weitere-sammelkarten\/weiss-schwarz\/weissschwarz-booster-displays\/"},{"@type":"ListItem","position":6,"name":"Wei\u00df Schwarz &#8211; BanG Dream Extra Booster Display: Poppin&#8217;Party\u00d7Roselia (6 Packs)"}]},{"@type":"WebSite","@id":"https:\/\/theuncommonshop.ch\/#website","url":"https:\/\/theuncommonshop.ch\/","name":"Largest trading card shop in Switzerland","description":"Magic, Pok\u00e9mon and Yu-gi-oh - The Uncommon Shop","potentialAction":[{"@type":"SearchAction","target":{"@type":"EntryPoint","urlTemplate":"https:\/\/theuncommonshop.ch\/?s={search_term_string}"},"query-input":{"@type":"PropertyValueSpecification","valueRequired":true,"valueName":"search_term_string"}}],"inLanguage":"en-US"}]},"product_price_amount":"44.95","product_price_currency":"CHF","og_availability":"out of stock","product_availability":"out of stock","product_retailer_item_id":"WS.I.D.exRoselia.EN","product_condition":"new"},"_links":{"self":[{"href":"https:\/\/theuncommonshop.ch\/en\/wp-json\/wp\/v2\/product\/329229","targetHints":{"allow":["GET"]}}],"collection":[{"href":"https:\/\/theuncommonshop.ch\/en\/wp-json\/wp\/v2\/product"}],"about":[{"href":"https:\/\/theuncommonshop.ch\/en\/wp-json\/wp\/v2\/types\/product"}],"replies":[{"embeddable":true,"href":"https:\/\/theuncommonshop.ch\/en\/wp-json\/wp\/v2\/comments?post=329229"}],"version-history":[{"count":2,"href":"https:\/\/theuncommonshop.ch\/en\/wp-json\/wp\/v2\/product\/329229\/revisions"}],"predecessor-version":[{"id":365429,"href":"https:\/\/theuncommonshop.ch\/en\/wp-json\/wp\/v2\/product\/329229\/revisions\/365429"}],"wp:featuredmedia":[{"embeddable":true,"href":"https:\/\/theuncommonshop.ch\/en\/wp-json\/wp\/v2\/media\/62130"}],"wp:attachment":[{"href":"https:\/\/theuncommonshop.ch\/en\/wp-json\/wp\/v2\/media?parent=329229"}],"wp:term":[{"taxonomy":"product_brand","embeddable":true,"href":"https:\/\/theuncommonshop.ch\/en\/wp-json\/wp\/v2\/product_brand?post=329229"},{"taxonomy":"product_cat","embeddable":true,"href":"https:\/\/theuncommonshop.ch\/en\/wp-json\/wp\/v2\/product_cat?post=329229"},{"taxonomy":"product_tag","embeddable":true,"href":"https:\/\/theuncommonshop.ch\/en\/wp-json\/wp\/v2\/product_tag?post=329229"}],"curies":[{"name":"wp","href":"https:\/\/api.w.org\/{rel}","templated":true}]}}