{"id":329096,"date":"2025-06-03T02:48:00","date_gmt":"2025-06-03T02:48:00","guid":{"rendered":"http:\/\/theuncommonshop.ch\/produkt\/329096\/"},"modified":"2026-03-28T16:38:03","modified_gmt":"2026-03-28T15:38:03","slug":"pokemon-vbattle-decks-rayquaza-v-vs-uhafnir-v-fr-3","status":"publish","type":"product","link":"https:\/\/theuncommonshop.ch\/en\/product\/pokemon-vbattle-decks-rayquaza-v-vs-uhafnir-v-fr-3\/","title":{"rendered":"Pok\u00e9mon &#8211; VBattle Decks &#8211; Rayquaza V VS UHaFnir V &#8211; FR"},"content":{"rendered":"<p><strong><\/strong><strong>Two strong Pok\u00e9mon V are ready!<\/strong><\/p>\n<div>Get ready for a big Pok\u00e9mon battle with a ready-to-play double deck Bundle &#8211; with additional trainers<\/div>\n<div>Cards! The Pok\u00e9mon TCG: V Battle Deck &#8211; Rayquaza vs. Noivern contains one deck for you and one for a <\/div>\n<div>friend so that you can compete against each other. You can choose either Rayquaza V or Noivern V to lead your team in a head-to-head battle against another Trainer. Then swap decks and see how the other side fares.  <\/div>\n<div>Can you win with both strong Pok\u00e9mon V?<\/div>\n<div><\/div>\n<div>The Pok\u00e9mon TCG: V Battle Deck &#8211; Rayquaza vs. Noivern contains:<\/div>\n<div>&#8211; 2 ready-to-play V-Battle decks (60 cards each)<\/div>\n<div>&#8211; Each deck contains a strong special Pok\u00e9mon: Rayquaza V or Noivern V!<\/div>\n<div>&#8211; 8 additional trainer cards, including 2 foil cards<\/div>\n<div>&#8211; 2 large metal coins<\/div>\n<div>&#8211; 2 deck boxes<\/div>\n<div>&#8211; 2 Quick Guides to unlock the strategies contained therein<\/div>\n<div>&#8211; 2 play mats for the single player<\/div>\n<div>&#8211; 6 reference cards<\/div>\n<div>&#8211; Damage counter<\/div>\n<div>&#8211; 1 Guide to upgrading your decks<\/div>\n<div>&#8211; A code card for the Pok\u00e9mon Trading Cards Online<\/div>\n","protected":false},"excerpt":{"rendered":"<p>Two strong Pok\u00e9mon V are ready! Get ready for a big Pok\u00e9mon battle with a ready-to-play double deck Bundle &#8211;<\/p>\n","protected":false},"featured_media":26829,"comment_status":"open","ping_status":"closed","template":"","meta":{"_acf_changed":false},"product_brand":[5115,5073],"product_cat":[9816,9828],"product_tag":[],"class_list":{"0":"post-329096","1":"product","2":"type-product","3":"status-publish","4":"has-post-thumbnail","6":"product_brand-pokemon","7":"product_brand-the-pokemon-company","8":"product_cat-decks-en","9":"product_cat-super-sale-pokemon-en","11":"first","12":"instock","13":"sale","14":"taxable","15":"shipping-taxable","16":"purchasable","17":"product-type-variable"},"acf":[],"yoast_head":"<!-- This site is optimized with the Yoast SEO plugin v27.4 - https:\/\/yoast.com\/product\/yoast-seo-wordpress\/ -->\n<title>Buy Pok\u00e9mon - VBattle Decks - Rayquaza V VS UHaFnir V - FR<\/title>\n<meta name=\"description\" content=\"Shop Pok\u00e9mon - VBattle Decks - Rayquaza V VS UHaFnir V - FR online at great prices now! Your #1 TCG &amp; Pok\u00e9mon card shop in Switzerland \u2713 Free shipping from CHF 29\" \/>\n<meta name=\"robots\" content=\"index, follow, max-snippet:-1, max-image-preview:large, max-video-preview:-1\" \/>\n<link rel=\"canonical\" href=\"https:\/\/theuncommonshop.ch\/en\/product\/pokemon-vbattle-decks-rayquaza-v-vs-uhafnir-v-fr-3\/\" \/>\n<meta property=\"og:locale\" content=\"en_US\" \/>\n<meta property=\"og:type\" content=\"article\" \/>\n<meta property=\"og:title\" content=\"Buy Pok\u00e9mon - VBattle Decks - Rayquaza V VS UHaFnir V - FR\" \/>\n<meta property=\"og:description\" content=\"Shop Pok\u00e9mon - VBattle Decks - Rayquaza V VS UHaFnir V - FR online at great prices now! Your #1 TCG &amp; Pok\u00e9mon card shop in Switzerland \u2713 Free shipping from CHF 29\" \/>\n<meta property=\"og:url\" content=\"https:\/\/theuncommonshop.ch\/en\/product\/pokemon-vbattle-decks-rayquaza-v-vs-uhafnir-v-fr-3\/\" \/>\n<meta property=\"og:site_name\" content=\"Largest trading card shop in Switzerland\" \/>\n<meta property=\"article:modified_time\" content=\"2026-03-28T15:38:03+00:00\" \/>\n<meta property=\"og:image\" content=\"https:\/\/theuncommonshop.ch\/wp-content\/uploads\/2025\/05\/2446018478.jpg\" \/>\n\t<meta property=\"og:image:width\" content=\"897\" \/>\n\t<meta property=\"og:image:height\" content=\"995\" \/>\n\t<meta property=\"og:image:type\" content=\"image\/jpeg\" \/>\n<meta name=\"twitter:card\" content=\"summary_large_image\" \/>\n<meta name=\"twitter:label1\" content=\"Availability\" \/>\n\t<meta name=\"twitter:data1\" content=\"In stock\" \/>\n<script type=\"application\/ld+json\" class=\"yoast-schema-graph\">{\"@context\":\"https:\\\/\\\/schema.org\",\"@graph\":[{\"@type\":\"WebPage\",\"@id\":\"https:\\\/\\\/theuncommonshop.ch\\\/en\\\/product\\\/pokemon-vbattle-decks-rayquaza-v-vs-uhafnir-v-fr-3\\\/\",\"url\":\"https:\\\/\\\/theuncommonshop.ch\\\/en\\\/product\\\/pokemon-vbattle-decks-rayquaza-v-vs-uhafnir-v-fr-3\\\/\",\"name\":\"Buy Pok\u00e9mon - VBattle Decks - Rayquaza V VS UHaFnir V - FR\",\"isPartOf\":{\"@id\":\"https:\\\/\\\/theuncommonshop.ch\\\/#website\"},\"primaryImageOfPage\":{\"@id\":\"https:\\\/\\\/theuncommonshop.ch\\\/en\\\/product\\\/pokemon-vbattle-decks-rayquaza-v-vs-uhafnir-v-fr-3\\\/#primaryimage\"},\"image\":{\"@id\":\"https:\\\/\\\/theuncommonshop.ch\\\/en\\\/product\\\/pokemon-vbattle-decks-rayquaza-v-vs-uhafnir-v-fr-3\\\/#primaryimage\"},\"thumbnailUrl\":\"https:\\\/\\\/theuncommonshop.ch\\\/wp-content\\\/uploads\\\/2025\\\/05\\\/2446018478.jpg\",\"datePublished\":\"2025-06-03T02:48:00+00:00\",\"dateModified\":\"2026-03-28T15:38:03+00:00\",\"description\":\"Shop Pok\u00e9mon - VBattle Decks - Rayquaza V VS UHaFnir V - FR online at great prices now! Your #1 TCG & Pok\u00e9mon card shop in Switzerland \u2713 Free shipping from CHF 29\",\"breadcrumb\":{\"@id\":\"https:\\\/\\\/theuncommonshop.ch\\\/en\\\/product\\\/pokemon-vbattle-decks-rayquaza-v-vs-uhafnir-v-fr-3\\\/#breadcrumb\"},\"inLanguage\":\"en-US\",\"potentialAction\":[{\"@type\":\"ReadAction\",\"target\":[\"https:\\\/\\\/theuncommonshop.ch\\\/en\\\/product\\\/pokemon-vbattle-decks-rayquaza-v-vs-uhafnir-v-fr-3\\\/\"]}]},{\"@type\":\"ImageObject\",\"inLanguage\":\"en-US\",\"@id\":\"https:\\\/\\\/theuncommonshop.ch\\\/en\\\/product\\\/pokemon-vbattle-decks-rayquaza-v-vs-uhafnir-v-fr-3\\\/#primaryimage\",\"url\":\"https:\\\/\\\/theuncommonshop.ch\\\/wp-content\\\/uploads\\\/2025\\\/05\\\/2446018478.jpg\",\"contentUrl\":\"https:\\\/\\\/theuncommonshop.ch\\\/wp-content\\\/uploads\\\/2025\\\/05\\\/2446018478.jpg\",\"width\":897,\"height\":995},{\"@type\":\"BreadcrumbList\",\"@id\":\"https:\\\/\\\/theuncommonshop.ch\\\/en\\\/product\\\/pokemon-vbattle-decks-rayquaza-v-vs-uhafnir-v-fr-3\\\/#breadcrumb\",\"itemListElement\":[{\"@type\":\"ListItem\",\"position\":1,\"name\":\"Home\",\"item\":\"https:\\\/\\\/theuncommonshop.ch\\\/en\\\/home\\\/\"},{\"@type\":\"ListItem\",\"position\":2,\"name\":\"Store\",\"item\":\"https:\\\/\\\/theuncommonshop.ch\\\/en\\\/store\\\/\"},{\"@type\":\"ListItem\",\"position\":3,\"name\":\"Pok\u00e9mon\",\"item\":\"https:\\\/\\\/theuncommonshop.ch\\\/produktkategorie\\\/pokemon\\\/\"},{\"@type\":\"ListItem\",\"position\":4,\"name\":\"Decks\",\"item\":\"https:\\\/\\\/theuncommonshop.ch\\\/produktkategorie\\\/pokemon\\\/decks\\\/\"},{\"@type\":\"ListItem\",\"position\":5,\"name\":\"Pok\u00e9mon &#8211; VBattle Decks &#8211; Rayquaza V VS UHaFnir V &#8211; FR\"}]},{\"@type\":\"WebSite\",\"@id\":\"https:\\\/\\\/theuncommonshop.ch\\\/#website\",\"url\":\"https:\\\/\\\/theuncommonshop.ch\\\/\",\"name\":\"Largest trading card shop in Switzerland\",\"description\":\"Magic, Pok\u00e9mon and Yu-gi-oh - The Uncommon Shop\",\"potentialAction\":[{\"@type\":\"SearchAction\",\"target\":{\"@type\":\"EntryPoint\",\"urlTemplate\":\"https:\\\/\\\/theuncommonshop.ch\\\/?s={search_term_string}\"},\"query-input\":{\"@type\":\"PropertyValueSpecification\",\"valueRequired\":true,\"valueName\":\"search_term_string\"}}],\"inLanguage\":\"en-US\"}]}<\/script>\n<meta property=\"og:availability\" content=\"instock\" \/>\n<meta property=\"product:availability\" content=\"instock\" \/>\n<meta property=\"product:retailer_item_id\" content=\"PO.XXXIII.H.RayqVsUhaFn.FR\" \/>\n<meta property=\"product:condition\" content=\"new\" \/>\n<!-- \/ Yoast SEO plugin. -->","yoast_head_json":{"title":"Buy Pok\u00e9mon - VBattle Decks - Rayquaza V VS UHaFnir V - FR","description":"Shop Pok\u00e9mon - VBattle Decks - Rayquaza V VS UHaFnir V - FR online at great prices now! Your #1 TCG & Pok\u00e9mon card shop in Switzerland \u2713 Free shipping from CHF 29","robots":{"index":"index","follow":"follow","max-snippet":"max-snippet:-1","max-image-preview":"max-image-preview:large","max-video-preview":"max-video-preview:-1"},"canonical":"https:\/\/theuncommonshop.ch\/en\/product\/pokemon-vbattle-decks-rayquaza-v-vs-uhafnir-v-fr-3\/","og_locale":"en_US","og_type":"article","og_title":"Buy Pok\u00e9mon - VBattle Decks - Rayquaza V VS UHaFnir V - FR","og_description":"Shop Pok\u00e9mon - VBattle Decks - Rayquaza V VS UHaFnir V - FR online at great prices now! Your #1 TCG & Pok\u00e9mon card shop in Switzerland \u2713 Free shipping from CHF 29","og_url":"https:\/\/theuncommonshop.ch\/en\/product\/pokemon-vbattle-decks-rayquaza-v-vs-uhafnir-v-fr-3\/","og_site_name":"Largest trading card shop in Switzerland","article_modified_time":"2026-03-28T15:38:03+00:00","og_image":[{"width":897,"height":995,"url":"https:\/\/theuncommonshop.ch\/wp-content\/uploads\/2025\/05\/2446018478.jpg","type":"image\/jpeg"}],"twitter_card":"summary_large_image","twitter_misc":{"Availability":"In stock"},"schema":{"@context":"https:\/\/schema.org","@graph":[{"@type":"WebPage","@id":"https:\/\/theuncommonshop.ch\/en\/product\/pokemon-vbattle-decks-rayquaza-v-vs-uhafnir-v-fr-3\/","url":"https:\/\/theuncommonshop.ch\/en\/product\/pokemon-vbattle-decks-rayquaza-v-vs-uhafnir-v-fr-3\/","name":"Buy Pok\u00e9mon - VBattle Decks - Rayquaza V VS UHaFnir V - FR","isPartOf":{"@id":"https:\/\/theuncommonshop.ch\/#website"},"primaryImageOfPage":{"@id":"https:\/\/theuncommonshop.ch\/en\/product\/pokemon-vbattle-decks-rayquaza-v-vs-uhafnir-v-fr-3\/#primaryimage"},"image":{"@id":"https:\/\/theuncommonshop.ch\/en\/product\/pokemon-vbattle-decks-rayquaza-v-vs-uhafnir-v-fr-3\/#primaryimage"},"thumbnailUrl":"https:\/\/theuncommonshop.ch\/wp-content\/uploads\/2025\/05\/2446018478.jpg","datePublished":"2025-06-03T02:48:00+00:00","dateModified":"2026-03-28T15:38:03+00:00","description":"Shop Pok\u00e9mon - VBattle Decks - Rayquaza V VS UHaFnir V - FR online at great prices now! Your #1 TCG & Pok\u00e9mon card shop in Switzerland \u2713 Free shipping from CHF 29","breadcrumb":{"@id":"https:\/\/theuncommonshop.ch\/en\/product\/pokemon-vbattle-decks-rayquaza-v-vs-uhafnir-v-fr-3\/#breadcrumb"},"inLanguage":"en-US","potentialAction":[{"@type":"ReadAction","target":["https:\/\/theuncommonshop.ch\/en\/product\/pokemon-vbattle-decks-rayquaza-v-vs-uhafnir-v-fr-3\/"]}]},{"@type":"ImageObject","inLanguage":"en-US","@id":"https:\/\/theuncommonshop.ch\/en\/product\/pokemon-vbattle-decks-rayquaza-v-vs-uhafnir-v-fr-3\/#primaryimage","url":"https:\/\/theuncommonshop.ch\/wp-content\/uploads\/2025\/05\/2446018478.jpg","contentUrl":"https:\/\/theuncommonshop.ch\/wp-content\/uploads\/2025\/05\/2446018478.jpg","width":897,"height":995},{"@type":"BreadcrumbList","@id":"https:\/\/theuncommonshop.ch\/en\/product\/pokemon-vbattle-decks-rayquaza-v-vs-uhafnir-v-fr-3\/#breadcrumb","itemListElement":[{"@type":"ListItem","position":1,"name":"Home","item":"https:\/\/theuncommonshop.ch\/en\/home\/"},{"@type":"ListItem","position":2,"name":"Store","item":"https:\/\/theuncommonshop.ch\/en\/store\/"},{"@type":"ListItem","position":3,"name":"Pok\u00e9mon","item":"https:\/\/theuncommonshop.ch\/produktkategorie\/pokemon\/"},{"@type":"ListItem","position":4,"name":"Decks","item":"https:\/\/theuncommonshop.ch\/produktkategorie\/pokemon\/decks\/"},{"@type":"ListItem","position":5,"name":"Pok\u00e9mon &#8211; VBattle Decks &#8211; Rayquaza V VS UHaFnir V &#8211; FR"}]},{"@type":"WebSite","@id":"https:\/\/theuncommonshop.ch\/#website","url":"https:\/\/theuncommonshop.ch\/","name":"Largest trading card shop in Switzerland","description":"Magic, Pok\u00e9mon and Yu-gi-oh - The Uncommon Shop","potentialAction":[{"@type":"SearchAction","target":{"@type":"EntryPoint","urlTemplate":"https:\/\/theuncommonshop.ch\/?s={search_term_string}"},"query-input":{"@type":"PropertyValueSpecification","valueRequired":true,"valueName":"search_term_string"}}],"inLanguage":"en-US"}]},"og_availability":"instock","product_availability":"instock","product_retailer_item_id":"PO.XXXIII.H.RayqVsUhaFn.FR","product_condition":"new"},"_links":{"self":[{"href":"https:\/\/theuncommonshop.ch\/en\/wp-json\/wp\/v2\/product\/329096","targetHints":{"allow":["GET"]}}],"collection":[{"href":"https:\/\/theuncommonshop.ch\/en\/wp-json\/wp\/v2\/product"}],"about":[{"href":"https:\/\/theuncommonshop.ch\/en\/wp-json\/wp\/v2\/types\/product"}],"replies":[{"embeddable":true,"href":"https:\/\/theuncommonshop.ch\/en\/wp-json\/wp\/v2\/comments?post=329096"}],"version-history":[{"count":1,"href":"https:\/\/theuncommonshop.ch\/en\/wp-json\/wp\/v2\/product\/329096\/revisions"}],"predecessor-version":[{"id":329100,"href":"https:\/\/theuncommonshop.ch\/en\/wp-json\/wp\/v2\/product\/329096\/revisions\/329100"}],"wp:featuredmedia":[{"embeddable":true,"href":"https:\/\/theuncommonshop.ch\/en\/wp-json\/wp\/v2\/media\/26829"}],"wp:attachment":[{"href":"https:\/\/theuncommonshop.ch\/en\/wp-json\/wp\/v2\/media?parent=329096"}],"wp:term":[{"taxonomy":"product_brand","embeddable":true,"href":"https:\/\/theuncommonshop.ch\/en\/wp-json\/wp\/v2\/product_brand?post=329096"},{"taxonomy":"product_cat","embeddable":true,"href":"https:\/\/theuncommonshop.ch\/en\/wp-json\/wp\/v2\/product_cat?post=329096"},{"taxonomy":"product_tag","embeddable":true,"href":"https:\/\/theuncommonshop.ch\/en\/wp-json\/wp\/v2\/product_tag?post=329096"}],"curies":[{"name":"wp","href":"https:\/\/api.w.org\/{rel}","templated":true}]}}