{"id":327879,"date":"2025-06-03T06:43:37","date_gmt":"2025-06-03T06:43:37","guid":{"rendered":"http:\/\/theuncommonshop.ch\/produkt\/327879\/"},"modified":"2026-03-29T12:50:16","modified_gmt":"2026-03-29T10:50:16","slug":"pokemon-knock-out-kollektion-lucario-en-3","status":"publish","type":"product","link":"https:\/\/theuncommonshop.ch\/en\/product\/pokemon-knock-out-kollektion-lucario-en-3\/","title":{"rendered":"Pok\u00e9mon &#8211; Knock Out Kollektion &#8211; Lucario"},"content":{"rendered":"<h3>A Knock Out Deal!<\/h3>\n<p>Three great Pok\u00e9mon-steely Lucario, dangerous Bisharp, and mysterious Zoroark-make this Knock Out Collection perfect for all Pok\u00e9mon fans and collectors! These three powerful Pok\u00e9mon are just the thing for Pok\u00e9mon Trainers ready to expand their collection and improve their battling skills! <\/p>\n<p>This Pok\u00e9mon TCG: Knock Out Collection includes:<\/p>\n<ul>\n<li>1 foil card featuring Lucario<\/li>\n<li>1 foil card featuring Bisharp<\/li>\n<li>1 foil card featuring Zoroark<\/li>\n<li>2 Pok\u00e9mon TCG booster packs, each containing 10 cards<\/li>\n<li>1 gleaming Pok\u00e9mon coin<\/li>\n<\/ul>\n","protected":false},"excerpt":{"rendered":"<p>A Knock Out Deal! Three great Pok\u00e9mon-steely Lucario, dangerous Bisharp, and mysterious Zoroark-make this Knock Out Collection perfect for all<\/p>\n","protected":false},"featured_media":68117,"comment_status":"open","ping_status":"closed","template":"","meta":{"_acf_changed":false},"product_brand":[5115,5073],"product_cat":[9810,9776],"product_tag":[],"class_list":{"0":"post-327879","1":"product","2":"type-product","3":"status-publish","4":"has-post-thumbnail","6":"product_brand-pokemon","7":"product_brand-the-pokemon-company","8":"product_cat-boxes-and-collections-pokemon","9":"product_cat-pokemon-en","11":"first","12":"outofstock","13":"taxable","14":"shipping-taxable","15":"purchasable","16":"product-type-variable"},"acf":[],"yoast_head":"<!-- This site is optimized with the Yoast SEO plugin v27.4 - https:\/\/yoast.com\/product\/yoast-seo-wordpress\/ -->\n<title>Buy Pok\u00e9mon - Knock Out Kollektion - Lucario<\/title>\n<meta name=\"description\" content=\"Shop Pok\u00e9mon - Knock Out Kollektion - Lucario online at great prices now! Your #1 TCG &amp; Pok\u00e9mon card shop in Switzerland \u2713 Free shipping from CHF 29\" \/>\n<meta name=\"robots\" content=\"index, follow, max-snippet:-1, max-image-preview:large, max-video-preview:-1\" \/>\n<link rel=\"canonical\" href=\"https:\/\/theuncommonshop.ch\/en\/product\/pokemon-knock-out-kollektion-lucario-en-3\/\" \/>\n<meta property=\"og:locale\" content=\"en_US\" \/>\n<meta property=\"og:type\" content=\"article\" \/>\n<meta property=\"og:title\" content=\"Buy Pok\u00e9mon - Knock Out Kollektion - Lucario\" \/>\n<meta property=\"og:description\" content=\"Shop Pok\u00e9mon - Knock Out Kollektion - Lucario online at great prices now! Your #1 TCG &amp; Pok\u00e9mon card shop in Switzerland \u2713 Free shipping from CHF 29\" \/>\n<meta property=\"og:url\" content=\"https:\/\/theuncommonshop.ch\/en\/product\/pokemon-knock-out-kollektion-lucario-en-3\/\" \/>\n<meta property=\"og:site_name\" content=\"The Uncommon Shop\" \/>\n<meta property=\"article:modified_time\" content=\"2026-03-29T10:50:16+00:00\" \/>\n<meta property=\"og:image\" content=\"https:\/\/theuncommonshop.ch\/wp-content\/uploads\/2025\/06\/2831352443.jpg\" \/>\n\t<meta property=\"og:image:width\" content=\"1500\" \/>\n\t<meta property=\"og:image:height\" content=\"1500\" \/>\n\t<meta property=\"og:image:type\" content=\"image\/jpeg\" \/>\n<meta name=\"twitter:card\" content=\"summary_large_image\" \/>\n<meta name=\"twitter:label1\" content=\"Availability\" \/>\n\t<meta name=\"twitter:data1\" content=\"Out of stock\" \/>\n<script type=\"application\/ld+json\" class=\"yoast-schema-graph\">{\"@context\":\"https:\\\/\\\/schema.org\",\"@graph\":[{\"@type\":\"WebPage\",\"@id\":\"https:\\\/\\\/theuncommonshop.ch\\\/en\\\/product\\\/pokemon-knock-out-kollektion-lucario-en-3\\\/\",\"url\":\"https:\\\/\\\/theuncommonshop.ch\\\/en\\\/product\\\/pokemon-knock-out-kollektion-lucario-en-3\\\/\",\"name\":\"Buy Pok\u00e9mon - Knock Out Kollektion - Lucario\",\"isPartOf\":{\"@id\":\"https:\\\/\\\/theuncommonshop.ch\\\/en\\\/#website\"},\"primaryImageOfPage\":{\"@id\":\"https:\\\/\\\/theuncommonshop.ch\\\/en\\\/product\\\/pokemon-knock-out-kollektion-lucario-en-3\\\/#primaryimage\"},\"image\":{\"@id\":\"https:\\\/\\\/theuncommonshop.ch\\\/en\\\/product\\\/pokemon-knock-out-kollektion-lucario-en-3\\\/#primaryimage\"},\"thumbnailUrl\":\"https:\\\/\\\/theuncommonshop.ch\\\/wp-content\\\/uploads\\\/2025\\\/06\\\/2831352443.jpg\",\"datePublished\":\"2025-06-03T06:43:37+00:00\",\"dateModified\":\"2026-03-29T10:50:16+00:00\",\"description\":\"Shop Pok\u00e9mon - Knock Out Kollektion - Lucario online at great prices now! Your #1 TCG & Pok\u00e9mon card shop in Switzerland \u2713 Free shipping from CHF 29\",\"breadcrumb\":{\"@id\":\"https:\\\/\\\/theuncommonshop.ch\\\/en\\\/product\\\/pokemon-knock-out-kollektion-lucario-en-3\\\/#breadcrumb\"},\"inLanguage\":\"en-US\",\"potentialAction\":[{\"@type\":\"ReadAction\",\"target\":[\"https:\\\/\\\/theuncommonshop.ch\\\/en\\\/product\\\/pokemon-knock-out-kollektion-lucario-en-3\\\/\"]}]},{\"@type\":\"ImageObject\",\"inLanguage\":\"en-US\",\"@id\":\"https:\\\/\\\/theuncommonshop.ch\\\/en\\\/product\\\/pokemon-knock-out-kollektion-lucario-en-3\\\/#primaryimage\",\"url\":\"https:\\\/\\\/theuncommonshop.ch\\\/wp-content\\\/uploads\\\/2025\\\/06\\\/2831352443.jpg\",\"contentUrl\":\"https:\\\/\\\/theuncommonshop.ch\\\/wp-content\\\/uploads\\\/2025\\\/06\\\/2831352443.jpg\",\"width\":1500,\"height\":1500},{\"@type\":\"BreadcrumbList\",\"@id\":\"https:\\\/\\\/theuncommonshop.ch\\\/en\\\/product\\\/pokemon-knock-out-kollektion-lucario-en-3\\\/#breadcrumb\",\"itemListElement\":[{\"@type\":\"ListItem\",\"position\":1,\"name\":\"Home\",\"item\":\"https:\\\/\\\/theuncommonshop.ch\\\/en\\\/home\\\/\"},{\"@type\":\"ListItem\",\"position\":2,\"name\":\"Store\",\"item\":\"https:\\\/\\\/theuncommonshop.ch\\\/en\\\/store\\\/\"},{\"@type\":\"ListItem\",\"position\":3,\"name\":\"Pok\u00e9mon\",\"item\":\"https:\\\/\\\/theuncommonshop.ch\\\/en\\\/product-category\\\/pokemon-en\\\/\"},{\"@type\":\"ListItem\",\"position\":4,\"name\":\"Boxes & Collections\",\"item\":\"https:\\\/\\\/theuncommonshop.ch\\\/en\\\/product-category\\\/pokemon-en\\\/boxes-and-collections-pokemon\\\/\"},{\"@type\":\"ListItem\",\"position\":5,\"name\":\"Pok\u00e9mon &#8211; Knock Out Kollektion &#8211; Lucario\"}]},{\"@type\":\"WebSite\",\"@id\":\"https:\\\/\\\/theuncommonshop.ch\\\/en\\\/#website\",\"url\":\"https:\\\/\\\/theuncommonshop.ch\\\/en\\\/\",\"name\":\"The Uncommon Shop\",\"description\":\"Magic, Pok\u00e9mon and Yu-gi-oh - The Uncommon Shop\",\"potentialAction\":[{\"@type\":\"SearchAction\",\"target\":{\"@type\":\"EntryPoint\",\"urlTemplate\":\"https:\\\/\\\/theuncommonshop.ch\\\/en\\\/?s={search_term_string}\"},\"query-input\":{\"@type\":\"PropertyValueSpecification\",\"valueRequired\":true,\"valueName\":\"search_term_string\"}}],\"inLanguage\":\"en-US\"}]}<\/script>\n<meta property=\"og:availability\" content=\"out of stock\" \/>\n<meta property=\"product:availability\" content=\"out of stock\" \/>\n<meta property=\"product:retailer_item_id\" content=\"PO.X.C.KnockOutAXXI.EN\" \/>\n<meta property=\"product:condition\" content=\"new\" \/>\n<!-- \/ Yoast SEO plugin. -->","yoast_head_json":{"title":"Buy Pok\u00e9mon - Knock Out Kollektion - Lucario","description":"Shop Pok\u00e9mon - Knock Out Kollektion - Lucario online at great prices now! Your #1 TCG & Pok\u00e9mon card shop in Switzerland \u2713 Free shipping from CHF 29","robots":{"index":"index","follow":"follow","max-snippet":"max-snippet:-1","max-image-preview":"max-image-preview:large","max-video-preview":"max-video-preview:-1"},"canonical":"https:\/\/theuncommonshop.ch\/en\/product\/pokemon-knock-out-kollektion-lucario-en-3\/","og_locale":"en_US","og_type":"article","og_title":"Buy Pok\u00e9mon - Knock Out Kollektion - Lucario","og_description":"Shop Pok\u00e9mon - Knock Out Kollektion - Lucario online at great prices now! Your #1 TCG & Pok\u00e9mon card shop in Switzerland \u2713 Free shipping from CHF 29","og_url":"https:\/\/theuncommonshop.ch\/en\/product\/pokemon-knock-out-kollektion-lucario-en-3\/","og_site_name":"The Uncommon Shop","article_modified_time":"2026-03-29T10:50:16+00:00","og_image":[{"width":1500,"height":1500,"url":"https:\/\/theuncommonshop.ch\/wp-content\/uploads\/2025\/06\/2831352443.jpg","type":"image\/jpeg"}],"twitter_card":"summary_large_image","twitter_misc":{"Availability":"Out of stock"},"schema":{"@context":"https:\/\/schema.org","@graph":[{"@type":"WebPage","@id":"https:\/\/theuncommonshop.ch\/en\/product\/pokemon-knock-out-kollektion-lucario-en-3\/","url":"https:\/\/theuncommonshop.ch\/en\/product\/pokemon-knock-out-kollektion-lucario-en-3\/","name":"Buy Pok\u00e9mon - Knock Out Kollektion - Lucario","isPartOf":{"@id":"https:\/\/theuncommonshop.ch\/en\/#website"},"primaryImageOfPage":{"@id":"https:\/\/theuncommonshop.ch\/en\/product\/pokemon-knock-out-kollektion-lucario-en-3\/#primaryimage"},"image":{"@id":"https:\/\/theuncommonshop.ch\/en\/product\/pokemon-knock-out-kollektion-lucario-en-3\/#primaryimage"},"thumbnailUrl":"https:\/\/theuncommonshop.ch\/wp-content\/uploads\/2025\/06\/2831352443.jpg","datePublished":"2025-06-03T06:43:37+00:00","dateModified":"2026-03-29T10:50:16+00:00","description":"Shop Pok\u00e9mon - Knock Out Kollektion - Lucario online at great prices now! Your #1 TCG & Pok\u00e9mon card shop in Switzerland \u2713 Free shipping from CHF 29","breadcrumb":{"@id":"https:\/\/theuncommonshop.ch\/en\/product\/pokemon-knock-out-kollektion-lucario-en-3\/#breadcrumb"},"inLanguage":"en-US","potentialAction":[{"@type":"ReadAction","target":["https:\/\/theuncommonshop.ch\/en\/product\/pokemon-knock-out-kollektion-lucario-en-3\/"]}]},{"@type":"ImageObject","inLanguage":"en-US","@id":"https:\/\/theuncommonshop.ch\/en\/product\/pokemon-knock-out-kollektion-lucario-en-3\/#primaryimage","url":"https:\/\/theuncommonshop.ch\/wp-content\/uploads\/2025\/06\/2831352443.jpg","contentUrl":"https:\/\/theuncommonshop.ch\/wp-content\/uploads\/2025\/06\/2831352443.jpg","width":1500,"height":1500},{"@type":"BreadcrumbList","@id":"https:\/\/theuncommonshop.ch\/en\/product\/pokemon-knock-out-kollektion-lucario-en-3\/#breadcrumb","itemListElement":[{"@type":"ListItem","position":1,"name":"Home","item":"https:\/\/theuncommonshop.ch\/en\/home\/"},{"@type":"ListItem","position":2,"name":"Store","item":"https:\/\/theuncommonshop.ch\/en\/store\/"},{"@type":"ListItem","position":3,"name":"Pok\u00e9mon","item":"https:\/\/theuncommonshop.ch\/en\/product-category\/pokemon-en\/"},{"@type":"ListItem","position":4,"name":"Boxes & Collections","item":"https:\/\/theuncommonshop.ch\/en\/product-category\/pokemon-en\/boxes-and-collections-pokemon\/"},{"@type":"ListItem","position":5,"name":"Pok\u00e9mon &#8211; Knock Out Kollektion &#8211; Lucario"}]},{"@type":"WebSite","@id":"https:\/\/theuncommonshop.ch\/en\/#website","url":"https:\/\/theuncommonshop.ch\/en\/","name":"The Uncommon Shop","description":"Magic, Pok\u00e9mon and Yu-gi-oh - The Uncommon Shop","potentialAction":[{"@type":"SearchAction","target":{"@type":"EntryPoint","urlTemplate":"https:\/\/theuncommonshop.ch\/en\/?s={search_term_string}"},"query-input":{"@type":"PropertyValueSpecification","valueRequired":true,"valueName":"search_term_string"}}],"inLanguage":"en-US"}]},"og_availability":"out of stock","product_availability":"out of stock","product_retailer_item_id":"PO.X.C.KnockOutAXXI.EN","product_condition":"new"},"_links":{"self":[{"href":"https:\/\/theuncommonshop.ch\/en\/wp-json\/wp\/v2\/product\/327879","targetHints":{"allow":["GET"]}}],"collection":[{"href":"https:\/\/theuncommonshop.ch\/en\/wp-json\/wp\/v2\/product"}],"about":[{"href":"https:\/\/theuncommonshop.ch\/en\/wp-json\/wp\/v2\/types\/product"}],"replies":[{"embeddable":true,"href":"https:\/\/theuncommonshop.ch\/en\/wp-json\/wp\/v2\/comments?post=327879"}],"version-history":[{"count":0,"href":"https:\/\/theuncommonshop.ch\/en\/wp-json\/wp\/v2\/product\/327879\/revisions"}],"wp:featuredmedia":[{"embeddable":true,"href":"https:\/\/theuncommonshop.ch\/en\/wp-json\/wp\/v2\/media\/68117"}],"wp:attachment":[{"href":"https:\/\/theuncommonshop.ch\/en\/wp-json\/wp\/v2\/media?parent=327879"}],"wp:term":[{"taxonomy":"product_brand","embeddable":true,"href":"https:\/\/theuncommonshop.ch\/en\/wp-json\/wp\/v2\/product_brand?post=327879"},{"taxonomy":"product_cat","embeddable":true,"href":"https:\/\/theuncommonshop.ch\/en\/wp-json\/wp\/v2\/product_cat?post=327879"},{"taxonomy":"product_tag","embeddable":true,"href":"https:\/\/theuncommonshop.ch\/en\/wp-json\/wp\/v2\/product_tag?post=327879"}],"curies":[{"name":"wp","href":"https:\/\/api.w.org\/{rel}","templated":true}]}}