{"id":327693,"date":"2025-06-04T00:18:09","date_gmt":"2025-06-03T22:18:09","guid":{"rendered":"http:\/\/theuncommonshop.ch\/produkt\/327693\/"},"modified":"2026-03-28T17:54:14","modified_gmt":"2026-03-28T16:54:14","slug":"pokemon-evoli-und-nachtara-twilight-double-deck-box-2","status":"publish","type":"product","link":"https:\/\/theuncommonshop.ch\/en\/product\/pokemon-evoli-und-nachtara-twilight-double-deck-box-2\/","title":{"rendered":"Pok\u00e9mon &#8211; Evoli and Nachtara Twilight &#8211; Double Deck Box"},"content":{"rendered":"<div>Evoli and Nachtara are accompanied by a variety of other Pok\u00e9mon as they watch the crescent moon rise over the mountains and hills of the Johto region. Store up to two decks of 60 cards in this double card box, which has three dividers, a magnetic closure and a space for the names of your decks or your contact details. <\/div>\n<div><\/div>\n<ul>\n<li>Beautiful artwork with silhouettes of Eevee, Umbreon and other Pok\u00e9mon that live in the Johto region<\/li>\n<li>Contains one card box holder, two card boxes and three dividers<\/li>\n<li>Holds two decks with 60 sleeved cards (cards and sleeves not included)<\/li>\n<li>The magnetic closure helps to keep the contents safe and organized<\/li>\n<li>Part of the Eevee &amp; Umbreon Twilight Collection<\/li>\n<li>Pok\u00e9mon Center Original<\/li>\n<\/ul>\n","protected":false},"excerpt":{"rendered":"<p>Evoli and Nachtara are accompanied by a variety of other Pok\u00e9mon as they watch the crescent moon rise over the<\/p>\n","protected":false},"featured_media":95605,"comment_status":"open","ping_status":"closed","template":"","meta":{"_acf_changed":false},"product_brand":[5089],"product_cat":[10258,9978,9866,9858,9876],"product_tag":[],"class_list":{"0":"post-327693","1":"product","2":"type-product","3":"status-publish","4":"has-post-thumbnail","6":"product_brand-ultimate-guard","7":"product_cat-everything","8":"product_cat-small-deck-boxes","9":"product_cat-storage","10":"product_cat-tcg-accessories","11":"product_cat-ultimate-guard-en","13":"first","14":"outofstock","15":"taxable","16":"shipping-taxable","17":"purchasable","18":"product-type-simple"},"acf":[],"yoast_head":"<!-- This site is optimized with the Yoast SEO plugin v27.5 - https:\/\/yoast.com\/product\/yoast-seo-wordpress\/ -->\n<title>Buy Pok\u00e9mon - Evoli and Nachtara Twilight - Double Deck Box<\/title>\n<meta name=\"description\" content=\"Shop Pok\u00e9mon - Evoli and Nachtara Twilight - Double Deck Box online at great prices now! Your #1 TCG &amp; Pok\u00e9mon card shop in Switzerland \u2713 Free shipping from CHF 29\" \/>\n<meta name=\"robots\" content=\"index, follow, max-snippet:-1, max-image-preview:large, max-video-preview:-1\" \/>\n<link rel=\"canonical\" href=\"https:\/\/theuncommonshop.ch\/en\/product\/pokemon-evoli-und-nachtara-twilight-double-deck-box-2\/\" \/>\n<meta property=\"og:locale\" content=\"en_US\" \/>\n<meta property=\"og:type\" content=\"article\" \/>\n<meta property=\"og:title\" content=\"Buy Pok\u00e9mon - Evoli and Nachtara Twilight - Double Deck Box\" \/>\n<meta property=\"og:description\" content=\"Shop Pok\u00e9mon - Evoli and Nachtara Twilight - Double Deck Box online at great prices now! Your #1 TCG &amp; Pok\u00e9mon card shop in Switzerland \u2713 Free shipping from CHF 29\" \/>\n<meta property=\"og:url\" content=\"https:\/\/theuncommonshop.ch\/en\/product\/pokemon-evoli-und-nachtara-twilight-double-deck-box-2\/\" \/>\n<meta property=\"og:site_name\" content=\"The Uncommon Shop\" \/>\n<meta property=\"article:modified_time\" content=\"2026-03-28T16:54:14+00:00\" \/>\n<meta property=\"og:image\" content=\"https:\/\/theuncommonshop.ch\/wp-content\/uploads\/2025\/06\/4487054677.jpg\" \/>\n\t<meta property=\"og:image:width\" content=\"1200\" \/>\n\t<meta property=\"og:image:height\" content=\"1200\" \/>\n\t<meta property=\"og:image:type\" content=\"image\/jpeg\" \/>\n<meta name=\"twitter:card\" content=\"summary_large_image\" \/>\n<meta name=\"twitter:label1\" content=\"Price\" \/>\n\t<meta name=\"twitter:data1\" content=\"&#067;&#072;&#070;&nbsp;49.95\" \/>\n\t<meta name=\"twitter:label2\" content=\"Availability\" \/>\n\t<meta name=\"twitter:data2\" content=\"Out of stock\" \/>\n<script type=\"application\/ld+json\" class=\"yoast-schema-graph\">{\"@context\":\"https:\\\/\\\/schema.org\",\"@graph\":[{\"@type\":\"WebPage\",\"@id\":\"https:\\\/\\\/theuncommonshop.ch\\\/en\\\/product\\\/pokemon-evoli-und-nachtara-twilight-double-deck-box-2\\\/\",\"url\":\"https:\\\/\\\/theuncommonshop.ch\\\/en\\\/product\\\/pokemon-evoli-und-nachtara-twilight-double-deck-box-2\\\/\",\"name\":\"Buy Pok\u00e9mon - Evoli and Nachtara Twilight - Double Deck Box\",\"isPartOf\":{\"@id\":\"https:\\\/\\\/theuncommonshop.ch\\\/en\\\/#website\"},\"primaryImageOfPage\":{\"@id\":\"https:\\\/\\\/theuncommonshop.ch\\\/en\\\/product\\\/pokemon-evoli-und-nachtara-twilight-double-deck-box-2\\\/#primaryimage\"},\"image\":{\"@id\":\"https:\\\/\\\/theuncommonshop.ch\\\/en\\\/product\\\/pokemon-evoli-und-nachtara-twilight-double-deck-box-2\\\/#primaryimage\"},\"thumbnailUrl\":\"https:\\\/\\\/theuncommonshop.ch\\\/wp-content\\\/uploads\\\/2025\\\/06\\\/4487054677.jpg\",\"datePublished\":\"2025-06-03T22:18:09+00:00\",\"dateModified\":\"2026-03-28T16:54:14+00:00\",\"description\":\"Shop Pok\u00e9mon - Evoli and Nachtara Twilight - Double Deck Box online at great prices now! Your #1 TCG & Pok\u00e9mon card shop in Switzerland \u2713 Free shipping from CHF 29\",\"breadcrumb\":{\"@id\":\"https:\\\/\\\/theuncommonshop.ch\\\/en\\\/product\\\/pokemon-evoli-und-nachtara-twilight-double-deck-box-2\\\/#breadcrumb\"},\"inLanguage\":\"en-US\",\"potentialAction\":[{\"@type\":\"ReadAction\",\"target\":[\"https:\\\/\\\/theuncommonshop.ch\\\/en\\\/product\\\/pokemon-evoli-und-nachtara-twilight-double-deck-box-2\\\/\"]}]},{\"@type\":\"ImageObject\",\"inLanguage\":\"en-US\",\"@id\":\"https:\\\/\\\/theuncommonshop.ch\\\/en\\\/product\\\/pokemon-evoli-und-nachtara-twilight-double-deck-box-2\\\/#primaryimage\",\"url\":\"https:\\\/\\\/theuncommonshop.ch\\\/wp-content\\\/uploads\\\/2025\\\/06\\\/4487054677.jpg\",\"contentUrl\":\"https:\\\/\\\/theuncommonshop.ch\\\/wp-content\\\/uploads\\\/2025\\\/06\\\/4487054677.jpg\",\"width\":1200,\"height\":1200},{\"@type\":\"BreadcrumbList\",\"@id\":\"https:\\\/\\\/theuncommonshop.ch\\\/en\\\/product\\\/pokemon-evoli-und-nachtara-twilight-double-deck-box-2\\\/#breadcrumb\",\"itemListElement\":[{\"@type\":\"ListItem\",\"position\":1,\"name\":\"Home\",\"item\":\"https:\\\/\\\/theuncommonshop.ch\\\/en\\\/home\\\/\"},{\"@type\":\"ListItem\",\"position\":2,\"name\":\"Store\",\"item\":\"https:\\\/\\\/theuncommonshop.ch\\\/en\\\/store\\\/\"},{\"@type\":\"ListItem\",\"position\":3,\"name\":\"TCG Accessories\",\"item\":\"https:\\\/\\\/theuncommonshop.ch\\\/en\\\/product-category\\\/tcg-accessories\\\/\"},{\"@type\":\"ListItem\",\"position\":4,\"name\":\"Storage\",\"item\":\"https:\\\/\\\/theuncommonshop.ch\\\/en\\\/product-category\\\/tcg-accessories\\\/storage\\\/\"},{\"@type\":\"ListItem\",\"position\":5,\"name\":\"Everything\",\"item\":\"https:\\\/\\\/theuncommonshop.ch\\\/en\\\/product-category\\\/tcg-accessories\\\/storage\\\/everything\\\/\"},{\"@type\":\"ListItem\",\"position\":6,\"name\":\"Pok\u00e9mon &#8211; Evoli and Nachtara Twilight &#8211; Double Deck Box\"}]},{\"@type\":\"WebSite\",\"@id\":\"https:\\\/\\\/theuncommonshop.ch\\\/en\\\/#website\",\"url\":\"https:\\\/\\\/theuncommonshop.ch\\\/en\\\/\",\"name\":\"The Uncommon Shop\",\"description\":\"Magic, Pok\u00e9mon and Yu-gi-oh - The Uncommon Shop\",\"potentialAction\":[{\"@type\":\"SearchAction\",\"target\":{\"@type\":\"EntryPoint\",\"urlTemplate\":\"https:\\\/\\\/theuncommonshop.ch\\\/en\\\/?s={search_term_string}\"},\"query-input\":{\"@type\":\"PropertyValueSpecification\",\"valueRequired\":true,\"valueName\":\"search_term_string\"}}],\"inLanguage\":\"en-US\"}]}<\/script>\n<meta property=\"product:price:amount\" content=\"49.95\" \/>\n<meta property=\"product:price:currency\" content=\"CHF\" \/>\n<meta property=\"og:availability\" content=\"out of stock\" \/>\n<meta property=\"product:availability\" content=\"out of stock\" \/>\n<meta property=\"product:retailer_item_id\" content=\"Zub.XVI.B.TwilightDoubleDeckBox\" \/>\n<meta property=\"product:condition\" content=\"new\" \/>\n<!-- \/ Yoast SEO plugin. -->","yoast_head_json":{"title":"Buy Pok\u00e9mon - Evoli and Nachtara Twilight - Double Deck Box","description":"Shop Pok\u00e9mon - Evoli and Nachtara Twilight - Double Deck Box online at great prices now! Your #1 TCG & Pok\u00e9mon card shop in Switzerland \u2713 Free shipping from CHF 29","robots":{"index":"index","follow":"follow","max-snippet":"max-snippet:-1","max-image-preview":"max-image-preview:large","max-video-preview":"max-video-preview:-1"},"canonical":"https:\/\/theuncommonshop.ch\/en\/product\/pokemon-evoli-und-nachtara-twilight-double-deck-box-2\/","og_locale":"en_US","og_type":"article","og_title":"Buy Pok\u00e9mon - Evoli and Nachtara Twilight - Double Deck Box","og_description":"Shop Pok\u00e9mon - Evoli and Nachtara Twilight - Double Deck Box online at great prices now! Your #1 TCG & Pok\u00e9mon card shop in Switzerland \u2713 Free shipping from CHF 29","og_url":"https:\/\/theuncommonshop.ch\/en\/product\/pokemon-evoli-und-nachtara-twilight-double-deck-box-2\/","og_site_name":"The Uncommon Shop","article_modified_time":"2026-03-28T16:54:14+00:00","og_image":[{"width":1200,"height":1200,"url":"https:\/\/theuncommonshop.ch\/wp-content\/uploads\/2025\/06\/4487054677.jpg","type":"image\/jpeg"}],"twitter_card":"summary_large_image","twitter_misc":{"Price":"&#67;&#72;&#70;&nbsp;49.95","Availability":"Out of stock"},"schema":{"@context":"https:\/\/schema.org","@graph":[{"@type":"WebPage","@id":"https:\/\/theuncommonshop.ch\/en\/product\/pokemon-evoli-und-nachtara-twilight-double-deck-box-2\/","url":"https:\/\/theuncommonshop.ch\/en\/product\/pokemon-evoli-und-nachtara-twilight-double-deck-box-2\/","name":"Buy Pok\u00e9mon - Evoli and Nachtara Twilight - Double Deck Box","isPartOf":{"@id":"https:\/\/theuncommonshop.ch\/en\/#website"},"primaryImageOfPage":{"@id":"https:\/\/theuncommonshop.ch\/en\/product\/pokemon-evoli-und-nachtara-twilight-double-deck-box-2\/#primaryimage"},"image":{"@id":"https:\/\/theuncommonshop.ch\/en\/product\/pokemon-evoli-und-nachtara-twilight-double-deck-box-2\/#primaryimage"},"thumbnailUrl":"https:\/\/theuncommonshop.ch\/wp-content\/uploads\/2025\/06\/4487054677.jpg","datePublished":"2025-06-03T22:18:09+00:00","dateModified":"2026-03-28T16:54:14+00:00","description":"Shop Pok\u00e9mon - Evoli and Nachtara Twilight - Double Deck Box online at great prices now! Your #1 TCG & Pok\u00e9mon card shop in Switzerland \u2713 Free shipping from CHF 29","breadcrumb":{"@id":"https:\/\/theuncommonshop.ch\/en\/product\/pokemon-evoli-und-nachtara-twilight-double-deck-box-2\/#breadcrumb"},"inLanguage":"en-US","potentialAction":[{"@type":"ReadAction","target":["https:\/\/theuncommonshop.ch\/en\/product\/pokemon-evoli-und-nachtara-twilight-double-deck-box-2\/"]}]},{"@type":"ImageObject","inLanguage":"en-US","@id":"https:\/\/theuncommonshop.ch\/en\/product\/pokemon-evoli-und-nachtara-twilight-double-deck-box-2\/#primaryimage","url":"https:\/\/theuncommonshop.ch\/wp-content\/uploads\/2025\/06\/4487054677.jpg","contentUrl":"https:\/\/theuncommonshop.ch\/wp-content\/uploads\/2025\/06\/4487054677.jpg","width":1200,"height":1200},{"@type":"BreadcrumbList","@id":"https:\/\/theuncommonshop.ch\/en\/product\/pokemon-evoli-und-nachtara-twilight-double-deck-box-2\/#breadcrumb","itemListElement":[{"@type":"ListItem","position":1,"name":"Home","item":"https:\/\/theuncommonshop.ch\/en\/home\/"},{"@type":"ListItem","position":2,"name":"Store","item":"https:\/\/theuncommonshop.ch\/en\/store\/"},{"@type":"ListItem","position":3,"name":"TCG Accessories","item":"https:\/\/theuncommonshop.ch\/en\/product-category\/tcg-accessories\/"},{"@type":"ListItem","position":4,"name":"Storage","item":"https:\/\/theuncommonshop.ch\/en\/product-category\/tcg-accessories\/storage\/"},{"@type":"ListItem","position":5,"name":"Everything","item":"https:\/\/theuncommonshop.ch\/en\/product-category\/tcg-accessories\/storage\/everything\/"},{"@type":"ListItem","position":6,"name":"Pok\u00e9mon &#8211; Evoli and Nachtara Twilight &#8211; Double Deck Box"}]},{"@type":"WebSite","@id":"https:\/\/theuncommonshop.ch\/en\/#website","url":"https:\/\/theuncommonshop.ch\/en\/","name":"The Uncommon Shop","description":"Magic, Pok\u00e9mon and Yu-gi-oh - The Uncommon Shop","potentialAction":[{"@type":"SearchAction","target":{"@type":"EntryPoint","urlTemplate":"https:\/\/theuncommonshop.ch\/en\/?s={search_term_string}"},"query-input":{"@type":"PropertyValueSpecification","valueRequired":true,"valueName":"search_term_string"}}],"inLanguage":"en-US"}]},"product_price_amount":"49.95","product_price_currency":"CHF","og_availability":"out of stock","product_availability":"out of stock","product_retailer_item_id":"Zub.XVI.B.TwilightDoubleDeckBox","product_condition":"new"},"_links":{"self":[{"href":"https:\/\/theuncommonshop.ch\/en\/wp-json\/wp\/v2\/product\/327693","targetHints":{"allow":["GET"]}}],"collection":[{"href":"https:\/\/theuncommonshop.ch\/en\/wp-json\/wp\/v2\/product"}],"about":[{"href":"https:\/\/theuncommonshop.ch\/en\/wp-json\/wp\/v2\/types\/product"}],"replies":[{"embeddable":true,"href":"https:\/\/theuncommonshop.ch\/en\/wp-json\/wp\/v2\/comments?post=327693"}],"version-history":[{"count":0,"href":"https:\/\/theuncommonshop.ch\/en\/wp-json\/wp\/v2\/product\/327693\/revisions"}],"wp:featuredmedia":[{"embeddable":true,"href":"https:\/\/theuncommonshop.ch\/en\/wp-json\/wp\/v2\/media\/95605"}],"wp:attachment":[{"href":"https:\/\/theuncommonshop.ch\/en\/wp-json\/wp\/v2\/media?parent=327693"}],"wp:term":[{"taxonomy":"product_brand","embeddable":true,"href":"https:\/\/theuncommonshop.ch\/en\/wp-json\/wp\/v2\/product_brand?post=327693"},{"taxonomy":"product_cat","embeddable":true,"href":"https:\/\/theuncommonshop.ch\/en\/wp-json\/wp\/v2\/product_cat?post=327693"},{"taxonomy":"product_tag","embeddable":true,"href":"https:\/\/theuncommonshop.ch\/en\/wp-json\/wp\/v2\/product_tag?post=327693"}],"curies":[{"name":"wp","href":"https:\/\/api.w.org\/{rel}","templated":true}]}}