{"id":327376,"date":"2025-06-03T18:08:36","date_gmt":"2025-06-03T18:08:36","guid":{"rendered":"http:\/\/theuncommonshop.ch\/produkt\/327376\/"},"modified":"2026-03-31T19:39:22","modified_gmt":"2026-03-31T17:39:22","slug":"weiss-schwarz-power-up-set-the-melancholy-of-haruhi-suzumiya-en-3","status":"publish","type":"product","link":"https:\/\/theuncommonshop.ch\/en\/product\/weiss-schwarz-power-up-set-the-melancholy-of-haruhi-suzumiya-en-3\/","title":{"rendered":"Wei\u00df Schwarz &#8211; Power Up Set The Melancholy Of Haruhi Suzumiya"},"content":{"rendered":"<p>\u2606Product information\u2606<\/p>\n<div><\/div>\n<div>This set offers you card accessories to protect, store and transport your valuable decks of cards.<\/div>\n<div><\/div>\n<div>Each set contains the following components:<\/div>\n<div>Set-exclusive cards: 8 types x 4 pieces = 32 pieces (fixed assortment) \u203b1 of 4 pieces will be foil<\/div>\n<div>PR cards: 4 types x 4 pieces = 16 pieces (fixed assortment)<\/div>\n<div><\/div>\n<div>1x CARD TOP LOADER<\/div>\n<div>Specially made for the presentation of Weiss Schwarz cards!<\/div>\n<div>\u30fbSize: 100 x 77mm<\/div>\n<div><\/div>\n<div>1x DECK CASE<\/div>\n<div>\u30fbSize: 98 x 75 x 65mm<\/div>\n<div>Holds up to:<\/div>\n<div>\u30fb75x double-sided cards<\/div>\n<div>\u30fb65x triple sleeved cards<\/div>\n<div>\u203bAppreciated with Supply Set sleeves in conjunction with most inner\/outer sleeves<\/div>\n<div><\/div>\n<div>1x STORAGE BOX<\/div>\n<div>\u30fbSize: 78 x 168 x 106 mm<\/div>\n<div>Holds up to:<\/div>\n<div>\u30fb2x Deck Cases<\/div>\n<div><\/div>\n<div>\u300c48 cards + 1 deck case + 1 card holder + 1 storage box\u300dper set<\/div>\n<div>16 sets per box<\/div>\n<div><\/div>\n<div>NEO-STANDARD DECK CONSTRUCTION<\/div>\n<div>The cards in this Power Up Set can be used together with card numbers beginning with\u300cSY\/\u300d!<\/div>\n<div><\/div>\n<div>Compatible with the following Neo standard products<\/div>\n<div>&#8211; WSE rehearsal deck The melancholy of Haruhi Suzumiya<\/div>\n<div>&#8211; WSE Extra Booster The Melancholy of Haruhi Suzumiya<\/div>\n<div>&#8211; WSE Booster Pack The Melancholy of Haruhi Suzumiya<\/div>\n","protected":false},"excerpt":{"rendered":"<p>\u2606Product information\u2606 This set offers you card accessories to protect, store and transport your valuable decks of cards. Each set<\/p>\n","protected":false},"featured_media":86957,"comment_status":"open","ping_status":"closed","template":"","meta":{"_acf_changed":false},"product_brand":[5103],"product_cat":[10022,9792],"product_tag":[],"class_list":{"0":"post-327376","1":"product","2":"type-product","3":"status-publish","4":"has-post-thumbnail","6":"product_brand-bushiroad","7":"product_cat-boxes-and-collections-weiss-schwarz","8":"product_cat-weissschwarz","10":"first","11":"outofstock","12":"taxable","13":"shipping-taxable","14":"purchasable","15":"product-type-simple"},"acf":[],"yoast_head":"<!-- This site is optimized with the Yoast SEO plugin v27.4 - https:\/\/yoast.com\/product\/yoast-seo-wordpress\/ -->\n<title>Buy Wei\u00df Schwarz - Power Up Set The Melancholy Of Haruhi Suzumiya<\/title>\n<meta name=\"description\" content=\"Shop Wei\u00df Schwarz - Power Up Set The Melancholy Of Haruhi Suzumiya online at great prices now! Your #1 TCG &amp; Pok\u00e9mon card shop in Switzerland \u2713 Free shipping from CHF 29\" \/>\n<meta name=\"robots\" content=\"index, follow, max-snippet:-1, max-image-preview:large, max-video-preview:-1\" \/>\n<link rel=\"canonical\" href=\"https:\/\/theuncommonshop.ch\/en\/product\/weiss-schwarz-power-up-set-the-melancholy-of-haruhi-suzumiya-en-3\/\" \/>\n<meta property=\"og:locale\" content=\"en_US\" \/>\n<meta property=\"og:type\" content=\"article\" \/>\n<meta property=\"og:title\" content=\"Buy Wei\u00df Schwarz - Power Up Set The Melancholy Of Haruhi Suzumiya\" \/>\n<meta property=\"og:description\" content=\"Shop Wei\u00df Schwarz - Power Up Set The Melancholy Of Haruhi Suzumiya online at great prices now! Your #1 TCG &amp; Pok\u00e9mon card shop in Switzerland \u2713 Free shipping from CHF 29\" \/>\n<meta property=\"og:url\" content=\"https:\/\/theuncommonshop.ch\/en\/product\/weiss-schwarz-power-up-set-the-melancholy-of-haruhi-suzumiya-en-3\/\" \/>\n<meta property=\"og:site_name\" content=\"Largest trading card shop in Switzerland\" \/>\n<meta property=\"article:modified_time\" content=\"2026-03-31T17:39:22+00:00\" \/>\n<meta property=\"og:image\" content=\"https:\/\/theuncommonshop.ch\/wp-content\/uploads\/2025\/06\/3321413532.jpg\" \/>\n\t<meta property=\"og:image:width\" content=\"350\" \/>\n\t<meta property=\"og:image:height\" content=\"350\" \/>\n\t<meta property=\"og:image:type\" content=\"image\/jpeg\" \/>\n<meta name=\"twitter:card\" content=\"summary_large_image\" \/>\n<meta name=\"twitter:label1\" content=\"Price\" \/>\n\t<meta name=\"twitter:data1\" content=\"&#067;&#072;&#070;&nbsp;64.95\" \/>\n\t<meta name=\"twitter:label2\" content=\"Availability\" \/>\n\t<meta name=\"twitter:data2\" content=\"Out of stock\" \/>\n<script type=\"application\/ld+json\" class=\"yoast-schema-graph\">{\"@context\":\"https:\\\/\\\/schema.org\",\"@graph\":[{\"@type\":\"WebPage\",\"@id\":\"https:\\\/\\\/theuncommonshop.ch\\\/en\\\/product\\\/weiss-schwarz-power-up-set-the-melancholy-of-haruhi-suzumiya-en-3\\\/\",\"url\":\"https:\\\/\\\/theuncommonshop.ch\\\/en\\\/product\\\/weiss-schwarz-power-up-set-the-melancholy-of-haruhi-suzumiya-en-3\\\/\",\"name\":\"Buy Wei\u00df Schwarz - Power Up Set The Melancholy Of Haruhi Suzumiya\",\"isPartOf\":{\"@id\":\"https:\\\/\\\/theuncommonshop.ch\\\/#website\"},\"primaryImageOfPage\":{\"@id\":\"https:\\\/\\\/theuncommonshop.ch\\\/en\\\/product\\\/weiss-schwarz-power-up-set-the-melancholy-of-haruhi-suzumiya-en-3\\\/#primaryimage\"},\"image\":{\"@id\":\"https:\\\/\\\/theuncommonshop.ch\\\/en\\\/product\\\/weiss-schwarz-power-up-set-the-melancholy-of-haruhi-suzumiya-en-3\\\/#primaryimage\"},\"thumbnailUrl\":\"https:\\\/\\\/theuncommonshop.ch\\\/wp-content\\\/uploads\\\/2025\\\/06\\\/3321413532.jpg\",\"datePublished\":\"2025-06-03T18:08:36+00:00\",\"dateModified\":\"2026-03-31T17:39:22+00:00\",\"description\":\"Shop Wei\u00df Schwarz - Power Up Set The Melancholy Of Haruhi Suzumiya online at great prices now! Your #1 TCG & Pok\u00e9mon card shop in Switzerland \u2713 Free shipping from CHF 29\",\"breadcrumb\":{\"@id\":\"https:\\\/\\\/theuncommonshop.ch\\\/en\\\/product\\\/weiss-schwarz-power-up-set-the-melancholy-of-haruhi-suzumiya-en-3\\\/#breadcrumb\"},\"inLanguage\":\"en-US\",\"potentialAction\":[{\"@type\":\"ReadAction\",\"target\":[\"https:\\\/\\\/theuncommonshop.ch\\\/en\\\/product\\\/weiss-schwarz-power-up-set-the-melancholy-of-haruhi-suzumiya-en-3\\\/\"]}]},{\"@type\":\"ImageObject\",\"inLanguage\":\"en-US\",\"@id\":\"https:\\\/\\\/theuncommonshop.ch\\\/en\\\/product\\\/weiss-schwarz-power-up-set-the-melancholy-of-haruhi-suzumiya-en-3\\\/#primaryimage\",\"url\":\"https:\\\/\\\/theuncommonshop.ch\\\/wp-content\\\/uploads\\\/2025\\\/06\\\/3321413532.jpg\",\"contentUrl\":\"https:\\\/\\\/theuncommonshop.ch\\\/wp-content\\\/uploads\\\/2025\\\/06\\\/3321413532.jpg\",\"width\":350,\"height\":350},{\"@type\":\"BreadcrumbList\",\"@id\":\"https:\\\/\\\/theuncommonshop.ch\\\/en\\\/product\\\/weiss-schwarz-power-up-set-the-melancholy-of-haruhi-suzumiya-en-3\\\/#breadcrumb\",\"itemListElement\":[{\"@type\":\"ListItem\",\"position\":1,\"name\":\"Home\",\"item\":\"https:\\\/\\\/theuncommonshop.ch\\\/en\\\/home\\\/\"},{\"@type\":\"ListItem\",\"position\":2,\"name\":\"Store\",\"item\":\"https:\\\/\\\/theuncommonshop.ch\\\/en\\\/store\\\/\"},{\"@type\":\"ListItem\",\"position\":3,\"name\":\"Weitere Sammelkarten\",\"item\":\"https:\\\/\\\/theuncommonshop.ch\\\/produktkategorie\\\/weitere-sammelkarten\\\/\"},{\"@type\":\"ListItem\",\"position\":4,\"name\":\"Weiss\\\/Schwarz\",\"item\":\"https:\\\/\\\/theuncommonshop.ch\\\/produktkategorie\\\/weitere-sammelkarten\\\/weiss-schwarz\\\/\"},{\"@type\":\"ListItem\",\"position\":5,\"name\":\"Boxen &amp; Kollektionen\",\"item\":\"https:\\\/\\\/theuncommonshop.ch\\\/produktkategorie\\\/weitere-sammelkarten\\\/weiss-schwarz\\\/weissschwarz-boxes\\\/\"},{\"@type\":\"ListItem\",\"position\":6,\"name\":\"Wei\u00df Schwarz &#8211; Power Up Set The Melancholy Of Haruhi Suzumiya\"}]},{\"@type\":\"WebSite\",\"@id\":\"https:\\\/\\\/theuncommonshop.ch\\\/#website\",\"url\":\"https:\\\/\\\/theuncommonshop.ch\\\/\",\"name\":\"Largest trading card shop in Switzerland\",\"description\":\"Magic, Pok\u00e9mon and Yu-gi-oh - The Uncommon Shop\",\"potentialAction\":[{\"@type\":\"SearchAction\",\"target\":{\"@type\":\"EntryPoint\",\"urlTemplate\":\"https:\\\/\\\/theuncommonshop.ch\\\/?s={search_term_string}\"},\"query-input\":{\"@type\":\"PropertyValueSpecification\",\"valueRequired\":true,\"valueName\":\"search_term_string\"}}],\"inLanguage\":\"en-US\"}]}<\/script>\n<meta property=\"product:price:amount\" content=\"64.95\" \/>\n<meta property=\"product:price:currency\" content=\"CHF\" \/>\n<meta property=\"og:availability\" content=\"out of stock\" \/>\n<meta property=\"product:availability\" content=\"out of stock\" \/>\n<meta property=\"product:retailer_item_id\" content=\"WS.I.A.Melan.EN\" \/>\n<meta property=\"product:condition\" content=\"new\" \/>\n<!-- \/ Yoast SEO plugin. -->","yoast_head_json":{"title":"Buy Wei\u00df Schwarz - Power Up Set The Melancholy Of Haruhi Suzumiya","description":"Shop Wei\u00df Schwarz - Power Up Set The Melancholy Of Haruhi Suzumiya online at great prices now! Your #1 TCG & Pok\u00e9mon card shop in Switzerland \u2713 Free shipping from CHF 29","robots":{"index":"index","follow":"follow","max-snippet":"max-snippet:-1","max-image-preview":"max-image-preview:large","max-video-preview":"max-video-preview:-1"},"canonical":"https:\/\/theuncommonshop.ch\/en\/product\/weiss-schwarz-power-up-set-the-melancholy-of-haruhi-suzumiya-en-3\/","og_locale":"en_US","og_type":"article","og_title":"Buy Wei\u00df Schwarz - Power Up Set The Melancholy Of Haruhi Suzumiya","og_description":"Shop Wei\u00df Schwarz - Power Up Set The Melancholy Of Haruhi Suzumiya online at great prices now! Your #1 TCG & Pok\u00e9mon card shop in Switzerland \u2713 Free shipping from CHF 29","og_url":"https:\/\/theuncommonshop.ch\/en\/product\/weiss-schwarz-power-up-set-the-melancholy-of-haruhi-suzumiya-en-3\/","og_site_name":"Largest trading card shop in Switzerland","article_modified_time":"2026-03-31T17:39:22+00:00","og_image":[{"width":350,"height":350,"url":"https:\/\/theuncommonshop.ch\/wp-content\/uploads\/2025\/06\/3321413532.jpg","type":"image\/jpeg"}],"twitter_card":"summary_large_image","twitter_misc":{"Price":"&#67;&#72;&#70;&nbsp;64.95","Availability":"Out of stock"},"schema":{"@context":"https:\/\/schema.org","@graph":[{"@type":"WebPage","@id":"https:\/\/theuncommonshop.ch\/en\/product\/weiss-schwarz-power-up-set-the-melancholy-of-haruhi-suzumiya-en-3\/","url":"https:\/\/theuncommonshop.ch\/en\/product\/weiss-schwarz-power-up-set-the-melancholy-of-haruhi-suzumiya-en-3\/","name":"Buy Wei\u00df Schwarz - Power Up Set The Melancholy Of Haruhi Suzumiya","isPartOf":{"@id":"https:\/\/theuncommonshop.ch\/#website"},"primaryImageOfPage":{"@id":"https:\/\/theuncommonshop.ch\/en\/product\/weiss-schwarz-power-up-set-the-melancholy-of-haruhi-suzumiya-en-3\/#primaryimage"},"image":{"@id":"https:\/\/theuncommonshop.ch\/en\/product\/weiss-schwarz-power-up-set-the-melancholy-of-haruhi-suzumiya-en-3\/#primaryimage"},"thumbnailUrl":"https:\/\/theuncommonshop.ch\/wp-content\/uploads\/2025\/06\/3321413532.jpg","datePublished":"2025-06-03T18:08:36+00:00","dateModified":"2026-03-31T17:39:22+00:00","description":"Shop Wei\u00df Schwarz - Power Up Set The Melancholy Of Haruhi Suzumiya online at great prices now! Your #1 TCG & Pok\u00e9mon card shop in Switzerland \u2713 Free shipping from CHF 29","breadcrumb":{"@id":"https:\/\/theuncommonshop.ch\/en\/product\/weiss-schwarz-power-up-set-the-melancholy-of-haruhi-suzumiya-en-3\/#breadcrumb"},"inLanguage":"en-US","potentialAction":[{"@type":"ReadAction","target":["https:\/\/theuncommonshop.ch\/en\/product\/weiss-schwarz-power-up-set-the-melancholy-of-haruhi-suzumiya-en-3\/"]}]},{"@type":"ImageObject","inLanguage":"en-US","@id":"https:\/\/theuncommonshop.ch\/en\/product\/weiss-schwarz-power-up-set-the-melancholy-of-haruhi-suzumiya-en-3\/#primaryimage","url":"https:\/\/theuncommonshop.ch\/wp-content\/uploads\/2025\/06\/3321413532.jpg","contentUrl":"https:\/\/theuncommonshop.ch\/wp-content\/uploads\/2025\/06\/3321413532.jpg","width":350,"height":350},{"@type":"BreadcrumbList","@id":"https:\/\/theuncommonshop.ch\/en\/product\/weiss-schwarz-power-up-set-the-melancholy-of-haruhi-suzumiya-en-3\/#breadcrumb","itemListElement":[{"@type":"ListItem","position":1,"name":"Home","item":"https:\/\/theuncommonshop.ch\/en\/home\/"},{"@type":"ListItem","position":2,"name":"Store","item":"https:\/\/theuncommonshop.ch\/en\/store\/"},{"@type":"ListItem","position":3,"name":"Weitere Sammelkarten","item":"https:\/\/theuncommonshop.ch\/produktkategorie\/weitere-sammelkarten\/"},{"@type":"ListItem","position":4,"name":"Weiss\/Schwarz","item":"https:\/\/theuncommonshop.ch\/produktkategorie\/weitere-sammelkarten\/weiss-schwarz\/"},{"@type":"ListItem","position":5,"name":"Boxen &amp; Kollektionen","item":"https:\/\/theuncommonshop.ch\/produktkategorie\/weitere-sammelkarten\/weiss-schwarz\/weissschwarz-boxes\/"},{"@type":"ListItem","position":6,"name":"Wei\u00df Schwarz &#8211; Power Up Set The Melancholy Of Haruhi Suzumiya"}]},{"@type":"WebSite","@id":"https:\/\/theuncommonshop.ch\/#website","url":"https:\/\/theuncommonshop.ch\/","name":"Largest trading card shop in Switzerland","description":"Magic, Pok\u00e9mon and Yu-gi-oh - The Uncommon Shop","potentialAction":[{"@type":"SearchAction","target":{"@type":"EntryPoint","urlTemplate":"https:\/\/theuncommonshop.ch\/?s={search_term_string}"},"query-input":{"@type":"PropertyValueSpecification","valueRequired":true,"valueName":"search_term_string"}}],"inLanguage":"en-US"}]},"product_price_amount":"64.95","product_price_currency":"CHF","og_availability":"out of stock","product_availability":"out of stock","product_retailer_item_id":"WS.I.A.Melan.EN","product_condition":"new"},"_links":{"self":[{"href":"https:\/\/theuncommonshop.ch\/en\/wp-json\/wp\/v2\/product\/327376","targetHints":{"allow":["GET"]}}],"collection":[{"href":"https:\/\/theuncommonshop.ch\/en\/wp-json\/wp\/v2\/product"}],"about":[{"href":"https:\/\/theuncommonshop.ch\/en\/wp-json\/wp\/v2\/types\/product"}],"replies":[{"embeddable":true,"href":"https:\/\/theuncommonshop.ch\/en\/wp-json\/wp\/v2\/comments?post=327376"}],"version-history":[{"count":2,"href":"https:\/\/theuncommonshop.ch\/en\/wp-json\/wp\/v2\/product\/327376\/revisions"}],"predecessor-version":[{"id":365445,"href":"https:\/\/theuncommonshop.ch\/en\/wp-json\/wp\/v2\/product\/327376\/revisions\/365445"}],"wp:featuredmedia":[{"embeddable":true,"href":"https:\/\/theuncommonshop.ch\/en\/wp-json\/wp\/v2\/media\/86957"}],"wp:attachment":[{"href":"https:\/\/theuncommonshop.ch\/en\/wp-json\/wp\/v2\/media?parent=327376"}],"wp:term":[{"taxonomy":"product_brand","embeddable":true,"href":"https:\/\/theuncommonshop.ch\/en\/wp-json\/wp\/v2\/product_brand?post=327376"},{"taxonomy":"product_cat","embeddable":true,"href":"https:\/\/theuncommonshop.ch\/en\/wp-json\/wp\/v2\/product_cat?post=327376"},{"taxonomy":"product_tag","embeddable":true,"href":"https:\/\/theuncommonshop.ch\/en\/wp-json\/wp\/v2\/product_tag?post=327376"}],"curies":[{"name":"wp","href":"https:\/\/api.w.org\/{rel}","templated":true}]}}