{"id":327061,"date":"2025-06-03T13:03:58","date_gmt":"2025-06-03T13:03:58","guid":{"rendered":"http:\/\/theuncommonshop.ch\/produkt\/327061\/"},"modified":"2026-03-31T19:33:57","modified_gmt":"2026-03-31T17:33:57","slug":"weiss-schwarz-attack-on-titan-vol-2-booster-display-reprint-20-packs-en-3","status":"publish","type":"product","link":"https:\/\/theuncommonshop.ch\/en\/product\/weiss-schwarz-attack-on-titan-vol-2-booster-display-reprint-20-packs-en-3\/","title":{"rendered":"Wei\u00df Schwarz &#8211; Attack on Titan: Vol.2 Booster Display Reprint (20 Packs)"},"content":{"rendered":"<p><strong>REPRINT<\/strong><\/p>\n<p>Despair has returned!<\/p>\n<p>Join in the fight on the Weiss Schwarz stage and resist the attack!!!<\/p>\n<p>7 types of SP Hot Stamp signed cards from the various Japanese voice cast are randomly inserted in packs!!!<br \/>&#8211; Eren : Yuki Kaji<br \/>&#8211; Mikasa : Yui Ishikawa<br \/>&#8211; Armin : Marina Inoue<br \/>&#8211; Levi : Hiroshi Kamiya<br \/>&#8211; Hanji : Romi Park<br \/>&#8211; Sasha : Yu Kobayashi<br \/>&#8211; Christa : Shiori Mikami<\/p>\n<p>Product Specifications<br \/>100 types of cards + 23 parallels<br \/>8 cards per pack<\/p>\n<p>\u203bPlease be informed that any cancellation of orders will not be accepted after the order deadline has passed.<br \/>\u203bPlease take note that the playmats in the 1st edition will not be included in both reprints.<br \/>\u203bWhite Black English Edition does not include gold\/silver campaign coupon.<\/p>\n","protected":false},"excerpt":{"rendered":"<p>REPRINT Despair has returned! Join in the fight on the Weiss Schwarz stage and resist the attack!!! 7 types of<\/p>\n","protected":false},"featured_media":79448,"comment_status":"open","ping_status":"closed","template":"","meta":{"_acf_changed":false},"product_brand":[5103],"product_cat":[10020,9792],"product_tag":[],"class_list":{"0":"post-327061","1":"product","2":"type-product","3":"status-publish","4":"has-post-thumbnail","6":"product_brand-bushiroad","7":"product_cat-booster-displays-weiss-schwarz","8":"product_cat-weissschwarz","10":"first","11":"outofstock","12":"taxable","13":"shipping-taxable","14":"purchasable","15":"product-type-simple"},"acf":[],"yoast_head":"<!-- This site is optimized with the Yoast SEO plugin v27.4 - https:\/\/yoast.com\/product\/yoast-seo-wordpress\/ -->\n<title>Buy Wei\u00df Schwarz - Attack on Titan: Vol.2 Booster Display Reprint (20 Packs)<\/title>\n<meta name=\"description\" content=\"Shop Wei\u00df Schwarz - Attack on Titan: Vol.2 Booster Display Reprint (20 Packs) online at great prices now! Your #1 TCG &amp; Pok\u00e9mon card shop in Switzerland \u2713 Free shipping from CHF 29\" \/>\n<meta name=\"robots\" content=\"index, follow, max-snippet:-1, max-image-preview:large, max-video-preview:-1\" \/>\n<link rel=\"canonical\" href=\"https:\/\/theuncommonshop.ch\/en\/product\/weiss-schwarz-attack-on-titan-vol-2-booster-display-reprint-20-packs-en-3\/\" \/>\n<meta property=\"og:locale\" content=\"en_US\" \/>\n<meta property=\"og:type\" content=\"article\" \/>\n<meta property=\"og:title\" content=\"Buy Wei\u00df Schwarz - Attack on Titan: Vol.2 Booster Display Reprint (20 Packs)\" \/>\n<meta property=\"og:description\" content=\"Shop Wei\u00df Schwarz - Attack on Titan: Vol.2 Booster Display Reprint (20 Packs) online at great prices now! Your #1 TCG &amp; Pok\u00e9mon card shop in Switzerland \u2713 Free shipping from CHF 29\" \/>\n<meta property=\"og:url\" content=\"https:\/\/theuncommonshop.ch\/en\/product\/weiss-schwarz-attack-on-titan-vol-2-booster-display-reprint-20-packs-en-3\/\" \/>\n<meta property=\"og:site_name\" content=\"Largest trading card shop in Switzerland\" \/>\n<meta property=\"article:modified_time\" content=\"2026-03-31T17:33:57+00:00\" \/>\n<meta property=\"og:image\" content=\"https:\/\/theuncommonshop.ch\/wp-content\/uploads\/2025\/06\/3130039747.jpg\" \/>\n\t<meta property=\"og:image:width\" content=\"230\" \/>\n\t<meta property=\"og:image:height\" content=\"322\" \/>\n\t<meta property=\"og:image:type\" content=\"image\/jpeg\" \/>\n<meta name=\"twitter:card\" content=\"summary_large_image\" \/>\n<meta name=\"twitter:label1\" content=\"Price\" \/>\n\t<meta name=\"twitter:data1\" content=\"&#067;&#072;&#070;&nbsp;89.95\" \/>\n\t<meta name=\"twitter:label2\" content=\"Availability\" \/>\n\t<meta name=\"twitter:data2\" content=\"Out of stock\" \/>\n<script type=\"application\/ld+json\" class=\"yoast-schema-graph\">{\"@context\":\"https:\\\/\\\/schema.org\",\"@graph\":[{\"@type\":\"WebPage\",\"@id\":\"https:\\\/\\\/theuncommonshop.ch\\\/en\\\/product\\\/weiss-schwarz-attack-on-titan-vol-2-booster-display-reprint-20-packs-en-3\\\/\",\"url\":\"https:\\\/\\\/theuncommonshop.ch\\\/en\\\/product\\\/weiss-schwarz-attack-on-titan-vol-2-booster-display-reprint-20-packs-en-3\\\/\",\"name\":\"Buy Wei\u00df Schwarz - Attack on Titan: Vol.2 Booster Display Reprint (20 Packs)\",\"isPartOf\":{\"@id\":\"https:\\\/\\\/theuncommonshop.ch\\\/#website\"},\"primaryImageOfPage\":{\"@id\":\"https:\\\/\\\/theuncommonshop.ch\\\/en\\\/product\\\/weiss-schwarz-attack-on-titan-vol-2-booster-display-reprint-20-packs-en-3\\\/#primaryimage\"},\"image\":{\"@id\":\"https:\\\/\\\/theuncommonshop.ch\\\/en\\\/product\\\/weiss-schwarz-attack-on-titan-vol-2-booster-display-reprint-20-packs-en-3\\\/#primaryimage\"},\"thumbnailUrl\":\"https:\\\/\\\/theuncommonshop.ch\\\/wp-content\\\/uploads\\\/2025\\\/06\\\/3130039747.jpg\",\"datePublished\":\"2025-06-03T13:03:58+00:00\",\"dateModified\":\"2026-03-31T17:33:57+00:00\",\"description\":\"Shop Wei\u00df Schwarz - Attack on Titan: Vol.2 Booster Display Reprint (20 Packs) online at great prices now! Your #1 TCG & Pok\u00e9mon card shop in Switzerland \u2713 Free shipping from CHF 29\",\"breadcrumb\":{\"@id\":\"https:\\\/\\\/theuncommonshop.ch\\\/en\\\/product\\\/weiss-schwarz-attack-on-titan-vol-2-booster-display-reprint-20-packs-en-3\\\/#breadcrumb\"},\"inLanguage\":\"en-US\",\"potentialAction\":[{\"@type\":\"ReadAction\",\"target\":[\"https:\\\/\\\/theuncommonshop.ch\\\/en\\\/product\\\/weiss-schwarz-attack-on-titan-vol-2-booster-display-reprint-20-packs-en-3\\\/\"]}]},{\"@type\":\"ImageObject\",\"inLanguage\":\"en-US\",\"@id\":\"https:\\\/\\\/theuncommonshop.ch\\\/en\\\/product\\\/weiss-schwarz-attack-on-titan-vol-2-booster-display-reprint-20-packs-en-3\\\/#primaryimage\",\"url\":\"https:\\\/\\\/theuncommonshop.ch\\\/wp-content\\\/uploads\\\/2025\\\/06\\\/3130039747.jpg\",\"contentUrl\":\"https:\\\/\\\/theuncommonshop.ch\\\/wp-content\\\/uploads\\\/2025\\\/06\\\/3130039747.jpg\",\"width\":230,\"height\":322},{\"@type\":\"BreadcrumbList\",\"@id\":\"https:\\\/\\\/theuncommonshop.ch\\\/en\\\/product\\\/weiss-schwarz-attack-on-titan-vol-2-booster-display-reprint-20-packs-en-3\\\/#breadcrumb\",\"itemListElement\":[{\"@type\":\"ListItem\",\"position\":1,\"name\":\"Home\",\"item\":\"https:\\\/\\\/theuncommonshop.ch\\\/en\\\/home\\\/\"},{\"@type\":\"ListItem\",\"position\":2,\"name\":\"Store\",\"item\":\"https:\\\/\\\/theuncommonshop.ch\\\/en\\\/store\\\/\"},{\"@type\":\"ListItem\",\"position\":3,\"name\":\"Weitere Sammelkarten\",\"item\":\"https:\\\/\\\/theuncommonshop.ch\\\/produktkategorie\\\/weitere-sammelkarten\\\/\"},{\"@type\":\"ListItem\",\"position\":4,\"name\":\"Weiss\\\/Schwarz\",\"item\":\"https:\\\/\\\/theuncommonshop.ch\\\/produktkategorie\\\/weitere-sammelkarten\\\/weiss-schwarz\\\/\"},{\"@type\":\"ListItem\",\"position\":5,\"name\":\"Booster Displays\",\"item\":\"https:\\\/\\\/theuncommonshop.ch\\\/produktkategorie\\\/weitere-sammelkarten\\\/weiss-schwarz\\\/weissschwarz-booster-displays\\\/\"},{\"@type\":\"ListItem\",\"position\":6,\"name\":\"Wei\u00df Schwarz &#8211; Attack on Titan: Vol.2 Booster Display Reprint (20 Packs)\"}]},{\"@type\":\"WebSite\",\"@id\":\"https:\\\/\\\/theuncommonshop.ch\\\/#website\",\"url\":\"https:\\\/\\\/theuncommonshop.ch\\\/\",\"name\":\"Largest trading card shop in Switzerland\",\"description\":\"Magic, Pok\u00e9mon and Yu-gi-oh - The Uncommon Shop\",\"potentialAction\":[{\"@type\":\"SearchAction\",\"target\":{\"@type\":\"EntryPoint\",\"urlTemplate\":\"https:\\\/\\\/theuncommonshop.ch\\\/?s={search_term_string}\"},\"query-input\":{\"@type\":\"PropertyValueSpecification\",\"valueRequired\":true,\"valueName\":\"search_term_string\"}}],\"inLanguage\":\"en-US\"}]}<\/script>\n<meta property=\"product:price:amount\" content=\"89.95\" \/>\n<meta property=\"product:price:currency\" content=\"CHF\" \/>\n<meta property=\"og:availability\" content=\"out of stock\" \/>\n<meta property=\"product:availability\" content=\"out of stock\" \/>\n<meta property=\"product:retailer_item_id\" content=\"WS.I.D.AoTII.EN\" \/>\n<meta property=\"product:condition\" content=\"new\" \/>\n<!-- \/ Yoast SEO plugin. -->","yoast_head_json":{"title":"Buy Wei\u00df Schwarz - Attack on Titan: Vol.2 Booster Display Reprint (20 Packs)","description":"Shop Wei\u00df Schwarz - Attack on Titan: Vol.2 Booster Display Reprint (20 Packs) online at great prices now! Your #1 TCG & Pok\u00e9mon card shop in Switzerland \u2713 Free shipping from CHF 29","robots":{"index":"index","follow":"follow","max-snippet":"max-snippet:-1","max-image-preview":"max-image-preview:large","max-video-preview":"max-video-preview:-1"},"canonical":"https:\/\/theuncommonshop.ch\/en\/product\/weiss-schwarz-attack-on-titan-vol-2-booster-display-reprint-20-packs-en-3\/","og_locale":"en_US","og_type":"article","og_title":"Buy Wei\u00df Schwarz - Attack on Titan: Vol.2 Booster Display Reprint (20 Packs)","og_description":"Shop Wei\u00df Schwarz - Attack on Titan: Vol.2 Booster Display Reprint (20 Packs) online at great prices now! Your #1 TCG & Pok\u00e9mon card shop in Switzerland \u2713 Free shipping from CHF 29","og_url":"https:\/\/theuncommonshop.ch\/en\/product\/weiss-schwarz-attack-on-titan-vol-2-booster-display-reprint-20-packs-en-3\/","og_site_name":"Largest trading card shop in Switzerland","article_modified_time":"2026-03-31T17:33:57+00:00","og_image":[{"width":230,"height":322,"url":"https:\/\/theuncommonshop.ch\/wp-content\/uploads\/2025\/06\/3130039747.jpg","type":"image\/jpeg"}],"twitter_card":"summary_large_image","twitter_misc":{"Price":"&#67;&#72;&#70;&nbsp;89.95","Availability":"Out of stock"},"schema":{"@context":"https:\/\/schema.org","@graph":[{"@type":"WebPage","@id":"https:\/\/theuncommonshop.ch\/en\/product\/weiss-schwarz-attack-on-titan-vol-2-booster-display-reprint-20-packs-en-3\/","url":"https:\/\/theuncommonshop.ch\/en\/product\/weiss-schwarz-attack-on-titan-vol-2-booster-display-reprint-20-packs-en-3\/","name":"Buy Wei\u00df Schwarz - Attack on Titan: Vol.2 Booster Display Reprint (20 Packs)","isPartOf":{"@id":"https:\/\/theuncommonshop.ch\/#website"},"primaryImageOfPage":{"@id":"https:\/\/theuncommonshop.ch\/en\/product\/weiss-schwarz-attack-on-titan-vol-2-booster-display-reprint-20-packs-en-3\/#primaryimage"},"image":{"@id":"https:\/\/theuncommonshop.ch\/en\/product\/weiss-schwarz-attack-on-titan-vol-2-booster-display-reprint-20-packs-en-3\/#primaryimage"},"thumbnailUrl":"https:\/\/theuncommonshop.ch\/wp-content\/uploads\/2025\/06\/3130039747.jpg","datePublished":"2025-06-03T13:03:58+00:00","dateModified":"2026-03-31T17:33:57+00:00","description":"Shop Wei\u00df Schwarz - Attack on Titan: Vol.2 Booster Display Reprint (20 Packs) online at great prices now! Your #1 TCG & Pok\u00e9mon card shop in Switzerland \u2713 Free shipping from CHF 29","breadcrumb":{"@id":"https:\/\/theuncommonshop.ch\/en\/product\/weiss-schwarz-attack-on-titan-vol-2-booster-display-reprint-20-packs-en-3\/#breadcrumb"},"inLanguage":"en-US","potentialAction":[{"@type":"ReadAction","target":["https:\/\/theuncommonshop.ch\/en\/product\/weiss-schwarz-attack-on-titan-vol-2-booster-display-reprint-20-packs-en-3\/"]}]},{"@type":"ImageObject","inLanguage":"en-US","@id":"https:\/\/theuncommonshop.ch\/en\/product\/weiss-schwarz-attack-on-titan-vol-2-booster-display-reprint-20-packs-en-3\/#primaryimage","url":"https:\/\/theuncommonshop.ch\/wp-content\/uploads\/2025\/06\/3130039747.jpg","contentUrl":"https:\/\/theuncommonshop.ch\/wp-content\/uploads\/2025\/06\/3130039747.jpg","width":230,"height":322},{"@type":"BreadcrumbList","@id":"https:\/\/theuncommonshop.ch\/en\/product\/weiss-schwarz-attack-on-titan-vol-2-booster-display-reprint-20-packs-en-3\/#breadcrumb","itemListElement":[{"@type":"ListItem","position":1,"name":"Home","item":"https:\/\/theuncommonshop.ch\/en\/home\/"},{"@type":"ListItem","position":2,"name":"Store","item":"https:\/\/theuncommonshop.ch\/en\/store\/"},{"@type":"ListItem","position":3,"name":"Weitere Sammelkarten","item":"https:\/\/theuncommonshop.ch\/produktkategorie\/weitere-sammelkarten\/"},{"@type":"ListItem","position":4,"name":"Weiss\/Schwarz","item":"https:\/\/theuncommonshop.ch\/produktkategorie\/weitere-sammelkarten\/weiss-schwarz\/"},{"@type":"ListItem","position":5,"name":"Booster Displays","item":"https:\/\/theuncommonshop.ch\/produktkategorie\/weitere-sammelkarten\/weiss-schwarz\/weissschwarz-booster-displays\/"},{"@type":"ListItem","position":6,"name":"Wei\u00df Schwarz &#8211; Attack on Titan: Vol.2 Booster Display Reprint (20 Packs)"}]},{"@type":"WebSite","@id":"https:\/\/theuncommonshop.ch\/#website","url":"https:\/\/theuncommonshop.ch\/","name":"Largest trading card shop in Switzerland","description":"Magic, Pok\u00e9mon and Yu-gi-oh - The Uncommon Shop","potentialAction":[{"@type":"SearchAction","target":{"@type":"EntryPoint","urlTemplate":"https:\/\/theuncommonshop.ch\/?s={search_term_string}"},"query-input":{"@type":"PropertyValueSpecification","valueRequired":true,"valueName":"search_term_string"}}],"inLanguage":"en-US"}]},"product_price_amount":"89.95","product_price_currency":"CHF","og_availability":"out of stock","product_availability":"out of stock","product_retailer_item_id":"WS.I.D.AoTII.EN","product_condition":"new"},"_links":{"self":[{"href":"https:\/\/theuncommonshop.ch\/en\/wp-json\/wp\/v2\/product\/327061","targetHints":{"allow":["GET"]}}],"collection":[{"href":"https:\/\/theuncommonshop.ch\/en\/wp-json\/wp\/v2\/product"}],"about":[{"href":"https:\/\/theuncommonshop.ch\/en\/wp-json\/wp\/v2\/types\/product"}],"replies":[{"embeddable":true,"href":"https:\/\/theuncommonshop.ch\/en\/wp-json\/wp\/v2\/comments?post=327061"}],"version-history":[{"count":3,"href":"https:\/\/theuncommonshop.ch\/en\/wp-json\/wp\/v2\/product\/327061\/revisions"}],"predecessor-version":[{"id":365418,"href":"https:\/\/theuncommonshop.ch\/en\/wp-json\/wp\/v2\/product\/327061\/revisions\/365418"}],"wp:featuredmedia":[{"embeddable":true,"href":"https:\/\/theuncommonshop.ch\/en\/wp-json\/wp\/v2\/media\/79448"}],"wp:attachment":[{"href":"https:\/\/theuncommonshop.ch\/en\/wp-json\/wp\/v2\/media?parent=327061"}],"wp:term":[{"taxonomy":"product_brand","embeddable":true,"href":"https:\/\/theuncommonshop.ch\/en\/wp-json\/wp\/v2\/product_brand?post=327061"},{"taxonomy":"product_cat","embeddable":true,"href":"https:\/\/theuncommonshop.ch\/en\/wp-json\/wp\/v2\/product_cat?post=327061"},{"taxonomy":"product_tag","embeddable":true,"href":"https:\/\/theuncommonshop.ch\/en\/wp-json\/wp\/v2\/product_tag?post=327061"}],"curies":[{"name":"wp","href":"https:\/\/api.w.org\/{rel}","templated":true}]}}