{"id":326868,"date":"2025-06-03T13:20:17","date_gmt":"2025-06-03T11:20:17","guid":{"rendered":"http:\/\/theuncommonshop.ch\/produkt\/326868\/"},"modified":"2026-03-28T17:33:32","modified_gmt":"2026-03-28T16:33:32","slug":"pokemon-sun-moon-pikachu-zekrom-gx-tag-team-tin-3","status":"publish","type":"product","link":"https:\/\/theuncommonshop.ch\/en\/product\/pokemon-sun-moon-pikachu-zekrom-gx-tag-team-tin-3\/","title":{"rendered":"Pok\u00e9mon &#8211; Sun &amp; Moon &#8211; Pikachu &amp; Zekrom GX Tag Team &#8211; Tin"},"content":{"rendered":"<p><strong>Pok\u00e9mon TAG TEAM Pikachu &amp; Zekrom GX Tin Box<\/strong><\/p>\n<p>The new TAG TEAM cards introduced in the Pok\u00e9mon Trading Card Game expansion Sonne &amp; Mond &#8211; Teams are Trumps each show two Pok\u00e9mon facing an opponent together. Their many CP and powerful attacks make them highly desirable and the illustrations on these cards are also something very special! Each of the six TAG TEAM cards in this expansion has several variants, so different artists have had the opportunity to show their own interpretation of these wild duos. Take a look at these fantastic new cards that you can now add to your Pok\u00e9mon card collection! In addition to the cards described below, in the Sonne &amp; Mond &#8211; Teams are Trump booster packs you can also come across randomly distributed, special full-screen cards that impress with their simplified illustrations with pronounced contour lines. Which cards will you be hunting for?     <\/p>\n<p><strong>Box contents:<\/strong><\/p>\n<ul>\n<li>1 Pikachu &amp; Zekrom TAG TEAM GX Promo<\/li>\n<li>4 Pok\u00e9mon TCG Booster packs<\/li>\n<li>1 Tin Box<\/li>\n<li>1 Metal TAG TEAM GX marker<\/li>\n<li>1 code card for the Pok\u00e9mon Online TCG<\/li>\n<\/ul>\n","protected":false},"excerpt":{"rendered":"<p>Pok\u00e9mon TAG TEAM Pikachu &amp; Zekrom GX Tin Box The new TAG TEAM cards introduced in the Pok\u00e9mon Trading Card<\/p>\n","protected":false},"featured_media":79934,"comment_status":"open","ping_status":"closed","template":"","meta":{"_acf_changed":false},"product_brand":[5115,5073],"product_cat":[10074,9812],"product_tag":[],"class_list":{"0":"post-326868","1":"product","2":"type-product","3":"status-publish","4":"has-post-thumbnail","6":"product_brand-pokemon","7":"product_brand-the-pokemon-company","8":"product_cat-sun-and-moon","9":"product_cat-tins","11":"first","12":"outofstock","13":"taxable","14":"shipping-taxable","15":"purchasable","16":"product-type-variable"},"acf":[],"yoast_head":"<!-- This site is optimized with the Yoast SEO plugin v27.4 - https:\/\/yoast.com\/product\/yoast-seo-wordpress\/ -->\n<title>Buy Pok\u00e9mon - Sun &amp; Moon - Pikachu &amp; Zekrom GX Tag Team - Tin<\/title>\n<meta name=\"description\" content=\"Shop Pok\u00e9mon - Sun &amp; Moon - Pikachu &amp; Zekrom GX Tag Team - Tin online at great prices now! Your #1 TCG &amp; Pok\u00e9mon card shop in Switzerland \u2713 Free shipping from CHF 29\" \/>\n<meta name=\"robots\" content=\"index, follow, max-snippet:-1, max-image-preview:large, max-video-preview:-1\" \/>\n<link rel=\"canonical\" href=\"https:\/\/theuncommonshop.ch\/en\/product\/pokemon-sun-moon-pikachu-zekrom-gx-tag-team-tin-3\/\" \/>\n<meta property=\"og:locale\" content=\"en_US\" \/>\n<meta property=\"og:type\" content=\"article\" \/>\n<meta property=\"og:title\" content=\"Buy Pok\u00e9mon - Sun &amp; Moon - Pikachu &amp; Zekrom GX Tag Team - Tin\" \/>\n<meta property=\"og:description\" content=\"Shop Pok\u00e9mon - Sun &amp; Moon - Pikachu &amp; Zekrom GX Tag Team - Tin online at great prices now! Your #1 TCG &amp; Pok\u00e9mon card shop in Switzerland \u2713 Free shipping from CHF 29\" \/>\n<meta property=\"og:url\" content=\"https:\/\/theuncommonshop.ch\/en\/product\/pokemon-sun-moon-pikachu-zekrom-gx-tag-team-tin-3\/\" \/>\n<meta property=\"og:site_name\" content=\"Largest trading card shop in Switzerland\" \/>\n<meta property=\"article:modified_time\" content=\"2026-03-28T16:33:32+00:00\" \/>\n<meta property=\"og:image\" content=\"https:\/\/theuncommonshop.ch\/wp-content\/uploads\/2025\/06\/3144118456.jpg\" \/>\n\t<meta property=\"og:image:width\" content=\"714\" \/>\n\t<meta property=\"og:image:height\" content=\"500\" \/>\n\t<meta property=\"og:image:type\" content=\"image\/jpeg\" \/>\n<meta name=\"twitter:card\" content=\"summary_large_image\" \/>\n<meta name=\"twitter:label1\" content=\"Availability\" \/>\n\t<meta name=\"twitter:data1\" content=\"Out of stock\" \/>\n<script type=\"application\/ld+json\" class=\"yoast-schema-graph\">{\"@context\":\"https:\\\/\\\/schema.org\",\"@graph\":[{\"@type\":\"WebPage\",\"@id\":\"https:\\\/\\\/theuncommonshop.ch\\\/en\\\/product\\\/pokemon-sun-moon-pikachu-zekrom-gx-tag-team-tin-3\\\/\",\"url\":\"https:\\\/\\\/theuncommonshop.ch\\\/en\\\/product\\\/pokemon-sun-moon-pikachu-zekrom-gx-tag-team-tin-3\\\/\",\"name\":\"Buy Pok\u00e9mon - Sun &amp; Moon - Pikachu &amp; Zekrom GX Tag Team - Tin\",\"isPartOf\":{\"@id\":\"https:\\\/\\\/theuncommonshop.ch\\\/#website\"},\"primaryImageOfPage\":{\"@id\":\"https:\\\/\\\/theuncommonshop.ch\\\/en\\\/product\\\/pokemon-sun-moon-pikachu-zekrom-gx-tag-team-tin-3\\\/#primaryimage\"},\"image\":{\"@id\":\"https:\\\/\\\/theuncommonshop.ch\\\/en\\\/product\\\/pokemon-sun-moon-pikachu-zekrom-gx-tag-team-tin-3\\\/#primaryimage\"},\"thumbnailUrl\":\"https:\\\/\\\/theuncommonshop.ch\\\/wp-content\\\/uploads\\\/2025\\\/06\\\/3144118456.jpg\",\"datePublished\":\"2025-06-03T11:20:17+00:00\",\"dateModified\":\"2026-03-28T16:33:32+00:00\",\"description\":\"Shop Pok\u00e9mon - Sun &amp; Moon - Pikachu &amp; Zekrom GX Tag Team - Tin online at great prices now! Your #1 TCG & Pok\u00e9mon card shop in Switzerland \u2713 Free shipping from CHF 29\",\"breadcrumb\":{\"@id\":\"https:\\\/\\\/theuncommonshop.ch\\\/en\\\/product\\\/pokemon-sun-moon-pikachu-zekrom-gx-tag-team-tin-3\\\/#breadcrumb\"},\"inLanguage\":\"en-US\",\"potentialAction\":[{\"@type\":\"ReadAction\",\"target\":[\"https:\\\/\\\/theuncommonshop.ch\\\/en\\\/product\\\/pokemon-sun-moon-pikachu-zekrom-gx-tag-team-tin-3\\\/\"]}]},{\"@type\":\"ImageObject\",\"inLanguage\":\"en-US\",\"@id\":\"https:\\\/\\\/theuncommonshop.ch\\\/en\\\/product\\\/pokemon-sun-moon-pikachu-zekrom-gx-tag-team-tin-3\\\/#primaryimage\",\"url\":\"https:\\\/\\\/theuncommonshop.ch\\\/wp-content\\\/uploads\\\/2025\\\/06\\\/3144118456.jpg\",\"contentUrl\":\"https:\\\/\\\/theuncommonshop.ch\\\/wp-content\\\/uploads\\\/2025\\\/06\\\/3144118456.jpg\",\"width\":714,\"height\":500},{\"@type\":\"BreadcrumbList\",\"@id\":\"https:\\\/\\\/theuncommonshop.ch\\\/en\\\/product\\\/pokemon-sun-moon-pikachu-zekrom-gx-tag-team-tin-3\\\/#breadcrumb\",\"itemListElement\":[{\"@type\":\"ListItem\",\"position\":1,\"name\":\"Home\",\"item\":\"https:\\\/\\\/theuncommonshop.ch\\\/en\\\/home\\\/\"},{\"@type\":\"ListItem\",\"position\":2,\"name\":\"Store\",\"item\":\"https:\\\/\\\/theuncommonshop.ch\\\/en\\\/store\\\/\"},{\"@type\":\"ListItem\",\"position\":3,\"name\":\"Pok\u00e9mon\",\"item\":\"https:\\\/\\\/theuncommonshop.ch\\\/en\\\/product-category\\\/pokemon-en\\\/\"},{\"@type\":\"ListItem\",\"position\":4,\"name\":\"Products by Sets\",\"item\":\"https:\\\/\\\/theuncommonshop.ch\\\/en\\\/product-category\\\/pokemon-en\\\/products-by-sets\\\/\"},{\"@type\":\"ListItem\",\"position\":5,\"name\":\"Sun & Moon\",\"item\":\"https:\\\/\\\/theuncommonshop.ch\\\/en\\\/product-category\\\/pokemon-en\\\/products-by-sets\\\/sun-and-moon\\\/\"},{\"@type\":\"ListItem\",\"position\":6,\"name\":\"Pok\u00e9mon &#8211; Sun &amp; Moon &#8211; Pikachu &amp; Zekrom GX Tag Team &#8211; Tin\"}]},{\"@type\":\"WebSite\",\"@id\":\"https:\\\/\\\/theuncommonshop.ch\\\/#website\",\"url\":\"https:\\\/\\\/theuncommonshop.ch\\\/\",\"name\":\"Largest trading card shop in Switzerland\",\"description\":\"Magic, Pok\u00e9mon and Yu-gi-oh - The Uncommon Shop\",\"potentialAction\":[{\"@type\":\"SearchAction\",\"target\":{\"@type\":\"EntryPoint\",\"urlTemplate\":\"https:\\\/\\\/theuncommonshop.ch\\\/?s={search_term_string}\"},\"query-input\":{\"@type\":\"PropertyValueSpecification\",\"valueRequired\":true,\"valueName\":\"search_term_string\"}}],\"inLanguage\":\"en-US\"}]}<\/script>\n<meta property=\"og:availability\" content=\"out of stock\" \/>\n<meta property=\"product:availability\" content=\"out of stock\" \/>\n<meta property=\"product:condition\" content=\"new\" \/>\n<!-- \/ Yoast SEO plugin. -->","yoast_head_json":{"title":"Buy Pok\u00e9mon - Sun &amp; Moon - Pikachu &amp; Zekrom GX Tag Team - Tin","description":"Shop Pok\u00e9mon - Sun &amp; Moon - Pikachu &amp; Zekrom GX Tag Team - Tin online at great prices now! Your #1 TCG & Pok\u00e9mon card shop in Switzerland \u2713 Free shipping from CHF 29","robots":{"index":"index","follow":"follow","max-snippet":"max-snippet:-1","max-image-preview":"max-image-preview:large","max-video-preview":"max-video-preview:-1"},"canonical":"https:\/\/theuncommonshop.ch\/en\/product\/pokemon-sun-moon-pikachu-zekrom-gx-tag-team-tin-3\/","og_locale":"en_US","og_type":"article","og_title":"Buy Pok\u00e9mon - Sun &amp; Moon - Pikachu &amp; Zekrom GX Tag Team - Tin","og_description":"Shop Pok\u00e9mon - Sun &amp; Moon - Pikachu &amp; Zekrom GX Tag Team - Tin online at great prices now! Your #1 TCG & Pok\u00e9mon card shop in Switzerland \u2713 Free shipping from CHF 29","og_url":"https:\/\/theuncommonshop.ch\/en\/product\/pokemon-sun-moon-pikachu-zekrom-gx-tag-team-tin-3\/","og_site_name":"Largest trading card shop in Switzerland","article_modified_time":"2026-03-28T16:33:32+00:00","og_image":[{"width":714,"height":500,"url":"https:\/\/theuncommonshop.ch\/wp-content\/uploads\/2025\/06\/3144118456.jpg","type":"image\/jpeg"}],"twitter_card":"summary_large_image","twitter_misc":{"Availability":"Out of stock"},"schema":{"@context":"https:\/\/schema.org","@graph":[{"@type":"WebPage","@id":"https:\/\/theuncommonshop.ch\/en\/product\/pokemon-sun-moon-pikachu-zekrom-gx-tag-team-tin-3\/","url":"https:\/\/theuncommonshop.ch\/en\/product\/pokemon-sun-moon-pikachu-zekrom-gx-tag-team-tin-3\/","name":"Buy Pok\u00e9mon - Sun &amp; Moon - Pikachu &amp; Zekrom GX Tag Team - Tin","isPartOf":{"@id":"https:\/\/theuncommonshop.ch\/#website"},"primaryImageOfPage":{"@id":"https:\/\/theuncommonshop.ch\/en\/product\/pokemon-sun-moon-pikachu-zekrom-gx-tag-team-tin-3\/#primaryimage"},"image":{"@id":"https:\/\/theuncommonshop.ch\/en\/product\/pokemon-sun-moon-pikachu-zekrom-gx-tag-team-tin-3\/#primaryimage"},"thumbnailUrl":"https:\/\/theuncommonshop.ch\/wp-content\/uploads\/2025\/06\/3144118456.jpg","datePublished":"2025-06-03T11:20:17+00:00","dateModified":"2026-03-28T16:33:32+00:00","description":"Shop Pok\u00e9mon - Sun &amp; Moon - Pikachu &amp; Zekrom GX Tag Team - Tin online at great prices now! Your #1 TCG & Pok\u00e9mon card shop in Switzerland \u2713 Free shipping from CHF 29","breadcrumb":{"@id":"https:\/\/theuncommonshop.ch\/en\/product\/pokemon-sun-moon-pikachu-zekrom-gx-tag-team-tin-3\/#breadcrumb"},"inLanguage":"en-US","potentialAction":[{"@type":"ReadAction","target":["https:\/\/theuncommonshop.ch\/en\/product\/pokemon-sun-moon-pikachu-zekrom-gx-tag-team-tin-3\/"]}]},{"@type":"ImageObject","inLanguage":"en-US","@id":"https:\/\/theuncommonshop.ch\/en\/product\/pokemon-sun-moon-pikachu-zekrom-gx-tag-team-tin-3\/#primaryimage","url":"https:\/\/theuncommonshop.ch\/wp-content\/uploads\/2025\/06\/3144118456.jpg","contentUrl":"https:\/\/theuncommonshop.ch\/wp-content\/uploads\/2025\/06\/3144118456.jpg","width":714,"height":500},{"@type":"BreadcrumbList","@id":"https:\/\/theuncommonshop.ch\/en\/product\/pokemon-sun-moon-pikachu-zekrom-gx-tag-team-tin-3\/#breadcrumb","itemListElement":[{"@type":"ListItem","position":1,"name":"Home","item":"https:\/\/theuncommonshop.ch\/en\/home\/"},{"@type":"ListItem","position":2,"name":"Store","item":"https:\/\/theuncommonshop.ch\/en\/store\/"},{"@type":"ListItem","position":3,"name":"Pok\u00e9mon","item":"https:\/\/theuncommonshop.ch\/en\/product-category\/pokemon-en\/"},{"@type":"ListItem","position":4,"name":"Products by Sets","item":"https:\/\/theuncommonshop.ch\/en\/product-category\/pokemon-en\/products-by-sets\/"},{"@type":"ListItem","position":5,"name":"Sun & Moon","item":"https:\/\/theuncommonshop.ch\/en\/product-category\/pokemon-en\/products-by-sets\/sun-and-moon\/"},{"@type":"ListItem","position":6,"name":"Pok\u00e9mon &#8211; Sun &amp; Moon &#8211; Pikachu &amp; Zekrom GX Tag Team &#8211; Tin"}]},{"@type":"WebSite","@id":"https:\/\/theuncommonshop.ch\/#website","url":"https:\/\/theuncommonshop.ch\/","name":"Largest trading card shop in Switzerland","description":"Magic, Pok\u00e9mon and Yu-gi-oh - The Uncommon Shop","potentialAction":[{"@type":"SearchAction","target":{"@type":"EntryPoint","urlTemplate":"https:\/\/theuncommonshop.ch\/?s={search_term_string}"},"query-input":{"@type":"PropertyValueSpecification","valueRequired":true,"valueName":"search_term_string"}}],"inLanguage":"en-US"}]},"og_availability":"out of stock","product_availability":"out of stock","product_condition":"new"},"_links":{"self":[{"href":"https:\/\/theuncommonshop.ch\/en\/wp-json\/wp\/v2\/product\/326868","targetHints":{"allow":["GET"]}}],"collection":[{"href":"https:\/\/theuncommonshop.ch\/en\/wp-json\/wp\/v2\/product"}],"about":[{"href":"https:\/\/theuncommonshop.ch\/en\/wp-json\/wp\/v2\/types\/product"}],"replies":[{"embeddable":true,"href":"https:\/\/theuncommonshop.ch\/en\/wp-json\/wp\/v2\/comments?post=326868"}],"version-history":[{"count":2,"href":"https:\/\/theuncommonshop.ch\/en\/wp-json\/wp\/v2\/product\/326868\/revisions"}],"predecessor-version":[{"id":356027,"href":"https:\/\/theuncommonshop.ch\/en\/wp-json\/wp\/v2\/product\/326868\/revisions\/356027"}],"wp:featuredmedia":[{"embeddable":true,"href":"https:\/\/theuncommonshop.ch\/en\/wp-json\/wp\/v2\/media\/79934"}],"wp:attachment":[{"href":"https:\/\/theuncommonshop.ch\/en\/wp-json\/wp\/v2\/media?parent=326868"}],"wp:term":[{"taxonomy":"product_brand","embeddable":true,"href":"https:\/\/theuncommonshop.ch\/en\/wp-json\/wp\/v2\/product_brand?post=326868"},{"taxonomy":"product_cat","embeddable":true,"href":"https:\/\/theuncommonshop.ch\/en\/wp-json\/wp\/v2\/product_cat?post=326868"},{"taxonomy":"product_tag","embeddable":true,"href":"https:\/\/theuncommonshop.ch\/en\/wp-json\/wp\/v2\/product_tag?post=326868"}],"curies":[{"name":"wp","href":"https:\/\/api.w.org\/{rel}","templated":true}]}}