{"id":326572,"date":"2025-06-03T13:03:17","date_gmt":"2025-06-03T13:03:17","guid":{"rendered":"http:\/\/theuncommonshop.ch\/produkt\/326572\/"},"modified":"2026-03-31T19:34:00","modified_gmt":"2026-03-31T17:34:00","slug":"weiss-schwarz-attack-on-titan-final-season-booster-display-16-packs-en-2","status":"publish","type":"product","link":"https:\/\/theuncommonshop.ch\/en\/product\/weiss-schwarz-attack-on-titan-final-season-booster-display-16-packs-en-2\/","title":{"rendered":"Wei\u00df Schwarz &#8211; Attack on Titan: Final Season Booster Display (16 Packs)"},"content":{"rendered":"<div>What is freedom?<\/div>\n<div>Will Eren ever really be free?<\/div>\n<div><\/div>\n<div>Join Eren as the final battle begins on the Weiss Schwarz stage!<\/div>\n<div><\/div>\n<div>\u2748Signing card information\u2748<\/div>\n<div>Every pack you buy has the chance to contain a hot-stamped autograph card from<\/div>\n<div>Yuki Kaji (as Eren Jaeger)<\/div>\n<div>Yui Ishikawa (as Mikasa Ackermann)<\/div>\n<div>Marina Inoue (as Armin Arlert)<\/div>\n<div>Hiroshi Kamiya (as Levi Ackermann)<\/div>\n<div>Yoshimasa Hosoya (as Reiner Braun)<\/div>\n<div><\/div>\n<div>\u26a1Wiss Schwarz Booster Pack Attack on Titan: Final Season Tournament Store Assist PR Pack Campaign\u26a1<\/div>\n<div><\/div>\n<div>These Packs will only be available in stores registered for the tournament!<\/div>\n<div>We are pleased to announce an exciting new campaign for the upcoming &#8220;Attack on Titan: Final Season&#8221; Booster Pack.<\/div>\n<div>We are convinced that this campaign will make a great contribution to the promotion of the upcoming set and hope that you will make good use of it!<\/div>\n<div>Campaign rules<\/div>\n<div><\/div>\n<div>Customers can receive 1 Tournament Store Assist PR Pack with the purchase of 1 Booster Box of the following products:<\/div>\n<div>&#8211; Wei\u00df Schwarz English Edition Attack on Titan:<\/div>\n<div>&#8211; Wei\u00df Schwarz English Edition Attack on Titan: Vol.2<\/div>\n<div>&#8211; Wei\u00df Schwarz English Edition Original Attack on Titan: Final Season<\/div>\n<div>Each pack contains 4 random types (3 normal + 1 Foil) of 20 types of special PR cards!<\/div>\n<div>The 20 types contain 10 designs + 10 parallel foil designs.<\/div>\n<div>\u203bSubject to availability, while stocks last.<\/div>\n<div><\/div>\n<div>Special item!!! (Only in the 1st edition)<\/div>\n<div>&#8211; 2 of 7 exclusive PR cards in every display box!<\/div>\n<div>&#8211; 4 rubber play mats included in each box!<\/div>\n<div><\/div>\n<div>Product specifications<\/div>\n<div>A total of 100 card types + 41 types (parallel)<\/div>\n<div>9 cards per pack, 16 packs per display<\/div>\n<div>18 displays per carton<\/div>\n<p>\u203bWei\u00df Schwarz (English Edition) does not include a Gold\/Silver campaign voucher.<\/p>\n","protected":false},"excerpt":{"rendered":"<p>What is freedom? Will Eren ever really be free? Join Eren as the final battle begins on the Weiss Schwarz<\/p>\n","protected":false},"featured_media":79429,"comment_status":"open","ping_status":"closed","template":"","meta":{"_acf_changed":false},"product_brand":[5103],"product_cat":[10020,9792],"product_tag":[],"class_list":{"0":"post-326572","1":"product","2":"type-product","3":"status-publish","4":"has-post-thumbnail","6":"product_brand-bushiroad","7":"product_cat-booster-displays-weiss-schwarz","8":"product_cat-weissschwarz","10":"first","11":"outofstock","12":"taxable","13":"shipping-taxable","14":"purchasable","15":"product-type-simple"},"acf":[],"yoast_head":"<!-- This site is optimized with the Yoast SEO plugin v27.4 - https:\/\/yoast.com\/product\/yoast-seo-wordpress\/ -->\n<title>Buy Wei\u00df Schwarz - Attack on Titan: Final Season Booster Display (16 Packs)<\/title>\n<meta name=\"description\" content=\"Shop Wei\u00df Schwarz - Attack on Titan: Final Season Booster Display (16 Packs) online at great prices now! Your #1 TCG &amp; Pok\u00e9mon card shop in Switzerland \u2713 Free shipping from CHF 29\" \/>\n<meta name=\"robots\" content=\"index, follow, max-snippet:-1, max-image-preview:large, max-video-preview:-1\" \/>\n<link rel=\"canonical\" href=\"https:\/\/theuncommonshop.ch\/en\/product\/weiss-schwarz-attack-on-titan-final-season-booster-display-16-packs-en-2\/\" \/>\n<meta property=\"og:locale\" content=\"en_US\" \/>\n<meta property=\"og:type\" content=\"article\" \/>\n<meta property=\"og:title\" content=\"Buy Wei\u00df Schwarz - Attack on Titan: Final Season Booster Display (16 Packs)\" \/>\n<meta property=\"og:description\" content=\"Shop Wei\u00df Schwarz - Attack on Titan: Final Season Booster Display (16 Packs) online at great prices now! Your #1 TCG &amp; Pok\u00e9mon card shop in Switzerland \u2713 Free shipping from CHF 29\" \/>\n<meta property=\"og:url\" content=\"https:\/\/theuncommonshop.ch\/en\/product\/weiss-schwarz-attack-on-titan-final-season-booster-display-16-packs-en-2\/\" \/>\n<meta property=\"og:site_name\" content=\"Largest trading card shop in Switzerland\" \/>\n<meta property=\"article:modified_time\" content=\"2026-03-31T17:34:00+00:00\" \/>\n<meta property=\"og:image\" content=\"https:\/\/theuncommonshop.ch\/wp-content\/uploads\/2025\/06\/3130022467.jpg\" \/>\n\t<meta property=\"og:image:width\" content=\"350\" \/>\n\t<meta property=\"og:image:height\" content=\"350\" \/>\n\t<meta property=\"og:image:type\" content=\"image\/jpeg\" \/>\n<meta name=\"twitter:card\" content=\"summary_large_image\" \/>\n<meta name=\"twitter:label1\" content=\"Price\" \/>\n\t<meta name=\"twitter:data1\" content=\"&#067;&#072;&#070;&nbsp;69.95\" \/>\n\t<meta name=\"twitter:label2\" content=\"Availability\" \/>\n\t<meta name=\"twitter:data2\" content=\"Out of stock\" \/>\n<script type=\"application\/ld+json\" class=\"yoast-schema-graph\">{\"@context\":\"https:\\\/\\\/schema.org\",\"@graph\":[{\"@type\":\"WebPage\",\"@id\":\"https:\\\/\\\/theuncommonshop.ch\\\/en\\\/product\\\/weiss-schwarz-attack-on-titan-final-season-booster-display-16-packs-en-2\\\/\",\"url\":\"https:\\\/\\\/theuncommonshop.ch\\\/en\\\/product\\\/weiss-schwarz-attack-on-titan-final-season-booster-display-16-packs-en-2\\\/\",\"name\":\"Buy Wei\u00df Schwarz - Attack on Titan: Final Season Booster Display (16 Packs)\",\"isPartOf\":{\"@id\":\"https:\\\/\\\/theuncommonshop.ch\\\/#website\"},\"primaryImageOfPage\":{\"@id\":\"https:\\\/\\\/theuncommonshop.ch\\\/en\\\/product\\\/weiss-schwarz-attack-on-titan-final-season-booster-display-16-packs-en-2\\\/#primaryimage\"},\"image\":{\"@id\":\"https:\\\/\\\/theuncommonshop.ch\\\/en\\\/product\\\/weiss-schwarz-attack-on-titan-final-season-booster-display-16-packs-en-2\\\/#primaryimage\"},\"thumbnailUrl\":\"https:\\\/\\\/theuncommonshop.ch\\\/wp-content\\\/uploads\\\/2025\\\/06\\\/3130022467.jpg\",\"datePublished\":\"2025-06-03T13:03:17+00:00\",\"dateModified\":\"2026-03-31T17:34:00+00:00\",\"description\":\"Shop Wei\u00df Schwarz - Attack on Titan: Final Season Booster Display (16 Packs) online at great prices now! Your #1 TCG & Pok\u00e9mon card shop in Switzerland \u2713 Free shipping from CHF 29\",\"breadcrumb\":{\"@id\":\"https:\\\/\\\/theuncommonshop.ch\\\/en\\\/product\\\/weiss-schwarz-attack-on-titan-final-season-booster-display-16-packs-en-2\\\/#breadcrumb\"},\"inLanguage\":\"en-US\",\"potentialAction\":[{\"@type\":\"ReadAction\",\"target\":[\"https:\\\/\\\/theuncommonshop.ch\\\/en\\\/product\\\/weiss-schwarz-attack-on-titan-final-season-booster-display-16-packs-en-2\\\/\"]}]},{\"@type\":\"ImageObject\",\"inLanguage\":\"en-US\",\"@id\":\"https:\\\/\\\/theuncommonshop.ch\\\/en\\\/product\\\/weiss-schwarz-attack-on-titan-final-season-booster-display-16-packs-en-2\\\/#primaryimage\",\"url\":\"https:\\\/\\\/theuncommonshop.ch\\\/wp-content\\\/uploads\\\/2025\\\/06\\\/3130022467.jpg\",\"contentUrl\":\"https:\\\/\\\/theuncommonshop.ch\\\/wp-content\\\/uploads\\\/2025\\\/06\\\/3130022467.jpg\",\"width\":350,\"height\":350},{\"@type\":\"BreadcrumbList\",\"@id\":\"https:\\\/\\\/theuncommonshop.ch\\\/en\\\/product\\\/weiss-schwarz-attack-on-titan-final-season-booster-display-16-packs-en-2\\\/#breadcrumb\",\"itemListElement\":[{\"@type\":\"ListItem\",\"position\":1,\"name\":\"Home\",\"item\":\"https:\\\/\\\/theuncommonshop.ch\\\/en\\\/home\\\/\"},{\"@type\":\"ListItem\",\"position\":2,\"name\":\"Store\",\"item\":\"https:\\\/\\\/theuncommonshop.ch\\\/en\\\/store\\\/\"},{\"@type\":\"ListItem\",\"position\":3,\"name\":\"Weitere Sammelkarten\",\"item\":\"https:\\\/\\\/theuncommonshop.ch\\\/produktkategorie\\\/weitere-sammelkarten\\\/\"},{\"@type\":\"ListItem\",\"position\":4,\"name\":\"Weiss\\\/Schwarz\",\"item\":\"https:\\\/\\\/theuncommonshop.ch\\\/produktkategorie\\\/weitere-sammelkarten\\\/weiss-schwarz\\\/\"},{\"@type\":\"ListItem\",\"position\":5,\"name\":\"Booster Displays\",\"item\":\"https:\\\/\\\/theuncommonshop.ch\\\/produktkategorie\\\/weitere-sammelkarten\\\/weiss-schwarz\\\/weissschwarz-booster-displays\\\/\"},{\"@type\":\"ListItem\",\"position\":6,\"name\":\"Wei\u00df Schwarz &#8211; Attack on Titan: Final Season Booster Display (16 Packs)\"}]},{\"@type\":\"WebSite\",\"@id\":\"https:\\\/\\\/theuncommonshop.ch\\\/#website\",\"url\":\"https:\\\/\\\/theuncommonshop.ch\\\/\",\"name\":\"Largest trading card shop in Switzerland\",\"description\":\"Magic, Pok\u00e9mon and Yu-gi-oh - The Uncommon Shop\",\"potentialAction\":[{\"@type\":\"SearchAction\",\"target\":{\"@type\":\"EntryPoint\",\"urlTemplate\":\"https:\\\/\\\/theuncommonshop.ch\\\/?s={search_term_string}\"},\"query-input\":{\"@type\":\"PropertyValueSpecification\",\"valueRequired\":true,\"valueName\":\"search_term_string\"}}],\"inLanguage\":\"en-US\"}]}<\/script>\n<meta property=\"product:price:amount\" content=\"69.95\" \/>\n<meta property=\"product:price:currency\" content=\"CHF\" \/>\n<meta property=\"og:availability\" content=\"out of stock\" \/>\n<meta property=\"product:availability\" content=\"out of stock\" \/>\n<meta property=\"product:retailer_item_id\" content=\"WS.I.C.AoTFinalDis.EN\" \/>\n<meta property=\"product:condition\" content=\"new\" \/>\n<!-- \/ Yoast SEO plugin. -->","yoast_head_json":{"title":"Buy Wei\u00df Schwarz - Attack on Titan: Final Season Booster Display (16 Packs)","description":"Shop Wei\u00df Schwarz - Attack on Titan: Final Season Booster Display (16 Packs) online at great prices now! Your #1 TCG & Pok\u00e9mon card shop in Switzerland \u2713 Free shipping from CHF 29","robots":{"index":"index","follow":"follow","max-snippet":"max-snippet:-1","max-image-preview":"max-image-preview:large","max-video-preview":"max-video-preview:-1"},"canonical":"https:\/\/theuncommonshop.ch\/en\/product\/weiss-schwarz-attack-on-titan-final-season-booster-display-16-packs-en-2\/","og_locale":"en_US","og_type":"article","og_title":"Buy Wei\u00df Schwarz - Attack on Titan: Final Season Booster Display (16 Packs)","og_description":"Shop Wei\u00df Schwarz - Attack on Titan: Final Season Booster Display (16 Packs) online at great prices now! Your #1 TCG & Pok\u00e9mon card shop in Switzerland \u2713 Free shipping from CHF 29","og_url":"https:\/\/theuncommonshop.ch\/en\/product\/weiss-schwarz-attack-on-titan-final-season-booster-display-16-packs-en-2\/","og_site_name":"Largest trading card shop in Switzerland","article_modified_time":"2026-03-31T17:34:00+00:00","og_image":[{"width":350,"height":350,"url":"https:\/\/theuncommonshop.ch\/wp-content\/uploads\/2025\/06\/3130022467.jpg","type":"image\/jpeg"}],"twitter_card":"summary_large_image","twitter_misc":{"Price":"&#67;&#72;&#70;&nbsp;69.95","Availability":"Out of stock"},"schema":{"@context":"https:\/\/schema.org","@graph":[{"@type":"WebPage","@id":"https:\/\/theuncommonshop.ch\/en\/product\/weiss-schwarz-attack-on-titan-final-season-booster-display-16-packs-en-2\/","url":"https:\/\/theuncommonshop.ch\/en\/product\/weiss-schwarz-attack-on-titan-final-season-booster-display-16-packs-en-2\/","name":"Buy Wei\u00df Schwarz - Attack on Titan: Final Season Booster Display (16 Packs)","isPartOf":{"@id":"https:\/\/theuncommonshop.ch\/#website"},"primaryImageOfPage":{"@id":"https:\/\/theuncommonshop.ch\/en\/product\/weiss-schwarz-attack-on-titan-final-season-booster-display-16-packs-en-2\/#primaryimage"},"image":{"@id":"https:\/\/theuncommonshop.ch\/en\/product\/weiss-schwarz-attack-on-titan-final-season-booster-display-16-packs-en-2\/#primaryimage"},"thumbnailUrl":"https:\/\/theuncommonshop.ch\/wp-content\/uploads\/2025\/06\/3130022467.jpg","datePublished":"2025-06-03T13:03:17+00:00","dateModified":"2026-03-31T17:34:00+00:00","description":"Shop Wei\u00df Schwarz - Attack on Titan: Final Season Booster Display (16 Packs) online at great prices now! Your #1 TCG & Pok\u00e9mon card shop in Switzerland \u2713 Free shipping from CHF 29","breadcrumb":{"@id":"https:\/\/theuncommonshop.ch\/en\/product\/weiss-schwarz-attack-on-titan-final-season-booster-display-16-packs-en-2\/#breadcrumb"},"inLanguage":"en-US","potentialAction":[{"@type":"ReadAction","target":["https:\/\/theuncommonshop.ch\/en\/product\/weiss-schwarz-attack-on-titan-final-season-booster-display-16-packs-en-2\/"]}]},{"@type":"ImageObject","inLanguage":"en-US","@id":"https:\/\/theuncommonshop.ch\/en\/product\/weiss-schwarz-attack-on-titan-final-season-booster-display-16-packs-en-2\/#primaryimage","url":"https:\/\/theuncommonshop.ch\/wp-content\/uploads\/2025\/06\/3130022467.jpg","contentUrl":"https:\/\/theuncommonshop.ch\/wp-content\/uploads\/2025\/06\/3130022467.jpg","width":350,"height":350},{"@type":"BreadcrumbList","@id":"https:\/\/theuncommonshop.ch\/en\/product\/weiss-schwarz-attack-on-titan-final-season-booster-display-16-packs-en-2\/#breadcrumb","itemListElement":[{"@type":"ListItem","position":1,"name":"Home","item":"https:\/\/theuncommonshop.ch\/en\/home\/"},{"@type":"ListItem","position":2,"name":"Store","item":"https:\/\/theuncommonshop.ch\/en\/store\/"},{"@type":"ListItem","position":3,"name":"Weitere Sammelkarten","item":"https:\/\/theuncommonshop.ch\/produktkategorie\/weitere-sammelkarten\/"},{"@type":"ListItem","position":4,"name":"Weiss\/Schwarz","item":"https:\/\/theuncommonshop.ch\/produktkategorie\/weitere-sammelkarten\/weiss-schwarz\/"},{"@type":"ListItem","position":5,"name":"Booster Displays","item":"https:\/\/theuncommonshop.ch\/produktkategorie\/weitere-sammelkarten\/weiss-schwarz\/weissschwarz-booster-displays\/"},{"@type":"ListItem","position":6,"name":"Wei\u00df Schwarz &#8211; Attack on Titan: Final Season Booster Display (16 Packs)"}]},{"@type":"WebSite","@id":"https:\/\/theuncommonshop.ch\/#website","url":"https:\/\/theuncommonshop.ch\/","name":"Largest trading card shop in Switzerland","description":"Magic, Pok\u00e9mon and Yu-gi-oh - The Uncommon Shop","potentialAction":[{"@type":"SearchAction","target":{"@type":"EntryPoint","urlTemplate":"https:\/\/theuncommonshop.ch\/?s={search_term_string}"},"query-input":{"@type":"PropertyValueSpecification","valueRequired":true,"valueName":"search_term_string"}}],"inLanguage":"en-US"}]},"product_price_amount":"69.95","product_price_currency":"CHF","og_availability":"out of stock","product_availability":"out of stock","product_retailer_item_id":"WS.I.C.AoTFinalDis.EN","product_condition":"new"},"_links":{"self":[{"href":"https:\/\/theuncommonshop.ch\/en\/wp-json\/wp\/v2\/product\/326572","targetHints":{"allow":["GET"]}}],"collection":[{"href":"https:\/\/theuncommonshop.ch\/en\/wp-json\/wp\/v2\/product"}],"about":[{"href":"https:\/\/theuncommonshop.ch\/en\/wp-json\/wp\/v2\/types\/product"}],"replies":[{"embeddable":true,"href":"https:\/\/theuncommonshop.ch\/en\/wp-json\/wp\/v2\/comments?post=326572"}],"version-history":[{"count":3,"href":"https:\/\/theuncommonshop.ch\/en\/wp-json\/wp\/v2\/product\/326572\/revisions"}],"predecessor-version":[{"id":365422,"href":"https:\/\/theuncommonshop.ch\/en\/wp-json\/wp\/v2\/product\/326572\/revisions\/365422"}],"wp:featuredmedia":[{"embeddable":true,"href":"https:\/\/theuncommonshop.ch\/en\/wp-json\/wp\/v2\/media\/79429"}],"wp:attachment":[{"href":"https:\/\/theuncommonshop.ch\/en\/wp-json\/wp\/v2\/media?parent=326572"}],"wp:term":[{"taxonomy":"product_brand","embeddable":true,"href":"https:\/\/theuncommonshop.ch\/en\/wp-json\/wp\/v2\/product_brand?post=326572"},{"taxonomy":"product_cat","embeddable":true,"href":"https:\/\/theuncommonshop.ch\/en\/wp-json\/wp\/v2\/product_cat?post=326572"},{"taxonomy":"product_tag","embeddable":true,"href":"https:\/\/theuncommonshop.ch\/en\/wp-json\/wp\/v2\/product_tag?post=326572"}],"curies":[{"name":"wp","href":"https:\/\/api.w.org\/{rel}","templated":true}]}}