{"id":326150,"date":"2025-06-04T02:35:06","date_gmt":"2025-06-04T02:35:06","guid":{"rendered":"http:\/\/theuncommonshop.ch\/produkt\/326150\/"},"modified":"2026-03-28T17:51:05","modified_gmt":"2026-03-28T16:51:05","slug":"pokemon-karmesin-purpur-paradoxrift-booster-fr-3","status":"publish","type":"product","link":"https:\/\/theuncommonshop.ch\/en\/product\/pokemon-karmesin-purpur-paradoxrift-booster-fr-3\/","title":{"rendered":"Pok\u00e9mon &#8211; Karmesin &amp; Purpur: Paradoxrift &#8211; Booster &#8211; FR"},"content":{"rendered":"<div><strong>The Pok\u00e9mon &#8211; Karmesin &amp; Purpur: Paradoxrift &#8211; Booster &#8211; French (FR)<\/strong><\/div>\n<div>Dive into the clouds and explore a land seemingly unbound by time! With wild attacks, Ancient Pok\u00e9mon like Donnersichel ex and Sandfell ex appear alongside Artificial Future Pok\u00e9mon like Esen Warrior ex and Eisenhand ex. Meanwhile, Knakrack ex, Mewtu ex, and others become Terastallis to gain new types, while Crimanzo ex, Monetico ex, and more Pok\u00e9mon ex join the battle. In the Pok\u00e9mon TCG: Karmesin &amp; Purpur Paradoxrift expansion, the timelines collide and adventure awaits!   <\/div>\n<div><\/div>\n<div>The set contains:<\/div>\n<div><\/div>\n<div>13 Pok\u00e9mon ex and seven Tera Pok\u00e9mon ex<\/div>\n<div>34 illustrated rare Pok\u00e9mon<\/div>\n<div>15 special illustrated rare Pok\u00e9mon and Supporter cards<\/div>\n<div>28 ultra-rare etched Pok\u00e9mon ex and supporter cards in full graphics<\/div>\n<p>Seven extremely rare golden etched cards<\/p>\n","protected":false},"excerpt":{"rendered":"<p>The Pok\u00e9mon &#8211; Karmesin &amp; Purpur: Paradoxrift &#8211; Booster &#8211; French (FR) Dive into the clouds and explore a land<\/p>\n","protected":false},"featured_media":21662,"comment_status":"open","ping_status":"closed","template":"","meta":{"_acf_changed":false},"product_brand":[5073],"product_cat":[10088],"product_tag":[],"class_list":{"0":"post-326150","1":"product","2":"type-product","3":"status-publish","4":"has-post-thumbnail","6":"product_brand-the-pokemon-company","7":"product_cat-sv04-paradox-rift-en","9":"first","10":"instock","11":"taxable","12":"shipping-taxable","13":"purchasable","14":"product-type-variable"},"acf":[],"yoast_head":"<!-- This site is optimized with the Yoast SEO plugin v27.5 - https:\/\/yoast.com\/product\/yoast-seo-wordpress\/ -->\n<title>Buy Pok\u00e9mon - Karmesin &amp; Purpur: Paradoxrift - Booster - FR<\/title>\n<meta name=\"description\" content=\"Shop Pok\u00e9mon - Karmesin &amp; Purpur: Paradoxrift - Booster - FR online at great prices now! Your #1 TCG &amp; Pok\u00e9mon card shop in Switzerland \u2713 Free shipping from CHF 29\" \/>\n<meta name=\"robots\" content=\"index, follow, max-snippet:-1, max-image-preview:large, max-video-preview:-1\" \/>\n<link rel=\"canonical\" href=\"https:\/\/theuncommonshop.ch\/en\/product\/pokemon-karmesin-purpur-paradoxrift-booster-fr-3\/\" \/>\n<meta property=\"og:locale\" content=\"en_US\" \/>\n<meta property=\"og:type\" content=\"article\" \/>\n<meta property=\"og:title\" content=\"Buy Pok\u00e9mon - Karmesin &amp; Purpur: Paradoxrift - Booster - FR\" \/>\n<meta property=\"og:description\" content=\"Shop Pok\u00e9mon - Karmesin &amp; Purpur: Paradoxrift - Booster - FR online at great prices now! Your #1 TCG &amp; Pok\u00e9mon card shop in Switzerland \u2713 Free shipping from CHF 29\" \/>\n<meta property=\"og:url\" content=\"https:\/\/theuncommonshop.ch\/en\/product\/pokemon-karmesin-purpur-paradoxrift-booster-fr-3\/\" \/>\n<meta property=\"og:site_name\" content=\"The Uncommon Shop\" \/>\n<meta property=\"article:modified_time\" content=\"2026-03-28T16:51:05+00:00\" \/>\n<meta property=\"og:image\" content=\"https:\/\/theuncommonshop.ch\/wp-content\/uploads\/2025\/05\/3804842077.jpg\" \/>\n\t<meta property=\"og:image:width\" content=\"309\" \/>\n\t<meta property=\"og:image:height\" content=\"564\" \/>\n\t<meta property=\"og:image:type\" content=\"image\/jpeg\" \/>\n<meta name=\"twitter:card\" content=\"summary_large_image\" \/>\n<meta name=\"twitter:label1\" content=\"Availability\" \/>\n\t<meta name=\"twitter:data1\" content=\"In stock\" \/>\n<script type=\"application\/ld+json\" class=\"yoast-schema-graph\">{\"@context\":\"https:\\\/\\\/schema.org\",\"@graph\":[{\"@type\":\"WebPage\",\"@id\":\"https:\\\/\\\/theuncommonshop.ch\\\/en\\\/product\\\/pokemon-karmesin-purpur-paradoxrift-booster-fr-3\\\/\",\"url\":\"https:\\\/\\\/theuncommonshop.ch\\\/en\\\/product\\\/pokemon-karmesin-purpur-paradoxrift-booster-fr-3\\\/\",\"name\":\"Buy Pok\u00e9mon - Karmesin &amp; Purpur: Paradoxrift - Booster - FR\",\"isPartOf\":{\"@id\":\"https:\\\/\\\/theuncommonshop.ch\\\/en\\\/#website\"},\"primaryImageOfPage\":{\"@id\":\"https:\\\/\\\/theuncommonshop.ch\\\/en\\\/product\\\/pokemon-karmesin-purpur-paradoxrift-booster-fr-3\\\/#primaryimage\"},\"image\":{\"@id\":\"https:\\\/\\\/theuncommonshop.ch\\\/en\\\/product\\\/pokemon-karmesin-purpur-paradoxrift-booster-fr-3\\\/#primaryimage\"},\"thumbnailUrl\":\"https:\\\/\\\/theuncommonshop.ch\\\/wp-content\\\/uploads\\\/2025\\\/05\\\/3804842077.jpg\",\"datePublished\":\"2025-06-04T02:35:06+00:00\",\"dateModified\":\"2026-03-28T16:51:05+00:00\",\"description\":\"Shop Pok\u00e9mon - Karmesin &amp; Purpur: Paradoxrift - Booster - FR online at great prices now! Your #1 TCG & Pok\u00e9mon card shop in Switzerland \u2713 Free shipping from CHF 29\",\"breadcrumb\":{\"@id\":\"https:\\\/\\\/theuncommonshop.ch\\\/en\\\/product\\\/pokemon-karmesin-purpur-paradoxrift-booster-fr-3\\\/#breadcrumb\"},\"inLanguage\":\"en-US\",\"potentialAction\":[{\"@type\":\"ReadAction\",\"target\":[\"https:\\\/\\\/theuncommonshop.ch\\\/en\\\/product\\\/pokemon-karmesin-purpur-paradoxrift-booster-fr-3\\\/\"]}]},{\"@type\":\"ImageObject\",\"inLanguage\":\"en-US\",\"@id\":\"https:\\\/\\\/theuncommonshop.ch\\\/en\\\/product\\\/pokemon-karmesin-purpur-paradoxrift-booster-fr-3\\\/#primaryimage\",\"url\":\"https:\\\/\\\/theuncommonshop.ch\\\/wp-content\\\/uploads\\\/2025\\\/05\\\/3804842077.jpg\",\"contentUrl\":\"https:\\\/\\\/theuncommonshop.ch\\\/wp-content\\\/uploads\\\/2025\\\/05\\\/3804842077.jpg\",\"width\":309,\"height\":564},{\"@type\":\"BreadcrumbList\",\"@id\":\"https:\\\/\\\/theuncommonshop.ch\\\/en\\\/product\\\/pokemon-karmesin-purpur-paradoxrift-booster-fr-3\\\/#breadcrumb\",\"itemListElement\":[{\"@type\":\"ListItem\",\"position\":1,\"name\":\"Home\",\"item\":\"https:\\\/\\\/theuncommonshop.ch\\\/en\\\/home\\\/\"},{\"@type\":\"ListItem\",\"position\":2,\"name\":\"Store\",\"item\":\"https:\\\/\\\/theuncommonshop.ch\\\/en\\\/store\\\/\"},{\"@type\":\"ListItem\",\"position\":3,\"name\":\"Pok\u00e9mon\",\"item\":\"https:\\\/\\\/theuncommonshop.ch\\\/en\\\/product-category\\\/pokemon-en\\\/\"},{\"@type\":\"ListItem\",\"position\":4,\"name\":\"Products by Sets\",\"item\":\"https:\\\/\\\/theuncommonshop.ch\\\/en\\\/product-category\\\/pokemon-en\\\/products-by-sets\\\/\"},{\"@type\":\"ListItem\",\"position\":5,\"name\":\"Scarlet & Violet\",\"item\":\"https:\\\/\\\/theuncommonshop.ch\\\/en\\\/product-category\\\/pokemon-en\\\/products-by-sets\\\/scarlet-and-violet\\\/\"},{\"@type\":\"ListItem\",\"position\":6,\"name\":\"SV04 Paradox Rift\",\"item\":\"https:\\\/\\\/theuncommonshop.ch\\\/en\\\/product-category\\\/pokemon-en\\\/products-by-sets\\\/scarlet-and-violet\\\/sv04-paradox-rift-en\\\/\"},{\"@type\":\"ListItem\",\"position\":7,\"name\":\"Pok\u00e9mon &#8211; Karmesin &amp; Purpur: Paradoxrift &#8211; Booster &#8211; FR\"}]},{\"@type\":\"WebSite\",\"@id\":\"https:\\\/\\\/theuncommonshop.ch\\\/en\\\/#website\",\"url\":\"https:\\\/\\\/theuncommonshop.ch\\\/en\\\/\",\"name\":\"The Uncommon Shop\",\"description\":\"Magic, Pok\u00e9mon and Yu-gi-oh - The Uncommon Shop\",\"potentialAction\":[{\"@type\":\"SearchAction\",\"target\":{\"@type\":\"EntryPoint\",\"urlTemplate\":\"https:\\\/\\\/theuncommonshop.ch\\\/en\\\/?s={search_term_string}\"},\"query-input\":{\"@type\":\"PropertyValueSpecification\",\"valueRequired\":true,\"valueName\":\"search_term_string\"}}],\"inLanguage\":\"en-US\"}]}<\/script>\n<meta property=\"og:availability\" content=\"instock\" \/>\n<meta property=\"product:availability\" content=\"instock\" \/>\n<meta property=\"product:retailer_item_id\" content=\"PO.XXXIII.D.BoosParadRift.FR\" \/>\n<meta property=\"product:condition\" content=\"new\" \/>\n<!-- \/ Yoast SEO plugin. -->","yoast_head_json":{"title":"Buy Pok\u00e9mon - Karmesin &amp; Purpur: Paradoxrift - Booster - FR","description":"Shop Pok\u00e9mon - Karmesin &amp; Purpur: Paradoxrift - Booster - FR online at great prices now! Your #1 TCG & Pok\u00e9mon card shop in Switzerland \u2713 Free shipping from CHF 29","robots":{"index":"index","follow":"follow","max-snippet":"max-snippet:-1","max-image-preview":"max-image-preview:large","max-video-preview":"max-video-preview:-1"},"canonical":"https:\/\/theuncommonshop.ch\/en\/product\/pokemon-karmesin-purpur-paradoxrift-booster-fr-3\/","og_locale":"en_US","og_type":"article","og_title":"Buy Pok\u00e9mon - Karmesin &amp; Purpur: Paradoxrift - Booster - FR","og_description":"Shop Pok\u00e9mon - Karmesin &amp; Purpur: Paradoxrift - Booster - FR online at great prices now! Your #1 TCG & Pok\u00e9mon card shop in Switzerland \u2713 Free shipping from CHF 29","og_url":"https:\/\/theuncommonshop.ch\/en\/product\/pokemon-karmesin-purpur-paradoxrift-booster-fr-3\/","og_site_name":"The Uncommon Shop","article_modified_time":"2026-03-28T16:51:05+00:00","og_image":[{"width":309,"height":564,"url":"https:\/\/theuncommonshop.ch\/wp-content\/uploads\/2025\/05\/3804842077.jpg","type":"image\/jpeg"}],"twitter_card":"summary_large_image","twitter_misc":{"Availability":"In stock"},"schema":{"@context":"https:\/\/schema.org","@graph":[{"@type":"WebPage","@id":"https:\/\/theuncommonshop.ch\/en\/product\/pokemon-karmesin-purpur-paradoxrift-booster-fr-3\/","url":"https:\/\/theuncommonshop.ch\/en\/product\/pokemon-karmesin-purpur-paradoxrift-booster-fr-3\/","name":"Buy Pok\u00e9mon - Karmesin &amp; Purpur: Paradoxrift - Booster - FR","isPartOf":{"@id":"https:\/\/theuncommonshop.ch\/en\/#website"},"primaryImageOfPage":{"@id":"https:\/\/theuncommonshop.ch\/en\/product\/pokemon-karmesin-purpur-paradoxrift-booster-fr-3\/#primaryimage"},"image":{"@id":"https:\/\/theuncommonshop.ch\/en\/product\/pokemon-karmesin-purpur-paradoxrift-booster-fr-3\/#primaryimage"},"thumbnailUrl":"https:\/\/theuncommonshop.ch\/wp-content\/uploads\/2025\/05\/3804842077.jpg","datePublished":"2025-06-04T02:35:06+00:00","dateModified":"2026-03-28T16:51:05+00:00","description":"Shop Pok\u00e9mon - Karmesin &amp; Purpur: Paradoxrift - Booster - FR online at great prices now! Your #1 TCG & Pok\u00e9mon card shop in Switzerland \u2713 Free shipping from CHF 29","breadcrumb":{"@id":"https:\/\/theuncommonshop.ch\/en\/product\/pokemon-karmesin-purpur-paradoxrift-booster-fr-3\/#breadcrumb"},"inLanguage":"en-US","potentialAction":[{"@type":"ReadAction","target":["https:\/\/theuncommonshop.ch\/en\/product\/pokemon-karmesin-purpur-paradoxrift-booster-fr-3\/"]}]},{"@type":"ImageObject","inLanguage":"en-US","@id":"https:\/\/theuncommonshop.ch\/en\/product\/pokemon-karmesin-purpur-paradoxrift-booster-fr-3\/#primaryimage","url":"https:\/\/theuncommonshop.ch\/wp-content\/uploads\/2025\/05\/3804842077.jpg","contentUrl":"https:\/\/theuncommonshop.ch\/wp-content\/uploads\/2025\/05\/3804842077.jpg","width":309,"height":564},{"@type":"BreadcrumbList","@id":"https:\/\/theuncommonshop.ch\/en\/product\/pokemon-karmesin-purpur-paradoxrift-booster-fr-3\/#breadcrumb","itemListElement":[{"@type":"ListItem","position":1,"name":"Home","item":"https:\/\/theuncommonshop.ch\/en\/home\/"},{"@type":"ListItem","position":2,"name":"Store","item":"https:\/\/theuncommonshop.ch\/en\/store\/"},{"@type":"ListItem","position":3,"name":"Pok\u00e9mon","item":"https:\/\/theuncommonshop.ch\/en\/product-category\/pokemon-en\/"},{"@type":"ListItem","position":4,"name":"Products by Sets","item":"https:\/\/theuncommonshop.ch\/en\/product-category\/pokemon-en\/products-by-sets\/"},{"@type":"ListItem","position":5,"name":"Scarlet & Violet","item":"https:\/\/theuncommonshop.ch\/en\/product-category\/pokemon-en\/products-by-sets\/scarlet-and-violet\/"},{"@type":"ListItem","position":6,"name":"SV04 Paradox Rift","item":"https:\/\/theuncommonshop.ch\/en\/product-category\/pokemon-en\/products-by-sets\/scarlet-and-violet\/sv04-paradox-rift-en\/"},{"@type":"ListItem","position":7,"name":"Pok\u00e9mon &#8211; Karmesin &amp; Purpur: Paradoxrift &#8211; Booster &#8211; FR"}]},{"@type":"WebSite","@id":"https:\/\/theuncommonshop.ch\/en\/#website","url":"https:\/\/theuncommonshop.ch\/en\/","name":"The Uncommon Shop","description":"Magic, Pok\u00e9mon and Yu-gi-oh - The Uncommon Shop","potentialAction":[{"@type":"SearchAction","target":{"@type":"EntryPoint","urlTemplate":"https:\/\/theuncommonshop.ch\/en\/?s={search_term_string}"},"query-input":{"@type":"PropertyValueSpecification","valueRequired":true,"valueName":"search_term_string"}}],"inLanguage":"en-US"}]},"og_availability":"instock","product_availability":"instock","product_retailer_item_id":"PO.XXXIII.D.BoosParadRift.FR","product_condition":"new"},"_links":{"self":[{"href":"https:\/\/theuncommonshop.ch\/en\/wp-json\/wp\/v2\/product\/326150","targetHints":{"allow":["GET"]}}],"collection":[{"href":"https:\/\/theuncommonshop.ch\/en\/wp-json\/wp\/v2\/product"}],"about":[{"href":"https:\/\/theuncommonshop.ch\/en\/wp-json\/wp\/v2\/types\/product"}],"replies":[{"embeddable":true,"href":"https:\/\/theuncommonshop.ch\/en\/wp-json\/wp\/v2\/comments?post=326150"}],"version-history":[{"count":0,"href":"https:\/\/theuncommonshop.ch\/en\/wp-json\/wp\/v2\/product\/326150\/revisions"}],"wp:featuredmedia":[{"embeddable":true,"href":"https:\/\/theuncommonshop.ch\/en\/wp-json\/wp\/v2\/media\/21662"}],"wp:attachment":[{"href":"https:\/\/theuncommonshop.ch\/en\/wp-json\/wp\/v2\/media?parent=326150"}],"wp:term":[{"taxonomy":"product_brand","embeddable":true,"href":"https:\/\/theuncommonshop.ch\/en\/wp-json\/wp\/v2\/product_brand?post=326150"},{"taxonomy":"product_cat","embeddable":true,"href":"https:\/\/theuncommonshop.ch\/en\/wp-json\/wp\/v2\/product_cat?post=326150"},{"taxonomy":"product_tag","embeddable":true,"href":"https:\/\/theuncommonshop.ch\/en\/wp-json\/wp\/v2\/product_tag?post=326150"}],"curies":[{"name":"wp","href":"https:\/\/api.w.org\/{rel}","templated":true}]}}