{"id":324682,"date":"2025-06-04T12:21:40","date_gmt":"2025-06-04T12:21:40","guid":{"rendered":"http:\/\/theuncommonshop.ch\/produkt\/324682\/"},"modified":"2026-03-30T09:35:57","modified_gmt":"2026-03-30T07:35:57","slug":"pokemon-scarlet-violet-stellar-crown-sv07-3-pack-blister-3","status":"publish","type":"product","link":"https:\/\/theuncommonshop.ch\/en\/product\/pokemon-scarlet-violet-stellar-crown-sv07-3-pack-blister-3\/","title":{"rendered":"Pok\u00e9mon &#8211; Scarlet &amp; Violet &#8211; Stellar Crown (SV07) &#8211; 3-Pack Blister"},"content":{"rendered":"<p>Dive into a world beneath the surface and discover the true potential of the Tera Valley phenomenon! The Legendary Pok\u00e9mon Terapagos ascends to the throne, accompanied by Cinderace ex, Lapras ex, and Galvantula ex, all equipped with brilliant new powers as Stellar Tera Pok\u00e9mon ex. The newly discovered Hydrapple ex leads even more Pok\u00e9mon ex into battle, and ACE SPEC cards continue to cause a stir in the Pok\u00e9mon Trading Card Game: Scarlet &amp; Violet &#8211; Stellar Crown expansion!  <\/p>\n<p>The Pok\u00e9mon Trading Card Game &#8211; Stellar Crown three-pack blister contains:<\/p>\n<p>3 Pok\u00e9mon Trading Card Game: Scarlet &amp; Violet &#8211; Stellar Crown booster packs<\/p>\n<p>1 Tinkaton or Latias promo card<\/p>\n","protected":false},"excerpt":{"rendered":"<p>Dive into a world beneath the surface and discover the true potential of the Tera Valley phenomenon! The Legendary Pok\u00e9mon<\/p>\n","protected":false},"featured_media":301422,"comment_status":"open","ping_status":"closed","template":"","meta":{"_acf_changed":false},"product_brand":[5115,5073],"product_cat":[9818,9776,10098],"product_tag":[],"class_list":{"0":"post-324682","1":"product","2":"type-product","3":"status-publish","4":"has-post-thumbnail","6":"product_brand-pokemon","7":"product_brand-the-pokemon-company","8":"product_cat-blister-packs-en","9":"product_cat-pokemon-en","10":"product_cat-sv07-stellar-crown-en","12":"first","13":"outofstock","14":"taxable","15":"shipping-taxable","16":"purchasable","17":"product-type-variable"},"acf":[],"yoast_head":"<!-- This site is optimized with the Yoast SEO plugin v27.4 - https:\/\/yoast.com\/product\/yoast-seo-wordpress\/ -->\n<title>Buy Pok\u00e9mon - Scarlet &amp; Violet - Stellar Crown (SV07) - 3-Pack Blister<\/title>\n<meta name=\"description\" content=\"Shop Pok\u00e9mon - Scarlet &amp; Violet - Stellar Crown (SV07) - 3-Pack Blister online at great prices now! Your #1 TCG &amp; Pok\u00e9mon card shop in Switzerland \u2713 Free shipping from CHF 29\" \/>\n<meta name=\"robots\" content=\"index, follow, max-snippet:-1, max-image-preview:large, max-video-preview:-1\" \/>\n<link rel=\"canonical\" href=\"https:\/\/theuncommonshop.ch\/en\/product\/pokemon-scarlet-violet-stellar-crown-sv07-3-pack-blister-3\/\" \/>\n<meta property=\"og:locale\" content=\"en_US\" \/>\n<meta property=\"og:type\" content=\"article\" \/>\n<meta property=\"og:title\" content=\"Buy Pok\u00e9mon - Scarlet &amp; Violet - Stellar Crown (SV07) - 3-Pack Blister\" \/>\n<meta property=\"og:description\" content=\"Shop Pok\u00e9mon - Scarlet &amp; Violet - Stellar Crown (SV07) - 3-Pack Blister online at great prices now! Your #1 TCG &amp; Pok\u00e9mon card shop in Switzerland \u2713 Free shipping from CHF 29\" \/>\n<meta property=\"og:url\" content=\"https:\/\/theuncommonshop.ch\/en\/product\/pokemon-scarlet-violet-stellar-crown-sv07-3-pack-blister-3\/\" \/>\n<meta property=\"og:site_name\" content=\"Largest trading card shop in Switzerland\" \/>\n<meta property=\"article:modified_time\" content=\"2026-03-30T07:35:57+00:00\" \/>\n<meta property=\"og:image\" content=\"https:\/\/theuncommonshop.ch\/wp-content\/uploads\/2025\/06\/StellarCrown3-PackBlisterPack.webp\" \/>\n\t<meta property=\"og:image:width\" content=\"1000\" \/>\n\t<meta property=\"og:image:height\" content=\"1000\" \/>\n\t<meta property=\"og:image:type\" content=\"image\/webp\" \/>\n<meta name=\"twitter:card\" content=\"summary_large_image\" \/>\n<meta name=\"twitter:label1\" content=\"Availability\" \/>\n\t<meta name=\"twitter:data1\" content=\"Out of stock\" \/>\n<script type=\"application\/ld+json\" class=\"yoast-schema-graph\">{\"@context\":\"https:\\\/\\\/schema.org\",\"@graph\":[{\"@type\":\"WebPage\",\"@id\":\"https:\\\/\\\/theuncommonshop.ch\\\/en\\\/product\\\/pokemon-scarlet-violet-stellar-crown-sv07-3-pack-blister-3\\\/\",\"url\":\"https:\\\/\\\/theuncommonshop.ch\\\/en\\\/product\\\/pokemon-scarlet-violet-stellar-crown-sv07-3-pack-blister-3\\\/\",\"name\":\"Buy Pok\u00e9mon - Scarlet &amp; Violet - Stellar Crown (SV07) - 3-Pack Blister\",\"isPartOf\":{\"@id\":\"https:\\\/\\\/theuncommonshop.ch\\\/#website\"},\"primaryImageOfPage\":{\"@id\":\"https:\\\/\\\/theuncommonshop.ch\\\/en\\\/product\\\/pokemon-scarlet-violet-stellar-crown-sv07-3-pack-blister-3\\\/#primaryimage\"},\"image\":{\"@id\":\"https:\\\/\\\/theuncommonshop.ch\\\/en\\\/product\\\/pokemon-scarlet-violet-stellar-crown-sv07-3-pack-blister-3\\\/#primaryimage\"},\"thumbnailUrl\":\"https:\\\/\\\/theuncommonshop.ch\\\/wp-content\\\/uploads\\\/2025\\\/06\\\/StellarCrown3-PackBlisterPack.webp\",\"datePublished\":\"2025-06-04T12:21:40+00:00\",\"dateModified\":\"2026-03-30T07:35:57+00:00\",\"description\":\"Shop Pok\u00e9mon - Scarlet &amp; Violet - Stellar Crown (SV07) - 3-Pack Blister online at great prices now! Your #1 TCG & Pok\u00e9mon card shop in Switzerland \u2713 Free shipping from CHF 29\",\"breadcrumb\":{\"@id\":\"https:\\\/\\\/theuncommonshop.ch\\\/en\\\/product\\\/pokemon-scarlet-violet-stellar-crown-sv07-3-pack-blister-3\\\/#breadcrumb\"},\"inLanguage\":\"en-US\",\"potentialAction\":[{\"@type\":\"ReadAction\",\"target\":[\"https:\\\/\\\/theuncommonshop.ch\\\/en\\\/product\\\/pokemon-scarlet-violet-stellar-crown-sv07-3-pack-blister-3\\\/\"]}]},{\"@type\":\"ImageObject\",\"inLanguage\":\"en-US\",\"@id\":\"https:\\\/\\\/theuncommonshop.ch\\\/en\\\/product\\\/pokemon-scarlet-violet-stellar-crown-sv07-3-pack-blister-3\\\/#primaryimage\",\"url\":\"https:\\\/\\\/theuncommonshop.ch\\\/wp-content\\\/uploads\\\/2025\\\/06\\\/StellarCrown3-PackBlisterPack.webp\",\"contentUrl\":\"https:\\\/\\\/theuncommonshop.ch\\\/wp-content\\\/uploads\\\/2025\\\/06\\\/StellarCrown3-PackBlisterPack.webp\",\"width\":1000,\"height\":1000},{\"@type\":\"BreadcrumbList\",\"@id\":\"https:\\\/\\\/theuncommonshop.ch\\\/en\\\/product\\\/pokemon-scarlet-violet-stellar-crown-sv07-3-pack-blister-3\\\/#breadcrumb\",\"itemListElement\":[{\"@type\":\"ListItem\",\"position\":1,\"name\":\"Home\",\"item\":\"https:\\\/\\\/theuncommonshop.ch\\\/en\\\/home\\\/\"},{\"@type\":\"ListItem\",\"position\":2,\"name\":\"Store\",\"item\":\"https:\\\/\\\/theuncommonshop.ch\\\/en\\\/store\\\/\"},{\"@type\":\"ListItem\",\"position\":3,\"name\":\"Pok\u00e9mon\",\"item\":\"https:\\\/\\\/theuncommonshop.ch\\\/produktkategorie\\\/pokemon\\\/\"},{\"@type\":\"ListItem\",\"position\":4,\"name\":\"Produkte nach Sets\",\"item\":\"https:\\\/\\\/theuncommonshop.ch\\\/produktkategorie\\\/pokemon\\\/produkte-nach-sets\\\/\"},{\"@type\":\"ListItem\",\"position\":5,\"name\":\"Karmesin & Purpur\",\"item\":\"https:\\\/\\\/theuncommonshop.ch\\\/produktkategorie\\\/pokemon\\\/produkte-nach-sets\\\/karmesin-und-purpur-aera\\\/\"},{\"@type\":\"ListItem\",\"position\":6,\"name\":\"SV07 Stellarkrone\",\"item\":\"https:\\\/\\\/theuncommonshop.ch\\\/produktkategorie\\\/pokemon\\\/produkte-nach-sets\\\/karmesin-und-purpur-aera\\\/sv07-stellar-crown\\\/\"},{\"@type\":\"ListItem\",\"position\":7,\"name\":\"Pok\u00e9mon &#8211; Scarlet &amp; Violet &#8211; Stellar Crown (SV07) &#8211; 3-Pack Blister\"}]},{\"@type\":\"WebSite\",\"@id\":\"https:\\\/\\\/theuncommonshop.ch\\\/#website\",\"url\":\"https:\\\/\\\/theuncommonshop.ch\\\/\",\"name\":\"Largest trading card shop in Switzerland\",\"description\":\"Magic, Pok\u00e9mon and Yu-gi-oh - The Uncommon Shop\",\"potentialAction\":[{\"@type\":\"SearchAction\",\"target\":{\"@type\":\"EntryPoint\",\"urlTemplate\":\"https:\\\/\\\/theuncommonshop.ch\\\/?s={search_term_string}\"},\"query-input\":{\"@type\":\"PropertyValueSpecification\",\"valueRequired\":true,\"valueName\":\"search_term_string\"}}],\"inLanguage\":\"en-US\"}]}<\/script>\n<meta property=\"og:availability\" content=\"out of stock\" \/>\n<meta property=\"product:availability\" content=\"out of stock\" \/>\n<meta property=\"product:condition\" content=\"new\" \/>\n<!-- \/ Yoast SEO plugin. -->","yoast_head_json":{"title":"Buy Pok\u00e9mon - Scarlet &amp; Violet - Stellar Crown (SV07) - 3-Pack Blister","description":"Shop Pok\u00e9mon - Scarlet &amp; Violet - Stellar Crown (SV07) - 3-Pack Blister online at great prices now! Your #1 TCG & Pok\u00e9mon card shop in Switzerland \u2713 Free shipping from CHF 29","robots":{"index":"index","follow":"follow","max-snippet":"max-snippet:-1","max-image-preview":"max-image-preview:large","max-video-preview":"max-video-preview:-1"},"canonical":"https:\/\/theuncommonshop.ch\/en\/product\/pokemon-scarlet-violet-stellar-crown-sv07-3-pack-blister-3\/","og_locale":"en_US","og_type":"article","og_title":"Buy Pok\u00e9mon - Scarlet &amp; Violet - Stellar Crown (SV07) - 3-Pack Blister","og_description":"Shop Pok\u00e9mon - Scarlet &amp; Violet - Stellar Crown (SV07) - 3-Pack Blister online at great prices now! Your #1 TCG & Pok\u00e9mon card shop in Switzerland \u2713 Free shipping from CHF 29","og_url":"https:\/\/theuncommonshop.ch\/en\/product\/pokemon-scarlet-violet-stellar-crown-sv07-3-pack-blister-3\/","og_site_name":"Largest trading card shop in Switzerland","article_modified_time":"2026-03-30T07:35:57+00:00","og_image":[{"width":1000,"height":1000,"url":"https:\/\/theuncommonshop.ch\/wp-content\/uploads\/2025\/06\/StellarCrown3-PackBlisterPack.webp","type":"image\/webp"}],"twitter_card":"summary_large_image","twitter_misc":{"Availability":"Out of stock"},"schema":{"@context":"https:\/\/schema.org","@graph":[{"@type":"WebPage","@id":"https:\/\/theuncommonshop.ch\/en\/product\/pokemon-scarlet-violet-stellar-crown-sv07-3-pack-blister-3\/","url":"https:\/\/theuncommonshop.ch\/en\/product\/pokemon-scarlet-violet-stellar-crown-sv07-3-pack-blister-3\/","name":"Buy Pok\u00e9mon - Scarlet &amp; Violet - Stellar Crown (SV07) - 3-Pack Blister","isPartOf":{"@id":"https:\/\/theuncommonshop.ch\/#website"},"primaryImageOfPage":{"@id":"https:\/\/theuncommonshop.ch\/en\/product\/pokemon-scarlet-violet-stellar-crown-sv07-3-pack-blister-3\/#primaryimage"},"image":{"@id":"https:\/\/theuncommonshop.ch\/en\/product\/pokemon-scarlet-violet-stellar-crown-sv07-3-pack-blister-3\/#primaryimage"},"thumbnailUrl":"https:\/\/theuncommonshop.ch\/wp-content\/uploads\/2025\/06\/StellarCrown3-PackBlisterPack.webp","datePublished":"2025-06-04T12:21:40+00:00","dateModified":"2026-03-30T07:35:57+00:00","description":"Shop Pok\u00e9mon - Scarlet &amp; Violet - Stellar Crown (SV07) - 3-Pack Blister online at great prices now! Your #1 TCG & Pok\u00e9mon card shop in Switzerland \u2713 Free shipping from CHF 29","breadcrumb":{"@id":"https:\/\/theuncommonshop.ch\/en\/product\/pokemon-scarlet-violet-stellar-crown-sv07-3-pack-blister-3\/#breadcrumb"},"inLanguage":"en-US","potentialAction":[{"@type":"ReadAction","target":["https:\/\/theuncommonshop.ch\/en\/product\/pokemon-scarlet-violet-stellar-crown-sv07-3-pack-blister-3\/"]}]},{"@type":"ImageObject","inLanguage":"en-US","@id":"https:\/\/theuncommonshop.ch\/en\/product\/pokemon-scarlet-violet-stellar-crown-sv07-3-pack-blister-3\/#primaryimage","url":"https:\/\/theuncommonshop.ch\/wp-content\/uploads\/2025\/06\/StellarCrown3-PackBlisterPack.webp","contentUrl":"https:\/\/theuncommonshop.ch\/wp-content\/uploads\/2025\/06\/StellarCrown3-PackBlisterPack.webp","width":1000,"height":1000},{"@type":"BreadcrumbList","@id":"https:\/\/theuncommonshop.ch\/en\/product\/pokemon-scarlet-violet-stellar-crown-sv07-3-pack-blister-3\/#breadcrumb","itemListElement":[{"@type":"ListItem","position":1,"name":"Home","item":"https:\/\/theuncommonshop.ch\/en\/home\/"},{"@type":"ListItem","position":2,"name":"Store","item":"https:\/\/theuncommonshop.ch\/en\/store\/"},{"@type":"ListItem","position":3,"name":"Pok\u00e9mon","item":"https:\/\/theuncommonshop.ch\/produktkategorie\/pokemon\/"},{"@type":"ListItem","position":4,"name":"Produkte nach Sets","item":"https:\/\/theuncommonshop.ch\/produktkategorie\/pokemon\/produkte-nach-sets\/"},{"@type":"ListItem","position":5,"name":"Karmesin & Purpur","item":"https:\/\/theuncommonshop.ch\/produktkategorie\/pokemon\/produkte-nach-sets\/karmesin-und-purpur-aera\/"},{"@type":"ListItem","position":6,"name":"SV07 Stellarkrone","item":"https:\/\/theuncommonshop.ch\/produktkategorie\/pokemon\/produkte-nach-sets\/karmesin-und-purpur-aera\/sv07-stellar-crown\/"},{"@type":"ListItem","position":7,"name":"Pok\u00e9mon &#8211; Scarlet &amp; Violet &#8211; Stellar Crown (SV07) &#8211; 3-Pack Blister"}]},{"@type":"WebSite","@id":"https:\/\/theuncommonshop.ch\/#website","url":"https:\/\/theuncommonshop.ch\/","name":"Largest trading card shop in Switzerland","description":"Magic, Pok\u00e9mon and Yu-gi-oh - The Uncommon Shop","potentialAction":[{"@type":"SearchAction","target":{"@type":"EntryPoint","urlTemplate":"https:\/\/theuncommonshop.ch\/?s={search_term_string}"},"query-input":{"@type":"PropertyValueSpecification","valueRequired":true,"valueName":"search_term_string"}}],"inLanguage":"en-US"}]},"og_availability":"out of stock","product_availability":"out of stock","product_condition":"new"},"_links":{"self":[{"href":"https:\/\/theuncommonshop.ch\/en\/wp-json\/wp\/v2\/product\/324682","targetHints":{"allow":["GET"]}}],"collection":[{"href":"https:\/\/theuncommonshop.ch\/en\/wp-json\/wp\/v2\/product"}],"about":[{"href":"https:\/\/theuncommonshop.ch\/en\/wp-json\/wp\/v2\/types\/product"}],"replies":[{"embeddable":true,"href":"https:\/\/theuncommonshop.ch\/en\/wp-json\/wp\/v2\/comments?post=324682"}],"version-history":[{"count":2,"href":"https:\/\/theuncommonshop.ch\/en\/wp-json\/wp\/v2\/product\/324682\/revisions"}],"predecessor-version":[{"id":361569,"href":"https:\/\/theuncommonshop.ch\/en\/wp-json\/wp\/v2\/product\/324682\/revisions\/361569"}],"wp:featuredmedia":[{"embeddable":true,"href":"https:\/\/theuncommonshop.ch\/en\/wp-json\/wp\/v2\/media\/301422"}],"wp:attachment":[{"href":"https:\/\/theuncommonshop.ch\/en\/wp-json\/wp\/v2\/media?parent=324682"}],"wp:term":[{"taxonomy":"product_brand","embeddable":true,"href":"https:\/\/theuncommonshop.ch\/en\/wp-json\/wp\/v2\/product_brand?post=324682"},{"taxonomy":"product_cat","embeddable":true,"href":"https:\/\/theuncommonshop.ch\/en\/wp-json\/wp\/v2\/product_cat?post=324682"},{"taxonomy":"product_tag","embeddable":true,"href":"https:\/\/theuncommonshop.ch\/en\/wp-json\/wp\/v2\/product_tag?post=324682"}],"curies":[{"name":"wp","href":"https:\/\/api.w.org\/{rel}","templated":true}]}}