{"id":323831,"date":"2025-06-04T17:01:13","date_gmt":"2025-06-04T17:01:13","guid":{"rendered":"http:\/\/theuncommonshop.ch\/produkt\/323831\/"},"modified":"2026-04-13T22:53:15","modified_gmt":"2026-04-13T20:53:15","slug":"protecc-acryl-case-pokemon-high-class-vmax-booster-box-jpn-3","status":"publish","type":"product","link":"https:\/\/theuncommonshop.ch\/en\/product\/protecc-acryl-case-pokemon-high-class-vmax-booster-box-jpn-3\/","title":{"rendered":"Protecc &#8211; Acryl Case &#8211; Pok\u00e9mon High Class VMAX Booster Box &#8211; JPN"},"content":{"rendered":"<div>Discover the perfect combination of stylish presentation and protection for your valuable Japanese Pok\u00e9mon Booster Boxes [Box Set with 10 Boosters] with the high-quality magnetic, crystal-clear acrylic case from Protecc. Thanks to the strong magnets, assembly is effortless and secure, while your collection shines in all its glory. <\/div>\n<div><\/div>\n<div>No hassle with screws &#8211; Protecc makes it easy to display and protect your collection in all its glory.<\/div>\n<div><\/div>\n<div>Strong magnet system for easy mounting and dust protection:<\/div>\n<div>Instead of screws, we use extremely strong magnets so that you can close the case effortlessly and without tools. This ensures reliable dust protection for your collection. <\/div>\n<div><\/div>\n<div>Crystal-clear transparency for a perfect presentation:<\/div>\n<div>The case is made of high-quality, crystal-clear acrylic that provides a flawless, transparent view of your Japanese Pok\u00e9mon Booster Boxes. This shows off your treasures in all their glory. <\/div>\n<div><\/div>\n<div>Long-term value retention thanks to high-quality material:<\/div>\n<div>Made of high-quality, crystal-clear acrylic, the Protecc case retains its quality even after a long time. This keeps your collector&#8217;s items fresh and in mint condition, which preserves and increases the value of your collection in the long term. <\/div>\n<div><\/div>\n<div>Precisely fitting shape for optimum protection:<\/div>\n<p>The case is precisely tailored to the Japanese Pok\u00e9mon booster boxes and offers customized protection for your collectibles. Effortless insertion and removal of items <\/p>\n<p>&nbsp;<\/p>\n<div>UV protection for long-lasting quality:<\/div>\n<div>Our case has built-in UV protection that protects your collectibles from fading, keeping the colors and details fresh for years to come.<\/div>\n<div><\/div>\n<div>Elegant design for an aesthetic presentation:<\/div>\n<div>The simple and elegant design of the acrylic case emphasizes the visual presentation of your beautiful collection without disturbing the aesthetics.<\/div>\n","protected":false},"excerpt":{"rendered":"<p>Discover the perfect combination of stylish presentation and protection for your valuable Japanese Pok\u00e9mon Booster Boxes [Box Set with 10<\/p>\n","protected":false},"featured_media":368696,"comment_status":"open","ping_status":"closed","template":"","meta":{"_acf_changed":false},"product_brand":[5121],"product_cat":[10266,9832,9880,9866,9858],"product_tag":[],"class_list":{"0":"post-323831","1":"product","2":"type-product","3":"status-publish","4":"has-post-thumbnail","6":"product_brand-protecc","7":"product_cat-card-protection-en","8":"product_cat-pokemon-card-accessories","9":"product_cat-protecc-en","10":"product_cat-storage","11":"product_cat-tcg-accessories","13":"first","14":"instock","15":"taxable","16":"shipping-taxable","17":"purchasable","18":"product-type-simple"},"acf":[],"yoast_head":"<!-- This site is optimized with the Yoast SEO plugin v27.4 - https:\/\/yoast.com\/product\/yoast-seo-wordpress\/ -->\n<title>Buy Protecc - Acryl Case - Pok\u00e9mon High Class VMAX Booster Box - JPN<\/title>\n<meta name=\"description\" content=\"Shop Protecc - Acryl Case - Pok\u00e9mon High Class VMAX Booster Box - JPN online at great prices now! Your #1 TCG &amp; Pok\u00e9mon card shop in Switzerland \u2713 Free shipping from CHF 29\" \/>\n<meta name=\"robots\" content=\"index, follow, max-snippet:-1, max-image-preview:large, max-video-preview:-1\" \/>\n<link rel=\"canonical\" href=\"https:\/\/theuncommonshop.ch\/en\/product\/protecc-acryl-case-pokemon-high-class-vmax-booster-box-jpn-3\/\" \/>\n<meta property=\"og:locale\" content=\"en_US\" \/>\n<meta property=\"og:type\" content=\"article\" \/>\n<meta property=\"og:title\" content=\"Buy Protecc - Acryl Case - Pok\u00e9mon High Class VMAX Booster Box - JPN\" \/>\n<meta property=\"og:description\" content=\"Shop Protecc - Acryl Case - Pok\u00e9mon High Class VMAX Booster Box - JPN online at great prices now! Your #1 TCG &amp; Pok\u00e9mon card shop in Switzerland \u2713 Free shipping from CHF 29\" \/>\n<meta property=\"og:url\" content=\"https:\/\/theuncommonshop.ch\/en\/product\/protecc-acryl-case-pokemon-high-class-vmax-booster-box-jpn-3\/\" \/>\n<meta property=\"og:site_name\" content=\"Largest trading card shop in Switzerland\" \/>\n<meta property=\"article:modified_time\" content=\"2026-04-13T20:53:15+00:00\" \/>\n<meta property=\"og:image\" content=\"https:\/\/theuncommonshop.ch\/wp-content\/uploads\/2025\/06\/Design-ohne-Titel-9.jpg\" \/>\n\t<meta property=\"og:image:width\" content=\"1500\" \/>\n\t<meta property=\"og:image:height\" content=\"1500\" \/>\n\t<meta property=\"og:image:type\" content=\"image\/jpeg\" \/>\n<meta name=\"twitter:card\" content=\"summary_large_image\" \/>\n<meta name=\"twitter:label1\" content=\"Price\" \/>\n\t<meta name=\"twitter:data1\" content=\"&#067;&#072;&#070;&nbsp;29.95\" \/>\n\t<meta name=\"twitter:label2\" content=\"Availability\" \/>\n\t<meta name=\"twitter:data2\" content=\"In stock\" \/>\n<script type=\"application\/ld+json\" class=\"yoast-schema-graph\">{\"@context\":\"https:\\\/\\\/schema.org\",\"@graph\":[{\"@type\":\"WebPage\",\"@id\":\"https:\\\/\\\/theuncommonshop.ch\\\/en\\\/product\\\/protecc-acryl-case-pokemon-high-class-vmax-booster-box-jpn-3\\\/\",\"url\":\"https:\\\/\\\/theuncommonshop.ch\\\/en\\\/product\\\/protecc-acryl-case-pokemon-high-class-vmax-booster-box-jpn-3\\\/\",\"name\":\"Buy Protecc - Acryl Case - Pok\u00e9mon High Class VMAX Booster Box - JPN\",\"isPartOf\":{\"@id\":\"https:\\\/\\\/theuncommonshop.ch\\\/#website\"},\"primaryImageOfPage\":{\"@id\":\"https:\\\/\\\/theuncommonshop.ch\\\/en\\\/product\\\/protecc-acryl-case-pokemon-high-class-vmax-booster-box-jpn-3\\\/#primaryimage\"},\"image\":{\"@id\":\"https:\\\/\\\/theuncommonshop.ch\\\/en\\\/product\\\/protecc-acryl-case-pokemon-high-class-vmax-booster-box-jpn-3\\\/#primaryimage\"},\"thumbnailUrl\":\"https:\\\/\\\/theuncommonshop.ch\\\/wp-content\\\/uploads\\\/2025\\\/06\\\/Design-ohne-Titel-9.jpg\",\"datePublished\":\"2025-06-04T17:01:13+00:00\",\"dateModified\":\"2026-04-13T20:53:15+00:00\",\"description\":\"Shop Protecc - Acryl Case - Pok\u00e9mon High Class VMAX Booster Box - JPN online at great prices now! Your #1 TCG & Pok\u00e9mon card shop in Switzerland \u2713 Free shipping from CHF 29\",\"breadcrumb\":{\"@id\":\"https:\\\/\\\/theuncommonshop.ch\\\/en\\\/product\\\/protecc-acryl-case-pokemon-high-class-vmax-booster-box-jpn-3\\\/#breadcrumb\"},\"inLanguage\":\"en-US\",\"potentialAction\":[{\"@type\":\"ReadAction\",\"target\":[\"https:\\\/\\\/theuncommonshop.ch\\\/en\\\/product\\\/protecc-acryl-case-pokemon-high-class-vmax-booster-box-jpn-3\\\/\"]}]},{\"@type\":\"ImageObject\",\"inLanguage\":\"en-US\",\"@id\":\"https:\\\/\\\/theuncommonshop.ch\\\/en\\\/product\\\/protecc-acryl-case-pokemon-high-class-vmax-booster-box-jpn-3\\\/#primaryimage\",\"url\":\"https:\\\/\\\/theuncommonshop.ch\\\/wp-content\\\/uploads\\\/2025\\\/06\\\/Design-ohne-Titel-9.jpg\",\"contentUrl\":\"https:\\\/\\\/theuncommonshop.ch\\\/wp-content\\\/uploads\\\/2025\\\/06\\\/Design-ohne-Titel-9.jpg\",\"width\":1500,\"height\":1500,\"caption\":\"Design without title (9)\"},{\"@type\":\"BreadcrumbList\",\"@id\":\"https:\\\/\\\/theuncommonshop.ch\\\/en\\\/product\\\/protecc-acryl-case-pokemon-high-class-vmax-booster-box-jpn-3\\\/#breadcrumb\",\"itemListElement\":[{\"@type\":\"ListItem\",\"position\":1,\"name\":\"Home\",\"item\":\"https:\\\/\\\/theuncommonshop.ch\\\/en\\\/home\\\/\"},{\"@type\":\"ListItem\",\"position\":2,\"name\":\"Store\",\"item\":\"https:\\\/\\\/theuncommonshop.ch\\\/en\\\/store\\\/\"},{\"@type\":\"ListItem\",\"position\":3,\"name\":\"TCG Zubeh\u00f6r\",\"item\":\"https:\\\/\\\/theuncommonshop.ch\\\/produktkategorie\\\/tcg-zubehoer\\\/\"},{\"@type\":\"ListItem\",\"position\":4,\"name\":\"Aufbewahrung\",\"item\":\"https:\\\/\\\/theuncommonshop.ch\\\/produktkategorie\\\/tcg-zubehoer\\\/aufbewahrung\\\/\"},{\"@type\":\"ListItem\",\"position\":5,\"name\":\"Protecc\",\"item\":\"https:\\\/\\\/theuncommonshop.ch\\\/produktkategorie\\\/tcg-zubehoer\\\/aufbewahrung\\\/protecc\\\/\"},{\"@type\":\"ListItem\",\"position\":6,\"name\":\"Protecc &#8211; Acryl Case &#8211; Pok\u00e9mon High Class VMAX Booster Box &#8211; JPN\"}]},{\"@type\":\"WebSite\",\"@id\":\"https:\\\/\\\/theuncommonshop.ch\\\/#website\",\"url\":\"https:\\\/\\\/theuncommonshop.ch\\\/\",\"name\":\"Largest trading card shop in Switzerland\",\"description\":\"Magic, Pok\u00e9mon and Yu-gi-oh - The Uncommon Shop\",\"potentialAction\":[{\"@type\":\"SearchAction\",\"target\":{\"@type\":\"EntryPoint\",\"urlTemplate\":\"https:\\\/\\\/theuncommonshop.ch\\\/?s={search_term_string}\"},\"query-input\":{\"@type\":\"PropertyValueSpecification\",\"valueRequired\":true,\"valueName\":\"search_term_string\"}}],\"inLanguage\":\"en-US\"}]}<\/script>\n<meta property=\"product:price:amount\" content=\"29.95\" \/>\n<meta property=\"product:price:currency\" content=\"CHF\" \/>\n<meta property=\"og:availability\" content=\"instock\" \/>\n<meta property=\"product:availability\" content=\"instock\" \/>\n<meta property=\"product:retailer_item_id\" content=\"OP.II.A.ProteccAcrylCasePok\u00e9monHigh ClassVMAXBoosterBox.JPN\" \/>\n<meta property=\"product:condition\" content=\"new\" \/>\n<!-- \/ Yoast SEO plugin. -->","yoast_head_json":{"title":"Buy Protecc - Acryl Case - Pok\u00e9mon High Class VMAX Booster Box - JPN","description":"Shop Protecc - Acryl Case - Pok\u00e9mon High Class VMAX Booster Box - JPN online at great prices now! Your #1 TCG & Pok\u00e9mon card shop in Switzerland \u2713 Free shipping from CHF 29","robots":{"index":"index","follow":"follow","max-snippet":"max-snippet:-1","max-image-preview":"max-image-preview:large","max-video-preview":"max-video-preview:-1"},"canonical":"https:\/\/theuncommonshop.ch\/en\/product\/protecc-acryl-case-pokemon-high-class-vmax-booster-box-jpn-3\/","og_locale":"en_US","og_type":"article","og_title":"Buy Protecc - Acryl Case - Pok\u00e9mon High Class VMAX Booster Box - JPN","og_description":"Shop Protecc - Acryl Case - Pok\u00e9mon High Class VMAX Booster Box - JPN online at great prices now! Your #1 TCG & Pok\u00e9mon card shop in Switzerland \u2713 Free shipping from CHF 29","og_url":"https:\/\/theuncommonshop.ch\/en\/product\/protecc-acryl-case-pokemon-high-class-vmax-booster-box-jpn-3\/","og_site_name":"Largest trading card shop in Switzerland","article_modified_time":"2026-04-13T20:53:15+00:00","og_image":[{"width":1500,"height":1500,"url":"https:\/\/theuncommonshop.ch\/wp-content\/uploads\/2025\/06\/Design-ohne-Titel-9.jpg","type":"image\/jpeg"}],"twitter_card":"summary_large_image","twitter_misc":{"Price":"&#67;&#72;&#70;&nbsp;29.95","Availability":"In stock"},"schema":{"@context":"https:\/\/schema.org","@graph":[{"@type":"WebPage","@id":"https:\/\/theuncommonshop.ch\/en\/product\/protecc-acryl-case-pokemon-high-class-vmax-booster-box-jpn-3\/","url":"https:\/\/theuncommonshop.ch\/en\/product\/protecc-acryl-case-pokemon-high-class-vmax-booster-box-jpn-3\/","name":"Buy Protecc - Acryl Case - Pok\u00e9mon High Class VMAX Booster Box - JPN","isPartOf":{"@id":"https:\/\/theuncommonshop.ch\/#website"},"primaryImageOfPage":{"@id":"https:\/\/theuncommonshop.ch\/en\/product\/protecc-acryl-case-pokemon-high-class-vmax-booster-box-jpn-3\/#primaryimage"},"image":{"@id":"https:\/\/theuncommonshop.ch\/en\/product\/protecc-acryl-case-pokemon-high-class-vmax-booster-box-jpn-3\/#primaryimage"},"thumbnailUrl":"https:\/\/theuncommonshop.ch\/wp-content\/uploads\/2025\/06\/Design-ohne-Titel-9.jpg","datePublished":"2025-06-04T17:01:13+00:00","dateModified":"2026-04-13T20:53:15+00:00","description":"Shop Protecc - Acryl Case - Pok\u00e9mon High Class VMAX Booster Box - JPN online at great prices now! Your #1 TCG & Pok\u00e9mon card shop in Switzerland \u2713 Free shipping from CHF 29","breadcrumb":{"@id":"https:\/\/theuncommonshop.ch\/en\/product\/protecc-acryl-case-pokemon-high-class-vmax-booster-box-jpn-3\/#breadcrumb"},"inLanguage":"en-US","potentialAction":[{"@type":"ReadAction","target":["https:\/\/theuncommonshop.ch\/en\/product\/protecc-acryl-case-pokemon-high-class-vmax-booster-box-jpn-3\/"]}]},{"@type":"ImageObject","inLanguage":"en-US","@id":"https:\/\/theuncommonshop.ch\/en\/product\/protecc-acryl-case-pokemon-high-class-vmax-booster-box-jpn-3\/#primaryimage","url":"https:\/\/theuncommonshop.ch\/wp-content\/uploads\/2025\/06\/Design-ohne-Titel-9.jpg","contentUrl":"https:\/\/theuncommonshop.ch\/wp-content\/uploads\/2025\/06\/Design-ohne-Titel-9.jpg","width":1500,"height":1500,"caption":"Design without title (9)"},{"@type":"BreadcrumbList","@id":"https:\/\/theuncommonshop.ch\/en\/product\/protecc-acryl-case-pokemon-high-class-vmax-booster-box-jpn-3\/#breadcrumb","itemListElement":[{"@type":"ListItem","position":1,"name":"Home","item":"https:\/\/theuncommonshop.ch\/en\/home\/"},{"@type":"ListItem","position":2,"name":"Store","item":"https:\/\/theuncommonshop.ch\/en\/store\/"},{"@type":"ListItem","position":3,"name":"TCG Zubeh\u00f6r","item":"https:\/\/theuncommonshop.ch\/produktkategorie\/tcg-zubehoer\/"},{"@type":"ListItem","position":4,"name":"Aufbewahrung","item":"https:\/\/theuncommonshop.ch\/produktkategorie\/tcg-zubehoer\/aufbewahrung\/"},{"@type":"ListItem","position":5,"name":"Protecc","item":"https:\/\/theuncommonshop.ch\/produktkategorie\/tcg-zubehoer\/aufbewahrung\/protecc\/"},{"@type":"ListItem","position":6,"name":"Protecc &#8211; Acryl Case &#8211; Pok\u00e9mon High Class VMAX Booster Box &#8211; JPN"}]},{"@type":"WebSite","@id":"https:\/\/theuncommonshop.ch\/#website","url":"https:\/\/theuncommonshop.ch\/","name":"Largest trading card shop in Switzerland","description":"Magic, Pok\u00e9mon and Yu-gi-oh - The Uncommon Shop","potentialAction":[{"@type":"SearchAction","target":{"@type":"EntryPoint","urlTemplate":"https:\/\/theuncommonshop.ch\/?s={search_term_string}"},"query-input":{"@type":"PropertyValueSpecification","valueRequired":true,"valueName":"search_term_string"}}],"inLanguage":"en-US"}]},"product_price_amount":"29.95","product_price_currency":"CHF","og_availability":"instock","product_availability":"instock","product_retailer_item_id":"OP.II.A.ProteccAcrylCasePok\u00e9monHigh ClassVMAXBoosterBox.JPN","product_condition":"new"},"_links":{"self":[{"href":"https:\/\/theuncommonshop.ch\/en\/wp-json\/wp\/v2\/product\/323831","targetHints":{"allow":["GET"]}}],"collection":[{"href":"https:\/\/theuncommonshop.ch\/en\/wp-json\/wp\/v2\/product"}],"about":[{"href":"https:\/\/theuncommonshop.ch\/en\/wp-json\/wp\/v2\/types\/product"}],"replies":[{"embeddable":true,"href":"https:\/\/theuncommonshop.ch\/en\/wp-json\/wp\/v2\/comments?post=323831"}],"version-history":[{"count":1,"href":"https:\/\/theuncommonshop.ch\/en\/wp-json\/wp\/v2\/product\/323831\/revisions"}],"predecessor-version":[{"id":323832,"href":"https:\/\/theuncommonshop.ch\/en\/wp-json\/wp\/v2\/product\/323831\/revisions\/323832"}],"wp:featuredmedia":[{"embeddable":true,"href":"https:\/\/theuncommonshop.ch\/en\/wp-json\/wp\/v2\/media\/368696"}],"wp:attachment":[{"href":"https:\/\/theuncommonshop.ch\/en\/wp-json\/wp\/v2\/media?parent=323831"}],"wp:term":[{"taxonomy":"product_brand","embeddable":true,"href":"https:\/\/theuncommonshop.ch\/en\/wp-json\/wp\/v2\/product_brand?post=323831"},{"taxonomy":"product_cat","embeddable":true,"href":"https:\/\/theuncommonshop.ch\/en\/wp-json\/wp\/v2\/product_cat?post=323831"},{"taxonomy":"product_tag","embeddable":true,"href":"https:\/\/theuncommonshop.ch\/en\/wp-json\/wp\/v2\/product_tag?post=323831"}],"curies":[{"name":"wp","href":"https:\/\/api.w.org\/{rel}","templated":true}]}}