{"id":323673,"date":"2025-06-04T20:44:05","date_gmt":"2025-06-04T20:44:05","guid":{"rendered":"http:\/\/theuncommonshop.ch\/produkt\/323673\/"},"modified":"2026-03-29T13:25:52","modified_gmt":"2026-03-29T11:25:52","slug":"pokemon-sun-and-moon-golden-energy-gift-box-green-chn-3","status":"publish","type":"product","link":"https:\/\/theuncommonshop.ch\/en\/product\/pokemon-sun-and-moon-golden-energy-gift-box-green-chn-3\/","title":{"rendered":"Pok\u00e9mon &#8211; Sun &amp; Moon &#8211; Golden Energy Gift Box &#8211; Green &#8211; CHN"},"content":{"rendered":"<div>Pokemon TCG Simplified Chinese Sonne &amp; Mond Golden Energy Gift Box &#8211; Tapu Bulu (CSMH4). The contents include: <\/div>\n<div><\/div>\n<ul>\n<li>2 Promo Packs (3 cards\/pack): 1 Golden Energy (guaranteed) + 1 Holo Rare (guaranteed) + 1 Holo Rare or Rainbow Rare (random, leaning towards Holo Rare) per pack<\/li>\n<li>1 Jumbo Booster Pack (25 cards\/pack) each of Pokemon TCG Simplified Chinese Sun &amp; Moon Storming Emergence: Radiant (CSM1a C) + Verdant (CSM1b C) + Abundant (CSM1c C)<\/li>\n<li>3 Booster Packs (6 cards\/pack) of Pokemon TCG Simplified Chinese Sonne &amp; Mond Battle Elite (CSM1.5 C)<\/li>\n<li>1 Jumbo Booster Pack (25 cards\/pack) each of Pokemon TCG Simplified Chinese Sun &amp; Moon Shining Synergy: Shiver (CSM2a C) + Supreme (CSM2b C) + Summon (CSM2c C)<\/li>\n<li>3 Booster Packs (6 cards\/pack) of Pokemon TCG Simplified Chinese Sun &amp; Moon Striking Competition<\/li>\n<li>1 card holder with grass motif<\/li>\n<li>1 card box with grass motif<\/li>\n<\/ul>\n","protected":false},"excerpt":{"rendered":"<p>Pokemon TCG Simplified Chinese Sonne &amp; Mond Golden Energy Gift Box &#8211; Tapu Bulu (CSMH4). The contents include: 2 Promo<\/p>\n","protected":false},"featured_media":123247,"comment_status":"open","ping_status":"closed","template":"","meta":{"_acf_changed":false},"product_brand":[5073],"product_cat":[9810,9776],"product_tag":[],"class_list":{"0":"post-323673","1":"product","2":"type-product","3":"status-publish","4":"has-post-thumbnail","6":"product_brand-the-pokemon-company","7":"product_cat-boxes-and-collections-pokemon","8":"product_cat-pokemon-en","10":"first","11":"outofstock","12":"taxable","13":"shipping-taxable","14":"purchasable","15":"product-type-variable"},"acf":[],"yoast_head":"<!-- This site is optimized with the Yoast SEO plugin v27.4 - https:\/\/yoast.com\/product\/yoast-seo-wordpress\/ -->\n<title>Buy Pok\u00e9mon - Sun &amp; Moon - Golden Energy Gift Box - Green - CHN<\/title>\n<meta name=\"description\" content=\"Shop Pok\u00e9mon - Sun &amp; Moon - Golden Energy Gift Box - Green - CHN online at great prices now! Your #1 TCG &amp; Pok\u00e9mon card shop in Switzerland \u2713 Free shipping from CHF 29\" \/>\n<meta name=\"robots\" content=\"index, follow, max-snippet:-1, max-image-preview:large, max-video-preview:-1\" \/>\n<link rel=\"canonical\" href=\"https:\/\/theuncommonshop.ch\/en\/product\/pokemon-sun-and-moon-golden-energy-gift-box-green-chn-3\/\" \/>\n<meta property=\"og:locale\" content=\"en_US\" \/>\n<meta property=\"og:type\" content=\"article\" \/>\n<meta property=\"og:title\" content=\"Buy Pok\u00e9mon - Sun &amp; Moon - Golden Energy Gift Box - Green - CHN\" \/>\n<meta property=\"og:description\" content=\"Shop Pok\u00e9mon - Sun &amp; Moon - Golden Energy Gift Box - Green - CHN online at great prices now! Your #1 TCG &amp; Pok\u00e9mon card shop in Switzerland \u2713 Free shipping from CHF 29\" \/>\n<meta property=\"og:url\" content=\"https:\/\/theuncommonshop.ch\/en\/product\/pokemon-sun-and-moon-golden-energy-gift-box-green-chn-3\/\" \/>\n<meta property=\"og:site_name\" content=\"The Uncommon Shop\" \/>\n<meta property=\"article:modified_time\" content=\"2026-03-29T11:25:52+00:00\" \/>\n<meta property=\"og:image\" content=\"https:\/\/theuncommonshop.ch\/wp-content\/uploads\/2025\/06\/4827900326.jpg\" \/>\n\t<meta property=\"og:image:width\" content=\"470\" \/>\n\t<meta property=\"og:image:height\" content=\"427\" \/>\n\t<meta property=\"og:image:type\" content=\"image\/jpeg\" \/>\n<meta name=\"twitter:card\" content=\"summary_large_image\" \/>\n<meta name=\"twitter:label1\" content=\"Availability\" \/>\n\t<meta name=\"twitter:data1\" content=\"Out of stock\" \/>\n<script type=\"application\/ld+json\" class=\"yoast-schema-graph\">{\"@context\":\"https:\\\/\\\/schema.org\",\"@graph\":[{\"@type\":\"WebPage\",\"@id\":\"https:\\\/\\\/theuncommonshop.ch\\\/en\\\/product\\\/pokemon-sun-and-moon-golden-energy-gift-box-green-chn-3\\\/\",\"url\":\"https:\\\/\\\/theuncommonshop.ch\\\/en\\\/product\\\/pokemon-sun-and-moon-golden-energy-gift-box-green-chn-3\\\/\",\"name\":\"Buy Pok\u00e9mon - Sun &amp; Moon - Golden Energy Gift Box - Green - CHN\",\"isPartOf\":{\"@id\":\"https:\\\/\\\/theuncommonshop.ch\\\/en\\\/#website\"},\"primaryImageOfPage\":{\"@id\":\"https:\\\/\\\/theuncommonshop.ch\\\/en\\\/product\\\/pokemon-sun-and-moon-golden-energy-gift-box-green-chn-3\\\/#primaryimage\"},\"image\":{\"@id\":\"https:\\\/\\\/theuncommonshop.ch\\\/en\\\/product\\\/pokemon-sun-and-moon-golden-energy-gift-box-green-chn-3\\\/#primaryimage\"},\"thumbnailUrl\":\"https:\\\/\\\/theuncommonshop.ch\\\/wp-content\\\/uploads\\\/2025\\\/06\\\/4827900326.jpg\",\"datePublished\":\"2025-06-04T20:44:05+00:00\",\"dateModified\":\"2026-03-29T11:25:52+00:00\",\"description\":\"Shop Pok\u00e9mon - Sun &amp; Moon - Golden Energy Gift Box - Green - CHN online at great prices now! Your #1 TCG & Pok\u00e9mon card shop in Switzerland \u2713 Free shipping from CHF 29\",\"breadcrumb\":{\"@id\":\"https:\\\/\\\/theuncommonshop.ch\\\/en\\\/product\\\/pokemon-sun-and-moon-golden-energy-gift-box-green-chn-3\\\/#breadcrumb\"},\"inLanguage\":\"en-US\",\"potentialAction\":[{\"@type\":\"ReadAction\",\"target\":[\"https:\\\/\\\/theuncommonshop.ch\\\/en\\\/product\\\/pokemon-sun-and-moon-golden-energy-gift-box-green-chn-3\\\/\"]}]},{\"@type\":\"ImageObject\",\"inLanguage\":\"en-US\",\"@id\":\"https:\\\/\\\/theuncommonshop.ch\\\/en\\\/product\\\/pokemon-sun-and-moon-golden-energy-gift-box-green-chn-3\\\/#primaryimage\",\"url\":\"https:\\\/\\\/theuncommonshop.ch\\\/wp-content\\\/uploads\\\/2025\\\/06\\\/4827900326.jpg\",\"contentUrl\":\"https:\\\/\\\/theuncommonshop.ch\\\/wp-content\\\/uploads\\\/2025\\\/06\\\/4827900326.jpg\",\"width\":470,\"height\":427},{\"@type\":\"BreadcrumbList\",\"@id\":\"https:\\\/\\\/theuncommonshop.ch\\\/en\\\/product\\\/pokemon-sun-and-moon-golden-energy-gift-box-green-chn-3\\\/#breadcrumb\",\"itemListElement\":[{\"@type\":\"ListItem\",\"position\":1,\"name\":\"Home\",\"item\":\"https:\\\/\\\/theuncommonshop.ch\\\/en\\\/home\\\/\"},{\"@type\":\"ListItem\",\"position\":2,\"name\":\"Store\",\"item\":\"https:\\\/\\\/theuncommonshop.ch\\\/en\\\/store\\\/\"},{\"@type\":\"ListItem\",\"position\":3,\"name\":\"Pok\u00e9mon\",\"item\":\"https:\\\/\\\/theuncommonshop.ch\\\/en\\\/product-category\\\/pokemon-en\\\/\"},{\"@type\":\"ListItem\",\"position\":4,\"name\":\"Boxes & Collections\",\"item\":\"https:\\\/\\\/theuncommonshop.ch\\\/en\\\/product-category\\\/pokemon-en\\\/boxes-and-collections-pokemon\\\/\"},{\"@type\":\"ListItem\",\"position\":5,\"name\":\"Pok\u00e9mon &#8211; Sun &amp; Moon &#8211; Golden Energy Gift Box &#8211; Green &#8211; CHN\"}]},{\"@type\":\"WebSite\",\"@id\":\"https:\\\/\\\/theuncommonshop.ch\\\/en\\\/#website\",\"url\":\"https:\\\/\\\/theuncommonshop.ch\\\/en\\\/\",\"name\":\"The Uncommon Shop\",\"description\":\"Magic, Pok\u00e9mon and Yu-gi-oh - The Uncommon Shop\",\"potentialAction\":[{\"@type\":\"SearchAction\",\"target\":{\"@type\":\"EntryPoint\",\"urlTemplate\":\"https:\\\/\\\/theuncommonshop.ch\\\/en\\\/?s={search_term_string}\"},\"query-input\":{\"@type\":\"PropertyValueSpecification\",\"valueRequired\":true,\"valueName\":\"search_term_string\"}}],\"inLanguage\":\"en-US\"}]}<\/script>\n<meta property=\"og:availability\" content=\"out of stock\" \/>\n<meta property=\"product:availability\" content=\"out of stock\" \/>\n<meta property=\"product:retailer_item_id\" content=\"Po.XXXV.C.goldenernergygreenChineseGiftBox.CHN\" \/>\n<meta property=\"product:condition\" content=\"new\" \/>\n<!-- \/ Yoast SEO plugin. -->","yoast_head_json":{"title":"Buy Pok\u00e9mon - Sun &amp; Moon - Golden Energy Gift Box - Green - CHN","description":"Shop Pok\u00e9mon - Sun &amp; Moon - Golden Energy Gift Box - Green - CHN online at great prices now! Your #1 TCG & Pok\u00e9mon card shop in Switzerland \u2713 Free shipping from CHF 29","robots":{"index":"index","follow":"follow","max-snippet":"max-snippet:-1","max-image-preview":"max-image-preview:large","max-video-preview":"max-video-preview:-1"},"canonical":"https:\/\/theuncommonshop.ch\/en\/product\/pokemon-sun-and-moon-golden-energy-gift-box-green-chn-3\/","og_locale":"en_US","og_type":"article","og_title":"Buy Pok\u00e9mon - Sun &amp; Moon - Golden Energy Gift Box - Green - CHN","og_description":"Shop Pok\u00e9mon - Sun &amp; Moon - Golden Energy Gift Box - Green - CHN online at great prices now! Your #1 TCG & Pok\u00e9mon card shop in Switzerland \u2713 Free shipping from CHF 29","og_url":"https:\/\/theuncommonshop.ch\/en\/product\/pokemon-sun-and-moon-golden-energy-gift-box-green-chn-3\/","og_site_name":"The Uncommon Shop","article_modified_time":"2026-03-29T11:25:52+00:00","og_image":[{"width":470,"height":427,"url":"https:\/\/theuncommonshop.ch\/wp-content\/uploads\/2025\/06\/4827900326.jpg","type":"image\/jpeg"}],"twitter_card":"summary_large_image","twitter_misc":{"Availability":"Out of stock"},"schema":{"@context":"https:\/\/schema.org","@graph":[{"@type":"WebPage","@id":"https:\/\/theuncommonshop.ch\/en\/product\/pokemon-sun-and-moon-golden-energy-gift-box-green-chn-3\/","url":"https:\/\/theuncommonshop.ch\/en\/product\/pokemon-sun-and-moon-golden-energy-gift-box-green-chn-3\/","name":"Buy Pok\u00e9mon - Sun &amp; Moon - Golden Energy Gift Box - Green - CHN","isPartOf":{"@id":"https:\/\/theuncommonshop.ch\/en\/#website"},"primaryImageOfPage":{"@id":"https:\/\/theuncommonshop.ch\/en\/product\/pokemon-sun-and-moon-golden-energy-gift-box-green-chn-3\/#primaryimage"},"image":{"@id":"https:\/\/theuncommonshop.ch\/en\/product\/pokemon-sun-and-moon-golden-energy-gift-box-green-chn-3\/#primaryimage"},"thumbnailUrl":"https:\/\/theuncommonshop.ch\/wp-content\/uploads\/2025\/06\/4827900326.jpg","datePublished":"2025-06-04T20:44:05+00:00","dateModified":"2026-03-29T11:25:52+00:00","description":"Shop Pok\u00e9mon - Sun &amp; Moon - Golden Energy Gift Box - Green - CHN online at great prices now! Your #1 TCG & Pok\u00e9mon card shop in Switzerland \u2713 Free shipping from CHF 29","breadcrumb":{"@id":"https:\/\/theuncommonshop.ch\/en\/product\/pokemon-sun-and-moon-golden-energy-gift-box-green-chn-3\/#breadcrumb"},"inLanguage":"en-US","potentialAction":[{"@type":"ReadAction","target":["https:\/\/theuncommonshop.ch\/en\/product\/pokemon-sun-and-moon-golden-energy-gift-box-green-chn-3\/"]}]},{"@type":"ImageObject","inLanguage":"en-US","@id":"https:\/\/theuncommonshop.ch\/en\/product\/pokemon-sun-and-moon-golden-energy-gift-box-green-chn-3\/#primaryimage","url":"https:\/\/theuncommonshop.ch\/wp-content\/uploads\/2025\/06\/4827900326.jpg","contentUrl":"https:\/\/theuncommonshop.ch\/wp-content\/uploads\/2025\/06\/4827900326.jpg","width":470,"height":427},{"@type":"BreadcrumbList","@id":"https:\/\/theuncommonshop.ch\/en\/product\/pokemon-sun-and-moon-golden-energy-gift-box-green-chn-3\/#breadcrumb","itemListElement":[{"@type":"ListItem","position":1,"name":"Home","item":"https:\/\/theuncommonshop.ch\/en\/home\/"},{"@type":"ListItem","position":2,"name":"Store","item":"https:\/\/theuncommonshop.ch\/en\/store\/"},{"@type":"ListItem","position":3,"name":"Pok\u00e9mon","item":"https:\/\/theuncommonshop.ch\/en\/product-category\/pokemon-en\/"},{"@type":"ListItem","position":4,"name":"Boxes & Collections","item":"https:\/\/theuncommonshop.ch\/en\/product-category\/pokemon-en\/boxes-and-collections-pokemon\/"},{"@type":"ListItem","position":5,"name":"Pok\u00e9mon &#8211; Sun &amp; Moon &#8211; Golden Energy Gift Box &#8211; Green &#8211; CHN"}]},{"@type":"WebSite","@id":"https:\/\/theuncommonshop.ch\/en\/#website","url":"https:\/\/theuncommonshop.ch\/en\/","name":"The Uncommon Shop","description":"Magic, Pok\u00e9mon and Yu-gi-oh - The Uncommon Shop","potentialAction":[{"@type":"SearchAction","target":{"@type":"EntryPoint","urlTemplate":"https:\/\/theuncommonshop.ch\/en\/?s={search_term_string}"},"query-input":{"@type":"PropertyValueSpecification","valueRequired":true,"valueName":"search_term_string"}}],"inLanguage":"en-US"}]},"og_availability":"out of stock","product_availability":"out of stock","product_retailer_item_id":"Po.XXXV.C.goldenernergygreenChineseGiftBox.CHN","product_condition":"new"},"_links":{"self":[{"href":"https:\/\/theuncommonshop.ch\/en\/wp-json\/wp\/v2\/product\/323673","targetHints":{"allow":["GET"]}}],"collection":[{"href":"https:\/\/theuncommonshop.ch\/en\/wp-json\/wp\/v2\/product"}],"about":[{"href":"https:\/\/theuncommonshop.ch\/en\/wp-json\/wp\/v2\/types\/product"}],"replies":[{"embeddable":true,"href":"https:\/\/theuncommonshop.ch\/en\/wp-json\/wp\/v2\/comments?post=323673"}],"version-history":[{"count":0,"href":"https:\/\/theuncommonshop.ch\/en\/wp-json\/wp\/v2\/product\/323673\/revisions"}],"wp:featuredmedia":[{"embeddable":true,"href":"https:\/\/theuncommonshop.ch\/en\/wp-json\/wp\/v2\/media\/123247"}],"wp:attachment":[{"href":"https:\/\/theuncommonshop.ch\/en\/wp-json\/wp\/v2\/media?parent=323673"}],"wp:term":[{"taxonomy":"product_brand","embeddable":true,"href":"https:\/\/theuncommonshop.ch\/en\/wp-json\/wp\/v2\/product_brand?post=323673"},{"taxonomy":"product_cat","embeddable":true,"href":"https:\/\/theuncommonshop.ch\/en\/wp-json\/wp\/v2\/product_cat?post=323673"},{"taxonomy":"product_tag","embeddable":true,"href":"https:\/\/theuncommonshop.ch\/en\/wp-json\/wp\/v2\/product_tag?post=323673"}],"curies":[{"name":"wp","href":"https:\/\/api.w.org\/{rel}","templated":true}]}}