{"id":323471,"date":"2025-06-04T17:16:28","date_gmt":"2025-06-04T17:16:28","guid":{"rendered":"http:\/\/theuncommonshop.ch\/produkt\/323471\/"},"modified":"2026-03-29T18:01:07","modified_gmt":"2026-03-29T16:01:07","slug":"pokemon-mega-glumanda-pixel-art-set-3","status":"publish","type":"product","link":"https:\/\/theuncommonshop.ch\/en\/product\/pokemon-mega-glumanda-pixel-art-set-3\/","title":{"rendered":"Pok\u00e9mon &#8211; MEGA &#8211; Glumanda Pixel Art Set"},"content":{"rendered":"<p>Decorate your room and build some of your favorite Pok\u00e9mon with MEGA. Build Glumandar brick by brick and create a retro-inspired figure with official Pok\u00e9mon Pixel Art. Place it on your desk or hang it on the wall to show your love for Pok\u00e9mon. Can be combined with other Pok\u00e9mon from the series; each sold separately.  <\/p>\n<div><\/div>\n<div>Buildable Charmander figure based on the official Pok\u00e9mon Pixel Art<\/div>\n<div>Stands 6 inches tall and has pixel-style bricks for a retro look<\/div>\n<div>Various installation options: The set includes a flat base and a recess on the back for wall mounting<\/div>\n<div>Ideal for adult builders and collectors<\/div>\n<div>Officially licensed by The Pok\u00e9mon Company International<\/div>\n<p><\/p>\n<div><\/div>\n","protected":false},"excerpt":{"rendered":"<p>Decorate your room and build some of your favorite Pok\u00e9mon with MEGA. Build Glumandar brick by brick and create a<\/p>\n","protected":false},"featured_media":118100,"comment_status":"open","ping_status":"closed","template":"","meta":{"_acf_changed":false},"product_brand":[5149,5115],"product_cat":[9904,9908,9824],"product_tag":[],"class_list":{"0":"post-323471","1":"product","2":"type-product","3":"status-publish","4":"has-post-thumbnail","6":"product_brand-mega","7":"product_brand-pokemon","8":"product_cat-building-blocks","9":"product_cat-mega-construx-en","10":"product_cat-plush-toys-and-figurines","12":"first","13":"outofstock","14":"taxable","15":"shipping-taxable","16":"purchasable","17":"product-type-simple"},"acf":[],"yoast_head":"<!-- This site is optimized with the Yoast SEO plugin v27.4 - https:\/\/yoast.com\/product\/yoast-seo-wordpress\/ -->\n<title>Buy Pok\u00e9mon - MEGA - Glumanda Pixel Art Set<\/title>\n<meta name=\"description\" content=\"Shop Pok\u00e9mon - MEGA - Glumanda Pixel Art Set online at great prices now! Your #1 TCG &amp; Pok\u00e9mon card shop in Switzerland \u2713 Free shipping from CHF 29\" \/>\n<meta name=\"robots\" content=\"index, follow, max-snippet:-1, max-image-preview:large, max-video-preview:-1\" \/>\n<link rel=\"canonical\" href=\"https:\/\/theuncommonshop.ch\/en\/product\/pokemon-mega-glumanda-pixel-art-set-3\/\" \/>\n<meta property=\"og:locale\" content=\"en_US\" \/>\n<meta property=\"og:type\" content=\"article\" \/>\n<meta property=\"og:title\" content=\"Buy Pok\u00e9mon - MEGA - Glumanda Pixel Art Set\" \/>\n<meta property=\"og:description\" content=\"Shop Pok\u00e9mon - MEGA - Glumanda Pixel Art Set online at great prices now! Your #1 TCG &amp; Pok\u00e9mon card shop in Switzerland \u2713 Free shipping from CHF 29\" \/>\n<meta property=\"og:url\" content=\"https:\/\/theuncommonshop.ch\/en\/product\/pokemon-mega-glumanda-pixel-art-set-3\/\" \/>\n<meta property=\"og:site_name\" content=\"Largest trading card shop in Switzerland\" \/>\n<meta property=\"article:modified_time\" content=\"2026-03-29T16:01:07+00:00\" \/>\n<meta property=\"og:image\" content=\"https:\/\/theuncommonshop.ch\/wp-content\/uploads\/2025\/06\/4617407241.jpg\" \/>\n\t<meta property=\"og:image:width\" content=\"594\" \/>\n\t<meta property=\"og:image:height\" content=\"778\" \/>\n\t<meta property=\"og:image:type\" content=\"image\/jpeg\" \/>\n<meta name=\"twitter:card\" content=\"summary_large_image\" \/>\n<meta name=\"twitter:label1\" content=\"Price\" \/>\n\t<meta name=\"twitter:data1\" content=\"&#067;&#072;&#070;&nbsp;24.95\" \/>\n\t<meta name=\"twitter:label2\" content=\"Availability\" \/>\n\t<meta name=\"twitter:data2\" content=\"Out of stock\" \/>\n<script type=\"application\/ld+json\" class=\"yoast-schema-graph\">{\"@context\":\"https:\\\/\\\/schema.org\",\"@graph\":[{\"@type\":\"WebPage\",\"@id\":\"https:\\\/\\\/theuncommonshop.ch\\\/en\\\/product\\\/pokemon-mega-glumanda-pixel-art-set-3\\\/\",\"url\":\"https:\\\/\\\/theuncommonshop.ch\\\/en\\\/product\\\/pokemon-mega-glumanda-pixel-art-set-3\\\/\",\"name\":\"Buy Pok\u00e9mon - MEGA - Glumanda Pixel Art Set\",\"isPartOf\":{\"@id\":\"https:\\\/\\\/theuncommonshop.ch\\\/#website\"},\"primaryImageOfPage\":{\"@id\":\"https:\\\/\\\/theuncommonshop.ch\\\/en\\\/product\\\/pokemon-mega-glumanda-pixel-art-set-3\\\/#primaryimage\"},\"image\":{\"@id\":\"https:\\\/\\\/theuncommonshop.ch\\\/en\\\/product\\\/pokemon-mega-glumanda-pixel-art-set-3\\\/#primaryimage\"},\"thumbnailUrl\":\"https:\\\/\\\/theuncommonshop.ch\\\/wp-content\\\/uploads\\\/2025\\\/06\\\/4617407241.jpg\",\"datePublished\":\"2025-06-04T17:16:28+00:00\",\"dateModified\":\"2026-03-29T16:01:07+00:00\",\"description\":\"Shop Pok\u00e9mon - MEGA - Glumanda Pixel Art Set online at great prices now! Your #1 TCG & Pok\u00e9mon card shop in Switzerland \u2713 Free shipping from CHF 29\",\"breadcrumb\":{\"@id\":\"https:\\\/\\\/theuncommonshop.ch\\\/en\\\/product\\\/pokemon-mega-glumanda-pixel-art-set-3\\\/#breadcrumb\"},\"inLanguage\":\"en-US\",\"potentialAction\":[{\"@type\":\"ReadAction\",\"target\":[\"https:\\\/\\\/theuncommonshop.ch\\\/en\\\/product\\\/pokemon-mega-glumanda-pixel-art-set-3\\\/\"]}]},{\"@type\":\"ImageObject\",\"inLanguage\":\"en-US\",\"@id\":\"https:\\\/\\\/theuncommonshop.ch\\\/en\\\/product\\\/pokemon-mega-glumanda-pixel-art-set-3\\\/#primaryimage\",\"url\":\"https:\\\/\\\/theuncommonshop.ch\\\/wp-content\\\/uploads\\\/2025\\\/06\\\/4617407241.jpg\",\"contentUrl\":\"https:\\\/\\\/theuncommonshop.ch\\\/wp-content\\\/uploads\\\/2025\\\/06\\\/4617407241.jpg\",\"width\":594,\"height\":778},{\"@type\":\"BreadcrumbList\",\"@id\":\"https:\\\/\\\/theuncommonshop.ch\\\/en\\\/product\\\/pokemon-mega-glumanda-pixel-art-set-3\\\/#breadcrumb\",\"itemListElement\":[{\"@type\":\"ListItem\",\"position\":1,\"name\":\"Home\",\"item\":\"https:\\\/\\\/theuncommonshop.ch\\\/en\\\/home\\\/\"},{\"@type\":\"ListItem\",\"position\":2,\"name\":\"Store\",\"item\":\"https:\\\/\\\/theuncommonshop.ch\\\/en\\\/store\\\/\"},{\"@type\":\"ListItem\",\"position\":3,\"name\":\"Spielzeug\",\"item\":\"https:\\\/\\\/theuncommonshop.ch\\\/produktkategorie\\\/spielzeug\\\/\"},{\"@type\":\"ListItem\",\"position\":4,\"name\":\"Klemmbausteine\",\"item\":\"https:\\\/\\\/theuncommonshop.ch\\\/produktkategorie\\\/spielzeug\\\/klemmbausteine\\\/\"},{\"@type\":\"ListItem\",\"position\":5,\"name\":\"Pok\u00e9mon &#8211; MEGA &#8211; Glumanda Pixel Art Set\"}]},{\"@type\":\"WebSite\",\"@id\":\"https:\\\/\\\/theuncommonshop.ch\\\/#website\",\"url\":\"https:\\\/\\\/theuncommonshop.ch\\\/\",\"name\":\"Largest trading card shop in Switzerland\",\"description\":\"Magic, Pok\u00e9mon and Yu-gi-oh - The Uncommon Shop\",\"potentialAction\":[{\"@type\":\"SearchAction\",\"target\":{\"@type\":\"EntryPoint\",\"urlTemplate\":\"https:\\\/\\\/theuncommonshop.ch\\\/?s={search_term_string}\"},\"query-input\":{\"@type\":\"PropertyValueSpecification\",\"valueRequired\":true,\"valueName\":\"search_term_string\"}}],\"inLanguage\":\"en-US\"}]}<\/script>\n<meta property=\"product:price:amount\" content=\"24.95\" \/>\n<meta property=\"product:price:currency\" content=\"CHF\" \/>\n<meta property=\"og:availability\" content=\"out of stock\" \/>\n<meta property=\"product:availability\" content=\"out of stock\" \/>\n<meta property=\"product:retailer_item_id\" content=\"Zub.XI.GlumandaMEGA\" \/>\n<meta property=\"product:condition\" content=\"new\" \/>\n<!-- \/ Yoast SEO plugin. -->","yoast_head_json":{"title":"Buy Pok\u00e9mon - MEGA - Glumanda Pixel Art Set","description":"Shop Pok\u00e9mon - MEGA - Glumanda Pixel Art Set online at great prices now! Your #1 TCG & Pok\u00e9mon card shop in Switzerland \u2713 Free shipping from CHF 29","robots":{"index":"index","follow":"follow","max-snippet":"max-snippet:-1","max-image-preview":"max-image-preview:large","max-video-preview":"max-video-preview:-1"},"canonical":"https:\/\/theuncommonshop.ch\/en\/product\/pokemon-mega-glumanda-pixel-art-set-3\/","og_locale":"en_US","og_type":"article","og_title":"Buy Pok\u00e9mon - MEGA - Glumanda Pixel Art Set","og_description":"Shop Pok\u00e9mon - MEGA - Glumanda Pixel Art Set online at great prices now! Your #1 TCG & Pok\u00e9mon card shop in Switzerland \u2713 Free shipping from CHF 29","og_url":"https:\/\/theuncommonshop.ch\/en\/product\/pokemon-mega-glumanda-pixel-art-set-3\/","og_site_name":"Largest trading card shop in Switzerland","article_modified_time":"2026-03-29T16:01:07+00:00","og_image":[{"width":594,"height":778,"url":"https:\/\/theuncommonshop.ch\/wp-content\/uploads\/2025\/06\/4617407241.jpg","type":"image\/jpeg"}],"twitter_card":"summary_large_image","twitter_misc":{"Price":"&#67;&#72;&#70;&nbsp;24.95","Availability":"Out of stock"},"schema":{"@context":"https:\/\/schema.org","@graph":[{"@type":"WebPage","@id":"https:\/\/theuncommonshop.ch\/en\/product\/pokemon-mega-glumanda-pixel-art-set-3\/","url":"https:\/\/theuncommonshop.ch\/en\/product\/pokemon-mega-glumanda-pixel-art-set-3\/","name":"Buy Pok\u00e9mon - MEGA - Glumanda Pixel Art Set","isPartOf":{"@id":"https:\/\/theuncommonshop.ch\/#website"},"primaryImageOfPage":{"@id":"https:\/\/theuncommonshop.ch\/en\/product\/pokemon-mega-glumanda-pixel-art-set-3\/#primaryimage"},"image":{"@id":"https:\/\/theuncommonshop.ch\/en\/product\/pokemon-mega-glumanda-pixel-art-set-3\/#primaryimage"},"thumbnailUrl":"https:\/\/theuncommonshop.ch\/wp-content\/uploads\/2025\/06\/4617407241.jpg","datePublished":"2025-06-04T17:16:28+00:00","dateModified":"2026-03-29T16:01:07+00:00","description":"Shop Pok\u00e9mon - MEGA - Glumanda Pixel Art Set online at great prices now! Your #1 TCG & Pok\u00e9mon card shop in Switzerland \u2713 Free shipping from CHF 29","breadcrumb":{"@id":"https:\/\/theuncommonshop.ch\/en\/product\/pokemon-mega-glumanda-pixel-art-set-3\/#breadcrumb"},"inLanguage":"en-US","potentialAction":[{"@type":"ReadAction","target":["https:\/\/theuncommonshop.ch\/en\/product\/pokemon-mega-glumanda-pixel-art-set-3\/"]}]},{"@type":"ImageObject","inLanguage":"en-US","@id":"https:\/\/theuncommonshop.ch\/en\/product\/pokemon-mega-glumanda-pixel-art-set-3\/#primaryimage","url":"https:\/\/theuncommonshop.ch\/wp-content\/uploads\/2025\/06\/4617407241.jpg","contentUrl":"https:\/\/theuncommonshop.ch\/wp-content\/uploads\/2025\/06\/4617407241.jpg","width":594,"height":778},{"@type":"BreadcrumbList","@id":"https:\/\/theuncommonshop.ch\/en\/product\/pokemon-mega-glumanda-pixel-art-set-3\/#breadcrumb","itemListElement":[{"@type":"ListItem","position":1,"name":"Home","item":"https:\/\/theuncommonshop.ch\/en\/home\/"},{"@type":"ListItem","position":2,"name":"Store","item":"https:\/\/theuncommonshop.ch\/en\/store\/"},{"@type":"ListItem","position":3,"name":"Spielzeug","item":"https:\/\/theuncommonshop.ch\/produktkategorie\/spielzeug\/"},{"@type":"ListItem","position":4,"name":"Klemmbausteine","item":"https:\/\/theuncommonshop.ch\/produktkategorie\/spielzeug\/klemmbausteine\/"},{"@type":"ListItem","position":5,"name":"Pok\u00e9mon &#8211; MEGA &#8211; Glumanda Pixel Art Set"}]},{"@type":"WebSite","@id":"https:\/\/theuncommonshop.ch\/#website","url":"https:\/\/theuncommonshop.ch\/","name":"Largest trading card shop in Switzerland","description":"Magic, Pok\u00e9mon and Yu-gi-oh - The Uncommon Shop","potentialAction":[{"@type":"SearchAction","target":{"@type":"EntryPoint","urlTemplate":"https:\/\/theuncommonshop.ch\/?s={search_term_string}"},"query-input":{"@type":"PropertyValueSpecification","valueRequired":true,"valueName":"search_term_string"}}],"inLanguage":"en-US"}]},"product_price_amount":"24.95","product_price_currency":"CHF","og_availability":"out of stock","product_availability":"out of stock","product_retailer_item_id":"Zub.XI.GlumandaMEGA","product_condition":"new"},"_links":{"self":[{"href":"https:\/\/theuncommonshop.ch\/en\/wp-json\/wp\/v2\/product\/323471","targetHints":{"allow":["GET"]}}],"collection":[{"href":"https:\/\/theuncommonshop.ch\/en\/wp-json\/wp\/v2\/product"}],"about":[{"href":"https:\/\/theuncommonshop.ch\/en\/wp-json\/wp\/v2\/types\/product"}],"replies":[{"embeddable":true,"href":"https:\/\/theuncommonshop.ch\/en\/wp-json\/wp\/v2\/comments?post=323471"}],"version-history":[{"count":1,"href":"https:\/\/theuncommonshop.ch\/en\/wp-json\/wp\/v2\/product\/323471\/revisions"}],"predecessor-version":[{"id":323473,"href":"https:\/\/theuncommonshop.ch\/en\/wp-json\/wp\/v2\/product\/323471\/revisions\/323473"}],"wp:featuredmedia":[{"embeddable":true,"href":"https:\/\/theuncommonshop.ch\/en\/wp-json\/wp\/v2\/media\/118100"}],"wp:attachment":[{"href":"https:\/\/theuncommonshop.ch\/en\/wp-json\/wp\/v2\/media?parent=323471"}],"wp:term":[{"taxonomy":"product_brand","embeddable":true,"href":"https:\/\/theuncommonshop.ch\/en\/wp-json\/wp\/v2\/product_brand?post=323471"},{"taxonomy":"product_cat","embeddable":true,"href":"https:\/\/theuncommonshop.ch\/en\/wp-json\/wp\/v2\/product_cat?post=323471"},{"taxonomy":"product_tag","embeddable":true,"href":"https:\/\/theuncommonshop.ch\/en\/wp-json\/wp\/v2\/product_tag?post=323471"}],"curies":[{"name":"wp","href":"https:\/\/api.w.org\/{rel}","templated":true}]}}