{"id":323383,"date":"2025-06-04T13:20:15","date_gmt":"2025-06-04T13:20:15","guid":{"rendered":"http:\/\/theuncommonshop.ch\/produkt\/323383\/"},"modified":"2026-03-29T18:29:24","modified_gmt":"2026-03-29T16:29:24","slug":"pokemon-ultra-pro-playmat-abra-evolutions-2","status":"publish","type":"product","link":"https:\/\/theuncommonshop.ch\/en\/product\/pokemon-ultra-pro-playmat-abra-evolutions-2\/","title":{"rendered":"Pok\u00e9mon Ultra Pro &#8211; Playmat &#8211; Abra Evolutions"},"content":{"rendered":"<p><strong>Officially licensed Pok\u00e9mon Trading Cards game mat from Ultra Pro with Abra and his Evolutions Kadabra and Alakazam!<\/strong><\/p>\n<p>The playing mat has a soft fabric surface so that the cards are not damaged during play and a non-slip rubber backing so that the playing mat does not slip during use. The stitched edges provide an additional high-quality feel.   <\/p>\n<p>Measuring approx. 24 x 13.5 inches, the play mat is also ideal as an oversized mouse pad for the home or office.<\/p>\n<p><strong>This Playmat provides a first-class feeling!<\/strong><\/p>\n<ul>\n<li>Stitched edges offer an additional premium feel<\/li>\n<li>Approximately 24 inches x 13.5 inches in size and lying flat<\/li>\n<li>The soft fabric surface protects the cards during play<\/li>\n<li>The non-slip rubber back prevents the play mat from slipping during use<\/li>\n<li>Excellent as an oversized mouse pad for your home or office<\/li>\n<\/ul>\n","protected":false},"excerpt":{"rendered":"<p>Officially licensed Pok\u00e9mon Trading Cards game mat from Ultra Pro with Abra and his Evolutions Kadabra and Alakazam! The playing<\/p>\n","protected":false},"featured_media":112587,"comment_status":"open","ping_status":"closed","template":"","meta":{"_acf_changed":false},"product_brand":[5115,5099],"product_cat":[10034,9864,10270,9858],"product_tag":[],"class_list":{"0":"post-323383","1":"product","2":"type-product","3":"status-publish","4":"has-post-thumbnail","6":"product_brand-pokemon","7":"product_brand-ultra-pro","8":"product_cat-artworks","9":"product_cat-playmats-en","10":"product_cat-pokemon-playmats","11":"product_cat-tcg-accessories","13":"first","14":"outofstock","15":"taxable","16":"shipping-taxable","17":"purchasable","18":"product-type-simple"},"acf":[],"yoast_head":"<!-- This site is optimized with the Yoast SEO plugin v27.4 - https:\/\/yoast.com\/product\/yoast-seo-wordpress\/ -->\n<title>Buy Pok\u00e9mon Ultra Pro - Playmat - Abra Evolutions<\/title>\n<meta name=\"description\" content=\"Shop Pok\u00e9mon Ultra Pro - Playmat - Abra Evolutions online at great prices now! Your #1 TCG &amp; Pok\u00e9mon card shop in Switzerland \u2713 Free shipping from CHF 29\" \/>\n<meta name=\"robots\" content=\"index, follow, max-snippet:-1, max-image-preview:large, max-video-preview:-1\" \/>\n<link rel=\"canonical\" href=\"https:\/\/theuncommonshop.ch\/en\/product\/pokemon-ultra-pro-playmat-abra-evolutions-2\/\" \/>\n<meta property=\"og:locale\" content=\"en_US\" \/>\n<meta property=\"og:type\" content=\"article\" \/>\n<meta property=\"og:title\" content=\"Buy Pok\u00e9mon Ultra Pro - Playmat - Abra Evolutions\" \/>\n<meta property=\"og:description\" content=\"Shop Pok\u00e9mon Ultra Pro - Playmat - Abra Evolutions online at great prices now! Your #1 TCG &amp; Pok\u00e9mon card shop in Switzerland \u2713 Free shipping from CHF 29\" \/>\n<meta property=\"og:url\" content=\"https:\/\/theuncommonshop.ch\/en\/product\/pokemon-ultra-pro-playmat-abra-evolutions-2\/\" \/>\n<meta property=\"og:site_name\" content=\"The Uncommon Shop\" \/>\n<meta property=\"article:modified_time\" content=\"2026-03-29T16:29:24+00:00\" \/>\n<meta property=\"og:image\" content=\"https:\/\/theuncommonshop.ch\/wp-content\/uploads\/2025\/06\/4444469365.jpg\" \/>\n\t<meta property=\"og:image:width\" content=\"1392\" \/>\n\t<meta property=\"og:image:height\" content=\"838\" \/>\n\t<meta property=\"og:image:type\" content=\"image\/jpeg\" \/>\n<meta name=\"twitter:card\" content=\"summary_large_image\" \/>\n<meta name=\"twitter:label1\" content=\"Price\" \/>\n\t<meta name=\"twitter:data1\" content=\"&#067;&#072;&#070;&nbsp;29.90\" \/>\n\t<meta name=\"twitter:label2\" content=\"Availability\" \/>\n\t<meta name=\"twitter:data2\" content=\"Out of stock\" \/>\n<script type=\"application\/ld+json\" class=\"yoast-schema-graph\">{\"@context\":\"https:\\\/\\\/schema.org\",\"@graph\":[{\"@type\":\"WebPage\",\"@id\":\"https:\\\/\\\/theuncommonshop.ch\\\/en\\\/product\\\/pokemon-ultra-pro-playmat-abra-evolutions-2\\\/\",\"url\":\"https:\\\/\\\/theuncommonshop.ch\\\/en\\\/product\\\/pokemon-ultra-pro-playmat-abra-evolutions-2\\\/\",\"name\":\"Buy Pok\u00e9mon Ultra Pro - Playmat - Abra Evolutions\",\"isPartOf\":{\"@id\":\"https:\\\/\\\/theuncommonshop.ch\\\/en\\\/#website\"},\"primaryImageOfPage\":{\"@id\":\"https:\\\/\\\/theuncommonshop.ch\\\/en\\\/product\\\/pokemon-ultra-pro-playmat-abra-evolutions-2\\\/#primaryimage\"},\"image\":{\"@id\":\"https:\\\/\\\/theuncommonshop.ch\\\/en\\\/product\\\/pokemon-ultra-pro-playmat-abra-evolutions-2\\\/#primaryimage\"},\"thumbnailUrl\":\"https:\\\/\\\/theuncommonshop.ch\\\/wp-content\\\/uploads\\\/2025\\\/06\\\/4444469365.jpg\",\"datePublished\":\"2025-06-04T13:20:15+00:00\",\"dateModified\":\"2026-03-29T16:29:24+00:00\",\"description\":\"Shop Pok\u00e9mon Ultra Pro - Playmat - Abra Evolutions online at great prices now! Your #1 TCG & Pok\u00e9mon card shop in Switzerland \u2713 Free shipping from CHF 29\",\"breadcrumb\":{\"@id\":\"https:\\\/\\\/theuncommonshop.ch\\\/en\\\/product\\\/pokemon-ultra-pro-playmat-abra-evolutions-2\\\/#breadcrumb\"},\"inLanguage\":\"en-US\",\"potentialAction\":[{\"@type\":\"ReadAction\",\"target\":[\"https:\\\/\\\/theuncommonshop.ch\\\/en\\\/product\\\/pokemon-ultra-pro-playmat-abra-evolutions-2\\\/\"]}]},{\"@type\":\"ImageObject\",\"inLanguage\":\"en-US\",\"@id\":\"https:\\\/\\\/theuncommonshop.ch\\\/en\\\/product\\\/pokemon-ultra-pro-playmat-abra-evolutions-2\\\/#primaryimage\",\"url\":\"https:\\\/\\\/theuncommonshop.ch\\\/wp-content\\\/uploads\\\/2025\\\/06\\\/4444469365.jpg\",\"contentUrl\":\"https:\\\/\\\/theuncommonshop.ch\\\/wp-content\\\/uploads\\\/2025\\\/06\\\/4444469365.jpg\",\"width\":1392,\"height\":838},{\"@type\":\"BreadcrumbList\",\"@id\":\"https:\\\/\\\/theuncommonshop.ch\\\/en\\\/product\\\/pokemon-ultra-pro-playmat-abra-evolutions-2\\\/#breadcrumb\",\"itemListElement\":[{\"@type\":\"ListItem\",\"position\":1,\"name\":\"Home\",\"item\":\"https:\\\/\\\/theuncommonshop.ch\\\/en\\\/home\\\/\"},{\"@type\":\"ListItem\",\"position\":2,\"name\":\"Store\",\"item\":\"https:\\\/\\\/theuncommonshop.ch\\\/en\\\/store\\\/\"},{\"@type\":\"ListItem\",\"position\":3,\"name\":\"TCG Accessories\",\"item\":\"https:\\\/\\\/theuncommonshop.ch\\\/en\\\/product-category\\\/tcg-accessories\\\/\"},{\"@type\":\"ListItem\",\"position\":4,\"name\":\"Playmats\",\"item\":\"https:\\\/\\\/theuncommonshop.ch\\\/en\\\/product-category\\\/tcg-accessories\\\/playmats-en\\\/\"},{\"@type\":\"ListItem\",\"position\":5,\"name\":\"Artworks\",\"item\":\"https:\\\/\\\/theuncommonshop.ch\\\/en\\\/product-category\\\/tcg-accessories\\\/playmats-en\\\/artworks\\\/\"},{\"@type\":\"ListItem\",\"position\":6,\"name\":\"Pok\u00e9mon Ultra Pro &#8211; Playmat &#8211; Abra Evolutions\"}]},{\"@type\":\"WebSite\",\"@id\":\"https:\\\/\\\/theuncommonshop.ch\\\/en\\\/#website\",\"url\":\"https:\\\/\\\/theuncommonshop.ch\\\/en\\\/\",\"name\":\"The Uncommon Shop\",\"description\":\"Magic, Pok\u00e9mon and Yu-gi-oh - The Uncommon Shop\",\"potentialAction\":[{\"@type\":\"SearchAction\",\"target\":{\"@type\":\"EntryPoint\",\"urlTemplate\":\"https:\\\/\\\/theuncommonshop.ch\\\/en\\\/?s={search_term_string}\"},\"query-input\":{\"@type\":\"PropertyValueSpecification\",\"valueRequired\":true,\"valueName\":\"search_term_string\"}}],\"inLanguage\":\"en-US\"}]}<\/script>\n<meta property=\"product:price:amount\" content=\"29.90\" \/>\n<meta property=\"product:price:currency\" content=\"CHF\" \/>\n<meta property=\"og:availability\" content=\"out of stock\" \/>\n<meta property=\"product:availability\" content=\"out of stock\" \/>\n<meta property=\"product:retailer_item_id\" content=\"ZU.XVIII.D.SpielMatAbraEvol\" \/>\n<meta property=\"product:condition\" content=\"new\" \/>\n<!-- \/ Yoast SEO plugin. -->","yoast_head_json":{"title":"Buy Pok\u00e9mon Ultra Pro - Playmat - Abra Evolutions","description":"Shop Pok\u00e9mon Ultra Pro - Playmat - Abra Evolutions online at great prices now! Your #1 TCG & Pok\u00e9mon card shop in Switzerland \u2713 Free shipping from CHF 29","robots":{"index":"index","follow":"follow","max-snippet":"max-snippet:-1","max-image-preview":"max-image-preview:large","max-video-preview":"max-video-preview:-1"},"canonical":"https:\/\/theuncommonshop.ch\/en\/product\/pokemon-ultra-pro-playmat-abra-evolutions-2\/","og_locale":"en_US","og_type":"article","og_title":"Buy Pok\u00e9mon Ultra Pro - Playmat - Abra Evolutions","og_description":"Shop Pok\u00e9mon Ultra Pro - Playmat - Abra Evolutions online at great prices now! Your #1 TCG & Pok\u00e9mon card shop in Switzerland \u2713 Free shipping from CHF 29","og_url":"https:\/\/theuncommonshop.ch\/en\/product\/pokemon-ultra-pro-playmat-abra-evolutions-2\/","og_site_name":"The Uncommon Shop","article_modified_time":"2026-03-29T16:29:24+00:00","og_image":[{"width":1392,"height":838,"url":"https:\/\/theuncommonshop.ch\/wp-content\/uploads\/2025\/06\/4444469365.jpg","type":"image\/jpeg"}],"twitter_card":"summary_large_image","twitter_misc":{"Price":"&#67;&#72;&#70;&nbsp;29.90","Availability":"Out of stock"},"schema":{"@context":"https:\/\/schema.org","@graph":[{"@type":"WebPage","@id":"https:\/\/theuncommonshop.ch\/en\/product\/pokemon-ultra-pro-playmat-abra-evolutions-2\/","url":"https:\/\/theuncommonshop.ch\/en\/product\/pokemon-ultra-pro-playmat-abra-evolutions-2\/","name":"Buy Pok\u00e9mon Ultra Pro - Playmat - Abra Evolutions","isPartOf":{"@id":"https:\/\/theuncommonshop.ch\/en\/#website"},"primaryImageOfPage":{"@id":"https:\/\/theuncommonshop.ch\/en\/product\/pokemon-ultra-pro-playmat-abra-evolutions-2\/#primaryimage"},"image":{"@id":"https:\/\/theuncommonshop.ch\/en\/product\/pokemon-ultra-pro-playmat-abra-evolutions-2\/#primaryimage"},"thumbnailUrl":"https:\/\/theuncommonshop.ch\/wp-content\/uploads\/2025\/06\/4444469365.jpg","datePublished":"2025-06-04T13:20:15+00:00","dateModified":"2026-03-29T16:29:24+00:00","description":"Shop Pok\u00e9mon Ultra Pro - Playmat - Abra Evolutions online at great prices now! Your #1 TCG & Pok\u00e9mon card shop in Switzerland \u2713 Free shipping from CHF 29","breadcrumb":{"@id":"https:\/\/theuncommonshop.ch\/en\/product\/pokemon-ultra-pro-playmat-abra-evolutions-2\/#breadcrumb"},"inLanguage":"en-US","potentialAction":[{"@type":"ReadAction","target":["https:\/\/theuncommonshop.ch\/en\/product\/pokemon-ultra-pro-playmat-abra-evolutions-2\/"]}]},{"@type":"ImageObject","inLanguage":"en-US","@id":"https:\/\/theuncommonshop.ch\/en\/product\/pokemon-ultra-pro-playmat-abra-evolutions-2\/#primaryimage","url":"https:\/\/theuncommonshop.ch\/wp-content\/uploads\/2025\/06\/4444469365.jpg","contentUrl":"https:\/\/theuncommonshop.ch\/wp-content\/uploads\/2025\/06\/4444469365.jpg","width":1392,"height":838},{"@type":"BreadcrumbList","@id":"https:\/\/theuncommonshop.ch\/en\/product\/pokemon-ultra-pro-playmat-abra-evolutions-2\/#breadcrumb","itemListElement":[{"@type":"ListItem","position":1,"name":"Home","item":"https:\/\/theuncommonshop.ch\/en\/home\/"},{"@type":"ListItem","position":2,"name":"Store","item":"https:\/\/theuncommonshop.ch\/en\/store\/"},{"@type":"ListItem","position":3,"name":"TCG Accessories","item":"https:\/\/theuncommonshop.ch\/en\/product-category\/tcg-accessories\/"},{"@type":"ListItem","position":4,"name":"Playmats","item":"https:\/\/theuncommonshop.ch\/en\/product-category\/tcg-accessories\/playmats-en\/"},{"@type":"ListItem","position":5,"name":"Artworks","item":"https:\/\/theuncommonshop.ch\/en\/product-category\/tcg-accessories\/playmats-en\/artworks\/"},{"@type":"ListItem","position":6,"name":"Pok\u00e9mon Ultra Pro &#8211; Playmat &#8211; Abra Evolutions"}]},{"@type":"WebSite","@id":"https:\/\/theuncommonshop.ch\/en\/#website","url":"https:\/\/theuncommonshop.ch\/en\/","name":"The Uncommon Shop","description":"Magic, Pok\u00e9mon and Yu-gi-oh - The Uncommon Shop","potentialAction":[{"@type":"SearchAction","target":{"@type":"EntryPoint","urlTemplate":"https:\/\/theuncommonshop.ch\/en\/?s={search_term_string}"},"query-input":{"@type":"PropertyValueSpecification","valueRequired":true,"valueName":"search_term_string"}}],"inLanguage":"en-US"}]},"product_price_amount":"29.90","product_price_currency":"CHF","og_availability":"out of stock","product_availability":"out of stock","product_retailer_item_id":"ZU.XVIII.D.SpielMatAbraEvol","product_condition":"new"},"_links":{"self":[{"href":"https:\/\/theuncommonshop.ch\/en\/wp-json\/wp\/v2\/product\/323383","targetHints":{"allow":["GET"]}}],"collection":[{"href":"https:\/\/theuncommonshop.ch\/en\/wp-json\/wp\/v2\/product"}],"about":[{"href":"https:\/\/theuncommonshop.ch\/en\/wp-json\/wp\/v2\/types\/product"}],"replies":[{"embeddable":true,"href":"https:\/\/theuncommonshop.ch\/en\/wp-json\/wp\/v2\/comments?post=323383"}],"version-history":[{"count":0,"href":"https:\/\/theuncommonshop.ch\/en\/wp-json\/wp\/v2\/product\/323383\/revisions"}],"wp:featuredmedia":[{"embeddable":true,"href":"https:\/\/theuncommonshop.ch\/en\/wp-json\/wp\/v2\/media\/112587"}],"wp:attachment":[{"href":"https:\/\/theuncommonshop.ch\/en\/wp-json\/wp\/v2\/media?parent=323383"}],"wp:term":[{"taxonomy":"product_brand","embeddable":true,"href":"https:\/\/theuncommonshop.ch\/en\/wp-json\/wp\/v2\/product_brand?post=323383"},{"taxonomy":"product_cat","embeddable":true,"href":"https:\/\/theuncommonshop.ch\/en\/wp-json\/wp\/v2\/product_cat?post=323383"},{"taxonomy":"product_tag","embeddable":true,"href":"https:\/\/theuncommonshop.ch\/en\/wp-json\/wp\/v2\/product_tag?post=323383"}],"curies":[{"name":"wp","href":"https:\/\/api.w.org\/{rel}","templated":true}]}}